{"id":38199,"date":"2021-09-30T10:02:15","date_gmt":"2021-09-30T10:02:15","guid":{"rendered":"https:\/\/lifenatura.dev.agenciagetdigital.com\/produto\/florales-de-bach-honeysuckle-20-ml\/"},"modified":"2026-02-02T11:10:37","modified_gmt":"2026-02-02T11:10:37","slug":"florales-de-bach-honeysuckle-20-ml","status":"publish","type":"product","link":"https:\/\/www.lifenatura.com\/es\/produto\/florales-de-bach-honeysuckle-20-ml\/","title":{"rendered":"Florales de Bach Honeysuckle 20 ml"},"content":{"rendered":"<p>Florales de Bach Floral de Bach Honeysuckle es aconsejado para los que viven en el pasado en vez de vivir en el presente. Para quien siente que sus mejores d\u00edas ya pasaron y que poco queda para venir. Como consecuencia, prefieren revivir las felicitaciones (o incluso los infortunios) del pasado. En menor medida, nostalgia y nostalgia son tambi\u00e9n estados que este floral ayuda a combatir. PRESENTACI\u00d3N 20 Ml.<\/p>\n","protected":false},"excerpt":{"rendered":"<p>Florales de Bach Floral de Bach Honeysuckle es aconsejado para los que viven en el pasado en vez de vivir en el presente. Para quien siente que sus mejores d\u00edas ya pasaron y que poco queda para venir. Como consecuencia, prefieren revivir las felicitaciones (o incluso los infortunios) del pasado. En menor medida, nostalgia y [&#8230;]<\/p>\n<p><a class=\"btn btn-secondary understrap-read-more-link\" href=\"https:\/\/www.lifenatura.com\/es\/produto\/florales-de-bach-honeysuckle-20-ml\/\">Leer m\u00e1s&#8230;<span class=\"screen-reader-text\"> from Florales de Bach Honeysuckle 20 ml<\/span><\/a><\/p>\n","protected":false},"featured_media":19800,"template":"","meta":{"_acf_changed":false},"product_brand":[8486],"product_cat":[7202,7179],"product_tag":[],"class_list":{"0":"post-38199","1":"product","2":"type-product","3":"status-publish","4":"has-post-thumbnail","6":"product_brand-florais-de-bach","7":"product_cat-flores-de-bach","8":"product_cat-salud","10":"first","11":"instock","12":"shipping-taxable","13":"purchasable","14":"product-type-simple","15":"add-to-wishlist-before_image"},"acf":[],"yoast_head":"<!-- This site is optimized with the Yoast SEO Premium plugin v27.1 (Yoast SEO v27.3) - https:\/\/yoast.com\/product\/yoast-seo-premium-wordpress\/ -->\n<title>Florales de Bach Honeysuckle 20 ml<\/title>\n<meta name=\"description\" content=\"Floral de Bach Honeysuckle es aconsejado para los que viven en el pasado en vez de vivir en el presente.\" \/>\n<meta name=\"robots\" content=\"index, follow, max-snippet:-1, max-image-preview:large, max-video-preview:-1\" \/>\n<link rel=\"canonical\" href=\"https:\/\/www.lifenatura.com\/es\/produto\/florales-de-bach-honeysuckle-20-ml\/\" \/>\n<meta property=\"og:locale\" content=\"es_ES\" \/>\n<meta property=\"og:type\" content=\"article\" \/>\n<meta property=\"og:title\" content=\"Florales de Bach Honeysuckle 20 ml - Lifenatura\" \/>\n<meta property=\"og:description\" content=\"Compre aqui o seu Florales de Bach Honeysuckle 20 ml e a Lifenatura Online envia em 48 H com Portes Gratis &gt;35\u20ac de Pedido.\" \/>\n<meta property=\"og:url\" content=\"https:\/\/www.lifenatura.com\/es\/produto\/florales-de-bach-honeysuckle-20-ml\/\" \/>\n<meta property=\"og:site_name\" content=\"Lifenatura\" \/>\n<meta property=\"article:publisher\" content=\"https:\/\/www.facebook.com\/lifenatura\" \/>\n<meta property=\"article:modified_time\" content=\"2026-02-02T11:10:37+00:00\" \/>\n<meta property=\"og:image\" content=\"https:\/\/www.lifenatura.com\/wp-content\/uploads\/2021\/09\/gd_floral-de-bach-honeysuckle-20ml.jpg\" \/>\n\t<meta property=\"og:image:width\" content=\"1000\" \/>\n\t<meta property=\"og:image:height\" content=\"1000\" \/>\n\t<meta property=\"og:image:type\" content=\"image\/jpeg\" \/>\n<meta name=\"twitter:card\" content=\"summary_large_image\" \/>\n<meta name=\"twitter:label1\" content=\"Precio\" \/>\n\t<meta name=\"twitter:data1\" content=\"12,90&nbsp;&euro;\" \/>\n\t<meta name=\"twitter:label2\" content=\"Disponibilidad\" \/>\n\t<meta name=\"twitter:data2\" content=\"Disponible\" \/>\n<meta property=\"product:price:amount\" content=\"12.90\" \/>\n<meta property=\"product:price:currency\" content=\"EUR\" \/>\n<meta property=\"og:availability\" content=\"instock\" \/>\n<meta property=\"product:availability\" content=\"instock\" \/>\n<meta property=\"product:retailer_item_id\" content=\"5000488103168\" \/>\n<meta property=\"product:condition\" content=\"new\" \/>\n<!-- \/ Yoast SEO Premium plugin. -->","yoast_head_json":{"title":"Florales de Bach Honeysuckle 20 ml","description":"Floral de Bach Honeysuckle es aconsejado para los que viven en el pasado en vez de vivir en el presente.","robots":{"index":"index","follow":"follow","max-snippet":"max-snippet:-1","max-image-preview":"max-image-preview:large","max-video-preview":"max-video-preview:-1"},"canonical":"https:\/\/www.lifenatura.com\/es\/produto\/florales-de-bach-honeysuckle-20-ml\/","og_locale":"es_ES","og_type":"article","og_title":"Florales de Bach Honeysuckle 20 ml - Lifenatura","og_description":"Compre aqui o seu Florales de Bach Honeysuckle 20 ml e a Lifenatura Online envia em 48 H com Portes Gratis >35\u20ac de Pedido.","og_url":"https:\/\/www.lifenatura.com\/es\/produto\/florales-de-bach-honeysuckle-20-ml\/","og_site_name":"Lifenatura","article_publisher":"https:\/\/www.facebook.com\/lifenatura","article_modified_time":"2026-02-02T11:10:37+00:00","og_image":[{"width":1000,"height":1000,"url":"https:\/\/www.lifenatura.com\/wp-content\/uploads\/2021\/09\/gd_floral-de-bach-honeysuckle-20ml.jpg","type":"image\/jpeg"}],"twitter_card":"summary_large_image","twitter_misc":{"Precio":"12,90&nbsp;&euro;","Disponibilidad":"Disponible"},"schema":{"@context":"https:\/\/schema.org","@graph":[{"@type":"WebPage","@id":"https:\/\/www.lifenatura.com\/es\/produto\/florales-de-bach-honeysuckle-20-ml\/","url":"https:\/\/www.lifenatura.com\/es\/produto\/florales-de-bach-honeysuckle-20-ml\/","name":"Florales de Bach Honeysuckle 20 ml","isPartOf":{"@id":"https:\/\/www.lifenatura.com\/es\/#website"},"primaryImageOfPage":{"@id":"https:\/\/www.lifenatura.com\/es\/produto\/florales-de-bach-honeysuckle-20-ml\/#primaryimage"},"image":{"@id":"https:\/\/www.lifenatura.com\/es\/produto\/florales-de-bach-honeysuckle-20-ml\/#primaryimage"},"thumbnailUrl":"https:\/\/www.lifenatura.com\/wp-content\/uploads\/2021\/09\/gd_floral-de-bach-honeysuckle-20ml.jpg","datePublished":"2021-09-30T10:02:15+00:00","dateModified":"2026-02-02T11:10:37+00:00","description":"Floral de Bach Honeysuckle es aconsejado para los que viven en el pasado en vez de vivir en el presente.","breadcrumb":{"@id":"https:\/\/www.lifenatura.com\/es\/produto\/florales-de-bach-honeysuckle-20-ml\/#breadcrumb"},"inLanguage":"es","potentialAction":[{"@type":"ReadAction","target":["https:\/\/www.lifenatura.com\/es\/produto\/florales-de-bach-honeysuckle-20-ml\/"]}]},{"@type":"ImageObject","inLanguage":"es","@id":"https:\/\/www.lifenatura.com\/es\/produto\/florales-de-bach-honeysuckle-20-ml\/#primaryimage","url":"https:\/\/www.lifenatura.com\/wp-content\/uploads\/2021\/09\/gd_floral-de-bach-honeysuckle-20ml.jpg","contentUrl":"https:\/\/www.lifenatura.com\/wp-content\/uploads\/2021\/09\/gd_floral-de-bach-honeysuckle-20ml.jpg","width":1000,"height":1000,"caption":"Florales de Bach Honeysuckle 20 ml"},{"@type":"BreadcrumbList","@id":"https:\/\/www.lifenatura.com\/es\/produto\/florales-de-bach-honeysuckle-20-ml\/#breadcrumb","itemListElement":[{"@type":"ListItem","position":1,"name":"In\u00edcio","item":"https:\/\/www.lifenatura.com\/es\/"},{"@type":"ListItem","position":2,"name":"Todos los Productos","item":"https:\/\/www.lifenatura.com\/es\/tienda\/"},{"@type":"ListItem","position":3,"name":"Florales de Bach Honeysuckle 20 ml"}]},{"@type":"WebSite","@id":"https:\/\/www.lifenatura.com\/es\/#website","url":"https:\/\/www.lifenatura.com\/es\/","name":"Lifenatura","description":"A Lifenatura \u00e9 uma loja de produtos naturais, cosm\u00e9tica natural e alimenta\u00e7\u00e3o Biol\u00f3gica.","publisher":{"@id":"https:\/\/www.lifenatura.com\/es\/#organization"},"potentialAction":[{"@type":"SearchAction","target":{"@type":"EntryPoint","urlTemplate":"https:\/\/www.lifenatura.com\/es\/?s={search_term_string}"},"query-input":{"@type":"PropertyValueSpecification","valueRequired":true,"valueName":"search_term_string"}}],"inLanguage":"es"},{"@type":"Organization","@id":"https:\/\/www.lifenatura.com\/es\/#organization","name":"Lifenatura","url":"https:\/\/www.lifenatura.com\/es\/","logo":{"@type":"ImageObject","inLanguage":"es","@id":"https:\/\/www.lifenatura.com\/es\/#\/schema\/logo\/image\/","url":"https:\/\/www.lifenatura.com\/wp-content\/uploads\/2021\/11\/logo.png","contentUrl":"https:\/\/www.lifenatura.com\/wp-content\/uploads\/2021\/11\/logo.png","width":175,"height":55,"caption":"Lifenatura"},"image":{"@id":"https:\/\/www.lifenatura.com\/es\/#\/schema\/logo\/image\/"},"sameAs":["https:\/\/www.facebook.com\/lifenatura","https:\/\/www.instagram.com\/lifenaturapt\/"]}]},"product_price_amount":"12.90","product_price_currency":"EUR","og_availability":"instock","product_availability":"instock","product_retailer_item_id":"5000488103168","product_condition":"new"},"df_price":12.9,"df_sale_price":"","df_regular_price":12.9,"df_image_link":"https:\/\/www.lifenatura.com\/wp-content\/uploads\/2021\/09\/gd_floral-de-bach-honeysuckle-20ml-300x300.jpg","_links":{"self":[{"href":"https:\/\/www.lifenatura.com\/es\/wp-json\/wp\/v2\/product\/38199","targetHints":{"allow":["GET"]}}],"collection":[{"href":"https:\/\/www.lifenatura.com\/es\/wp-json\/wp\/v2\/product"}],"about":[{"href":"https:\/\/www.lifenatura.com\/es\/wp-json\/wp\/v2\/types\/product"}],"wp:featuredmedia":[{"embeddable":true,"href":"https:\/\/www.lifenatura.com\/es\/wp-json\/wp\/v2\/media\/19800"}],"wp:attachment":[{"href":"https:\/\/www.lifenatura.com\/es\/wp-json\/wp\/v2\/media?parent=38199"}],"wp:term":[{"taxonomy":"product_brand","embeddable":true,"href":"https:\/\/www.lifenatura.com\/es\/wp-json\/wp\/v2\/product_brand?post=38199"},{"taxonomy":"product_cat","embeddable":true,"href":"https:\/\/www.lifenatura.com\/es\/wp-json\/wp\/v2\/product_cat?post=38199"},{"taxonomy":"product_tag","embeddable":true,"href":"https:\/\/www.lifenatura.com\/es\/wp-json\/wp\/v2\/product_tag?post=38199"}],"curies":[{"name":"wp","href":"https:\/\/api.w.org\/{rel}","templated":true}]}}