{"id":38157,"date":"2021-09-30T10:01:31","date_gmt":"2021-09-30T10:01:31","guid":{"rendered":"https:\/\/lifenatura.dev.agenciagetdigital.com\/produto\/vikabet-60-comprimidos-fharmonat\/"},"modified":"2026-05-16T00:23:50","modified_gmt":"2026-05-16T00:23:50","slug":"vikabet-60-comprimidos-fharmonat","status":"publish","type":"product","link":"https:\/\/www.lifenatura.com\/es\/produto\/vikabet-60-comprimidos-fharmonat\/","title":{"rendered":"Vikabet 60 comprimidos &#8211; Fharmonat"},"content":{"rendered":"<p>Indicado para la diabetes Vikabet contiene el Ginkgo Biloba act\u00faa sobre la circulaci\u00f3n en varios niveles, mejorando la irrigaci\u00f3n perif\u00e9rica, activando el metabolismo celular y disminuyendo el riesgo de trombosis. En la mayor\u00eda de los casos, se trata de un receptor de radicales libres, inhibiendo la oxidaci\u00f3n lip\u00eddica de las membranas. Ginkgo Biloba aumenta la resistencia de los capilares y la oxigenaci\u00f3n de los tejidos, previene la peroxidaci\u00f3n lip\u00eddica causada por los radicales libres, evitando la p\u00e9rdida de memoria y la decadencia de las funciones cognitivas. PRESENTACI\u00d3N 60 C\u00e1psulas.<\/p>\n","protected":false},"excerpt":{"rendered":"<p>Indicado para la diabetes Vikabet contiene el Ginkgo Biloba act\u00faa sobre la circulaci\u00f3n en varios niveles, mejorando la irrigaci\u00f3n perif\u00e9rica, activando el metabolismo celular y disminuyendo el riesgo de trombosis. En la mayor\u00eda de los casos, se trata de un receptor de radicales libres, inhibiendo la oxidaci\u00f3n lip\u00eddica de las membranas. Ginkgo Biloba aumenta la [&#8230;]<\/p>\n<p><a class=\"btn btn-secondary understrap-read-more-link\" href=\"https:\/\/www.lifenatura.com\/es\/produto\/vikabet-60-comprimidos-fharmonat\/\">Leer m\u00e1s&#8230;<span class=\"screen-reader-text\"> from Vikabet 60 comprimidos &#8211; Fharmonat<\/span><\/a><\/p>\n","protected":false},"featured_media":19758,"template":"","meta":{"_acf_changed":false},"product_brand":[8287],"product_cat":[7224,7179],"product_tag":[8705],"class_list":{"0":"post-38157","1":"product","2":"type-product","3":"status-publish","4":"has-post-thumbnail","6":"product_brand-fharmonat","7":"product_cat-diabetes-salud","8":"product_cat-salud","9":"product_tag-fharmonat","11":"first","12":"instock","13":"shipping-taxable","14":"purchasable","15":"product-type-simple","16":"add-to-wishlist-before_image"},"acf":[],"yoast_head":"<!-- This site is optimized with the Yoast SEO Premium plugin v27.1 (Yoast SEO v27.6) - https:\/\/yoast.com\/product\/yoast-seo-premium-wordpress\/ -->\n<title>Vikabet 60 comprimidos - Fharmonat - Na Lifenatura ao Melhor Pre\u00e7o | Envio em 48h<\/title>\n<meta name=\"description\" content=\"Vikabet es indicado para la diabetes mellitus I y II (controla los valores), trastornos pancre\u00e1ticos (mejora el funcionamiento pancre\u00e1tico) e hipercolesterolemia (evita la transformaci\u00f3n de los az\u00facares en grasas).\" \/>\n<meta name=\"robots\" content=\"index, follow, max-snippet:-1, max-image-preview:large, max-video-preview:-1\" \/>\n<link rel=\"canonical\" href=\"https:\/\/www.lifenatura.com\/es\/produto\/vikabet-60-comprimidos-fharmonat\/\" \/>\n<meta property=\"og:locale\" content=\"es_ES\" \/>\n<meta property=\"og:type\" content=\"article\" \/>\n<meta property=\"og:title\" content=\"Vikabet 60 comprimidos - Fharmonat - Na Lifenatura ao Melhor Pre\u00e7o | Envio 48h\" \/>\n<meta property=\"og:description\" content=\"Compre Vikabet 60 comprimidos - Fharmonat com envio r\u00e1pido. Entrega em 48h e portes gr\u00e1tis em compras &gt;35\u20ac. Aproveite j\u00e1 na Lifenatura\" \/>\n<meta property=\"og:url\" content=\"https:\/\/www.lifenatura.com\/es\/produto\/vikabet-60-comprimidos-fharmonat\/\" \/>\n<meta property=\"og:site_name\" content=\"Lifenatura\" \/>\n<meta property=\"article:publisher\" content=\"https:\/\/www.facebook.com\/lifenatura\" \/>\n<meta property=\"article:modified_time\" content=\"2026-05-16T00:23:50+00:00\" \/>\n<meta property=\"og:image\" content=\"https:\/\/www.lifenatura.com\/wp-content\/uploads\/2021\/09\/gd_vikabet-60-capsulas-fharmonat.jpg\" \/>\n\t<meta property=\"og:image:width\" content=\"1000\" \/>\n\t<meta property=\"og:image:height\" content=\"1000\" \/>\n\t<meta property=\"og:image:type\" content=\"image\/jpeg\" \/>\n<meta name=\"twitter:card\" content=\"summary_large_image\" \/>\n<meta name=\"twitter:label1\" content=\"Precio\" \/>\n\t<meta name=\"twitter:data1\" content=\"8,77&nbsp;&euro;\" \/>\n\t<meta name=\"twitter:label2\" content=\"Disponibilidad\" \/>\n\t<meta name=\"twitter:data2\" content=\"Disponible\" \/>\n<script type=\"application\/ld+json\" class=\"yoast-schema-graph\">{\"@context\":\"https:\\\/\\\/schema.org\",\"@graph\":[{\"@type\":\"WebPage\",\"@id\":\"https:\\\/\\\/www.lifenatura.com\\\/es\\\/produto\\\/vikabet-60-comprimidos-fharmonat\\\/\",\"url\":\"https:\\\/\\\/www.lifenatura.com\\\/es\\\/produto\\\/vikabet-60-comprimidos-fharmonat\\\/\",\"name\":\"Vikabet 60 comprimidos - Fharmonat - Na Lifenatura ao Melhor Pre\u00e7o | Envio em 48h\",\"isPartOf\":{\"@id\":\"https:\\\/\\\/www.lifenatura.com\\\/es\\\/#website\"},\"primaryImageOfPage\":{\"@id\":\"https:\\\/\\\/www.lifenatura.com\\\/es\\\/produto\\\/vikabet-60-comprimidos-fharmonat\\\/#primaryimage\"},\"image\":{\"@id\":\"https:\\\/\\\/www.lifenatura.com\\\/es\\\/produto\\\/vikabet-60-comprimidos-fharmonat\\\/#primaryimage\"},\"thumbnailUrl\":\"https:\\\/\\\/www.lifenatura.com\\\/wp-content\\\/uploads\\\/2021\\\/09\\\/gd_vikabet-60-capsulas-fharmonat.jpg\",\"datePublished\":\"2021-09-30T10:01:31+00:00\",\"dateModified\":\"2026-05-16T00:23:50+00:00\",\"description\":\"Vikabet es indicado para la diabetes mellitus I y II (controla los valores), trastornos pancre\u00e1ticos (mejora el funcionamiento pancre\u00e1tico) e hipercolesterolemia (evita la transformaci\u00f3n de los az\u00facares en grasas).\",\"breadcrumb\":{\"@id\":\"https:\\\/\\\/www.lifenatura.com\\\/es\\\/produto\\\/vikabet-60-comprimidos-fharmonat\\\/#breadcrumb\"},\"inLanguage\":\"es\",\"potentialAction\":[{\"@type\":\"ReadAction\",\"target\":[\"https:\\\/\\\/www.lifenatura.com\\\/es\\\/produto\\\/vikabet-60-comprimidos-fharmonat\\\/\"]}]},{\"@type\":\"ImageObject\",\"inLanguage\":\"es\",\"@id\":\"https:\\\/\\\/www.lifenatura.com\\\/es\\\/produto\\\/vikabet-60-comprimidos-fharmonat\\\/#primaryimage\",\"url\":\"https:\\\/\\\/www.lifenatura.com\\\/wp-content\\\/uploads\\\/2021\\\/09\\\/gd_vikabet-60-capsulas-fharmonat.jpg\",\"contentUrl\":\"https:\\\/\\\/www.lifenatura.com\\\/wp-content\\\/uploads\\\/2021\\\/09\\\/gd_vikabet-60-capsulas-fharmonat.jpg\",\"width\":1000,\"height\":1000,\"caption\":\"Vikabet 60 comprimidos - Fharmonat\"},{\"@type\":\"BreadcrumbList\",\"@id\":\"https:\\\/\\\/www.lifenatura.com\\\/es\\\/produto\\\/vikabet-60-comprimidos-fharmonat\\\/#breadcrumb\",\"itemListElement\":[{\"@type\":\"ListItem\",\"position\":1,\"name\":\"In\u00edcio\",\"item\":\"https:\\\/\\\/www.lifenatura.com\\\/es\\\/\"},{\"@type\":\"ListItem\",\"position\":2,\"name\":\"Todos los Productos\",\"item\":\"https:\\\/\\\/www.lifenatura.com\\\/es\\\/tienda\\\/\"},{\"@type\":\"ListItem\",\"position\":3,\"name\":\"Vikabet 60 comprimidos &#8211; Fharmonat\"}]},{\"@type\":\"WebSite\",\"@id\":\"https:\\\/\\\/www.lifenatura.com\\\/es\\\/#website\",\"url\":\"https:\\\/\\\/www.lifenatura.com\\\/es\\\/\",\"name\":\"Lifenatura\",\"description\":\"A Lifenatura \u00e9 uma loja de produtos naturais, cosm\u00e9tica natural e alimenta\u00e7\u00e3o Biol\u00f3gica.\",\"publisher\":{\"@id\":\"https:\\\/\\\/www.lifenatura.com\\\/es\\\/#organization\"},\"potentialAction\":[{\"@type\":\"SearchAction\",\"target\":{\"@type\":\"EntryPoint\",\"urlTemplate\":\"https:\\\/\\\/www.lifenatura.com\\\/es\\\/?s={search_term_string}\"},\"query-input\":{\"@type\":\"PropertyValueSpecification\",\"valueRequired\":true,\"valueName\":\"search_term_string\"}}],\"inLanguage\":\"es\"},{\"@type\":\"Organization\",\"@id\":\"https:\\\/\\\/www.lifenatura.com\\\/es\\\/#organization\",\"name\":\"Lifenatura\",\"url\":\"https:\\\/\\\/www.lifenatura.com\\\/es\\\/\",\"logo\":{\"@type\":\"ImageObject\",\"inLanguage\":\"es\",\"@id\":\"https:\\\/\\\/www.lifenatura.com\\\/es\\\/#\\\/schema\\\/logo\\\/image\\\/\",\"url\":\"https:\\\/\\\/www.lifenatura.com\\\/wp-content\\\/uploads\\\/2021\\\/07\\\/logo.png\",\"contentUrl\":\"https:\\\/\\\/www.lifenatura.com\\\/wp-content\\\/uploads\\\/2021\\\/07\\\/logo.png\",\"width\":175,\"height\":55,\"caption\":\"Lifenatura\"},\"image\":{\"@id\":\"https:\\\/\\\/www.lifenatura.com\\\/es\\\/#\\\/schema\\\/logo\\\/image\\\/\"},\"sameAs\":[\"https:\\\/\\\/www.facebook.com\\\/lifenatura\",\"https:\\\/\\\/www.instagram.com\\\/lifenaturapt\\\/\"],\"hasMerchantReturnPolicy\":{\"@type\":\"MerchantReturnPolicy\",\"merchantReturnLink\":\"https:\\\/\\\/www.lifenatura.com\\\/termos-condicoes-lifenatura\\\/\"}}]}<\/script>\n<meta property=\"product:price:amount\" content=\"8.77\" \/>\n<meta property=\"product:price:currency\" content=\"EUR\" \/>\n<meta property=\"og:availability\" content=\"instock\" \/>\n<meta property=\"product:availability\" content=\"instock\" \/>\n<meta property=\"product:retailer_item_id\" content=\"5600315071082\" \/>\n<meta property=\"product:condition\" content=\"new\" \/>\n<!-- \/ Yoast SEO Premium plugin. -->","yoast_head_json":{"title":"Vikabet 60 comprimidos - Fharmonat - Na Lifenatura ao Melhor Pre\u00e7o | Envio em 48h","description":"Vikabet es indicado para la diabetes mellitus I y II (controla los valores), trastornos pancre\u00e1ticos (mejora el funcionamiento pancre\u00e1tico) e hipercolesterolemia (evita la transformaci\u00f3n de los az\u00facares en grasas).","robots":{"index":"index","follow":"follow","max-snippet":"max-snippet:-1","max-image-preview":"max-image-preview:large","max-video-preview":"max-video-preview:-1"},"canonical":"https:\/\/www.lifenatura.com\/es\/produto\/vikabet-60-comprimidos-fharmonat\/","og_locale":"es_ES","og_type":"article","og_title":"Vikabet 60 comprimidos - Fharmonat - Na Lifenatura ao Melhor Pre\u00e7o | Envio 48h","og_description":"Compre Vikabet 60 comprimidos - Fharmonat com envio r\u00e1pido. Entrega em 48h e portes gr\u00e1tis em compras >35\u20ac. Aproveite j\u00e1 na Lifenatura","og_url":"https:\/\/www.lifenatura.com\/es\/produto\/vikabet-60-comprimidos-fharmonat\/","og_site_name":"Lifenatura","article_publisher":"https:\/\/www.facebook.com\/lifenatura","article_modified_time":"2026-05-16T00:23:50+00:00","og_image":[{"width":1000,"height":1000,"url":"https:\/\/www.lifenatura.com\/wp-content\/uploads\/2021\/09\/gd_vikabet-60-capsulas-fharmonat.jpg","type":"image\/jpeg"}],"twitter_card":"summary_large_image","twitter_misc":{"Precio":"8,77&nbsp;&euro;","Disponibilidad":"Disponible"},"schema":{"@context":"https:\/\/schema.org","@graph":[{"@type":"WebPage","@id":"https:\/\/www.lifenatura.com\/es\/produto\/vikabet-60-comprimidos-fharmonat\/","url":"https:\/\/www.lifenatura.com\/es\/produto\/vikabet-60-comprimidos-fharmonat\/","name":"Vikabet 60 comprimidos - Fharmonat - Na Lifenatura ao Melhor Pre\u00e7o | Envio em 48h","isPartOf":{"@id":"https:\/\/www.lifenatura.com\/es\/#website"},"primaryImageOfPage":{"@id":"https:\/\/www.lifenatura.com\/es\/produto\/vikabet-60-comprimidos-fharmonat\/#primaryimage"},"image":{"@id":"https:\/\/www.lifenatura.com\/es\/produto\/vikabet-60-comprimidos-fharmonat\/#primaryimage"},"thumbnailUrl":"https:\/\/www.lifenatura.com\/wp-content\/uploads\/2021\/09\/gd_vikabet-60-capsulas-fharmonat.jpg","datePublished":"2021-09-30T10:01:31+00:00","dateModified":"2026-05-16T00:23:50+00:00","description":"Vikabet es indicado para la diabetes mellitus I y II (controla los valores), trastornos pancre\u00e1ticos (mejora el funcionamiento pancre\u00e1tico) e hipercolesterolemia (evita la transformaci\u00f3n de los az\u00facares en grasas).","breadcrumb":{"@id":"https:\/\/www.lifenatura.com\/es\/produto\/vikabet-60-comprimidos-fharmonat\/#breadcrumb"},"inLanguage":"es","potentialAction":[{"@type":"ReadAction","target":["https:\/\/www.lifenatura.com\/es\/produto\/vikabet-60-comprimidos-fharmonat\/"]}]},{"@type":"ImageObject","inLanguage":"es","@id":"https:\/\/www.lifenatura.com\/es\/produto\/vikabet-60-comprimidos-fharmonat\/#primaryimage","url":"https:\/\/www.lifenatura.com\/wp-content\/uploads\/2021\/09\/gd_vikabet-60-capsulas-fharmonat.jpg","contentUrl":"https:\/\/www.lifenatura.com\/wp-content\/uploads\/2021\/09\/gd_vikabet-60-capsulas-fharmonat.jpg","width":1000,"height":1000,"caption":"Vikabet 60 comprimidos - Fharmonat"},{"@type":"BreadcrumbList","@id":"https:\/\/www.lifenatura.com\/es\/produto\/vikabet-60-comprimidos-fharmonat\/#breadcrumb","itemListElement":[{"@type":"ListItem","position":1,"name":"In\u00edcio","item":"https:\/\/www.lifenatura.com\/es\/"},{"@type":"ListItem","position":2,"name":"Todos los Productos","item":"https:\/\/www.lifenatura.com\/es\/tienda\/"},{"@type":"ListItem","position":3,"name":"Vikabet 60 comprimidos &#8211; Fharmonat"}]},{"@type":"WebSite","@id":"https:\/\/www.lifenatura.com\/es\/#website","url":"https:\/\/www.lifenatura.com\/es\/","name":"Lifenatura","description":"A Lifenatura \u00e9 uma loja de produtos naturais, cosm\u00e9tica natural e alimenta\u00e7\u00e3o Biol\u00f3gica.","publisher":{"@id":"https:\/\/www.lifenatura.com\/es\/#organization"},"potentialAction":[{"@type":"SearchAction","target":{"@type":"EntryPoint","urlTemplate":"https:\/\/www.lifenatura.com\/es\/?s={search_term_string}"},"query-input":{"@type":"PropertyValueSpecification","valueRequired":true,"valueName":"search_term_string"}}],"inLanguage":"es"},{"@type":"Organization","@id":"https:\/\/www.lifenatura.com\/es\/#organization","name":"Lifenatura","url":"https:\/\/www.lifenatura.com\/es\/","logo":{"@type":"ImageObject","inLanguage":"es","@id":"https:\/\/www.lifenatura.com\/es\/#\/schema\/logo\/image\/","url":"https:\/\/www.lifenatura.com\/wp-content\/uploads\/2021\/07\/logo.png","contentUrl":"https:\/\/www.lifenatura.com\/wp-content\/uploads\/2021\/07\/logo.png","width":175,"height":55,"caption":"Lifenatura"},"image":{"@id":"https:\/\/www.lifenatura.com\/es\/#\/schema\/logo\/image\/"},"sameAs":["https:\/\/www.facebook.com\/lifenatura","https:\/\/www.instagram.com\/lifenaturapt\/"],"hasMerchantReturnPolicy":{"@type":"MerchantReturnPolicy","merchantReturnLink":"https:\/\/www.lifenatura.com\/termos-condicoes-lifenatura\/"}}]},"product_price_amount":"8.77","product_price_currency":"EUR","og_availability":"instock","product_availability":"instock","product_retailer_item_id":"5600315071082","product_condition":"new"},"df_price":8.77,"df_sale_price":8.77,"df_regular_price":14.62,"df_image_link":"https:\/\/www.lifenatura.com\/wp-content\/uploads\/2021\/09\/gd_vikabet-60-capsulas-fharmonat-300x300.jpg","_links":{"self":[{"href":"https:\/\/www.lifenatura.com\/es\/wp-json\/wp\/v2\/product\/38157","targetHints":{"allow":["GET"]}}],"collection":[{"href":"https:\/\/www.lifenatura.com\/es\/wp-json\/wp\/v2\/product"}],"about":[{"href":"https:\/\/www.lifenatura.com\/es\/wp-json\/wp\/v2\/types\/product"}],"wp:featuredmedia":[{"embeddable":true,"href":"https:\/\/www.lifenatura.com\/es\/wp-json\/wp\/v2\/media\/19758"}],"wp:attachment":[{"href":"https:\/\/www.lifenatura.com\/es\/wp-json\/wp\/v2\/media?parent=38157"}],"wp:term":[{"taxonomy":"product_brand","embeddable":true,"href":"https:\/\/www.lifenatura.com\/es\/wp-json\/wp\/v2\/product_brand?post=38157"},{"taxonomy":"product_cat","embeddable":true,"href":"https:\/\/www.lifenatura.com\/es\/wp-json\/wp\/v2\/product_cat?post=38157"},{"taxonomy":"product_tag","embeddable":true,"href":"https:\/\/www.lifenatura.com\/es\/wp-json\/wp\/v2\/product_tag?post=38157"}],"curies":[{"name":"wp","href":"https:\/\/api.w.org\/{rel}","templated":true}]}}