{"id":38109,"date":"2021-09-30T10:00:46","date_gmt":"2021-09-30T10:00:46","guid":{"rendered":"https:\/\/lifenatura.dev.agenciagetdigital.com\/produto\/hep-diges-jarabe-250-ml-fharmonat\/"},"modified":"2026-05-03T00:07:07","modified_gmt":"2026-05-03T00:07:07","slug":"hep-diges-jarabe-250-ml-fharmonat","status":"publish","type":"product","link":"https:\/\/www.lifenatura.com\/es\/produto\/hep-diges-jarabe-250-ml-fharmonat\/","title":{"rendered":"Hep Diges Jarabe 250 ml &#8211; Fharmonat"},"content":{"rendered":"<p>Indicado para el Sistema Hep\u00e1tico Hep Diges en jarabe es una f\u00f3rmula que regulariza el pH del est\u00f3mago, facilita las digesti\u00f3n, ejerciendo una acci\u00f3n directa sobre el par\u00e9quima hep\u00e1tico, evitando las sensaciones de enhebrado y los dolores estomacales. Es coadyuvante en la reducci\u00f3n de los triglic\u00e9ridos y del colesterol. La silibina es uno de los principios activos del Cardo Mariano aumenta la producci\u00f3n del glutati\u00f3n promoviendo la liberaci\u00f3n de los radicales libres. PRESENTACI\u00d3N 250 Ml.<\/p>\n","protected":false},"excerpt":{"rendered":"<p>Indicado para el Sistema Hep\u00e1tico Hep Diges en jarabe es una f\u00f3rmula que regulariza el pH del est\u00f3mago, facilita las digesti\u00f3n, ejerciendo una acci\u00f3n directa sobre el par\u00e9quima hep\u00e1tico, evitando las sensaciones de enhebrado y los dolores estomacales. Es coadyuvante en la reducci\u00f3n de los triglic\u00e9ridos y del colesterol. La silibina es uno de los [&#8230;]<\/p>\n<p><a class=\"btn btn-secondary understrap-read-more-link\" href=\"https:\/\/www.lifenatura.com\/es\/produto\/hep-diges-jarabe-250-ml-fharmonat\/\">Leer m\u00e1s&#8230;<span class=\"screen-reader-text\"> from Hep Diges Jarabe 250 ml &#8211; Fharmonat<\/span><\/a><\/p>\n","protected":false},"featured_media":19710,"template":"","meta":{"_acf_changed":false},"product_brand":[8287],"product_cat":[7254,7179],"product_tag":[8705],"class_list":{"0":"post-38109","1":"product","2":"type-product","3":"status-publish","4":"has-post-thumbnail","6":"product_brand-fharmonat","7":"product_cat-higado-vesicula","8":"product_cat-salud","9":"product_tag-fharmonat","11":"first","12":"instock","13":"sale","14":"shipping-taxable","15":"purchasable","16":"product-type-simple","17":"add-to-wishlist-before_image"},"acf":[],"yoast_head":"<!-- This site is optimized with the Yoast SEO Premium plugin v27.1 (Yoast SEO v27.5) - https:\/\/yoast.com\/product\/yoast-seo-premium-wordpress\/ -->\n<title>Hep Diges Jarabe 250 ml - Fharmonat<\/title>\n<meta name=\"description\" content=\"Hep Diges en jarabe es una f\u00f3rmula que regulariza el pH del est\u00f3mago, facilita las digesti\u00f3n, ejerciendo una acci\u00f3n directa sobre el par\u00e9quima hep\u00e1tico, evitando las sensaciones de enhebrado y los dolores estomacales.\" \/>\n<meta name=\"robots\" content=\"index, follow, max-snippet:-1, max-image-preview:large, max-video-preview:-1\" \/>\n<link rel=\"canonical\" href=\"https:\/\/www.lifenatura.com\/es\/produto\/hep-diges-jarabe-250-ml-fharmonat\/\" \/>\n<meta property=\"og:locale\" content=\"es_ES\" \/>\n<meta property=\"og:type\" content=\"article\" \/>\n<meta property=\"og:title\" content=\"Hep Diges Jarabe 250 ml - Fharmonat - Na Lifenatura ao Melhor Pre\u00e7o | Envio 48h\" \/>\n<meta property=\"og:description\" content=\"Compre Hep Diges Jarabe 250 ml - Fharmonat com envio r\u00e1pido. Entrega em 48h e portes gr\u00e1tis em compras &gt;35\u20ac. Aproveite j\u00e1 na Lifenatura\" \/>\n<meta property=\"og:url\" content=\"https:\/\/www.lifenatura.com\/es\/produto\/hep-diges-jarabe-250-ml-fharmonat\/\" \/>\n<meta property=\"og:site_name\" content=\"Lifenatura\" \/>\n<meta property=\"article:publisher\" content=\"https:\/\/www.facebook.com\/lifenatura\" \/>\n<meta property=\"article:modified_time\" content=\"2026-05-03T00:07:07+00:00\" \/>\n<meta property=\"og:image\" content=\"https:\/\/www.lifenatura.com\/wp-content\/uploads\/2021\/09\/gd_hep-d-ges-xarope-250ml-fharmonat.jpg\" \/>\n\t<meta property=\"og:image:width\" content=\"1000\" \/>\n\t<meta property=\"og:image:height\" content=\"1000\" \/>\n\t<meta property=\"og:image:type\" content=\"image\/jpeg\" \/>\n<meta name=\"twitter:card\" content=\"summary_large_image\" \/>\n<meta name=\"twitter:label1\" content=\"Precio\" \/>\n\t<meta name=\"twitter:data1\" content=\"16,16&nbsp;&euro;\" \/>\n\t<meta name=\"twitter:label2\" content=\"Disponibilidad\" \/>\n\t<meta name=\"twitter:data2\" content=\"Disponible\" \/>\n<script type=\"application\/ld+json\" class=\"yoast-schema-graph\">{\"@context\":\"https:\\\/\\\/schema.org\",\"@graph\":[{\"@type\":\"WebPage\",\"@id\":\"https:\\\/\\\/www.lifenatura.com\\\/es\\\/produto\\\/hep-diges-jarabe-250-ml-fharmonat\\\/\",\"url\":\"https:\\\/\\\/www.lifenatura.com\\\/es\\\/produto\\\/hep-diges-jarabe-250-ml-fharmonat\\\/\",\"name\":\"Hep Diges Jarabe 250 ml - Fharmonat\",\"isPartOf\":{\"@id\":\"https:\\\/\\\/www.lifenatura.com\\\/es\\\/#website\"},\"primaryImageOfPage\":{\"@id\":\"https:\\\/\\\/www.lifenatura.com\\\/es\\\/produto\\\/hep-diges-jarabe-250-ml-fharmonat\\\/#primaryimage\"},\"image\":{\"@id\":\"https:\\\/\\\/www.lifenatura.com\\\/es\\\/produto\\\/hep-diges-jarabe-250-ml-fharmonat\\\/#primaryimage\"},\"thumbnailUrl\":\"https:\\\/\\\/www.lifenatura.com\\\/wp-content\\\/uploads\\\/2021\\\/09\\\/gd_hep-d-ges-xarope-250ml-fharmonat.jpg\",\"datePublished\":\"2021-09-30T10:00:46+00:00\",\"dateModified\":\"2026-05-03T00:07:07+00:00\",\"description\":\"Hep Diges en jarabe es una f\u00f3rmula que regulariza el pH del est\u00f3mago, facilita las digesti\u00f3n, ejerciendo una acci\u00f3n directa sobre el par\u00e9quima hep\u00e1tico, evitando las sensaciones de enhebrado y los dolores estomacales.\",\"breadcrumb\":{\"@id\":\"https:\\\/\\\/www.lifenatura.com\\\/es\\\/produto\\\/hep-diges-jarabe-250-ml-fharmonat\\\/#breadcrumb\"},\"inLanguage\":\"es\",\"potentialAction\":[{\"@type\":\"ReadAction\",\"target\":[\"https:\\\/\\\/www.lifenatura.com\\\/es\\\/produto\\\/hep-diges-jarabe-250-ml-fharmonat\\\/\"]}]},{\"@type\":\"ImageObject\",\"inLanguage\":\"es\",\"@id\":\"https:\\\/\\\/www.lifenatura.com\\\/es\\\/produto\\\/hep-diges-jarabe-250-ml-fharmonat\\\/#primaryimage\",\"url\":\"https:\\\/\\\/www.lifenatura.com\\\/wp-content\\\/uploads\\\/2021\\\/09\\\/gd_hep-d-ges-xarope-250ml-fharmonat.jpg\",\"contentUrl\":\"https:\\\/\\\/www.lifenatura.com\\\/wp-content\\\/uploads\\\/2021\\\/09\\\/gd_hep-d-ges-xarope-250ml-fharmonat.jpg\",\"width\":1000,\"height\":1000,\"caption\":\"Hep Diges Jarabe 250 ml - Fharmonat\"},{\"@type\":\"BreadcrumbList\",\"@id\":\"https:\\\/\\\/www.lifenatura.com\\\/es\\\/produto\\\/hep-diges-jarabe-250-ml-fharmonat\\\/#breadcrumb\",\"itemListElement\":[{\"@type\":\"ListItem\",\"position\":1,\"name\":\"In\u00edcio\",\"item\":\"https:\\\/\\\/www.lifenatura.com\\\/es\\\/\"},{\"@type\":\"ListItem\",\"position\":2,\"name\":\"Todos los Productos\",\"item\":\"https:\\\/\\\/www.lifenatura.com\\\/es\\\/tienda\\\/\"},{\"@type\":\"ListItem\",\"position\":3,\"name\":\"Hep Diges Jarabe 250 ml &#8211; Fharmonat\"}]},{\"@type\":\"WebSite\",\"@id\":\"https:\\\/\\\/www.lifenatura.com\\\/es\\\/#website\",\"url\":\"https:\\\/\\\/www.lifenatura.com\\\/es\\\/\",\"name\":\"Lifenatura\",\"description\":\"A Lifenatura \u00e9 uma loja de produtos naturais, cosm\u00e9tica natural e alimenta\u00e7\u00e3o Biol\u00f3gica.\",\"publisher\":{\"@id\":\"https:\\\/\\\/www.lifenatura.com\\\/es\\\/#organization\"},\"potentialAction\":[{\"@type\":\"SearchAction\",\"target\":{\"@type\":\"EntryPoint\",\"urlTemplate\":\"https:\\\/\\\/www.lifenatura.com\\\/es\\\/?s={search_term_string}\"},\"query-input\":{\"@type\":\"PropertyValueSpecification\",\"valueRequired\":true,\"valueName\":\"search_term_string\"}}],\"inLanguage\":\"es\"},{\"@type\":\"Organization\",\"@id\":\"https:\\\/\\\/www.lifenatura.com\\\/es\\\/#organization\",\"name\":\"Lifenatura\",\"url\":\"https:\\\/\\\/www.lifenatura.com\\\/es\\\/\",\"logo\":{\"@type\":\"ImageObject\",\"inLanguage\":\"es\",\"@id\":\"https:\\\/\\\/www.lifenatura.com\\\/es\\\/#\\\/schema\\\/logo\\\/image\\\/\",\"url\":\"https:\\\/\\\/www.lifenatura.com\\\/wp-content\\\/uploads\\\/2021\\\/07\\\/logo.png\",\"contentUrl\":\"https:\\\/\\\/www.lifenatura.com\\\/wp-content\\\/uploads\\\/2021\\\/07\\\/logo.png\",\"width\":175,\"height\":55,\"caption\":\"Lifenatura\"},\"image\":{\"@id\":\"https:\\\/\\\/www.lifenatura.com\\\/es\\\/#\\\/schema\\\/logo\\\/image\\\/\"},\"sameAs\":[\"https:\\\/\\\/www.facebook.com\\\/lifenatura\",\"https:\\\/\\\/www.instagram.com\\\/lifenaturapt\\\/\"],\"hasMerchantReturnPolicy\":{\"@type\":\"MerchantReturnPolicy\",\"merchantReturnLink\":\"https:\\\/\\\/www.lifenatura.com\\\/termos-condicoes-lifenatura\\\/\"}}]}<\/script>\n<meta property=\"product:price:amount\" content=\"16.16\" \/>\n<meta property=\"product:price:currency\" content=\"EUR\" \/>\n<meta property=\"og:availability\" content=\"instock\" \/>\n<meta property=\"product:availability\" content=\"instock\" \/>\n<meta property=\"product:retailer_item_id\" content=\"5600315071044\" \/>\n<meta property=\"product:condition\" content=\"new\" \/>\n<!-- \/ Yoast SEO Premium plugin. -->","yoast_head_json":{"title":"Hep Diges Jarabe 250 ml - Fharmonat","description":"Hep Diges en jarabe es una f\u00f3rmula que regulariza el pH del est\u00f3mago, facilita las digesti\u00f3n, ejerciendo una acci\u00f3n directa sobre el par\u00e9quima hep\u00e1tico, evitando las sensaciones de enhebrado y los dolores estomacales.","robots":{"index":"index","follow":"follow","max-snippet":"max-snippet:-1","max-image-preview":"max-image-preview:large","max-video-preview":"max-video-preview:-1"},"canonical":"https:\/\/www.lifenatura.com\/es\/produto\/hep-diges-jarabe-250-ml-fharmonat\/","og_locale":"es_ES","og_type":"article","og_title":"Hep Diges Jarabe 250 ml - Fharmonat - Na Lifenatura ao Melhor Pre\u00e7o | Envio 48h","og_description":"Compre Hep Diges Jarabe 250 ml - Fharmonat com envio r\u00e1pido. Entrega em 48h e portes gr\u00e1tis em compras >35\u20ac. Aproveite j\u00e1 na Lifenatura","og_url":"https:\/\/www.lifenatura.com\/es\/produto\/hep-diges-jarabe-250-ml-fharmonat\/","og_site_name":"Lifenatura","article_publisher":"https:\/\/www.facebook.com\/lifenatura","article_modified_time":"2026-05-03T00:07:07+00:00","og_image":[{"width":1000,"height":1000,"url":"https:\/\/www.lifenatura.com\/wp-content\/uploads\/2021\/09\/gd_hep-d-ges-xarope-250ml-fharmonat.jpg","type":"image\/jpeg"}],"twitter_card":"summary_large_image","twitter_misc":{"Precio":"16,16&nbsp;&euro;","Disponibilidad":"Disponible"},"schema":{"@context":"https:\/\/schema.org","@graph":[{"@type":"WebPage","@id":"https:\/\/www.lifenatura.com\/es\/produto\/hep-diges-jarabe-250-ml-fharmonat\/","url":"https:\/\/www.lifenatura.com\/es\/produto\/hep-diges-jarabe-250-ml-fharmonat\/","name":"Hep Diges Jarabe 250 ml - Fharmonat","isPartOf":{"@id":"https:\/\/www.lifenatura.com\/es\/#website"},"primaryImageOfPage":{"@id":"https:\/\/www.lifenatura.com\/es\/produto\/hep-diges-jarabe-250-ml-fharmonat\/#primaryimage"},"image":{"@id":"https:\/\/www.lifenatura.com\/es\/produto\/hep-diges-jarabe-250-ml-fharmonat\/#primaryimage"},"thumbnailUrl":"https:\/\/www.lifenatura.com\/wp-content\/uploads\/2021\/09\/gd_hep-d-ges-xarope-250ml-fharmonat.jpg","datePublished":"2021-09-30T10:00:46+00:00","dateModified":"2026-05-03T00:07:07+00:00","description":"Hep Diges en jarabe es una f\u00f3rmula que regulariza el pH del est\u00f3mago, facilita las digesti\u00f3n, ejerciendo una acci\u00f3n directa sobre el par\u00e9quima hep\u00e1tico, evitando las sensaciones de enhebrado y los dolores estomacales.","breadcrumb":{"@id":"https:\/\/www.lifenatura.com\/es\/produto\/hep-diges-jarabe-250-ml-fharmonat\/#breadcrumb"},"inLanguage":"es","potentialAction":[{"@type":"ReadAction","target":["https:\/\/www.lifenatura.com\/es\/produto\/hep-diges-jarabe-250-ml-fharmonat\/"]}]},{"@type":"ImageObject","inLanguage":"es","@id":"https:\/\/www.lifenatura.com\/es\/produto\/hep-diges-jarabe-250-ml-fharmonat\/#primaryimage","url":"https:\/\/www.lifenatura.com\/wp-content\/uploads\/2021\/09\/gd_hep-d-ges-xarope-250ml-fharmonat.jpg","contentUrl":"https:\/\/www.lifenatura.com\/wp-content\/uploads\/2021\/09\/gd_hep-d-ges-xarope-250ml-fharmonat.jpg","width":1000,"height":1000,"caption":"Hep Diges Jarabe 250 ml - Fharmonat"},{"@type":"BreadcrumbList","@id":"https:\/\/www.lifenatura.com\/es\/produto\/hep-diges-jarabe-250-ml-fharmonat\/#breadcrumb","itemListElement":[{"@type":"ListItem","position":1,"name":"In\u00edcio","item":"https:\/\/www.lifenatura.com\/es\/"},{"@type":"ListItem","position":2,"name":"Todos los Productos","item":"https:\/\/www.lifenatura.com\/es\/tienda\/"},{"@type":"ListItem","position":3,"name":"Hep Diges Jarabe 250 ml &#8211; Fharmonat"}]},{"@type":"WebSite","@id":"https:\/\/www.lifenatura.com\/es\/#website","url":"https:\/\/www.lifenatura.com\/es\/","name":"Lifenatura","description":"A Lifenatura \u00e9 uma loja de produtos naturais, cosm\u00e9tica natural e alimenta\u00e7\u00e3o Biol\u00f3gica.","publisher":{"@id":"https:\/\/www.lifenatura.com\/es\/#organization"},"potentialAction":[{"@type":"SearchAction","target":{"@type":"EntryPoint","urlTemplate":"https:\/\/www.lifenatura.com\/es\/?s={search_term_string}"},"query-input":{"@type":"PropertyValueSpecification","valueRequired":true,"valueName":"search_term_string"}}],"inLanguage":"es"},{"@type":"Organization","@id":"https:\/\/www.lifenatura.com\/es\/#organization","name":"Lifenatura","url":"https:\/\/www.lifenatura.com\/es\/","logo":{"@type":"ImageObject","inLanguage":"es","@id":"https:\/\/www.lifenatura.com\/es\/#\/schema\/logo\/image\/","url":"https:\/\/www.lifenatura.com\/wp-content\/uploads\/2021\/07\/logo.png","contentUrl":"https:\/\/www.lifenatura.com\/wp-content\/uploads\/2021\/07\/logo.png","width":175,"height":55,"caption":"Lifenatura"},"image":{"@id":"https:\/\/www.lifenatura.com\/es\/#\/schema\/logo\/image\/"},"sameAs":["https:\/\/www.facebook.com\/lifenatura","https:\/\/www.instagram.com\/lifenaturapt\/"],"hasMerchantReturnPolicy":{"@type":"MerchantReturnPolicy","merchantReturnLink":"https:\/\/www.lifenatura.com\/termos-condicoes-lifenatura\/"}}]},"product_price_amount":"16.16","product_price_currency":"EUR","og_availability":"instock","product_availability":"instock","product_retailer_item_id":"5600315071044","product_condition":"new"},"df_price":16.16,"df_sale_price":16.16,"df_regular_price":26.93,"df_image_link":"https:\/\/www.lifenatura.com\/wp-content\/uploads\/2021\/09\/gd_hep-d-ges-xarope-250ml-fharmonat-300x300.jpg","_links":{"self":[{"href":"https:\/\/www.lifenatura.com\/es\/wp-json\/wp\/v2\/product\/38109","targetHints":{"allow":["GET"]}}],"collection":[{"href":"https:\/\/www.lifenatura.com\/es\/wp-json\/wp\/v2\/product"}],"about":[{"href":"https:\/\/www.lifenatura.com\/es\/wp-json\/wp\/v2\/types\/product"}],"wp:featuredmedia":[{"embeddable":true,"href":"https:\/\/www.lifenatura.com\/es\/wp-json\/wp\/v2\/media\/19710"}],"wp:attachment":[{"href":"https:\/\/www.lifenatura.com\/es\/wp-json\/wp\/v2\/media?parent=38109"}],"wp:term":[{"taxonomy":"product_brand","embeddable":true,"href":"https:\/\/www.lifenatura.com\/es\/wp-json\/wp\/v2\/product_brand?post=38109"},{"taxonomy":"product_cat","embeddable":true,"href":"https:\/\/www.lifenatura.com\/es\/wp-json\/wp\/v2\/product_cat?post=38109"},{"taxonomy":"product_tag","embeddable":true,"href":"https:\/\/www.lifenatura.com\/es\/wp-json\/wp\/v2\/product_tag?post=38109"}],"curies":[{"name":"wp","href":"https:\/\/api.w.org\/{rel}","templated":true}]}}