{"id":38103,"date":"2021-09-30T10:00:24","date_gmt":"2021-09-30T10:00:24","guid":{"rendered":"https:\/\/lifenatura.dev.agenciagetdigital.com\/produto\/green-coffee-te-verde-ultimate-30-capsulas-pague-1-leve-2-fharmonat\/"},"modified":"2026-05-03T00:07:06","modified_gmt":"2026-05-03T00:07:06","slug":"green-coffee-te-verde-ultimate-30-capsulas-pague-1-leve-2-fharmonat","status":"publish","type":"product","link":"https:\/\/www.lifenatura.com\/es\/produto\/green-coffee-te-verde-ultimate-30-capsulas-pague-1-leve-2-fharmonat\/","title":{"rendered":"Green Coffee &#8211; T\u00e9 Verde Ultimate 30 c\u00e1psulas &#8211; Pague 1 Leve 2 &#8211; Fharmonat"},"content":{"rendered":"<p>Indicado para el adelgazamiento Green Coffee aumenta el metabolismo del cuerpo y de esta forma tiene una acci\u00f3n anti-fatiga, proporcionando energ\u00eda al organismo. Act\u00faa como un estimulante. Los estudios demostraron que el \u00e1cido clorog\u00e9nico presente en el extracto de caf\u00e9 verde puede disminuir la acumulaci\u00f3n de grasa en las c\u00e9lulas (adipocitos) debido a la producci\u00f3n de la enzima Glutati\u00f3n-S-Transferasa o GST responsable de la oxidaci\u00f3n de grasa en el h\u00edgado. Esta enzima constituye uno de los principales componentes del sistema de desintoxicaci\u00f3n del organismo, de esta forma el extracto de caf\u00e9 verde tiene una acci\u00f3n preventiva en el h\u00edgado gordo. PRESENTACI\u00d3N 30 C\u00e1psulas.<\/p>\n","protected":false},"excerpt":{"rendered":"<p>Indicado para el adelgazamiento Green Coffee aumenta el metabolismo del cuerpo y de esta forma tiene una acci\u00f3n anti-fatiga, proporcionando energ\u00eda al organismo. Act\u00faa como un estimulante. Los estudios demostraron que el \u00e1cido clorog\u00e9nico presente en el extracto de caf\u00e9 verde puede disminuir la acumulaci\u00f3n de grasa en las c\u00e9lulas (adipocitos) debido a la producci\u00f3n [&#8230;]<\/p>\n<p><a class=\"btn btn-secondary understrap-read-more-link\" href=\"https:\/\/www.lifenatura.com\/es\/produto\/green-coffee-te-verde-ultimate-30-capsulas-pague-1-leve-2-fharmonat\/\">Leer m\u00e1s&#8230;<span class=\"screen-reader-text\"> from Green Coffee &#8211; T\u00e9 Verde Ultimate 30 c\u00e1psulas &#8211; Pague 1 Leve 2 &#8211; Fharmonat<\/span><\/a><\/p>\n","protected":false},"featured_media":19704,"template":"","meta":{"_acf_changed":false},"product_brand":[8287],"product_cat":[7190,7674,7659,7195,7179],"product_tag":[8705],"class_list":{"0":"post-38103","1":"product","2":"type-product","3":"status-publish","4":"has-post-thumbnail","6":"product_brand-fharmonat","7":"product_cat-adelgazar","8":"product_cat-cafe-verde-bio","9":"product_cat-ingrediente-natural-bio","10":"product_cat-quemagrasas","11":"product_cat-salud","12":"product_tag-fharmonat","14":"first","15":"instock","16":"sale","17":"shipping-taxable","18":"purchasable","19":"product-type-simple","20":"add-to-wishlist-before_image"},"acf":[],"yoast_head":"<!-- This site is optimized with the Yoast SEO Premium plugin v27.1 (Yoast SEO v27.5) - https:\/\/yoast.com\/product\/yoast-seo-premium-wordpress\/ -->\n<title>Green Coffee - T\u00e9 Verde Ultimate 30 c\u00e1psulas - Pague 1 Leve 2 - Fharmonat<\/title>\n<meta name=\"description\" content=\"Green Coffee acelera la quema de grasas, aumenta el metabolismo del cuerpo y de esta forma tiene una acci\u00f3n anti-fatiga, proporcionando energ\u00eda al organismo.\" \/>\n<meta name=\"robots\" content=\"index, follow, max-snippet:-1, max-image-preview:large, max-video-preview:-1\" \/>\n<link rel=\"canonical\" href=\"https:\/\/www.lifenatura.com\/es\/produto\/green-coffee-te-verde-ultimate-30-capsulas-pague-1-leve-2-fharmonat\/\" \/>\n<meta property=\"og:locale\" content=\"es_ES\" \/>\n<meta property=\"og:type\" content=\"article\" \/>\n<meta property=\"og:title\" content=\"Green Coffee - T\u00e9 Verde Ultimate 30 c\u00e1psulas - Pague 1 Leve 2 - Fharmonat - Na Lifenatura ao Melhor Pre\u00e7o | Envio 48h\" \/>\n<meta property=\"og:description\" content=\"Compre Green Coffee - T\u00e9 Verde Ultimate 30 c\u00e1psulas - Pague 1 Leve 2 - Fharmonat com envio r\u00e1pido. Entrega em 48h e portes gr\u00e1tis em compras &gt;35\u20ac. Aproveite j\u00e1 na Lifenatura\" \/>\n<meta property=\"og:url\" content=\"https:\/\/www.lifenatura.com\/es\/produto\/green-coffee-te-verde-ultimate-30-capsulas-pague-1-leve-2-fharmonat\/\" \/>\n<meta property=\"og:site_name\" content=\"Lifenatura\" \/>\n<meta property=\"article:publisher\" content=\"https:\/\/www.facebook.com\/lifenatura\" \/>\n<meta property=\"article:modified_time\" content=\"2026-05-03T00:07:06+00:00\" \/>\n<meta property=\"og:image\" content=\"https:\/\/www.lifenatura.com\/wp-content\/uploads\/2021\/09\/gd_green-coffee-ultimate-fharmonat.jpg\" \/>\n\t<meta property=\"og:image:width\" content=\"1000\" \/>\n\t<meta property=\"og:image:height\" content=\"1000\" \/>\n\t<meta property=\"og:image:type\" content=\"image\/jpeg\" \/>\n<meta name=\"twitter:card\" content=\"summary_large_image\" \/>\n<meta name=\"twitter:label1\" content=\"Precio\" \/>\n\t<meta name=\"twitter:data1\" content=\"19,38&nbsp;&euro;\" \/>\n\t<meta name=\"twitter:label2\" content=\"Disponibilidad\" \/>\n\t<meta name=\"twitter:data2\" content=\"Disponible\" \/>\n<script type=\"application\/ld+json\" class=\"yoast-schema-graph\">{\"@context\":\"https:\\\/\\\/schema.org\",\"@graph\":[{\"@type\":\"WebPage\",\"@id\":\"https:\\\/\\\/www.lifenatura.com\\\/es\\\/produto\\\/green-coffee-te-verde-ultimate-30-capsulas-pague-1-leve-2-fharmonat\\\/\",\"url\":\"https:\\\/\\\/www.lifenatura.com\\\/es\\\/produto\\\/green-coffee-te-verde-ultimate-30-capsulas-pague-1-leve-2-fharmonat\\\/\",\"name\":\"Green Coffee - T\u00e9 Verde Ultimate 30 c\u00e1psulas - Pague 1 Leve 2 - Fharmonat\",\"isPartOf\":{\"@id\":\"https:\\\/\\\/www.lifenatura.com\\\/es\\\/#website\"},\"primaryImageOfPage\":{\"@id\":\"https:\\\/\\\/www.lifenatura.com\\\/es\\\/produto\\\/green-coffee-te-verde-ultimate-30-capsulas-pague-1-leve-2-fharmonat\\\/#primaryimage\"},\"image\":{\"@id\":\"https:\\\/\\\/www.lifenatura.com\\\/es\\\/produto\\\/green-coffee-te-verde-ultimate-30-capsulas-pague-1-leve-2-fharmonat\\\/#primaryimage\"},\"thumbnailUrl\":\"https:\\\/\\\/www.lifenatura.com\\\/wp-content\\\/uploads\\\/2021\\\/09\\\/gd_green-coffee-ultimate-fharmonat.jpg\",\"datePublished\":\"2021-09-30T10:00:24+00:00\",\"dateModified\":\"2026-05-03T00:07:06+00:00\",\"description\":\"Green Coffee acelera la quema de grasas, aumenta el metabolismo del cuerpo y de esta forma tiene una acci\u00f3n anti-fatiga, proporcionando energ\u00eda al organismo.\",\"breadcrumb\":{\"@id\":\"https:\\\/\\\/www.lifenatura.com\\\/es\\\/produto\\\/green-coffee-te-verde-ultimate-30-capsulas-pague-1-leve-2-fharmonat\\\/#breadcrumb\"},\"inLanguage\":\"es\",\"potentialAction\":[{\"@type\":\"ReadAction\",\"target\":[\"https:\\\/\\\/www.lifenatura.com\\\/es\\\/produto\\\/green-coffee-te-verde-ultimate-30-capsulas-pague-1-leve-2-fharmonat\\\/\"]}]},{\"@type\":\"ImageObject\",\"inLanguage\":\"es\",\"@id\":\"https:\\\/\\\/www.lifenatura.com\\\/es\\\/produto\\\/green-coffee-te-verde-ultimate-30-capsulas-pague-1-leve-2-fharmonat\\\/#primaryimage\",\"url\":\"https:\\\/\\\/www.lifenatura.com\\\/wp-content\\\/uploads\\\/2021\\\/09\\\/gd_green-coffee-ultimate-fharmonat.jpg\",\"contentUrl\":\"https:\\\/\\\/www.lifenatura.com\\\/wp-content\\\/uploads\\\/2021\\\/09\\\/gd_green-coffee-ultimate-fharmonat.jpg\",\"width\":1000,\"height\":1000,\"caption\":\"Green Coffee - T\u00e9 Verde Ultimate 30 c\u00e1psulas - Pague 1 Leve 2 - Fharmonat\"},{\"@type\":\"BreadcrumbList\",\"@id\":\"https:\\\/\\\/www.lifenatura.com\\\/es\\\/produto\\\/green-coffee-te-verde-ultimate-30-capsulas-pague-1-leve-2-fharmonat\\\/#breadcrumb\",\"itemListElement\":[{\"@type\":\"ListItem\",\"position\":1,\"name\":\"In\u00edcio\",\"item\":\"https:\\\/\\\/www.lifenatura.com\\\/es\\\/\"},{\"@type\":\"ListItem\",\"position\":2,\"name\":\"Todos los Productos\",\"item\":\"https:\\\/\\\/www.lifenatura.com\\\/es\\\/tienda\\\/\"},{\"@type\":\"ListItem\",\"position\":3,\"name\":\"Green Coffee &#8211; T\u00e9 Verde Ultimate 30 c\u00e1psulas &#8211; Pague 1 Leve 2 &#8211; Fharmonat\"}]},{\"@type\":\"WebSite\",\"@id\":\"https:\\\/\\\/www.lifenatura.com\\\/es\\\/#website\",\"url\":\"https:\\\/\\\/www.lifenatura.com\\\/es\\\/\",\"name\":\"Lifenatura\",\"description\":\"A Lifenatura \u00e9 uma loja de produtos naturais, cosm\u00e9tica natural e alimenta\u00e7\u00e3o Biol\u00f3gica.\",\"publisher\":{\"@id\":\"https:\\\/\\\/www.lifenatura.com\\\/es\\\/#organization\"},\"potentialAction\":[{\"@type\":\"SearchAction\",\"target\":{\"@type\":\"EntryPoint\",\"urlTemplate\":\"https:\\\/\\\/www.lifenatura.com\\\/es\\\/?s={search_term_string}\"},\"query-input\":{\"@type\":\"PropertyValueSpecification\",\"valueRequired\":true,\"valueName\":\"search_term_string\"}}],\"inLanguage\":\"es\"},{\"@type\":\"Organization\",\"@id\":\"https:\\\/\\\/www.lifenatura.com\\\/es\\\/#organization\",\"name\":\"Lifenatura\",\"url\":\"https:\\\/\\\/www.lifenatura.com\\\/es\\\/\",\"logo\":{\"@type\":\"ImageObject\",\"inLanguage\":\"es\",\"@id\":\"https:\\\/\\\/www.lifenatura.com\\\/es\\\/#\\\/schema\\\/logo\\\/image\\\/\",\"url\":\"https:\\\/\\\/www.lifenatura.com\\\/wp-content\\\/uploads\\\/2021\\\/07\\\/logo.png\",\"contentUrl\":\"https:\\\/\\\/www.lifenatura.com\\\/wp-content\\\/uploads\\\/2021\\\/07\\\/logo.png\",\"width\":175,\"height\":55,\"caption\":\"Lifenatura\"},\"image\":{\"@id\":\"https:\\\/\\\/www.lifenatura.com\\\/es\\\/#\\\/schema\\\/logo\\\/image\\\/\"},\"sameAs\":[\"https:\\\/\\\/www.facebook.com\\\/lifenatura\",\"https:\\\/\\\/www.instagram.com\\\/lifenaturapt\\\/\"],\"hasMerchantReturnPolicy\":{\"@type\":\"MerchantReturnPolicy\",\"merchantReturnLink\":\"https:\\\/\\\/www.lifenatura.com\\\/termos-condicoes-lifenatura\\\/\"}}]}<\/script>\n<meta property=\"product:price:amount\" content=\"19.38\" \/>\n<meta property=\"product:price:currency\" content=\"EUR\" \/>\n<meta property=\"og:availability\" content=\"instock\" \/>\n<meta property=\"product:availability\" content=\"instock\" \/>\n<meta property=\"product:retailer_item_id\" content=\"5600315076797\" \/>\n<meta property=\"product:condition\" content=\"new\" \/>\n<!-- \/ Yoast SEO Premium plugin. -->","yoast_head_json":{"title":"Green Coffee - T\u00e9 Verde Ultimate 30 c\u00e1psulas - Pague 1 Leve 2 - Fharmonat","description":"Green Coffee acelera la quema de grasas, aumenta el metabolismo del cuerpo y de esta forma tiene una acci\u00f3n anti-fatiga, proporcionando energ\u00eda al organismo.","robots":{"index":"index","follow":"follow","max-snippet":"max-snippet:-1","max-image-preview":"max-image-preview:large","max-video-preview":"max-video-preview:-1"},"canonical":"https:\/\/www.lifenatura.com\/es\/produto\/green-coffee-te-verde-ultimate-30-capsulas-pague-1-leve-2-fharmonat\/","og_locale":"es_ES","og_type":"article","og_title":"Green Coffee - T\u00e9 Verde Ultimate 30 c\u00e1psulas - Pague 1 Leve 2 - Fharmonat - Na Lifenatura ao Melhor Pre\u00e7o | Envio 48h","og_description":"Compre Green Coffee - T\u00e9 Verde Ultimate 30 c\u00e1psulas - Pague 1 Leve 2 - Fharmonat com envio r\u00e1pido. Entrega em 48h e portes gr\u00e1tis em compras >35\u20ac. Aproveite j\u00e1 na Lifenatura","og_url":"https:\/\/www.lifenatura.com\/es\/produto\/green-coffee-te-verde-ultimate-30-capsulas-pague-1-leve-2-fharmonat\/","og_site_name":"Lifenatura","article_publisher":"https:\/\/www.facebook.com\/lifenatura","article_modified_time":"2026-05-03T00:07:06+00:00","og_image":[{"width":1000,"height":1000,"url":"https:\/\/www.lifenatura.com\/wp-content\/uploads\/2021\/09\/gd_green-coffee-ultimate-fharmonat.jpg","type":"image\/jpeg"}],"twitter_card":"summary_large_image","twitter_misc":{"Precio":"19,38&nbsp;&euro;","Disponibilidad":"Disponible"},"schema":{"@context":"https:\/\/schema.org","@graph":[{"@type":"WebPage","@id":"https:\/\/www.lifenatura.com\/es\/produto\/green-coffee-te-verde-ultimate-30-capsulas-pague-1-leve-2-fharmonat\/","url":"https:\/\/www.lifenatura.com\/es\/produto\/green-coffee-te-verde-ultimate-30-capsulas-pague-1-leve-2-fharmonat\/","name":"Green Coffee - T\u00e9 Verde Ultimate 30 c\u00e1psulas - Pague 1 Leve 2 - Fharmonat","isPartOf":{"@id":"https:\/\/www.lifenatura.com\/es\/#website"},"primaryImageOfPage":{"@id":"https:\/\/www.lifenatura.com\/es\/produto\/green-coffee-te-verde-ultimate-30-capsulas-pague-1-leve-2-fharmonat\/#primaryimage"},"image":{"@id":"https:\/\/www.lifenatura.com\/es\/produto\/green-coffee-te-verde-ultimate-30-capsulas-pague-1-leve-2-fharmonat\/#primaryimage"},"thumbnailUrl":"https:\/\/www.lifenatura.com\/wp-content\/uploads\/2021\/09\/gd_green-coffee-ultimate-fharmonat.jpg","datePublished":"2021-09-30T10:00:24+00:00","dateModified":"2026-05-03T00:07:06+00:00","description":"Green Coffee acelera la quema de grasas, aumenta el metabolismo del cuerpo y de esta forma tiene una acci\u00f3n anti-fatiga, proporcionando energ\u00eda al organismo.","breadcrumb":{"@id":"https:\/\/www.lifenatura.com\/es\/produto\/green-coffee-te-verde-ultimate-30-capsulas-pague-1-leve-2-fharmonat\/#breadcrumb"},"inLanguage":"es","potentialAction":[{"@type":"ReadAction","target":["https:\/\/www.lifenatura.com\/es\/produto\/green-coffee-te-verde-ultimate-30-capsulas-pague-1-leve-2-fharmonat\/"]}]},{"@type":"ImageObject","inLanguage":"es","@id":"https:\/\/www.lifenatura.com\/es\/produto\/green-coffee-te-verde-ultimate-30-capsulas-pague-1-leve-2-fharmonat\/#primaryimage","url":"https:\/\/www.lifenatura.com\/wp-content\/uploads\/2021\/09\/gd_green-coffee-ultimate-fharmonat.jpg","contentUrl":"https:\/\/www.lifenatura.com\/wp-content\/uploads\/2021\/09\/gd_green-coffee-ultimate-fharmonat.jpg","width":1000,"height":1000,"caption":"Green Coffee - T\u00e9 Verde Ultimate 30 c\u00e1psulas - Pague 1 Leve 2 - Fharmonat"},{"@type":"BreadcrumbList","@id":"https:\/\/www.lifenatura.com\/es\/produto\/green-coffee-te-verde-ultimate-30-capsulas-pague-1-leve-2-fharmonat\/#breadcrumb","itemListElement":[{"@type":"ListItem","position":1,"name":"In\u00edcio","item":"https:\/\/www.lifenatura.com\/es\/"},{"@type":"ListItem","position":2,"name":"Todos los Productos","item":"https:\/\/www.lifenatura.com\/es\/tienda\/"},{"@type":"ListItem","position":3,"name":"Green Coffee &#8211; T\u00e9 Verde Ultimate 30 c\u00e1psulas &#8211; Pague 1 Leve 2 &#8211; Fharmonat"}]},{"@type":"WebSite","@id":"https:\/\/www.lifenatura.com\/es\/#website","url":"https:\/\/www.lifenatura.com\/es\/","name":"Lifenatura","description":"A Lifenatura \u00e9 uma loja de produtos naturais, cosm\u00e9tica natural e alimenta\u00e7\u00e3o Biol\u00f3gica.","publisher":{"@id":"https:\/\/www.lifenatura.com\/es\/#organization"},"potentialAction":[{"@type":"SearchAction","target":{"@type":"EntryPoint","urlTemplate":"https:\/\/www.lifenatura.com\/es\/?s={search_term_string}"},"query-input":{"@type":"PropertyValueSpecification","valueRequired":true,"valueName":"search_term_string"}}],"inLanguage":"es"},{"@type":"Organization","@id":"https:\/\/www.lifenatura.com\/es\/#organization","name":"Lifenatura","url":"https:\/\/www.lifenatura.com\/es\/","logo":{"@type":"ImageObject","inLanguage":"es","@id":"https:\/\/www.lifenatura.com\/es\/#\/schema\/logo\/image\/","url":"https:\/\/www.lifenatura.com\/wp-content\/uploads\/2021\/07\/logo.png","contentUrl":"https:\/\/www.lifenatura.com\/wp-content\/uploads\/2021\/07\/logo.png","width":175,"height":55,"caption":"Lifenatura"},"image":{"@id":"https:\/\/www.lifenatura.com\/es\/#\/schema\/logo\/image\/"},"sameAs":["https:\/\/www.facebook.com\/lifenatura","https:\/\/www.instagram.com\/lifenaturapt\/"],"hasMerchantReturnPolicy":{"@type":"MerchantReturnPolicy","merchantReturnLink":"https:\/\/www.lifenatura.com\/termos-condicoes-lifenatura\/"}}]},"product_price_amount":"19.38","product_price_currency":"EUR","og_availability":"instock","product_availability":"instock","product_retailer_item_id":"5600315076797","product_condition":"new"},"df_price":19.38,"df_sale_price":19.38,"df_regular_price":32.3,"df_image_link":"https:\/\/www.lifenatura.com\/wp-content\/uploads\/2021\/09\/gd_green-coffee-ultimate-fharmonat-300x300.jpg","_links":{"self":[{"href":"https:\/\/www.lifenatura.com\/es\/wp-json\/wp\/v2\/product\/38103","targetHints":{"allow":["GET"]}}],"collection":[{"href":"https:\/\/www.lifenatura.com\/es\/wp-json\/wp\/v2\/product"}],"about":[{"href":"https:\/\/www.lifenatura.com\/es\/wp-json\/wp\/v2\/types\/product"}],"wp:featuredmedia":[{"embeddable":true,"href":"https:\/\/www.lifenatura.com\/es\/wp-json\/wp\/v2\/media\/19704"}],"wp:attachment":[{"href":"https:\/\/www.lifenatura.com\/es\/wp-json\/wp\/v2\/media?parent=38103"}],"wp:term":[{"taxonomy":"product_brand","embeddable":true,"href":"https:\/\/www.lifenatura.com\/es\/wp-json\/wp\/v2\/product_brand?post=38103"},{"taxonomy":"product_cat","embeddable":true,"href":"https:\/\/www.lifenatura.com\/es\/wp-json\/wp\/v2\/product_cat?post=38103"},{"taxonomy":"product_tag","embeddable":true,"href":"https:\/\/www.lifenatura.com\/es\/wp-json\/wp\/v2\/product_tag?post=38103"}],"curies":[{"name":"wp","href":"https:\/\/api.w.org\/{rel}","templated":true}]}}