{"id":38068,"date":"2021-09-30T10:00:02","date_gmt":"2021-09-30T10:00:02","guid":{"rendered":"https:\/\/lifenatura.dev.agenciagetdigital.com\/produto\/cetonas-de-framboesa-maxi-plus-60-capsulas-oferta-30-comprimidos-fharmonat\/"},"modified":"2026-05-02T00:20:48","modified_gmt":"2026-05-02T00:20:48","slug":"cetonas-de-framboesa-maxi-plus-60-capsulas-oferta-30-comprimidos-fharmonat","status":"publish","type":"product","link":"https:\/\/www.lifenatura.com\/es\/produto\/cetonas-de-framboesa-maxi-plus-60-capsulas-oferta-30-comprimidos-fharmonat\/","title":{"rendered":"Cetonas de Framboesa Maxi Plus 60 c\u00e1psulas + Oferta 30 comprimidos &#8211; Fharmonat"},"content":{"rendered":"<p>Indicado para el adelgazamiento Cetonas de Frambuesa Maxi Plus es un suplemento alimenticio revolucionario por su composici\u00f3n, eficaz a varios niveles, siendo que la presencia de cetonas de frambuesa tiene estudios comprobados que demuestran la acci\u00f3n de \u00e9ste en la inhibici\u00f3n de una enzima digestiva, la lipasa, producida por el p\u00e1ncreas que es la responsable de hacer que las grasas absorbibles por el organismo. PRESENTACI\u00d3N 60 C\u00e1psulas.<\/p>\n","protected":false},"excerpt":{"rendered":"<p>Indicado para el adelgazamiento Cetonas de Frambuesa Maxi Plus es un suplemento alimenticio revolucionario por su composici\u00f3n, eficaz a varios niveles, siendo que la presencia de cetonas de frambuesa tiene estudios comprobados que demuestran la acci\u00f3n de \u00e9ste en la inhibici\u00f3n de una enzima digestiva, la lipasa, producida por el p\u00e1ncreas que es la responsable [&#8230;]<\/p>\n<p><a class=\"btn btn-secondary understrap-read-more-link\" href=\"https:\/\/www.lifenatura.com\/es\/produto\/cetonas-de-framboesa-maxi-plus-60-capsulas-oferta-30-comprimidos-fharmonat\/\">Leer m\u00e1s&#8230;<span class=\"screen-reader-text\"> from Cetonas de Framboesa Maxi Plus 60 c\u00e1psulas + Oferta 30 comprimidos &#8211; Fharmonat<\/span><\/a><\/p>\n","protected":false},"featured_media":19669,"template":"","meta":{"_acf_changed":false},"product_brand":[8287],"product_cat":[7190,7158,7659,7194,7179],"product_tag":[8705],"class_list":{"0":"post-38068","1":"product","2":"type-product","3":"status-publish","4":"has-post-thumbnail","6":"product_brand-fharmonat","7":"product_cat-adelgazar","8":"product_cat-cetonas-de-frambuesa","9":"product_cat-ingrediente-natural-bio","10":"product_cat-saciante","11":"product_cat-salud","12":"product_tag-fharmonat","14":"first","15":"instock","16":"shipping-taxable","17":"purchasable","18":"product-type-simple","19":"add-to-wishlist-before_image"},"acf":[],"yoast_head":"<!-- This site is optimized with the Yoast SEO Premium plugin v27.1 (Yoast SEO v27.5) - https:\/\/yoast.com\/product\/yoast-seo-premium-wordpress\/ -->\n<title>Cetonas de Framboesa Maxi Plus 60 c\u00e1psulas + Oferta 30 comprimidos - Fharmonat<\/title>\n<meta name=\"description\" content=\"Cetonas de Frambuesa es un suplemento alimenticio indicado para controlar el apetito, previniendo la producci\u00f3n de enzimas que promueven la grasa\" \/>\n<meta name=\"robots\" content=\"index, follow, max-snippet:-1, max-image-preview:large, max-video-preview:-1\" \/>\n<link rel=\"canonical\" href=\"https:\/\/www.lifenatura.com\/es\/produto\/cetonas-de-framboesa-maxi-plus-60-capsulas-oferta-30-comprimidos-fharmonat\/\" \/>\n<meta property=\"og:locale\" content=\"es_ES\" \/>\n<meta property=\"og:type\" content=\"article\" \/>\n<meta property=\"og:title\" content=\"Cetonas de Framboesa Maxi Plus 60 c\u00e1psulas + Oferta 30 comprimidos - Fharmonat - Na Lifenatura ao Melhor Pre\u00e7o | Envio 48h\" \/>\n<meta property=\"og:description\" content=\"Compre Cetonas de Framboesa Maxi Plus 60 c\u00e1psulas + Oferta 30 comprimidos - Fharmonat com envio r\u00e1pido. Entrega em 48h e portes gr\u00e1tis em compras &gt;35\u20ac. Aproveite j\u00e1 na Lifenatura\" \/>\n<meta property=\"og:url\" content=\"https:\/\/www.lifenatura.com\/es\/produto\/cetonas-de-framboesa-maxi-plus-60-capsulas-oferta-30-comprimidos-fharmonat\/\" \/>\n<meta property=\"og:site_name\" content=\"Lifenatura\" \/>\n<meta property=\"article:publisher\" content=\"https:\/\/www.facebook.com\/lifenatura\" \/>\n<meta property=\"article:modified_time\" content=\"2026-05-02T00:20:48+00:00\" \/>\n<meta property=\"og:image\" content=\"https:\/\/www.lifenatura.com\/wp-content\/uploads\/2021\/09\/gd_cetona-framboesa-maxi-plus-60-capsulas-fharmonat.jpg\" \/>\n\t<meta property=\"og:image:width\" content=\"1000\" \/>\n\t<meta property=\"og:image:height\" content=\"1000\" \/>\n\t<meta property=\"og:image:type\" content=\"image\/jpeg\" \/>\n<meta name=\"twitter:card\" content=\"summary_large_image\" \/>\n<meta name=\"twitter:label1\" content=\"Precio\" \/>\n\t<meta name=\"twitter:data1\" content=\"21,88&nbsp;&euro;\" \/>\n\t<meta name=\"twitter:label2\" content=\"Disponibilidad\" \/>\n\t<meta name=\"twitter:data2\" content=\"Disponible\" \/>\n<script type=\"application\/ld+json\" class=\"yoast-schema-graph\">{\"@context\":\"https:\\\/\\\/schema.org\",\"@graph\":[{\"@type\":\"WebPage\",\"@id\":\"https:\\\/\\\/www.lifenatura.com\\\/es\\\/produto\\\/cetonas-de-framboesa-maxi-plus-60-capsulas-oferta-30-comprimidos-fharmonat\\\/\",\"url\":\"https:\\\/\\\/www.lifenatura.com\\\/es\\\/produto\\\/cetonas-de-framboesa-maxi-plus-60-capsulas-oferta-30-comprimidos-fharmonat\\\/\",\"name\":\"Cetonas de Framboesa Maxi Plus 60 c\u00e1psulas + Oferta 30 comprimidos - Fharmonat\",\"isPartOf\":{\"@id\":\"https:\\\/\\\/www.lifenatura.com\\\/es\\\/#website\"},\"primaryImageOfPage\":{\"@id\":\"https:\\\/\\\/www.lifenatura.com\\\/es\\\/produto\\\/cetonas-de-framboesa-maxi-plus-60-capsulas-oferta-30-comprimidos-fharmonat\\\/#primaryimage\"},\"image\":{\"@id\":\"https:\\\/\\\/www.lifenatura.com\\\/es\\\/produto\\\/cetonas-de-framboesa-maxi-plus-60-capsulas-oferta-30-comprimidos-fharmonat\\\/#primaryimage\"},\"thumbnailUrl\":\"https:\\\/\\\/www.lifenatura.com\\\/wp-content\\\/uploads\\\/2021\\\/09\\\/gd_cetona-framboesa-maxi-plus-60-capsulas-fharmonat.jpg\",\"datePublished\":\"2021-09-30T10:00:02+00:00\",\"dateModified\":\"2026-05-02T00:20:48+00:00\",\"description\":\"Cetonas de Frambuesa es un suplemento alimenticio indicado para controlar el apetito, previniendo la producci\u00f3n de enzimas que promueven la grasa\",\"breadcrumb\":{\"@id\":\"https:\\\/\\\/www.lifenatura.com\\\/es\\\/produto\\\/cetonas-de-framboesa-maxi-plus-60-capsulas-oferta-30-comprimidos-fharmonat\\\/#breadcrumb\"},\"inLanguage\":\"es\",\"potentialAction\":[{\"@type\":\"ReadAction\",\"target\":[\"https:\\\/\\\/www.lifenatura.com\\\/es\\\/produto\\\/cetonas-de-framboesa-maxi-plus-60-capsulas-oferta-30-comprimidos-fharmonat\\\/\"]}]},{\"@type\":\"ImageObject\",\"inLanguage\":\"es\",\"@id\":\"https:\\\/\\\/www.lifenatura.com\\\/es\\\/produto\\\/cetonas-de-framboesa-maxi-plus-60-capsulas-oferta-30-comprimidos-fharmonat\\\/#primaryimage\",\"url\":\"https:\\\/\\\/www.lifenatura.com\\\/wp-content\\\/uploads\\\/2021\\\/09\\\/gd_cetona-framboesa-maxi-plus-60-capsulas-fharmonat.jpg\",\"contentUrl\":\"https:\\\/\\\/www.lifenatura.com\\\/wp-content\\\/uploads\\\/2021\\\/09\\\/gd_cetona-framboesa-maxi-plus-60-capsulas-fharmonat.jpg\",\"width\":1000,\"height\":1000,\"caption\":\"Cetonas de Framboesa Maxi Plus 60 c\u00e1psulas + Oferta 30 comprimidos - Fharmonat\"},{\"@type\":\"BreadcrumbList\",\"@id\":\"https:\\\/\\\/www.lifenatura.com\\\/es\\\/produto\\\/cetonas-de-framboesa-maxi-plus-60-capsulas-oferta-30-comprimidos-fharmonat\\\/#breadcrumb\",\"itemListElement\":[{\"@type\":\"ListItem\",\"position\":1,\"name\":\"In\u00edcio\",\"item\":\"https:\\\/\\\/www.lifenatura.com\\\/es\\\/\"},{\"@type\":\"ListItem\",\"position\":2,\"name\":\"Todos los Productos\",\"item\":\"https:\\\/\\\/www.lifenatura.com\\\/es\\\/tienda\\\/\"},{\"@type\":\"ListItem\",\"position\":3,\"name\":\"Cetonas de Framboesa Maxi Plus 60 c\u00e1psulas + Oferta 30 comprimidos &#8211; Fharmonat\"}]},{\"@type\":\"WebSite\",\"@id\":\"https:\\\/\\\/www.lifenatura.com\\\/es\\\/#website\",\"url\":\"https:\\\/\\\/www.lifenatura.com\\\/es\\\/\",\"name\":\"Lifenatura\",\"description\":\"A Lifenatura \u00e9 uma loja de produtos naturais, cosm\u00e9tica natural e alimenta\u00e7\u00e3o Biol\u00f3gica.\",\"publisher\":{\"@id\":\"https:\\\/\\\/www.lifenatura.com\\\/es\\\/#organization\"},\"potentialAction\":[{\"@type\":\"SearchAction\",\"target\":{\"@type\":\"EntryPoint\",\"urlTemplate\":\"https:\\\/\\\/www.lifenatura.com\\\/es\\\/?s={search_term_string}\"},\"query-input\":{\"@type\":\"PropertyValueSpecification\",\"valueRequired\":true,\"valueName\":\"search_term_string\"}}],\"inLanguage\":\"es\"},{\"@type\":\"Organization\",\"@id\":\"https:\\\/\\\/www.lifenatura.com\\\/es\\\/#organization\",\"name\":\"Lifenatura\",\"url\":\"https:\\\/\\\/www.lifenatura.com\\\/es\\\/\",\"logo\":{\"@type\":\"ImageObject\",\"inLanguage\":\"es\",\"@id\":\"https:\\\/\\\/www.lifenatura.com\\\/es\\\/#\\\/schema\\\/logo\\\/image\\\/\",\"url\":\"https:\\\/\\\/www.lifenatura.com\\\/wp-content\\\/uploads\\\/2021\\\/07\\\/logo.png\",\"contentUrl\":\"https:\\\/\\\/www.lifenatura.com\\\/wp-content\\\/uploads\\\/2021\\\/07\\\/logo.png\",\"width\":175,\"height\":55,\"caption\":\"Lifenatura\"},\"image\":{\"@id\":\"https:\\\/\\\/www.lifenatura.com\\\/es\\\/#\\\/schema\\\/logo\\\/image\\\/\"},\"sameAs\":[\"https:\\\/\\\/www.facebook.com\\\/lifenatura\",\"https:\\\/\\\/www.instagram.com\\\/lifenaturapt\\\/\"],\"hasMerchantReturnPolicy\":{\"@type\":\"MerchantReturnPolicy\",\"merchantReturnLink\":\"https:\\\/\\\/www.lifenatura.com\\\/termos-condicoes-lifenatura\\\/\"}}]}<\/script>\n<meta property=\"product:price:amount\" content=\"21.88\" \/>\n<meta property=\"product:price:currency\" content=\"EUR\" \/>\n<meta property=\"og:availability\" content=\"instock\" \/>\n<meta property=\"product:availability\" content=\"instock\" \/>\n<meta property=\"product:retailer_item_id\" content=\"5600315076278\" \/>\n<meta property=\"product:condition\" content=\"new\" \/>\n<!-- \/ Yoast SEO Premium plugin. -->","yoast_head_json":{"title":"Cetonas de Framboesa Maxi Plus 60 c\u00e1psulas + Oferta 30 comprimidos - Fharmonat","description":"Cetonas de Frambuesa es un suplemento alimenticio indicado para controlar el apetito, previniendo la producci\u00f3n de enzimas que promueven la grasa","robots":{"index":"index","follow":"follow","max-snippet":"max-snippet:-1","max-image-preview":"max-image-preview:large","max-video-preview":"max-video-preview:-1"},"canonical":"https:\/\/www.lifenatura.com\/es\/produto\/cetonas-de-framboesa-maxi-plus-60-capsulas-oferta-30-comprimidos-fharmonat\/","og_locale":"es_ES","og_type":"article","og_title":"Cetonas de Framboesa Maxi Plus 60 c\u00e1psulas + Oferta 30 comprimidos - Fharmonat - Na Lifenatura ao Melhor Pre\u00e7o | Envio 48h","og_description":"Compre Cetonas de Framboesa Maxi Plus 60 c\u00e1psulas + Oferta 30 comprimidos - Fharmonat com envio r\u00e1pido. Entrega em 48h e portes gr\u00e1tis em compras >35\u20ac. Aproveite j\u00e1 na Lifenatura","og_url":"https:\/\/www.lifenatura.com\/es\/produto\/cetonas-de-framboesa-maxi-plus-60-capsulas-oferta-30-comprimidos-fharmonat\/","og_site_name":"Lifenatura","article_publisher":"https:\/\/www.facebook.com\/lifenatura","article_modified_time":"2026-05-02T00:20:48+00:00","og_image":[{"width":1000,"height":1000,"url":"https:\/\/www.lifenatura.com\/wp-content\/uploads\/2021\/09\/gd_cetona-framboesa-maxi-plus-60-capsulas-fharmonat.jpg","type":"image\/jpeg"}],"twitter_card":"summary_large_image","twitter_misc":{"Precio":"21,88&nbsp;&euro;","Disponibilidad":"Disponible"},"schema":{"@context":"https:\/\/schema.org","@graph":[{"@type":"WebPage","@id":"https:\/\/www.lifenatura.com\/es\/produto\/cetonas-de-framboesa-maxi-plus-60-capsulas-oferta-30-comprimidos-fharmonat\/","url":"https:\/\/www.lifenatura.com\/es\/produto\/cetonas-de-framboesa-maxi-plus-60-capsulas-oferta-30-comprimidos-fharmonat\/","name":"Cetonas de Framboesa Maxi Plus 60 c\u00e1psulas + Oferta 30 comprimidos - Fharmonat","isPartOf":{"@id":"https:\/\/www.lifenatura.com\/es\/#website"},"primaryImageOfPage":{"@id":"https:\/\/www.lifenatura.com\/es\/produto\/cetonas-de-framboesa-maxi-plus-60-capsulas-oferta-30-comprimidos-fharmonat\/#primaryimage"},"image":{"@id":"https:\/\/www.lifenatura.com\/es\/produto\/cetonas-de-framboesa-maxi-plus-60-capsulas-oferta-30-comprimidos-fharmonat\/#primaryimage"},"thumbnailUrl":"https:\/\/www.lifenatura.com\/wp-content\/uploads\/2021\/09\/gd_cetona-framboesa-maxi-plus-60-capsulas-fharmonat.jpg","datePublished":"2021-09-30T10:00:02+00:00","dateModified":"2026-05-02T00:20:48+00:00","description":"Cetonas de Frambuesa es un suplemento alimenticio indicado para controlar el apetito, previniendo la producci\u00f3n de enzimas que promueven la grasa","breadcrumb":{"@id":"https:\/\/www.lifenatura.com\/es\/produto\/cetonas-de-framboesa-maxi-plus-60-capsulas-oferta-30-comprimidos-fharmonat\/#breadcrumb"},"inLanguage":"es","potentialAction":[{"@type":"ReadAction","target":["https:\/\/www.lifenatura.com\/es\/produto\/cetonas-de-framboesa-maxi-plus-60-capsulas-oferta-30-comprimidos-fharmonat\/"]}]},{"@type":"ImageObject","inLanguage":"es","@id":"https:\/\/www.lifenatura.com\/es\/produto\/cetonas-de-framboesa-maxi-plus-60-capsulas-oferta-30-comprimidos-fharmonat\/#primaryimage","url":"https:\/\/www.lifenatura.com\/wp-content\/uploads\/2021\/09\/gd_cetona-framboesa-maxi-plus-60-capsulas-fharmonat.jpg","contentUrl":"https:\/\/www.lifenatura.com\/wp-content\/uploads\/2021\/09\/gd_cetona-framboesa-maxi-plus-60-capsulas-fharmonat.jpg","width":1000,"height":1000,"caption":"Cetonas de Framboesa Maxi Plus 60 c\u00e1psulas + Oferta 30 comprimidos - Fharmonat"},{"@type":"BreadcrumbList","@id":"https:\/\/www.lifenatura.com\/es\/produto\/cetonas-de-framboesa-maxi-plus-60-capsulas-oferta-30-comprimidos-fharmonat\/#breadcrumb","itemListElement":[{"@type":"ListItem","position":1,"name":"In\u00edcio","item":"https:\/\/www.lifenatura.com\/es\/"},{"@type":"ListItem","position":2,"name":"Todos los Productos","item":"https:\/\/www.lifenatura.com\/es\/tienda\/"},{"@type":"ListItem","position":3,"name":"Cetonas de Framboesa Maxi Plus 60 c\u00e1psulas + Oferta 30 comprimidos &#8211; Fharmonat"}]},{"@type":"WebSite","@id":"https:\/\/www.lifenatura.com\/es\/#website","url":"https:\/\/www.lifenatura.com\/es\/","name":"Lifenatura","description":"A Lifenatura \u00e9 uma loja de produtos naturais, cosm\u00e9tica natural e alimenta\u00e7\u00e3o Biol\u00f3gica.","publisher":{"@id":"https:\/\/www.lifenatura.com\/es\/#organization"},"potentialAction":[{"@type":"SearchAction","target":{"@type":"EntryPoint","urlTemplate":"https:\/\/www.lifenatura.com\/es\/?s={search_term_string}"},"query-input":{"@type":"PropertyValueSpecification","valueRequired":true,"valueName":"search_term_string"}}],"inLanguage":"es"},{"@type":"Organization","@id":"https:\/\/www.lifenatura.com\/es\/#organization","name":"Lifenatura","url":"https:\/\/www.lifenatura.com\/es\/","logo":{"@type":"ImageObject","inLanguage":"es","@id":"https:\/\/www.lifenatura.com\/es\/#\/schema\/logo\/image\/","url":"https:\/\/www.lifenatura.com\/wp-content\/uploads\/2021\/07\/logo.png","contentUrl":"https:\/\/www.lifenatura.com\/wp-content\/uploads\/2021\/07\/logo.png","width":175,"height":55,"caption":"Lifenatura"},"image":{"@id":"https:\/\/www.lifenatura.com\/es\/#\/schema\/logo\/image\/"},"sameAs":["https:\/\/www.facebook.com\/lifenatura","https:\/\/www.instagram.com\/lifenaturapt\/"],"hasMerchantReturnPolicy":{"@type":"MerchantReturnPolicy","merchantReturnLink":"https:\/\/www.lifenatura.com\/termos-condicoes-lifenatura\/"}}]},"product_price_amount":"21.88","product_price_currency":"EUR","og_availability":"instock","product_availability":"instock","product_retailer_item_id":"5600315076278","product_condition":"new"},"df_price":21.88,"df_sale_price":21.88,"df_regular_price":36.47,"df_image_link":"https:\/\/www.lifenatura.com\/wp-content\/uploads\/2021\/09\/gd_cetona-framboesa-maxi-plus-60-capsulas-fharmonat-300x300.jpg","_links":{"self":[{"href":"https:\/\/www.lifenatura.com\/es\/wp-json\/wp\/v2\/product\/38068","targetHints":{"allow":["GET"]}}],"collection":[{"href":"https:\/\/www.lifenatura.com\/es\/wp-json\/wp\/v2\/product"}],"about":[{"href":"https:\/\/www.lifenatura.com\/es\/wp-json\/wp\/v2\/types\/product"}],"wp:featuredmedia":[{"embeddable":true,"href":"https:\/\/www.lifenatura.com\/es\/wp-json\/wp\/v2\/media\/19669"}],"wp:attachment":[{"href":"https:\/\/www.lifenatura.com\/es\/wp-json\/wp\/v2\/media?parent=38068"}],"wp:term":[{"taxonomy":"product_brand","embeddable":true,"href":"https:\/\/www.lifenatura.com\/es\/wp-json\/wp\/v2\/product_brand?post=38068"},{"taxonomy":"product_cat","embeddable":true,"href":"https:\/\/www.lifenatura.com\/es\/wp-json\/wp\/v2\/product_cat?post=38068"},{"taxonomy":"product_tag","embeddable":true,"href":"https:\/\/www.lifenatura.com\/es\/wp-json\/wp\/v2\/product_tag?post=38068"}],"curies":[{"name":"wp","href":"https:\/\/api.w.org\/{rel}","templated":true}]}}