{"id":38063,"date":"2021-09-30T09:59:41","date_gmt":"2021-09-30T09:59:41","guid":{"rendered":"https:\/\/lifenatura.dev.agenciagetdigital.com\/produto\/cartilago-de-tiburon-selenio-500-gramas-fharmonat\/"},"modified":"2026-05-16T00:29:00","modified_gmt":"2026-05-16T00:29:00","slug":"cartilago-de-tiburon-selenio-500-gramas-fharmonat","status":"publish","type":"product","link":"https:\/\/www.lifenatura.com\/es\/produto\/cartilago-de-tiburon-selenio-500-gramas-fharmonat\/","title":{"rendered":"Cart\u00edlago de Tibur\u00f3n + Selenio 500 gramas &#8211; Fharmonat"},"content":{"rendered":"<p>Indicado para el Sistema Muscular El cart\u00edlago de tibur\u00f3n es un subproducto de la industria del pescado que ha demostrado parar \/ interrumpir la angiog\u00e9nesis, es decir, la producci\u00f3n de vasos sangu\u00edneos d\u00e9biles pero prol\u00edficos, que pueden ser un problema ante varias condiciones de salud. Esta capacidad puede ser usada para impedir el suministro de sangre a tumores. La red sangu\u00ednea de un tumor es mucho m\u00e1s fr\u00e1gil que la red sangu\u00ednea normal. Los vasos de esa red se rompen constantemente y tienen que ser reemplazados. Un inhibidor de la angiog\u00e9nesis, como la prote\u00edna que existe naturalmente en el cart\u00edlago de tibur\u00f3n, puede ayudar a impedir la formaci\u00f3n de nuevos vasos y, de esta manera, conducir a una necrosis (o disminuci\u00f3n) m\u00e1s r\u00e1pida del tumor. PRESENTACI\u00d3N 500 g.<\/p>\n","protected":false},"excerpt":{"rendered":"<p>Indicado para el Sistema Muscular El cart\u00edlago de tibur\u00f3n es un subproducto de la industria del pescado que ha demostrado parar \/ interrumpir la angiog\u00e9nesis, es decir, la producci\u00f3n de vasos sangu\u00edneos d\u00e9biles pero prol\u00edficos, que pueden ser un problema ante varias condiciones de salud. Esta capacidad puede ser usada para impedir el suministro de [&#8230;]<\/p>\n<p><a class=\"btn btn-secondary understrap-read-more-link\" href=\"https:\/\/www.lifenatura.com\/es\/produto\/cartilago-de-tiburon-selenio-500-gramas-fharmonat\/\">Leer m\u00e1s&#8230;<span class=\"screen-reader-text\"> from Cart\u00edlago de Tibur\u00f3n + Selenio 500 gramas &#8211; Fharmonat<\/span><\/a><\/p>\n","protected":false},"featured_media":19664,"template":"","meta":{"_acf_changed":false},"product_brand":[8287],"product_cat":[7154,7659,7211,7179],"product_tag":[8705],"class_list":{"0":"post-38063","1":"product","2":"type-product","3":"status-publish","4":"has-post-thumbnail","6":"product_brand-fharmonat","7":"product_cat-cartilago-de-tiburon","8":"product_cat-ingrediente-natural-bio","9":"product_cat-reforza-la-inmunidad-salud","10":"product_cat-salud","11":"product_tag-fharmonat","13":"first","14":"instock","15":"shipping-taxable","16":"purchasable","17":"product-type-simple","18":"add-to-wishlist-before_image"},"acf":[],"yoast_head":"<!-- This site is optimized with the Yoast SEO Premium plugin v27.1 (Yoast SEO v27.6) - https:\/\/yoast.com\/product\/yoast-seo-premium-wordpress\/ -->\n<title>Cart\u00edlago de Tibur\u00f3n + Selenio 500 gramas - Fharmonat<\/title>\n<meta name=\"description\" content=\"El cart\u00edlago de tibur\u00f3n est\u00e1 indicado para aliviar la artritis y estados dolorosos acompa\u00f1ados de rigidez articular y tambi\u00e9n de la psoriasis.\" \/>\n<meta name=\"robots\" content=\"index, follow, max-snippet:-1, max-image-preview:large, max-video-preview:-1\" \/>\n<link rel=\"canonical\" href=\"https:\/\/www.lifenatura.com\/es\/produto\/cartilago-de-tiburon-selenio-500-gramas-fharmonat\/\" \/>\n<meta property=\"og:locale\" content=\"es_ES\" \/>\n<meta property=\"og:type\" content=\"article\" \/>\n<meta property=\"og:title\" content=\"Cart\u00edlago de Tibur\u00f3n + Selenio 500 gramas - Fharmonat - Na Lifenatura ao Melhor Pre\u00e7o | Envio 48h\" \/>\n<meta property=\"og:description\" content=\"Compre Cart\u00edlago de Tibur\u00f3n + Selenio 500 gramas - Fharmonat com envio r\u00e1pido. Entrega em 48h e portes gr\u00e1tis em compras &gt;35\u20ac. Aproveite j\u00e1 na Lifenatura\" \/>\n<meta property=\"og:url\" content=\"https:\/\/www.lifenatura.com\/es\/produto\/cartilago-de-tiburon-selenio-500-gramas-fharmonat\/\" \/>\n<meta property=\"og:site_name\" content=\"Lifenatura\" \/>\n<meta property=\"article:publisher\" content=\"https:\/\/www.facebook.com\/lifenatura\" \/>\n<meta property=\"article:modified_time\" content=\"2026-05-16T00:29:00+00:00\" \/>\n<meta property=\"og:image\" content=\"https:\/\/www.lifenatura.com\/wp-content\/uploads\/2021\/09\/gd_cartilagem-tubarao-selenio-farmonat.jpg\" \/>\n\t<meta property=\"og:image:width\" content=\"1000\" \/>\n\t<meta property=\"og:image:height\" content=\"1000\" \/>\n\t<meta property=\"og:image:type\" content=\"image\/jpeg\" \/>\n<meta name=\"twitter:card\" content=\"summary_large_image\" \/>\n<meta name=\"twitter:label1\" content=\"Precio\" \/>\n\t<meta name=\"twitter:data1\" content=\"126,33&nbsp;&euro;\" \/>\n\t<meta name=\"twitter:label2\" content=\"Disponibilidad\" \/>\n\t<meta name=\"twitter:data2\" content=\"Disponible\" \/>\n<script type=\"application\/ld+json\" class=\"yoast-schema-graph\">{\"@context\":\"https:\\\/\\\/schema.org\",\"@graph\":[{\"@type\":\"WebPage\",\"@id\":\"https:\\\/\\\/www.lifenatura.com\\\/es\\\/produto\\\/cartilago-de-tiburon-selenio-500-gramas-fharmonat\\\/\",\"url\":\"https:\\\/\\\/www.lifenatura.com\\\/es\\\/produto\\\/cartilago-de-tiburon-selenio-500-gramas-fharmonat\\\/\",\"name\":\"Cart\u00edlago de Tibur\u00f3n + Selenio 500 gramas - Fharmonat\",\"isPartOf\":{\"@id\":\"https:\\\/\\\/www.lifenatura.com\\\/es\\\/#website\"},\"primaryImageOfPage\":{\"@id\":\"https:\\\/\\\/www.lifenatura.com\\\/es\\\/produto\\\/cartilago-de-tiburon-selenio-500-gramas-fharmonat\\\/#primaryimage\"},\"image\":{\"@id\":\"https:\\\/\\\/www.lifenatura.com\\\/es\\\/produto\\\/cartilago-de-tiburon-selenio-500-gramas-fharmonat\\\/#primaryimage\"},\"thumbnailUrl\":\"https:\\\/\\\/www.lifenatura.com\\\/wp-content\\\/uploads\\\/2021\\\/09\\\/gd_cartilagem-tubarao-selenio-farmonat.jpg\",\"datePublished\":\"2021-09-30T09:59:41+00:00\",\"dateModified\":\"2026-05-16T00:29:00+00:00\",\"description\":\"El cart\u00edlago de tibur\u00f3n est\u00e1 indicado para aliviar la artritis y estados dolorosos acompa\u00f1ados de rigidez articular y tambi\u00e9n de la psoriasis.\",\"breadcrumb\":{\"@id\":\"https:\\\/\\\/www.lifenatura.com\\\/es\\\/produto\\\/cartilago-de-tiburon-selenio-500-gramas-fharmonat\\\/#breadcrumb\"},\"inLanguage\":\"es\",\"potentialAction\":[{\"@type\":\"ReadAction\",\"target\":[\"https:\\\/\\\/www.lifenatura.com\\\/es\\\/produto\\\/cartilago-de-tiburon-selenio-500-gramas-fharmonat\\\/\"]}]},{\"@type\":\"ImageObject\",\"inLanguage\":\"es\",\"@id\":\"https:\\\/\\\/www.lifenatura.com\\\/es\\\/produto\\\/cartilago-de-tiburon-selenio-500-gramas-fharmonat\\\/#primaryimage\",\"url\":\"https:\\\/\\\/www.lifenatura.com\\\/wp-content\\\/uploads\\\/2021\\\/09\\\/gd_cartilagem-tubarao-selenio-farmonat.jpg\",\"contentUrl\":\"https:\\\/\\\/www.lifenatura.com\\\/wp-content\\\/uploads\\\/2021\\\/09\\\/gd_cartilagem-tubarao-selenio-farmonat.jpg\",\"width\":1000,\"height\":1000,\"caption\":\"Cart\u00edlago de Tibur\u00f3n + Selenio 500 gramas - Fharmonat\"},{\"@type\":\"BreadcrumbList\",\"@id\":\"https:\\\/\\\/www.lifenatura.com\\\/es\\\/produto\\\/cartilago-de-tiburon-selenio-500-gramas-fharmonat\\\/#breadcrumb\",\"itemListElement\":[{\"@type\":\"ListItem\",\"position\":1,\"name\":\"In\u00edcio\",\"item\":\"https:\\\/\\\/www.lifenatura.com\\\/es\\\/\"},{\"@type\":\"ListItem\",\"position\":2,\"name\":\"Todos los Productos\",\"item\":\"https:\\\/\\\/www.lifenatura.com\\\/es\\\/tienda\\\/\"},{\"@type\":\"ListItem\",\"position\":3,\"name\":\"Cart\u00edlago de Tibur\u00f3n + Selenio 500 gramas &#8211; Fharmonat\"}]},{\"@type\":\"WebSite\",\"@id\":\"https:\\\/\\\/www.lifenatura.com\\\/es\\\/#website\",\"url\":\"https:\\\/\\\/www.lifenatura.com\\\/es\\\/\",\"name\":\"Lifenatura\",\"description\":\"A Lifenatura \u00e9 uma loja de produtos naturais, cosm\u00e9tica natural e alimenta\u00e7\u00e3o Biol\u00f3gica.\",\"publisher\":{\"@id\":\"https:\\\/\\\/www.lifenatura.com\\\/es\\\/#organization\"},\"potentialAction\":[{\"@type\":\"SearchAction\",\"target\":{\"@type\":\"EntryPoint\",\"urlTemplate\":\"https:\\\/\\\/www.lifenatura.com\\\/es\\\/?s={search_term_string}\"},\"query-input\":{\"@type\":\"PropertyValueSpecification\",\"valueRequired\":true,\"valueName\":\"search_term_string\"}}],\"inLanguage\":\"es\"},{\"@type\":\"Organization\",\"@id\":\"https:\\\/\\\/www.lifenatura.com\\\/es\\\/#organization\",\"name\":\"Lifenatura\",\"url\":\"https:\\\/\\\/www.lifenatura.com\\\/es\\\/\",\"logo\":{\"@type\":\"ImageObject\",\"inLanguage\":\"es\",\"@id\":\"https:\\\/\\\/www.lifenatura.com\\\/es\\\/#\\\/schema\\\/logo\\\/image\\\/\",\"url\":\"https:\\\/\\\/www.lifenatura.com\\\/wp-content\\\/uploads\\\/2021\\\/07\\\/logo.png\",\"contentUrl\":\"https:\\\/\\\/www.lifenatura.com\\\/wp-content\\\/uploads\\\/2021\\\/07\\\/logo.png\",\"width\":175,\"height\":55,\"caption\":\"Lifenatura\"},\"image\":{\"@id\":\"https:\\\/\\\/www.lifenatura.com\\\/es\\\/#\\\/schema\\\/logo\\\/image\\\/\"},\"sameAs\":[\"https:\\\/\\\/www.facebook.com\\\/lifenatura\",\"https:\\\/\\\/www.instagram.com\\\/lifenaturapt\\\/\"],\"hasMerchantReturnPolicy\":{\"@type\":\"MerchantReturnPolicy\",\"merchantReturnLink\":\"https:\\\/\\\/www.lifenatura.com\\\/termos-condicoes-lifenatura\\\/\"}}]}<\/script>\n<meta property=\"product:price:amount\" content=\"126.33\" \/>\n<meta property=\"product:price:currency\" content=\"EUR\" \/>\n<meta property=\"og:availability\" content=\"instock\" \/>\n<meta property=\"product:availability\" content=\"instock\" \/>\n<meta property=\"product:retailer_item_id\" content=\"5600315081913\" \/>\n<meta property=\"product:condition\" content=\"new\" \/>\n<!-- \/ Yoast SEO Premium plugin. -->","yoast_head_json":{"title":"Cart\u00edlago de Tibur\u00f3n + Selenio 500 gramas - Fharmonat","description":"El cart\u00edlago de tibur\u00f3n est\u00e1 indicado para aliviar la artritis y estados dolorosos acompa\u00f1ados de rigidez articular y tambi\u00e9n de la psoriasis.","robots":{"index":"index","follow":"follow","max-snippet":"max-snippet:-1","max-image-preview":"max-image-preview:large","max-video-preview":"max-video-preview:-1"},"canonical":"https:\/\/www.lifenatura.com\/es\/produto\/cartilago-de-tiburon-selenio-500-gramas-fharmonat\/","og_locale":"es_ES","og_type":"article","og_title":"Cart\u00edlago de Tibur\u00f3n + Selenio 500 gramas - Fharmonat - Na Lifenatura ao Melhor Pre\u00e7o | Envio 48h","og_description":"Compre Cart\u00edlago de Tibur\u00f3n + Selenio 500 gramas - Fharmonat com envio r\u00e1pido. Entrega em 48h e portes gr\u00e1tis em compras >35\u20ac. Aproveite j\u00e1 na Lifenatura","og_url":"https:\/\/www.lifenatura.com\/es\/produto\/cartilago-de-tiburon-selenio-500-gramas-fharmonat\/","og_site_name":"Lifenatura","article_publisher":"https:\/\/www.facebook.com\/lifenatura","article_modified_time":"2026-05-16T00:29:00+00:00","og_image":[{"width":1000,"height":1000,"url":"https:\/\/www.lifenatura.com\/wp-content\/uploads\/2021\/09\/gd_cartilagem-tubarao-selenio-farmonat.jpg","type":"image\/jpeg"}],"twitter_card":"summary_large_image","twitter_misc":{"Precio":"126,33&nbsp;&euro;","Disponibilidad":"Disponible"},"schema":{"@context":"https:\/\/schema.org","@graph":[{"@type":"WebPage","@id":"https:\/\/www.lifenatura.com\/es\/produto\/cartilago-de-tiburon-selenio-500-gramas-fharmonat\/","url":"https:\/\/www.lifenatura.com\/es\/produto\/cartilago-de-tiburon-selenio-500-gramas-fharmonat\/","name":"Cart\u00edlago de Tibur\u00f3n + Selenio 500 gramas - Fharmonat","isPartOf":{"@id":"https:\/\/www.lifenatura.com\/es\/#website"},"primaryImageOfPage":{"@id":"https:\/\/www.lifenatura.com\/es\/produto\/cartilago-de-tiburon-selenio-500-gramas-fharmonat\/#primaryimage"},"image":{"@id":"https:\/\/www.lifenatura.com\/es\/produto\/cartilago-de-tiburon-selenio-500-gramas-fharmonat\/#primaryimage"},"thumbnailUrl":"https:\/\/www.lifenatura.com\/wp-content\/uploads\/2021\/09\/gd_cartilagem-tubarao-selenio-farmonat.jpg","datePublished":"2021-09-30T09:59:41+00:00","dateModified":"2026-05-16T00:29:00+00:00","description":"El cart\u00edlago de tibur\u00f3n est\u00e1 indicado para aliviar la artritis y estados dolorosos acompa\u00f1ados de rigidez articular y tambi\u00e9n de la psoriasis.","breadcrumb":{"@id":"https:\/\/www.lifenatura.com\/es\/produto\/cartilago-de-tiburon-selenio-500-gramas-fharmonat\/#breadcrumb"},"inLanguage":"es","potentialAction":[{"@type":"ReadAction","target":["https:\/\/www.lifenatura.com\/es\/produto\/cartilago-de-tiburon-selenio-500-gramas-fharmonat\/"]}]},{"@type":"ImageObject","inLanguage":"es","@id":"https:\/\/www.lifenatura.com\/es\/produto\/cartilago-de-tiburon-selenio-500-gramas-fharmonat\/#primaryimage","url":"https:\/\/www.lifenatura.com\/wp-content\/uploads\/2021\/09\/gd_cartilagem-tubarao-selenio-farmonat.jpg","contentUrl":"https:\/\/www.lifenatura.com\/wp-content\/uploads\/2021\/09\/gd_cartilagem-tubarao-selenio-farmonat.jpg","width":1000,"height":1000,"caption":"Cart\u00edlago de Tibur\u00f3n + Selenio 500 gramas - Fharmonat"},{"@type":"BreadcrumbList","@id":"https:\/\/www.lifenatura.com\/es\/produto\/cartilago-de-tiburon-selenio-500-gramas-fharmonat\/#breadcrumb","itemListElement":[{"@type":"ListItem","position":1,"name":"In\u00edcio","item":"https:\/\/www.lifenatura.com\/es\/"},{"@type":"ListItem","position":2,"name":"Todos los Productos","item":"https:\/\/www.lifenatura.com\/es\/tienda\/"},{"@type":"ListItem","position":3,"name":"Cart\u00edlago de Tibur\u00f3n + Selenio 500 gramas &#8211; Fharmonat"}]},{"@type":"WebSite","@id":"https:\/\/www.lifenatura.com\/es\/#website","url":"https:\/\/www.lifenatura.com\/es\/","name":"Lifenatura","description":"A Lifenatura \u00e9 uma loja de produtos naturais, cosm\u00e9tica natural e alimenta\u00e7\u00e3o Biol\u00f3gica.","publisher":{"@id":"https:\/\/www.lifenatura.com\/es\/#organization"},"potentialAction":[{"@type":"SearchAction","target":{"@type":"EntryPoint","urlTemplate":"https:\/\/www.lifenatura.com\/es\/?s={search_term_string}"},"query-input":{"@type":"PropertyValueSpecification","valueRequired":true,"valueName":"search_term_string"}}],"inLanguage":"es"},{"@type":"Organization","@id":"https:\/\/www.lifenatura.com\/es\/#organization","name":"Lifenatura","url":"https:\/\/www.lifenatura.com\/es\/","logo":{"@type":"ImageObject","inLanguage":"es","@id":"https:\/\/www.lifenatura.com\/es\/#\/schema\/logo\/image\/","url":"https:\/\/www.lifenatura.com\/wp-content\/uploads\/2021\/07\/logo.png","contentUrl":"https:\/\/www.lifenatura.com\/wp-content\/uploads\/2021\/07\/logo.png","width":175,"height":55,"caption":"Lifenatura"},"image":{"@id":"https:\/\/www.lifenatura.com\/es\/#\/schema\/logo\/image\/"},"sameAs":["https:\/\/www.facebook.com\/lifenatura","https:\/\/www.instagram.com\/lifenaturapt\/"],"hasMerchantReturnPolicy":{"@type":"MerchantReturnPolicy","merchantReturnLink":"https:\/\/www.lifenatura.com\/termos-condicoes-lifenatura\/"}}]},"product_price_amount":"126.33","product_price_currency":"EUR","og_availability":"instock","product_availability":"instock","product_retailer_item_id":"5600315081913","product_condition":"new"},"df_price":126.33,"df_sale_price":75.8,"df_regular_price":126.33,"df_image_link":"https:\/\/www.lifenatura.com\/wp-content\/uploads\/2021\/09\/gd_cartilagem-tubarao-selenio-farmonat-300x300.jpg","_links":{"self":[{"href":"https:\/\/www.lifenatura.com\/es\/wp-json\/wp\/v2\/product\/38063","targetHints":{"allow":["GET"]}}],"collection":[{"href":"https:\/\/www.lifenatura.com\/es\/wp-json\/wp\/v2\/product"}],"about":[{"href":"https:\/\/www.lifenatura.com\/es\/wp-json\/wp\/v2\/types\/product"}],"wp:featuredmedia":[{"embeddable":true,"href":"https:\/\/www.lifenatura.com\/es\/wp-json\/wp\/v2\/media\/19664"}],"wp:attachment":[{"href":"https:\/\/www.lifenatura.com\/es\/wp-json\/wp\/v2\/media?parent=38063"}],"wp:term":[{"taxonomy":"product_brand","embeddable":true,"href":"https:\/\/www.lifenatura.com\/es\/wp-json\/wp\/v2\/product_brand?post=38063"},{"taxonomy":"product_cat","embeddable":true,"href":"https:\/\/www.lifenatura.com\/es\/wp-json\/wp\/v2\/product_cat?post=38063"},{"taxonomy":"product_tag","embeddable":true,"href":"https:\/\/www.lifenatura.com\/es\/wp-json\/wp\/v2\/product_tag?post=38063"}],"curies":[{"name":"wp","href":"https:\/\/api.w.org\/{rel}","templated":true}]}}