{"id":38058,"date":"2021-09-30T09:59:41","date_gmt":"2021-09-30T09:59:41","guid":{"rendered":"https:\/\/lifenatura.dev.agenciagetdigital.com\/produto\/brututu-xarope-200-ml-fharmonat\/"},"modified":"2026-02-02T11:09:28","modified_gmt":"2026-02-02T11:09:28","slug":"brututu-xarope-200-ml-fharmonat","status":"publish","type":"product","link":"https:\/\/www.lifenatura.com\/es\/produto\/brututu-xarope-200-ml-fharmonat\/","title":{"rendered":"Brututu Xarope 200 ml &#8211; Fharmonat"},"content":{"rendered":"<p>Indicado para el Sistema Hep\u00e1tico Brututu en jarabe es naturalmente rica en quinonas, catequinas, polioles y bioflavonoides, cada uno con contribuciones \u00fanicas para la protecci\u00f3n y limpieza del h\u00edgado. Bien en el coraz\u00f3n de la selva africana es donde podemos encontrar el \u00e1rbol Borututu. La corteza de este \u00e1rbol ha sido utilizada en la medicina tradicional africana para tratar varios problemas de salud y es altamente valorada por las innumerables propiedades curativas que presenta &#8211; especialmente para el h\u00edgado. PRESENTACI\u00d3N 200 Ml.<\/p>\n","protected":false},"excerpt":{"rendered":"<p>Indicado para el Sistema Hep\u00e1tico Brututu en jarabe es naturalmente rica en quinonas, catequinas, polioles y bioflavonoides, cada uno con contribuciones \u00fanicas para la protecci\u00f3n y limpieza del h\u00edgado. Bien en el coraz\u00f3n de la selva africana es donde podemos encontrar el \u00e1rbol Borututu. La corteza de este \u00e1rbol ha sido utilizada en la medicina [&#8230;]<\/p>\n<p><a class=\"btn btn-secondary understrap-read-more-link\" href=\"https:\/\/www.lifenatura.com\/es\/produto\/brututu-xarope-200-ml-fharmonat\/\">Leer m\u00e1s&#8230;<span class=\"screen-reader-text\"> from Brututu Xarope 200 ml &#8211; Fharmonat<\/span><\/a><\/p>\n","protected":false},"featured_media":19659,"template":"","meta":{"_acf_changed":false},"product_brand":[8287],"product_cat":[7254,7179],"product_tag":[8705],"class_list":{"0":"post-38058","1":"product","2":"type-product","3":"status-publish","4":"has-post-thumbnail","6":"product_brand-fharmonat","7":"product_cat-higado-vesicula","8":"product_cat-salud","9":"product_tag-fharmonat","11":"first","12":"instock","13":"sale","14":"shipping-taxable","15":"purchasable","16":"product-type-simple","17":"add-to-wishlist-before_image"},"acf":[],"yoast_head":"<!-- This site is optimized with the Yoast SEO Premium plugin v27.1 (Yoast SEO v27.3) - https:\/\/yoast.com\/product\/yoast-seo-premium-wordpress\/ -->\n<title>Brututu Xarope 200 ml - Fharmonat<\/title>\n<meta name=\"description\" content=\"Brututu en jarabe es naturalmente rica en quinonas, catequinas, polioles y bioflavonoides, cada uno con contribuciones \u00fanicas para la protecci\u00f3n y limpieza del h\u00edgado.\" \/>\n<meta name=\"robots\" content=\"index, follow, max-snippet:-1, max-image-preview:large, max-video-preview:-1\" \/>\n<link rel=\"canonical\" href=\"https:\/\/www.lifenatura.com\/es\/produto\/brututu-xarope-200-ml-fharmonat\/\" \/>\n<meta property=\"og:locale\" content=\"es_ES\" \/>\n<meta property=\"og:type\" content=\"article\" \/>\n<meta property=\"og:title\" content=\"Brututu Xarope 200 ml - Fharmonat - Lifenatura\" \/>\n<meta property=\"og:description\" content=\"Compre aqui o seu Brututu Xarope 200 ml - Fharmonat e a Lifenatura Online envia em 48 H com Portes Gratis &gt;35\u20ac de Pedido.\" \/>\n<meta property=\"og:url\" content=\"https:\/\/www.lifenatura.com\/es\/produto\/brututu-xarope-200-ml-fharmonat\/\" \/>\n<meta property=\"og:site_name\" content=\"Lifenatura\" \/>\n<meta property=\"article:publisher\" content=\"https:\/\/www.facebook.com\/lifenatura\" \/>\n<meta property=\"article:modified_time\" content=\"2026-02-02T11:09:28+00:00\" \/>\n<meta property=\"og:image\" content=\"https:\/\/www.lifenatura.com\/wp-content\/uploads\/2021\/09\/gd_brututu-xarope-200ml-fharmonat.jpg\" \/>\n\t<meta property=\"og:image:width\" content=\"1000\" \/>\n\t<meta property=\"og:image:height\" content=\"1000\" \/>\n\t<meta property=\"og:image:type\" content=\"image\/jpeg\" \/>\n<meta name=\"twitter:card\" content=\"summary_large_image\" \/>\n<meta name=\"twitter:label1\" content=\"Precio\" \/>\n\t<meta name=\"twitter:data1\" content=\"16,46&nbsp;&euro;\" \/>\n\t<meta name=\"twitter:label2\" content=\"Disponibilidad\" \/>\n\t<meta name=\"twitter:data2\" content=\"Disponible\" \/>\n<meta property=\"product:price:amount\" content=\"16.46\" \/>\n<meta property=\"product:price:currency\" content=\"EUR\" \/>\n<meta property=\"og:availability\" content=\"instock\" \/>\n<meta property=\"product:availability\" content=\"instock\" \/>\n<meta property=\"product:retailer_item_id\" content=\"5600315070177\" \/>\n<meta property=\"product:condition\" content=\"new\" \/>\n<!-- \/ Yoast SEO Premium plugin. -->","yoast_head_json":{"title":"Brututu Xarope 200 ml - Fharmonat","description":"Brututu en jarabe es naturalmente rica en quinonas, catequinas, polioles y bioflavonoides, cada uno con contribuciones \u00fanicas para la protecci\u00f3n y limpieza del h\u00edgado.","robots":{"index":"index","follow":"follow","max-snippet":"max-snippet:-1","max-image-preview":"max-image-preview:large","max-video-preview":"max-video-preview:-1"},"canonical":"https:\/\/www.lifenatura.com\/es\/produto\/brututu-xarope-200-ml-fharmonat\/","og_locale":"es_ES","og_type":"article","og_title":"Brututu Xarope 200 ml - Fharmonat - Lifenatura","og_description":"Compre aqui o seu Brututu Xarope 200 ml - Fharmonat e a Lifenatura Online envia em 48 H com Portes Gratis >35\u20ac de Pedido.","og_url":"https:\/\/www.lifenatura.com\/es\/produto\/brututu-xarope-200-ml-fharmonat\/","og_site_name":"Lifenatura","article_publisher":"https:\/\/www.facebook.com\/lifenatura","article_modified_time":"2026-02-02T11:09:28+00:00","og_image":[{"width":1000,"height":1000,"url":"https:\/\/www.lifenatura.com\/wp-content\/uploads\/2021\/09\/gd_brututu-xarope-200ml-fharmonat.jpg","type":"image\/jpeg"}],"twitter_card":"summary_large_image","twitter_misc":{"Precio":"16,46&nbsp;&euro;","Disponibilidad":"Disponible"},"schema":{"@context":"https:\/\/schema.org","@graph":[{"@type":"WebPage","@id":"https:\/\/www.lifenatura.com\/es\/produto\/brututu-xarope-200-ml-fharmonat\/","url":"https:\/\/www.lifenatura.com\/es\/produto\/brututu-xarope-200-ml-fharmonat\/","name":"Brututu Xarope 200 ml - Fharmonat","isPartOf":{"@id":"https:\/\/www.lifenatura.com\/es\/#website"},"primaryImageOfPage":{"@id":"https:\/\/www.lifenatura.com\/es\/produto\/brututu-xarope-200-ml-fharmonat\/#primaryimage"},"image":{"@id":"https:\/\/www.lifenatura.com\/es\/produto\/brututu-xarope-200-ml-fharmonat\/#primaryimage"},"thumbnailUrl":"https:\/\/www.lifenatura.com\/wp-content\/uploads\/2021\/09\/gd_brututu-xarope-200ml-fharmonat.jpg","datePublished":"2021-09-30T09:59:41+00:00","dateModified":"2026-02-02T11:09:28+00:00","description":"Brututu en jarabe es naturalmente rica en quinonas, catequinas, polioles y bioflavonoides, cada uno con contribuciones \u00fanicas para la protecci\u00f3n y limpieza del h\u00edgado.","breadcrumb":{"@id":"https:\/\/www.lifenatura.com\/es\/produto\/brututu-xarope-200-ml-fharmonat\/#breadcrumb"},"inLanguage":"es","potentialAction":[{"@type":"ReadAction","target":["https:\/\/www.lifenatura.com\/es\/produto\/brututu-xarope-200-ml-fharmonat\/"]}]},{"@type":"ImageObject","inLanguage":"es","@id":"https:\/\/www.lifenatura.com\/es\/produto\/brututu-xarope-200-ml-fharmonat\/#primaryimage","url":"https:\/\/www.lifenatura.com\/wp-content\/uploads\/2021\/09\/gd_brututu-xarope-200ml-fharmonat.jpg","contentUrl":"https:\/\/www.lifenatura.com\/wp-content\/uploads\/2021\/09\/gd_brututu-xarope-200ml-fharmonat.jpg","width":1000,"height":1000,"caption":"Brututu Xarope 200 ml - Fharmonat"},{"@type":"BreadcrumbList","@id":"https:\/\/www.lifenatura.com\/es\/produto\/brututu-xarope-200-ml-fharmonat\/#breadcrumb","itemListElement":[{"@type":"ListItem","position":1,"name":"In\u00edcio","item":"https:\/\/www.lifenatura.com\/es\/"},{"@type":"ListItem","position":2,"name":"Todos los Productos","item":"https:\/\/www.lifenatura.com\/es\/tienda\/"},{"@type":"ListItem","position":3,"name":"Brututu Xarope 200 ml &#8211; Fharmonat"}]},{"@type":"WebSite","@id":"https:\/\/www.lifenatura.com\/es\/#website","url":"https:\/\/www.lifenatura.com\/es\/","name":"Lifenatura","description":"A Lifenatura \u00e9 uma loja de produtos naturais, cosm\u00e9tica natural e alimenta\u00e7\u00e3o Biol\u00f3gica.","publisher":{"@id":"https:\/\/www.lifenatura.com\/es\/#organization"},"potentialAction":[{"@type":"SearchAction","target":{"@type":"EntryPoint","urlTemplate":"https:\/\/www.lifenatura.com\/es\/?s={search_term_string}"},"query-input":{"@type":"PropertyValueSpecification","valueRequired":true,"valueName":"search_term_string"}}],"inLanguage":"es"},{"@type":"Organization","@id":"https:\/\/www.lifenatura.com\/es\/#organization","name":"Lifenatura","url":"https:\/\/www.lifenatura.com\/es\/","logo":{"@type":"ImageObject","inLanguage":"es","@id":"https:\/\/www.lifenatura.com\/es\/#\/schema\/logo\/image\/","url":"https:\/\/www.lifenatura.com\/wp-content\/uploads\/2021\/11\/logo.png","contentUrl":"https:\/\/www.lifenatura.com\/wp-content\/uploads\/2021\/11\/logo.png","width":175,"height":55,"caption":"Lifenatura"},"image":{"@id":"https:\/\/www.lifenatura.com\/es\/#\/schema\/logo\/image\/"},"sameAs":["https:\/\/www.facebook.com\/lifenatura","https:\/\/www.instagram.com\/lifenaturapt\/"]}]},"product_price_amount":"16.46","product_price_currency":"EUR","og_availability":"instock","product_availability":"instock","product_retailer_item_id":"5600315070177","product_condition":"new"},"df_price":16.46,"df_sale_price":16.46,"df_regular_price":27.44,"df_image_link":"https:\/\/www.lifenatura.com\/wp-content\/uploads\/2021\/09\/gd_brututu-xarope-200ml-fharmonat-300x300.jpg","_links":{"self":[{"href":"https:\/\/www.lifenatura.com\/es\/wp-json\/wp\/v2\/product\/38058","targetHints":{"allow":["GET"]}}],"collection":[{"href":"https:\/\/www.lifenatura.com\/es\/wp-json\/wp\/v2\/product"}],"about":[{"href":"https:\/\/www.lifenatura.com\/es\/wp-json\/wp\/v2\/types\/product"}],"wp:featuredmedia":[{"embeddable":true,"href":"https:\/\/www.lifenatura.com\/es\/wp-json\/wp\/v2\/media\/19659"}],"wp:attachment":[{"href":"https:\/\/www.lifenatura.com\/es\/wp-json\/wp\/v2\/media?parent=38058"}],"wp:term":[{"taxonomy":"product_brand","embeddable":true,"href":"https:\/\/www.lifenatura.com\/es\/wp-json\/wp\/v2\/product_brand?post=38058"},{"taxonomy":"product_cat","embeddable":true,"href":"https:\/\/www.lifenatura.com\/es\/wp-json\/wp\/v2\/product_cat?post=38058"},{"taxonomy":"product_tag","embeddable":true,"href":"https:\/\/www.lifenatura.com\/es\/wp-json\/wp\/v2\/product_tag?post=38058"}],"curies":[{"name":"wp","href":"https:\/\/api.w.org\/{rel}","templated":true}]}}