{"id":38057,"date":"2021-09-30T09:59:41","date_gmt":"2021-09-30T09:59:41","guid":{"rendered":"https:\/\/lifenatura.dev.agenciagetdigital.com\/produto\/brututu-cha-embalagem-com-50-g-fharmonat\/"},"modified":"2026-05-03T00:06:56","modified_gmt":"2026-05-03T00:06:56","slug":"brututu-cha-embalagem-com-50-g-fharmonat","status":"publish","type":"product","link":"https:\/\/www.lifenatura.com\/es\/produto\/brututu-cha-embalagem-com-50-g-fharmonat\/","title":{"rendered":"Brututu Ch\u00e1 Embalagem com 50 g &#8211; Fharmonat"},"content":{"rendered":"<p>T\u00e9 Indicado para el Sistema Hep\u00e1tico Brututu indicado para mejorar la salud del h\u00edgado. Se ha utilizado tradicionalmente para tratar la indigesti\u00f3n. Las investigaciones modernas confirman que puede apoyar la salud excelente y la funci\u00f3n gastrointestinal. PRESENTACI\u00d3N 50 g.<\/p>\n","protected":false},"excerpt":{"rendered":"<p>T\u00e9 Indicado para el Sistema Hep\u00e1tico Brututu indicado para mejorar la salud del h\u00edgado. Se ha utilizado tradicionalmente para tratar la indigesti\u00f3n. Las investigaciones modernas confirman que puede apoyar la salud excelente y la funci\u00f3n gastrointestinal. PRESENTACI\u00d3N 50 g. [&#8230;]<\/p>\n<p><a class=\"btn btn-secondary understrap-read-more-link\" href=\"https:\/\/www.lifenatura.com\/es\/produto\/brututu-cha-embalagem-com-50-g-fharmonat\/\">Leer m\u00e1s&#8230;<span class=\"screen-reader-text\"> from Brututu Ch\u00e1 Embalagem com 50 g &#8211; Fharmonat<\/span><\/a><\/p>\n","protected":false},"featured_media":19658,"template":"","meta":{"_acf_changed":false},"product_brand":[8287],"product_cat":[7064,7071],"product_tag":[8705],"class_list":{"0":"post-38057","1":"product","2":"type-product","3":"status-publish","4":"has-post-thumbnail","6":"product_brand-fharmonat","7":"product_cat-alimentacion-sana","8":"product_cat-tes-y-infusiones","9":"product_tag-fharmonat","11":"first","12":"instock","13":"sale","14":"shipping-taxable","15":"purchasable","16":"product-type-simple","17":"add-to-wishlist-before_image"},"acf":[],"yoast_head":"<!-- This site is optimized with the Yoast SEO Premium plugin v27.1 (Yoast SEO v27.5) - https:\/\/yoast.com\/product\/yoast-seo-premium-wordpress\/ -->\n<title>Brututu Ch\u00e1 Embalagem com 50 g - Fharmonat<\/title>\n<meta name=\"description\" content=\"Brututu indicado para mejorar la salud del h\u00edgado. Se ha utilizado tradicionalmente para tratar la indigesti\u00f3n.\" \/>\n<meta name=\"robots\" content=\"index, follow, max-snippet:-1, max-image-preview:large, max-video-preview:-1\" \/>\n<link rel=\"canonical\" href=\"https:\/\/www.lifenatura.com\/es\/produto\/brututu-cha-embalagem-com-50-g-fharmonat\/\" \/>\n<meta property=\"og:locale\" content=\"es_ES\" \/>\n<meta property=\"og:type\" content=\"article\" \/>\n<meta property=\"og:title\" content=\"Brututu Ch\u00e1 Embalagem com 50 g - Fharmonat - Na Lifenatura ao Melhor Pre\u00e7o | Envio 48h\" \/>\n<meta property=\"og:description\" content=\"Compre Brututu Ch\u00e1 Embalagem com 50 g - Fharmonat com envio r\u00e1pido. Entrega em 48h e portes gr\u00e1tis em compras &gt;35\u20ac. Aproveite j\u00e1 na Lifenatura\" \/>\n<meta property=\"og:url\" content=\"https:\/\/www.lifenatura.com\/es\/produto\/brututu-cha-embalagem-com-50-g-fharmonat\/\" \/>\n<meta property=\"og:site_name\" content=\"Lifenatura\" \/>\n<meta property=\"article:publisher\" content=\"https:\/\/www.facebook.com\/lifenatura\" \/>\n<meta property=\"article:modified_time\" content=\"2026-05-03T00:06:56+00:00\" \/>\n<meta property=\"og:image\" content=\"https:\/\/www.lifenatura.com\/wp-content\/uploads\/2021\/09\/gd_brututu-cha-50gr-fharmonat.jpg\" \/>\n\t<meta property=\"og:image:width\" content=\"1000\" \/>\n\t<meta property=\"og:image:height\" content=\"1000\" \/>\n\t<meta property=\"og:image:type\" content=\"image\/jpeg\" \/>\n<meta name=\"twitter:card\" content=\"summary_large_image\" \/>\n<meta name=\"twitter:label1\" content=\"Precio\" \/>\n\t<meta name=\"twitter:data1\" content=\"8,57&nbsp;&euro;\" \/>\n\t<meta name=\"twitter:label2\" content=\"Disponibilidad\" \/>\n\t<meta name=\"twitter:data2\" content=\"Disponible\" \/>\n<script type=\"application\/ld+json\" class=\"yoast-schema-graph\">{\"@context\":\"https:\\\/\\\/schema.org\",\"@graph\":[{\"@type\":\"WebPage\",\"@id\":\"https:\\\/\\\/www.lifenatura.com\\\/es\\\/produto\\\/brututu-cha-embalagem-com-50-g-fharmonat\\\/\",\"url\":\"https:\\\/\\\/www.lifenatura.com\\\/es\\\/produto\\\/brututu-cha-embalagem-com-50-g-fharmonat\\\/\",\"name\":\"Brututu Ch\u00e1 Embalagem com 50 g - Fharmonat\",\"isPartOf\":{\"@id\":\"https:\\\/\\\/www.lifenatura.com\\\/es\\\/#website\"},\"primaryImageOfPage\":{\"@id\":\"https:\\\/\\\/www.lifenatura.com\\\/es\\\/produto\\\/brututu-cha-embalagem-com-50-g-fharmonat\\\/#primaryimage\"},\"image\":{\"@id\":\"https:\\\/\\\/www.lifenatura.com\\\/es\\\/produto\\\/brututu-cha-embalagem-com-50-g-fharmonat\\\/#primaryimage\"},\"thumbnailUrl\":\"https:\\\/\\\/www.lifenatura.com\\\/wp-content\\\/uploads\\\/2021\\\/09\\\/gd_brututu-cha-50gr-fharmonat.jpg\",\"datePublished\":\"2021-09-30T09:59:41+00:00\",\"dateModified\":\"2026-05-03T00:06:56+00:00\",\"description\":\"Brututu indicado para mejorar la salud del h\u00edgado. Se ha utilizado tradicionalmente para tratar la indigesti\u00f3n.\",\"breadcrumb\":{\"@id\":\"https:\\\/\\\/www.lifenatura.com\\\/es\\\/produto\\\/brututu-cha-embalagem-com-50-g-fharmonat\\\/#breadcrumb\"},\"inLanguage\":\"es\",\"potentialAction\":[{\"@type\":\"ReadAction\",\"target\":[\"https:\\\/\\\/www.lifenatura.com\\\/es\\\/produto\\\/brututu-cha-embalagem-com-50-g-fharmonat\\\/\"]}]},{\"@type\":\"ImageObject\",\"inLanguage\":\"es\",\"@id\":\"https:\\\/\\\/www.lifenatura.com\\\/es\\\/produto\\\/brututu-cha-embalagem-com-50-g-fharmonat\\\/#primaryimage\",\"url\":\"https:\\\/\\\/www.lifenatura.com\\\/wp-content\\\/uploads\\\/2021\\\/09\\\/gd_brututu-cha-50gr-fharmonat.jpg\",\"contentUrl\":\"https:\\\/\\\/www.lifenatura.com\\\/wp-content\\\/uploads\\\/2021\\\/09\\\/gd_brututu-cha-50gr-fharmonat.jpg\",\"width\":1000,\"height\":1000,\"caption\":\"Brututu Ch\u00e1 Embalagem com 50 g - Fharmonat\"},{\"@type\":\"BreadcrumbList\",\"@id\":\"https:\\\/\\\/www.lifenatura.com\\\/es\\\/produto\\\/brututu-cha-embalagem-com-50-g-fharmonat\\\/#breadcrumb\",\"itemListElement\":[{\"@type\":\"ListItem\",\"position\":1,\"name\":\"In\u00edcio\",\"item\":\"https:\\\/\\\/www.lifenatura.com\\\/es\\\/\"},{\"@type\":\"ListItem\",\"position\":2,\"name\":\"Todos los Productos\",\"item\":\"https:\\\/\\\/www.lifenatura.com\\\/es\\\/tienda\\\/\"},{\"@type\":\"ListItem\",\"position\":3,\"name\":\"Brututu Ch\u00e1 Embalagem com 50 g &#8211; Fharmonat\"}]},{\"@type\":\"WebSite\",\"@id\":\"https:\\\/\\\/www.lifenatura.com\\\/es\\\/#website\",\"url\":\"https:\\\/\\\/www.lifenatura.com\\\/es\\\/\",\"name\":\"Lifenatura\",\"description\":\"A Lifenatura \u00e9 uma loja de produtos naturais, cosm\u00e9tica natural e alimenta\u00e7\u00e3o Biol\u00f3gica.\",\"publisher\":{\"@id\":\"https:\\\/\\\/www.lifenatura.com\\\/es\\\/#organization\"},\"potentialAction\":[{\"@type\":\"SearchAction\",\"target\":{\"@type\":\"EntryPoint\",\"urlTemplate\":\"https:\\\/\\\/www.lifenatura.com\\\/es\\\/?s={search_term_string}\"},\"query-input\":{\"@type\":\"PropertyValueSpecification\",\"valueRequired\":true,\"valueName\":\"search_term_string\"}}],\"inLanguage\":\"es\"},{\"@type\":\"Organization\",\"@id\":\"https:\\\/\\\/www.lifenatura.com\\\/es\\\/#organization\",\"name\":\"Lifenatura\",\"url\":\"https:\\\/\\\/www.lifenatura.com\\\/es\\\/\",\"logo\":{\"@type\":\"ImageObject\",\"inLanguage\":\"es\",\"@id\":\"https:\\\/\\\/www.lifenatura.com\\\/es\\\/#\\\/schema\\\/logo\\\/image\\\/\",\"url\":\"https:\\\/\\\/www.lifenatura.com\\\/wp-content\\\/uploads\\\/2021\\\/07\\\/logo.png\",\"contentUrl\":\"https:\\\/\\\/www.lifenatura.com\\\/wp-content\\\/uploads\\\/2021\\\/07\\\/logo.png\",\"width\":175,\"height\":55,\"caption\":\"Lifenatura\"},\"image\":{\"@id\":\"https:\\\/\\\/www.lifenatura.com\\\/es\\\/#\\\/schema\\\/logo\\\/image\\\/\"},\"sameAs\":[\"https:\\\/\\\/www.facebook.com\\\/lifenatura\",\"https:\\\/\\\/www.instagram.com\\\/lifenaturapt\\\/\"],\"hasMerchantReturnPolicy\":{\"@type\":\"MerchantReturnPolicy\",\"merchantReturnLink\":\"https:\\\/\\\/www.lifenatura.com\\\/termos-condicoes-lifenatura\\\/\"}}]}<\/script>\n<meta property=\"product:price:amount\" content=\"8.57\" \/>\n<meta property=\"product:price:currency\" content=\"EUR\" \/>\n<meta property=\"og:availability\" content=\"instock\" \/>\n<meta property=\"product:availability\" content=\"instock\" \/>\n<meta property=\"product:retailer_item_id\" content=\"5600315073536\" \/>\n<meta property=\"product:condition\" content=\"new\" \/>\n<!-- \/ Yoast SEO Premium plugin. -->","yoast_head_json":{"title":"Brututu Ch\u00e1 Embalagem com 50 g - Fharmonat","description":"Brututu indicado para mejorar la salud del h\u00edgado. Se ha utilizado tradicionalmente para tratar la indigesti\u00f3n.","robots":{"index":"index","follow":"follow","max-snippet":"max-snippet:-1","max-image-preview":"max-image-preview:large","max-video-preview":"max-video-preview:-1"},"canonical":"https:\/\/www.lifenatura.com\/es\/produto\/brututu-cha-embalagem-com-50-g-fharmonat\/","og_locale":"es_ES","og_type":"article","og_title":"Brututu Ch\u00e1 Embalagem com 50 g - Fharmonat - Na Lifenatura ao Melhor Pre\u00e7o | Envio 48h","og_description":"Compre Brututu Ch\u00e1 Embalagem com 50 g - Fharmonat com envio r\u00e1pido. Entrega em 48h e portes gr\u00e1tis em compras >35\u20ac. Aproveite j\u00e1 na Lifenatura","og_url":"https:\/\/www.lifenatura.com\/es\/produto\/brututu-cha-embalagem-com-50-g-fharmonat\/","og_site_name":"Lifenatura","article_publisher":"https:\/\/www.facebook.com\/lifenatura","article_modified_time":"2026-05-03T00:06:56+00:00","og_image":[{"width":1000,"height":1000,"url":"https:\/\/www.lifenatura.com\/wp-content\/uploads\/2021\/09\/gd_brututu-cha-50gr-fharmonat.jpg","type":"image\/jpeg"}],"twitter_card":"summary_large_image","twitter_misc":{"Precio":"8,57&nbsp;&euro;","Disponibilidad":"Disponible"},"schema":{"@context":"https:\/\/schema.org","@graph":[{"@type":"WebPage","@id":"https:\/\/www.lifenatura.com\/es\/produto\/brututu-cha-embalagem-com-50-g-fharmonat\/","url":"https:\/\/www.lifenatura.com\/es\/produto\/brututu-cha-embalagem-com-50-g-fharmonat\/","name":"Brututu Ch\u00e1 Embalagem com 50 g - Fharmonat","isPartOf":{"@id":"https:\/\/www.lifenatura.com\/es\/#website"},"primaryImageOfPage":{"@id":"https:\/\/www.lifenatura.com\/es\/produto\/brututu-cha-embalagem-com-50-g-fharmonat\/#primaryimage"},"image":{"@id":"https:\/\/www.lifenatura.com\/es\/produto\/brututu-cha-embalagem-com-50-g-fharmonat\/#primaryimage"},"thumbnailUrl":"https:\/\/www.lifenatura.com\/wp-content\/uploads\/2021\/09\/gd_brututu-cha-50gr-fharmonat.jpg","datePublished":"2021-09-30T09:59:41+00:00","dateModified":"2026-05-03T00:06:56+00:00","description":"Brututu indicado para mejorar la salud del h\u00edgado. Se ha utilizado tradicionalmente para tratar la indigesti\u00f3n.","breadcrumb":{"@id":"https:\/\/www.lifenatura.com\/es\/produto\/brututu-cha-embalagem-com-50-g-fharmonat\/#breadcrumb"},"inLanguage":"es","potentialAction":[{"@type":"ReadAction","target":["https:\/\/www.lifenatura.com\/es\/produto\/brututu-cha-embalagem-com-50-g-fharmonat\/"]}]},{"@type":"ImageObject","inLanguage":"es","@id":"https:\/\/www.lifenatura.com\/es\/produto\/brututu-cha-embalagem-com-50-g-fharmonat\/#primaryimage","url":"https:\/\/www.lifenatura.com\/wp-content\/uploads\/2021\/09\/gd_brututu-cha-50gr-fharmonat.jpg","contentUrl":"https:\/\/www.lifenatura.com\/wp-content\/uploads\/2021\/09\/gd_brututu-cha-50gr-fharmonat.jpg","width":1000,"height":1000,"caption":"Brututu Ch\u00e1 Embalagem com 50 g - Fharmonat"},{"@type":"BreadcrumbList","@id":"https:\/\/www.lifenatura.com\/es\/produto\/brututu-cha-embalagem-com-50-g-fharmonat\/#breadcrumb","itemListElement":[{"@type":"ListItem","position":1,"name":"In\u00edcio","item":"https:\/\/www.lifenatura.com\/es\/"},{"@type":"ListItem","position":2,"name":"Todos los Productos","item":"https:\/\/www.lifenatura.com\/es\/tienda\/"},{"@type":"ListItem","position":3,"name":"Brututu Ch\u00e1 Embalagem com 50 g &#8211; Fharmonat"}]},{"@type":"WebSite","@id":"https:\/\/www.lifenatura.com\/es\/#website","url":"https:\/\/www.lifenatura.com\/es\/","name":"Lifenatura","description":"A Lifenatura \u00e9 uma loja de produtos naturais, cosm\u00e9tica natural e alimenta\u00e7\u00e3o Biol\u00f3gica.","publisher":{"@id":"https:\/\/www.lifenatura.com\/es\/#organization"},"potentialAction":[{"@type":"SearchAction","target":{"@type":"EntryPoint","urlTemplate":"https:\/\/www.lifenatura.com\/es\/?s={search_term_string}"},"query-input":{"@type":"PropertyValueSpecification","valueRequired":true,"valueName":"search_term_string"}}],"inLanguage":"es"},{"@type":"Organization","@id":"https:\/\/www.lifenatura.com\/es\/#organization","name":"Lifenatura","url":"https:\/\/www.lifenatura.com\/es\/","logo":{"@type":"ImageObject","inLanguage":"es","@id":"https:\/\/www.lifenatura.com\/es\/#\/schema\/logo\/image\/","url":"https:\/\/www.lifenatura.com\/wp-content\/uploads\/2021\/07\/logo.png","contentUrl":"https:\/\/www.lifenatura.com\/wp-content\/uploads\/2021\/07\/logo.png","width":175,"height":55,"caption":"Lifenatura"},"image":{"@id":"https:\/\/www.lifenatura.com\/es\/#\/schema\/logo\/image\/"},"sameAs":["https:\/\/www.facebook.com\/lifenatura","https:\/\/www.instagram.com\/lifenaturapt\/"],"hasMerchantReturnPolicy":{"@type":"MerchantReturnPolicy","merchantReturnLink":"https:\/\/www.lifenatura.com\/termos-condicoes-lifenatura\/"}}]},"product_price_amount":"8.57","product_price_currency":"EUR","og_availability":"instock","product_availability":"instock","product_retailer_item_id":"5600315073536","product_condition":"new"},"df_price":8.57,"df_sale_price":8.57,"df_regular_price":14.28,"df_image_link":"https:\/\/www.lifenatura.com\/wp-content\/uploads\/2021\/09\/gd_brututu-cha-50gr-fharmonat-300x300.jpg","_links":{"self":[{"href":"https:\/\/www.lifenatura.com\/es\/wp-json\/wp\/v2\/product\/38057","targetHints":{"allow":["GET"]}}],"collection":[{"href":"https:\/\/www.lifenatura.com\/es\/wp-json\/wp\/v2\/product"}],"about":[{"href":"https:\/\/www.lifenatura.com\/es\/wp-json\/wp\/v2\/types\/product"}],"wp:featuredmedia":[{"embeddable":true,"href":"https:\/\/www.lifenatura.com\/es\/wp-json\/wp\/v2\/media\/19658"}],"wp:attachment":[{"href":"https:\/\/www.lifenatura.com\/es\/wp-json\/wp\/v2\/media?parent=38057"}],"wp:term":[{"taxonomy":"product_brand","embeddable":true,"href":"https:\/\/www.lifenatura.com\/es\/wp-json\/wp\/v2\/product_brand?post=38057"},{"taxonomy":"product_cat","embeddable":true,"href":"https:\/\/www.lifenatura.com\/es\/wp-json\/wp\/v2\/product_cat?post=38057"},{"taxonomy":"product_tag","embeddable":true,"href":"https:\/\/www.lifenatura.com\/es\/wp-json\/wp\/v2\/product_tag?post=38057"}],"curies":[{"name":"wp","href":"https:\/\/api.w.org\/{rel}","templated":true}]}}