{"id":38044,"date":"2021-09-30T09:59:41","date_gmt":"2021-09-30T09:59:41","guid":{"rendered":"https:\/\/lifenatura.dev.agenciagetdigital.com\/produto\/artemisia-60-capsulas-fharmonat\/"},"modified":"2026-02-02T11:09:23","modified_gmt":"2026-02-02T11:09:23","slug":"artemisia-60-capsulas-fharmonat","status":"publish","type":"product","link":"https:\/\/www.lifenatura.com\/es\/produto\/artemisia-60-capsulas-fharmonat\/","title":{"rendered":"Artem\u00edsia 60 c\u00e1psulas &#8211; Fharmonat"},"content":{"rendered":"<p>Indicado para el Sistema Digestivo La Artemisa es una planta medicinal, tambi\u00e9n conocida como Camomila del campo, Hierba de Fuego, Hierba de San Juan y Reina de las hierbas, muy utilizada por las mujeres para tratar problemas del aparato reproductor femenino. La artemisia sirve para ayudar en el tratamiento de la anemia, debilidad del est\u00f3mago, gastritis, nerviosismo, neuralgia, falta de apetito, mal aliento y ciclo menstrual irregular y alivia los c\u00f3licos. PRESENTACI\u00d3N 60 C\u00e1psulas.<\/p>\n","protected":false},"excerpt":{"rendered":"<p>Indicado para el Sistema Digestivo La Artemisa es una planta medicinal, tambi\u00e9n conocida como Camomila del campo, Hierba de Fuego, Hierba de San Juan y Reina de las hierbas, muy utilizada por las mujeres para tratar problemas del aparato reproductor femenino. La artemisia sirve para ayudar en el tratamiento de la anemia, debilidad del est\u00f3mago, [&#8230;]<\/p>\n<p><a class=\"btn btn-secondary understrap-read-more-link\" href=\"https:\/\/www.lifenatura.com\/es\/produto\/artemisia-60-capsulas-fharmonat\/\">Leer m\u00e1s&#8230;<span class=\"screen-reader-text\"> from Artem\u00edsia 60 c\u00e1psulas &#8211; Fharmonat<\/span><\/a><\/p>\n","protected":false},"featured_media":19645,"template":"","meta":{"_acf_changed":false},"product_brand":[8287],"product_cat":[7258,7179],"product_tag":[8705],"class_list":{"0":"post-38044","1":"product","2":"type-product","3":"status-publish","4":"has-post-thumbnail","6":"product_brand-fharmonat","7":"product_cat-proteccion-del-estomago","8":"product_cat-salud","9":"product_tag-fharmonat","11":"first","12":"instock","13":"sale","14":"shipping-taxable","15":"purchasable","16":"product-type-simple","17":"add-to-wishlist-before_image"},"acf":[],"yoast_head":"<!-- This site is optimized with the Yoast SEO Premium plugin v27.1 (Yoast SEO v27.3) - https:\/\/yoast.com\/product\/yoast-seo-premium-wordpress\/ -->\n<title>Artem\u00edsia 60 c\u00e1psulas - Fharmonat<\/title>\n<meta name=\"description\" content=\"La Artemisa es una planta medicinal, tambi\u00e9n conocida como Camomila del campo, Hierba de Fuego, Hierba de San Juan y Reina de las hierbas, muy utilizada por las mujeres para tratar problemas del aparato reproductor femenino.\" \/>\n<meta name=\"robots\" content=\"index, follow, max-snippet:-1, max-image-preview:large, max-video-preview:-1\" \/>\n<link rel=\"canonical\" href=\"https:\/\/www.lifenatura.com\/es\/produto\/artemisia-60-capsulas-fharmonat\/\" \/>\n<meta property=\"og:locale\" content=\"es_ES\" \/>\n<meta property=\"og:type\" content=\"article\" \/>\n<meta property=\"og:title\" content=\"Artem\u00edsia 60 c\u00e1psulas - Fharmonat - Lifenatura\" \/>\n<meta property=\"og:description\" content=\"Compre aqui o seu Artem\u00edsia 60 c\u00e1psulas - Fharmonat e a Lifenatura Online envia em 48 H com Portes Gratis &gt;35\u20ac de Pedido.\" \/>\n<meta property=\"og:url\" content=\"https:\/\/www.lifenatura.com\/es\/produto\/artemisia-60-capsulas-fharmonat\/\" \/>\n<meta property=\"og:site_name\" content=\"Lifenatura\" \/>\n<meta property=\"article:publisher\" content=\"https:\/\/www.facebook.com\/lifenatura\" \/>\n<meta property=\"article:modified_time\" content=\"2026-02-02T11:09:23+00:00\" \/>\n<meta property=\"og:image\" content=\"https:\/\/www.lifenatura.com\/wp-content\/uploads\/2021\/09\/gd_artemisia-60caps-fharmonat.jpg\" \/>\n\t<meta property=\"og:image:width\" content=\"1000\" \/>\n\t<meta property=\"og:image:height\" content=\"1000\" \/>\n\t<meta property=\"og:image:type\" content=\"image\/jpeg\" \/>\n<meta name=\"twitter:card\" content=\"summary_large_image\" \/>\n<meta name=\"twitter:label1\" content=\"Precio\" \/>\n\t<meta name=\"twitter:data1\" content=\"12,99&nbsp;&euro;\" \/>\n\t<meta name=\"twitter:label2\" content=\"Disponibilidad\" \/>\n\t<meta name=\"twitter:data2\" content=\"Disponible\" \/>\n<meta property=\"product:price:amount\" content=\"12.99\" \/>\n<meta property=\"product:price:currency\" content=\"EUR\" \/>\n<meta property=\"og:availability\" content=\"instock\" \/>\n<meta property=\"product:availability\" content=\"instock\" \/>\n<meta property=\"product:retailer_item_id\" content=\"5600315078159\" \/>\n<meta property=\"product:condition\" content=\"new\" \/>\n<!-- \/ Yoast SEO Premium plugin. -->","yoast_head_json":{"title":"Artem\u00edsia 60 c\u00e1psulas - Fharmonat","description":"La Artemisa es una planta medicinal, tambi\u00e9n conocida como Camomila del campo, Hierba de Fuego, Hierba de San Juan y Reina de las hierbas, muy utilizada por las mujeres para tratar problemas del aparato reproductor femenino.","robots":{"index":"index","follow":"follow","max-snippet":"max-snippet:-1","max-image-preview":"max-image-preview:large","max-video-preview":"max-video-preview:-1"},"canonical":"https:\/\/www.lifenatura.com\/es\/produto\/artemisia-60-capsulas-fharmonat\/","og_locale":"es_ES","og_type":"article","og_title":"Artem\u00edsia 60 c\u00e1psulas - Fharmonat - Lifenatura","og_description":"Compre aqui o seu Artem\u00edsia 60 c\u00e1psulas - Fharmonat e a Lifenatura Online envia em 48 H com Portes Gratis >35\u20ac de Pedido.","og_url":"https:\/\/www.lifenatura.com\/es\/produto\/artemisia-60-capsulas-fharmonat\/","og_site_name":"Lifenatura","article_publisher":"https:\/\/www.facebook.com\/lifenatura","article_modified_time":"2026-02-02T11:09:23+00:00","og_image":[{"width":1000,"height":1000,"url":"https:\/\/www.lifenatura.com\/wp-content\/uploads\/2021\/09\/gd_artemisia-60caps-fharmonat.jpg","type":"image\/jpeg"}],"twitter_card":"summary_large_image","twitter_misc":{"Precio":"12,99&nbsp;&euro;","Disponibilidad":"Disponible"},"schema":{"@context":"https:\/\/schema.org","@graph":[{"@type":"WebPage","@id":"https:\/\/www.lifenatura.com\/es\/produto\/artemisia-60-capsulas-fharmonat\/","url":"https:\/\/www.lifenatura.com\/es\/produto\/artemisia-60-capsulas-fharmonat\/","name":"Artem\u00edsia 60 c\u00e1psulas - Fharmonat","isPartOf":{"@id":"https:\/\/www.lifenatura.com\/es\/#website"},"primaryImageOfPage":{"@id":"https:\/\/www.lifenatura.com\/es\/produto\/artemisia-60-capsulas-fharmonat\/#primaryimage"},"image":{"@id":"https:\/\/www.lifenatura.com\/es\/produto\/artemisia-60-capsulas-fharmonat\/#primaryimage"},"thumbnailUrl":"https:\/\/www.lifenatura.com\/wp-content\/uploads\/2021\/09\/gd_artemisia-60caps-fharmonat.jpg","datePublished":"2021-09-30T09:59:41+00:00","dateModified":"2026-02-02T11:09:23+00:00","description":"La Artemisa es una planta medicinal, tambi\u00e9n conocida como Camomila del campo, Hierba de Fuego, Hierba de San Juan y Reina de las hierbas, muy utilizada por las mujeres para tratar problemas del aparato reproductor femenino.","breadcrumb":{"@id":"https:\/\/www.lifenatura.com\/es\/produto\/artemisia-60-capsulas-fharmonat\/#breadcrumb"},"inLanguage":"es","potentialAction":[{"@type":"ReadAction","target":["https:\/\/www.lifenatura.com\/es\/produto\/artemisia-60-capsulas-fharmonat\/"]}]},{"@type":"ImageObject","inLanguage":"es","@id":"https:\/\/www.lifenatura.com\/es\/produto\/artemisia-60-capsulas-fharmonat\/#primaryimage","url":"https:\/\/www.lifenatura.com\/wp-content\/uploads\/2021\/09\/gd_artemisia-60caps-fharmonat.jpg","contentUrl":"https:\/\/www.lifenatura.com\/wp-content\/uploads\/2021\/09\/gd_artemisia-60caps-fharmonat.jpg","width":1000,"height":1000,"caption":"Artem\u00edsia 60 c\u00e1psulas - Fharmonat"},{"@type":"BreadcrumbList","@id":"https:\/\/www.lifenatura.com\/es\/produto\/artemisia-60-capsulas-fharmonat\/#breadcrumb","itemListElement":[{"@type":"ListItem","position":1,"name":"In\u00edcio","item":"https:\/\/www.lifenatura.com\/es\/"},{"@type":"ListItem","position":2,"name":"Todos los Productos","item":"https:\/\/www.lifenatura.com\/es\/tienda\/"},{"@type":"ListItem","position":3,"name":"Artem\u00edsia 60 c\u00e1psulas &#8211; Fharmonat"}]},{"@type":"WebSite","@id":"https:\/\/www.lifenatura.com\/es\/#website","url":"https:\/\/www.lifenatura.com\/es\/","name":"Lifenatura","description":"A Lifenatura \u00e9 uma loja de produtos naturais, cosm\u00e9tica natural e alimenta\u00e7\u00e3o Biol\u00f3gica.","publisher":{"@id":"https:\/\/www.lifenatura.com\/es\/#organization"},"potentialAction":[{"@type":"SearchAction","target":{"@type":"EntryPoint","urlTemplate":"https:\/\/www.lifenatura.com\/es\/?s={search_term_string}"},"query-input":{"@type":"PropertyValueSpecification","valueRequired":true,"valueName":"search_term_string"}}],"inLanguage":"es"},{"@type":"Organization","@id":"https:\/\/www.lifenatura.com\/es\/#organization","name":"Lifenatura","url":"https:\/\/www.lifenatura.com\/es\/","logo":{"@type":"ImageObject","inLanguage":"es","@id":"https:\/\/www.lifenatura.com\/es\/#\/schema\/logo\/image\/","url":"https:\/\/www.lifenatura.com\/wp-content\/uploads\/2021\/11\/logo.png","contentUrl":"https:\/\/www.lifenatura.com\/wp-content\/uploads\/2021\/11\/logo.png","width":175,"height":55,"caption":"Lifenatura"},"image":{"@id":"https:\/\/www.lifenatura.com\/es\/#\/schema\/logo\/image\/"},"sameAs":["https:\/\/www.facebook.com\/lifenatura","https:\/\/www.instagram.com\/lifenaturapt\/"]}]},"product_price_amount":"12.99","product_price_currency":"EUR","og_availability":"instock","product_availability":"instock","product_retailer_item_id":"5600315078159","product_condition":"new"},"df_price":12.99,"df_sale_price":12.99,"df_regular_price":21.66,"df_image_link":"https:\/\/www.lifenatura.com\/wp-content\/uploads\/2021\/09\/gd_artemisia-60caps-fharmonat-300x300.jpg","_links":{"self":[{"href":"https:\/\/www.lifenatura.com\/es\/wp-json\/wp\/v2\/product\/38044","targetHints":{"allow":["GET"]}}],"collection":[{"href":"https:\/\/www.lifenatura.com\/es\/wp-json\/wp\/v2\/product"}],"about":[{"href":"https:\/\/www.lifenatura.com\/es\/wp-json\/wp\/v2\/types\/product"}],"wp:featuredmedia":[{"embeddable":true,"href":"https:\/\/www.lifenatura.com\/es\/wp-json\/wp\/v2\/media\/19645"}],"wp:attachment":[{"href":"https:\/\/www.lifenatura.com\/es\/wp-json\/wp\/v2\/media?parent=38044"}],"wp:term":[{"taxonomy":"product_brand","embeddable":true,"href":"https:\/\/www.lifenatura.com\/es\/wp-json\/wp\/v2\/product_brand?post=38044"},{"taxonomy":"product_cat","embeddable":true,"href":"https:\/\/www.lifenatura.com\/es\/wp-json\/wp\/v2\/product_cat?post=38044"},{"taxonomy":"product_tag","embeddable":true,"href":"https:\/\/www.lifenatura.com\/es\/wp-json\/wp\/v2\/product_tag?post=38044"}],"curies":[{"name":"wp","href":"https:\/\/api.w.org\/{rel}","templated":true}]}}