{"id":37992,"date":"2021-09-30T09:58:39","date_gmt":"2021-09-30T09:58:39","guid":{"rendered":"https:\/\/lifenatura.dev.agenciagetdigital.com\/produto\/enolin-digest-lleve-3-pago-2-farmodietica\/"},"modified":"2026-04-21T00:00:48","modified_gmt":"2026-04-21T00:00:48","slug":"enolin-digest-lleve-3-pago-2-farmodietica","status":"publish","type":"product","link":"https:\/\/www.lifenatura.com\/es\/produto\/enolin-digest-lleve-3-pago-2-farmodietica\/","title":{"rendered":"Enolin Digest Lleve 3 Pago 2 &#8211; Farmodi\u00e9tica"},"content":{"rendered":"<h2 style=\"text-align: left;\"><strong>Enolin para el bienestar del h\u00edgado<\/strong><\/h2>\n<p>&nbsp;<\/p>\n<p>Enolin Digest de Farmodi\u00e9tica es un complemento alimenticio dise\u00f1ado para favorecer el buen funcionamiento del h\u00edgado y la ves\u00edcula biliar. Contiene colina, que contribuye al mantenimiento de la salud del h\u00edgado, siendo fundamental para el metabolismo de las grasas.<\/p>\n<p>En su composici\u00f3n tambi\u00e9n tiene extractos de plantas con una importante acci\u00f3n en la mejora de la digesti\u00f3n \/ desintoxicaci\u00f3n del h\u00edgado y puede utilizarse para facilitar las digestiones m\u00e1s dif\u00edciles.<\/p>\n<p><strong>Ahora puedes disfrutar del Pack Lleve 3 Pago 2 del nuevo Enolin Digest. <\/strong><\/p>\n<p>PRESENTACI\u00d3N 50 ml x 3<\/p>\n<h3><strong>Beneficios Enolin Digest<\/strong><\/h3>\n<ul>\n<li>Trastornos digestivos, en particular, resultantes del mal funcionamiento de la ves\u00edcula biliar;<\/li>\n<li>Malestar despu\u00e9s de comidas copiosas, rico en grasas;<\/li>\n<li>Mal funcionamiento del h\u00edgado y la ves\u00edcula biliar;<\/li>\n<li>Espasmos \/ flatulencias gastrointestinales.<\/li>\n<\/ul>\n<p>&nbsp;<\/p>\n","protected":false},"excerpt":{"rendered":"<p>Enolin Digest de Farmodi\u00e9tica un pack promocional Lleva 3 paga 2, indicado para ayudar el buen funcionamiento del h\u00edgado y ves\u00edcula biliar, contiene colina. [&#8230;]<\/p>\n<p><a class=\"btn btn-secondary understrap-read-more-link\" href=\"https:\/\/www.lifenatura.com\/es\/produto\/enolin-digest-lleve-3-pago-2-farmodietica\/\">Leer m\u00e1s&#8230;<span class=\"screen-reader-text\"> from Enolin Digest Lleve 3 Pago 2 &#8211; Farmodi\u00e9tica<\/span><\/a><\/p>\n","protected":false},"featured_media":19593,"template":"","meta":{"_acf_changed":false},"product_brand":[8491],"product_cat":[7145,7677,7254,7659,7276,7263,7179],"product_tag":[],"class_list":{"0":"post-37992","1":"product","2":"type-product","3":"status-publish","4":"has-post-thumbnail","6":"product_brand-enolin","7":"product_cat-alcachofa","8":"product_cat-cardo-mariano-bio","9":"product_cat-higado-vesicula","10":"product_cat-ingrediente-natural-bio","11":"product_cat-lleve-3-pago-2","12":"product_cat-packs-de-salud","13":"product_cat-salud","15":"first","16":"instock","17":"sale","18":"shipping-taxable","19":"purchasable","20":"product-type-woosb","21":"add-to-wishlist-before_image"},"acf":[],"yoast_head":"<!-- This site is optimized with the Yoast SEO Premium plugin v27.1 (Yoast SEO v27.5) - https:\/\/yoast.com\/product\/yoast-seo-premium-wordpress\/ -->\n<title>Enolin Digest Lleve 3 Pago 2 Farmodi\u00e9tica - Lifenatura<\/title>\n<meta name=\"description\" content=\"Enolin Digest de Farmodi\u00e9tica un pack promocional Lleva 3 paga 2, indicado para ayudar el buen funcionamiento del h\u00edgado y ves\u00edcula biliar, contiene colina.\" \/>\n<meta name=\"robots\" content=\"index, follow, max-snippet:-1, max-image-preview:large, max-video-preview:-1\" \/>\n<link rel=\"canonical\" href=\"https:\/\/www.lifenatura.com\/es\/produto\/enolin-digest-lleve-3-pago-2-farmodietica\/\" \/>\n<meta property=\"og:locale\" content=\"es_ES\" \/>\n<meta property=\"og:type\" content=\"article\" \/>\n<meta property=\"og:title\" content=\"Enolin Digest Lleve 3 Pago 2 - Farmodi\u00e9tica - Na Lifenatura ao Melhor Pre\u00e7o | Envio 48h\" \/>\n<meta property=\"og:description\" content=\"Compre Enolin Digest Lleve 3 Pago 2 - Farmodi\u00e9tica com envio r\u00e1pido. Entrega em 48h e portes gr\u00e1tis em compras &gt;35\u20ac. Aproveite j\u00e1 na Lifenatura\" \/>\n<meta property=\"og:url\" content=\"https:\/\/www.lifenatura.com\/es\/produto\/enolin-digest-lleve-3-pago-2-farmodietica\/\" \/>\n<meta property=\"og:site_name\" content=\"Lifenatura\" \/>\n<meta property=\"article:publisher\" content=\"https:\/\/www.facebook.com\/lifenatura\" \/>\n<meta property=\"article:modified_time\" content=\"2026-04-21T00:00:48+00:00\" \/>\n<meta property=\"og:image\" content=\"https:\/\/www.lifenatura.com\/wp-content\/uploads\/2021\/09\/gd_enolin_digest_gotas_pack_farmodietica.jpg\" \/>\n\t<meta property=\"og:image:width\" content=\"1000\" \/>\n\t<meta property=\"og:image:height\" content=\"1000\" \/>\n\t<meta property=\"og:image:type\" content=\"image\/jpeg\" \/>\n<meta name=\"twitter:card\" content=\"summary_large_image\" \/>\n<meta name=\"twitter:label1\" content=\"Precio\" \/>\n\t<meta name=\"twitter:data1\" content=\"23,37&nbsp;&euro;\" \/>\n\t<meta name=\"twitter:label2\" content=\"Disponibilidad\" \/>\n\t<meta name=\"twitter:data2\" content=\"Disponible\" \/>\n<script type=\"application\/ld+json\" class=\"yoast-schema-graph\">{\"@context\":\"https:\\\/\\\/schema.org\",\"@graph\":[{\"@type\":\"WebPage\",\"@id\":\"https:\\\/\\\/www.lifenatura.com\\\/es\\\/produto\\\/enolin-digest-lleve-3-pago-2-farmodietica\\\/\",\"url\":\"https:\\\/\\\/www.lifenatura.com\\\/es\\\/produto\\\/enolin-digest-lleve-3-pago-2-farmodietica\\\/\",\"name\":\"Enolin Digest Lleve 3 Pago 2 Farmodi\u00e9tica - Lifenatura\",\"isPartOf\":{\"@id\":\"https:\\\/\\\/www.lifenatura.com\\\/es\\\/#website\"},\"primaryImageOfPage\":{\"@id\":\"https:\\\/\\\/www.lifenatura.com\\\/es\\\/produto\\\/enolin-digest-lleve-3-pago-2-farmodietica\\\/#primaryimage\"},\"image\":{\"@id\":\"https:\\\/\\\/www.lifenatura.com\\\/es\\\/produto\\\/enolin-digest-lleve-3-pago-2-farmodietica\\\/#primaryimage\"},\"thumbnailUrl\":\"https:\\\/\\\/www.lifenatura.com\\\/wp-content\\\/uploads\\\/2021\\\/09\\\/gd_enolin_digest_gotas_pack_farmodietica.jpg\",\"datePublished\":\"2021-09-30T09:58:39+00:00\",\"dateModified\":\"2026-04-21T00:00:48+00:00\",\"description\":\"Enolin Digest de Farmodi\u00e9tica un pack promocional Lleva 3 paga 2, indicado para ayudar el buen funcionamiento del h\u00edgado y ves\u00edcula biliar, contiene colina.\",\"breadcrumb\":{\"@id\":\"https:\\\/\\\/www.lifenatura.com\\\/es\\\/produto\\\/enolin-digest-lleve-3-pago-2-farmodietica\\\/#breadcrumb\"},\"inLanguage\":\"es\",\"potentialAction\":[{\"@type\":\"ReadAction\",\"target\":[\"https:\\\/\\\/www.lifenatura.com\\\/es\\\/produto\\\/enolin-digest-lleve-3-pago-2-farmodietica\\\/\"]}]},{\"@type\":\"ImageObject\",\"inLanguage\":\"es\",\"@id\":\"https:\\\/\\\/www.lifenatura.com\\\/es\\\/produto\\\/enolin-digest-lleve-3-pago-2-farmodietica\\\/#primaryimage\",\"url\":\"https:\\\/\\\/www.lifenatura.com\\\/wp-content\\\/uploads\\\/2021\\\/09\\\/gd_enolin_digest_gotas_pack_farmodietica.jpg\",\"contentUrl\":\"https:\\\/\\\/www.lifenatura.com\\\/wp-content\\\/uploads\\\/2021\\\/09\\\/gd_enolin_digest_gotas_pack_farmodietica.jpg\",\"width\":1000,\"height\":1000,\"caption\":\"Enolin Digest Lleve 3 Pago 2 - Farmodi\u00e9tica\"},{\"@type\":\"BreadcrumbList\",\"@id\":\"https:\\\/\\\/www.lifenatura.com\\\/es\\\/produto\\\/enolin-digest-lleve-3-pago-2-farmodietica\\\/#breadcrumb\",\"itemListElement\":[{\"@type\":\"ListItem\",\"position\":1,\"name\":\"In\u00edcio\",\"item\":\"https:\\\/\\\/www.lifenatura.com\\\/es\\\/\"},{\"@type\":\"ListItem\",\"position\":2,\"name\":\"Todos los Productos\",\"item\":\"https:\\\/\\\/www.lifenatura.com\\\/es\\\/tienda\\\/\"},{\"@type\":\"ListItem\",\"position\":3,\"name\":\"Enolin Digest Lleve 3 Pago 2 &#8211; Farmodi\u00e9tica\"}]},{\"@type\":\"WebSite\",\"@id\":\"https:\\\/\\\/www.lifenatura.com\\\/es\\\/#website\",\"url\":\"https:\\\/\\\/www.lifenatura.com\\\/es\\\/\",\"name\":\"Lifenatura\",\"description\":\"A Lifenatura \u00e9 uma loja de produtos naturais, cosm\u00e9tica natural e alimenta\u00e7\u00e3o Biol\u00f3gica.\",\"publisher\":{\"@id\":\"https:\\\/\\\/www.lifenatura.com\\\/es\\\/#organization\"},\"potentialAction\":[{\"@type\":\"SearchAction\",\"target\":{\"@type\":\"EntryPoint\",\"urlTemplate\":\"https:\\\/\\\/www.lifenatura.com\\\/es\\\/?s={search_term_string}\"},\"query-input\":{\"@type\":\"PropertyValueSpecification\",\"valueRequired\":true,\"valueName\":\"search_term_string\"}}],\"inLanguage\":\"es\"},{\"@type\":\"Organization\",\"@id\":\"https:\\\/\\\/www.lifenatura.com\\\/es\\\/#organization\",\"name\":\"Lifenatura\",\"url\":\"https:\\\/\\\/www.lifenatura.com\\\/es\\\/\",\"logo\":{\"@type\":\"ImageObject\",\"inLanguage\":\"es\",\"@id\":\"https:\\\/\\\/www.lifenatura.com\\\/es\\\/#\\\/schema\\\/logo\\\/image\\\/\",\"url\":\"https:\\\/\\\/www.lifenatura.com\\\/wp-content\\\/uploads\\\/2021\\\/07\\\/logo.png\",\"contentUrl\":\"https:\\\/\\\/www.lifenatura.com\\\/wp-content\\\/uploads\\\/2021\\\/07\\\/logo.png\",\"width\":175,\"height\":55,\"caption\":\"Lifenatura\"},\"image\":{\"@id\":\"https:\\\/\\\/www.lifenatura.com\\\/es\\\/#\\\/schema\\\/logo\\\/image\\\/\"},\"sameAs\":[\"https:\\\/\\\/www.facebook.com\\\/lifenatura\",\"https:\\\/\\\/www.instagram.com\\\/lifenaturapt\\\/\"],\"hasMerchantReturnPolicy\":{\"@type\":\"MerchantReturnPolicy\",\"merchantReturnLink\":\"https:\\\/\\\/www.lifenatura.com\\\/termos-condicoes-lifenatura\\\/\"}}]}<\/script>\n<meta property=\"product:price:amount\" content=\"23.37\" \/>\n<meta property=\"product:price:currency\" content=\"EUR\" \/>\n<meta property=\"og:availability\" content=\"instock\" \/>\n<meta property=\"product:availability\" content=\"instock\" \/>\n<meta property=\"product:retailer_item_id\" content=\"56016530141066\" \/>\n<meta property=\"product:condition\" content=\"new\" \/>\n<!-- \/ Yoast SEO Premium plugin. -->","yoast_head_json":{"title":"Enolin Digest Lleve 3 Pago 2 Farmodi\u00e9tica - Lifenatura","description":"Enolin Digest de Farmodi\u00e9tica un pack promocional Lleva 3 paga 2, indicado para ayudar el buen funcionamiento del h\u00edgado y ves\u00edcula biliar, contiene colina.","robots":{"index":"index","follow":"follow","max-snippet":"max-snippet:-1","max-image-preview":"max-image-preview:large","max-video-preview":"max-video-preview:-1"},"canonical":"https:\/\/www.lifenatura.com\/es\/produto\/enolin-digest-lleve-3-pago-2-farmodietica\/","og_locale":"es_ES","og_type":"article","og_title":"Enolin Digest Lleve 3 Pago 2 - Farmodi\u00e9tica - Na Lifenatura ao Melhor Pre\u00e7o | Envio 48h","og_description":"Compre Enolin Digest Lleve 3 Pago 2 - Farmodi\u00e9tica com envio r\u00e1pido. Entrega em 48h e portes gr\u00e1tis em compras >35\u20ac. Aproveite j\u00e1 na Lifenatura","og_url":"https:\/\/www.lifenatura.com\/es\/produto\/enolin-digest-lleve-3-pago-2-farmodietica\/","og_site_name":"Lifenatura","article_publisher":"https:\/\/www.facebook.com\/lifenatura","article_modified_time":"2026-04-21T00:00:48+00:00","og_image":[{"width":1000,"height":1000,"url":"https:\/\/www.lifenatura.com\/wp-content\/uploads\/2021\/09\/gd_enolin_digest_gotas_pack_farmodietica.jpg","type":"image\/jpeg"}],"twitter_card":"summary_large_image","twitter_misc":{"Precio":"23,37&nbsp;&euro;","Disponibilidad":"Disponible"},"schema":{"@context":"https:\/\/schema.org","@graph":[{"@type":"WebPage","@id":"https:\/\/www.lifenatura.com\/es\/produto\/enolin-digest-lleve-3-pago-2-farmodietica\/","url":"https:\/\/www.lifenatura.com\/es\/produto\/enolin-digest-lleve-3-pago-2-farmodietica\/","name":"Enolin Digest Lleve 3 Pago 2 Farmodi\u00e9tica - Lifenatura","isPartOf":{"@id":"https:\/\/www.lifenatura.com\/es\/#website"},"primaryImageOfPage":{"@id":"https:\/\/www.lifenatura.com\/es\/produto\/enolin-digest-lleve-3-pago-2-farmodietica\/#primaryimage"},"image":{"@id":"https:\/\/www.lifenatura.com\/es\/produto\/enolin-digest-lleve-3-pago-2-farmodietica\/#primaryimage"},"thumbnailUrl":"https:\/\/www.lifenatura.com\/wp-content\/uploads\/2021\/09\/gd_enolin_digest_gotas_pack_farmodietica.jpg","datePublished":"2021-09-30T09:58:39+00:00","dateModified":"2026-04-21T00:00:48+00:00","description":"Enolin Digest de Farmodi\u00e9tica un pack promocional Lleva 3 paga 2, indicado para ayudar el buen funcionamiento del h\u00edgado y ves\u00edcula biliar, contiene colina.","breadcrumb":{"@id":"https:\/\/www.lifenatura.com\/es\/produto\/enolin-digest-lleve-3-pago-2-farmodietica\/#breadcrumb"},"inLanguage":"es","potentialAction":[{"@type":"ReadAction","target":["https:\/\/www.lifenatura.com\/es\/produto\/enolin-digest-lleve-3-pago-2-farmodietica\/"]}]},{"@type":"ImageObject","inLanguage":"es","@id":"https:\/\/www.lifenatura.com\/es\/produto\/enolin-digest-lleve-3-pago-2-farmodietica\/#primaryimage","url":"https:\/\/www.lifenatura.com\/wp-content\/uploads\/2021\/09\/gd_enolin_digest_gotas_pack_farmodietica.jpg","contentUrl":"https:\/\/www.lifenatura.com\/wp-content\/uploads\/2021\/09\/gd_enolin_digest_gotas_pack_farmodietica.jpg","width":1000,"height":1000,"caption":"Enolin Digest Lleve 3 Pago 2 - Farmodi\u00e9tica"},{"@type":"BreadcrumbList","@id":"https:\/\/www.lifenatura.com\/es\/produto\/enolin-digest-lleve-3-pago-2-farmodietica\/#breadcrumb","itemListElement":[{"@type":"ListItem","position":1,"name":"In\u00edcio","item":"https:\/\/www.lifenatura.com\/es\/"},{"@type":"ListItem","position":2,"name":"Todos los Productos","item":"https:\/\/www.lifenatura.com\/es\/tienda\/"},{"@type":"ListItem","position":3,"name":"Enolin Digest Lleve 3 Pago 2 &#8211; Farmodi\u00e9tica"}]},{"@type":"WebSite","@id":"https:\/\/www.lifenatura.com\/es\/#website","url":"https:\/\/www.lifenatura.com\/es\/","name":"Lifenatura","description":"A Lifenatura \u00e9 uma loja de produtos naturais, cosm\u00e9tica natural e alimenta\u00e7\u00e3o Biol\u00f3gica.","publisher":{"@id":"https:\/\/www.lifenatura.com\/es\/#organization"},"potentialAction":[{"@type":"SearchAction","target":{"@type":"EntryPoint","urlTemplate":"https:\/\/www.lifenatura.com\/es\/?s={search_term_string}"},"query-input":{"@type":"PropertyValueSpecification","valueRequired":true,"valueName":"search_term_string"}}],"inLanguage":"es"},{"@type":"Organization","@id":"https:\/\/www.lifenatura.com\/es\/#organization","name":"Lifenatura","url":"https:\/\/www.lifenatura.com\/es\/","logo":{"@type":"ImageObject","inLanguage":"es","@id":"https:\/\/www.lifenatura.com\/es\/#\/schema\/logo\/image\/","url":"https:\/\/www.lifenatura.com\/wp-content\/uploads\/2021\/07\/logo.png","contentUrl":"https:\/\/www.lifenatura.com\/wp-content\/uploads\/2021\/07\/logo.png","width":175,"height":55,"caption":"Lifenatura"},"image":{"@id":"https:\/\/www.lifenatura.com\/es\/#\/schema\/logo\/image\/"},"sameAs":["https:\/\/www.facebook.com\/lifenatura","https:\/\/www.instagram.com\/lifenaturapt\/"],"hasMerchantReturnPolicy":{"@type":"MerchantReturnPolicy","merchantReturnLink":"https:\/\/www.lifenatura.com\/termos-condicoes-lifenatura\/"}}]},"product_price_amount":"23.37","product_price_currency":"EUR","og_availability":"instock","product_availability":"instock","product_retailer_item_id":"56016530141066","product_condition":"new"},"df_price":23.37,"df_sale_price":23.37,"df_regular_price":44.7,"df_image_link":"https:\/\/www.lifenatura.com\/wp-content\/uploads\/2021\/09\/gd_enolin_digest_gotas_pack_farmodietica-300x300.jpg","_links":{"self":[{"href":"https:\/\/www.lifenatura.com\/es\/wp-json\/wp\/v2\/product\/37992","targetHints":{"allow":["GET"]}}],"collection":[{"href":"https:\/\/www.lifenatura.com\/es\/wp-json\/wp\/v2\/product"}],"about":[{"href":"https:\/\/www.lifenatura.com\/es\/wp-json\/wp\/v2\/types\/product"}],"wp:featuredmedia":[{"embeddable":true,"href":"https:\/\/www.lifenatura.com\/es\/wp-json\/wp\/v2\/media\/19593"}],"wp:attachment":[{"href":"https:\/\/www.lifenatura.com\/es\/wp-json\/wp\/v2\/media?parent=37992"}],"wp:term":[{"taxonomy":"product_brand","embeddable":true,"href":"https:\/\/www.lifenatura.com\/es\/wp-json\/wp\/v2\/product_brand?post=37992"},{"taxonomy":"product_cat","embeddable":true,"href":"https:\/\/www.lifenatura.com\/es\/wp-json\/wp\/v2\/product_cat?post=37992"},{"taxonomy":"product_tag","embeddable":true,"href":"https:\/\/www.lifenatura.com\/es\/wp-json\/wp\/v2\/product_tag?post=37992"}],"curies":[{"name":"wp","href":"https:\/\/api.w.org\/{rel}","templated":true}]}}