{"id":37979,"date":"2021-09-30T09:58:18","date_gmt":"2021-09-30T09:58:18","guid":{"rendered":"https:\/\/lifenatura.dev.agenciagetdigital.com\/produto\/prosta-herb-ampolas-lleve-3-pago-2-farmodietica\/"},"modified":"2026-03-25T10:02:08","modified_gmt":"2026-03-25T10:02:08","slug":"prosta-herb-ampolas-lleve-3-pago-2-farmodietica","status":"publish","type":"product","link":"https:\/\/www.lifenatura.com\/es\/produto\/prosta-herb-ampolas-lleve-3-pago-2-farmodietica\/","title":{"rendered":"Prosta-Herb ampolas Lleve 3 Pago 2 &#8211; Farmodi\u00e9tica"},"content":{"rendered":"<h2><strong>Prosta-Herb para trastornos prost\u00e1ticos<\/strong><\/h2>\n<p>&nbsp;<\/p>\n<p>Prosta-Herb Ampollas, ahora en pack de 3, es un complemento alimenticio formulado a base de plantas con un largo historial de uso tradicional en situaciones de trastornos del aparato reproductor\/pr\u00f3stata, como la granada, el palmito, la ortiga, el regaliz y la calabaza, y reforzado adem\u00e1s con minerales como el selenio, el cobre y el zinc.<\/p>\n<p><strong>El zinc<\/strong> contribuye al mantenimiento de los niveles normales de testosterona en la sangre, a la protecci\u00f3n de las c\u00e9lulas contra la oxidaci\u00f3n indeseable y a la fertilidad y reproducci\u00f3n normales.<\/p>\n<p><strong>Ahora disponible en pack promocional Lleve 3 Paga 2<\/strong><\/p>\n<p>Prosta-Herb Ampollas est\u00e1 indicado para hombres a partir de 40 a\u00f1os, apoyando el sistema reproductivo y la salud de la pr\u00f3stata.<\/p>\n<p><strong>Los principales beneficios de Prosta-Herb Ampollas:<\/strong><\/p>\n<ul>\n<li><strong>Salud de la Pr\u00f3stata:<\/strong> Est\u00e1 formulado con ingredientes que apoyan la salud de la pr\u00f3stata, incluyendo extractos de plantas como Saw Palmetto (Serenoa repens) y Pygeum (Pygeum africanum), que se han utilizado tradicionalmente para promover la salud de la pr\u00f3stata y aliviar los s\u00edntomas relacionados con la hiperplasia benigna de pr\u00f3stata (HBP).<\/li>\n<li><strong>Reducci\u00f3n de los s\u00edntomas del tracto urinario:<\/strong> Los ingredientes bot\u00e1nicos de Prosta-Herb tienen propiedades antiinflamatorias y antioxidantes que ayudan a reducir la inflamaci\u00f3n y aliviar los s\u00edntomas urinarios asociados a la HBP, como dificultad para orinar, micci\u00f3n frecuente y urgencia urinaria.<\/li>\n<li><strong>Equilibrio hormonal:<\/strong> Ciertos ingredientes, como la palma enana americana, pueden ayudar a equilibrar los niveles hormonales, concretamente reduciendo la conversi\u00f3n de testosterona en dihidrotestosterona (DHT), lo que puede ayudar a reducir el crecimiento de la pr\u00f3stata y los s\u00edntomas relacionados con la HBP.<\/li>\n<\/ul>\n<p><strong>PRESENTACI\u00d3N<\/strong><\/p>\n<p>30 ampollas x 3<\/p>\n<p>&nbsp;<\/p>\n","protected":false},"excerpt":{"rendered":"<p>Las ampollas de Prosta-Herb est\u00e1n ahora disponibles en un pack Lleva 3 Paga 2, y disfrute de los beneficios de una pr\u00f3stata sana y una vida m\u00e1s c\u00f3moda. [&#8230;]<\/p>\n<p><a class=\"btn btn-secondary understrap-read-more-link\" href=\"https:\/\/www.lifenatura.com\/es\/produto\/prosta-herb-ampolas-lleve-3-pago-2-farmodietica\/\">Leer m\u00e1s&#8230;<span class=\"screen-reader-text\"> from Prosta-Herb ampolas Lleve 3 Pago 2 &#8211; Farmodi\u00e9tica<\/span><\/a><\/p>\n","protected":false},"featured_media":19580,"template":"","meta":{"_acf_changed":false},"product_brand":[8488],"product_cat":[7276,7263,7251,7179],"product_tag":[],"class_list":{"0":"post-37979","1":"product","2":"type-product","3":"status-publish","4":"has-post-thumbnail","6":"product_brand-farmodietica","7":"product_cat-lleve-3-pago-2","8":"product_cat-packs-de-salud","9":"product_cat-prostata-salud","10":"product_cat-salud","12":"first","13":"instock","14":"sale","15":"shipping-taxable","16":"purchasable","17":"product-type-woosb","18":"add-to-wishlist-before_image"},"acf":[],"yoast_head":"<!-- This site is optimized with the Yoast SEO Premium plugin v27.1 (Yoast SEO v27.4) - https:\/\/yoast.com\/product\/yoast-seo-premium-wordpress\/ -->\n<title>Prosta-Herb ampolas Lleve 3 Pago 2 Farmodi\u00e9tica - Lifenatura<\/title>\n<meta name=\"description\" content=\"Las ampollas de Prosta-Herb est\u00e1n ahora disponibles en un pack Lleva 3 Paga 2, y disfrute de los beneficios de una pr\u00f3stata sana y una vida m\u00e1s c\u00f3moda.\" \/>\n<meta name=\"robots\" content=\"index, follow, max-snippet:-1, max-image-preview:large, max-video-preview:-1\" \/>\n<link rel=\"canonical\" href=\"https:\/\/www.lifenatura.com\/es\/produto\/prosta-herb-ampolas-lleve-3-pago-2-farmodietica\/\" \/>\n<meta property=\"og:locale\" content=\"es_ES\" \/>\n<meta property=\"og:type\" content=\"article\" \/>\n<meta property=\"og:title\" content=\"Prosta-Herb ampolas Lleve 3 Pago 2 - Farmodi\u00e9tica - Lifenatura\" \/>\n<meta property=\"og:description\" content=\"Compre aqui o seu Prosta-Herb ampolas Lleve 3 Pago 2 - Farmodi\u00e9tica e a Lifenatura Online envia em 48 H com Portes Gratis &gt;35\u20ac de Pedido.\" \/>\n<meta property=\"og:url\" content=\"https:\/\/www.lifenatura.com\/es\/produto\/prosta-herb-ampolas-lleve-3-pago-2-farmodietica\/\" \/>\n<meta property=\"og:site_name\" content=\"Lifenatura\" \/>\n<meta property=\"article:publisher\" content=\"https:\/\/www.facebook.com\/lifenatura\" \/>\n<meta property=\"article:modified_time\" content=\"2026-03-25T10:02:08+00:00\" \/>\n<meta property=\"og:image\" content=\"https:\/\/www.lifenatura.com\/wp-content\/uploads\/2021\/09\/gd_prosta_herb_ampolas_pack3_farmodietica.jpg\" \/>\n\t<meta property=\"og:image:width\" content=\"1000\" \/>\n\t<meta property=\"og:image:height\" content=\"1000\" \/>\n\t<meta property=\"og:image:type\" content=\"image\/jpeg\" \/>\n<meta name=\"twitter:card\" content=\"summary_large_image\" \/>\n<meta name=\"twitter:label1\" content=\"Precio\" \/>\n\t<meta name=\"twitter:data1\" content=\"70,68&nbsp;&euro;\" \/>\n\t<meta name=\"twitter:label2\" content=\"Disponibilidad\" \/>\n\t<meta name=\"twitter:data2\" content=\"Disponible\" \/>\n<meta property=\"product:price:amount\" content=\"70.68\" \/>\n<meta property=\"product:price:currency\" content=\"EUR\" \/>\n<meta property=\"og:availability\" content=\"instock\" \/>\n<meta property=\"product:availability\" content=\"instock\" \/>\n<meta property=\"product:retailer_item_id\" content=\"56016530145333\" \/>\n<meta property=\"product:condition\" content=\"new\" \/>\n<!-- \/ Yoast SEO Premium plugin. -->","yoast_head_json":{"title":"Prosta-Herb ampolas Lleve 3 Pago 2 Farmodi\u00e9tica - Lifenatura","description":"Las ampollas de Prosta-Herb est\u00e1n ahora disponibles en un pack Lleva 3 Paga 2, y disfrute de los beneficios de una pr\u00f3stata sana y una vida m\u00e1s c\u00f3moda.","robots":{"index":"index","follow":"follow","max-snippet":"max-snippet:-1","max-image-preview":"max-image-preview:large","max-video-preview":"max-video-preview:-1"},"canonical":"https:\/\/www.lifenatura.com\/es\/produto\/prosta-herb-ampolas-lleve-3-pago-2-farmodietica\/","og_locale":"es_ES","og_type":"article","og_title":"Prosta-Herb ampolas Lleve 3 Pago 2 - Farmodi\u00e9tica - Lifenatura","og_description":"Compre aqui o seu Prosta-Herb ampolas Lleve 3 Pago 2 - Farmodi\u00e9tica e a Lifenatura Online envia em 48 H com Portes Gratis >35\u20ac de Pedido.","og_url":"https:\/\/www.lifenatura.com\/es\/produto\/prosta-herb-ampolas-lleve-3-pago-2-farmodietica\/","og_site_name":"Lifenatura","article_publisher":"https:\/\/www.facebook.com\/lifenatura","article_modified_time":"2026-03-25T10:02:08+00:00","og_image":[{"width":1000,"height":1000,"url":"https:\/\/www.lifenatura.com\/wp-content\/uploads\/2021\/09\/gd_prosta_herb_ampolas_pack3_farmodietica.jpg","type":"image\/jpeg"}],"twitter_card":"summary_large_image","twitter_misc":{"Precio":"70,68&nbsp;&euro;","Disponibilidad":"Disponible"},"schema":{"@context":"https:\/\/schema.org","@graph":[{"@type":"WebPage","@id":"https:\/\/www.lifenatura.com\/es\/produto\/prosta-herb-ampolas-lleve-3-pago-2-farmodietica\/","url":"https:\/\/www.lifenatura.com\/es\/produto\/prosta-herb-ampolas-lleve-3-pago-2-farmodietica\/","name":"Prosta-Herb ampolas Lleve 3 Pago 2 Farmodi\u00e9tica - Lifenatura","isPartOf":{"@id":"https:\/\/www.lifenatura.com\/es\/#website"},"primaryImageOfPage":{"@id":"https:\/\/www.lifenatura.com\/es\/produto\/prosta-herb-ampolas-lleve-3-pago-2-farmodietica\/#primaryimage"},"image":{"@id":"https:\/\/www.lifenatura.com\/es\/produto\/prosta-herb-ampolas-lleve-3-pago-2-farmodietica\/#primaryimage"},"thumbnailUrl":"https:\/\/www.lifenatura.com\/wp-content\/uploads\/2021\/09\/gd_prosta_herb_ampolas_pack3_farmodietica.jpg","datePublished":"2021-09-30T09:58:18+00:00","dateModified":"2026-03-25T10:02:08+00:00","description":"Las ampollas de Prosta-Herb est\u00e1n ahora disponibles en un pack Lleva 3 Paga 2, y disfrute de los beneficios de una pr\u00f3stata sana y una vida m\u00e1s c\u00f3moda.","breadcrumb":{"@id":"https:\/\/www.lifenatura.com\/es\/produto\/prosta-herb-ampolas-lleve-3-pago-2-farmodietica\/#breadcrumb"},"inLanguage":"es","potentialAction":[{"@type":"ReadAction","target":["https:\/\/www.lifenatura.com\/es\/produto\/prosta-herb-ampolas-lleve-3-pago-2-farmodietica\/"]}]},{"@type":"ImageObject","inLanguage":"es","@id":"https:\/\/www.lifenatura.com\/es\/produto\/prosta-herb-ampolas-lleve-3-pago-2-farmodietica\/#primaryimage","url":"https:\/\/www.lifenatura.com\/wp-content\/uploads\/2021\/09\/gd_prosta_herb_ampolas_pack3_farmodietica.jpg","contentUrl":"https:\/\/www.lifenatura.com\/wp-content\/uploads\/2021\/09\/gd_prosta_herb_ampolas_pack3_farmodietica.jpg","width":1000,"height":1000,"caption":"Prosta-Herb ampolas Lleve 3 Pago 2 - Farmodi\u00e9tica"},{"@type":"BreadcrumbList","@id":"https:\/\/www.lifenatura.com\/es\/produto\/prosta-herb-ampolas-lleve-3-pago-2-farmodietica\/#breadcrumb","itemListElement":[{"@type":"ListItem","position":1,"name":"In\u00edcio","item":"https:\/\/www.lifenatura.com\/es\/"},{"@type":"ListItem","position":2,"name":"Todos los Productos","item":"https:\/\/www.lifenatura.com\/es\/tienda\/"},{"@type":"ListItem","position":3,"name":"Prosta-Herb ampolas Lleve 3 Pago 2 &#8211; Farmodi\u00e9tica"}]},{"@type":"WebSite","@id":"https:\/\/www.lifenatura.com\/es\/#website","url":"https:\/\/www.lifenatura.com\/es\/","name":"Lifenatura","description":"A Lifenatura \u00e9 uma loja de produtos naturais, cosm\u00e9tica natural e alimenta\u00e7\u00e3o Biol\u00f3gica.","publisher":{"@id":"https:\/\/www.lifenatura.com\/es\/#organization"},"potentialAction":[{"@type":"SearchAction","target":{"@type":"EntryPoint","urlTemplate":"https:\/\/www.lifenatura.com\/es\/?s={search_term_string}"},"query-input":{"@type":"PropertyValueSpecification","valueRequired":true,"valueName":"search_term_string"}}],"inLanguage":"es"},{"@type":"Organization","@id":"https:\/\/www.lifenatura.com\/es\/#organization","name":"Lifenatura","url":"https:\/\/www.lifenatura.com\/es\/","logo":{"@type":"ImageObject","inLanguage":"es","@id":"https:\/\/www.lifenatura.com\/es\/#\/schema\/logo\/image\/","url":"https:\/\/www.lifenatura.com\/wp-content\/uploads\/2021\/11\/logo.png","contentUrl":"https:\/\/www.lifenatura.com\/wp-content\/uploads\/2021\/11\/logo.png","width":175,"height":55,"caption":"Lifenatura"},"image":{"@id":"https:\/\/www.lifenatura.com\/es\/#\/schema\/logo\/image\/"},"sameAs":["https:\/\/www.facebook.com\/lifenatura","https:\/\/www.instagram.com\/lifenaturapt\/"]}]},"product_price_amount":"70.68","product_price_currency":"EUR","og_availability":"instock","product_availability":"instock","product_retailer_item_id":"56016530145333","product_condition":"new"},"df_price":70.68,"df_sale_price":70.68,"df_regular_price":135.27,"df_image_link":"https:\/\/www.lifenatura.com\/wp-content\/uploads\/2021\/09\/gd_prosta_herb_ampolas_pack3_farmodietica-300x300.jpg","_links":{"self":[{"href":"https:\/\/www.lifenatura.com\/es\/wp-json\/wp\/v2\/product\/37979","targetHints":{"allow":["GET"]}}],"collection":[{"href":"https:\/\/www.lifenatura.com\/es\/wp-json\/wp\/v2\/product"}],"about":[{"href":"https:\/\/www.lifenatura.com\/es\/wp-json\/wp\/v2\/types\/product"}],"wp:featuredmedia":[{"embeddable":true,"href":"https:\/\/www.lifenatura.com\/es\/wp-json\/wp\/v2\/media\/19580"}],"wp:attachment":[{"href":"https:\/\/www.lifenatura.com\/es\/wp-json\/wp\/v2\/media?parent=37979"}],"wp:term":[{"taxonomy":"product_brand","embeddable":true,"href":"https:\/\/www.lifenatura.com\/es\/wp-json\/wp\/v2\/product_brand?post=37979"},{"taxonomy":"product_cat","embeddable":true,"href":"https:\/\/www.lifenatura.com\/es\/wp-json\/wp\/v2\/product_cat?post=37979"},{"taxonomy":"product_tag","embeddable":true,"href":"https:\/\/www.lifenatura.com\/es\/wp-json\/wp\/v2\/product_tag?post=37979"}],"curies":[{"name":"wp","href":"https:\/\/api.w.org\/{rel}","templated":true}]}}