{"id":37978,"date":"2021-09-30T09:58:18","date_gmt":"2021-09-30T09:58:18","guid":{"rendered":"https:\/\/lifenatura.dev.agenciagetdigital.com\/produto\/prosta-herb-ampolas-farmodietica\/"},"modified":"2026-01-28T07:19:38","modified_gmt":"2026-01-28T07:19:38","slug":"prosta-herb-ampolas-farmodietica","status":"publish","type":"product","link":"https:\/\/www.lifenatura.com\/es\/produto\/prosta-herb-ampolas-farmodietica\/","title":{"rendered":"Prosta-Herb ampolas &#8211; Farmodi\u00e9tica"},"content":{"rendered":"<p>Prosta-Herb indicado para trastornos de pr\u00f3stata Prosta-Herb Ampoules es un complemento alimenticio formulado con plantas con una larga trayectoria de uso tradicional en situaciones de alteraciones en el sistema reproductivo \/ prost\u00e1tico, como granada, palma, ortiga, regaliz y calabaza, y tambi\u00e9n reforzado con minerales como el selenio, cobre y zinc. El zinc contribuye al mantenimiento de los niveles normales de testosterona en la sangre, a la protecci\u00f3n de las c\u00e9lulas contra la oxidaci\u00f3n indeseable y a la fertilidad y reproducci\u00f3n normales. Prosta-Herb Ampoules est\u00e1 indicado para hombres a partir de los 40 a\u00f1os, apoyando el sistema reproductivo y la salud de la pr\u00f3stata. \u00bfSabes cu\u00e1ndo necesitas Prosta Herb? Este suplemento est\u00e1 indicado para la prevenci\u00f3n de la Hiperplasia Benigna de Pr\u00f3stata (NBP) de esta forma para mejorar los s\u00edntomas asociados a este problema. Tambi\u00e9n sirve para tratar las molestias del tracto urinario y es un complemento de la terapia de prostatitis. PRESENTACI\u00d3N 30 ampollas<\/p>\n","protected":false},"excerpt":{"rendered":"<p>Prosta-Herb indicado para trastornos de pr\u00f3stata Prosta-Herb Ampoules es un complemento alimenticio formulado con plantas con una larga trayectoria de uso tradicional en situaciones de alteraciones en el sistema reproductivo \/ prost\u00e1tico, como granada, palma, ortiga, regaliz y calabaza, y tambi\u00e9n reforzado con minerales como el selenio, cobre y zinc. El zinc contribuye al mantenimiento [&#8230;]<\/p>\n<p><a class=\"btn btn-secondary understrap-read-more-link\" href=\"https:\/\/www.lifenatura.com\/es\/produto\/prosta-herb-ampolas-farmodietica\/\">Leer m\u00e1s&#8230;<span class=\"screen-reader-text\"> from Prosta-Herb ampolas &#8211; Farmodi\u00e9tica<\/span><\/a><\/p>\n","protected":false},"featured_media":131453,"template":"","meta":{"_acf_changed":false},"product_brand":[8488],"product_cat":[7251,7179],"product_tag":[8699],"class_list":{"0":"post-37978","1":"product","2":"type-product","3":"status-publish","4":"has-post-thumbnail","6":"product_brand-farmodietica","7":"product_cat-prostata-salud","8":"product_cat-salud","9":"product_tag-farmodietica","11":"first","12":"instock","13":"sale","14":"featured","15":"shipping-taxable","16":"purchasable","17":"product-type-simple","18":"add-to-wishlist-before_image"},"acf":[],"yoast_head":"<!-- This site is optimized with the Yoast SEO Premium plugin v27.1 (Yoast SEO v27.4) - https:\/\/yoast.com\/product\/yoast-seo-premium-wordpress\/ -->\n<title>Prosta-Herb ampolas - Farmodi\u00e9tica<\/title>\n<meta name=\"description\" content=\"Prosta-Herb Ampollas en pack de 3 unidades formulado con plantas de uso tradicional en situaciones de alteraciones en el sistema reproductivo \/ prost\u00e1tico.\" \/>\n<meta name=\"robots\" content=\"index, follow, max-snippet:-1, max-image-preview:large, max-video-preview:-1\" \/>\n<link rel=\"canonical\" href=\"https:\/\/www.lifenatura.com\/es\/produto\/prosta-herb-ampolas-farmodietica\/\" \/>\n<meta property=\"og:locale\" content=\"es_ES\" \/>\n<meta property=\"og:type\" content=\"article\" \/>\n<meta property=\"og:title\" content=\"Prosta-Herb ampolas - Farmodi\u00e9tica - Lifenatura\" \/>\n<meta property=\"og:description\" content=\"Compre aqui o seu Prosta-Herb ampolas - Farmodi\u00e9tica e a Lifenatura Online envia em 48 H com Portes Gratis &gt;35\u20ac de Pedido.\" \/>\n<meta property=\"og:url\" content=\"https:\/\/www.lifenatura.com\/es\/produto\/prosta-herb-ampolas-farmodietica\/\" \/>\n<meta property=\"og:site_name\" content=\"Lifenatura\" \/>\n<meta property=\"article:publisher\" content=\"https:\/\/www.facebook.com\/lifenatura\" \/>\n<meta property=\"article:modified_time\" content=\"2026-01-28T07:19:38+00:00\" \/>\n<meta property=\"og:image\" content=\"https:\/\/www.lifenatura.com\/wp-content\/uploads\/2021\/09\/gd_prosta_herb_ampolas_farmodietica.jpg\" \/>\n\t<meta property=\"og:image:width\" content=\"1000\" \/>\n\t<meta property=\"og:image:height\" content=\"1000\" \/>\n\t<meta property=\"og:image:type\" content=\"image\/jpeg\" \/>\n<meta name=\"twitter:card\" content=\"summary_large_image\" \/>\n<meta name=\"twitter:label1\" content=\"Precio\" \/>\n\t<meta name=\"twitter:data1\" content=\"24,80&nbsp;&euro;\" \/>\n\t<meta name=\"twitter:label2\" content=\"Disponibilidad\" \/>\n\t<meta name=\"twitter:data2\" content=\"Disponible\" \/>\n<meta property=\"product:price:amount\" content=\"24.80\" \/>\n<meta property=\"product:price:currency\" content=\"EUR\" \/>\n<meta property=\"og:availability\" content=\"instock\" \/>\n<meta property=\"product:availability\" content=\"instock\" \/>\n<meta property=\"product:retailer_item_id\" content=\"5601653014533\" \/>\n<meta property=\"product:condition\" content=\"new\" \/>\n<!-- \/ Yoast SEO Premium plugin. -->","yoast_head_json":{"title":"Prosta-Herb ampolas - Farmodi\u00e9tica","description":"Prosta-Herb Ampollas en pack de 3 unidades formulado con plantas de uso tradicional en situaciones de alteraciones en el sistema reproductivo \/ prost\u00e1tico.","robots":{"index":"index","follow":"follow","max-snippet":"max-snippet:-1","max-image-preview":"max-image-preview:large","max-video-preview":"max-video-preview:-1"},"canonical":"https:\/\/www.lifenatura.com\/es\/produto\/prosta-herb-ampolas-farmodietica\/","og_locale":"es_ES","og_type":"article","og_title":"Prosta-Herb ampolas - Farmodi\u00e9tica - Lifenatura","og_description":"Compre aqui o seu Prosta-Herb ampolas - Farmodi\u00e9tica e a Lifenatura Online envia em 48 H com Portes Gratis >35\u20ac de Pedido.","og_url":"https:\/\/www.lifenatura.com\/es\/produto\/prosta-herb-ampolas-farmodietica\/","og_site_name":"Lifenatura","article_publisher":"https:\/\/www.facebook.com\/lifenatura","article_modified_time":"2026-01-28T07:19:38+00:00","og_image":[{"width":1000,"height":1000,"url":"https:\/\/www.lifenatura.com\/wp-content\/uploads\/2021\/09\/gd_prosta_herb_ampolas_farmodietica.jpg","type":"image\/jpeg"}],"twitter_card":"summary_large_image","twitter_misc":{"Precio":"24,80&nbsp;&euro;","Disponibilidad":"Disponible"},"schema":{"@context":"https:\/\/schema.org","@graph":[{"@type":"WebPage","@id":"https:\/\/www.lifenatura.com\/es\/produto\/prosta-herb-ampolas-farmodietica\/","url":"https:\/\/www.lifenatura.com\/es\/produto\/prosta-herb-ampolas-farmodietica\/","name":"Prosta-Herb ampolas - Farmodi\u00e9tica","isPartOf":{"@id":"https:\/\/www.lifenatura.com\/es\/#website"},"primaryImageOfPage":{"@id":"https:\/\/www.lifenatura.com\/es\/produto\/prosta-herb-ampolas-farmodietica\/#primaryimage"},"image":{"@id":"https:\/\/www.lifenatura.com\/es\/produto\/prosta-herb-ampolas-farmodietica\/#primaryimage"},"thumbnailUrl":"https:\/\/www.lifenatura.com\/wp-content\/uploads\/2026\/03\/3D-Prosta-Herb-Ampolas.jpg","datePublished":"2021-09-30T09:58:18+00:00","dateModified":"2026-01-28T07:19:38+00:00","description":"Prosta-Herb Ampollas en pack de 3 unidades formulado con plantas de uso tradicional en situaciones de alteraciones en el sistema reproductivo \/ prost\u00e1tico.","breadcrumb":{"@id":"https:\/\/www.lifenatura.com\/es\/produto\/prosta-herb-ampolas-farmodietica\/#breadcrumb"},"inLanguage":"es","potentialAction":[{"@type":"ReadAction","target":["https:\/\/www.lifenatura.com\/es\/produto\/prosta-herb-ampolas-farmodietica\/"]}]},{"@type":"ImageObject","inLanguage":"es","@id":"https:\/\/www.lifenatura.com\/es\/produto\/prosta-herb-ampolas-farmodietica\/#primaryimage","url":"https:\/\/www.lifenatura.com\/wp-content\/uploads\/2026\/03\/3D-Prosta-Herb-Ampolas.jpg","contentUrl":"https:\/\/www.lifenatura.com\/wp-content\/uploads\/2026\/03\/3D-Prosta-Herb-Ampolas.jpg","width":1550,"height":1920},{"@type":"BreadcrumbList","@id":"https:\/\/www.lifenatura.com\/es\/produto\/prosta-herb-ampolas-farmodietica\/#breadcrumb","itemListElement":[{"@type":"ListItem","position":1,"name":"In\u00edcio","item":"https:\/\/www.lifenatura.com\/es\/"},{"@type":"ListItem","position":2,"name":"Todos los Productos","item":"https:\/\/www.lifenatura.com\/es\/tienda\/"},{"@type":"ListItem","position":3,"name":"Prosta-Herb ampolas &#8211; Farmodi\u00e9tica"}]},{"@type":"WebSite","@id":"https:\/\/www.lifenatura.com\/es\/#website","url":"https:\/\/www.lifenatura.com\/es\/","name":"Lifenatura","description":"A Lifenatura \u00e9 uma loja de produtos naturais, cosm\u00e9tica natural e alimenta\u00e7\u00e3o Biol\u00f3gica.","publisher":{"@id":"https:\/\/www.lifenatura.com\/es\/#organization"},"potentialAction":[{"@type":"SearchAction","target":{"@type":"EntryPoint","urlTemplate":"https:\/\/www.lifenatura.com\/es\/?s={search_term_string}"},"query-input":{"@type":"PropertyValueSpecification","valueRequired":true,"valueName":"search_term_string"}}],"inLanguage":"es"},{"@type":"Organization","@id":"https:\/\/www.lifenatura.com\/es\/#organization","name":"Lifenatura","url":"https:\/\/www.lifenatura.com\/es\/","logo":{"@type":"ImageObject","inLanguage":"es","@id":"https:\/\/www.lifenatura.com\/es\/#\/schema\/logo\/image\/","url":"https:\/\/www.lifenatura.com\/wp-content\/uploads\/2021\/11\/logo.png","contentUrl":"https:\/\/www.lifenatura.com\/wp-content\/uploads\/2021\/11\/logo.png","width":175,"height":55,"caption":"Lifenatura"},"image":{"@id":"https:\/\/www.lifenatura.com\/es\/#\/schema\/logo\/image\/"},"sameAs":["https:\/\/www.facebook.com\/lifenatura","https:\/\/www.instagram.com\/lifenaturapt\/"]}]},"product_price_amount":"24.80","product_price_currency":"EUR","og_availability":"instock","product_availability":"instock","product_retailer_item_id":"5601653014533","product_condition":"new"},"df_price":24.8,"df_sale_price":24.8,"df_regular_price":45.09,"df_image_link":"https:\/\/www.lifenatura.com\/wp-content\/uploads\/2026\/03\/3D-Prosta-Herb-Ampolas-242x300.jpg","_links":{"self":[{"href":"https:\/\/www.lifenatura.com\/es\/wp-json\/wp\/v2\/product\/37978","targetHints":{"allow":["GET"]}}],"collection":[{"href":"https:\/\/www.lifenatura.com\/es\/wp-json\/wp\/v2\/product"}],"about":[{"href":"https:\/\/www.lifenatura.com\/es\/wp-json\/wp\/v2\/types\/product"}],"wp:featuredmedia":[{"embeddable":true,"href":"https:\/\/www.lifenatura.com\/es\/wp-json\/wp\/v2\/media\/131453"}],"wp:attachment":[{"href":"https:\/\/www.lifenatura.com\/es\/wp-json\/wp\/v2\/media?parent=37978"}],"wp:term":[{"taxonomy":"product_brand","embeddable":true,"href":"https:\/\/www.lifenatura.com\/es\/wp-json\/wp\/v2\/product_brand?post=37978"},{"taxonomy":"product_cat","embeddable":true,"href":"https:\/\/www.lifenatura.com\/es\/wp-json\/wp\/v2\/product_cat?post=37978"},{"taxonomy":"product_tag","embeddable":true,"href":"https:\/\/www.lifenatura.com\/es\/wp-json\/wp\/v2\/product_tag?post=37978"}],"curies":[{"name":"wp","href":"https:\/\/api.w.org\/{rel}","templated":true}]}}