{"id":37966,"date":"2021-09-30T09:58:18","date_gmt":"2021-09-30T09:58:18","guid":{"rendered":"https:\/\/lifenatura.dev.agenciagetdigital.com\/produto\/omegamil-infantil-100-ml-lleve-3-pago-2-farmodietica\/"},"modified":"2026-03-25T10:04:20","modified_gmt":"2026-03-25T10:04:20","slug":"omegamil-infantil-100-ml-lleve-3-pago-2-farmodietica","status":"publish","type":"product","link":"https:\/\/www.lifenatura.com\/es\/produto\/omegamil-infantil-100-ml-lleve-3-pago-2-farmodietica\/","title":{"rendered":"Omegamil Infantil 100 ml Lleve 3 Pago 2 &#8211; Farmodi\u00e9tica"},"content":{"rendered":"<h2><strong>Omegamil infantil con Omega 3 ahora en envase promocional<\/strong><\/h2>\n<p>&nbsp;<\/p>\n<p>Omegamil Jarabe Infantil es un complemento que contiene Omega 3, con una alta concentraci\u00f3n de \u00e1cido docosahexaenoico o DHA. El DHA est\u00e1 indicado para el desarrollo mental, emocional, relacional, motor y visual de los ni\u00f1os.<\/p>\n<p><strong>Ahora disponible en pack promocional Toma 3 Paga 2<\/strong><\/p>\n<p>Omegamil\u00ae Children&#8217;s Lemon Orange est\u00e1 compuesto por un alto contenido en \u00e1cidos grasos omega-3 (DHA y EPA) procedentes del aceite de pescado. Elegir un suplemento seguro con un alto contenido en \u00e1cidos grasos omega-3 es la soluci\u00f3n ideal para complementar la dieta de los ni\u00f1os y promover un desarrollo saludable.<\/p>\n<p><strong>Los 3 principales beneficios de Omegamil para los ni\u00f1os:<\/strong><\/p>\n<ul>\n<li><strong>Desarrollo cerebral:<\/strong> Es rico en \u00e1cidos grasos, incluido el DHA (\u00e1cido docosahexaenoico), un componente crucial para el desarrollo saludable del cerebro y el sistema nervioso central de los ni\u00f1os. El DHA favorece la funci\u00f3n cognitiva, la memoria y el aprendizaje, proporcionando un apoyo esencial para el desarrollo cerebral.<\/li>\n<li><strong>Salud ocular:<\/strong> El DHA tambi\u00e9n desempe\u00f1a un papel importante en la salud ocular, contribuyendo a la formaci\u00f3n y el mantenimiento de la retina. Este nutriente puede ayudar a reducir el riesgo de problemas de visi\u00f3n y fomentar una visi\u00f3n sana en los ni\u00f1os en edad de crecimiento.<\/li>\n<li><strong>Refuerzo inmunitario:<\/strong> Omegamil Infantil tambi\u00e9n contiene EPA (\u00e1cido eicosapentaenoico) y otros nutrientes que ayudan a reforzar el sistema inmunitario de los ni\u00f1os, promoviendo una respuesta inmunitaria eficaz frente a infecciones y enfermedades.<\/li>\n<\/ul>\n<p><strong>PRESENTACI\u00d3N<\/strong><\/p>\n<p>100ml x 3<\/p>\n<p>&nbsp;<\/p>\n","protected":false},"excerpt":{"rendered":"<p>Omegamil Infantil est\u00e1 disponible Lleve 3 Pago 2, una f\u00f3rmula equilibrada de Omega 3 con beneficios para el cerebro, los ojos y el sistema inmunitario. [&#8230;]<\/p>\n<p><a class=\"btn btn-secondary understrap-read-more-link\" href=\"https:\/\/www.lifenatura.com\/es\/produto\/omegamil-infantil-100-ml-lleve-3-pago-2-farmodietica\/\">Leer m\u00e1s&#8230;<span class=\"screen-reader-text\"> from Omegamil Infantil 100 ml Lleve 3 Pago 2 &#8211; Farmodi\u00e9tica<\/span><\/a><\/p>\n","protected":false},"featured_media":19567,"template":"","meta":{"_acf_changed":false},"product_brand":[8488],"product_cat":[7182,7276,7263,7180,7179],"product_tag":[],"class_list":{"0":"post-37966","1":"product","2":"type-product","3":"status-publish","4":"has-post-thumbnail","6":"product_brand-farmodietica","7":"product_cat-concentracion-memoria","8":"product_cat-lleve-3-pago-2","9":"product_cat-packs-de-salud","10":"product_cat-para-los-ninos","11":"product_cat-salud","13":"first","14":"instock","15":"sale","16":"shipping-taxable","17":"purchasable","18":"product-type-woosb","19":"add-to-wishlist-before_image"},"acf":[],"yoast_head":"<!-- This site is optimized with the Yoast SEO Premium plugin v27.1 (Yoast SEO v27.4) - https:\/\/yoast.com\/product\/yoast-seo-premium-wordpress\/ -->\n<title>Omegamil Infantil Lleve 3 Pago 2 Farmodi\u00e9tica - Lifenatura<\/title>\n<meta name=\"description\" content=\"Omegamil Infantil est\u00e1 disponible Lleve 3 Pago 2, una f\u00f3rmula equilibrada de Omega 3 con beneficios para el cerebro, los ojos y el sistema inmunitario.\" \/>\n<meta name=\"robots\" content=\"index, follow, max-snippet:-1, max-image-preview:large, max-video-preview:-1\" \/>\n<link rel=\"canonical\" href=\"https:\/\/www.lifenatura.com\/es\/produto\/omegamil-infantil-100-ml-lleve-3-pago-2-farmodietica\/\" \/>\n<meta property=\"og:locale\" content=\"es_ES\" \/>\n<meta property=\"og:type\" content=\"article\" \/>\n<meta property=\"og:title\" content=\"Omegamil Infantil 100 ml Lleve 3 Pago 2 - Farmodi\u00e9tica - Lifenatura\" \/>\n<meta property=\"og:description\" content=\"Compre aqui o seu Omegamil Infantil 100 ml Lleve 3 Pago 2 - Farmodi\u00e9tica e a Lifenatura Online envia em 48 H com Portes Gratis &gt;35\u20ac de Pedido.\" \/>\n<meta property=\"og:url\" content=\"https:\/\/www.lifenatura.com\/es\/produto\/omegamil-infantil-100-ml-lleve-3-pago-2-farmodietica\/\" \/>\n<meta property=\"og:site_name\" content=\"Lifenatura\" \/>\n<meta property=\"article:publisher\" content=\"https:\/\/www.facebook.com\/lifenatura\" \/>\n<meta property=\"article:modified_time\" content=\"2026-03-25T10:04:20+00:00\" \/>\n<meta property=\"og:image\" content=\"https:\/\/www.lifenatura.com\/wp-content\/uploads\/2021\/09\/gd_omegamil_infantil_pack3_farmodietica.jpg\" \/>\n\t<meta property=\"og:image:width\" content=\"1000\" \/>\n\t<meta property=\"og:image:height\" content=\"1000\" \/>\n\t<meta property=\"og:image:type\" content=\"image\/jpeg\" \/>\n<meta name=\"twitter:card\" content=\"summary_large_image\" \/>\n<meta name=\"twitter:label1\" content=\"Precio\" \/>\n\t<meta name=\"twitter:data1\" content=\"44,31&nbsp;&euro;\" \/>\n\t<meta name=\"twitter:label2\" content=\"Disponibilidad\" \/>\n\t<meta name=\"twitter:data2\" content=\"Disponible\" \/>\n<meta property=\"product:price:amount\" content=\"44.31\" \/>\n<meta property=\"product:price:currency\" content=\"EUR\" \/>\n<meta property=\"og:availability\" content=\"instock\" \/>\n<meta property=\"product:availability\" content=\"instock\" \/>\n<meta property=\"product:retailer_item_id\" content=\"56016530027455\" \/>\n<meta property=\"product:condition\" content=\"new\" \/>\n<!-- \/ Yoast SEO Premium plugin. -->","yoast_head_json":{"title":"Omegamil Infantil Lleve 3 Pago 2 Farmodi\u00e9tica - Lifenatura","description":"Omegamil Infantil est\u00e1 disponible Lleve 3 Pago 2, una f\u00f3rmula equilibrada de Omega 3 con beneficios para el cerebro, los ojos y el sistema inmunitario.","robots":{"index":"index","follow":"follow","max-snippet":"max-snippet:-1","max-image-preview":"max-image-preview:large","max-video-preview":"max-video-preview:-1"},"canonical":"https:\/\/www.lifenatura.com\/es\/produto\/omegamil-infantil-100-ml-lleve-3-pago-2-farmodietica\/","og_locale":"es_ES","og_type":"article","og_title":"Omegamil Infantil 100 ml Lleve 3 Pago 2 - Farmodi\u00e9tica - Lifenatura","og_description":"Compre aqui o seu Omegamil Infantil 100 ml Lleve 3 Pago 2 - Farmodi\u00e9tica e a Lifenatura Online envia em 48 H com Portes Gratis >35\u20ac de Pedido.","og_url":"https:\/\/www.lifenatura.com\/es\/produto\/omegamil-infantil-100-ml-lleve-3-pago-2-farmodietica\/","og_site_name":"Lifenatura","article_publisher":"https:\/\/www.facebook.com\/lifenatura","article_modified_time":"2026-03-25T10:04:20+00:00","og_image":[{"width":1000,"height":1000,"url":"https:\/\/www.lifenatura.com\/wp-content\/uploads\/2021\/09\/gd_omegamil_infantil_pack3_farmodietica.jpg","type":"image\/jpeg"}],"twitter_card":"summary_large_image","twitter_misc":{"Precio":"44,31&nbsp;&euro;","Disponibilidad":"Disponible"},"schema":{"@context":"https:\/\/schema.org","@graph":[{"@type":"WebPage","@id":"https:\/\/www.lifenatura.com\/es\/produto\/omegamil-infantil-100-ml-lleve-3-pago-2-farmodietica\/","url":"https:\/\/www.lifenatura.com\/es\/produto\/omegamil-infantil-100-ml-lleve-3-pago-2-farmodietica\/","name":"Omegamil Infantil Lleve 3 Pago 2 Farmodi\u00e9tica - Lifenatura","isPartOf":{"@id":"https:\/\/www.lifenatura.com\/#website"},"primaryImageOfPage":{"@id":"https:\/\/www.lifenatura.com\/es\/produto\/omegamil-infantil-100-ml-lleve-3-pago-2-farmodietica\/#primaryimage"},"image":{"@id":"https:\/\/www.lifenatura.com\/es\/produto\/omegamil-infantil-100-ml-lleve-3-pago-2-farmodietica\/#primaryimage"},"thumbnailUrl":"https:\/\/www.lifenatura.com\/wp-content\/uploads\/2021\/09\/gd_omegamil_infantil_pack3_farmodietica.jpg","datePublished":"2021-09-30T09:58:18+00:00","dateModified":"2026-03-25T10:04:20+00:00","description":"Omegamil Infantil est\u00e1 disponible Lleve 3 Pago 2, una f\u00f3rmula equilibrada de Omega 3 con beneficios para el cerebro, los ojos y el sistema inmunitario.","breadcrumb":{"@id":"https:\/\/www.lifenatura.com\/es\/produto\/omegamil-infantil-100-ml-lleve-3-pago-2-farmodietica\/#breadcrumb"},"inLanguage":"es","potentialAction":[{"@type":"ReadAction","target":["https:\/\/www.lifenatura.com\/es\/produto\/omegamil-infantil-100-ml-lleve-3-pago-2-farmodietica\/"]}]},{"@type":"ImageObject","inLanguage":"es","@id":"https:\/\/www.lifenatura.com\/es\/produto\/omegamil-infantil-100-ml-lleve-3-pago-2-farmodietica\/#primaryimage","url":"https:\/\/www.lifenatura.com\/wp-content\/uploads\/2021\/09\/gd_omegamil_infantil_pack3_farmodietica.jpg","contentUrl":"https:\/\/www.lifenatura.com\/wp-content\/uploads\/2021\/09\/gd_omegamil_infantil_pack3_farmodietica.jpg","width":1000,"height":1000,"caption":"Omegamil Infantil 100 ml Lleve 3 Pago 2 - Farmodi\u00e9tica"},{"@type":"BreadcrumbList","@id":"https:\/\/www.lifenatura.com\/es\/produto\/omegamil-infantil-100-ml-lleve-3-pago-2-farmodietica\/#breadcrumb","itemListElement":[{"@type":"ListItem","position":1,"name":"In\u00edcio","item":"https:\/\/www.lifenatura.com\/es\/"},{"@type":"ListItem","position":2,"name":"Todos los Productos","item":"https:\/\/www.lifenatura.com\/es\/tienda\/"},{"@type":"ListItem","position":3,"name":"Omegamil Infantil 100 ml Lleve 3 Pago 2 &#8211; Farmodi\u00e9tica"}]},{"@type":"WebSite","@id":"https:\/\/www.lifenatura.com\/#website","url":"https:\/\/www.lifenatura.com\/","name":"Lifenatura","description":"A Lifenatura \u00e9 uma loja de produtos naturais, cosm\u00e9tica natural e alimenta\u00e7\u00e3o Biol\u00f3gica.","publisher":{"@id":"https:\/\/www.lifenatura.com\/#organization"},"potentialAction":[{"@type":"SearchAction","target":{"@type":"EntryPoint","urlTemplate":"https:\/\/www.lifenatura.com\/?s={search_term_string}"},"query-input":{"@type":"PropertyValueSpecification","valueRequired":true,"valueName":"search_term_string"}}],"inLanguage":"es"},{"@type":"Organization","@id":"https:\/\/www.lifenatura.com\/#organization","name":"Lifenatura","url":"https:\/\/www.lifenatura.com\/","logo":{"@type":"ImageObject","inLanguage":"es","@id":"https:\/\/www.lifenatura.com\/#\/schema\/logo\/image\/","url":"https:\/\/www.lifenatura.com\/wp-content\/uploads\/2021\/11\/logo.png","contentUrl":"https:\/\/www.lifenatura.com\/wp-content\/uploads\/2021\/11\/logo.png","width":175,"height":55,"caption":"Lifenatura"},"image":{"@id":"https:\/\/www.lifenatura.com\/#\/schema\/logo\/image\/"},"sameAs":["https:\/\/www.facebook.com\/lifenatura","https:\/\/www.instagram.com\/lifenaturapt\/"]}]},"product_price_amount":"44.31","product_price_currency":"EUR","og_availability":"instock","product_availability":"instock","product_retailer_item_id":"56016530027455","product_condition":"new"},"df_price":44.31,"df_sale_price":44.32,"df_regular_price":84.84,"df_image_link":"https:\/\/www.lifenatura.com\/wp-content\/uploads\/2021\/09\/gd_omegamil_infantil_pack3_farmodietica-300x300.jpg","_links":{"self":[{"href":"https:\/\/www.lifenatura.com\/es\/wp-json\/wp\/v2\/product\/37966","targetHints":{"allow":["GET"]}}],"collection":[{"href":"https:\/\/www.lifenatura.com\/es\/wp-json\/wp\/v2\/product"}],"about":[{"href":"https:\/\/www.lifenatura.com\/es\/wp-json\/wp\/v2\/types\/product"}],"wp:featuredmedia":[{"embeddable":true,"href":"https:\/\/www.lifenatura.com\/es\/wp-json\/wp\/v2\/media\/19567"}],"wp:attachment":[{"href":"https:\/\/www.lifenatura.com\/es\/wp-json\/wp\/v2\/media?parent=37966"}],"wp:term":[{"taxonomy":"product_brand","embeddable":true,"href":"https:\/\/www.lifenatura.com\/es\/wp-json\/wp\/v2\/product_brand?post=37966"},{"taxonomy":"product_cat","embeddable":true,"href":"https:\/\/www.lifenatura.com\/es\/wp-json\/wp\/v2\/product_cat?post=37966"},{"taxonomy":"product_tag","embeddable":true,"href":"https:\/\/www.lifenatura.com\/es\/wp-json\/wp\/v2\/product_tag?post=37966"}],"curies":[{"name":"wp","href":"https:\/\/api.w.org\/{rel}","templated":true}]}}