{"id":37960,"date":"2021-09-30T09:57:56","date_gmt":"2021-09-30T09:57:56","guid":{"rendered":"https:\/\/lifenatura.dev.agenciagetdigital.com\/produto\/imucold-jarabe-adulto-200-ml-lleve-3-pago-2-farmodietica\/"},"modified":"2026-03-25T10:44:38","modified_gmt":"2026-03-25T10:44:38","slug":"imucold-jarabe-adulto-200-ml-lleve-3-pago-2-farmodietica","status":"publish","type":"product","link":"https:\/\/www.lifenatura.com\/es\/produto\/imucold-jarabe-adulto-200-ml-lleve-3-pago-2-farmodietica\/","title":{"rendered":"Imucold Jarabe Adulto 200 ml Lleve 3 Pago 2 &#8211; Farmodi\u00e9tica"},"content":{"rendered":"<h2><strong>Imucold jarabe para el resfriado y la gripe<\/strong><\/h2>\n<p>&nbsp;<\/p>\n<p>Imucold jarabe sin az\u00facar contiene una combinaci\u00f3n de varias plantas tradicionales como el tomillo, el sa\u00faco, la lavanda, el pino silvestre, el liquen de Islandia, el clavo y el or\u00e9gano, que confieren a la formulaci\u00f3n caracter\u00edsticas \u00fanicas.<\/p>\n<p>Estas plantas contribuyen a un efecto calmante de las v\u00edas respiratorias, ayudando a aliviar la tos y a reducir los s\u00edntomas de irritaci\u00f3n de garganta.<\/p>\n<ul>\n<li><strong>Refuerzo inmunol\u00f3gico:<\/strong> Los ingredientes activos de Imucold Jarabe estimulan el sistema inmunol\u00f3gico, ayudando al organismo a combatir m\u00e1s eficazmente las infecciones v\u00edricas y bacterianas.<\/li>\n<li><strong>Alivio de los s\u00edntomas respiratorios:<\/strong> El jarabe ayuda a aliviar la tos, la congesti\u00f3n nasal, el dolor de garganta y otros s\u00edntomas respiratorios, proporcionando confort y bienestar durante el periodo de enfermedad.<\/li>\n<li><strong>Acci\u00f3n descongestionante:<\/strong> Algunos de los ingredientes del jarabe tienen propiedades descongestionantes, que ayudan a aliviar la congesti\u00f3n nasal y facilitan la respiraci\u00f3n.<\/li>\n<\/ul>\n<p><strong>PRESENTACI\u00d3N<\/strong><\/p>\n<p>200ml x 3<\/p>\n<p>&nbsp;<\/p>\n","protected":false},"excerpt":{"rendered":"<p>Imucold jarabe para adultos con envase familiar take 3 pay 2, ideal para aliviar la tos y reducir los s\u00edntomas de irritaci\u00f3n de garganta. [&#8230;]<\/p>\n<p><a class=\"btn btn-secondary understrap-read-more-link\" href=\"https:\/\/www.lifenatura.com\/es\/produto\/imucold-jarabe-adulto-200-ml-lleve-3-pago-2-farmodietica\/\">Leer m\u00e1s&#8230;<span class=\"screen-reader-text\"> from Imucold Jarabe Adulto 200 ml Lleve 3 Pago 2 &#8211; Farmodi\u00e9tica<\/span><\/a><\/p>\n","protected":false},"featured_media":85337,"template":"","meta":{"_acf_changed":false},"product_brand":[8488],"product_cat":[7231,7276,7263,7179],"product_tag":[],"class_list":{"0":"post-37960","1":"product","2":"type-product","3":"status-publish","4":"has-post-thumbnail","6":"product_brand-farmodietica","7":"product_cat-gripe","8":"product_cat-lleve-3-pago-2","9":"product_cat-packs-de-salud","10":"product_cat-salud","12":"first","13":"instock","14":"sale","15":"shipping-taxable","16":"purchasable","17":"product-type-woosb","18":"add-to-wishlist-before_image"},"acf":[],"yoast_head":"<!-- This site is optimized with the Yoast SEO Premium plugin v27.1 (Yoast SEO v27.3) - https:\/\/yoast.com\/product\/yoast-seo-premium-wordpress\/ -->\n<title>Imucold Jarabe Adulto Lleve 3 Pago 2 Farmodi\u00e9tica - Lifenatura<\/title>\n<meta name=\"description\" content=\"Imucold jarabe para adultos con envase familiar take 3 pay 2, ideal para aliviar la tos y reducir los s\u00edntomas de irritaci\u00f3n de garganta.\" \/>\n<meta name=\"robots\" content=\"index, follow, max-snippet:-1, max-image-preview:large, max-video-preview:-1\" \/>\n<link rel=\"canonical\" href=\"https:\/\/www.lifenatura.com\/es\/produto\/imucold-jarabe-adulto-200-ml-lleve-3-pago-2-farmodietica\/\" \/>\n<meta property=\"og:locale\" content=\"es_ES\" \/>\n<meta property=\"og:type\" content=\"article\" \/>\n<meta property=\"og:title\" content=\"Imucold Jarabe Adulto 200 ml Lleve 3 Pago 2 - Farmodi\u00e9tica - Lifenatura\" \/>\n<meta property=\"og:description\" content=\"Compre aqui o seu Imucold Jarabe Adulto 200 ml Lleve 3 Pago 2 - Farmodi\u00e9tica e a Lifenatura Online envia em 48 H com Portes Gratis &gt;35\u20ac de Pedido.\" \/>\n<meta property=\"og:url\" content=\"https:\/\/www.lifenatura.com\/es\/produto\/imucold-jarabe-adulto-200-ml-lleve-3-pago-2-farmodietica\/\" \/>\n<meta property=\"og:site_name\" content=\"Lifenatura\" \/>\n<meta property=\"article:publisher\" content=\"https:\/\/www.facebook.com\/lifenatura\" \/>\n<meta property=\"article:modified_time\" content=\"2026-03-25T10:44:38+00:00\" \/>\n<meta property=\"og:image\" content=\"https:\/\/www.lifenatura.com\/wp-content\/uploads\/2021\/09\/imucold-xarope-pack-farmodietica.jpg\" \/>\n\t<meta property=\"og:image:width\" content=\"1000\" \/>\n\t<meta property=\"og:image:height\" content=\"1000\" \/>\n\t<meta property=\"og:image:type\" content=\"image\/jpeg\" \/>\n<meta name=\"twitter:card\" content=\"summary_large_image\" \/>\n<meta name=\"twitter:label1\" content=\"Precio\" \/>\n\t<meta name=\"twitter:data1\" content=\"34,17&nbsp;&euro;\" \/>\n\t<meta name=\"twitter:label2\" content=\"Disponibilidad\" \/>\n\t<meta name=\"twitter:data2\" content=\"Disponible\" \/>\n<meta property=\"product:price:amount\" content=\"34.17\" \/>\n<meta property=\"product:price:currency\" content=\"EUR\" \/>\n<meta property=\"og:availability\" content=\"instock\" \/>\n<meta property=\"product:availability\" content=\"instock\" \/>\n<meta property=\"product:retailer_item_id\" content=\"56016530060888\" \/>\n<meta property=\"product:condition\" content=\"new\" \/>\n<!-- \/ Yoast SEO Premium plugin. -->","yoast_head_json":{"title":"Imucold Jarabe Adulto Lleve 3 Pago 2 Farmodi\u00e9tica - Lifenatura","description":"Imucold jarabe para adultos con envase familiar take 3 pay 2, ideal para aliviar la tos y reducir los s\u00edntomas de irritaci\u00f3n de garganta.","robots":{"index":"index","follow":"follow","max-snippet":"max-snippet:-1","max-image-preview":"max-image-preview:large","max-video-preview":"max-video-preview:-1"},"canonical":"https:\/\/www.lifenatura.com\/es\/produto\/imucold-jarabe-adulto-200-ml-lleve-3-pago-2-farmodietica\/","og_locale":"es_ES","og_type":"article","og_title":"Imucold Jarabe Adulto 200 ml Lleve 3 Pago 2 - Farmodi\u00e9tica - Lifenatura","og_description":"Compre aqui o seu Imucold Jarabe Adulto 200 ml Lleve 3 Pago 2 - Farmodi\u00e9tica e a Lifenatura Online envia em 48 H com Portes Gratis >35\u20ac de Pedido.","og_url":"https:\/\/www.lifenatura.com\/es\/produto\/imucold-jarabe-adulto-200-ml-lleve-3-pago-2-farmodietica\/","og_site_name":"Lifenatura","article_publisher":"https:\/\/www.facebook.com\/lifenatura","article_modified_time":"2026-03-25T10:44:38+00:00","og_image":[{"width":1000,"height":1000,"url":"https:\/\/www.lifenatura.com\/wp-content\/uploads\/2021\/09\/imucold-xarope-pack-farmodietica.jpg","type":"image\/jpeg"}],"twitter_card":"summary_large_image","twitter_misc":{"Precio":"34,17&nbsp;&euro;","Disponibilidad":"Disponible"},"schema":{"@context":"https:\/\/schema.org","@graph":[{"@type":"WebPage","@id":"https:\/\/www.lifenatura.com\/es\/produto\/imucold-jarabe-adulto-200-ml-lleve-3-pago-2-farmodietica\/","url":"https:\/\/www.lifenatura.com\/es\/produto\/imucold-jarabe-adulto-200-ml-lleve-3-pago-2-farmodietica\/","name":"Imucold Jarabe Adulto Lleve 3 Pago 2 Farmodi\u00e9tica - Lifenatura","isPartOf":{"@id":"https:\/\/www.lifenatura.com\/es\/#website"},"primaryImageOfPage":{"@id":"https:\/\/www.lifenatura.com\/es\/produto\/imucold-jarabe-adulto-200-ml-lleve-3-pago-2-farmodietica\/#primaryimage"},"image":{"@id":"https:\/\/www.lifenatura.com\/es\/produto\/imucold-jarabe-adulto-200-ml-lleve-3-pago-2-farmodietica\/#primaryimage"},"thumbnailUrl":"https:\/\/www.lifenatura.com\/wp-content\/uploads\/2021\/09\/imucold-xarope-pack-farmodietica.jpg","datePublished":"2021-09-30T09:57:56+00:00","dateModified":"2026-03-25T10:44:38+00:00","description":"Imucold jarabe para adultos con envase familiar take 3 pay 2, ideal para aliviar la tos y reducir los s\u00edntomas de irritaci\u00f3n de garganta.","breadcrumb":{"@id":"https:\/\/www.lifenatura.com\/es\/produto\/imucold-jarabe-adulto-200-ml-lleve-3-pago-2-farmodietica\/#breadcrumb"},"inLanguage":"es","potentialAction":[{"@type":"ReadAction","target":["https:\/\/www.lifenatura.com\/es\/produto\/imucold-jarabe-adulto-200-ml-lleve-3-pago-2-farmodietica\/"]}]},{"@type":"ImageObject","inLanguage":"es","@id":"https:\/\/www.lifenatura.com\/es\/produto\/imucold-jarabe-adulto-200-ml-lleve-3-pago-2-farmodietica\/#primaryimage","url":"https:\/\/www.lifenatura.com\/wp-content\/uploads\/2021\/09\/imucold-xarope-pack-farmodietica.jpg","contentUrl":"https:\/\/www.lifenatura.com\/wp-content\/uploads\/2021\/09\/imucold-xarope-pack-farmodietica.jpg","width":1000,"height":1000,"caption":"imucold xarope pack familiar da farmodietica"},{"@type":"BreadcrumbList","@id":"https:\/\/www.lifenatura.com\/es\/produto\/imucold-jarabe-adulto-200-ml-lleve-3-pago-2-farmodietica\/#breadcrumb","itemListElement":[{"@type":"ListItem","position":1,"name":"In\u00edcio","item":"https:\/\/www.lifenatura.com\/es\/"},{"@type":"ListItem","position":2,"name":"Todos los Productos","item":"https:\/\/www.lifenatura.com\/es\/tienda\/"},{"@type":"ListItem","position":3,"name":"Imucold Jarabe Adulto 200 ml Lleve 3 Pago 2 &#8211; Farmodi\u00e9tica"}]},{"@type":"WebSite","@id":"https:\/\/www.lifenatura.com\/es\/#website","url":"https:\/\/www.lifenatura.com\/es\/","name":"Lifenatura","description":"A Lifenatura \u00e9 uma loja de produtos naturais, cosm\u00e9tica natural e alimenta\u00e7\u00e3o Biol\u00f3gica.","publisher":{"@id":"https:\/\/www.lifenatura.com\/es\/#organization"},"potentialAction":[{"@type":"SearchAction","target":{"@type":"EntryPoint","urlTemplate":"https:\/\/www.lifenatura.com\/es\/?s={search_term_string}"},"query-input":{"@type":"PropertyValueSpecification","valueRequired":true,"valueName":"search_term_string"}}],"inLanguage":"es"},{"@type":"Organization","@id":"https:\/\/www.lifenatura.com\/es\/#organization","name":"Lifenatura","url":"https:\/\/www.lifenatura.com\/es\/","logo":{"@type":"ImageObject","inLanguage":"es","@id":"https:\/\/www.lifenatura.com\/es\/#\/schema\/logo\/image\/","url":"https:\/\/www.lifenatura.com\/wp-content\/uploads\/2021\/11\/logo.png","contentUrl":"https:\/\/www.lifenatura.com\/wp-content\/uploads\/2021\/11\/logo.png","width":175,"height":55,"caption":"Lifenatura"},"image":{"@id":"https:\/\/www.lifenatura.com\/es\/#\/schema\/logo\/image\/"},"sameAs":["https:\/\/www.facebook.com\/lifenatura","https:\/\/www.instagram.com\/lifenaturapt\/"]}]},"product_price_amount":"34.17","product_price_currency":"EUR","og_availability":"instock","product_availability":"instock","product_retailer_item_id":"56016530060888","product_condition":"new"},"df_price":34.17,"df_sale_price":34.17,"df_regular_price":65.4,"df_image_link":"https:\/\/www.lifenatura.com\/wp-content\/uploads\/2021\/09\/imucold-xarope-pack-farmodietica-300x300.jpg","_links":{"self":[{"href":"https:\/\/www.lifenatura.com\/es\/wp-json\/wp\/v2\/product\/37960","targetHints":{"allow":["GET"]}}],"collection":[{"href":"https:\/\/www.lifenatura.com\/es\/wp-json\/wp\/v2\/product"}],"about":[{"href":"https:\/\/www.lifenatura.com\/es\/wp-json\/wp\/v2\/types\/product"}],"wp:featuredmedia":[{"embeddable":true,"href":"https:\/\/www.lifenatura.com\/es\/wp-json\/wp\/v2\/media\/85337"}],"wp:attachment":[{"href":"https:\/\/www.lifenatura.com\/es\/wp-json\/wp\/v2\/media?parent=37960"}],"wp:term":[{"taxonomy":"product_brand","embeddable":true,"href":"https:\/\/www.lifenatura.com\/es\/wp-json\/wp\/v2\/product_brand?post=37960"},{"taxonomy":"product_cat","embeddable":true,"href":"https:\/\/www.lifenatura.com\/es\/wp-json\/wp\/v2\/product_cat?post=37960"},{"taxonomy":"product_tag","embeddable":true,"href":"https:\/\/www.lifenatura.com\/es\/wp-json\/wp\/v2\/product_tag?post=37960"}],"curies":[{"name":"wp","href":"https:\/\/api.w.org\/{rel}","templated":true}]}}