{"id":37959,"date":"2021-09-30T09:57:56","date_gmt":"2021-09-30T09:57:56","guid":{"rendered":"https:\/\/lifenatura.dev.agenciagetdigital.com\/produto\/imucold-geleia-real-20-ampolas-lleve-3-pago-2-farmodietica\/"},"modified":"2026-03-25T10:41:56","modified_gmt":"2026-03-25T10:41:56","slug":"imucold-geleia-real-20-ampolas-lleve-3-pago-2-farmodietica","status":"publish","type":"product","link":"https:\/\/www.lifenatura.com\/es\/produto\/imucold-geleia-real-20-ampolas-lleve-3-pago-2-farmodietica\/","title":{"rendered":"Imucold Geleia Real 20 ampolas Lleve 3 Pago 2 &#8211; Farmodi\u00e9tica"},"content":{"rendered":"<h2><strong>Imucold Jalea Real Indicado para Gripes y Resfriados<\/strong><\/h2>\n<p>&nbsp;<\/p>\n<p>Imucold ampollas es un complemento alimenticio con jalea real y vitamina C, reforzado con prop\u00f3leo y oligosac\u00e1ridos de frutas (FOS). Su f\u00f3rmula especializada contribuye al bienestar general estimulando las defensas naturales del organismo y revitalizando el cuerpo.<\/p>\n<p>Este complemento de jalea real, vitamina C y prop\u00f3leo est\u00e1 recomendado para reforzar las defensas del organismo, posee una acci\u00f3n antiv\u00edrica y antimicrobiana y favorece la energ\u00eda y la vitalidad.<\/p>\n<ul>\n<li><strong>Refuerzo inmunitario:<\/strong> La jalea real es rica en nutrientes esenciales, como vitaminas, minerales y amino\u00e1cidos, que contribuyen a reforzar las defensas del organismo frente a las infecciones.<\/li>\n<li><strong>Propiedades antioxidantes:<\/strong> La jalea real contiene antioxidantes que ayudan a neutralizar los radicales libres y a proteger las c\u00e9lulas del organismo frente al da\u00f1o oxidativo.<\/li>\n<li><strong>Aumento de la energ\u00eda:<\/strong> Adem\u00e1s de reforzar el sistema inmunitario, la jalea real tambi\u00e9n puede ayudar a aumentar los niveles de energ\u00eda y combatir la fatiga.<\/li>\n<\/ul>\n<p><strong>PRESENTACI\u00d3N<\/strong><\/p>\n<p>20 ampollas x 3<\/p>\n<p>&nbsp;<\/p>\n","protected":false},"excerpt":{"rendered":"<p>Ampollas de jalea real Imucold ahora en pack familiar toma 3 paga 2, la jalea real est\u00e1 indicada para reforzar la inmunidad y es ideal para tomar durante el invierno. [&#8230;]<\/p>\n<p><a class=\"btn btn-secondary understrap-read-more-link\" href=\"https:\/\/www.lifenatura.com\/es\/produto\/imucold-geleia-real-20-ampolas-lleve-3-pago-2-farmodietica\/\">Leer m\u00e1s&#8230;<span class=\"screen-reader-text\"> from Imucold Geleia Real 20 ampolas Lleve 3 Pago 2 &#8211; Farmodi\u00e9tica<\/span><\/a><\/p>\n","protected":false},"featured_media":85328,"template":"","meta":{"_acf_changed":false},"product_brand":[8488],"product_cat":[7231,7276,7263,7179],"product_tag":[],"class_list":{"0":"post-37959","1":"product","2":"type-product","3":"status-publish","4":"has-post-thumbnail","6":"product_brand-farmodietica","7":"product_cat-gripe","8":"product_cat-lleve-3-pago-2","9":"product_cat-packs-de-salud","10":"product_cat-salud","12":"first","13":"instock","14":"sale","15":"shipping-taxable","16":"purchasable","17":"product-type-woosb","18":"add-to-wishlist-before_image"},"acf":[],"yoast_head":"<!-- This site is optimized with the Yoast SEO Premium plugin v27.1 (Yoast SEO v27.3) - https:\/\/yoast.com\/product\/yoast-seo-premium-wordpress\/ -->\n<title>Imucold Geleia Real Lleve 3 Pago 2 Farmodi\u00e9tica - Lifenatura<\/title>\n<meta name=\"description\" content=\"Ampollas de jalea real Imucold en pack familiar toma 3 paga 2, est\u00e1 indicada para reforzar la inmunidad y es ideal para tomar durante el invierno.\" \/>\n<meta name=\"robots\" content=\"index, follow, max-snippet:-1, max-image-preview:large, max-video-preview:-1\" \/>\n<link rel=\"canonical\" href=\"https:\/\/www.lifenatura.com\/es\/produto\/imucold-geleia-real-20-ampolas-lleve-3-pago-2-farmodietica\/\" \/>\n<meta property=\"og:locale\" content=\"es_ES\" \/>\n<meta property=\"og:type\" content=\"article\" \/>\n<meta property=\"og:title\" content=\"Imucold Geleia Real 20 ampolas Lleve 3 Pago 2 - Farmodi\u00e9tica - Lifenatura\" \/>\n<meta property=\"og:description\" content=\"Compre aqui o seu Imucold Geleia Real 20 ampolas Lleve 3 Pago 2 - Farmodi\u00e9tica e a Lifenatura Online envia em 48 H com Portes Gratis &gt;35\u20ac de Pedido.\" \/>\n<meta property=\"og:url\" content=\"https:\/\/www.lifenatura.com\/es\/produto\/imucold-geleia-real-20-ampolas-lleve-3-pago-2-farmodietica\/\" \/>\n<meta property=\"og:site_name\" content=\"Lifenatura\" \/>\n<meta property=\"article:publisher\" content=\"https:\/\/www.facebook.com\/lifenatura\" \/>\n<meta property=\"article:modified_time\" content=\"2026-03-25T10:41:56+00:00\" \/>\n<meta property=\"og:image\" content=\"https:\/\/www.lifenatura.com\/wp-content\/uploads\/2021\/09\/imucold-geleia-real-pack-farmodietica.jpg\" \/>\n\t<meta property=\"og:image:width\" content=\"1000\" \/>\n\t<meta property=\"og:image:height\" content=\"1000\" \/>\n\t<meta property=\"og:image:type\" content=\"image\/jpeg\" \/>\n<meta name=\"twitter:card\" content=\"summary_large_image\" \/>\n<meta name=\"twitter:label1\" content=\"Precio\" \/>\n\t<meta name=\"twitter:data1\" content=\"70,98&nbsp;&euro;\" \/>\n\t<meta name=\"twitter:label2\" content=\"Disponibilidad\" \/>\n\t<meta name=\"twitter:data2\" content=\"Disponible\" \/>\n<meta property=\"product:price:amount\" content=\"70.98\" \/>\n<meta property=\"product:price:currency\" content=\"EUR\" \/>\n<meta property=\"og:availability\" content=\"instock\" \/>\n<meta property=\"product:availability\" content=\"instock\" \/>\n<meta property=\"product:retailer_item_id\" content=\"56016530061011\" \/>\n<meta property=\"product:condition\" content=\"new\" \/>\n<!-- \/ Yoast SEO Premium plugin. -->","yoast_head_json":{"title":"Imucold Geleia Real Lleve 3 Pago 2 Farmodi\u00e9tica - Lifenatura","description":"Ampollas de jalea real Imucold en pack familiar toma 3 paga 2, est\u00e1 indicada para reforzar la inmunidad y es ideal para tomar durante el invierno.","robots":{"index":"index","follow":"follow","max-snippet":"max-snippet:-1","max-image-preview":"max-image-preview:large","max-video-preview":"max-video-preview:-1"},"canonical":"https:\/\/www.lifenatura.com\/es\/produto\/imucold-geleia-real-20-ampolas-lleve-3-pago-2-farmodietica\/","og_locale":"es_ES","og_type":"article","og_title":"Imucold Geleia Real 20 ampolas Lleve 3 Pago 2 - Farmodi\u00e9tica - Lifenatura","og_description":"Compre aqui o seu Imucold Geleia Real 20 ampolas Lleve 3 Pago 2 - Farmodi\u00e9tica e a Lifenatura Online envia em 48 H com Portes Gratis >35\u20ac de Pedido.","og_url":"https:\/\/www.lifenatura.com\/es\/produto\/imucold-geleia-real-20-ampolas-lleve-3-pago-2-farmodietica\/","og_site_name":"Lifenatura","article_publisher":"https:\/\/www.facebook.com\/lifenatura","article_modified_time":"2026-03-25T10:41:56+00:00","og_image":[{"width":1000,"height":1000,"url":"https:\/\/www.lifenatura.com\/wp-content\/uploads\/2021\/09\/imucold-geleia-real-pack-farmodietica.jpg","type":"image\/jpeg"}],"twitter_card":"summary_large_image","twitter_misc":{"Precio":"70,98&nbsp;&euro;","Disponibilidad":"Disponible"},"schema":{"@context":"https:\/\/schema.org","@graph":[{"@type":"WebPage","@id":"https:\/\/www.lifenatura.com\/es\/produto\/imucold-geleia-real-20-ampolas-lleve-3-pago-2-farmodietica\/","url":"https:\/\/www.lifenatura.com\/es\/produto\/imucold-geleia-real-20-ampolas-lleve-3-pago-2-farmodietica\/","name":"Imucold Geleia Real Lleve 3 Pago 2 Farmodi\u00e9tica - Lifenatura","isPartOf":{"@id":"https:\/\/www.lifenatura.com\/es\/#website"},"primaryImageOfPage":{"@id":"https:\/\/www.lifenatura.com\/es\/produto\/imucold-geleia-real-20-ampolas-lleve-3-pago-2-farmodietica\/#primaryimage"},"image":{"@id":"https:\/\/www.lifenatura.com\/es\/produto\/imucold-geleia-real-20-ampolas-lleve-3-pago-2-farmodietica\/#primaryimage"},"thumbnailUrl":"https:\/\/www.lifenatura.com\/wp-content\/uploads\/2021\/09\/imucold-geleia-real-pack-farmodietica.jpg","datePublished":"2021-09-30T09:57:56+00:00","dateModified":"2026-03-25T10:41:56+00:00","description":"Ampollas de jalea real Imucold en pack familiar toma 3 paga 2, est\u00e1 indicada para reforzar la inmunidad y es ideal para tomar durante el invierno.","breadcrumb":{"@id":"https:\/\/www.lifenatura.com\/es\/produto\/imucold-geleia-real-20-ampolas-lleve-3-pago-2-farmodietica\/#breadcrumb"},"inLanguage":"es","potentialAction":[{"@type":"ReadAction","target":["https:\/\/www.lifenatura.com\/es\/produto\/imucold-geleia-real-20-ampolas-lleve-3-pago-2-farmodietica\/"]}]},{"@type":"ImageObject","inLanguage":"es","@id":"https:\/\/www.lifenatura.com\/es\/produto\/imucold-geleia-real-20-ampolas-lleve-3-pago-2-farmodietica\/#primaryimage","url":"https:\/\/www.lifenatura.com\/wp-content\/uploads\/2021\/09\/imucold-geleia-real-pack-farmodietica.jpg","contentUrl":"https:\/\/www.lifenatura.com\/wp-content\/uploads\/2021\/09\/imucold-geleia-real-pack-farmodietica.jpg","width":1000,"height":1000,"caption":"imucold geleia real leve 3 pague 2 farmodietica"},{"@type":"BreadcrumbList","@id":"https:\/\/www.lifenatura.com\/es\/produto\/imucold-geleia-real-20-ampolas-lleve-3-pago-2-farmodietica\/#breadcrumb","itemListElement":[{"@type":"ListItem","position":1,"name":"In\u00edcio","item":"https:\/\/www.lifenatura.com\/es\/"},{"@type":"ListItem","position":2,"name":"Todos los Productos","item":"https:\/\/www.lifenatura.com\/es\/tienda\/"},{"@type":"ListItem","position":3,"name":"Imucold Geleia Real 20 ampolas Lleve 3 Pago 2 &#8211; Farmodi\u00e9tica"}]},{"@type":"WebSite","@id":"https:\/\/www.lifenatura.com\/es\/#website","url":"https:\/\/www.lifenatura.com\/es\/","name":"Lifenatura","description":"A Lifenatura \u00e9 uma loja de produtos naturais, cosm\u00e9tica natural e alimenta\u00e7\u00e3o Biol\u00f3gica.","publisher":{"@id":"https:\/\/www.lifenatura.com\/es\/#organization"},"potentialAction":[{"@type":"SearchAction","target":{"@type":"EntryPoint","urlTemplate":"https:\/\/www.lifenatura.com\/es\/?s={search_term_string}"},"query-input":{"@type":"PropertyValueSpecification","valueRequired":true,"valueName":"search_term_string"}}],"inLanguage":"es"},{"@type":"Organization","@id":"https:\/\/www.lifenatura.com\/es\/#organization","name":"Lifenatura","url":"https:\/\/www.lifenatura.com\/es\/","logo":{"@type":"ImageObject","inLanguage":"es","@id":"https:\/\/www.lifenatura.com\/es\/#\/schema\/logo\/image\/","url":"https:\/\/www.lifenatura.com\/wp-content\/uploads\/2021\/11\/logo.png","contentUrl":"https:\/\/www.lifenatura.com\/wp-content\/uploads\/2021\/11\/logo.png","width":175,"height":55,"caption":"Lifenatura"},"image":{"@id":"https:\/\/www.lifenatura.com\/es\/#\/schema\/logo\/image\/"},"sameAs":["https:\/\/www.facebook.com\/lifenatura","https:\/\/www.instagram.com\/lifenaturapt\/"]}]},"product_price_amount":"70.98","product_price_currency":"EUR","og_availability":"instock","product_availability":"instock","product_retailer_item_id":"56016530061011","product_condition":"new"},"df_price":70.98,"df_sale_price":70.97,"df_regular_price":95.82000000000001,"df_image_link":"https:\/\/www.lifenatura.com\/wp-content\/uploads\/2021\/09\/imucold-geleia-real-pack-farmodietica-300x300.jpg","_links":{"self":[{"href":"https:\/\/www.lifenatura.com\/es\/wp-json\/wp\/v2\/product\/37959","targetHints":{"allow":["GET"]}}],"collection":[{"href":"https:\/\/www.lifenatura.com\/es\/wp-json\/wp\/v2\/product"}],"about":[{"href":"https:\/\/www.lifenatura.com\/es\/wp-json\/wp\/v2\/types\/product"}],"wp:featuredmedia":[{"embeddable":true,"href":"https:\/\/www.lifenatura.com\/es\/wp-json\/wp\/v2\/media\/85328"}],"wp:attachment":[{"href":"https:\/\/www.lifenatura.com\/es\/wp-json\/wp\/v2\/media?parent=37959"}],"wp:term":[{"taxonomy":"product_brand","embeddable":true,"href":"https:\/\/www.lifenatura.com\/es\/wp-json\/wp\/v2\/product_brand?post=37959"},{"taxonomy":"product_cat","embeddable":true,"href":"https:\/\/www.lifenatura.com\/es\/wp-json\/wp\/v2\/product_cat?post=37959"},{"taxonomy":"product_tag","embeddable":true,"href":"https:\/\/www.lifenatura.com\/es\/wp-json\/wp\/v2\/product_tag?post=37959"}],"curies":[{"name":"wp","href":"https:\/\/api.w.org\/{rel}","templated":true}]}}