{"id":37916,"date":"2021-09-30T09:57:13","date_gmt":"2021-09-30T09:57:13","guid":{"rendered":"https:\/\/lifenatura.dev.agenciagetdigital.com\/produto\/ansioval-60-comprimidos-lleve-3-pago-2-farmodietica\/"},"modified":"2026-03-25T09:39:54","modified_gmt":"2026-03-25T09:39:54","slug":"ansioval-60-comprimidos-lleve-3-pago-2-farmodietica","status":"publish","type":"product","link":"https:\/\/www.lifenatura.com\/es\/produto\/ansioval-60-comprimidos-lleve-3-pago-2-farmodietica\/","title":{"rendered":"Ansioval 60 comprimidos Lleve 3 Pago 2 &#8211; Farmodi\u00e9tica"},"content":{"rendered":"<h2 style=\"text-align: left;\"><strong>Ansioval com Valeriana e Passiflora<\/strong><\/h2>\n<p>&nbsp;<\/p>\n<p>Ansioval ahora con pack Lleve 3 Pago 2, es un suplemento alimenticio que contiene sustancias tradicionalmente usadas para promover una mejora del sue\u00f1o, disminuir la ansiedad y la tensi\u00f3n nerviosa.<\/p>\n<p>Adem\u00e1s de ayudar a combatir estados de insomnio, ayuda tambi\u00e9n a las personas que, a pesar de dormir aparentemente bien, no tienen un sue\u00f1o reparador, de calidad.<\/p>\n<p>PRESENTACI\u00d3N<\/p>\n<p>60&#215;3 Comprimidos<\/p>\n<p>&nbsp;<\/p>\n","protected":false},"excerpt":{"rendered":"<p>Ansioval Lleve 3 Pago 2 es un suplemento que contiene sustancias para promover una mejora del sue\u00f1o, disminuir la ansiedad y la tensi\u00f3n nerviosa. [&#8230;]<\/p>\n<p><a class=\"btn btn-secondary understrap-read-more-link\" href=\"https:\/\/www.lifenatura.com\/es\/produto\/ansioval-60-comprimidos-lleve-3-pago-2-farmodietica\/\">Leer m\u00e1s&#8230;<span class=\"screen-reader-text\"> from Ansioval 60 comprimidos Lleve 3 Pago 2 &#8211; Farmodi\u00e9tica<\/span><\/a><\/p>\n","protected":false},"featured_media":19518,"template":"","meta":{"_acf_changed":false},"product_brand":[8488],"product_cat":[7214,7276,7263,7179],"product_tag":[],"class_list":{"0":"post-37916","1":"product","2":"type-product","3":"status-publish","4":"has-post-thumbnail","6":"product_brand-farmodietica","7":"product_cat-para-dormir","8":"product_cat-lleve-3-pago-2","9":"product_cat-packs-de-salud","10":"product_cat-salud","11":"pa_dicas-ansioval-la-gama-que-ayuda-a-dormir","13":"first","14":"instock","15":"sale","16":"shipping-taxable","17":"purchasable","18":"product-type-woosb","19":"add-to-wishlist-before_image"},"acf":[],"yoast_head":"<!-- This site is optimized with the Yoast SEO Premium plugin v27.1 (Yoast SEO v27.3) - https:\/\/yoast.com\/product\/yoast-seo-premium-wordpress\/ -->\n<title>Ansioval 60 comprimidos Lleve 3 Pago 2 - Lifenatura<\/title>\n<meta name=\"description\" content=\"Ansioval Lleve 3 Pago 2 es un suplemento que contiene sustancias para promover una mejora del sue\u00f1o, disminuir la ansiedad y la tensi\u00f3n nerviosa.\" \/>\n<meta name=\"robots\" content=\"index, follow, max-snippet:-1, max-image-preview:large, max-video-preview:-1\" \/>\n<link rel=\"canonical\" href=\"https:\/\/www.lifenatura.com\/es\/produto\/ansioval-60-comprimidos-lleve-3-pago-2-farmodietica\/\" \/>\n<meta property=\"og:locale\" content=\"es_ES\" \/>\n<meta property=\"og:type\" content=\"article\" \/>\n<meta property=\"og:title\" content=\"Ansioval 60 comprimidos Lleve 3 Pago 2 - Farmodi\u00e9tica - Lifenatura\" \/>\n<meta property=\"og:description\" content=\"Compre aqui o seu Ansioval 60 comprimidos Lleve 3 Pago 2 - Farmodi\u00e9tica e a Lifenatura Online envia em 48 H com Portes Gratis &gt;35\u20ac de Pedido.\" \/>\n<meta property=\"og:url\" content=\"https:\/\/www.lifenatura.com\/es\/produto\/ansioval-60-comprimidos-lleve-3-pago-2-farmodietica\/\" \/>\n<meta property=\"og:site_name\" content=\"Lifenatura\" \/>\n<meta property=\"article:publisher\" content=\"https:\/\/www.facebook.com\/lifenatura\" \/>\n<meta property=\"article:modified_time\" content=\"2026-03-25T09:39:54+00:00\" \/>\n<meta property=\"og:image\" content=\"https:\/\/www.lifenatura.com\/wp-content\/uploads\/2021\/09\/gd_ansioval_comprimidos_pack3_farmodietica.jpg\" \/>\n\t<meta property=\"og:image:width\" content=\"1000\" \/>\n\t<meta property=\"og:image:height\" content=\"1000\" \/>\n\t<meta property=\"og:image:type\" content=\"image\/jpeg\" \/>\n<meta name=\"twitter:card\" content=\"summary_large_image\" \/>\n<meta name=\"twitter:label1\" content=\"Precio\" \/>\n\t<meta name=\"twitter:data1\" content=\"46,80&nbsp;&euro;\" \/>\n\t<meta name=\"twitter:label2\" content=\"Disponibilidad\" \/>\n\t<meta name=\"twitter:data2\" content=\"Disponible\" \/>\n<meta property=\"product:price:amount\" content=\"46.80\" \/>\n<meta property=\"product:price:currency\" content=\"EUR\" \/>\n<meta property=\"og:availability\" content=\"instock\" \/>\n<meta property=\"product:availability\" content=\"instock\" \/>\n<meta property=\"product:retailer_item_id\" content=\"56016530002600\" \/>\n<meta property=\"product:condition\" content=\"new\" \/>\n<!-- \/ Yoast SEO Premium plugin. -->","yoast_head_json":{"title":"Ansioval 60 comprimidos Lleve 3 Pago 2 - Lifenatura","description":"Ansioval Lleve 3 Pago 2 es un suplemento que contiene sustancias para promover una mejora del sue\u00f1o, disminuir la ansiedad y la tensi\u00f3n nerviosa.","robots":{"index":"index","follow":"follow","max-snippet":"max-snippet:-1","max-image-preview":"max-image-preview:large","max-video-preview":"max-video-preview:-1"},"canonical":"https:\/\/www.lifenatura.com\/es\/produto\/ansioval-60-comprimidos-lleve-3-pago-2-farmodietica\/","og_locale":"es_ES","og_type":"article","og_title":"Ansioval 60 comprimidos Lleve 3 Pago 2 - Farmodi\u00e9tica - Lifenatura","og_description":"Compre aqui o seu Ansioval 60 comprimidos Lleve 3 Pago 2 - Farmodi\u00e9tica e a Lifenatura Online envia em 48 H com Portes Gratis >35\u20ac de Pedido.","og_url":"https:\/\/www.lifenatura.com\/es\/produto\/ansioval-60-comprimidos-lleve-3-pago-2-farmodietica\/","og_site_name":"Lifenatura","article_publisher":"https:\/\/www.facebook.com\/lifenatura","article_modified_time":"2026-03-25T09:39:54+00:00","og_image":[{"width":1000,"height":1000,"url":"https:\/\/www.lifenatura.com\/wp-content\/uploads\/2021\/09\/gd_ansioval_comprimidos_pack3_farmodietica.jpg","type":"image\/jpeg"}],"twitter_card":"summary_large_image","twitter_misc":{"Precio":"46,80&nbsp;&euro;","Disponibilidad":"Disponible"},"schema":{"@context":"https:\/\/schema.org","@graph":[{"@type":"WebPage","@id":"https:\/\/www.lifenatura.com\/es\/produto\/ansioval-60-comprimidos-lleve-3-pago-2-farmodietica\/","url":"https:\/\/www.lifenatura.com\/es\/produto\/ansioval-60-comprimidos-lleve-3-pago-2-farmodietica\/","name":"Ansioval 60 comprimidos Lleve 3 Pago 2 - Lifenatura","isPartOf":{"@id":"https:\/\/www.lifenatura.com\/es\/#website"},"primaryImageOfPage":{"@id":"https:\/\/www.lifenatura.com\/es\/produto\/ansioval-60-comprimidos-lleve-3-pago-2-farmodietica\/#primaryimage"},"image":{"@id":"https:\/\/www.lifenatura.com\/es\/produto\/ansioval-60-comprimidos-lleve-3-pago-2-farmodietica\/#primaryimage"},"thumbnailUrl":"https:\/\/www.lifenatura.com\/wp-content\/uploads\/2021\/09\/gd_ansioval_comprimidos_pack3_farmodietica.jpg","datePublished":"2021-09-30T09:57:13+00:00","dateModified":"2026-03-25T09:39:54+00:00","description":"Ansioval Lleve 3 Pago 2 es un suplemento que contiene sustancias para promover una mejora del sue\u00f1o, disminuir la ansiedad y la tensi\u00f3n nerviosa.","breadcrumb":{"@id":"https:\/\/www.lifenatura.com\/es\/produto\/ansioval-60-comprimidos-lleve-3-pago-2-farmodietica\/#breadcrumb"},"inLanguage":"es","potentialAction":[{"@type":"ReadAction","target":["https:\/\/www.lifenatura.com\/es\/produto\/ansioval-60-comprimidos-lleve-3-pago-2-farmodietica\/"]}]},{"@type":"ImageObject","inLanguage":"es","@id":"https:\/\/www.lifenatura.com\/es\/produto\/ansioval-60-comprimidos-lleve-3-pago-2-farmodietica\/#primaryimage","url":"https:\/\/www.lifenatura.com\/wp-content\/uploads\/2021\/09\/gd_ansioval_comprimidos_pack3_farmodietica.jpg","contentUrl":"https:\/\/www.lifenatura.com\/wp-content\/uploads\/2021\/09\/gd_ansioval_comprimidos_pack3_farmodietica.jpg","width":1000,"height":1000,"caption":"Ansioval 60 comprimidos Lleve 3 Pago 2 - Farmodi\u00e9tica"},{"@type":"BreadcrumbList","@id":"https:\/\/www.lifenatura.com\/es\/produto\/ansioval-60-comprimidos-lleve-3-pago-2-farmodietica\/#breadcrumb","itemListElement":[{"@type":"ListItem","position":1,"name":"In\u00edcio","item":"https:\/\/www.lifenatura.com\/es\/"},{"@type":"ListItem","position":2,"name":"Todos los Productos","item":"https:\/\/www.lifenatura.com\/es\/tienda\/"},{"@type":"ListItem","position":3,"name":"Ansioval 60 comprimidos Lleve 3 Pago 2 &#8211; Farmodi\u00e9tica"}]},{"@type":"WebSite","@id":"https:\/\/www.lifenatura.com\/es\/#website","url":"https:\/\/www.lifenatura.com\/es\/","name":"Lifenatura","description":"A Lifenatura \u00e9 uma loja de produtos naturais, cosm\u00e9tica natural e alimenta\u00e7\u00e3o Biol\u00f3gica.","publisher":{"@id":"https:\/\/www.lifenatura.com\/es\/#organization"},"potentialAction":[{"@type":"SearchAction","target":{"@type":"EntryPoint","urlTemplate":"https:\/\/www.lifenatura.com\/es\/?s={search_term_string}"},"query-input":{"@type":"PropertyValueSpecification","valueRequired":true,"valueName":"search_term_string"}}],"inLanguage":"es"},{"@type":"Organization","@id":"https:\/\/www.lifenatura.com\/es\/#organization","name":"Lifenatura","url":"https:\/\/www.lifenatura.com\/es\/","logo":{"@type":"ImageObject","inLanguage":"es","@id":"https:\/\/www.lifenatura.com\/es\/#\/schema\/logo\/image\/","url":"https:\/\/www.lifenatura.com\/wp-content\/uploads\/2021\/11\/logo.png","contentUrl":"https:\/\/www.lifenatura.com\/wp-content\/uploads\/2021\/11\/logo.png","width":175,"height":55,"caption":"Lifenatura"},"image":{"@id":"https:\/\/www.lifenatura.com\/es\/#\/schema\/logo\/image\/"},"sameAs":["https:\/\/www.facebook.com\/lifenatura","https:\/\/www.instagram.com\/lifenaturapt\/"]}]},"product_price_amount":"46.80","product_price_currency":"EUR","og_availability":"instock","product_availability":"instock","product_retailer_item_id":"56016530002600","product_condition":"new"},"df_price":46.8,"df_sale_price":46.8,"df_regular_price":89.55000000000001,"df_image_link":"https:\/\/www.lifenatura.com\/wp-content\/uploads\/2021\/09\/gd_ansioval_comprimidos_pack3_farmodietica-300x300.jpg","_links":{"self":[{"href":"https:\/\/www.lifenatura.com\/es\/wp-json\/wp\/v2\/product\/37916","targetHints":{"allow":["GET"]}}],"collection":[{"href":"https:\/\/www.lifenatura.com\/es\/wp-json\/wp\/v2\/product"}],"about":[{"href":"https:\/\/www.lifenatura.com\/es\/wp-json\/wp\/v2\/types\/product"}],"wp:featuredmedia":[{"embeddable":true,"href":"https:\/\/www.lifenatura.com\/es\/wp-json\/wp\/v2\/media\/19518"}],"wp:attachment":[{"href":"https:\/\/www.lifenatura.com\/es\/wp-json\/wp\/v2\/media?parent=37916"}],"wp:term":[{"taxonomy":"product_brand","embeddable":true,"href":"https:\/\/www.lifenatura.com\/es\/wp-json\/wp\/v2\/product_brand?post=37916"},{"taxonomy":"product_cat","embeddable":true,"href":"https:\/\/www.lifenatura.com\/es\/wp-json\/wp\/v2\/product_cat?post=37916"},{"taxonomy":"product_tag","embeddable":true,"href":"https:\/\/www.lifenatura.com\/es\/wp-json\/wp\/v2\/product_tag?post=37916"}],"curies":[{"name":"wp","href":"https:\/\/api.w.org\/{rel}","templated":true}]}}