{"id":37900,"date":"2021-09-30T09:56:52","date_gmt":"2021-09-30T09:56:52","guid":{"rendered":"https:\/\/lifenatura.dev.agenciagetdigital.com\/produto\/easylax-carbon-vegetal-hinojo-45-comprimidos-farmodietica\/"},"modified":"2025-07-31T00:07:53","modified_gmt":"2025-07-31T00:07:53","slug":"easylax-carbon-vegetal-hinojo-45-comprimidos-farmodietica","status":"publish","type":"product","link":"https:\/\/www.lifenatura.com\/es\/produto\/easylax-carbon-vegetal-hinojo-45-comprimidos-farmodietica\/","title":{"rendered":"Easylax Carb\u00f3n Vegetal + Hinojo 45 comprimidos &#8211; Farmodi\u00e9tica"},"content":{"rendered":"<h2 style=\"text-align: left;\"><strong>Easylax con carb\u00f3n vegetal esta indicado para reducir el efecto de la flatulencia<\/strong><\/h2>\n<p>&nbsp;<\/p>\n<p>Easylax carb\u00f3n vegetal activado + hinojo es un complemento alimenticio natural indicado para proporcionar una ayuda esencial para aliviar la flatulencia, ya que ayuda a reducir y absorber gases.<\/p>\n<p><strong>El hinojo<\/strong> es \u00fatil en situaciones de flatulencia y sensaci\u00f3n de hinchaz\u00f3n del vientre, aten\u00faa la formaci\u00f3n de gases intestinales, favorece su eliminaci\u00f3n posprandial y promueve el correcto funcionamiento del sistema digestivo.<\/p>\n<p><strong>El carb\u00f3n activado<\/strong> se ha utilizado como remedio natural para tratar la flatulencia, tambi\u00e9n conocida como exceso de gases en el aparato digestivo. Se cree que el carb\u00f3n activado tiene propiedades adsorbentes que pueden ayudar a reducir los gases intestinales y aliviar los molestos s\u00edntomas asociados a la flatulencia.<\/p>\n<p><strong>PRESENTACI\u00d3N <\/strong><\/p>\n<p>45 tabletas.<\/p>\n<p>&nbsp;<\/p>\n","protected":false},"excerpt":{"rendered":"<p>Easylax carb\u00f3n vegetal m\u00e1s hinojo es un complemento alimenticio natural indicado para proporcionar una ayuda esencial para aliviar la flatulencia. [&#8230;]<\/p>\n<p><a class=\"btn btn-secondary understrap-read-more-link\" href=\"https:\/\/www.lifenatura.com\/es\/produto\/easylax-carbon-vegetal-hinojo-45-comprimidos-farmodietica\/\">Leer m\u00e1s&#8230;<span class=\"screen-reader-text\"> from Easylax Carb\u00f3n Vegetal + Hinojo 45 comprimidos &#8211; Farmodi\u00e9tica<\/span><\/a><\/p>\n","protected":false},"featured_media":131312,"template":"","meta":{"_acf_changed":false},"product_brand":[8488],"product_cat":[7155,7255,7163,7659,7179],"product_tag":[8699],"class_list":{"0":"post-37900","1":"product","2":"type-product","3":"status-publish","4":"has-post-thumbnail","6":"product_brand-farmodietica","7":"product_cat-carbon-vegetal","8":"product_cat-gases","9":"product_cat-hinojo","10":"product_cat-ingrediente-natural-bio","11":"product_cat-salud","12":"product_tag-farmodietica","13":"pa_dicas-easylax-para-que-sirve","15":"first","16":"instock","17":"sale","18":"featured","19":"shipping-taxable","20":"purchasable","21":"product-type-simple","22":"add-to-wishlist-before_image"},"acf":[],"yoast_head":"<!-- This site is optimized with the Yoast SEO Premium plugin v27.1 (Yoast SEO v27.4) - https:\/\/yoast.com\/product\/yoast-seo-premium-wordpress\/ -->\n<title>Easylax Carb\u00f3n Vegetal + Hinojo Farmodi\u00e9tica - Lifenatura<\/title>\n<meta name=\"description\" content=\"Easylax carb\u00f3n vegetal m\u00e1s hinojo es un complemento alimenticio natural indicado para proporcionar una ayuda esencial para aliviar la flatulencia.\" \/>\n<meta name=\"robots\" content=\"index, follow, max-snippet:-1, max-image-preview:large, max-video-preview:-1\" \/>\n<link rel=\"canonical\" href=\"https:\/\/www.lifenatura.com\/es\/produto\/easylax-carbon-vegetal-hinojo-45-comprimidos-farmodietica\/\" \/>\n<meta property=\"og:locale\" content=\"es_ES\" \/>\n<meta property=\"og:type\" content=\"article\" \/>\n<meta property=\"og:title\" content=\"Easylax Carb\u00f3n Vegetal + Hinojo 45 comprimidos - Farmodi\u00e9tica - Lifenatura\" \/>\n<meta property=\"og:description\" content=\"Compre aqui o seu Easylax Carb\u00f3n Vegetal + Hinojo 45 comprimidos - Farmodi\u00e9tica e a Lifenatura Online envia em 48 H com Portes Gratis &gt;35\u20ac de Pedido.\" \/>\n<meta property=\"og:url\" content=\"https:\/\/www.lifenatura.com\/es\/produto\/easylax-carbon-vegetal-hinojo-45-comprimidos-farmodietica\/\" \/>\n<meta property=\"og:site_name\" content=\"Lifenatura\" \/>\n<meta property=\"article:publisher\" content=\"https:\/\/www.facebook.com\/lifenatura\" \/>\n<meta property=\"article:modified_time\" content=\"2025-07-31T00:07:53+00:00\" \/>\n<meta property=\"og:image\" content=\"https:\/\/www.lifenatura.com\/wp-content\/uploads\/2021\/09\/gd_easylax_carvao_funcho_farmodietica.jpg\" \/>\n\t<meta property=\"og:image:width\" content=\"1000\" \/>\n\t<meta property=\"og:image:height\" content=\"1000\" \/>\n\t<meta property=\"og:image:type\" content=\"image\/jpeg\" \/>\n<meta name=\"twitter:card\" content=\"summary_large_image\" \/>\n<meta name=\"twitter:label1\" content=\"Precio\" \/>\n\t<meta name=\"twitter:data1\" content=\"5,68&nbsp;&euro;\" \/>\n\t<meta name=\"twitter:label2\" content=\"Disponibilidad\" \/>\n\t<meta name=\"twitter:data2\" content=\"Disponible\" \/>\n<meta property=\"product:price:amount\" content=\"5.68\" \/>\n<meta property=\"product:price:currency\" content=\"EUR\" \/>\n<meta property=\"og:availability\" content=\"instock\" \/>\n<meta property=\"product:availability\" content=\"instock\" \/>\n<meta property=\"product:retailer_item_id\" content=\"5601653008655\" \/>\n<meta property=\"product:condition\" content=\"new\" \/>\n<!-- \/ Yoast SEO Premium plugin. -->","yoast_head_json":{"title":"Easylax Carb\u00f3n Vegetal + Hinojo Farmodi\u00e9tica - Lifenatura","description":"Easylax carb\u00f3n vegetal m\u00e1s hinojo es un complemento alimenticio natural indicado para proporcionar una ayuda esencial para aliviar la flatulencia.","robots":{"index":"index","follow":"follow","max-snippet":"max-snippet:-1","max-image-preview":"max-image-preview:large","max-video-preview":"max-video-preview:-1"},"canonical":"https:\/\/www.lifenatura.com\/es\/produto\/easylax-carbon-vegetal-hinojo-45-comprimidos-farmodietica\/","og_locale":"es_ES","og_type":"article","og_title":"Easylax Carb\u00f3n Vegetal + Hinojo 45 comprimidos - Farmodi\u00e9tica - Lifenatura","og_description":"Compre aqui o seu Easylax Carb\u00f3n Vegetal + Hinojo 45 comprimidos - Farmodi\u00e9tica e a Lifenatura Online envia em 48 H com Portes Gratis >35\u20ac de Pedido.","og_url":"https:\/\/www.lifenatura.com\/es\/produto\/easylax-carbon-vegetal-hinojo-45-comprimidos-farmodietica\/","og_site_name":"Lifenatura","article_publisher":"https:\/\/www.facebook.com\/lifenatura","article_modified_time":"2025-07-31T00:07:53+00:00","og_image":[{"width":1000,"height":1000,"url":"https:\/\/www.lifenatura.com\/wp-content\/uploads\/2021\/09\/gd_easylax_carvao_funcho_farmodietica.jpg","type":"image\/jpeg"}],"twitter_card":"summary_large_image","twitter_misc":{"Precio":"5,68&nbsp;&euro;","Disponibilidad":"Disponible"},"schema":{"@context":"https:\/\/schema.org","@graph":[{"@type":"WebPage","@id":"https:\/\/www.lifenatura.com\/es\/produto\/easylax-carbon-vegetal-hinojo-45-comprimidos-farmodietica\/","url":"https:\/\/www.lifenatura.com\/es\/produto\/easylax-carbon-vegetal-hinojo-45-comprimidos-farmodietica\/","name":"Easylax Carb\u00f3n Vegetal + Hinojo Farmodi\u00e9tica - Lifenatura","isPartOf":{"@id":"https:\/\/www.lifenatura.com\/es\/#website"},"primaryImageOfPage":{"@id":"https:\/\/www.lifenatura.com\/es\/produto\/easylax-carbon-vegetal-hinojo-45-comprimidos-farmodietica\/#primaryimage"},"image":{"@id":"https:\/\/www.lifenatura.com\/es\/produto\/easylax-carbon-vegetal-hinojo-45-comprimidos-farmodietica\/#primaryimage"},"thumbnailUrl":"https:\/\/www.lifenatura.com\/wp-content\/uploads\/2026\/03\/3D-Easylax-CarvaoFuncho.png","datePublished":"2021-09-30T09:56:52+00:00","dateModified":"2025-07-31T00:07:53+00:00","description":"Easylax carb\u00f3n vegetal m\u00e1s hinojo es un complemento alimenticio natural indicado para proporcionar una ayuda esencial para aliviar la flatulencia.","breadcrumb":{"@id":"https:\/\/www.lifenatura.com\/es\/produto\/easylax-carbon-vegetal-hinojo-45-comprimidos-farmodietica\/#breadcrumb"},"inLanguage":"es","potentialAction":[{"@type":"ReadAction","target":["https:\/\/www.lifenatura.com\/es\/produto\/easylax-carbon-vegetal-hinojo-45-comprimidos-farmodietica\/"]}]},{"@type":"ImageObject","inLanguage":"es","@id":"https:\/\/www.lifenatura.com\/es\/produto\/easylax-carbon-vegetal-hinojo-45-comprimidos-farmodietica\/#primaryimage","url":"https:\/\/www.lifenatura.com\/wp-content\/uploads\/2026\/03\/3D-Easylax-CarvaoFuncho.png","contentUrl":"https:\/\/www.lifenatura.com\/wp-content\/uploads\/2026\/03\/3D-Easylax-CarvaoFuncho.png","width":2268,"height":2268},{"@type":"BreadcrumbList","@id":"https:\/\/www.lifenatura.com\/es\/produto\/easylax-carbon-vegetal-hinojo-45-comprimidos-farmodietica\/#breadcrumb","itemListElement":[{"@type":"ListItem","position":1,"name":"In\u00edcio","item":"https:\/\/www.lifenatura.com\/es\/"},{"@type":"ListItem","position":2,"name":"Todos los Productos","item":"https:\/\/www.lifenatura.com\/es\/tienda\/"},{"@type":"ListItem","position":3,"name":"Easylax Carb\u00f3n Vegetal + Hinojo 45 comprimidos &#8211; Farmodi\u00e9tica"}]},{"@type":"WebSite","@id":"https:\/\/www.lifenatura.com\/es\/#website","url":"https:\/\/www.lifenatura.com\/es\/","name":"Lifenatura","description":"A Lifenatura \u00e9 uma loja de produtos naturais, cosm\u00e9tica natural e alimenta\u00e7\u00e3o Biol\u00f3gica.","publisher":{"@id":"https:\/\/www.lifenatura.com\/es\/#organization"},"potentialAction":[{"@type":"SearchAction","target":{"@type":"EntryPoint","urlTemplate":"https:\/\/www.lifenatura.com\/es\/?s={search_term_string}"},"query-input":{"@type":"PropertyValueSpecification","valueRequired":true,"valueName":"search_term_string"}}],"inLanguage":"es"},{"@type":"Organization","@id":"https:\/\/www.lifenatura.com\/es\/#organization","name":"Lifenatura","url":"https:\/\/www.lifenatura.com\/es\/","logo":{"@type":"ImageObject","inLanguage":"es","@id":"https:\/\/www.lifenatura.com\/es\/#\/schema\/logo\/image\/","url":"https:\/\/www.lifenatura.com\/wp-content\/uploads\/2021\/11\/logo.png","contentUrl":"https:\/\/www.lifenatura.com\/wp-content\/uploads\/2021\/11\/logo.png","width":175,"height":55,"caption":"Lifenatura"},"image":{"@id":"https:\/\/www.lifenatura.com\/es\/#\/schema\/logo\/image\/"},"sameAs":["https:\/\/www.facebook.com\/lifenatura","https:\/\/www.instagram.com\/lifenaturapt\/"]}]},"product_price_amount":"5.68","product_price_currency":"EUR","og_availability":"instock","product_availability":"instock","product_retailer_item_id":"5601653008655","product_condition":"new"},"df_price":5.68,"df_sale_price":5.68,"df_regular_price":10.33,"df_image_link":"https:\/\/www.lifenatura.com\/wp-content\/uploads\/2026\/03\/3D-Easylax-CarvaoFuncho-300x300.png","_links":{"self":[{"href":"https:\/\/www.lifenatura.com\/es\/wp-json\/wp\/v2\/product\/37900","targetHints":{"allow":["GET"]}}],"collection":[{"href":"https:\/\/www.lifenatura.com\/es\/wp-json\/wp\/v2\/product"}],"about":[{"href":"https:\/\/www.lifenatura.com\/es\/wp-json\/wp\/v2\/types\/product"}],"wp:featuredmedia":[{"embeddable":true,"href":"https:\/\/www.lifenatura.com\/es\/wp-json\/wp\/v2\/media\/131312"}],"wp:attachment":[{"href":"https:\/\/www.lifenatura.com\/es\/wp-json\/wp\/v2\/media?parent=37900"}],"wp:term":[{"taxonomy":"product_brand","embeddable":true,"href":"https:\/\/www.lifenatura.com\/es\/wp-json\/wp\/v2\/product_brand?post=37900"},{"taxonomy":"product_cat","embeddable":true,"href":"https:\/\/www.lifenatura.com\/es\/wp-json\/wp\/v2\/product_cat?post=37900"},{"taxonomy":"product_tag","embeddable":true,"href":"https:\/\/www.lifenatura.com\/es\/wp-json\/wp\/v2\/product_tag?post=37900"}],"curies":[{"name":"wp","href":"https:\/\/api.w.org\/{rel}","templated":true}]}}