{"id":37893,"date":"2021-09-30T09:56:52","date_gmt":"2021-09-30T09:56:52","guid":{"rendered":"https:\/\/lifenatura.dev.agenciagetdigital.com\/produto\/urisidil-30-comprimidos-farmodietica\/"},"modified":"2025-02-02T00:01:36","modified_gmt":"2025-02-02T00:01:36","slug":"urisidil-30-comprimidos-farmodietica","status":"publish","type":"product","link":"https:\/\/www.lifenatura.com\/es\/produto\/urisidil-30-comprimidos-farmodietica\/","title":{"rendered":"Urisidil 30 comprimidos &#8211; Farmodi\u00e9tica"},"content":{"rendered":"<h2><strong>Urisidil comprimidos para el tratamiento de las infecciones urinarias<\/strong><\/h2>\n<p>&nbsp;<\/p>\n<p>Urisidil es un complemento alimenticio que contiene plantas utilizadas tradicionalmente, como el ar\u00e1ndano rojo y la gayuba, en una f\u00f3rmula reforzada con oligosac\u00e1ridos de frutas (FOS). Por su composici\u00f3n, Urisidil es \u00fatil para aliviar los s\u00edntomas asociados a las infecciones leves del tracto urinario (ITU) y prevenir las recidivas.<\/p>\n<p><strong>Los 3 beneficios principales:<\/strong><\/p>\n<ul>\n<li>Apoyo a la salud del tracto urinario: Est\u00e1 especialmente formulado para promover la salud del tracto urinario, ayudando a prevenir las infecciones y las molestias asociadas. Sus ingredientes activos act\u00faan de forma sin\u00e9rgica para equilibrar el pH de la orina, reducir la inflamaci\u00f3n y reforzar las defensas naturales del organismo frente a los agentes pat\u00f3genos.<\/li>\n<li><strong>Prevenci\u00f3n de las infecciones del tracto<\/strong> urinario: Con ingredientes como el ar\u00e1ndano rojo y la D-manosa, conocidos por sus propiedades antibacterianas y antiadherentes, Urisidil ayuda a prevenir las infecciones del tracto urinario impidiendo que las bacterias se adhieran a las paredes de la vejiga y la uretra.<\/li>\n<li><strong>Mejora la funci\u00f3n renal:<\/strong> Tambi\u00e9n favorece la salud renal ayudando a promover la eliminaci\u00f3n de toxinas y desechos del organismo. Esto contribuye a una funci\u00f3n renal adecuada y puede ayudar a prevenir la formaci\u00f3n de c\u00e1lculos renales.<\/li>\n<\/ul>\n<p>Urisidil es la elecci\u00f3n ideal para quienes desean promover la salud del tracto urinario y prevenir las molestias e infecciones relacionadas.<\/p>\n<p><strong>\u00bfCu\u00e1ndo est\u00e1 indicado tomar Urisidil?<\/strong><\/p>\n<ul>\n<li>Alivio de los s\u00edntomas asociados a las infecciones urinarias no complicadas, como dolor y\/o ganas de orinar al orinar, micci\u00f3n frecuente, urgencia al orinar, presi\u00f3n en la parte inferior del abdomen.<\/li>\n<li>Prevenci\u00f3n de infecciones urinarias recurrentes.<\/li>\n<li>Alivio de los s\u00edntomas urinarios asociados a trastornos de la pr\u00f3stata.<\/li>\n<\/ul>\n<p><strong>PRESENTACI\u00d3N<\/strong><\/p>\n<p>30 comprimidos.<\/p>\n<p>&nbsp;<\/p>\n","protected":false},"excerpt":{"rendered":"<p>Los comprimidos de Urisidil son la elecci\u00f3n ideal para quienes desean promover la salud del tracto urinario y prevenir las molestias e infecciones relacionadas. [&#8230;]<\/p>\n<p><a class=\"btn btn-secondary understrap-read-more-link\" href=\"https:\/\/www.lifenatura.com\/es\/produto\/urisidil-30-comprimidos-farmodietica\/\">Leer m\u00e1s&#8230;<span class=\"screen-reader-text\"> from Urisidil 30 comprimidos &#8211; Farmodi\u00e9tica<\/span><\/a><\/p>\n","protected":false},"featured_media":131465,"template":"","meta":{"_acf_changed":false},"product_brand":[8488],"product_cat":[8019,7249,7659,7179],"product_tag":[8699],"class_list":{"0":"post-37893","1":"product","2":"type-product","3":"status-publish","4":"has-post-thumbnail","6":"product_brand-farmodietica","7":"product_cat-arandano","8":"product_cat-infecciones-urinarias","9":"product_cat-ingrediente-natural-bio","10":"product_cat-salud","11":"product_tag-farmodietica","13":"first","14":"instock","15":"sale","16":"featured","17":"shipping-taxable","18":"purchasable","19":"product-type-simple","20":"add-to-wishlist-before_image"},"acf":[],"yoast_head":"<!-- This site is optimized with the Yoast SEO Premium plugin v27.1 (Yoast SEO v27.5) - https:\/\/yoast.com\/product\/yoast-seo-premium-wordpress\/ -->\n<title>Urisidil 30 comprimidos - Farmodi\u00e9tica - Na Lifenatura ao Melhor Pre\u00e7o | Envio em 48h<\/title>\n<meta name=\"description\" content=\"Urisidil son la elecci\u00f3n ideal para quienes desean promover la salud del tracto urinario y prevenir las molestias e infecciones relacionadas.\" \/>\n<meta name=\"robots\" content=\"index, follow, max-snippet:-1, max-image-preview:large, max-video-preview:-1\" \/>\n<link rel=\"canonical\" href=\"https:\/\/www.lifenatura.com\/es\/produto\/urisidil-30-comprimidos-farmodietica\/\" \/>\n<meta property=\"og:locale\" content=\"es_ES\" \/>\n<meta property=\"og:type\" content=\"article\" \/>\n<meta property=\"og:title\" content=\"Urisidil 30 comprimidos - Farmodi\u00e9tica - Na Lifenatura ao Melhor Pre\u00e7o | Envio 48h\" \/>\n<meta property=\"og:description\" content=\"Compre Urisidil 30 comprimidos - Farmodi\u00e9tica com envio r\u00e1pido. Entrega em 48h e portes gr\u00e1tis em compras &gt;35\u20ac. Aproveite j\u00e1 na Lifenatura\" \/>\n<meta property=\"og:url\" content=\"https:\/\/www.lifenatura.com\/es\/produto\/urisidil-30-comprimidos-farmodietica\/\" \/>\n<meta property=\"og:site_name\" content=\"Lifenatura\" \/>\n<meta property=\"article:publisher\" content=\"https:\/\/www.facebook.com\/lifenatura\" \/>\n<meta property=\"article:modified_time\" content=\"2025-02-02T00:01:36+00:00\" \/>\n<meta property=\"og:image\" content=\"https:\/\/www.lifenatura.com\/wp-content\/uploads\/2026\/03\/3D-Urisidil.png\" \/>\n\t<meta property=\"og:image:width\" content=\"2268\" \/>\n\t<meta property=\"og:image:height\" content=\"2268\" \/>\n\t<meta property=\"og:image:type\" content=\"image\/png\" \/>\n<meta name=\"twitter:card\" content=\"summary_large_image\" \/>\n<meta name=\"twitter:label1\" content=\"Precio\" \/>\n\t<meta name=\"twitter:data1\" content=\"12,86&nbsp;&euro;\" \/>\n\t<meta name=\"twitter:label2\" content=\"Disponibilidad\" \/>\n\t<meta name=\"twitter:data2\" content=\"Disponible\" \/>\n<script type=\"application\/ld+json\" class=\"yoast-schema-graph\">{\"@context\":\"https:\\\/\\\/schema.org\",\"@graph\":[{\"@type\":\"WebPage\",\"@id\":\"https:\\\/\\\/www.lifenatura.com\\\/es\\\/produto\\\/urisidil-30-comprimidos-farmodietica\\\/\",\"url\":\"https:\\\/\\\/www.lifenatura.com\\\/es\\\/produto\\\/urisidil-30-comprimidos-farmodietica\\\/\",\"name\":\"Urisidil 30 comprimidos - Farmodi\u00e9tica - Na Lifenatura ao Melhor Pre\u00e7o | Envio em 48h\",\"isPartOf\":{\"@id\":\"https:\\\/\\\/www.lifenatura.com\\\/es\\\/#website\"},\"primaryImageOfPage\":{\"@id\":\"https:\\\/\\\/www.lifenatura.com\\\/es\\\/produto\\\/urisidil-30-comprimidos-farmodietica\\\/#primaryimage\"},\"image\":{\"@id\":\"https:\\\/\\\/www.lifenatura.com\\\/es\\\/produto\\\/urisidil-30-comprimidos-farmodietica\\\/#primaryimage\"},\"thumbnailUrl\":\"https:\\\/\\\/www.lifenatura.com\\\/wp-content\\\/uploads\\\/2026\\\/03\\\/3D-Urisidil.png\",\"datePublished\":\"2021-09-30T09:56:52+00:00\",\"dateModified\":\"2025-02-02T00:01:36+00:00\",\"description\":\"Urisidil son la elecci\u00f3n ideal para quienes desean promover la salud del tracto urinario y prevenir las molestias e infecciones relacionadas.\",\"breadcrumb\":{\"@id\":\"https:\\\/\\\/www.lifenatura.com\\\/es\\\/produto\\\/urisidil-30-comprimidos-farmodietica\\\/#breadcrumb\"},\"inLanguage\":\"es\",\"potentialAction\":[{\"@type\":\"ReadAction\",\"target\":[\"https:\\\/\\\/www.lifenatura.com\\\/es\\\/produto\\\/urisidil-30-comprimidos-farmodietica\\\/\"]}]},{\"@type\":\"ImageObject\",\"inLanguage\":\"es\",\"@id\":\"https:\\\/\\\/www.lifenatura.com\\\/es\\\/produto\\\/urisidil-30-comprimidos-farmodietica\\\/#primaryimage\",\"url\":\"https:\\\/\\\/www.lifenatura.com\\\/wp-content\\\/uploads\\\/2026\\\/03\\\/3D-Urisidil.png\",\"contentUrl\":\"https:\\\/\\\/www.lifenatura.com\\\/wp-content\\\/uploads\\\/2026\\\/03\\\/3D-Urisidil.png\",\"width\":2268,\"height\":2268},{\"@type\":\"BreadcrumbList\",\"@id\":\"https:\\\/\\\/www.lifenatura.com\\\/es\\\/produto\\\/urisidil-30-comprimidos-farmodietica\\\/#breadcrumb\",\"itemListElement\":[{\"@type\":\"ListItem\",\"position\":1,\"name\":\"In\u00edcio\",\"item\":\"https:\\\/\\\/www.lifenatura.com\\\/es\\\/\"},{\"@type\":\"ListItem\",\"position\":2,\"name\":\"Todos los Productos\",\"item\":\"https:\\\/\\\/www.lifenatura.com\\\/es\\\/tienda\\\/\"},{\"@type\":\"ListItem\",\"position\":3,\"name\":\"Urisidil 30 comprimidos &#8211; Farmodi\u00e9tica\"}]},{\"@type\":\"WebSite\",\"@id\":\"https:\\\/\\\/www.lifenatura.com\\\/es\\\/#website\",\"url\":\"https:\\\/\\\/www.lifenatura.com\\\/es\\\/\",\"name\":\"Lifenatura\",\"description\":\"A Lifenatura \u00e9 uma loja de produtos naturais, cosm\u00e9tica natural e alimenta\u00e7\u00e3o Biol\u00f3gica.\",\"publisher\":{\"@id\":\"https:\\\/\\\/www.lifenatura.com\\\/es\\\/#organization\"},\"potentialAction\":[{\"@type\":\"SearchAction\",\"target\":{\"@type\":\"EntryPoint\",\"urlTemplate\":\"https:\\\/\\\/www.lifenatura.com\\\/es\\\/?s={search_term_string}\"},\"query-input\":{\"@type\":\"PropertyValueSpecification\",\"valueRequired\":true,\"valueName\":\"search_term_string\"}}],\"inLanguage\":\"es\"},{\"@type\":\"Organization\",\"@id\":\"https:\\\/\\\/www.lifenatura.com\\\/es\\\/#organization\",\"name\":\"Lifenatura\",\"url\":\"https:\\\/\\\/www.lifenatura.com\\\/es\\\/\",\"logo\":{\"@type\":\"ImageObject\",\"inLanguage\":\"es\",\"@id\":\"https:\\\/\\\/www.lifenatura.com\\\/es\\\/#\\\/schema\\\/logo\\\/image\\\/\",\"url\":\"https:\\\/\\\/www.lifenatura.com\\\/wp-content\\\/uploads\\\/2021\\\/07\\\/logo.png\",\"contentUrl\":\"https:\\\/\\\/www.lifenatura.com\\\/wp-content\\\/uploads\\\/2021\\\/07\\\/logo.png\",\"width\":175,\"height\":55,\"caption\":\"Lifenatura\"},\"image\":{\"@id\":\"https:\\\/\\\/www.lifenatura.com\\\/es\\\/#\\\/schema\\\/logo\\\/image\\\/\"},\"sameAs\":[\"https:\\\/\\\/www.facebook.com\\\/lifenatura\",\"https:\\\/\\\/www.instagram.com\\\/lifenaturapt\\\/\"],\"hasMerchantReturnPolicy\":{\"@type\":\"MerchantReturnPolicy\",\"merchantReturnLink\":\"https:\\\/\\\/www.lifenatura.com\\\/termos-condicoes-lifenatura\\\/\"}}]}<\/script>\n<meta property=\"product:price:amount\" content=\"12.86\" \/>\n<meta property=\"product:price:currency\" content=\"EUR\" \/>\n<meta property=\"og:availability\" content=\"instock\" \/>\n<meta property=\"product:availability\" content=\"instock\" \/>\n<meta property=\"product:retailer_item_id\" content=\"5601653004763\" \/>\n<meta property=\"product:condition\" content=\"new\" \/>\n<!-- \/ Yoast SEO Premium plugin. -->","yoast_head_json":{"title":"Urisidil 30 comprimidos - Farmodi\u00e9tica - Na Lifenatura ao Melhor Pre\u00e7o | Envio em 48h","description":"Urisidil son la elecci\u00f3n ideal para quienes desean promover la salud del tracto urinario y prevenir las molestias e infecciones relacionadas.","robots":{"index":"index","follow":"follow","max-snippet":"max-snippet:-1","max-image-preview":"max-image-preview:large","max-video-preview":"max-video-preview:-1"},"canonical":"https:\/\/www.lifenatura.com\/es\/produto\/urisidil-30-comprimidos-farmodietica\/","og_locale":"es_ES","og_type":"article","og_title":"Urisidil 30 comprimidos - Farmodi\u00e9tica - Na Lifenatura ao Melhor Pre\u00e7o | Envio 48h","og_description":"Compre Urisidil 30 comprimidos - Farmodi\u00e9tica com envio r\u00e1pido. Entrega em 48h e portes gr\u00e1tis em compras >35\u20ac. Aproveite j\u00e1 na Lifenatura","og_url":"https:\/\/www.lifenatura.com\/es\/produto\/urisidil-30-comprimidos-farmodietica\/","og_site_name":"Lifenatura","article_publisher":"https:\/\/www.facebook.com\/lifenatura","article_modified_time":"2025-02-02T00:01:36+00:00","og_image":[{"width":2268,"height":2268,"url":"https:\/\/www.lifenatura.com\/wp-content\/uploads\/2026\/03\/3D-Urisidil.png","type":"image\/png"}],"twitter_card":"summary_large_image","twitter_misc":{"Precio":"12,86&nbsp;&euro;","Disponibilidad":"Disponible"},"schema":{"@context":"https:\/\/schema.org","@graph":[{"@type":"WebPage","@id":"https:\/\/www.lifenatura.com\/es\/produto\/urisidil-30-comprimidos-farmodietica\/","url":"https:\/\/www.lifenatura.com\/es\/produto\/urisidil-30-comprimidos-farmodietica\/","name":"Urisidil 30 comprimidos - Farmodi\u00e9tica - Na Lifenatura ao Melhor Pre\u00e7o | Envio em 48h","isPartOf":{"@id":"https:\/\/www.lifenatura.com\/es\/#website"},"primaryImageOfPage":{"@id":"https:\/\/www.lifenatura.com\/es\/produto\/urisidil-30-comprimidos-farmodietica\/#primaryimage"},"image":{"@id":"https:\/\/www.lifenatura.com\/es\/produto\/urisidil-30-comprimidos-farmodietica\/#primaryimage"},"thumbnailUrl":"https:\/\/www.lifenatura.com\/wp-content\/uploads\/2026\/03\/3D-Urisidil.png","datePublished":"2021-09-30T09:56:52+00:00","dateModified":"2025-02-02T00:01:36+00:00","description":"Urisidil son la elecci\u00f3n ideal para quienes desean promover la salud del tracto urinario y prevenir las molestias e infecciones relacionadas.","breadcrumb":{"@id":"https:\/\/www.lifenatura.com\/es\/produto\/urisidil-30-comprimidos-farmodietica\/#breadcrumb"},"inLanguage":"es","potentialAction":[{"@type":"ReadAction","target":["https:\/\/www.lifenatura.com\/es\/produto\/urisidil-30-comprimidos-farmodietica\/"]}]},{"@type":"ImageObject","inLanguage":"es","@id":"https:\/\/www.lifenatura.com\/es\/produto\/urisidil-30-comprimidos-farmodietica\/#primaryimage","url":"https:\/\/www.lifenatura.com\/wp-content\/uploads\/2026\/03\/3D-Urisidil.png","contentUrl":"https:\/\/www.lifenatura.com\/wp-content\/uploads\/2026\/03\/3D-Urisidil.png","width":2268,"height":2268},{"@type":"BreadcrumbList","@id":"https:\/\/www.lifenatura.com\/es\/produto\/urisidil-30-comprimidos-farmodietica\/#breadcrumb","itemListElement":[{"@type":"ListItem","position":1,"name":"In\u00edcio","item":"https:\/\/www.lifenatura.com\/es\/"},{"@type":"ListItem","position":2,"name":"Todos los Productos","item":"https:\/\/www.lifenatura.com\/es\/tienda\/"},{"@type":"ListItem","position":3,"name":"Urisidil 30 comprimidos &#8211; Farmodi\u00e9tica"}]},{"@type":"WebSite","@id":"https:\/\/www.lifenatura.com\/es\/#website","url":"https:\/\/www.lifenatura.com\/es\/","name":"Lifenatura","description":"A Lifenatura \u00e9 uma loja de produtos naturais, cosm\u00e9tica natural e alimenta\u00e7\u00e3o Biol\u00f3gica.","publisher":{"@id":"https:\/\/www.lifenatura.com\/es\/#organization"},"potentialAction":[{"@type":"SearchAction","target":{"@type":"EntryPoint","urlTemplate":"https:\/\/www.lifenatura.com\/es\/?s={search_term_string}"},"query-input":{"@type":"PropertyValueSpecification","valueRequired":true,"valueName":"search_term_string"}}],"inLanguage":"es"},{"@type":"Organization","@id":"https:\/\/www.lifenatura.com\/es\/#organization","name":"Lifenatura","url":"https:\/\/www.lifenatura.com\/es\/","logo":{"@type":"ImageObject","inLanguage":"es","@id":"https:\/\/www.lifenatura.com\/es\/#\/schema\/logo\/image\/","url":"https:\/\/www.lifenatura.com\/wp-content\/uploads\/2021\/07\/logo.png","contentUrl":"https:\/\/www.lifenatura.com\/wp-content\/uploads\/2021\/07\/logo.png","width":175,"height":55,"caption":"Lifenatura"},"image":{"@id":"https:\/\/www.lifenatura.com\/es\/#\/schema\/logo\/image\/"},"sameAs":["https:\/\/www.facebook.com\/lifenatura","https:\/\/www.instagram.com\/lifenaturapt\/"],"hasMerchantReturnPolicy":{"@type":"MerchantReturnPolicy","merchantReturnLink":"https:\/\/www.lifenatura.com\/termos-condicoes-lifenatura\/"}}]},"product_price_amount":"12.86","product_price_currency":"EUR","og_availability":"instock","product_availability":"instock","product_retailer_item_id":"5601653004763","product_condition":"new"},"df_price":12.86,"df_sale_price":12.86,"df_regular_price":23.38,"df_image_link":"https:\/\/www.lifenatura.com\/wp-content\/uploads\/2026\/03\/3D-Urisidil-300x300.png","_links":{"self":[{"href":"https:\/\/www.lifenatura.com\/es\/wp-json\/wp\/v2\/product\/37893","targetHints":{"allow":["GET"]}}],"collection":[{"href":"https:\/\/www.lifenatura.com\/es\/wp-json\/wp\/v2\/product"}],"about":[{"href":"https:\/\/www.lifenatura.com\/es\/wp-json\/wp\/v2\/types\/product"}],"wp:featuredmedia":[{"embeddable":true,"href":"https:\/\/www.lifenatura.com\/es\/wp-json\/wp\/v2\/media\/131465"}],"wp:attachment":[{"href":"https:\/\/www.lifenatura.com\/es\/wp-json\/wp\/v2\/media?parent=37893"}],"wp:term":[{"taxonomy":"product_brand","embeddable":true,"href":"https:\/\/www.lifenatura.com\/es\/wp-json\/wp\/v2\/product_brand?post=37893"},{"taxonomy":"product_cat","embeddable":true,"href":"https:\/\/www.lifenatura.com\/es\/wp-json\/wp\/v2\/product_cat?post=37893"},{"taxonomy":"product_tag","embeddable":true,"href":"https:\/\/www.lifenatura.com\/es\/wp-json\/wp\/v2\/product_tag?post=37893"}],"curies":[{"name":"wp","href":"https:\/\/api.w.org\/{rel}","templated":true}]}}