{"id":37892,"date":"2021-09-30T09:56:52","date_gmt":"2021-09-30T09:56:52","guid":{"rendered":"https:\/\/lifenatura.dev.agenciagetdigital.com\/produto\/prosta-herb-60-comprimidos-farmodietica\/"},"modified":"2025-07-31T00:07:50","modified_gmt":"2025-07-31T00:07:50","slug":"prosta-herb-60-comprimidos-farmodietica","status":"publish","type":"product","link":"https:\/\/www.lifenatura.com\/es\/produto\/prosta-herb-60-comprimidos-farmodietica\/","title":{"rendered":"Prosta-Herb 60 comprimidos &#8211; Farmodi\u00e9tica"},"content":{"rendered":"<h2><strong>Prosta-Herb est\u00e1 indicado para la pr\u00f3stata<\/strong><\/h2>\n<p>&nbsp;<\/p>\n<p>Prosta-Herb es un complemento alimenticio compuesto por sustancias de reconocida importancia para el aparato genitourinario masculino. Entre estas sustancias se encuentra el extracto seco concentrado de granada, que es muy rico en compuestos fen\u00f3licos y tiene un efecto antioxidante sobre la pr\u00f3stata.<\/p>\n<p>Prosta-Herb\u00ae ha sido especialmente concebido para ser utilizado por hombres a partir de los 40 a\u00f1os.<\/p>\n<p>Esta f\u00f3rmula avanzada combina una selecci\u00f3n de ingredientes bot\u00e1nicos y nutrientes esenciales, cuidadosamente elegidos por sus propiedades beneficiosas para promover la salud de la pr\u00f3stata y mantener una funci\u00f3n urinaria sana en los hombres.<\/p>\n<p><strong>Los 3 beneficios principales:<\/strong><\/p>\n<ul>\n<li><strong>Salud de la Pr\u00f3stata:<\/strong> Prosta-Herb est\u00e1 formulado con ingredientes que favorecen la salud de la pr\u00f3stata, incluyendo extractos de plantas como Saw Palmetto (Serenoa repens) y Pygeum (Pygeum africanum), que se han utilizado tradicionalmente para promover la salud de la pr\u00f3stata y aliviar los s\u00edntomas relacionados con la hiperplasia benigna de pr\u00f3stata (HBP).<\/li>\n<li><strong>Reducci\u00f3n de los s\u00edntomas del tracto urinario:<\/strong> Los ingredientes bot\u00e1nicos de Prosta-Herb tienen propiedades antiinflamatorias y antioxidantes que ayudan a reducir la inflamaci\u00f3n y aliviar los s\u00edntomas urinarios asociados con la HPB, como dificultad para orinar, micci\u00f3n frecuente y urgencia urinaria.<\/li>\n<li><strong>Equilibrio hormonal:<\/strong> Ciertos ingredientes de Prosta-Herb, como el Saw Palmetto, pueden ayudar a equilibrar los niveles hormonales, concretamente reduciendo la conversi\u00f3n de testosterona en dihidrotestosterona (DHT), lo que puede ayudar a reducir el crecimiento de la pr\u00f3stata y los s\u00edntomas relacionados con la HBP.<\/li>\n<\/ul>\n<p><strong>PRESENTACI\u00d3N<\/strong><\/p>\n<p>60 comprimidos.<\/p>\n<p>&nbsp;<\/p>\n","protected":false},"excerpt":{"rendered":"<p>Prosta-Herb es un suplemento alimenticio compuesto por sustancias de reconocida importancia para el aparato genito-urinario masculino. [&#8230;]<\/p>\n<p><a class=\"btn btn-secondary understrap-read-more-link\" href=\"https:\/\/www.lifenatura.com\/es\/produto\/prosta-herb-60-comprimidos-farmodietica\/\">Leer m\u00e1s&#8230;<span class=\"screen-reader-text\"> from Prosta-Herb 60 comprimidos &#8211; Farmodi\u00e9tica<\/span><\/a><\/p>\n","protected":false},"featured_media":131451,"template":"","meta":{"_acf_changed":false},"product_brand":[8488],"product_cat":[7251,7179],"product_tag":[8699],"class_list":{"0":"post-37892","1":"product","2":"type-product","3":"status-publish","4":"has-post-thumbnail","6":"product_brand-farmodietica","7":"product_cat-prostata-salud","8":"product_cat-salud","9":"product_tag-farmodietica","11":"first","12":"instock","13":"sale","14":"featured","15":"shipping-taxable","16":"purchasable","17":"product-type-simple","18":"add-to-wishlist-before_image"},"acf":[],"yoast_head":"<!-- This site is optimized with the Yoast SEO Premium plugin v27.1 (Yoast SEO v27.4) - https:\/\/yoast.com\/product\/yoast-seo-premium-wordpress\/ -->\n<title>Prosta-Herb 60 comprimidos Farmodi\u00e9tica - Lifenatura<\/title>\n<meta name=\"description\" content=\"Prosta-Herb es un suplemento alimenticio compuesto por sustancias de reconocida importancia para el aparato genito-urinario masculino.\" \/>\n<meta name=\"robots\" content=\"index, follow, max-snippet:-1, max-image-preview:large, max-video-preview:-1\" \/>\n<link rel=\"canonical\" href=\"https:\/\/www.lifenatura.com\/es\/produto\/prosta-herb-60-comprimidos-farmodietica\/\" \/>\n<meta property=\"og:locale\" content=\"es_ES\" \/>\n<meta property=\"og:type\" content=\"article\" \/>\n<meta property=\"og:title\" content=\"Prosta-Herb 60 comprimidos - Farmodi\u00e9tica - Lifenatura\" \/>\n<meta property=\"og:description\" content=\"Compre aqui o seu Prosta-Herb 60 comprimidos - Farmodi\u00e9tica e a Lifenatura Online envia em 48 H com Portes Gratis &gt;35\u20ac de Pedido.\" \/>\n<meta property=\"og:url\" content=\"https:\/\/www.lifenatura.com\/es\/produto\/prosta-herb-60-comprimidos-farmodietica\/\" \/>\n<meta property=\"og:site_name\" content=\"Lifenatura\" \/>\n<meta property=\"article:publisher\" content=\"https:\/\/www.facebook.com\/lifenatura\" \/>\n<meta property=\"article:modified_time\" content=\"2025-07-31T00:07:50+00:00\" \/>\n<meta property=\"og:image\" content=\"https:\/\/www.lifenatura.com\/wp-content\/uploads\/2021\/09\/prosta-herb-60comprimidos-farmodietica.jpg\" \/>\n\t<meta property=\"og:image:width\" content=\"1000\" \/>\n\t<meta property=\"og:image:height\" content=\"1000\" \/>\n\t<meta property=\"og:image:type\" content=\"image\/jpeg\" \/>\n<meta name=\"twitter:card\" content=\"summary_large_image\" \/>\n<meta name=\"twitter:label1\" content=\"Precio\" \/>\n\t<meta name=\"twitter:data1\" content=\"22,73&nbsp;&euro;\" \/>\n\t<meta name=\"twitter:label2\" content=\"Disponibilidad\" \/>\n\t<meta name=\"twitter:data2\" content=\"Disponible\" \/>\n<meta property=\"product:price:amount\" content=\"22.73\" \/>\n<meta property=\"product:price:currency\" content=\"EUR\" \/>\n<meta property=\"og:availability\" content=\"instock\" \/>\n<meta property=\"product:availability\" content=\"instock\" \/>\n<meta property=\"product:retailer_item_id\" content=\"5601653001342\" \/>\n<meta property=\"product:condition\" content=\"new\" \/>\n<!-- \/ Yoast SEO Premium plugin. -->","yoast_head_json":{"title":"Prosta-Herb 60 comprimidos Farmodi\u00e9tica - Lifenatura","description":"Prosta-Herb es un suplemento alimenticio compuesto por sustancias de reconocida importancia para el aparato genito-urinario masculino.","robots":{"index":"index","follow":"follow","max-snippet":"max-snippet:-1","max-image-preview":"max-image-preview:large","max-video-preview":"max-video-preview:-1"},"canonical":"https:\/\/www.lifenatura.com\/es\/produto\/prosta-herb-60-comprimidos-farmodietica\/","og_locale":"es_ES","og_type":"article","og_title":"Prosta-Herb 60 comprimidos - Farmodi\u00e9tica - Lifenatura","og_description":"Compre aqui o seu Prosta-Herb 60 comprimidos - Farmodi\u00e9tica e a Lifenatura Online envia em 48 H com Portes Gratis >35\u20ac de Pedido.","og_url":"https:\/\/www.lifenatura.com\/es\/produto\/prosta-herb-60-comprimidos-farmodietica\/","og_site_name":"Lifenatura","article_publisher":"https:\/\/www.facebook.com\/lifenatura","article_modified_time":"2025-07-31T00:07:50+00:00","og_image":[{"width":1000,"height":1000,"url":"https:\/\/www.lifenatura.com\/wp-content\/uploads\/2021\/09\/prosta-herb-60comprimidos-farmodietica.jpg","type":"image\/jpeg"}],"twitter_card":"summary_large_image","twitter_misc":{"Precio":"22,73&nbsp;&euro;","Disponibilidad":"Disponible"},"schema":{"@context":"https:\/\/schema.org","@graph":[{"@type":"WebPage","@id":"https:\/\/www.lifenatura.com\/es\/produto\/prosta-herb-60-comprimidos-farmodietica\/","url":"https:\/\/www.lifenatura.com\/es\/produto\/prosta-herb-60-comprimidos-farmodietica\/","name":"Prosta-Herb 60 comprimidos Farmodi\u00e9tica - Lifenatura","isPartOf":{"@id":"https:\/\/www.lifenatura.com\/es\/#website"},"primaryImageOfPage":{"@id":"https:\/\/www.lifenatura.com\/es\/produto\/prosta-herb-60-comprimidos-farmodietica\/#primaryimage"},"image":{"@id":"https:\/\/www.lifenatura.com\/es\/produto\/prosta-herb-60-comprimidos-farmodietica\/#primaryimage"},"thumbnailUrl":"https:\/\/www.lifenatura.com\/wp-content\/uploads\/2026\/03\/3d-prostaherb.png","datePublished":"2021-09-30T09:56:52+00:00","dateModified":"2025-07-31T00:07:50+00:00","description":"Prosta-Herb es un suplemento alimenticio compuesto por sustancias de reconocida importancia para el aparato genito-urinario masculino.","breadcrumb":{"@id":"https:\/\/www.lifenatura.com\/es\/produto\/prosta-herb-60-comprimidos-farmodietica\/#breadcrumb"},"inLanguage":"es","potentialAction":[{"@type":"ReadAction","target":["https:\/\/www.lifenatura.com\/es\/produto\/prosta-herb-60-comprimidos-farmodietica\/"]}]},{"@type":"ImageObject","inLanguage":"es","@id":"https:\/\/www.lifenatura.com\/es\/produto\/prosta-herb-60-comprimidos-farmodietica\/#primaryimage","url":"https:\/\/www.lifenatura.com\/wp-content\/uploads\/2026\/03\/3d-prostaherb.png","contentUrl":"https:\/\/www.lifenatura.com\/wp-content\/uploads\/2026\/03\/3d-prostaherb.png","width":2268,"height":2268},{"@type":"BreadcrumbList","@id":"https:\/\/www.lifenatura.com\/es\/produto\/prosta-herb-60-comprimidos-farmodietica\/#breadcrumb","itemListElement":[{"@type":"ListItem","position":1,"name":"In\u00edcio","item":"https:\/\/www.lifenatura.com\/es\/"},{"@type":"ListItem","position":2,"name":"Todos los Productos","item":"https:\/\/www.lifenatura.com\/es\/tienda\/"},{"@type":"ListItem","position":3,"name":"Prosta-Herb 60 comprimidos &#8211; Farmodi\u00e9tica"}]},{"@type":"WebSite","@id":"https:\/\/www.lifenatura.com\/es\/#website","url":"https:\/\/www.lifenatura.com\/es\/","name":"Lifenatura","description":"A Lifenatura \u00e9 uma loja de produtos naturais, cosm\u00e9tica natural e alimenta\u00e7\u00e3o Biol\u00f3gica.","publisher":{"@id":"https:\/\/www.lifenatura.com\/es\/#organization"},"potentialAction":[{"@type":"SearchAction","target":{"@type":"EntryPoint","urlTemplate":"https:\/\/www.lifenatura.com\/es\/?s={search_term_string}"},"query-input":{"@type":"PropertyValueSpecification","valueRequired":true,"valueName":"search_term_string"}}],"inLanguage":"es"},{"@type":"Organization","@id":"https:\/\/www.lifenatura.com\/es\/#organization","name":"Lifenatura","url":"https:\/\/www.lifenatura.com\/es\/","logo":{"@type":"ImageObject","inLanguage":"es","@id":"https:\/\/www.lifenatura.com\/es\/#\/schema\/logo\/image\/","url":"https:\/\/www.lifenatura.com\/wp-content\/uploads\/2021\/11\/logo.png","contentUrl":"https:\/\/www.lifenatura.com\/wp-content\/uploads\/2021\/11\/logo.png","width":175,"height":55,"caption":"Lifenatura"},"image":{"@id":"https:\/\/www.lifenatura.com\/es\/#\/schema\/logo\/image\/"},"sameAs":["https:\/\/www.facebook.com\/lifenatura","https:\/\/www.instagram.com\/lifenaturapt\/"]}]},"product_price_amount":"22.73","product_price_currency":"EUR","og_availability":"instock","product_availability":"instock","product_retailer_item_id":"5601653001342","product_condition":"new"},"df_price":22.73,"df_sale_price":22.73,"df_regular_price":41.32,"df_image_link":"https:\/\/www.lifenatura.com\/wp-content\/uploads\/2026\/03\/3d-prostaherb-300x300.png","_links":{"self":[{"href":"https:\/\/www.lifenatura.com\/es\/wp-json\/wp\/v2\/product\/37892","targetHints":{"allow":["GET"]}}],"collection":[{"href":"https:\/\/www.lifenatura.com\/es\/wp-json\/wp\/v2\/product"}],"about":[{"href":"https:\/\/www.lifenatura.com\/es\/wp-json\/wp\/v2\/types\/product"}],"wp:featuredmedia":[{"embeddable":true,"href":"https:\/\/www.lifenatura.com\/es\/wp-json\/wp\/v2\/media\/131451"}],"wp:attachment":[{"href":"https:\/\/www.lifenatura.com\/es\/wp-json\/wp\/v2\/media?parent=37892"}],"wp:term":[{"taxonomy":"product_brand","embeddable":true,"href":"https:\/\/www.lifenatura.com\/es\/wp-json\/wp\/v2\/product_brand?post=37892"},{"taxonomy":"product_cat","embeddable":true,"href":"https:\/\/www.lifenatura.com\/es\/wp-json\/wp\/v2\/product_cat?post=37892"},{"taxonomy":"product_tag","embeddable":true,"href":"https:\/\/www.lifenatura.com\/es\/wp-json\/wp\/v2\/product_tag?post=37892"}],"curies":[{"name":"wp","href":"https:\/\/api.w.org\/{rel}","templated":true}]}}