{"id":37889,"date":"2021-09-30T09:56:52","date_gmt":"2021-09-30T09:56:52","guid":{"rendered":"https:\/\/lifenatura.dev.agenciagetdigital.com\/produto\/nutriwell-capilar-deluxe-3030-capsulas-farmodietica\/"},"modified":"2025-07-31T00:07:48","modified_gmt":"2025-07-31T00:07:48","slug":"nutriwell-capilar-deluxe-3030-capsulas-farmodietica","status":"publish","type":"product","link":"https:\/\/www.lifenatura.com\/es\/produto\/nutriwell-capilar-deluxe-3030-capsulas-farmodietica\/","title":{"rendered":"Nutriwell Capilar Deluxe 30+30 c\u00e1psulas &#8211; Farmodi\u00e9tica"},"content":{"rendered":"<h2><strong>Nutriwell para la ca\u00edda del cabello<\/strong><\/h2>\n<p>&nbsp;<\/p>\n<p>Nutriwell Capilar Deluxe es un complemento alimenticio de f\u00f3rmula reforzada, compuesto por dos c\u00e1psulas, para el cuidado intensivo de su cabello. Contiene una c\u00e1psula rica en aceite de germen de trigo, vid y gamma-orizanol, zinc, vitamina E y vitaminas del grupo B.<\/p>\n<p>Nutriwell Capilar Deluxe de Farmodietica es un suplemento nutricional avanzado dise\u00f1ado para promover la salud y la belleza del cabello. Con una f\u00f3rmula exclusiva y completa, este producto est\u00e1 dise\u00f1ado para proporcionar los nutrientes esenciales que el cabello necesita para crecer fuerte, sano y brillante.<\/p>\n<p>Para una acci\u00f3n optimizada, contiene tambi\u00e9n una c\u00e1psula con L-cistina, taurina, hierro, selenio y cobre.<\/p>\n<p><strong>Los 3 beneficios principales:<\/strong><\/p>\n<ul>\n<li><strong>Promueve el crecimiento sano del cabello:<\/strong> Contiene una combinaci\u00f3n de vitaminas, minerales y nutrientes esenciales que ayudan a promover el crecimiento sano del cabello desde la ra\u00edz. El resultado es un cabello m\u00e1s fuerte y resistente a la rotura.<\/li>\n<li><strong>Fortalece el cabello y previene<\/strong> su ca\u00edda: Los ingredientes activos de este suplemento, como la biotina, el zinc y el selenio, ayudan a fortalecer el cabello, haci\u00e9ndolo m\u00e1s resistente a la ca\u00edda. El resultado es un cabello m\u00e1s denso y voluminoso.<\/li>\n<li><strong>Mejora la textura y el brillo:<\/strong> Nutre el cabello desde el interior, mejorando su textura y proporcion\u00e1ndole un brillo sano y radiante. Esto ayuda a restaurar la vitalidad del cabello y dejarlo con un aspecto m\u00e1s hermoso y vibrante.<\/li>\n<\/ul>\n<p><strong>PRESENTACI\u00d3N<\/strong><\/p>\n<p>30 + 30 C\u00e1psulas.<\/p>\n<p>&nbsp;<\/p>\n","protected":false},"excerpt":{"rendered":"<p>Nutriwell Capilar Deluxe es un suplemento alimenticio con una f\u00f3rmula reforzada, compuesto por dos c\u00e1psulas, para el cuidado intensivo de tu cabello. [&#8230;]<\/p>\n<p><a class=\"btn btn-secondary understrap-read-more-link\" href=\"https:\/\/www.lifenatura.com\/es\/produto\/nutriwell-capilar-deluxe-3030-capsulas-farmodietica\/\">Leer m\u00e1s&#8230;<span class=\"screen-reader-text\"> from Nutriwell Capilar Deluxe 30+30 c\u00e1psulas &#8211; Farmodi\u00e9tica<\/span><\/a><\/p>\n","protected":false},"featured_media":131431,"template":"","meta":{"_acf_changed":false},"product_brand":[8488],"product_cat":[7237,7179],"product_tag":[8699],"class_list":{"0":"post-37889","1":"product","2":"type-product","3":"status-publish","4":"has-post-thumbnail","6":"product_brand-farmodietica","7":"product_cat-pelo-unas","8":"product_cat-salud","9":"product_tag-farmodietica","11":"first","12":"instock","13":"sale","14":"featured","15":"shipping-taxable","16":"purchasable","17":"product-type-simple","18":"add-to-wishlist-before_image"},"acf":[],"yoast_head":"<!-- This site is optimized with the Yoast SEO Premium plugin v27.1 (Yoast SEO v27.5) - https:\/\/yoast.com\/product\/yoast-seo-premium-wordpress\/ -->\n<title>Nutriwell Capilar Deluxe Farmodi\u00e9tica - Lifenatura<\/title>\n<meta name=\"description\" content=\"Nutriwell Capilar Deluxe es un suplemento alimenticio con una f\u00f3rmula reforzada, compuesto por dos c\u00e1psulas, para el cuidado intensivo de tu cabello.\" \/>\n<meta name=\"robots\" content=\"index, follow, max-snippet:-1, max-image-preview:large, max-video-preview:-1\" \/>\n<link rel=\"canonical\" href=\"https:\/\/www.lifenatura.com\/es\/produto\/nutriwell-capilar-deluxe-3030-capsulas-farmodietica\/\" \/>\n<meta property=\"og:locale\" content=\"es_ES\" \/>\n<meta property=\"og:type\" content=\"article\" \/>\n<meta property=\"og:title\" content=\"Nutriwell Capilar Deluxe 30+30 c\u00e1psulas - Farmodi\u00e9tica - Na Lifenatura ao Melhor Pre\u00e7o | Envio 48h\" \/>\n<meta property=\"og:description\" content=\"Compre Nutriwell Capilar Deluxe 30+30 c\u00e1psulas - Farmodi\u00e9tica com envio r\u00e1pido. Entrega em 48h e portes gr\u00e1tis em compras &gt;35\u20ac. Aproveite j\u00e1 na Lifenatura\" \/>\n<meta property=\"og:url\" content=\"https:\/\/www.lifenatura.com\/es\/produto\/nutriwell-capilar-deluxe-3030-capsulas-farmodietica\/\" \/>\n<meta property=\"og:site_name\" content=\"Lifenatura\" \/>\n<meta property=\"article:publisher\" content=\"https:\/\/www.facebook.com\/lifenatura\" \/>\n<meta property=\"article:modified_time\" content=\"2025-07-31T00:07:48+00:00\" \/>\n<meta property=\"og:image\" content=\"https:\/\/www.lifenatura.com\/wp-content\/uploads\/2021\/09\/gd_nutriwell-capilar-deluxe-30-30-capsulas-farmodietica.jpg\" \/>\n\t<meta property=\"og:image:width\" content=\"1000\" \/>\n\t<meta property=\"og:image:height\" content=\"1000\" \/>\n\t<meta property=\"og:image:type\" content=\"image\/jpeg\" \/>\n<meta name=\"twitter:card\" content=\"summary_large_image\" \/>\n<meta name=\"twitter:label1\" content=\"Precio\" \/>\n\t<meta name=\"twitter:data1\" content=\"20,51&nbsp;&euro;\" \/>\n\t<meta name=\"twitter:label2\" content=\"Disponibilidad\" \/>\n\t<meta name=\"twitter:data2\" content=\"Disponible\" \/>\n<script type=\"application\/ld+json\" class=\"yoast-schema-graph\">{\"@context\":\"https:\\\/\\\/schema.org\",\"@graph\":[{\"@type\":\"WebPage\",\"@id\":\"https:\\\/\\\/www.lifenatura.com\\\/es\\\/produto\\\/nutriwell-capilar-deluxe-3030-capsulas-farmodietica\\\/\",\"url\":\"https:\\\/\\\/www.lifenatura.com\\\/es\\\/produto\\\/nutriwell-capilar-deluxe-3030-capsulas-farmodietica\\\/\",\"name\":\"Nutriwell Capilar Deluxe Farmodi\u00e9tica - Lifenatura\",\"isPartOf\":{\"@id\":\"https:\\\/\\\/www.lifenatura.com\\\/es\\\/#website\"},\"primaryImageOfPage\":{\"@id\":\"https:\\\/\\\/www.lifenatura.com\\\/es\\\/produto\\\/nutriwell-capilar-deluxe-3030-capsulas-farmodietica\\\/#primaryimage\"},\"image\":{\"@id\":\"https:\\\/\\\/www.lifenatura.com\\\/es\\\/produto\\\/nutriwell-capilar-deluxe-3030-capsulas-farmodietica\\\/#primaryimage\"},\"thumbnailUrl\":\"https:\\\/\\\/www.lifenatura.com\\\/wp-content\\\/uploads\\\/2026\\\/03\\\/3D-nutriwell-deluxe.png\",\"datePublished\":\"2021-09-30T09:56:52+00:00\",\"dateModified\":\"2025-07-31T00:07:48+00:00\",\"description\":\"Nutriwell Capilar Deluxe es un suplemento alimenticio con una f\u00f3rmula reforzada, compuesto por dos c\u00e1psulas, para el cuidado intensivo de tu cabello.\",\"breadcrumb\":{\"@id\":\"https:\\\/\\\/www.lifenatura.com\\\/es\\\/produto\\\/nutriwell-capilar-deluxe-3030-capsulas-farmodietica\\\/#breadcrumb\"},\"inLanguage\":\"es\",\"potentialAction\":[{\"@type\":\"ReadAction\",\"target\":[\"https:\\\/\\\/www.lifenatura.com\\\/es\\\/produto\\\/nutriwell-capilar-deluxe-3030-capsulas-farmodietica\\\/\"]}]},{\"@type\":\"ImageObject\",\"inLanguage\":\"es\",\"@id\":\"https:\\\/\\\/www.lifenatura.com\\\/es\\\/produto\\\/nutriwell-capilar-deluxe-3030-capsulas-farmodietica\\\/#primaryimage\",\"url\":\"https:\\\/\\\/www.lifenatura.com\\\/wp-content\\\/uploads\\\/2026\\\/03\\\/3D-nutriwell-deluxe.png\",\"contentUrl\":\"https:\\\/\\\/www.lifenatura.com\\\/wp-content\\\/uploads\\\/2026\\\/03\\\/3D-nutriwell-deluxe.png\",\"width\":2268,\"height\":2268},{\"@type\":\"BreadcrumbList\",\"@id\":\"https:\\\/\\\/www.lifenatura.com\\\/es\\\/produto\\\/nutriwell-capilar-deluxe-3030-capsulas-farmodietica\\\/#breadcrumb\",\"itemListElement\":[{\"@type\":\"ListItem\",\"position\":1,\"name\":\"In\u00edcio\",\"item\":\"https:\\\/\\\/www.lifenatura.com\\\/es\\\/\"},{\"@type\":\"ListItem\",\"position\":2,\"name\":\"Todos los Productos\",\"item\":\"https:\\\/\\\/www.lifenatura.com\\\/es\\\/tienda\\\/\"},{\"@type\":\"ListItem\",\"position\":3,\"name\":\"Nutriwell Capilar Deluxe 30+30 c\u00e1psulas &#8211; Farmodi\u00e9tica\"}]},{\"@type\":\"WebSite\",\"@id\":\"https:\\\/\\\/www.lifenatura.com\\\/es\\\/#website\",\"url\":\"https:\\\/\\\/www.lifenatura.com\\\/es\\\/\",\"name\":\"Lifenatura\",\"description\":\"A Lifenatura \u00e9 uma loja de produtos naturais, cosm\u00e9tica natural e alimenta\u00e7\u00e3o Biol\u00f3gica.\",\"publisher\":{\"@id\":\"https:\\\/\\\/www.lifenatura.com\\\/es\\\/#organization\"},\"potentialAction\":[{\"@type\":\"SearchAction\",\"target\":{\"@type\":\"EntryPoint\",\"urlTemplate\":\"https:\\\/\\\/www.lifenatura.com\\\/es\\\/?s={search_term_string}\"},\"query-input\":{\"@type\":\"PropertyValueSpecification\",\"valueRequired\":true,\"valueName\":\"search_term_string\"}}],\"inLanguage\":\"es\"},{\"@type\":\"Organization\",\"@id\":\"https:\\\/\\\/www.lifenatura.com\\\/es\\\/#organization\",\"name\":\"Lifenatura\",\"url\":\"https:\\\/\\\/www.lifenatura.com\\\/es\\\/\",\"logo\":{\"@type\":\"ImageObject\",\"inLanguage\":\"es\",\"@id\":\"https:\\\/\\\/www.lifenatura.com\\\/es\\\/#\\\/schema\\\/logo\\\/image\\\/\",\"url\":\"https:\\\/\\\/www.lifenatura.com\\\/wp-content\\\/uploads\\\/2021\\\/07\\\/logo.png\",\"contentUrl\":\"https:\\\/\\\/www.lifenatura.com\\\/wp-content\\\/uploads\\\/2021\\\/07\\\/logo.png\",\"width\":175,\"height\":55,\"caption\":\"Lifenatura\"},\"image\":{\"@id\":\"https:\\\/\\\/www.lifenatura.com\\\/es\\\/#\\\/schema\\\/logo\\\/image\\\/\"},\"sameAs\":[\"https:\\\/\\\/www.facebook.com\\\/lifenatura\",\"https:\\\/\\\/www.instagram.com\\\/lifenaturapt\\\/\"],\"hasMerchantReturnPolicy\":{\"@type\":\"MerchantReturnPolicy\",\"merchantReturnLink\":\"https:\\\/\\\/www.lifenatura.com\\\/termos-condicoes-lifenatura\\\/\"}}]}<\/script>\n<meta property=\"product:price:amount\" content=\"20.51\" \/>\n<meta property=\"product:price:currency\" content=\"EUR\" \/>\n<meta property=\"og:availability\" content=\"instock\" \/>\n<meta property=\"product:availability\" content=\"instock\" \/>\n<meta property=\"product:retailer_item_id\" content=\"5601653011273\" \/>\n<meta property=\"product:condition\" content=\"new\" \/>\n<!-- \/ Yoast SEO Premium plugin. -->","yoast_head_json":{"title":"Nutriwell Capilar Deluxe Farmodi\u00e9tica - Lifenatura","description":"Nutriwell Capilar Deluxe es un suplemento alimenticio con una f\u00f3rmula reforzada, compuesto por dos c\u00e1psulas, para el cuidado intensivo de tu cabello.","robots":{"index":"index","follow":"follow","max-snippet":"max-snippet:-1","max-image-preview":"max-image-preview:large","max-video-preview":"max-video-preview:-1"},"canonical":"https:\/\/www.lifenatura.com\/es\/produto\/nutriwell-capilar-deluxe-3030-capsulas-farmodietica\/","og_locale":"es_ES","og_type":"article","og_title":"Nutriwell Capilar Deluxe 30+30 c\u00e1psulas - Farmodi\u00e9tica - Na Lifenatura ao Melhor Pre\u00e7o | Envio 48h","og_description":"Compre Nutriwell Capilar Deluxe 30+30 c\u00e1psulas - Farmodi\u00e9tica com envio r\u00e1pido. Entrega em 48h e portes gr\u00e1tis em compras >35\u20ac. Aproveite j\u00e1 na Lifenatura","og_url":"https:\/\/www.lifenatura.com\/es\/produto\/nutriwell-capilar-deluxe-3030-capsulas-farmodietica\/","og_site_name":"Lifenatura","article_publisher":"https:\/\/www.facebook.com\/lifenatura","article_modified_time":"2025-07-31T00:07:48+00:00","og_image":[{"width":1000,"height":1000,"url":"https:\/\/www.lifenatura.com\/wp-content\/uploads\/2021\/09\/gd_nutriwell-capilar-deluxe-30-30-capsulas-farmodietica.jpg","type":"image\/jpeg"}],"twitter_card":"summary_large_image","twitter_misc":{"Precio":"20,51&nbsp;&euro;","Disponibilidad":"Disponible"},"schema":{"@context":"https:\/\/schema.org","@graph":[{"@type":"WebPage","@id":"https:\/\/www.lifenatura.com\/es\/produto\/nutriwell-capilar-deluxe-3030-capsulas-farmodietica\/","url":"https:\/\/www.lifenatura.com\/es\/produto\/nutriwell-capilar-deluxe-3030-capsulas-farmodietica\/","name":"Nutriwell Capilar Deluxe Farmodi\u00e9tica - Lifenatura","isPartOf":{"@id":"https:\/\/www.lifenatura.com\/es\/#website"},"primaryImageOfPage":{"@id":"https:\/\/www.lifenatura.com\/es\/produto\/nutriwell-capilar-deluxe-3030-capsulas-farmodietica\/#primaryimage"},"image":{"@id":"https:\/\/www.lifenatura.com\/es\/produto\/nutriwell-capilar-deluxe-3030-capsulas-farmodietica\/#primaryimage"},"thumbnailUrl":"https:\/\/www.lifenatura.com\/wp-content\/uploads\/2026\/03\/3D-nutriwell-deluxe.png","datePublished":"2021-09-30T09:56:52+00:00","dateModified":"2025-07-31T00:07:48+00:00","description":"Nutriwell Capilar Deluxe es un suplemento alimenticio con una f\u00f3rmula reforzada, compuesto por dos c\u00e1psulas, para el cuidado intensivo de tu cabello.","breadcrumb":{"@id":"https:\/\/www.lifenatura.com\/es\/produto\/nutriwell-capilar-deluxe-3030-capsulas-farmodietica\/#breadcrumb"},"inLanguage":"es","potentialAction":[{"@type":"ReadAction","target":["https:\/\/www.lifenatura.com\/es\/produto\/nutriwell-capilar-deluxe-3030-capsulas-farmodietica\/"]}]},{"@type":"ImageObject","inLanguage":"es","@id":"https:\/\/www.lifenatura.com\/es\/produto\/nutriwell-capilar-deluxe-3030-capsulas-farmodietica\/#primaryimage","url":"https:\/\/www.lifenatura.com\/wp-content\/uploads\/2026\/03\/3D-nutriwell-deluxe.png","contentUrl":"https:\/\/www.lifenatura.com\/wp-content\/uploads\/2026\/03\/3D-nutriwell-deluxe.png","width":2268,"height":2268},{"@type":"BreadcrumbList","@id":"https:\/\/www.lifenatura.com\/es\/produto\/nutriwell-capilar-deluxe-3030-capsulas-farmodietica\/#breadcrumb","itemListElement":[{"@type":"ListItem","position":1,"name":"In\u00edcio","item":"https:\/\/www.lifenatura.com\/es\/"},{"@type":"ListItem","position":2,"name":"Todos los Productos","item":"https:\/\/www.lifenatura.com\/es\/tienda\/"},{"@type":"ListItem","position":3,"name":"Nutriwell Capilar Deluxe 30+30 c\u00e1psulas &#8211; Farmodi\u00e9tica"}]},{"@type":"WebSite","@id":"https:\/\/www.lifenatura.com\/es\/#website","url":"https:\/\/www.lifenatura.com\/es\/","name":"Lifenatura","description":"A Lifenatura \u00e9 uma loja de produtos naturais, cosm\u00e9tica natural e alimenta\u00e7\u00e3o Biol\u00f3gica.","publisher":{"@id":"https:\/\/www.lifenatura.com\/es\/#organization"},"potentialAction":[{"@type":"SearchAction","target":{"@type":"EntryPoint","urlTemplate":"https:\/\/www.lifenatura.com\/es\/?s={search_term_string}"},"query-input":{"@type":"PropertyValueSpecification","valueRequired":true,"valueName":"search_term_string"}}],"inLanguage":"es"},{"@type":"Organization","@id":"https:\/\/www.lifenatura.com\/es\/#organization","name":"Lifenatura","url":"https:\/\/www.lifenatura.com\/es\/","logo":{"@type":"ImageObject","inLanguage":"es","@id":"https:\/\/www.lifenatura.com\/es\/#\/schema\/logo\/image\/","url":"https:\/\/www.lifenatura.com\/wp-content\/uploads\/2021\/07\/logo.png","contentUrl":"https:\/\/www.lifenatura.com\/wp-content\/uploads\/2021\/07\/logo.png","width":175,"height":55,"caption":"Lifenatura"},"image":{"@id":"https:\/\/www.lifenatura.com\/es\/#\/schema\/logo\/image\/"},"sameAs":["https:\/\/www.facebook.com\/lifenatura","https:\/\/www.instagram.com\/lifenaturapt\/"],"hasMerchantReturnPolicy":{"@type":"MerchantReturnPolicy","merchantReturnLink":"https:\/\/www.lifenatura.com\/termos-condicoes-lifenatura\/"}}]},"product_price_amount":"20.51","product_price_currency":"EUR","og_availability":"instock","product_availability":"instock","product_retailer_item_id":"5601653011273","product_condition":"new"},"df_price":20.51,"df_sale_price":20.51,"df_regular_price":37.3,"df_image_link":"https:\/\/www.lifenatura.com\/wp-content\/uploads\/2026\/03\/3D-nutriwell-deluxe-300x300.png","_links":{"self":[{"href":"https:\/\/www.lifenatura.com\/es\/wp-json\/wp\/v2\/product\/37889","targetHints":{"allow":["GET"]}}],"collection":[{"href":"https:\/\/www.lifenatura.com\/es\/wp-json\/wp\/v2\/product"}],"about":[{"href":"https:\/\/www.lifenatura.com\/es\/wp-json\/wp\/v2\/types\/product"}],"wp:featuredmedia":[{"embeddable":true,"href":"https:\/\/www.lifenatura.com\/es\/wp-json\/wp\/v2\/media\/131431"}],"wp:attachment":[{"href":"https:\/\/www.lifenatura.com\/es\/wp-json\/wp\/v2\/media?parent=37889"}],"wp:term":[{"taxonomy":"product_brand","embeddable":true,"href":"https:\/\/www.lifenatura.com\/es\/wp-json\/wp\/v2\/product_brand?post=37889"},{"taxonomy":"product_cat","embeddable":true,"href":"https:\/\/www.lifenatura.com\/es\/wp-json\/wp\/v2\/product_cat?post=37889"},{"taxonomy":"product_tag","embeddable":true,"href":"https:\/\/www.lifenatura.com\/es\/wp-json\/wp\/v2\/product_tag?post=37889"}],"curies":[{"name":"wp","href":"https:\/\/api.w.org\/{rel}","templated":true}]}}