{"id":37876,"date":"2021-09-30T09:56:31","date_gmt":"2021-09-30T09:56:31","guid":{"rendered":"https:\/\/lifenatura.dev.agenciagetdigital.com\/produto\/enolin-60-capsulas-farmodietica\/"},"modified":"2025-07-31T00:07:42","modified_gmt":"2025-07-31T00:07:42","slug":"enolin-60-capsulas-farmodietica","status":"publish","type":"product","link":"https:\/\/www.lifenatura.com\/es\/produto\/enolin-60-capsulas-farmodietica\/","title":{"rendered":"Enolin 60 c\u00e1psulas &#8211; Farmodi\u00e9tica"},"content":{"rendered":"<h2 style=\"text-align: left;\"><strong>Enolin indicada para la protecci\u00f3n del h\u00edgado y la ves\u00edcula biliar<\/strong><\/h2>\n<p>&nbsp;<\/p>\n<p>El Enolin en capsulas es un complemento alimenticio que contiene en su composici\u00f3n varias plantas cuyas propiedades contribuir\u00e1n al buen funcionamiento y protecci\u00f3n del h\u00edgado y ves\u00edcula, alivio de problemas digestivos y regulaci\u00f3n de los niveles de colesterol.<\/p>\n<p>Enolin\u00ae C\u00e1psulas es un complemento alimenticio optimizado en c\u00e1psulas, que contiene un extracto de cardo (Sylibum marianum (L.) Gaertn.), Estandarizado en 80% de silimarina.<\/p>\n<p><strong>PRESENTACI\u00d3N <\/strong><\/p>\n<p>60 c\u00e1psulas.<\/p>\n<p>&nbsp;<\/p>\n","protected":false},"excerpt":{"rendered":"<p>Las c\u00e1psulas de Enolin contienen varias plantas cuyas propiedades contribuir\u00e1n al buen funcionamiento y a la protecci\u00f3n del h\u00edgado y de la ves\u00edcula biliar. [&#8230;]<\/p>\n<p><a class=\"btn btn-secondary understrap-read-more-link\" href=\"https:\/\/www.lifenatura.com\/es\/produto\/enolin-60-capsulas-farmodietica\/\">Leer m\u00e1s&#8230;<span class=\"screen-reader-text\"> from Enolin 60 c\u00e1psulas &#8211; Farmodi\u00e9tica<\/span><\/a><\/p>\n","protected":false},"featured_media":131322,"template":"","meta":{"_acf_changed":false},"product_brand":[8491],"product_cat":[7254,7179],"product_tag":[8699],"class_list":{"0":"post-37876","1":"product","2":"type-product","3":"status-publish","4":"has-post-thumbnail","6":"product_brand-enolin","7":"product_cat-higado-vesicula","8":"product_cat-salud","9":"product_tag-farmodietica","11":"first","12":"instock","13":"sale","14":"featured","15":"shipping-taxable","16":"purchasable","17":"product-type-simple","18":"add-to-wishlist-before_image"},"acf":[],"yoast_head":"<!-- This site is optimized with the Yoast SEO Premium plugin v27.1 (Yoast SEO v27.5) - https:\/\/yoast.com\/product\/yoast-seo-premium-wordpress\/ -->\n<title>Enolin 60 c\u00e1psulas Farmodi\u00e9tica - Lifenatura<\/title>\n<meta name=\"description\" content=\"Las c\u00e1psulas de Enolin contienen varias plantas cuyas propiedades contribuir\u00e1n al buen funcionamiento y a la protecci\u00f3n del h\u00edgado y de la ves\u00edcula biliar.\" \/>\n<meta name=\"robots\" content=\"index, follow, max-snippet:-1, max-image-preview:large, max-video-preview:-1\" \/>\n<link rel=\"canonical\" href=\"https:\/\/www.lifenatura.com\/es\/produto\/enolin-60-capsulas-farmodietica\/\" \/>\n<meta property=\"og:locale\" content=\"es_ES\" \/>\n<meta property=\"og:type\" content=\"article\" \/>\n<meta property=\"og:title\" content=\"Enolin 60 c\u00e1psulas - Farmodi\u00e9tica - Na Lifenatura ao Melhor Pre\u00e7o | Envio 48h\" \/>\n<meta property=\"og:description\" content=\"Compre Enolin 60 c\u00e1psulas - Farmodi\u00e9tica com envio r\u00e1pido. Entrega em 48h e portes gr\u00e1tis em compras &gt;35\u20ac. Aproveite j\u00e1 na Lifenatura\" \/>\n<meta property=\"og:url\" content=\"https:\/\/www.lifenatura.com\/es\/produto\/enolin-60-capsulas-farmodietica\/\" \/>\n<meta property=\"og:site_name\" content=\"Lifenatura\" \/>\n<meta property=\"article:publisher\" content=\"https:\/\/www.facebook.com\/lifenatura\" \/>\n<meta property=\"article:modified_time\" content=\"2025-07-31T00:07:42+00:00\" \/>\n<meta property=\"og:image\" content=\"https:\/\/www.lifenatura.com\/wp-content\/uploads\/2021\/09\/gd_enolin_capsulas_farmodietica.jpg\" \/>\n\t<meta property=\"og:image:width\" content=\"1000\" \/>\n\t<meta property=\"og:image:height\" content=\"1000\" \/>\n\t<meta property=\"og:image:type\" content=\"image\/jpeg\" \/>\n<meta name=\"twitter:card\" content=\"summary_large_image\" \/>\n<meta name=\"twitter:label1\" content=\"Precio\" \/>\n\t<meta name=\"twitter:data1\" content=\"18,15&nbsp;&euro;\" \/>\n\t<meta name=\"twitter:label2\" content=\"Disponibilidad\" \/>\n\t<meta name=\"twitter:data2\" content=\"Disponible\" \/>\n<script type=\"application\/ld+json\" class=\"yoast-schema-graph\">{\"@context\":\"https:\\\/\\\/schema.org\",\"@graph\":[{\"@type\":\"WebPage\",\"@id\":\"https:\\\/\\\/www.lifenatura.com\\\/es\\\/produto\\\/enolin-60-capsulas-farmodietica\\\/\",\"url\":\"https:\\\/\\\/www.lifenatura.com\\\/es\\\/produto\\\/enolin-60-capsulas-farmodietica\\\/\",\"name\":\"Enolin 60 c\u00e1psulas Farmodi\u00e9tica - Lifenatura\",\"isPartOf\":{\"@id\":\"https:\\\/\\\/www.lifenatura.com\\\/es\\\/#website\"},\"primaryImageOfPage\":{\"@id\":\"https:\\\/\\\/www.lifenatura.com\\\/es\\\/produto\\\/enolin-60-capsulas-farmodietica\\\/#primaryimage\"},\"image\":{\"@id\":\"https:\\\/\\\/www.lifenatura.com\\\/es\\\/produto\\\/enolin-60-capsulas-farmodietica\\\/#primaryimage\"},\"thumbnailUrl\":\"https:\\\/\\\/www.lifenatura.com\\\/wp-content\\\/uploads\\\/2026\\\/03\\\/3D-Enolin-capsulas.png\",\"datePublished\":\"2021-09-30T09:56:31+00:00\",\"dateModified\":\"2025-07-31T00:07:42+00:00\",\"description\":\"Las c\u00e1psulas de Enolin contienen varias plantas cuyas propiedades contribuir\u00e1n al buen funcionamiento y a la protecci\u00f3n del h\u00edgado y de la ves\u00edcula biliar.\",\"breadcrumb\":{\"@id\":\"https:\\\/\\\/www.lifenatura.com\\\/es\\\/produto\\\/enolin-60-capsulas-farmodietica\\\/#breadcrumb\"},\"inLanguage\":\"es\",\"potentialAction\":[{\"@type\":\"ReadAction\",\"target\":[\"https:\\\/\\\/www.lifenatura.com\\\/es\\\/produto\\\/enolin-60-capsulas-farmodietica\\\/\"]}]},{\"@type\":\"ImageObject\",\"inLanguage\":\"es\",\"@id\":\"https:\\\/\\\/www.lifenatura.com\\\/es\\\/produto\\\/enolin-60-capsulas-farmodietica\\\/#primaryimage\",\"url\":\"https:\\\/\\\/www.lifenatura.com\\\/wp-content\\\/uploads\\\/2026\\\/03\\\/3D-Enolin-capsulas.png\",\"contentUrl\":\"https:\\\/\\\/www.lifenatura.com\\\/wp-content\\\/uploads\\\/2026\\\/03\\\/3D-Enolin-capsulas.png\",\"width\":2268,\"height\":2268},{\"@type\":\"BreadcrumbList\",\"@id\":\"https:\\\/\\\/www.lifenatura.com\\\/es\\\/produto\\\/enolin-60-capsulas-farmodietica\\\/#breadcrumb\",\"itemListElement\":[{\"@type\":\"ListItem\",\"position\":1,\"name\":\"In\u00edcio\",\"item\":\"https:\\\/\\\/www.lifenatura.com\\\/es\\\/\"},{\"@type\":\"ListItem\",\"position\":2,\"name\":\"Todos los Productos\",\"item\":\"https:\\\/\\\/www.lifenatura.com\\\/es\\\/tienda\\\/\"},{\"@type\":\"ListItem\",\"position\":3,\"name\":\"Enolin 60 c\u00e1psulas &#8211; Farmodi\u00e9tica\"}]},{\"@type\":\"WebSite\",\"@id\":\"https:\\\/\\\/www.lifenatura.com\\\/es\\\/#website\",\"url\":\"https:\\\/\\\/www.lifenatura.com\\\/es\\\/\",\"name\":\"Lifenatura\",\"description\":\"A Lifenatura \u00e9 uma loja de produtos naturais, cosm\u00e9tica natural e alimenta\u00e7\u00e3o Biol\u00f3gica.\",\"publisher\":{\"@id\":\"https:\\\/\\\/www.lifenatura.com\\\/es\\\/#organization\"},\"potentialAction\":[{\"@type\":\"SearchAction\",\"target\":{\"@type\":\"EntryPoint\",\"urlTemplate\":\"https:\\\/\\\/www.lifenatura.com\\\/es\\\/?s={search_term_string}\"},\"query-input\":{\"@type\":\"PropertyValueSpecification\",\"valueRequired\":true,\"valueName\":\"search_term_string\"}}],\"inLanguage\":\"es\"},{\"@type\":\"Organization\",\"@id\":\"https:\\\/\\\/www.lifenatura.com\\\/es\\\/#organization\",\"name\":\"Lifenatura\",\"url\":\"https:\\\/\\\/www.lifenatura.com\\\/es\\\/\",\"logo\":{\"@type\":\"ImageObject\",\"inLanguage\":\"es\",\"@id\":\"https:\\\/\\\/www.lifenatura.com\\\/es\\\/#\\\/schema\\\/logo\\\/image\\\/\",\"url\":\"https:\\\/\\\/www.lifenatura.com\\\/wp-content\\\/uploads\\\/2021\\\/07\\\/logo.png\",\"contentUrl\":\"https:\\\/\\\/www.lifenatura.com\\\/wp-content\\\/uploads\\\/2021\\\/07\\\/logo.png\",\"width\":175,\"height\":55,\"caption\":\"Lifenatura\"},\"image\":{\"@id\":\"https:\\\/\\\/www.lifenatura.com\\\/es\\\/#\\\/schema\\\/logo\\\/image\\\/\"},\"sameAs\":[\"https:\\\/\\\/www.facebook.com\\\/lifenatura\",\"https:\\\/\\\/www.instagram.com\\\/lifenaturapt\\\/\"],\"hasMerchantReturnPolicy\":{\"@type\":\"MerchantReturnPolicy\",\"merchantReturnLink\":\"https:\\\/\\\/www.lifenatura.com\\\/termos-condicoes-lifenatura\\\/\"}}]}<\/script>\n<meta property=\"product:price:amount\" content=\"18.15\" \/>\n<meta property=\"product:price:currency\" content=\"EUR\" \/>\n<meta property=\"og:availability\" content=\"instock\" \/>\n<meta property=\"product:availability\" content=\"instock\" \/>\n<meta property=\"product:retailer_item_id\" content=\"5601653008990\" \/>\n<meta property=\"product:condition\" content=\"new\" \/>\n<!-- \/ Yoast SEO Premium plugin. -->","yoast_head_json":{"title":"Enolin 60 c\u00e1psulas Farmodi\u00e9tica - Lifenatura","description":"Las c\u00e1psulas de Enolin contienen varias plantas cuyas propiedades contribuir\u00e1n al buen funcionamiento y a la protecci\u00f3n del h\u00edgado y de la ves\u00edcula biliar.","robots":{"index":"index","follow":"follow","max-snippet":"max-snippet:-1","max-image-preview":"max-image-preview:large","max-video-preview":"max-video-preview:-1"},"canonical":"https:\/\/www.lifenatura.com\/es\/produto\/enolin-60-capsulas-farmodietica\/","og_locale":"es_ES","og_type":"article","og_title":"Enolin 60 c\u00e1psulas - Farmodi\u00e9tica - Na Lifenatura ao Melhor Pre\u00e7o | Envio 48h","og_description":"Compre Enolin 60 c\u00e1psulas - Farmodi\u00e9tica com envio r\u00e1pido. Entrega em 48h e portes gr\u00e1tis em compras >35\u20ac. Aproveite j\u00e1 na Lifenatura","og_url":"https:\/\/www.lifenatura.com\/es\/produto\/enolin-60-capsulas-farmodietica\/","og_site_name":"Lifenatura","article_publisher":"https:\/\/www.facebook.com\/lifenatura","article_modified_time":"2025-07-31T00:07:42+00:00","og_image":[{"width":1000,"height":1000,"url":"https:\/\/www.lifenatura.com\/wp-content\/uploads\/2021\/09\/gd_enolin_capsulas_farmodietica.jpg","type":"image\/jpeg"}],"twitter_card":"summary_large_image","twitter_misc":{"Precio":"18,15&nbsp;&euro;","Disponibilidad":"Disponible"},"schema":{"@context":"https:\/\/schema.org","@graph":[{"@type":"WebPage","@id":"https:\/\/www.lifenatura.com\/es\/produto\/enolin-60-capsulas-farmodietica\/","url":"https:\/\/www.lifenatura.com\/es\/produto\/enolin-60-capsulas-farmodietica\/","name":"Enolin 60 c\u00e1psulas Farmodi\u00e9tica - Lifenatura","isPartOf":{"@id":"https:\/\/www.lifenatura.com\/es\/#website"},"primaryImageOfPage":{"@id":"https:\/\/www.lifenatura.com\/es\/produto\/enolin-60-capsulas-farmodietica\/#primaryimage"},"image":{"@id":"https:\/\/www.lifenatura.com\/es\/produto\/enolin-60-capsulas-farmodietica\/#primaryimage"},"thumbnailUrl":"https:\/\/www.lifenatura.com\/wp-content\/uploads\/2026\/03\/3D-Enolin-capsulas.png","datePublished":"2021-09-30T09:56:31+00:00","dateModified":"2025-07-31T00:07:42+00:00","description":"Las c\u00e1psulas de Enolin contienen varias plantas cuyas propiedades contribuir\u00e1n al buen funcionamiento y a la protecci\u00f3n del h\u00edgado y de la ves\u00edcula biliar.","breadcrumb":{"@id":"https:\/\/www.lifenatura.com\/es\/produto\/enolin-60-capsulas-farmodietica\/#breadcrumb"},"inLanguage":"es","potentialAction":[{"@type":"ReadAction","target":["https:\/\/www.lifenatura.com\/es\/produto\/enolin-60-capsulas-farmodietica\/"]}]},{"@type":"ImageObject","inLanguage":"es","@id":"https:\/\/www.lifenatura.com\/es\/produto\/enolin-60-capsulas-farmodietica\/#primaryimage","url":"https:\/\/www.lifenatura.com\/wp-content\/uploads\/2026\/03\/3D-Enolin-capsulas.png","contentUrl":"https:\/\/www.lifenatura.com\/wp-content\/uploads\/2026\/03\/3D-Enolin-capsulas.png","width":2268,"height":2268},{"@type":"BreadcrumbList","@id":"https:\/\/www.lifenatura.com\/es\/produto\/enolin-60-capsulas-farmodietica\/#breadcrumb","itemListElement":[{"@type":"ListItem","position":1,"name":"In\u00edcio","item":"https:\/\/www.lifenatura.com\/es\/"},{"@type":"ListItem","position":2,"name":"Todos los Productos","item":"https:\/\/www.lifenatura.com\/es\/tienda\/"},{"@type":"ListItem","position":3,"name":"Enolin 60 c\u00e1psulas &#8211; Farmodi\u00e9tica"}]},{"@type":"WebSite","@id":"https:\/\/www.lifenatura.com\/es\/#website","url":"https:\/\/www.lifenatura.com\/es\/","name":"Lifenatura","description":"A Lifenatura \u00e9 uma loja de produtos naturais, cosm\u00e9tica natural e alimenta\u00e7\u00e3o Biol\u00f3gica.","publisher":{"@id":"https:\/\/www.lifenatura.com\/es\/#organization"},"potentialAction":[{"@type":"SearchAction","target":{"@type":"EntryPoint","urlTemplate":"https:\/\/www.lifenatura.com\/es\/?s={search_term_string}"},"query-input":{"@type":"PropertyValueSpecification","valueRequired":true,"valueName":"search_term_string"}}],"inLanguage":"es"},{"@type":"Organization","@id":"https:\/\/www.lifenatura.com\/es\/#organization","name":"Lifenatura","url":"https:\/\/www.lifenatura.com\/es\/","logo":{"@type":"ImageObject","inLanguage":"es","@id":"https:\/\/www.lifenatura.com\/es\/#\/schema\/logo\/image\/","url":"https:\/\/www.lifenatura.com\/wp-content\/uploads\/2021\/07\/logo.png","contentUrl":"https:\/\/www.lifenatura.com\/wp-content\/uploads\/2021\/07\/logo.png","width":175,"height":55,"caption":"Lifenatura"},"image":{"@id":"https:\/\/www.lifenatura.com\/es\/#\/schema\/logo\/image\/"},"sameAs":["https:\/\/www.facebook.com\/lifenatura","https:\/\/www.instagram.com\/lifenaturapt\/"],"hasMerchantReturnPolicy":{"@type":"MerchantReturnPolicy","merchantReturnLink":"https:\/\/www.lifenatura.com\/termos-condicoes-lifenatura\/"}}]},"product_price_amount":"18.15","product_price_currency":"EUR","og_availability":"instock","product_availability":"instock","product_retailer_item_id":"5601653008990","product_condition":"new"},"df_price":18.15,"df_sale_price":18.15,"df_regular_price":33.01,"df_image_link":"https:\/\/www.lifenatura.com\/wp-content\/uploads\/2026\/03\/3D-Enolin-capsulas-300x300.png","_links":{"self":[{"href":"https:\/\/www.lifenatura.com\/es\/wp-json\/wp\/v2\/product\/37876","targetHints":{"allow":["GET"]}}],"collection":[{"href":"https:\/\/www.lifenatura.com\/es\/wp-json\/wp\/v2\/product"}],"about":[{"href":"https:\/\/www.lifenatura.com\/es\/wp-json\/wp\/v2\/types\/product"}],"wp:featuredmedia":[{"embeddable":true,"href":"https:\/\/www.lifenatura.com\/es\/wp-json\/wp\/v2\/media\/131322"}],"wp:attachment":[{"href":"https:\/\/www.lifenatura.com\/es\/wp-json\/wp\/v2\/media?parent=37876"}],"wp:term":[{"taxonomy":"product_brand","embeddable":true,"href":"https:\/\/www.lifenatura.com\/es\/wp-json\/wp\/v2\/product_brand?post=37876"},{"taxonomy":"product_cat","embeddable":true,"href":"https:\/\/www.lifenatura.com\/es\/wp-json\/wp\/v2\/product_cat?post=37876"},{"taxonomy":"product_tag","embeddable":true,"href":"https:\/\/www.lifenatura.com\/es\/wp-json\/wp\/v2\/product_tag?post=37876"}],"curies":[{"name":"wp","href":"https:\/\/api.w.org\/{rel}","templated":true}]}}