{"id":37852,"date":"2021-09-30T09:56:08","date_gmt":"2021-09-30T09:56:08","guid":{"rendered":"https:\/\/lifenatura.dev.agenciagetdigital.com\/produto\/hericium-plus-90-comprimidos-ewh\/"},"modified":"2026-01-28T07:19:36","modified_gmt":"2026-01-28T07:19:36","slug":"hericium-plus-90-comprimidos-ewh","status":"publish","type":"product","link":"https:\/\/www.lifenatura.com\/es\/produto\/hericium-plus-90-comprimidos-ewh\/","title":{"rendered":"Hericium Plus 90 comprimidos &#8211; ANEID"},"content":{"rendered":"<h2 style=\"text-align: left;\"><strong>Hericium Plus ANEID: Cuidado natural del sistema nervioso y digestivo<\/strong><\/h2>\n<p>&nbsp;<\/p>\n<p>Hericium Plus de ANEID es un complemento alimenticio a base del hongo Hericium erinaceus, tambi\u00e9n conocido como \u00abmelena de le\u00f3n\u00bb. Este hongo, ampliamente valorado en la medicina tradicional asi\u00e1tica, es reconocido por sus propiedades neuroprotectoras y de apoyo al sistema digestivo.<\/p>\n<p>Hericium Plus ha sido formulado para favorecer el equilibrio del sistema nervioso, mejorar la salud intestinal y potenciar el bienestar general, lo que lo convierte en una soluci\u00f3n natural y eficaz para quienes buscan cuidar su cuerpo y su mente.<\/p>\n<p><strong>Principales beneficios:<\/strong><\/p>\n<ul>\n<li><strong>Salud del sistema nervioso:<\/strong> Ayuda a regenerar y proteger las c\u00e9lulas nerviosas, favoreciendo la funci\u00f3n cognitiva y la memoria.<\/li>\n<li><strong>Apoyo al sistema digestivo:<\/strong> Se recomienda para la protecci\u00f3n gastrointestinal contra la proliferaci\u00f3n de Helicobacter pylori, causante del desarrollo de \u00falceras.<\/li>\n<li><strong>Reducci\u00f3n del estr\u00e9s y la ansiedad<\/strong>: Contribuye a la relajaci\u00f3n y al equilibrio emocional, aliviando los efectos del estr\u00e9s.<\/li>\n<li><strong>Propiedades antioxidantes:<\/strong> Protege las c\u00e9lulas frente al estr\u00e9s oxidativo, favoreciendo el bienestar general.<\/li>\n<li><strong>F\u00e1cil de usar:<\/strong> Pr\u00e1ctico formato en c\u00e1psulas para una dosis precisa y sencilla de incorporar a la rutina diaria.<\/li>\n<\/ul>\n<p><strong>Indicado para:<\/strong><\/p>\n<p>Personas que deseen mejorar la funci\u00f3n cognitiva, la memoria y la salud cerebral.<br \/>\nPersonas con molestias digestivas o que desean mejorar su salud intestinal.<br \/>\nQuienes se enfrentan a altos niveles de estr\u00e9s y desean un mayor equilibrio emocional.<br \/>\nIdeal para las personas que desean mejorar su bienestar general y prevenir el envejecimiento prematuro.<\/p>\n<p>Hericium-MRL es rico en betaglucanos y micronutrientes, lo que lo convierte en uno de los mejores suplementos para reforzar el sistema inmunitario. Este hongo estimula la producci\u00f3n del Factor de Crecimiento Nervioso (NGF), la prote\u00edna que regula el crecimiento, el mantenimiento, la proliferaci\u00f3n y la supervivencia de las c\u00e9lulas nerviosas de nuestro organismo.<\/p>\n<p>El Hericium previene los da\u00f1os neuronales, como la p\u00e9rdida progresiva de memoria, gracias a dos compuestos especiales: las hericenonas y las erinacinas. Tambi\u00e9n es una fuente natural de antioxidantes, por lo que ayuda al organismo a reparar el da\u00f1o oxidativo.<\/p>\n<p><strong>PRESENTACI\u00d3N<\/strong><\/p>\n<p>90 comprimidos.<\/p>\n<p>&nbsp;<\/p>\n","protected":false},"excerpt":{"rendered":"<p>Hericium Plus apoya la salud del sistema nervioso y digestivo con el poder del hongo Hericium erinaceus. Ideal para el bienestar cerebral e intestinal. [&#8230;]<\/p>\n<p><a class=\"btn btn-secondary understrap-read-more-link\" href=\"https:\/\/www.lifenatura.com\/es\/produto\/hericium-plus-90-comprimidos-ewh\/\">Leer m\u00e1s&#8230;<span class=\"screen-reader-text\"> from Hericium Plus 90 comprimidos &#8211; ANEID<\/span><\/a><\/p>\n","protected":false},"featured_media":106317,"template":"","meta":{"_acf_changed":false},"product_brand":[8289],"product_cat":[7211,7179],"product_tag":[],"class_list":{"0":"post-37852","1":"product","2":"type-product","3":"status-publish","4":"has-post-thumbnail","6":"product_brand-aneid","7":"product_cat-reforza-la-inmunidad-salud","8":"product_cat-salud","10":"first","11":"instock","12":"shipping-taxable","13":"purchasable","14":"product-type-simple","15":"add-to-wishlist-before_image"},"acf":[],"yoast_head":"<!-- This site is optimized with the Yoast SEO Premium plugin v27.1 (Yoast SEO v27.5) - https:\/\/yoast.com\/product\/yoast-seo-premium-wordpress\/ -->\n<title>Hericium Plus 90 comprimidos ANEID - Lifenatura<\/title>\n<meta name=\"description\" content=\"Hericium Plus apoya la salud del sistema nervioso y digestivo con el poder del hongo Hericium erinaceus. Ideal para el bienestar cerebral e intestinal.\" \/>\n<meta name=\"robots\" content=\"index, follow, max-snippet:-1, max-image-preview:large, max-video-preview:-1\" \/>\n<link rel=\"canonical\" href=\"https:\/\/www.lifenatura.com\/es\/produto\/hericium-plus-90-comprimidos-ewh\/\" \/>\n<meta property=\"og:locale\" content=\"es_ES\" \/>\n<meta property=\"og:type\" content=\"article\" \/>\n<meta property=\"og:title\" content=\"Hericium Plus 90 comprimidos - ANEID - Na Lifenatura ao Melhor Pre\u00e7o | Envio 48h\" \/>\n<meta property=\"og:description\" content=\"Compre Hericium Plus 90 comprimidos - ANEID com envio r\u00e1pido. Entrega em 48h e portes gr\u00e1tis em compras &gt;35\u20ac. Aproveite j\u00e1 na Lifenatura\" \/>\n<meta property=\"og:url\" content=\"https:\/\/www.lifenatura.com\/es\/produto\/hericium-plus-90-comprimidos-ewh\/\" \/>\n<meta property=\"og:site_name\" content=\"Lifenatura\" \/>\n<meta property=\"article:publisher\" content=\"https:\/\/www.facebook.com\/lifenatura\" \/>\n<meta property=\"article:modified_time\" content=\"2026-01-28T07:19:36+00:00\" \/>\n<meta property=\"og:image\" content=\"https:\/\/www.lifenatura.com\/wp-content\/uploads\/2021\/09\/hericium-comprimidos-aneid.jpg\" \/>\n\t<meta property=\"og:image:width\" content=\"1000\" \/>\n\t<meta property=\"og:image:height\" content=\"1000\" \/>\n\t<meta property=\"og:image:type\" content=\"image\/jpeg\" \/>\n<meta name=\"twitter:card\" content=\"summary_large_image\" \/>\n<meta name=\"twitter:label1\" content=\"Precio\" \/>\n\t<meta name=\"twitter:data1\" content=\"26,50&nbsp;&euro;\" \/>\n\t<meta name=\"twitter:label2\" content=\"Disponibilidad\" \/>\n\t<meta name=\"twitter:data2\" content=\"Disponible\" \/>\n<script type=\"application\/ld+json\" class=\"yoast-schema-graph\">{\"@context\":\"https:\\\/\\\/schema.org\",\"@graph\":[{\"@type\":\"WebPage\",\"@id\":\"https:\\\/\\\/www.lifenatura.com\\\/es\\\/produto\\\/hericium-plus-90-comprimidos-ewh\\\/\",\"url\":\"https:\\\/\\\/www.lifenatura.com\\\/es\\\/produto\\\/hericium-plus-90-comprimidos-ewh\\\/\",\"name\":\"Hericium Plus 90 comprimidos ANEID - Lifenatura\",\"isPartOf\":{\"@id\":\"https:\\\/\\\/www.lifenatura.com\\\/es\\\/#website\"},\"primaryImageOfPage\":{\"@id\":\"https:\\\/\\\/www.lifenatura.com\\\/es\\\/produto\\\/hericium-plus-90-comprimidos-ewh\\\/#primaryimage\"},\"image\":{\"@id\":\"https:\\\/\\\/www.lifenatura.com\\\/es\\\/produto\\\/hericium-plus-90-comprimidos-ewh\\\/#primaryimage\"},\"thumbnailUrl\":\"https:\\\/\\\/www.lifenatura.com\\\/wp-content\\\/uploads\\\/2021\\\/09\\\/hericium-comprimidos-aneid.jpg\",\"datePublished\":\"2021-09-30T09:56:08+00:00\",\"dateModified\":\"2026-01-28T07:19:36+00:00\",\"description\":\"Hericium Plus apoya la salud del sistema nervioso y digestivo con el poder del hongo Hericium erinaceus. Ideal para el bienestar cerebral e intestinal.\",\"breadcrumb\":{\"@id\":\"https:\\\/\\\/www.lifenatura.com\\\/es\\\/produto\\\/hericium-plus-90-comprimidos-ewh\\\/#breadcrumb\"},\"inLanguage\":\"es\",\"potentialAction\":[{\"@type\":\"ReadAction\",\"target\":[\"https:\\\/\\\/www.lifenatura.com\\\/es\\\/produto\\\/hericium-plus-90-comprimidos-ewh\\\/\"]}]},{\"@type\":\"ImageObject\",\"inLanguage\":\"es\",\"@id\":\"https:\\\/\\\/www.lifenatura.com\\\/es\\\/produto\\\/hericium-plus-90-comprimidos-ewh\\\/#primaryimage\",\"url\":\"https:\\\/\\\/www.lifenatura.com\\\/wp-content\\\/uploads\\\/2021\\\/09\\\/hericium-comprimidos-aneid.jpg\",\"contentUrl\":\"https:\\\/\\\/www.lifenatura.com\\\/wp-content\\\/uploads\\\/2021\\\/09\\\/hericium-comprimidos-aneid.jpg\",\"width\":1000,\"height\":1000,\"caption\":\"Hericium em comprimidos da ANEID\"},{\"@type\":\"BreadcrumbList\",\"@id\":\"https:\\\/\\\/www.lifenatura.com\\\/es\\\/produto\\\/hericium-plus-90-comprimidos-ewh\\\/#breadcrumb\",\"itemListElement\":[{\"@type\":\"ListItem\",\"position\":1,\"name\":\"In\u00edcio\",\"item\":\"https:\\\/\\\/www.lifenatura.com\\\/es\\\/\"},{\"@type\":\"ListItem\",\"position\":2,\"name\":\"Todos los Productos\",\"item\":\"https:\\\/\\\/www.lifenatura.com\\\/es\\\/tienda\\\/\"},{\"@type\":\"ListItem\",\"position\":3,\"name\":\"Hericium Plus 90 comprimidos &#8211; ANEID\"}]},{\"@type\":\"WebSite\",\"@id\":\"https:\\\/\\\/www.lifenatura.com\\\/es\\\/#website\",\"url\":\"https:\\\/\\\/www.lifenatura.com\\\/es\\\/\",\"name\":\"Lifenatura\",\"description\":\"A Lifenatura \u00e9 uma loja de produtos naturais, cosm\u00e9tica natural e alimenta\u00e7\u00e3o Biol\u00f3gica.\",\"publisher\":{\"@id\":\"https:\\\/\\\/www.lifenatura.com\\\/es\\\/#organization\"},\"potentialAction\":[{\"@type\":\"SearchAction\",\"target\":{\"@type\":\"EntryPoint\",\"urlTemplate\":\"https:\\\/\\\/www.lifenatura.com\\\/es\\\/?s={search_term_string}\"},\"query-input\":{\"@type\":\"PropertyValueSpecification\",\"valueRequired\":true,\"valueName\":\"search_term_string\"}}],\"inLanguage\":\"es\"},{\"@type\":\"Organization\",\"@id\":\"https:\\\/\\\/www.lifenatura.com\\\/es\\\/#organization\",\"name\":\"Lifenatura\",\"url\":\"https:\\\/\\\/www.lifenatura.com\\\/es\\\/\",\"logo\":{\"@type\":\"ImageObject\",\"inLanguage\":\"es\",\"@id\":\"https:\\\/\\\/www.lifenatura.com\\\/es\\\/#\\\/schema\\\/logo\\\/image\\\/\",\"url\":\"https:\\\/\\\/www.lifenatura.com\\\/wp-content\\\/uploads\\\/2021\\\/07\\\/logo.png\",\"contentUrl\":\"https:\\\/\\\/www.lifenatura.com\\\/wp-content\\\/uploads\\\/2021\\\/07\\\/logo.png\",\"width\":175,\"height\":55,\"caption\":\"Lifenatura\"},\"image\":{\"@id\":\"https:\\\/\\\/www.lifenatura.com\\\/es\\\/#\\\/schema\\\/logo\\\/image\\\/\"},\"sameAs\":[\"https:\\\/\\\/www.facebook.com\\\/lifenatura\",\"https:\\\/\\\/www.instagram.com\\\/lifenaturapt\\\/\"],\"hasMerchantReturnPolicy\":{\"@type\":\"MerchantReturnPolicy\",\"merchantReturnLink\":\"https:\\\/\\\/www.lifenatura.com\\\/termos-condicoes-lifenatura\\\/\"}}]}<\/script>\n<meta property=\"product:price:amount\" content=\"26.50\" \/>\n<meta property=\"product:price:currency\" content=\"EUR\" \/>\n<meta property=\"og:availability\" content=\"instock\" \/>\n<meta property=\"product:availability\" content=\"instock\" \/>\n<meta property=\"product:retailer_item_id\" content=\"5609269000278\" \/>\n<meta property=\"product:condition\" content=\"new\" \/>\n<!-- \/ Yoast SEO Premium plugin. -->","yoast_head_json":{"title":"Hericium Plus 90 comprimidos ANEID - Lifenatura","description":"Hericium Plus apoya la salud del sistema nervioso y digestivo con el poder del hongo Hericium erinaceus. Ideal para el bienestar cerebral e intestinal.","robots":{"index":"index","follow":"follow","max-snippet":"max-snippet:-1","max-image-preview":"max-image-preview:large","max-video-preview":"max-video-preview:-1"},"canonical":"https:\/\/www.lifenatura.com\/es\/produto\/hericium-plus-90-comprimidos-ewh\/","og_locale":"es_ES","og_type":"article","og_title":"Hericium Plus 90 comprimidos - ANEID - Na Lifenatura ao Melhor Pre\u00e7o | Envio 48h","og_description":"Compre Hericium Plus 90 comprimidos - ANEID com envio r\u00e1pido. Entrega em 48h e portes gr\u00e1tis em compras >35\u20ac. Aproveite j\u00e1 na Lifenatura","og_url":"https:\/\/www.lifenatura.com\/es\/produto\/hericium-plus-90-comprimidos-ewh\/","og_site_name":"Lifenatura","article_publisher":"https:\/\/www.facebook.com\/lifenatura","article_modified_time":"2026-01-28T07:19:36+00:00","og_image":[{"width":1000,"height":1000,"url":"https:\/\/www.lifenatura.com\/wp-content\/uploads\/2021\/09\/hericium-comprimidos-aneid.jpg","type":"image\/jpeg"}],"twitter_card":"summary_large_image","twitter_misc":{"Precio":"26,50&nbsp;&euro;","Disponibilidad":"Disponible"},"schema":{"@context":"https:\/\/schema.org","@graph":[{"@type":"WebPage","@id":"https:\/\/www.lifenatura.com\/es\/produto\/hericium-plus-90-comprimidos-ewh\/","url":"https:\/\/www.lifenatura.com\/es\/produto\/hericium-plus-90-comprimidos-ewh\/","name":"Hericium Plus 90 comprimidos ANEID - Lifenatura","isPartOf":{"@id":"https:\/\/www.lifenatura.com\/es\/#website"},"primaryImageOfPage":{"@id":"https:\/\/www.lifenatura.com\/es\/produto\/hericium-plus-90-comprimidos-ewh\/#primaryimage"},"image":{"@id":"https:\/\/www.lifenatura.com\/es\/produto\/hericium-plus-90-comprimidos-ewh\/#primaryimage"},"thumbnailUrl":"https:\/\/www.lifenatura.com\/wp-content\/uploads\/2021\/09\/hericium-comprimidos-aneid.jpg","datePublished":"2021-09-30T09:56:08+00:00","dateModified":"2026-01-28T07:19:36+00:00","description":"Hericium Plus apoya la salud del sistema nervioso y digestivo con el poder del hongo Hericium erinaceus. Ideal para el bienestar cerebral e intestinal.","breadcrumb":{"@id":"https:\/\/www.lifenatura.com\/es\/produto\/hericium-plus-90-comprimidos-ewh\/#breadcrumb"},"inLanguage":"es","potentialAction":[{"@type":"ReadAction","target":["https:\/\/www.lifenatura.com\/es\/produto\/hericium-plus-90-comprimidos-ewh\/"]}]},{"@type":"ImageObject","inLanguage":"es","@id":"https:\/\/www.lifenatura.com\/es\/produto\/hericium-plus-90-comprimidos-ewh\/#primaryimage","url":"https:\/\/www.lifenatura.com\/wp-content\/uploads\/2021\/09\/hericium-comprimidos-aneid.jpg","contentUrl":"https:\/\/www.lifenatura.com\/wp-content\/uploads\/2021\/09\/hericium-comprimidos-aneid.jpg","width":1000,"height":1000,"caption":"Hericium em comprimidos da ANEID"},{"@type":"BreadcrumbList","@id":"https:\/\/www.lifenatura.com\/es\/produto\/hericium-plus-90-comprimidos-ewh\/#breadcrumb","itemListElement":[{"@type":"ListItem","position":1,"name":"In\u00edcio","item":"https:\/\/www.lifenatura.com\/es\/"},{"@type":"ListItem","position":2,"name":"Todos los Productos","item":"https:\/\/www.lifenatura.com\/es\/tienda\/"},{"@type":"ListItem","position":3,"name":"Hericium Plus 90 comprimidos &#8211; ANEID"}]},{"@type":"WebSite","@id":"https:\/\/www.lifenatura.com\/es\/#website","url":"https:\/\/www.lifenatura.com\/es\/","name":"Lifenatura","description":"A Lifenatura \u00e9 uma loja de produtos naturais, cosm\u00e9tica natural e alimenta\u00e7\u00e3o Biol\u00f3gica.","publisher":{"@id":"https:\/\/www.lifenatura.com\/es\/#organization"},"potentialAction":[{"@type":"SearchAction","target":{"@type":"EntryPoint","urlTemplate":"https:\/\/www.lifenatura.com\/es\/?s={search_term_string}"},"query-input":{"@type":"PropertyValueSpecification","valueRequired":true,"valueName":"search_term_string"}}],"inLanguage":"es"},{"@type":"Organization","@id":"https:\/\/www.lifenatura.com\/es\/#organization","name":"Lifenatura","url":"https:\/\/www.lifenatura.com\/es\/","logo":{"@type":"ImageObject","inLanguage":"es","@id":"https:\/\/www.lifenatura.com\/es\/#\/schema\/logo\/image\/","url":"https:\/\/www.lifenatura.com\/wp-content\/uploads\/2021\/07\/logo.png","contentUrl":"https:\/\/www.lifenatura.com\/wp-content\/uploads\/2021\/07\/logo.png","width":175,"height":55,"caption":"Lifenatura"},"image":{"@id":"https:\/\/www.lifenatura.com\/es\/#\/schema\/logo\/image\/"},"sameAs":["https:\/\/www.facebook.com\/lifenatura","https:\/\/www.instagram.com\/lifenaturapt\/"],"hasMerchantReturnPolicy":{"@type":"MerchantReturnPolicy","merchantReturnLink":"https:\/\/www.lifenatura.com\/termos-condicoes-lifenatura\/"}}]},"product_price_amount":"26.50","product_price_currency":"EUR","og_availability":"instock","product_availability":"instock","product_retailer_item_id":"5609269000278","product_condition":"new"},"df_price":26.5,"df_sale_price":"","df_regular_price":26.5,"df_image_link":"https:\/\/www.lifenatura.com\/wp-content\/uploads\/2021\/09\/hericium-comprimidos-aneid-300x300.jpg","_links":{"self":[{"href":"https:\/\/www.lifenatura.com\/es\/wp-json\/wp\/v2\/product\/37852","targetHints":{"allow":["GET"]}}],"collection":[{"href":"https:\/\/www.lifenatura.com\/es\/wp-json\/wp\/v2\/product"}],"about":[{"href":"https:\/\/www.lifenatura.com\/es\/wp-json\/wp\/v2\/types\/product"}],"wp:featuredmedia":[{"embeddable":true,"href":"https:\/\/www.lifenatura.com\/es\/wp-json\/wp\/v2\/media\/106317"}],"wp:attachment":[{"href":"https:\/\/www.lifenatura.com\/es\/wp-json\/wp\/v2\/media?parent=37852"}],"wp:term":[{"taxonomy":"product_brand","embeddable":true,"href":"https:\/\/www.lifenatura.com\/es\/wp-json\/wp\/v2\/product_brand?post=37852"},{"taxonomy":"product_cat","embeddable":true,"href":"https:\/\/www.lifenatura.com\/es\/wp-json\/wp\/v2\/product_cat?post=37852"},{"taxonomy":"product_tag","embeddable":true,"href":"https:\/\/www.lifenatura.com\/es\/wp-json\/wp\/v2\/product_tag?post=37852"}],"curies":[{"name":"wp","href":"https:\/\/api.w.org\/{rel}","templated":true}]}}