{"id":37846,"date":"2021-09-30T09:56:08","date_gmt":"2021-09-30T09:56:08","guid":{"rendered":"https:\/\/lifenatura.dev.agenciagetdigital.com\/produto\/reishi-plus-90-comprimidos-ewh\/"},"modified":"2026-01-28T07:19:34","modified_gmt":"2026-01-28T07:19:34","slug":"reishi-plus-90-comprimidos-ewh","status":"publish","type":"product","link":"https:\/\/www.lifenatura.com\/es\/produto\/reishi-plus-90-comprimidos-ewh\/","title":{"rendered":"Reishi Plus 90 comprimidos &#8211; ANEID"},"content":{"rendered":"<h2 style=\"text-align: left;\"><strong>Reishi Plus ANEID: El hongo de la longevidad para su bienestar<\/strong><\/h2>\n<p>&nbsp;<\/p>\n<p>Reishi Plus de ANEID es un complemento alimenticio de primera calidad elaborado con el hongo Reishi (Ganoderma lucidum), conocido como el \u00abhongo de la longevidad\u00bb en la medicina tradicional asi\u00e1tica. Este producto natural es rico en triterpenos y polisac\u00e1ridos, y ofrece potentes propiedades adapt\u00f3genas, antioxidantes e inmunomoduladoras.<\/p>\n<p>Reishi Plus es ideal para cualquiera que busque reforzar el sistema inmunitario, reducir el estr\u00e9s y mejorar el equilibrio general del organismo.<\/p>\n<p><strong>Principales beneficios:<\/strong><\/p>\n<ul>\n<li><strong>Refuerza el sistema inmunitario<\/strong>: Estimula las defensas naturales del organismo, protegi\u00e9ndolo contra infecciones y enfermedades.<\/li>\n<li><strong>Acci\u00f3n adapt\u00f3gena:<\/strong> Ayuda a reducir los efectos del estr\u00e9s f\u00edsico y emocional, promoviendo un estado de equilibrio y bienestar.<\/li>\n<li><strong>Propiedades antioxidantes:<\/strong> Neutraliza los radicales libres, protegiendo las c\u00e9lulas contra el envejecimiento prematuro y el estr\u00e9s oxidativo.<\/li>\n<li><strong>Salud cardiovascular:<\/strong> Ayuda a regular la tensi\u00f3n arterial y los niveles de colesterol.<\/li>\n<li><strong>F\u00e1cil de usar:<\/strong> Pr\u00e1cticas c\u00e1psulas para una administraci\u00f3n c\u00f3moda y eficaz.<\/li>\n<\/ul>\n<p><strong>Indicado para:<\/strong><\/p>\n<p>Personas que desean reforzar el sistema inmunitario y mejorar la resistencia a las infecciones.<br \/>\nPersonas que buscan reducir el estr\u00e9s y favorecer el equilibrio emocional.<br \/>\nQuienes deseen complementar la salud cardiovascular y prevenir el envejecimiento celular.<br \/>\nIdeal para quienes buscan un suplemento natural para mejorar la salud general y la longevidad.<\/p>\n<p>Reishi Plus ofrece 500 mg de hongo Reishi por comprimido. Este producto se somete a un proceso patentado que evita por completo la contaminaci\u00f3n por otros hongos. Reishi Plus contiene micelios y primordios (cuerpo fruct\u00edfero joven) de Reishi que se cultiva en una biomasa.<\/p>\n<p>El Reishi puede ayudar a equilibrar el sistema inmunitario actuando sobre los genes de los gl\u00f3bulos blancos, que son fundamentales durante una respuesta inmunitaria. Ayuda a tratar los problemas cardiacos y la hipertensi\u00f3n arterial gracias a sus potentes antioxidantes y a sus propiedades hipolipemiantes, que equilibran los niveles de colesterol.<\/p>\n<p>Los estudios han demostrado que la ingesta de Reishi puede reducir la ansiedad y la depresi\u00f3n, as\u00ed como mejorar la calidad de vida en personas con ciertas afecciones m\u00e9dicas. Tambi\u00e9n tiene propiedades antihistam\u00ednicas, por lo que es ideal para prevenir alergias a diversas sustancias.<\/p>\n<p><strong>PRESENTACI\u00d3N<\/strong><\/p>\n<p>90 comprimidos.<\/p>\n<p>&nbsp;<\/p>\n","protected":false},"excerpt":{"rendered":"<p>Reishi Plus refuerza el sistema inmunitario, reduce el estr\u00e9s y protege las c\u00e9lulas con el poder del hongo Reishi. Una soluci\u00f3n natural para la longevidad. [&#8230;]<\/p>\n<p><a class=\"btn btn-secondary understrap-read-more-link\" href=\"https:\/\/www.lifenatura.com\/es\/produto\/reishi-plus-90-comprimidos-ewh\/\">Leer m\u00e1s&#8230;<span class=\"screen-reader-text\"> from Reishi Plus 90 comprimidos &#8211; ANEID<\/span><\/a><\/p>\n","protected":false},"featured_media":106414,"template":"","meta":{"_acf_changed":false},"product_brand":[8289],"product_cat":[7211,7179],"product_tag":[],"class_list":{"0":"post-37846","1":"product","2":"type-product","3":"status-publish","4":"has-post-thumbnail","6":"product_brand-aneid","7":"product_cat-reforza-la-inmunidad-salud","8":"product_cat-salud","10":"first","11":"instock","12":"shipping-taxable","13":"purchasable","14":"product-type-simple","15":"add-to-wishlist-before_image"},"acf":[],"yoast_head":"<!-- This site is optimized with the Yoast SEO Premium plugin v27.1 (Yoast SEO v27.3) - https:\/\/yoast.com\/product\/yoast-seo-premium-wordpress\/ -->\n<title>Reishi Plus 90 comprimidos ANEID - Lifenatura<\/title>\n<meta name=\"description\" content=\"Reishi Plus refuerza el sistema inmunitario, reduce el estr\u00e9s y protege las c\u00e9lulas con el poder del hongo Reishi. Una soluci\u00f3n natural para la longevidad.\" \/>\n<meta name=\"robots\" content=\"index, follow, max-snippet:-1, max-image-preview:large, max-video-preview:-1\" \/>\n<link rel=\"canonical\" href=\"https:\/\/www.lifenatura.com\/es\/produto\/reishi-plus-90-comprimidos-ewh\/\" \/>\n<meta property=\"og:locale\" content=\"es_ES\" \/>\n<meta property=\"og:type\" content=\"article\" \/>\n<meta property=\"og:title\" content=\"Reishi Plus 90 comprimidos - ANEID - Lifenatura\" \/>\n<meta property=\"og:description\" content=\"Compre aqui o seu Reishi Plus 90 comprimidos - ANEID e a Lifenatura Online envia em 48 H com Portes Gratis &gt;35\u20ac de Pedido.\" \/>\n<meta property=\"og:url\" content=\"https:\/\/www.lifenatura.com\/es\/produto\/reishi-plus-90-comprimidos-ewh\/\" \/>\n<meta property=\"og:site_name\" content=\"Lifenatura\" \/>\n<meta property=\"article:publisher\" content=\"https:\/\/www.facebook.com\/lifenatura\" \/>\n<meta property=\"article:modified_time\" content=\"2026-01-28T07:19:34+00:00\" \/>\n<meta property=\"og:image\" content=\"https:\/\/www.lifenatura.com\/wp-content\/uploads\/2021\/09\/reishi-comprimidos-aneid.jpg\" \/>\n\t<meta property=\"og:image:width\" content=\"1000\" \/>\n\t<meta property=\"og:image:height\" content=\"1000\" \/>\n\t<meta property=\"og:image:type\" content=\"image\/jpeg\" \/>\n<meta name=\"twitter:card\" content=\"summary_large_image\" \/>\n<meta name=\"twitter:label1\" content=\"Precio\" \/>\n\t<meta name=\"twitter:data1\" content=\"26,50&nbsp;&euro;\" \/>\n\t<meta name=\"twitter:label2\" content=\"Disponibilidad\" \/>\n\t<meta name=\"twitter:data2\" content=\"Disponible\" \/>\n<meta property=\"product:price:amount\" content=\"26.50\" \/>\n<meta property=\"product:price:currency\" content=\"EUR\" \/>\n<meta property=\"og:availability\" content=\"instock\" \/>\n<meta property=\"product:availability\" content=\"instock\" \/>\n<meta property=\"product:retailer_item_id\" content=\"5609269000049\" \/>\n<meta property=\"product:condition\" content=\"new\" \/>\n<!-- \/ Yoast SEO Premium plugin. -->","yoast_head_json":{"title":"Reishi Plus 90 comprimidos ANEID - Lifenatura","description":"Reishi Plus refuerza el sistema inmunitario, reduce el estr\u00e9s y protege las c\u00e9lulas con el poder del hongo Reishi. Una soluci\u00f3n natural para la longevidad.","robots":{"index":"index","follow":"follow","max-snippet":"max-snippet:-1","max-image-preview":"max-image-preview:large","max-video-preview":"max-video-preview:-1"},"canonical":"https:\/\/www.lifenatura.com\/es\/produto\/reishi-plus-90-comprimidos-ewh\/","og_locale":"es_ES","og_type":"article","og_title":"Reishi Plus 90 comprimidos - ANEID - Lifenatura","og_description":"Compre aqui o seu Reishi Plus 90 comprimidos - ANEID e a Lifenatura Online envia em 48 H com Portes Gratis >35\u20ac de Pedido.","og_url":"https:\/\/www.lifenatura.com\/es\/produto\/reishi-plus-90-comprimidos-ewh\/","og_site_name":"Lifenatura","article_publisher":"https:\/\/www.facebook.com\/lifenatura","article_modified_time":"2026-01-28T07:19:34+00:00","og_image":[{"width":1000,"height":1000,"url":"https:\/\/www.lifenatura.com\/wp-content\/uploads\/2021\/09\/reishi-comprimidos-aneid.jpg","type":"image\/jpeg"}],"twitter_card":"summary_large_image","twitter_misc":{"Precio":"26,50&nbsp;&euro;","Disponibilidad":"Disponible"},"schema":{"@context":"https:\/\/schema.org","@graph":[{"@type":"WebPage","@id":"https:\/\/www.lifenatura.com\/es\/produto\/reishi-plus-90-comprimidos-ewh\/","url":"https:\/\/www.lifenatura.com\/es\/produto\/reishi-plus-90-comprimidos-ewh\/","name":"Reishi Plus 90 comprimidos ANEID - Lifenatura","isPartOf":{"@id":"https:\/\/www.lifenatura.com\/es\/#website"},"primaryImageOfPage":{"@id":"https:\/\/www.lifenatura.com\/es\/produto\/reishi-plus-90-comprimidos-ewh\/#primaryimage"},"image":{"@id":"https:\/\/www.lifenatura.com\/es\/produto\/reishi-plus-90-comprimidos-ewh\/#primaryimage"},"thumbnailUrl":"https:\/\/www.lifenatura.com\/wp-content\/uploads\/2021\/09\/reishi-comprimidos-aneid.jpg","datePublished":"2021-09-30T09:56:08+00:00","dateModified":"2026-01-28T07:19:34+00:00","description":"Reishi Plus refuerza el sistema inmunitario, reduce el estr\u00e9s y protege las c\u00e9lulas con el poder del hongo Reishi. Una soluci\u00f3n natural para la longevidad.","breadcrumb":{"@id":"https:\/\/www.lifenatura.com\/es\/produto\/reishi-plus-90-comprimidos-ewh\/#breadcrumb"},"inLanguage":"es","potentialAction":[{"@type":"ReadAction","target":["https:\/\/www.lifenatura.com\/es\/produto\/reishi-plus-90-comprimidos-ewh\/"]}]},{"@type":"ImageObject","inLanguage":"es","@id":"https:\/\/www.lifenatura.com\/es\/produto\/reishi-plus-90-comprimidos-ewh\/#primaryimage","url":"https:\/\/www.lifenatura.com\/wp-content\/uploads\/2021\/09\/reishi-comprimidos-aneid.jpg","contentUrl":"https:\/\/www.lifenatura.com\/wp-content\/uploads\/2021\/09\/reishi-comprimidos-aneid.jpg","width":1000,"height":1000,"caption":"Reishi da marca ANEID"},{"@type":"BreadcrumbList","@id":"https:\/\/www.lifenatura.com\/es\/produto\/reishi-plus-90-comprimidos-ewh\/#breadcrumb","itemListElement":[{"@type":"ListItem","position":1,"name":"In\u00edcio","item":"https:\/\/www.lifenatura.com\/es\/"},{"@type":"ListItem","position":2,"name":"Todos los Productos","item":"https:\/\/www.lifenatura.com\/es\/tienda\/"},{"@type":"ListItem","position":3,"name":"Reishi Plus 90 comprimidos &#8211; ANEID"}]},{"@type":"WebSite","@id":"https:\/\/www.lifenatura.com\/es\/#website","url":"https:\/\/www.lifenatura.com\/es\/","name":"Lifenatura","description":"A Lifenatura \u00e9 uma loja de produtos naturais, cosm\u00e9tica natural e alimenta\u00e7\u00e3o Biol\u00f3gica.","publisher":{"@id":"https:\/\/www.lifenatura.com\/es\/#organization"},"potentialAction":[{"@type":"SearchAction","target":{"@type":"EntryPoint","urlTemplate":"https:\/\/www.lifenatura.com\/es\/?s={search_term_string}"},"query-input":{"@type":"PropertyValueSpecification","valueRequired":true,"valueName":"search_term_string"}}],"inLanguage":"es"},{"@type":"Organization","@id":"https:\/\/www.lifenatura.com\/es\/#organization","name":"Lifenatura","url":"https:\/\/www.lifenatura.com\/es\/","logo":{"@type":"ImageObject","inLanguage":"es","@id":"https:\/\/www.lifenatura.com\/es\/#\/schema\/logo\/image\/","url":"https:\/\/www.lifenatura.com\/wp-content\/uploads\/2021\/11\/logo.png","contentUrl":"https:\/\/www.lifenatura.com\/wp-content\/uploads\/2021\/11\/logo.png","width":175,"height":55,"caption":"Lifenatura"},"image":{"@id":"https:\/\/www.lifenatura.com\/es\/#\/schema\/logo\/image\/"},"sameAs":["https:\/\/www.facebook.com\/lifenatura","https:\/\/www.instagram.com\/lifenaturapt\/"]}]},"product_price_amount":"26.50","product_price_currency":"EUR","og_availability":"instock","product_availability":"instock","product_retailer_item_id":"5609269000049","product_condition":"new"},"df_price":26.5,"df_sale_price":"","df_regular_price":26.5,"df_image_link":"https:\/\/www.lifenatura.com\/wp-content\/uploads\/2021\/09\/reishi-comprimidos-aneid-300x300.jpg","_links":{"self":[{"href":"https:\/\/www.lifenatura.com\/es\/wp-json\/wp\/v2\/product\/37846","targetHints":{"allow":["GET"]}}],"collection":[{"href":"https:\/\/www.lifenatura.com\/es\/wp-json\/wp\/v2\/product"}],"about":[{"href":"https:\/\/www.lifenatura.com\/es\/wp-json\/wp\/v2\/types\/product"}],"wp:featuredmedia":[{"embeddable":true,"href":"https:\/\/www.lifenatura.com\/es\/wp-json\/wp\/v2\/media\/106414"}],"wp:attachment":[{"href":"https:\/\/www.lifenatura.com\/es\/wp-json\/wp\/v2\/media?parent=37846"}],"wp:term":[{"taxonomy":"product_brand","embeddable":true,"href":"https:\/\/www.lifenatura.com\/es\/wp-json\/wp\/v2\/product_brand?post=37846"},{"taxonomy":"product_cat","embeddable":true,"href":"https:\/\/www.lifenatura.com\/es\/wp-json\/wp\/v2\/product_cat?post=37846"},{"taxonomy":"product_tag","embeddable":true,"href":"https:\/\/www.lifenatura.com\/es\/wp-json\/wp\/v2\/product_tag?post=37846"}],"curies":[{"name":"wp","href":"https:\/\/api.w.org\/{rel}","templated":true}]}}