{"id":37827,"date":"2021-09-30T09:55:47","date_gmt":"2021-09-30T09:55:47","guid":{"rendered":"https:\/\/lifenatura.dev.agenciagetdigital.com\/produto\/aloe-vera-gel-con-tea-tree-oil-y-vitamina-e-100-ml-esi\/"},"modified":"2026-01-28T07:19:24","modified_gmt":"2026-01-28T07:19:24","slug":"aloe-vera-gel-con-tea-tree-oil-y-vitamina-e-100-ml-esi","status":"publish","type":"product","link":"https:\/\/www.lifenatura.com\/es\/produto\/aloe-vera-gel-con-tea-tree-oil-y-vitamina-e-100-ml-esi\/","title":{"rendered":"Alo\u00e9 Vera Gel con Tea Tree Oil y Vitamina E 100 ml &#8211; Esi"},"content":{"rendered":"<p>Acci\u00f3n hidratante de tu piel con Aloe Vera El gel de aloe vera de Esi con aceite de \u00e1rbol de t\u00e9 y vitamina E est\u00e1 formulado con extracto puro de aloe vera, ejerciendo una acci\u00f3n hidratante y nutritiva sobre la piel seca y da\u00f1ada. No contiene parabenos y est\u00e1 dise\u00f1ado para reducir el riesgo de alergias. Est\u00e1 probado al\u00e9rgicamente, dermatol\u00f3gicamente y microbacteriol\u00f3gicamente, es decir, adecuado para todos los grupos de edad. Presentaci\u00f3n 100 ml.<\/p>\n","protected":false},"excerpt":{"rendered":"<p>Acci\u00f3n hidratante de tu piel con Aloe Vera El gel de aloe vera de Esi con aceite de \u00e1rbol de t\u00e9 y vitamina E est\u00e1 formulado con extracto puro de aloe vera, ejerciendo una acci\u00f3n hidratante y nutritiva sobre la piel seca y da\u00f1ada. No contiene parabenos y est\u00e1 dise\u00f1ado para reducir el riesgo de [&#8230;]<\/p>\n<p><a class=\"btn btn-secondary understrap-read-more-link\" href=\"https:\/\/www.lifenatura.com\/es\/produto\/aloe-vera-gel-con-tea-tree-oil-y-vitamina-e-100-ml-esi\/\">Leer m\u00e1s&#8230;<span class=\"screen-reader-text\"> from Alo\u00e9 Vera Gel con Tea Tree Oil y Vitamina E 100 ml &#8211; Esi<\/span><\/a><\/p>\n","protected":false},"featured_media":19430,"template":"","meta":{"_acf_changed":false},"product_brand":[8489],"product_cat":[7668,7653,7105,7102,7659,7259,7179,7262],"product_tag":[],"class_list":{"0":"post-37827","1":"product","2":"type-product","3":"status-publish","4":"has-post-thumbnail","6":"product_brand-esi","7":"product_cat-aloe-vera-bio","8":"product_cat-cosmetica-natural-lifenatura","9":"product_cat-crema-hidratante","10":"product_cat-cuidado-del-cuerpo","11":"product_cat-ingrediente-natural-bio","12":"product_cat-vitaminas-y-minerales","13":"product_cat-salud","14":"product_cat-vitamina-e-salud","16":"first","17":"instock","18":"shipping-taxable","19":"purchasable","20":"product-type-simple","21":"add-to-wishlist-before_image"},"acf":[],"yoast_head":"<!-- This site is optimized with the Yoast SEO Premium plugin v27.1 (Yoast SEO v27.5) - https:\/\/yoast.com\/product\/yoast-seo-premium-wordpress\/ -->\n<title>Alo\u00e9 Vera Gel con Tea Tree Oil y Vitamina E 100 ml - Esi<\/title>\n<meta name=\"description\" content=\"El gel de aloe vera de Esi con aceite de \u00e1rbol de t\u00e9 y vitamina E est\u00e1 formulado con extracto puro de aloe vera, ejerciendo una acci\u00f3n hidratante.\" \/>\n<meta name=\"robots\" content=\"index, follow, max-snippet:-1, max-image-preview:large, max-video-preview:-1\" \/>\n<link rel=\"canonical\" href=\"https:\/\/www.lifenatura.com\/es\/produto\/aloe-vera-gel-con-tea-tree-oil-y-vitamina-e-100-ml-esi\/\" \/>\n<meta property=\"og:locale\" content=\"es_ES\" \/>\n<meta property=\"og:type\" content=\"article\" \/>\n<meta property=\"og:title\" content=\"Alo\u00e9 Vera Gel con Tea Tree Oil y Vitamina E 100 ml - Esi - Na Lifenatura ao Melhor Pre\u00e7o | Envio 48h\" \/>\n<meta property=\"og:description\" content=\"Compre Alo\u00e9 Vera Gel con Tea Tree Oil y Vitamina E 100 ml - Esi com envio r\u00e1pido. Entrega em 48h e portes gr\u00e1tis em compras &gt;35\u20ac. Aproveite j\u00e1 na Lifenatura\" \/>\n<meta property=\"og:url\" content=\"https:\/\/www.lifenatura.com\/es\/produto\/aloe-vera-gel-con-tea-tree-oil-y-vitamina-e-100-ml-esi\/\" \/>\n<meta property=\"og:site_name\" content=\"Lifenatura\" \/>\n<meta property=\"article:publisher\" content=\"https:\/\/www.facebook.com\/lifenatura\" \/>\n<meta property=\"article:modified_time\" content=\"2026-01-28T07:19:24+00:00\" \/>\n<meta property=\"og:image\" content=\"https:\/\/www.lifenatura.com\/wp-content\/uploads\/2021\/09\/gd_aloe_vera_gel_com_tea_tree_oil_e_vitamina_e_100_ml_esi.jpg\" \/>\n\t<meta property=\"og:image:width\" content=\"1000\" \/>\n\t<meta property=\"og:image:height\" content=\"1000\" \/>\n\t<meta property=\"og:image:type\" content=\"image\/jpeg\" \/>\n<meta name=\"twitter:card\" content=\"summary_large_image\" \/>\n<meta name=\"twitter:label1\" content=\"Precio\" \/>\n\t<meta name=\"twitter:data1\" content=\"7,25&nbsp;&euro;\" \/>\n\t<meta name=\"twitter:label2\" content=\"Disponibilidad\" \/>\n\t<meta name=\"twitter:data2\" content=\"Disponible\" \/>\n<script type=\"application\/ld+json\" class=\"yoast-schema-graph\">{\"@context\":\"https:\\\/\\\/schema.org\",\"@graph\":[{\"@type\":\"WebPage\",\"@id\":\"https:\\\/\\\/www.lifenatura.com\\\/es\\\/produto\\\/aloe-vera-gel-con-tea-tree-oil-y-vitamina-e-100-ml-esi\\\/\",\"url\":\"https:\\\/\\\/www.lifenatura.com\\\/es\\\/produto\\\/aloe-vera-gel-con-tea-tree-oil-y-vitamina-e-100-ml-esi\\\/\",\"name\":\"Alo\u00e9 Vera Gel con Tea Tree Oil y Vitamina E 100 ml - Esi\",\"isPartOf\":{\"@id\":\"https:\\\/\\\/www.lifenatura.com\\\/es\\\/#website\"},\"primaryImageOfPage\":{\"@id\":\"https:\\\/\\\/www.lifenatura.com\\\/es\\\/produto\\\/aloe-vera-gel-con-tea-tree-oil-y-vitamina-e-100-ml-esi\\\/#primaryimage\"},\"image\":{\"@id\":\"https:\\\/\\\/www.lifenatura.com\\\/es\\\/produto\\\/aloe-vera-gel-con-tea-tree-oil-y-vitamina-e-100-ml-esi\\\/#primaryimage\"},\"thumbnailUrl\":\"https:\\\/\\\/www.lifenatura.com\\\/wp-content\\\/uploads\\\/2021\\\/09\\\/gd_aloe_vera_gel_com_tea_tree_oil_e_vitamina_e_100_ml_esi.jpg\",\"datePublished\":\"2021-09-30T09:55:47+00:00\",\"dateModified\":\"2026-01-28T07:19:24+00:00\",\"description\":\"El gel de aloe vera de Esi con aceite de \u00e1rbol de t\u00e9 y vitamina E est\u00e1 formulado con extracto puro de aloe vera, ejerciendo una acci\u00f3n hidratante.\",\"breadcrumb\":{\"@id\":\"https:\\\/\\\/www.lifenatura.com\\\/es\\\/produto\\\/aloe-vera-gel-con-tea-tree-oil-y-vitamina-e-100-ml-esi\\\/#breadcrumb\"},\"inLanguage\":\"es\",\"potentialAction\":[{\"@type\":\"ReadAction\",\"target\":[\"https:\\\/\\\/www.lifenatura.com\\\/es\\\/produto\\\/aloe-vera-gel-con-tea-tree-oil-y-vitamina-e-100-ml-esi\\\/\"]}]},{\"@type\":\"ImageObject\",\"inLanguage\":\"es\",\"@id\":\"https:\\\/\\\/www.lifenatura.com\\\/es\\\/produto\\\/aloe-vera-gel-con-tea-tree-oil-y-vitamina-e-100-ml-esi\\\/#primaryimage\",\"url\":\"https:\\\/\\\/www.lifenatura.com\\\/wp-content\\\/uploads\\\/2021\\\/09\\\/gd_aloe_vera_gel_com_tea_tree_oil_e_vitamina_e_100_ml_esi.jpg\",\"contentUrl\":\"https:\\\/\\\/www.lifenatura.com\\\/wp-content\\\/uploads\\\/2021\\\/09\\\/gd_aloe_vera_gel_com_tea_tree_oil_e_vitamina_e_100_ml_esi.jpg\",\"width\":1000,\"height\":1000,\"caption\":\"Alo\u00e9 Vera Gel con Tea Tree Oil y Vitamina E 100 ml - Esi\"},{\"@type\":\"BreadcrumbList\",\"@id\":\"https:\\\/\\\/www.lifenatura.com\\\/es\\\/produto\\\/aloe-vera-gel-con-tea-tree-oil-y-vitamina-e-100-ml-esi\\\/#breadcrumb\",\"itemListElement\":[{\"@type\":\"ListItem\",\"position\":1,\"name\":\"In\u00edcio\",\"item\":\"https:\\\/\\\/www.lifenatura.com\\\/es\\\/\"},{\"@type\":\"ListItem\",\"position\":2,\"name\":\"Todos los Productos\",\"item\":\"https:\\\/\\\/www.lifenatura.com\\\/es\\\/tienda\\\/\"},{\"@type\":\"ListItem\",\"position\":3,\"name\":\"Alo\u00e9 Vera Gel con Tea Tree Oil y Vitamina E 100 ml &#8211; Esi\"}]},{\"@type\":\"WebSite\",\"@id\":\"https:\\\/\\\/www.lifenatura.com\\\/es\\\/#website\",\"url\":\"https:\\\/\\\/www.lifenatura.com\\\/es\\\/\",\"name\":\"Lifenatura\",\"description\":\"A Lifenatura \u00e9 uma loja de produtos naturais, cosm\u00e9tica natural e alimenta\u00e7\u00e3o Biol\u00f3gica.\",\"publisher\":{\"@id\":\"https:\\\/\\\/www.lifenatura.com\\\/es\\\/#organization\"},\"potentialAction\":[{\"@type\":\"SearchAction\",\"target\":{\"@type\":\"EntryPoint\",\"urlTemplate\":\"https:\\\/\\\/www.lifenatura.com\\\/es\\\/?s={search_term_string}\"},\"query-input\":{\"@type\":\"PropertyValueSpecification\",\"valueRequired\":true,\"valueName\":\"search_term_string\"}}],\"inLanguage\":\"es\"},{\"@type\":\"Organization\",\"@id\":\"https:\\\/\\\/www.lifenatura.com\\\/es\\\/#organization\",\"name\":\"Lifenatura\",\"url\":\"https:\\\/\\\/www.lifenatura.com\\\/es\\\/\",\"logo\":{\"@type\":\"ImageObject\",\"inLanguage\":\"es\",\"@id\":\"https:\\\/\\\/www.lifenatura.com\\\/es\\\/#\\\/schema\\\/logo\\\/image\\\/\",\"url\":\"https:\\\/\\\/www.lifenatura.com\\\/wp-content\\\/uploads\\\/2021\\\/07\\\/logo.png\",\"contentUrl\":\"https:\\\/\\\/www.lifenatura.com\\\/wp-content\\\/uploads\\\/2021\\\/07\\\/logo.png\",\"width\":175,\"height\":55,\"caption\":\"Lifenatura\"},\"image\":{\"@id\":\"https:\\\/\\\/www.lifenatura.com\\\/es\\\/#\\\/schema\\\/logo\\\/image\\\/\"},\"sameAs\":[\"https:\\\/\\\/www.facebook.com\\\/lifenatura\",\"https:\\\/\\\/www.instagram.com\\\/lifenaturapt\\\/\"],\"hasMerchantReturnPolicy\":{\"@type\":\"MerchantReturnPolicy\",\"merchantReturnLink\":\"https:\\\/\\\/www.lifenatura.com\\\/termos-condicoes-lifenatura\\\/\"}}]}<\/script>\n<meta property=\"product:price:amount\" content=\"7.25\" \/>\n<meta property=\"product:price:currency\" content=\"EUR\" \/>\n<meta property=\"og:availability\" content=\"instock\" \/>\n<meta property=\"product:availability\" content=\"instock\" \/>\n<meta property=\"product:retailer_item_id\" content=\"9312146006848\" \/>\n<meta property=\"product:condition\" content=\"new\" \/>\n<!-- \/ Yoast SEO Premium plugin. -->","yoast_head_json":{"title":"Alo\u00e9 Vera Gel con Tea Tree Oil y Vitamina E 100 ml - Esi","description":"El gel de aloe vera de Esi con aceite de \u00e1rbol de t\u00e9 y vitamina E est\u00e1 formulado con extracto puro de aloe vera, ejerciendo una acci\u00f3n hidratante.","robots":{"index":"index","follow":"follow","max-snippet":"max-snippet:-1","max-image-preview":"max-image-preview:large","max-video-preview":"max-video-preview:-1"},"canonical":"https:\/\/www.lifenatura.com\/es\/produto\/aloe-vera-gel-con-tea-tree-oil-y-vitamina-e-100-ml-esi\/","og_locale":"es_ES","og_type":"article","og_title":"Alo\u00e9 Vera Gel con Tea Tree Oil y Vitamina E 100 ml - Esi - Na Lifenatura ao Melhor Pre\u00e7o | Envio 48h","og_description":"Compre Alo\u00e9 Vera Gel con Tea Tree Oil y Vitamina E 100 ml - Esi com envio r\u00e1pido. Entrega em 48h e portes gr\u00e1tis em compras >35\u20ac. Aproveite j\u00e1 na Lifenatura","og_url":"https:\/\/www.lifenatura.com\/es\/produto\/aloe-vera-gel-con-tea-tree-oil-y-vitamina-e-100-ml-esi\/","og_site_name":"Lifenatura","article_publisher":"https:\/\/www.facebook.com\/lifenatura","article_modified_time":"2026-01-28T07:19:24+00:00","og_image":[{"width":1000,"height":1000,"url":"https:\/\/www.lifenatura.com\/wp-content\/uploads\/2021\/09\/gd_aloe_vera_gel_com_tea_tree_oil_e_vitamina_e_100_ml_esi.jpg","type":"image\/jpeg"}],"twitter_card":"summary_large_image","twitter_misc":{"Precio":"7,25&nbsp;&euro;","Disponibilidad":"Disponible"},"schema":{"@context":"https:\/\/schema.org","@graph":[{"@type":"WebPage","@id":"https:\/\/www.lifenatura.com\/es\/produto\/aloe-vera-gel-con-tea-tree-oil-y-vitamina-e-100-ml-esi\/","url":"https:\/\/www.lifenatura.com\/es\/produto\/aloe-vera-gel-con-tea-tree-oil-y-vitamina-e-100-ml-esi\/","name":"Alo\u00e9 Vera Gel con Tea Tree Oil y Vitamina E 100 ml - Esi","isPartOf":{"@id":"https:\/\/www.lifenatura.com\/es\/#website"},"primaryImageOfPage":{"@id":"https:\/\/www.lifenatura.com\/es\/produto\/aloe-vera-gel-con-tea-tree-oil-y-vitamina-e-100-ml-esi\/#primaryimage"},"image":{"@id":"https:\/\/www.lifenatura.com\/es\/produto\/aloe-vera-gel-con-tea-tree-oil-y-vitamina-e-100-ml-esi\/#primaryimage"},"thumbnailUrl":"https:\/\/www.lifenatura.com\/wp-content\/uploads\/2021\/09\/gd_aloe_vera_gel_com_tea_tree_oil_e_vitamina_e_100_ml_esi.jpg","datePublished":"2021-09-30T09:55:47+00:00","dateModified":"2026-01-28T07:19:24+00:00","description":"El gel de aloe vera de Esi con aceite de \u00e1rbol de t\u00e9 y vitamina E est\u00e1 formulado con extracto puro de aloe vera, ejerciendo una acci\u00f3n hidratante.","breadcrumb":{"@id":"https:\/\/www.lifenatura.com\/es\/produto\/aloe-vera-gel-con-tea-tree-oil-y-vitamina-e-100-ml-esi\/#breadcrumb"},"inLanguage":"es","potentialAction":[{"@type":"ReadAction","target":["https:\/\/www.lifenatura.com\/es\/produto\/aloe-vera-gel-con-tea-tree-oil-y-vitamina-e-100-ml-esi\/"]}]},{"@type":"ImageObject","inLanguage":"es","@id":"https:\/\/www.lifenatura.com\/es\/produto\/aloe-vera-gel-con-tea-tree-oil-y-vitamina-e-100-ml-esi\/#primaryimage","url":"https:\/\/www.lifenatura.com\/wp-content\/uploads\/2021\/09\/gd_aloe_vera_gel_com_tea_tree_oil_e_vitamina_e_100_ml_esi.jpg","contentUrl":"https:\/\/www.lifenatura.com\/wp-content\/uploads\/2021\/09\/gd_aloe_vera_gel_com_tea_tree_oil_e_vitamina_e_100_ml_esi.jpg","width":1000,"height":1000,"caption":"Alo\u00e9 Vera Gel con Tea Tree Oil y Vitamina E 100 ml - Esi"},{"@type":"BreadcrumbList","@id":"https:\/\/www.lifenatura.com\/es\/produto\/aloe-vera-gel-con-tea-tree-oil-y-vitamina-e-100-ml-esi\/#breadcrumb","itemListElement":[{"@type":"ListItem","position":1,"name":"In\u00edcio","item":"https:\/\/www.lifenatura.com\/es\/"},{"@type":"ListItem","position":2,"name":"Todos los Productos","item":"https:\/\/www.lifenatura.com\/es\/tienda\/"},{"@type":"ListItem","position":3,"name":"Alo\u00e9 Vera Gel con Tea Tree Oil y Vitamina E 100 ml &#8211; Esi"}]},{"@type":"WebSite","@id":"https:\/\/www.lifenatura.com\/es\/#website","url":"https:\/\/www.lifenatura.com\/es\/","name":"Lifenatura","description":"A Lifenatura \u00e9 uma loja de produtos naturais, cosm\u00e9tica natural e alimenta\u00e7\u00e3o Biol\u00f3gica.","publisher":{"@id":"https:\/\/www.lifenatura.com\/es\/#organization"},"potentialAction":[{"@type":"SearchAction","target":{"@type":"EntryPoint","urlTemplate":"https:\/\/www.lifenatura.com\/es\/?s={search_term_string}"},"query-input":{"@type":"PropertyValueSpecification","valueRequired":true,"valueName":"search_term_string"}}],"inLanguage":"es"},{"@type":"Organization","@id":"https:\/\/www.lifenatura.com\/es\/#organization","name":"Lifenatura","url":"https:\/\/www.lifenatura.com\/es\/","logo":{"@type":"ImageObject","inLanguage":"es","@id":"https:\/\/www.lifenatura.com\/es\/#\/schema\/logo\/image\/","url":"https:\/\/www.lifenatura.com\/wp-content\/uploads\/2021\/07\/logo.png","contentUrl":"https:\/\/www.lifenatura.com\/wp-content\/uploads\/2021\/07\/logo.png","width":175,"height":55,"caption":"Lifenatura"},"image":{"@id":"https:\/\/www.lifenatura.com\/es\/#\/schema\/logo\/image\/"},"sameAs":["https:\/\/www.facebook.com\/lifenatura","https:\/\/www.instagram.com\/lifenaturapt\/"],"hasMerchantReturnPolicy":{"@type":"MerchantReturnPolicy","merchantReturnLink":"https:\/\/www.lifenatura.com\/termos-condicoes-lifenatura\/"}}]},"product_price_amount":"7.25","product_price_currency":"EUR","og_availability":"instock","product_availability":"instock","product_retailer_item_id":"9312146006848","product_condition":"new"},"df_price":7.25,"df_sale_price":"","df_regular_price":7.25,"df_image_link":"https:\/\/www.lifenatura.com\/wp-content\/uploads\/2021\/09\/gd_aloe_vera_gel_com_tea_tree_oil_e_vitamina_e_100_ml_esi-300x300.jpg","_links":{"self":[{"href":"https:\/\/www.lifenatura.com\/es\/wp-json\/wp\/v2\/product\/37827","targetHints":{"allow":["GET"]}}],"collection":[{"href":"https:\/\/www.lifenatura.com\/es\/wp-json\/wp\/v2\/product"}],"about":[{"href":"https:\/\/www.lifenatura.com\/es\/wp-json\/wp\/v2\/types\/product"}],"wp:featuredmedia":[{"embeddable":true,"href":"https:\/\/www.lifenatura.com\/es\/wp-json\/wp\/v2\/media\/19430"}],"wp:attachment":[{"href":"https:\/\/www.lifenatura.com\/es\/wp-json\/wp\/v2\/media?parent=37827"}],"wp:term":[{"taxonomy":"product_brand","embeddable":true,"href":"https:\/\/www.lifenatura.com\/es\/wp-json\/wp\/v2\/product_brand?post=37827"},{"taxonomy":"product_cat","embeddable":true,"href":"https:\/\/www.lifenatura.com\/es\/wp-json\/wp\/v2\/product_cat?post=37827"},{"taxonomy":"product_tag","embeddable":true,"href":"https:\/\/www.lifenatura.com\/es\/wp-json\/wp\/v2\/product_tag?post=37827"}],"curies":[{"name":"wp","href":"https:\/\/api.w.org\/{rel}","templated":true}]}}