{"id":37818,"date":"2021-09-30T09:55:23","date_gmt":"2021-09-30T09:55:23","guid":{"rendered":"https:\/\/lifenatura.dev.agenciagetdigital.com\/produto\/melatonina-pura-fast-1-mg-30-strips-esi\/"},"modified":"2026-01-28T07:19:21","modified_gmt":"2026-01-28T07:19:21","slug":"melatonina-pura-fast-1-mg-30-strips-esi","status":"publish","type":"product","link":"https:\/\/www.lifenatura.com\/es\/produto\/melatonina-pura-fast-1-mg-30-strips-esi\/","title":{"rendered":"Melatonina Pura Fast 1 mg 30 Strips &#8211; Esi"},"content":{"rendered":"<p>Indicado para mejorar la calidad del sue\u00f1o La melatonina r\u00e1pida pura est\u00e1 indicada para mejorar el sue\u00f1o, estimular el sistema inmunitario y proteger el sistema nervioso central. Tambi\u00e9n influye en los sistemas reproductivo, cardiovascular y neurol\u00f3gico, siendo un antioxidante extremadamente potente y vers\u00e1til, que protege cada parte de la c\u00e9lula y cada c\u00e9lula del cuerpo, incluidas las neuronas. Presentaci\u00f3n 30 tiras.<\/p>\n","protected":false},"excerpt":{"rendered":"<p>Indicado para mejorar la calidad del sue\u00f1o La melatonina r\u00e1pida pura est\u00e1 indicada para mejorar el sue\u00f1o, estimular el sistema inmunitario y proteger el sistema nervioso central. Tambi\u00e9n influye en los sistemas reproductivo, cardiovascular y neurol\u00f3gico, siendo un antioxidante extremadamente potente y vers\u00e1til, que protege cada parte de la c\u00e9lula y cada c\u00e9lula del cuerpo, [&#8230;]<\/p>\n<p><a class=\"btn btn-secondary understrap-read-more-link\" href=\"https:\/\/www.lifenatura.com\/es\/produto\/melatonina-pura-fast-1-mg-30-strips-esi\/\">Leer m\u00e1s&#8230;<span class=\"screen-reader-text\"> from Melatonina Pura Fast 1 mg 30 Strips &#8211; Esi<\/span><\/a><\/p>\n","protected":false},"featured_media":19421,"template":"","meta":{"_acf_changed":false},"product_brand":[8489],"product_cat":[7291],"product_tag":[],"class_list":{"0":"post-37818","1":"product","2":"type-product","3":"status-publish","4":"has-post-thumbnail","6":"product_brand-esi","7":"product_cat-agotados","9":"first","10":"outofstock","11":"shipping-taxable","12":"purchasable","13":"product-type-simple","14":"add-to-wishlist-before_image"},"acf":[],"yoast_head":"<!-- This site is optimized with the Yoast SEO Premium plugin v27.1 (Yoast SEO v27.3) - https:\/\/yoast.com\/product\/yoast-seo-premium-wordpress\/ -->\n<title>Melatonina Pura Fast 1 mg 30 Strips - Esi<\/title>\n<meta name=\"description\" content=\"La melatonina r\u00e1pida pura est\u00e1 indicada para mejorar el sue\u00f1o, estimular el sistema inmunitario y proteger el sistema nervioso central.\" \/>\n<meta name=\"robots\" content=\"index, follow, max-snippet:-1, max-image-preview:large, max-video-preview:-1\" \/>\n<link rel=\"canonical\" href=\"https:\/\/www.lifenatura.com\/es\/produto\/melatonina-pura-fast-1-mg-30-strips-esi\/\" \/>\n<meta property=\"og:locale\" content=\"es_ES\" \/>\n<meta property=\"og:type\" content=\"article\" \/>\n<meta property=\"og:title\" content=\"Melatonina Pura Fast 1 mg 30 Strips - Esi - Lifenatura\" \/>\n<meta property=\"og:description\" content=\"Compre aqui o seu Melatonina Pura Fast 1 mg 30 Strips - Esi e a Lifenatura Online envia em 48 H com Portes Gratis &gt;35\u20ac de Pedido.\" \/>\n<meta property=\"og:url\" content=\"https:\/\/www.lifenatura.com\/es\/produto\/melatonina-pura-fast-1-mg-30-strips-esi\/\" \/>\n<meta property=\"og:site_name\" content=\"Lifenatura\" \/>\n<meta property=\"article:publisher\" content=\"https:\/\/www.facebook.com\/lifenatura\" \/>\n<meta property=\"article:modified_time\" content=\"2026-01-28T07:19:21+00:00\" \/>\n<meta property=\"og:image\" content=\"https:\/\/www.lifenatura.com\/wp-content\/uploads\/2021\/09\/gd_melatonina_pura_fast_1_mg_30_strips_esi.jpg\" \/>\n\t<meta property=\"og:image:width\" content=\"1000\" \/>\n\t<meta property=\"og:image:height\" content=\"1000\" \/>\n\t<meta property=\"og:image:type\" content=\"image\/jpeg\" \/>\n<meta name=\"twitter:card\" content=\"summary_large_image\" \/>\n<meta name=\"twitter:label1\" content=\"Precio\" \/>\n\t<meta name=\"twitter:data1\" content=\"16,38&nbsp;&euro;\" \/>\n\t<meta name=\"twitter:label2\" content=\"Disponibilidad\" \/>\n\t<meta name=\"twitter:data2\" content=\"Sin existencias\" \/>\n<meta property=\"product:price:amount\" content=\"16.38\" \/>\n<meta property=\"product:price:currency\" content=\"EUR\" \/>\n<meta property=\"og:availability\" content=\"out of stock\" \/>\n<meta property=\"product:availability\" content=\"out of stock\" \/>\n<meta property=\"product:retailer_item_id\" content=\"8008843128365\" \/>\n<meta property=\"product:condition\" content=\"new\" \/>\n<!-- \/ Yoast SEO Premium plugin. -->","yoast_head_json":{"title":"Melatonina Pura Fast 1 mg 30 Strips - Esi","description":"La melatonina r\u00e1pida pura est\u00e1 indicada para mejorar el sue\u00f1o, estimular el sistema inmunitario y proteger el sistema nervioso central.","robots":{"index":"index","follow":"follow","max-snippet":"max-snippet:-1","max-image-preview":"max-image-preview:large","max-video-preview":"max-video-preview:-1"},"canonical":"https:\/\/www.lifenatura.com\/es\/produto\/melatonina-pura-fast-1-mg-30-strips-esi\/","og_locale":"es_ES","og_type":"article","og_title":"Melatonina Pura Fast 1 mg 30 Strips - Esi - Lifenatura","og_description":"Compre aqui o seu Melatonina Pura Fast 1 mg 30 Strips - Esi e a Lifenatura Online envia em 48 H com Portes Gratis >35\u20ac de Pedido.","og_url":"https:\/\/www.lifenatura.com\/es\/produto\/melatonina-pura-fast-1-mg-30-strips-esi\/","og_site_name":"Lifenatura","article_publisher":"https:\/\/www.facebook.com\/lifenatura","article_modified_time":"2026-01-28T07:19:21+00:00","og_image":[{"width":1000,"height":1000,"url":"https:\/\/www.lifenatura.com\/wp-content\/uploads\/2021\/09\/gd_melatonina_pura_fast_1_mg_30_strips_esi.jpg","type":"image\/jpeg"}],"twitter_card":"summary_large_image","twitter_misc":{"Precio":"16,38&nbsp;&euro;","Disponibilidad":"Sin existencias"},"schema":{"@context":"https:\/\/schema.org","@graph":[{"@type":"WebPage","@id":"https:\/\/www.lifenatura.com\/es\/produto\/melatonina-pura-fast-1-mg-30-strips-esi\/","url":"https:\/\/www.lifenatura.com\/es\/produto\/melatonina-pura-fast-1-mg-30-strips-esi\/","name":"Melatonina Pura Fast 1 mg 30 Strips - Esi","isPartOf":{"@id":"https:\/\/www.lifenatura.com\/es\/#website"},"primaryImageOfPage":{"@id":"https:\/\/www.lifenatura.com\/es\/produto\/melatonina-pura-fast-1-mg-30-strips-esi\/#primaryimage"},"image":{"@id":"https:\/\/www.lifenatura.com\/es\/produto\/melatonina-pura-fast-1-mg-30-strips-esi\/#primaryimage"},"thumbnailUrl":"https:\/\/www.lifenatura.com\/wp-content\/uploads\/2021\/09\/gd_melatonina_pura_fast_1_mg_30_strips_esi.jpg","datePublished":"2021-09-30T09:55:23+00:00","dateModified":"2026-01-28T07:19:21+00:00","description":"La melatonina r\u00e1pida pura est\u00e1 indicada para mejorar el sue\u00f1o, estimular el sistema inmunitario y proteger el sistema nervioso central.","breadcrumb":{"@id":"https:\/\/www.lifenatura.com\/es\/produto\/melatonina-pura-fast-1-mg-30-strips-esi\/#breadcrumb"},"inLanguage":"es","potentialAction":[{"@type":"ReadAction","target":["https:\/\/www.lifenatura.com\/es\/produto\/melatonina-pura-fast-1-mg-30-strips-esi\/"]}]},{"@type":"ImageObject","inLanguage":"es","@id":"https:\/\/www.lifenatura.com\/es\/produto\/melatonina-pura-fast-1-mg-30-strips-esi\/#primaryimage","url":"https:\/\/www.lifenatura.com\/wp-content\/uploads\/2021\/09\/gd_melatonina_pura_fast_1_mg_30_strips_esi.jpg","contentUrl":"https:\/\/www.lifenatura.com\/wp-content\/uploads\/2021\/09\/gd_melatonina_pura_fast_1_mg_30_strips_esi.jpg","width":1000,"height":1000,"caption":"Melatonina Pura Fast 1 mg 30 Strips - Esi"},{"@type":"BreadcrumbList","@id":"https:\/\/www.lifenatura.com\/es\/produto\/melatonina-pura-fast-1-mg-30-strips-esi\/#breadcrumb","itemListElement":[{"@type":"ListItem","position":1,"name":"In\u00edcio","item":"https:\/\/www.lifenatura.com\/es\/"},{"@type":"ListItem","position":2,"name":"Todos los Productos","item":"https:\/\/www.lifenatura.com\/es\/tienda\/"},{"@type":"ListItem","position":3,"name":"Melatonina Pura Fast 1 mg 30 Strips &#8211; Esi"}]},{"@type":"WebSite","@id":"https:\/\/www.lifenatura.com\/es\/#website","url":"https:\/\/www.lifenatura.com\/es\/","name":"Lifenatura","description":"A Lifenatura \u00e9 uma loja de produtos naturais, cosm\u00e9tica natural e alimenta\u00e7\u00e3o Biol\u00f3gica.","publisher":{"@id":"https:\/\/www.lifenatura.com\/es\/#organization"},"potentialAction":[{"@type":"SearchAction","target":{"@type":"EntryPoint","urlTemplate":"https:\/\/www.lifenatura.com\/es\/?s={search_term_string}"},"query-input":{"@type":"PropertyValueSpecification","valueRequired":true,"valueName":"search_term_string"}}],"inLanguage":"es"},{"@type":"Organization","@id":"https:\/\/www.lifenatura.com\/es\/#organization","name":"Lifenatura","url":"https:\/\/www.lifenatura.com\/es\/","logo":{"@type":"ImageObject","inLanguage":"es","@id":"https:\/\/www.lifenatura.com\/es\/#\/schema\/logo\/image\/","url":"https:\/\/www.lifenatura.com\/wp-content\/uploads\/2021\/11\/logo.png","contentUrl":"https:\/\/www.lifenatura.com\/wp-content\/uploads\/2021\/11\/logo.png","width":175,"height":55,"caption":"Lifenatura"},"image":{"@id":"https:\/\/www.lifenatura.com\/es\/#\/schema\/logo\/image\/"},"sameAs":["https:\/\/www.facebook.com\/lifenatura","https:\/\/www.instagram.com\/lifenaturapt\/"]}]},"product_price_amount":"16.38","product_price_currency":"EUR","og_availability":"out of stock","product_availability":"out of stock","product_retailer_item_id":"8008843128365","product_condition":"new"},"df_price":16.38,"df_sale_price":"","df_regular_price":16.38,"df_image_link":"https:\/\/www.lifenatura.com\/wp-content\/uploads\/2021\/09\/gd_melatonina_pura_fast_1_mg_30_strips_esi-300x300.jpg","_links":{"self":[{"href":"https:\/\/www.lifenatura.com\/es\/wp-json\/wp\/v2\/product\/37818","targetHints":{"allow":["GET"]}}],"collection":[{"href":"https:\/\/www.lifenatura.com\/es\/wp-json\/wp\/v2\/product"}],"about":[{"href":"https:\/\/www.lifenatura.com\/es\/wp-json\/wp\/v2\/types\/product"}],"wp:featuredmedia":[{"embeddable":true,"href":"https:\/\/www.lifenatura.com\/es\/wp-json\/wp\/v2\/media\/19421"}],"wp:attachment":[{"href":"https:\/\/www.lifenatura.com\/es\/wp-json\/wp\/v2\/media?parent=37818"}],"wp:term":[{"taxonomy":"product_brand","embeddable":true,"href":"https:\/\/www.lifenatura.com\/es\/wp-json\/wp\/v2\/product_brand?post=37818"},{"taxonomy":"product_cat","embeddable":true,"href":"https:\/\/www.lifenatura.com\/es\/wp-json\/wp\/v2\/product_cat?post=37818"},{"taxonomy":"product_tag","embeddable":true,"href":"https:\/\/www.lifenatura.com\/es\/wp-json\/wp\/v2\/product_tag?post=37818"}],"curies":[{"name":"wp","href":"https:\/\/api.w.org\/{rel}","templated":true}]}}