{"id":37814,"date":"2021-09-30T09:55:23","date_gmt":"2021-09-30T09:55:23","guid":{"rendered":"https:\/\/lifenatura.dev.agenciagetdigital.com\/produto\/aloe-vera-jugo-arandano-1000-ml-esi\/"},"modified":"2026-01-28T07:19:20","modified_gmt":"2026-01-28T07:19:20","slug":"aloe-vera-jugo-arandano-1000-ml-esi","status":"publish","type":"product","link":"https:\/\/www.lifenatura.com\/es\/produto\/aloe-vera-jugo-arandano-1000-ml-esi\/","title":{"rendered":"Alo\u00e9 Vera Jugo + Ar\u00e1ndano 1000 ml &#8211; Esi"},"content":{"rendered":"<p>Indicado para el sistema inmunitario, con Aloe Vera El jugo de aloe vera con ar\u00e1ndano es un suplemento cuya formulaci\u00f3n combina las propiedades beneficiosas naturales del gel de aloe vera con ar\u00e1ndano. Elimina las toxinas presentes en el cuerpo promoviendo la eliminaci\u00f3n de sustancias in\u00fatiles o nocivas, antibacterianas y antivirales. Previene o destruye ciertas manifestaciones vitales de algunos microorganismos, por lo tanto, se aplica contra la acci\u00f3n patog\u00e9nica de ciertos virus y bacterias. El ar\u00e1ndano tiene propiedades antis\u00e9pticas y descongestionantes y reequilibra la flora intestinal, especialmente el colon. Es eficaz en el tratamiento de infecciones urinarias. Presentaci\u00f3n 1 litro<\/p>\n","protected":false},"excerpt":{"rendered":"<p>Indicado para el sistema inmunitario, con Aloe Vera El jugo de aloe vera con ar\u00e1ndano es un suplemento cuya formulaci\u00f3n combina las propiedades beneficiosas naturales del gel de aloe vera con ar\u00e1ndano. Elimina las toxinas presentes en el cuerpo promoviendo la eliminaci\u00f3n de sustancias in\u00fatiles o nocivas, antibacterianas y antivirales. Previene o destruye ciertas manifestaciones [&#8230;]<\/p>\n<p><a class=\"btn btn-secondary understrap-read-more-link\" href=\"https:\/\/www.lifenatura.com\/es\/produto\/aloe-vera-jugo-arandano-1000-ml-esi\/\">Leer m\u00e1s&#8230;<span class=\"screen-reader-text\"> from Alo\u00e9 Vera Jugo + Ar\u00e1ndano 1000 ml &#8211; Esi<\/span><\/a><\/p>\n","protected":false},"featured_media":19417,"template":"","meta":{"_acf_changed":false},"product_brand":[8489],"product_cat":[7668,7659,7211,7179],"product_tag":[],"class_list":{"0":"post-37814","1":"product","2":"type-product","3":"status-publish","4":"has-post-thumbnail","6":"product_brand-esi","7":"product_cat-aloe-vera-bio","8":"product_cat-ingrediente-natural-bio","9":"product_cat-reforza-la-inmunidad-salud","10":"product_cat-salud","12":"first","13":"instock","14":"sale","15":"featured","16":"shipping-taxable","17":"purchasable","18":"product-type-simple","19":"add-to-wishlist-before_image"},"acf":[],"yoast_head":"<!-- This site is optimized with the Yoast SEO Premium plugin v27.1 (Yoast SEO v27.5) - https:\/\/yoast.com\/product\/yoast-seo-premium-wordpress\/ -->\n<title>Alo\u00e9 Vera Jugo + Ar\u00e1ndano 1000 ml - Esi<\/title>\n<meta name=\"description\" content=\"El jugo de aloe vera con ar\u00e1ndano es un suplemento cuya formulaci\u00f3n combina las propiedades beneficiosas naturales del gel de aloe vera con ar\u00e1ndano.\" \/>\n<meta name=\"robots\" content=\"index, follow, max-snippet:-1, max-image-preview:large, max-video-preview:-1\" \/>\n<link rel=\"canonical\" href=\"https:\/\/www.lifenatura.com\/es\/produto\/aloe-vera-jugo-arandano-1000-ml-esi\/\" \/>\n<meta property=\"og:locale\" content=\"es_ES\" \/>\n<meta property=\"og:type\" content=\"article\" \/>\n<meta property=\"og:title\" content=\"Alo\u00e9 Vera Jugo + Ar\u00e1ndano 1000 ml - Esi - Na Lifenatura ao Melhor Pre\u00e7o | Envio 48h\" \/>\n<meta property=\"og:description\" content=\"Compre Alo\u00e9 Vera Jugo + Ar\u00e1ndano 1000 ml - Esi com envio r\u00e1pido. Entrega em 48h e portes gr\u00e1tis em compras &gt;35\u20ac. Aproveite j\u00e1 na Lifenatura\" \/>\n<meta property=\"og:url\" content=\"https:\/\/www.lifenatura.com\/es\/produto\/aloe-vera-jugo-arandano-1000-ml-esi\/\" \/>\n<meta property=\"og:site_name\" content=\"Lifenatura\" \/>\n<meta property=\"article:publisher\" content=\"https:\/\/www.facebook.com\/lifenatura\" \/>\n<meta property=\"article:modified_time\" content=\"2026-01-28T07:19:20+00:00\" \/>\n<meta property=\"og:image\" content=\"https:\/\/www.lifenatura.com\/wp-content\/uploads\/2021\/09\/gd_aloe_vera_juice_mirtilho_1000_ml_esi.jpg\" \/>\n\t<meta property=\"og:image:width\" content=\"1000\" \/>\n\t<meta property=\"og:image:height\" content=\"1000\" \/>\n\t<meta property=\"og:image:type\" content=\"image\/jpeg\" \/>\n<meta name=\"twitter:card\" content=\"summary_large_image\" \/>\n<meta name=\"twitter:label1\" content=\"Precio\" \/>\n\t<meta name=\"twitter:data1\" content=\"24,38&nbsp;&euro;\" \/>\n\t<meta name=\"twitter:label2\" content=\"Disponibilidad\" \/>\n\t<meta name=\"twitter:data2\" content=\"Disponible\" \/>\n<script type=\"application\/ld+json\" class=\"yoast-schema-graph\">{\"@context\":\"https:\\\/\\\/schema.org\",\"@graph\":[{\"@type\":\"WebPage\",\"@id\":\"https:\\\/\\\/www.lifenatura.com\\\/es\\\/produto\\\/aloe-vera-jugo-arandano-1000-ml-esi\\\/\",\"url\":\"https:\\\/\\\/www.lifenatura.com\\\/es\\\/produto\\\/aloe-vera-jugo-arandano-1000-ml-esi\\\/\",\"name\":\"Alo\u00e9 Vera Jugo + Ar\u00e1ndano 1000 ml - Esi\",\"isPartOf\":{\"@id\":\"https:\\\/\\\/www.lifenatura.com\\\/es\\\/#website\"},\"primaryImageOfPage\":{\"@id\":\"https:\\\/\\\/www.lifenatura.com\\\/es\\\/produto\\\/aloe-vera-jugo-arandano-1000-ml-esi\\\/#primaryimage\"},\"image\":{\"@id\":\"https:\\\/\\\/www.lifenatura.com\\\/es\\\/produto\\\/aloe-vera-jugo-arandano-1000-ml-esi\\\/#primaryimage\"},\"thumbnailUrl\":\"https:\\\/\\\/www.lifenatura.com\\\/wp-content\\\/uploads\\\/2021\\\/09\\\/gd_aloe_vera_juice_mirtilho_1000_ml_esi.jpg\",\"datePublished\":\"2021-09-30T09:55:23+00:00\",\"dateModified\":\"2026-01-28T07:19:20+00:00\",\"description\":\"El jugo de aloe vera con ar\u00e1ndano es un suplemento cuya formulaci\u00f3n combina las propiedades beneficiosas naturales del gel de aloe vera con ar\u00e1ndano.\",\"breadcrumb\":{\"@id\":\"https:\\\/\\\/www.lifenatura.com\\\/es\\\/produto\\\/aloe-vera-jugo-arandano-1000-ml-esi\\\/#breadcrumb\"},\"inLanguage\":\"es\",\"potentialAction\":[{\"@type\":\"ReadAction\",\"target\":[\"https:\\\/\\\/www.lifenatura.com\\\/es\\\/produto\\\/aloe-vera-jugo-arandano-1000-ml-esi\\\/\"]}]},{\"@type\":\"ImageObject\",\"inLanguage\":\"es\",\"@id\":\"https:\\\/\\\/www.lifenatura.com\\\/es\\\/produto\\\/aloe-vera-jugo-arandano-1000-ml-esi\\\/#primaryimage\",\"url\":\"https:\\\/\\\/www.lifenatura.com\\\/wp-content\\\/uploads\\\/2021\\\/09\\\/gd_aloe_vera_juice_mirtilho_1000_ml_esi.jpg\",\"contentUrl\":\"https:\\\/\\\/www.lifenatura.com\\\/wp-content\\\/uploads\\\/2021\\\/09\\\/gd_aloe_vera_juice_mirtilho_1000_ml_esi.jpg\",\"width\":1000,\"height\":1000,\"caption\":\"Alo\u00e9 Vera Jugo + Ar\u00e1ndano 1000 ml - Esi\"},{\"@type\":\"BreadcrumbList\",\"@id\":\"https:\\\/\\\/www.lifenatura.com\\\/es\\\/produto\\\/aloe-vera-jugo-arandano-1000-ml-esi\\\/#breadcrumb\",\"itemListElement\":[{\"@type\":\"ListItem\",\"position\":1,\"name\":\"In\u00edcio\",\"item\":\"https:\\\/\\\/www.lifenatura.com\\\/es\\\/\"},{\"@type\":\"ListItem\",\"position\":2,\"name\":\"Todos los Productos\",\"item\":\"https:\\\/\\\/www.lifenatura.com\\\/es\\\/tienda\\\/\"},{\"@type\":\"ListItem\",\"position\":3,\"name\":\"Alo\u00e9 Vera Jugo + Ar\u00e1ndano 1000 ml &#8211; Esi\"}]},{\"@type\":\"WebSite\",\"@id\":\"https:\\\/\\\/www.lifenatura.com\\\/es\\\/#website\",\"url\":\"https:\\\/\\\/www.lifenatura.com\\\/es\\\/\",\"name\":\"Lifenatura\",\"description\":\"A Lifenatura \u00e9 uma loja de produtos naturais, cosm\u00e9tica natural e alimenta\u00e7\u00e3o Biol\u00f3gica.\",\"publisher\":{\"@id\":\"https:\\\/\\\/www.lifenatura.com\\\/es\\\/#organization\"},\"potentialAction\":[{\"@type\":\"SearchAction\",\"target\":{\"@type\":\"EntryPoint\",\"urlTemplate\":\"https:\\\/\\\/www.lifenatura.com\\\/es\\\/?s={search_term_string}\"},\"query-input\":{\"@type\":\"PropertyValueSpecification\",\"valueRequired\":true,\"valueName\":\"search_term_string\"}}],\"inLanguage\":\"es\"},{\"@type\":\"Organization\",\"@id\":\"https:\\\/\\\/www.lifenatura.com\\\/es\\\/#organization\",\"name\":\"Lifenatura\",\"url\":\"https:\\\/\\\/www.lifenatura.com\\\/es\\\/\",\"logo\":{\"@type\":\"ImageObject\",\"inLanguage\":\"es\",\"@id\":\"https:\\\/\\\/www.lifenatura.com\\\/es\\\/#\\\/schema\\\/logo\\\/image\\\/\",\"url\":\"https:\\\/\\\/www.lifenatura.com\\\/wp-content\\\/uploads\\\/2021\\\/07\\\/logo.png\",\"contentUrl\":\"https:\\\/\\\/www.lifenatura.com\\\/wp-content\\\/uploads\\\/2021\\\/07\\\/logo.png\",\"width\":175,\"height\":55,\"caption\":\"Lifenatura\"},\"image\":{\"@id\":\"https:\\\/\\\/www.lifenatura.com\\\/es\\\/#\\\/schema\\\/logo\\\/image\\\/\"},\"sameAs\":[\"https:\\\/\\\/www.facebook.com\\\/lifenatura\",\"https:\\\/\\\/www.instagram.com\\\/lifenaturapt\\\/\"],\"hasMerchantReturnPolicy\":{\"@type\":\"MerchantReturnPolicy\",\"merchantReturnLink\":\"https:\\\/\\\/www.lifenatura.com\\\/termos-condicoes-lifenatura\\\/\"}}]}<\/script>\n<meta property=\"product:price:amount\" content=\"24.38\" \/>\n<meta property=\"product:price:currency\" content=\"EUR\" \/>\n<meta property=\"og:availability\" content=\"instock\" \/>\n<meta property=\"product:availability\" content=\"instock\" \/>\n<meta property=\"product:retailer_item_id\" content=\"8008843000036\" \/>\n<meta property=\"product:condition\" content=\"new\" \/>\n<!-- \/ Yoast SEO Premium plugin. -->","yoast_head_json":{"title":"Alo\u00e9 Vera Jugo + Ar\u00e1ndano 1000 ml - Esi","description":"El jugo de aloe vera con ar\u00e1ndano es un suplemento cuya formulaci\u00f3n combina las propiedades beneficiosas naturales del gel de aloe vera con ar\u00e1ndano.","robots":{"index":"index","follow":"follow","max-snippet":"max-snippet:-1","max-image-preview":"max-image-preview:large","max-video-preview":"max-video-preview:-1"},"canonical":"https:\/\/www.lifenatura.com\/es\/produto\/aloe-vera-jugo-arandano-1000-ml-esi\/","og_locale":"es_ES","og_type":"article","og_title":"Alo\u00e9 Vera Jugo + Ar\u00e1ndano 1000 ml - Esi - Na Lifenatura ao Melhor Pre\u00e7o | Envio 48h","og_description":"Compre Alo\u00e9 Vera Jugo + Ar\u00e1ndano 1000 ml - Esi com envio r\u00e1pido. Entrega em 48h e portes gr\u00e1tis em compras >35\u20ac. Aproveite j\u00e1 na Lifenatura","og_url":"https:\/\/www.lifenatura.com\/es\/produto\/aloe-vera-jugo-arandano-1000-ml-esi\/","og_site_name":"Lifenatura","article_publisher":"https:\/\/www.facebook.com\/lifenatura","article_modified_time":"2026-01-28T07:19:20+00:00","og_image":[{"width":1000,"height":1000,"url":"https:\/\/www.lifenatura.com\/wp-content\/uploads\/2021\/09\/gd_aloe_vera_juice_mirtilho_1000_ml_esi.jpg","type":"image\/jpeg"}],"twitter_card":"summary_large_image","twitter_misc":{"Precio":"24,38&nbsp;&euro;","Disponibilidad":"Disponible"},"schema":{"@context":"https:\/\/schema.org","@graph":[{"@type":"WebPage","@id":"https:\/\/www.lifenatura.com\/es\/produto\/aloe-vera-jugo-arandano-1000-ml-esi\/","url":"https:\/\/www.lifenatura.com\/es\/produto\/aloe-vera-jugo-arandano-1000-ml-esi\/","name":"Alo\u00e9 Vera Jugo + Ar\u00e1ndano 1000 ml - Esi","isPartOf":{"@id":"https:\/\/www.lifenatura.com\/es\/#website"},"primaryImageOfPage":{"@id":"https:\/\/www.lifenatura.com\/es\/produto\/aloe-vera-jugo-arandano-1000-ml-esi\/#primaryimage"},"image":{"@id":"https:\/\/www.lifenatura.com\/es\/produto\/aloe-vera-jugo-arandano-1000-ml-esi\/#primaryimage"},"thumbnailUrl":"https:\/\/www.lifenatura.com\/wp-content\/uploads\/2021\/09\/gd_aloe_vera_juice_mirtilho_1000_ml_esi.jpg","datePublished":"2021-09-30T09:55:23+00:00","dateModified":"2026-01-28T07:19:20+00:00","description":"El jugo de aloe vera con ar\u00e1ndano es un suplemento cuya formulaci\u00f3n combina las propiedades beneficiosas naturales del gel de aloe vera con ar\u00e1ndano.","breadcrumb":{"@id":"https:\/\/www.lifenatura.com\/es\/produto\/aloe-vera-jugo-arandano-1000-ml-esi\/#breadcrumb"},"inLanguage":"es","potentialAction":[{"@type":"ReadAction","target":["https:\/\/www.lifenatura.com\/es\/produto\/aloe-vera-jugo-arandano-1000-ml-esi\/"]}]},{"@type":"ImageObject","inLanguage":"es","@id":"https:\/\/www.lifenatura.com\/es\/produto\/aloe-vera-jugo-arandano-1000-ml-esi\/#primaryimage","url":"https:\/\/www.lifenatura.com\/wp-content\/uploads\/2021\/09\/gd_aloe_vera_juice_mirtilho_1000_ml_esi.jpg","contentUrl":"https:\/\/www.lifenatura.com\/wp-content\/uploads\/2021\/09\/gd_aloe_vera_juice_mirtilho_1000_ml_esi.jpg","width":1000,"height":1000,"caption":"Alo\u00e9 Vera Jugo + Ar\u00e1ndano 1000 ml - Esi"},{"@type":"BreadcrumbList","@id":"https:\/\/www.lifenatura.com\/es\/produto\/aloe-vera-jugo-arandano-1000-ml-esi\/#breadcrumb","itemListElement":[{"@type":"ListItem","position":1,"name":"In\u00edcio","item":"https:\/\/www.lifenatura.com\/es\/"},{"@type":"ListItem","position":2,"name":"Todos los Productos","item":"https:\/\/www.lifenatura.com\/es\/tienda\/"},{"@type":"ListItem","position":3,"name":"Alo\u00e9 Vera Jugo + Ar\u00e1ndano 1000 ml &#8211; Esi"}]},{"@type":"WebSite","@id":"https:\/\/www.lifenatura.com\/es\/#website","url":"https:\/\/www.lifenatura.com\/es\/","name":"Lifenatura","description":"A Lifenatura \u00e9 uma loja de produtos naturais, cosm\u00e9tica natural e alimenta\u00e7\u00e3o Biol\u00f3gica.","publisher":{"@id":"https:\/\/www.lifenatura.com\/es\/#organization"},"potentialAction":[{"@type":"SearchAction","target":{"@type":"EntryPoint","urlTemplate":"https:\/\/www.lifenatura.com\/es\/?s={search_term_string}"},"query-input":{"@type":"PropertyValueSpecification","valueRequired":true,"valueName":"search_term_string"}}],"inLanguage":"es"},{"@type":"Organization","@id":"https:\/\/www.lifenatura.com\/es\/#organization","name":"Lifenatura","url":"https:\/\/www.lifenatura.com\/es\/","logo":{"@type":"ImageObject","inLanguage":"es","@id":"https:\/\/www.lifenatura.com\/es\/#\/schema\/logo\/image\/","url":"https:\/\/www.lifenatura.com\/wp-content\/uploads\/2021\/07\/logo.png","contentUrl":"https:\/\/www.lifenatura.com\/wp-content\/uploads\/2021\/07\/logo.png","width":175,"height":55,"caption":"Lifenatura"},"image":{"@id":"https:\/\/www.lifenatura.com\/es\/#\/schema\/logo\/image\/"},"sameAs":["https:\/\/www.facebook.com\/lifenatura","https:\/\/www.instagram.com\/lifenaturapt\/"],"hasMerchantReturnPolicy":{"@type":"MerchantReturnPolicy","merchantReturnLink":"https:\/\/www.lifenatura.com\/termos-condicoes-lifenatura\/"}}]},"product_price_amount":"24.38","product_price_currency":"EUR","og_availability":"instock","product_availability":"instock","product_retailer_item_id":"8008843000036","product_condition":"new"},"df_price":24.38,"df_sale_price":24.38,"df_regular_price":40.63,"df_image_link":"https:\/\/www.lifenatura.com\/wp-content\/uploads\/2021\/09\/gd_aloe_vera_juice_mirtilho_1000_ml_esi-300x300.jpg","_links":{"self":[{"href":"https:\/\/www.lifenatura.com\/es\/wp-json\/wp\/v2\/product\/37814","targetHints":{"allow":["GET"]}}],"collection":[{"href":"https:\/\/www.lifenatura.com\/es\/wp-json\/wp\/v2\/product"}],"about":[{"href":"https:\/\/www.lifenatura.com\/es\/wp-json\/wp\/v2\/types\/product"}],"wp:featuredmedia":[{"embeddable":true,"href":"https:\/\/www.lifenatura.com\/es\/wp-json\/wp\/v2\/media\/19417"}],"wp:attachment":[{"href":"https:\/\/www.lifenatura.com\/es\/wp-json\/wp\/v2\/media?parent=37814"}],"wp:term":[{"taxonomy":"product_brand","embeddable":true,"href":"https:\/\/www.lifenatura.com\/es\/wp-json\/wp\/v2\/product_brand?post=37814"},{"taxonomy":"product_cat","embeddable":true,"href":"https:\/\/www.lifenatura.com\/es\/wp-json\/wp\/v2\/product_cat?post=37814"},{"taxonomy":"product_tag","embeddable":true,"href":"https:\/\/www.lifenatura.com\/es\/wp-json\/wp\/v2\/product_tag?post=37814"}],"curies":[{"name":"wp","href":"https:\/\/api.w.org\/{rel}","templated":true}]}}