{"id":37806,"date":"2021-09-30T09:55:23","date_gmt":"2021-09-30T09:55:23","guid":{"rendered":"https:\/\/lifenatura.dev.agenciagetdigital.com\/produto\/rigenforte-suplemento-para-el-pelo-30-capsulas-esi\/"},"modified":"2026-01-28T07:19:17","modified_gmt":"2026-01-28T07:19:17","slug":"rigenforte-suplemento-para-el-pelo-30-capsulas-esi","status":"publish","type":"product","link":"https:\/\/www.lifenatura.com\/es\/produto\/rigenforte-suplemento-para-el-pelo-30-capsulas-esi\/","title":{"rendered":"Rigenforte Suplemento para el Pelo 30 c\u00e1psulas &#8211; Esi"},"content":{"rendered":"<p>Indicado para la ca\u00edda del cabello Rigenforte utiliza una serie de principios, debidamente combinados, para garantizar la m\u00e1xima eficacia en la prevenci\u00f3n de la p\u00e9rdida de cabello. Contiene Biotinax, f\u00f3rmula patentada de la ESI, compuesta de Biotina, Metionina y Cistina. El Rigenforte Retard es un suplemento alimenticio de origen vegetal, pues las c\u00e1psulas est\u00e1n constituidas por fibra vegetal obtenida de la fermentaci\u00f3n de la tapioca. M\u00e1xima eficacia en la prevenci\u00f3n de la p\u00e9rdida de cabello. PRESENTACI\u00d3N 30 C\u00e1psulas<\/p>\n","protected":false},"excerpt":{"rendered":"<p>Indicado para la ca\u00edda del cabello Rigenforte utiliza una serie de principios, debidamente combinados, para garantizar la m\u00e1xima eficacia en la prevenci\u00f3n de la p\u00e9rdida de cabello. Contiene Biotinax, f\u00f3rmula patentada de la ESI, compuesta de Biotina, Metionina y Cistina. El Rigenforte Retard es un suplemento alimenticio de origen vegetal, pues las c\u00e1psulas est\u00e1n constituidas [&#8230;]<\/p>\n<p><a class=\"btn btn-secondary understrap-read-more-link\" href=\"https:\/\/www.lifenatura.com\/es\/produto\/rigenforte-suplemento-para-el-pelo-30-capsulas-esi\/\">Leer m\u00e1s&#8230;<span class=\"screen-reader-text\"> from Rigenforte Suplemento para el Pelo 30 c\u00e1psulas &#8211; Esi<\/span><\/a><\/p>\n","protected":false},"featured_media":19410,"template":"","meta":{"_acf_changed":false},"product_brand":[8489],"product_cat":[7237,7179],"product_tag":[],"class_list":{"0":"post-37806","1":"product","2":"type-product","3":"status-publish","4":"has-post-thumbnail","6":"product_brand-esi","7":"product_cat-pelo-unas","8":"product_cat-salud","10":"first","11":"instock","12":"shipping-taxable","13":"purchasable","14":"product-type-simple","15":"add-to-wishlist-before_image"},"acf":[],"yoast_head":"<!-- This site is optimized with the Yoast SEO Premium plugin v27.1 (Yoast SEO v27.3) - https:\/\/yoast.com\/product\/yoast-seo-premium-wordpress\/ -->\n<title>Rigenforte Suplemento para el Pelo 30 c\u00e1psulas - Esi<\/title>\n<meta name=\"description\" content=\"Rigenforte utiliza una serie de principios, debidamente combinados, para garantizar la m\u00e1xima eficacia en la prevenci\u00f3n de la p\u00e9rdida de cabello.\" \/>\n<meta name=\"robots\" content=\"index, follow, max-snippet:-1, max-image-preview:large, max-video-preview:-1\" \/>\n<link rel=\"canonical\" href=\"https:\/\/www.lifenatura.com\/es\/produto\/rigenforte-suplemento-para-el-pelo-30-capsulas-esi\/\" \/>\n<meta property=\"og:locale\" content=\"es_ES\" \/>\n<meta property=\"og:type\" content=\"article\" \/>\n<meta property=\"og:title\" content=\"Rigenforte Suplemento para el Pelo 30 c\u00e1psulas - Esi - Lifenatura\" \/>\n<meta property=\"og:description\" content=\"Compre aqui o seu Rigenforte Suplemento para el Pelo 30 c\u00e1psulas - Esi e a Lifenatura Online envia em 48 H com Portes Gratis &gt;35\u20ac de Pedido.\" \/>\n<meta property=\"og:url\" content=\"https:\/\/www.lifenatura.com\/es\/produto\/rigenforte-suplemento-para-el-pelo-30-capsulas-esi\/\" \/>\n<meta property=\"og:site_name\" content=\"Lifenatura\" \/>\n<meta property=\"article:publisher\" content=\"https:\/\/www.facebook.com\/lifenatura\" \/>\n<meta property=\"article:modified_time\" content=\"2026-01-28T07:19:17+00:00\" \/>\n<meta property=\"og:image\" content=\"https:\/\/www.lifenatura.com\/wp-content\/uploads\/2021\/09\/gd_rigenforte-para-o-cabelo-30-capsulas-esi.jpg\" \/>\n\t<meta property=\"og:image:width\" content=\"1000\" \/>\n\t<meta property=\"og:image:height\" content=\"1000\" \/>\n\t<meta property=\"og:image:type\" content=\"image\/jpeg\" \/>\n<meta name=\"twitter:card\" content=\"summary_large_image\" \/>\n<meta name=\"twitter:label1\" content=\"Precio\" \/>\n\t<meta name=\"twitter:data1\" content=\"12,95&nbsp;&euro;\" \/>\n\t<meta name=\"twitter:label2\" content=\"Disponibilidad\" \/>\n\t<meta name=\"twitter:data2\" content=\"Disponible\" \/>\n<meta property=\"product:price:amount\" content=\"12.95\" \/>\n<meta property=\"product:price:currency\" content=\"EUR\" \/>\n<meta property=\"og:availability\" content=\"instock\" \/>\n<meta property=\"product:availability\" content=\"instock\" \/>\n<meta property=\"product:retailer_item_id\" content=\"8008843010158\" \/>\n<meta property=\"product:condition\" content=\"new\" \/>\n<!-- \/ Yoast SEO Premium plugin. -->","yoast_head_json":{"title":"Rigenforte Suplemento para el Pelo 30 c\u00e1psulas - Esi","description":"Rigenforte utiliza una serie de principios, debidamente combinados, para garantizar la m\u00e1xima eficacia en la prevenci\u00f3n de la p\u00e9rdida de cabello.","robots":{"index":"index","follow":"follow","max-snippet":"max-snippet:-1","max-image-preview":"max-image-preview:large","max-video-preview":"max-video-preview:-1"},"canonical":"https:\/\/www.lifenatura.com\/es\/produto\/rigenforte-suplemento-para-el-pelo-30-capsulas-esi\/","og_locale":"es_ES","og_type":"article","og_title":"Rigenforte Suplemento para el Pelo 30 c\u00e1psulas - Esi - Lifenatura","og_description":"Compre aqui o seu Rigenforte Suplemento para el Pelo 30 c\u00e1psulas - Esi e a Lifenatura Online envia em 48 H com Portes Gratis >35\u20ac de Pedido.","og_url":"https:\/\/www.lifenatura.com\/es\/produto\/rigenforte-suplemento-para-el-pelo-30-capsulas-esi\/","og_site_name":"Lifenatura","article_publisher":"https:\/\/www.facebook.com\/lifenatura","article_modified_time":"2026-01-28T07:19:17+00:00","og_image":[{"width":1000,"height":1000,"url":"https:\/\/www.lifenatura.com\/wp-content\/uploads\/2021\/09\/gd_rigenforte-para-o-cabelo-30-capsulas-esi.jpg","type":"image\/jpeg"}],"twitter_card":"summary_large_image","twitter_misc":{"Precio":"12,95&nbsp;&euro;","Disponibilidad":"Disponible"},"schema":{"@context":"https:\/\/schema.org","@graph":[{"@type":"WebPage","@id":"https:\/\/www.lifenatura.com\/es\/produto\/rigenforte-suplemento-para-el-pelo-30-capsulas-esi\/","url":"https:\/\/www.lifenatura.com\/es\/produto\/rigenforte-suplemento-para-el-pelo-30-capsulas-esi\/","name":"Rigenforte Suplemento para el Pelo 30 c\u00e1psulas - Esi","isPartOf":{"@id":"https:\/\/www.lifenatura.com\/es\/#website"},"primaryImageOfPage":{"@id":"https:\/\/www.lifenatura.com\/es\/produto\/rigenforte-suplemento-para-el-pelo-30-capsulas-esi\/#primaryimage"},"image":{"@id":"https:\/\/www.lifenatura.com\/es\/produto\/rigenforte-suplemento-para-el-pelo-30-capsulas-esi\/#primaryimage"},"thumbnailUrl":"https:\/\/www.lifenatura.com\/wp-content\/uploads\/2021\/09\/gd_rigenforte-para-o-cabelo-30-capsulas-esi.jpg","datePublished":"2021-09-30T09:55:23+00:00","dateModified":"2026-01-28T07:19:17+00:00","description":"Rigenforte utiliza una serie de principios, debidamente combinados, para garantizar la m\u00e1xima eficacia en la prevenci\u00f3n de la p\u00e9rdida de cabello.","breadcrumb":{"@id":"https:\/\/www.lifenatura.com\/es\/produto\/rigenforte-suplemento-para-el-pelo-30-capsulas-esi\/#breadcrumb"},"inLanguage":"es","potentialAction":[{"@type":"ReadAction","target":["https:\/\/www.lifenatura.com\/es\/produto\/rigenforte-suplemento-para-el-pelo-30-capsulas-esi\/"]}]},{"@type":"ImageObject","inLanguage":"es","@id":"https:\/\/www.lifenatura.com\/es\/produto\/rigenforte-suplemento-para-el-pelo-30-capsulas-esi\/#primaryimage","url":"https:\/\/www.lifenatura.com\/wp-content\/uploads\/2021\/09\/gd_rigenforte-para-o-cabelo-30-capsulas-esi.jpg","contentUrl":"https:\/\/www.lifenatura.com\/wp-content\/uploads\/2021\/09\/gd_rigenforte-para-o-cabelo-30-capsulas-esi.jpg","width":1000,"height":1000,"caption":"Rigenforte Suplemento para el Pelo 30 c\u00e1psulas - Esi"},{"@type":"BreadcrumbList","@id":"https:\/\/www.lifenatura.com\/es\/produto\/rigenforte-suplemento-para-el-pelo-30-capsulas-esi\/#breadcrumb","itemListElement":[{"@type":"ListItem","position":1,"name":"In\u00edcio","item":"https:\/\/www.lifenatura.com\/es\/"},{"@type":"ListItem","position":2,"name":"Todos los Productos","item":"https:\/\/www.lifenatura.com\/es\/tienda\/"},{"@type":"ListItem","position":3,"name":"Rigenforte Suplemento para el Pelo 30 c\u00e1psulas &#8211; Esi"}]},{"@type":"WebSite","@id":"https:\/\/www.lifenatura.com\/es\/#website","url":"https:\/\/www.lifenatura.com\/es\/","name":"Lifenatura","description":"A Lifenatura \u00e9 uma loja de produtos naturais, cosm\u00e9tica natural e alimenta\u00e7\u00e3o Biol\u00f3gica.","publisher":{"@id":"https:\/\/www.lifenatura.com\/es\/#organization"},"potentialAction":[{"@type":"SearchAction","target":{"@type":"EntryPoint","urlTemplate":"https:\/\/www.lifenatura.com\/es\/?s={search_term_string}"},"query-input":{"@type":"PropertyValueSpecification","valueRequired":true,"valueName":"search_term_string"}}],"inLanguage":"es"},{"@type":"Organization","@id":"https:\/\/www.lifenatura.com\/es\/#organization","name":"Lifenatura","url":"https:\/\/www.lifenatura.com\/es\/","logo":{"@type":"ImageObject","inLanguage":"es","@id":"https:\/\/www.lifenatura.com\/es\/#\/schema\/logo\/image\/","url":"https:\/\/www.lifenatura.com\/wp-content\/uploads\/2021\/11\/logo.png","contentUrl":"https:\/\/www.lifenatura.com\/wp-content\/uploads\/2021\/11\/logo.png","width":175,"height":55,"caption":"Lifenatura"},"image":{"@id":"https:\/\/www.lifenatura.com\/es\/#\/schema\/logo\/image\/"},"sameAs":["https:\/\/www.facebook.com\/lifenatura","https:\/\/www.instagram.com\/lifenaturapt\/"]}]},"product_price_amount":"12.95","product_price_currency":"EUR","og_availability":"instock","product_availability":"instock","product_retailer_item_id":"8008843010158","product_condition":"new"},"df_price":12.95,"df_sale_price":"","df_regular_price":12.95,"df_image_link":"https:\/\/www.lifenatura.com\/wp-content\/uploads\/2021\/09\/gd_rigenforte-para-o-cabelo-30-capsulas-esi-300x300.jpg","_links":{"self":[{"href":"https:\/\/www.lifenatura.com\/es\/wp-json\/wp\/v2\/product\/37806","targetHints":{"allow":["GET"]}}],"collection":[{"href":"https:\/\/www.lifenatura.com\/es\/wp-json\/wp\/v2\/product"}],"about":[{"href":"https:\/\/www.lifenatura.com\/es\/wp-json\/wp\/v2\/types\/product"}],"wp:featuredmedia":[{"embeddable":true,"href":"https:\/\/www.lifenatura.com\/es\/wp-json\/wp\/v2\/media\/19410"}],"wp:attachment":[{"href":"https:\/\/www.lifenatura.com\/es\/wp-json\/wp\/v2\/media?parent=37806"}],"wp:term":[{"taxonomy":"product_brand","embeddable":true,"href":"https:\/\/www.lifenatura.com\/es\/wp-json\/wp\/v2\/product_brand?post=37806"},{"taxonomy":"product_cat","embeddable":true,"href":"https:\/\/www.lifenatura.com\/es\/wp-json\/wp\/v2\/product_cat?post=37806"},{"taxonomy":"product_tag","embeddable":true,"href":"https:\/\/www.lifenatura.com\/es\/wp-json\/wp\/v2\/product_tag?post=37806"}],"curies":[{"name":"wp","href":"https:\/\/api.w.org\/{rel}","templated":true}]}}