{"id":37783,"date":"2021-09-30T09:55:00","date_gmt":"2021-09-30T09:55:00","guid":{"rendered":"https:\/\/lifenatura.dev.agenciagetdigital.com\/produto\/pid-block-champu-200-ml-esi\/"},"modified":"2026-01-28T07:19:06","modified_gmt":"2026-01-28T07:19:06","slug":"pid-block-champu-200-ml-esi","status":"publish","type":"product","link":"https:\/\/www.lifenatura.com\/es\/produto\/pid-block-champu-200-ml-esi\/","title":{"rendered":"Pid Block Champ\u00fa 200 ml &#8211; Esi"},"content":{"rendered":"<p>Shampo para los Piojos Pid Block Shampoo es formulado con extractos y aceites esenciales reconocidos por su acci\u00f3n parasiticida. Ejerce una acci\u00f3n preventiva manteniendo la cabeza limpia de los piojos. Gracias a la acci\u00f3n del vinagre de sidra promueve el desprendimiento de los piojos y par\u00e1sitos eventualmente existentes en los hilos del cabello. Promueve el desprendimiento de los piojos y los par\u00e1sitos. PRESENTACI\u00d3N 200 Ml.<\/p>\n","protected":false},"excerpt":{"rendered":"<p>Shampo para los Piojos Pid Block Shampoo es formulado con extractos y aceites esenciales reconocidos por su acci\u00f3n parasiticida. Ejerce una acci\u00f3n preventiva manteniendo la cabeza limpia de los piojos. Gracias a la acci\u00f3n del vinagre de sidra promueve el desprendimiento de los piojos y par\u00e1sitos eventualmente existentes en los hilos del cabello. Promueve el [&#8230;]<\/p>\n<p><a class=\"btn btn-secondary understrap-read-more-link\" href=\"https:\/\/www.lifenatura.com\/es\/produto\/pid-block-champu-200-ml-esi\/\">Leer m\u00e1s&#8230;<span class=\"screen-reader-text\"> from Pid Block Champ\u00fa 200 ml &#8211; Esi<\/span><\/a><\/p>\n","protected":false},"featured_media":19387,"template":"","meta":{"_acf_changed":false},"product_brand":[8489],"product_cat":[7291],"product_tag":[],"class_list":{"0":"post-37783","1":"product","2":"type-product","3":"status-publish","4":"has-post-thumbnail","6":"product_brand-esi","7":"product_cat-agotados","9":"first","10":"outofstock","11":"shipping-taxable","12":"purchasable","13":"product-type-simple","14":"add-to-wishlist-before_image"},"acf":[],"yoast_head":"<!-- This site is optimized with the Yoast SEO Premium plugin v27.1 (Yoast SEO v27.3) - https:\/\/yoast.com\/product\/yoast-seo-premium-wordpress\/ -->\n<title>Pid Block Champ\u00fa 200 ml - Esi<\/title>\n<meta name=\"description\" content=\"Pid Block Shampo ejerce una acci\u00f3n preventiva manteniendo la cabeza limpia de los piojos.\" \/>\n<meta name=\"robots\" content=\"index, follow, max-snippet:-1, max-image-preview:large, max-video-preview:-1\" \/>\n<link rel=\"canonical\" href=\"https:\/\/www.lifenatura.com\/es\/produto\/pid-block-champu-200-ml-esi\/\" \/>\n<meta property=\"og:locale\" content=\"es_ES\" \/>\n<meta property=\"og:type\" content=\"article\" \/>\n<meta property=\"og:title\" content=\"Pid Block Champ\u00fa 200 ml - Esi - Lifenatura\" \/>\n<meta property=\"og:description\" content=\"Compre aqui o seu Pid Block Champ\u00fa 200 ml - Esi e a Lifenatura Online envia em 48 H com Portes Gratis &gt;35\u20ac de Pedido.\" \/>\n<meta property=\"og:url\" content=\"https:\/\/www.lifenatura.com\/es\/produto\/pid-block-champu-200-ml-esi\/\" \/>\n<meta property=\"og:site_name\" content=\"Lifenatura\" \/>\n<meta property=\"article:publisher\" content=\"https:\/\/www.facebook.com\/lifenatura\" \/>\n<meta property=\"article:modified_time\" content=\"2026-01-28T07:19:06+00:00\" \/>\n<meta property=\"og:image\" content=\"https:\/\/www.lifenatura.com\/wp-content\/uploads\/2021\/09\/gd_pid-block-shampo-200ml-esi.jpg\" \/>\n\t<meta property=\"og:image:width\" content=\"1000\" \/>\n\t<meta property=\"og:image:height\" content=\"1000\" \/>\n\t<meta property=\"og:image:type\" content=\"image\/jpeg\" \/>\n<meta name=\"twitter:card\" content=\"summary_large_image\" \/>\n<meta name=\"twitter:label1\" content=\"Precio\" \/>\n\t<meta name=\"twitter:data1\" content=\"11,98&nbsp;&euro;\" \/>\n\t<meta name=\"twitter:label2\" content=\"Disponibilidad\" \/>\n\t<meta name=\"twitter:data2\" content=\"Sin existencias\" \/>\n<meta property=\"product:price:amount\" content=\"11.98\" \/>\n<meta property=\"product:price:currency\" content=\"EUR\" \/>\n<meta property=\"og:availability\" content=\"out of stock\" \/>\n<meta property=\"product:availability\" content=\"out of stock\" \/>\n<meta property=\"product:retailer_item_id\" content=\"8008843010738\" \/>\n<meta property=\"product:condition\" content=\"new\" \/>\n<!-- \/ Yoast SEO Premium plugin. -->","yoast_head_json":{"title":"Pid Block Champ\u00fa 200 ml - Esi","description":"Pid Block Shampo ejerce una acci\u00f3n preventiva manteniendo la cabeza limpia de los piojos.","robots":{"index":"index","follow":"follow","max-snippet":"max-snippet:-1","max-image-preview":"max-image-preview:large","max-video-preview":"max-video-preview:-1"},"canonical":"https:\/\/www.lifenatura.com\/es\/produto\/pid-block-champu-200-ml-esi\/","og_locale":"es_ES","og_type":"article","og_title":"Pid Block Champ\u00fa 200 ml - Esi - Lifenatura","og_description":"Compre aqui o seu Pid Block Champ\u00fa 200 ml - Esi e a Lifenatura Online envia em 48 H com Portes Gratis >35\u20ac de Pedido.","og_url":"https:\/\/www.lifenatura.com\/es\/produto\/pid-block-champu-200-ml-esi\/","og_site_name":"Lifenatura","article_publisher":"https:\/\/www.facebook.com\/lifenatura","article_modified_time":"2026-01-28T07:19:06+00:00","og_image":[{"width":1000,"height":1000,"url":"https:\/\/www.lifenatura.com\/wp-content\/uploads\/2021\/09\/gd_pid-block-shampo-200ml-esi.jpg","type":"image\/jpeg"}],"twitter_card":"summary_large_image","twitter_misc":{"Precio":"11,98&nbsp;&euro;","Disponibilidad":"Sin existencias"},"schema":{"@context":"https:\/\/schema.org","@graph":[{"@type":"WebPage","@id":"https:\/\/www.lifenatura.com\/es\/produto\/pid-block-champu-200-ml-esi\/","url":"https:\/\/www.lifenatura.com\/es\/produto\/pid-block-champu-200-ml-esi\/","name":"Pid Block Champ\u00fa 200 ml - Esi","isPartOf":{"@id":"https:\/\/www.lifenatura.com\/es\/#website"},"primaryImageOfPage":{"@id":"https:\/\/www.lifenatura.com\/es\/produto\/pid-block-champu-200-ml-esi\/#primaryimage"},"image":{"@id":"https:\/\/www.lifenatura.com\/es\/produto\/pid-block-champu-200-ml-esi\/#primaryimage"},"thumbnailUrl":"https:\/\/www.lifenatura.com\/wp-content\/uploads\/2021\/09\/gd_pid-block-shampo-200ml-esi.jpg","datePublished":"2021-09-30T09:55:00+00:00","dateModified":"2026-01-28T07:19:06+00:00","description":"Pid Block Shampo ejerce una acci\u00f3n preventiva manteniendo la cabeza limpia de los piojos.","breadcrumb":{"@id":"https:\/\/www.lifenatura.com\/es\/produto\/pid-block-champu-200-ml-esi\/#breadcrumb"},"inLanguage":"es","potentialAction":[{"@type":"ReadAction","target":["https:\/\/www.lifenatura.com\/es\/produto\/pid-block-champu-200-ml-esi\/"]}]},{"@type":"ImageObject","inLanguage":"es","@id":"https:\/\/www.lifenatura.com\/es\/produto\/pid-block-champu-200-ml-esi\/#primaryimage","url":"https:\/\/www.lifenatura.com\/wp-content\/uploads\/2021\/09\/gd_pid-block-shampo-200ml-esi.jpg","contentUrl":"https:\/\/www.lifenatura.com\/wp-content\/uploads\/2021\/09\/gd_pid-block-shampo-200ml-esi.jpg","width":1000,"height":1000,"caption":"Pid Block Champ\u00fa 200 ml - Esi"},{"@type":"BreadcrumbList","@id":"https:\/\/www.lifenatura.com\/es\/produto\/pid-block-champu-200-ml-esi\/#breadcrumb","itemListElement":[{"@type":"ListItem","position":1,"name":"In\u00edcio","item":"https:\/\/www.lifenatura.com\/es\/"},{"@type":"ListItem","position":2,"name":"Todos los Productos","item":"https:\/\/www.lifenatura.com\/es\/tienda\/"},{"@type":"ListItem","position":3,"name":"Pid Block Champ\u00fa 200 ml &#8211; Esi"}]},{"@type":"WebSite","@id":"https:\/\/www.lifenatura.com\/es\/#website","url":"https:\/\/www.lifenatura.com\/es\/","name":"Lifenatura","description":"A Lifenatura \u00e9 uma loja de produtos naturais, cosm\u00e9tica natural e alimenta\u00e7\u00e3o Biol\u00f3gica.","publisher":{"@id":"https:\/\/www.lifenatura.com\/es\/#organization"},"potentialAction":[{"@type":"SearchAction","target":{"@type":"EntryPoint","urlTemplate":"https:\/\/www.lifenatura.com\/es\/?s={search_term_string}"},"query-input":{"@type":"PropertyValueSpecification","valueRequired":true,"valueName":"search_term_string"}}],"inLanguage":"es"},{"@type":"Organization","@id":"https:\/\/www.lifenatura.com\/es\/#organization","name":"Lifenatura","url":"https:\/\/www.lifenatura.com\/es\/","logo":{"@type":"ImageObject","inLanguage":"es","@id":"https:\/\/www.lifenatura.com\/es\/#\/schema\/logo\/image\/","url":"https:\/\/www.lifenatura.com\/wp-content\/uploads\/2021\/11\/logo.png","contentUrl":"https:\/\/www.lifenatura.com\/wp-content\/uploads\/2021\/11\/logo.png","width":175,"height":55,"caption":"Lifenatura"},"image":{"@id":"https:\/\/www.lifenatura.com\/es\/#\/schema\/logo\/image\/"},"sameAs":["https:\/\/www.facebook.com\/lifenatura","https:\/\/www.instagram.com\/lifenaturapt\/"]}]},"product_price_amount":"11.98","product_price_currency":"EUR","og_availability":"out of stock","product_availability":"out of stock","product_retailer_item_id":"8008843010738","product_condition":"new"},"df_price":11.98,"df_sale_price":"","df_regular_price":11.98,"df_image_link":"https:\/\/www.lifenatura.com\/wp-content\/uploads\/2021\/09\/gd_pid-block-shampo-200ml-esi-300x300.jpg","_links":{"self":[{"href":"https:\/\/www.lifenatura.com\/es\/wp-json\/wp\/v2\/product\/37783","targetHints":{"allow":["GET"]}}],"collection":[{"href":"https:\/\/www.lifenatura.com\/es\/wp-json\/wp\/v2\/product"}],"about":[{"href":"https:\/\/www.lifenatura.com\/es\/wp-json\/wp\/v2\/types\/product"}],"wp:featuredmedia":[{"embeddable":true,"href":"https:\/\/www.lifenatura.com\/es\/wp-json\/wp\/v2\/media\/19387"}],"wp:attachment":[{"href":"https:\/\/www.lifenatura.com\/es\/wp-json\/wp\/v2\/media?parent=37783"}],"wp:term":[{"taxonomy":"product_brand","embeddable":true,"href":"https:\/\/www.lifenatura.com\/es\/wp-json\/wp\/v2\/product_brand?post=37783"},{"taxonomy":"product_cat","embeddable":true,"href":"https:\/\/www.lifenatura.com\/es\/wp-json\/wp\/v2\/product_cat?post=37783"},{"taxonomy":"product_tag","embeddable":true,"href":"https:\/\/www.lifenatura.com\/es\/wp-json\/wp\/v2\/product_tag?post=37783"}],"curies":[{"name":"wp","href":"https:\/\/api.w.org\/{rel}","templated":true}]}}