{"id":37781,"date":"2021-09-30T09:54:38","date_gmt":"2021-09-30T09:54:38","guid":{"rendered":"https:\/\/lifenatura.dev.agenciagetdigital.com\/produto\/pid-block-locao-spray-100-ml-esi\/"},"modified":"2026-01-28T07:19:05","modified_gmt":"2026-01-28T07:19:05","slug":"pid-block-locao-spray-100-ml-esi","status":"publish","type":"product","link":"https:\/\/www.lifenatura.com\/es\/produto\/pid-block-locao-spray-100-ml-esi\/","title":{"rendered":"Pid Block Lo\u00e7\u00e3o Spray 100 ml &#8211; Esi"},"content":{"rendered":"<p>Los piojos para luchar contra los piojos Block Lotion Spray es una loci\u00f3n alcoh\u00f3lica para rociar directamente sobre el cabello y el cuero cabelludo, que ayuda a proteger y mantener el cabello sano y crea un ambiente desfavorable para los piojos. Tambi\u00e9n facilita la eliminaci\u00f3n mec\u00e1nica de las liendres que puedan estar presentes. Sus ingredientes funcionales son extractos de or\u00e9gano, tomillo, canela, oliva, romero, menta, lavanda, hidrasto, lim\u00f3n y salvia, aceites de neem y arg\u00e1n y aceites esenciales de lavanda, romero, tomillo y salvia. Es adecuado para ni\u00f1os que tienen o pueden tener problemas de pediculosis. PRESENTACI\u00d3N 100 Ml.<\/p>\n","protected":false},"excerpt":{"rendered":"<p>Los piojos para luchar contra los piojos Block Lotion Spray es una loci\u00f3n alcoh\u00f3lica para rociar directamente sobre el cabello y el cuero cabelludo, que ayuda a proteger y mantener el cabello sano y crea un ambiente desfavorable para los piojos. Tambi\u00e9n facilita la eliminaci\u00f3n mec\u00e1nica de las liendres que puedan estar presentes. Sus ingredientes [&#8230;]<\/p>\n<p><a class=\"btn btn-secondary understrap-read-more-link\" href=\"https:\/\/www.lifenatura.com\/es\/produto\/pid-block-locao-spray-100-ml-esi\/\">Leer m\u00e1s&#8230;<span class=\"screen-reader-text\"> from Pid Block Lo\u00e7\u00e3o Spray 100 ml &#8211; Esi<\/span><\/a><\/p>\n","protected":false},"featured_media":19385,"template":"","meta":{"_acf_changed":false},"product_brand":[8489],"product_cat":[7291],"product_tag":[],"class_list":{"0":"post-37781","1":"product","2":"type-product","3":"status-publish","4":"has-post-thumbnail","6":"product_brand-esi","7":"product_cat-agotados","9":"first","10":"outofstock","11":"shipping-taxable","12":"purchasable","13":"product-type-simple","14":"add-to-wishlist-before_image"},"acf":[],"yoast_head":"<!-- This site is optimized with the Yoast SEO Premium plugin v27.1 (Yoast SEO v27.6) - https:\/\/yoast.com\/product\/yoast-seo-premium-wordpress\/ -->\n<title>Pid Block Lo\u00e7\u00e3o Spray 100 ml - Esi<\/title>\n<meta name=\"description\" content=\"Pid Block Loci\u00f3n Spray es una loci\u00f3n alcoh\u00f3lica para pulverizar directamente sobre el cabello y el cuero cabelludo, que ayuda a proteger y mantener el cabello sano y que crea un ambiente desfavorable para los piojos.\" \/>\n<meta name=\"robots\" content=\"index, follow, max-snippet:-1, max-image-preview:large, max-video-preview:-1\" \/>\n<link rel=\"canonical\" href=\"https:\/\/www.lifenatura.com\/es\/produto\/pid-block-locao-spray-100-ml-esi\/\" \/>\n<meta property=\"og:locale\" content=\"es_ES\" \/>\n<meta property=\"og:type\" content=\"article\" \/>\n<meta property=\"og:title\" content=\"Pid Block Lo\u00e7\u00e3o Spray 100 ml - Esi - Na Lifenatura ao Melhor Pre\u00e7o | Envio 48h\" \/>\n<meta property=\"og:description\" content=\"Compre Pid Block Lo\u00e7\u00e3o Spray 100 ml - Esi com envio r\u00e1pido. Entrega em 48h e portes gr\u00e1tis em compras &gt;35\u20ac. Aproveite j\u00e1 na Lifenatura\" \/>\n<meta property=\"og:url\" content=\"https:\/\/www.lifenatura.com\/es\/produto\/pid-block-locao-spray-100-ml-esi\/\" \/>\n<meta property=\"og:site_name\" content=\"Lifenatura\" \/>\n<meta property=\"article:publisher\" content=\"https:\/\/www.facebook.com\/lifenatura\" \/>\n<meta property=\"article:modified_time\" content=\"2026-01-28T07:19:05+00:00\" \/>\n<meta property=\"og:image\" content=\"https:\/\/www.lifenatura.com\/wp-content\/uploads\/2021\/09\/gd_pid-block-locao-spray-100-ml-esi.jpg\" \/>\n\t<meta property=\"og:image:width\" content=\"1000\" \/>\n\t<meta property=\"og:image:height\" content=\"1000\" \/>\n\t<meta property=\"og:image:type\" content=\"image\/jpeg\" \/>\n<meta name=\"twitter:card\" content=\"summary_large_image\" \/>\n<meta name=\"twitter:label1\" content=\"Precio\" \/>\n\t<meta name=\"twitter:data1\" content=\"11,02&nbsp;&euro;\" \/>\n\t<meta name=\"twitter:label2\" content=\"Disponibilidad\" \/>\n\t<meta name=\"twitter:data2\" content=\"Sin existencias\" \/>\n<script type=\"application\/ld+json\" class=\"yoast-schema-graph\">{\"@context\":\"https:\\\/\\\/schema.org\",\"@graph\":[{\"@type\":\"WebPage\",\"@id\":\"https:\\\/\\\/www.lifenatura.com\\\/es\\\/produto\\\/pid-block-locao-spray-100-ml-esi\\\/\",\"url\":\"https:\\\/\\\/www.lifenatura.com\\\/es\\\/produto\\\/pid-block-locao-spray-100-ml-esi\\\/\",\"name\":\"Pid Block Lo\u00e7\u00e3o Spray 100 ml - Esi\",\"isPartOf\":{\"@id\":\"https:\\\/\\\/www.lifenatura.com\\\/es\\\/#website\"},\"primaryImageOfPage\":{\"@id\":\"https:\\\/\\\/www.lifenatura.com\\\/es\\\/produto\\\/pid-block-locao-spray-100-ml-esi\\\/#primaryimage\"},\"image\":{\"@id\":\"https:\\\/\\\/www.lifenatura.com\\\/es\\\/produto\\\/pid-block-locao-spray-100-ml-esi\\\/#primaryimage\"},\"thumbnailUrl\":\"https:\\\/\\\/www.lifenatura.com\\\/wp-content\\\/uploads\\\/2021\\\/09\\\/gd_pid-block-locao-spray-100-ml-esi.jpg\",\"datePublished\":\"2021-09-30T09:54:38+00:00\",\"dateModified\":\"2026-01-28T07:19:05+00:00\",\"description\":\"Pid Block Loci\u00f3n Spray es una loci\u00f3n alcoh\u00f3lica para pulverizar directamente sobre el cabello y el cuero cabelludo, que ayuda a proteger y mantener el cabello sano y que crea un ambiente desfavorable para los piojos.\",\"breadcrumb\":{\"@id\":\"https:\\\/\\\/www.lifenatura.com\\\/es\\\/produto\\\/pid-block-locao-spray-100-ml-esi\\\/#breadcrumb\"},\"inLanguage\":\"es\",\"potentialAction\":[{\"@type\":\"ReadAction\",\"target\":[\"https:\\\/\\\/www.lifenatura.com\\\/es\\\/produto\\\/pid-block-locao-spray-100-ml-esi\\\/\"]}]},{\"@type\":\"ImageObject\",\"inLanguage\":\"es\",\"@id\":\"https:\\\/\\\/www.lifenatura.com\\\/es\\\/produto\\\/pid-block-locao-spray-100-ml-esi\\\/#primaryimage\",\"url\":\"https:\\\/\\\/www.lifenatura.com\\\/wp-content\\\/uploads\\\/2021\\\/09\\\/gd_pid-block-locao-spray-100-ml-esi.jpg\",\"contentUrl\":\"https:\\\/\\\/www.lifenatura.com\\\/wp-content\\\/uploads\\\/2021\\\/09\\\/gd_pid-block-locao-spray-100-ml-esi.jpg\",\"width\":1000,\"height\":1000,\"caption\":\"Pid Block Lo\u00e7\u00e3o Spray 100 ml - Esi\"},{\"@type\":\"BreadcrumbList\",\"@id\":\"https:\\\/\\\/www.lifenatura.com\\\/es\\\/produto\\\/pid-block-locao-spray-100-ml-esi\\\/#breadcrumb\",\"itemListElement\":[{\"@type\":\"ListItem\",\"position\":1,\"name\":\"In\u00edcio\",\"item\":\"https:\\\/\\\/www.lifenatura.com\\\/es\\\/\"},{\"@type\":\"ListItem\",\"position\":2,\"name\":\"Todos los Productos\",\"item\":\"https:\\\/\\\/www.lifenatura.com\\\/es\\\/tienda\\\/\"},{\"@type\":\"ListItem\",\"position\":3,\"name\":\"Pid Block Lo\u00e7\u00e3o Spray 100 ml &#8211; Esi\"}]},{\"@type\":\"WebSite\",\"@id\":\"https:\\\/\\\/www.lifenatura.com\\\/es\\\/#website\",\"url\":\"https:\\\/\\\/www.lifenatura.com\\\/es\\\/\",\"name\":\"Lifenatura\",\"description\":\"A Lifenatura \u00e9 uma loja de produtos naturais, cosm\u00e9tica natural e alimenta\u00e7\u00e3o Biol\u00f3gica.\",\"publisher\":{\"@id\":\"https:\\\/\\\/www.lifenatura.com\\\/es\\\/#organization\"},\"potentialAction\":[{\"@type\":\"SearchAction\",\"target\":{\"@type\":\"EntryPoint\",\"urlTemplate\":\"https:\\\/\\\/www.lifenatura.com\\\/es\\\/?s={search_term_string}\"},\"query-input\":{\"@type\":\"PropertyValueSpecification\",\"valueRequired\":true,\"valueName\":\"search_term_string\"}}],\"inLanguage\":\"es\"},{\"@type\":\"Organization\",\"@id\":\"https:\\\/\\\/www.lifenatura.com\\\/es\\\/#organization\",\"name\":\"Lifenatura\",\"url\":\"https:\\\/\\\/www.lifenatura.com\\\/es\\\/\",\"logo\":{\"@type\":\"ImageObject\",\"inLanguage\":\"es\",\"@id\":\"https:\\\/\\\/www.lifenatura.com\\\/es\\\/#\\\/schema\\\/logo\\\/image\\\/\",\"url\":\"https:\\\/\\\/www.lifenatura.com\\\/wp-content\\\/uploads\\\/2021\\\/07\\\/logo.png\",\"contentUrl\":\"https:\\\/\\\/www.lifenatura.com\\\/wp-content\\\/uploads\\\/2021\\\/07\\\/logo.png\",\"width\":175,\"height\":55,\"caption\":\"Lifenatura\"},\"image\":{\"@id\":\"https:\\\/\\\/www.lifenatura.com\\\/es\\\/#\\\/schema\\\/logo\\\/image\\\/\"},\"sameAs\":[\"https:\\\/\\\/www.facebook.com\\\/lifenatura\",\"https:\\\/\\\/www.instagram.com\\\/lifenaturapt\\\/\"],\"hasMerchantReturnPolicy\":{\"@type\":\"MerchantReturnPolicy\",\"merchantReturnLink\":\"https:\\\/\\\/www.lifenatura.com\\\/termos-condicoes-lifenatura\\\/\"}}]}<\/script>\n<meta property=\"product:price:amount\" content=\"11.02\" \/>\n<meta property=\"product:price:currency\" content=\"EUR\" \/>\n<meta property=\"og:availability\" content=\"out of stock\" \/>\n<meta property=\"product:availability\" content=\"out of stock\" \/>\n<meta property=\"product:retailer_item_id\" content=\"8008843010745\" \/>\n<meta property=\"product:condition\" content=\"new\" \/>\n<!-- \/ Yoast SEO Premium plugin. -->","yoast_head_json":{"title":"Pid Block Lo\u00e7\u00e3o Spray 100 ml - Esi","description":"Pid Block Loci\u00f3n Spray es una loci\u00f3n alcoh\u00f3lica para pulverizar directamente sobre el cabello y el cuero cabelludo, que ayuda a proteger y mantener el cabello sano y que crea un ambiente desfavorable para los piojos.","robots":{"index":"index","follow":"follow","max-snippet":"max-snippet:-1","max-image-preview":"max-image-preview:large","max-video-preview":"max-video-preview:-1"},"canonical":"https:\/\/www.lifenatura.com\/es\/produto\/pid-block-locao-spray-100-ml-esi\/","og_locale":"es_ES","og_type":"article","og_title":"Pid Block Lo\u00e7\u00e3o Spray 100 ml - Esi - Na Lifenatura ao Melhor Pre\u00e7o | Envio 48h","og_description":"Compre Pid Block Lo\u00e7\u00e3o Spray 100 ml - Esi com envio r\u00e1pido. Entrega em 48h e portes gr\u00e1tis em compras >35\u20ac. Aproveite j\u00e1 na Lifenatura","og_url":"https:\/\/www.lifenatura.com\/es\/produto\/pid-block-locao-spray-100-ml-esi\/","og_site_name":"Lifenatura","article_publisher":"https:\/\/www.facebook.com\/lifenatura","article_modified_time":"2026-01-28T07:19:05+00:00","og_image":[{"width":1000,"height":1000,"url":"https:\/\/www.lifenatura.com\/wp-content\/uploads\/2021\/09\/gd_pid-block-locao-spray-100-ml-esi.jpg","type":"image\/jpeg"}],"twitter_card":"summary_large_image","twitter_misc":{"Precio":"11,02&nbsp;&euro;","Disponibilidad":"Sin existencias"},"schema":{"@context":"https:\/\/schema.org","@graph":[{"@type":"WebPage","@id":"https:\/\/www.lifenatura.com\/es\/produto\/pid-block-locao-spray-100-ml-esi\/","url":"https:\/\/www.lifenatura.com\/es\/produto\/pid-block-locao-spray-100-ml-esi\/","name":"Pid Block Lo\u00e7\u00e3o Spray 100 ml - Esi","isPartOf":{"@id":"https:\/\/www.lifenatura.com\/es\/#website"},"primaryImageOfPage":{"@id":"https:\/\/www.lifenatura.com\/es\/produto\/pid-block-locao-spray-100-ml-esi\/#primaryimage"},"image":{"@id":"https:\/\/www.lifenatura.com\/es\/produto\/pid-block-locao-spray-100-ml-esi\/#primaryimage"},"thumbnailUrl":"https:\/\/www.lifenatura.com\/wp-content\/uploads\/2021\/09\/gd_pid-block-locao-spray-100-ml-esi.jpg","datePublished":"2021-09-30T09:54:38+00:00","dateModified":"2026-01-28T07:19:05+00:00","description":"Pid Block Loci\u00f3n Spray es una loci\u00f3n alcoh\u00f3lica para pulverizar directamente sobre el cabello y el cuero cabelludo, que ayuda a proteger y mantener el cabello sano y que crea un ambiente desfavorable para los piojos.","breadcrumb":{"@id":"https:\/\/www.lifenatura.com\/es\/produto\/pid-block-locao-spray-100-ml-esi\/#breadcrumb"},"inLanguage":"es","potentialAction":[{"@type":"ReadAction","target":["https:\/\/www.lifenatura.com\/es\/produto\/pid-block-locao-spray-100-ml-esi\/"]}]},{"@type":"ImageObject","inLanguage":"es","@id":"https:\/\/www.lifenatura.com\/es\/produto\/pid-block-locao-spray-100-ml-esi\/#primaryimage","url":"https:\/\/www.lifenatura.com\/wp-content\/uploads\/2021\/09\/gd_pid-block-locao-spray-100-ml-esi.jpg","contentUrl":"https:\/\/www.lifenatura.com\/wp-content\/uploads\/2021\/09\/gd_pid-block-locao-spray-100-ml-esi.jpg","width":1000,"height":1000,"caption":"Pid Block Lo\u00e7\u00e3o Spray 100 ml - Esi"},{"@type":"BreadcrumbList","@id":"https:\/\/www.lifenatura.com\/es\/produto\/pid-block-locao-spray-100-ml-esi\/#breadcrumb","itemListElement":[{"@type":"ListItem","position":1,"name":"In\u00edcio","item":"https:\/\/www.lifenatura.com\/es\/"},{"@type":"ListItem","position":2,"name":"Todos los Productos","item":"https:\/\/www.lifenatura.com\/es\/tienda\/"},{"@type":"ListItem","position":3,"name":"Pid Block Lo\u00e7\u00e3o Spray 100 ml &#8211; Esi"}]},{"@type":"WebSite","@id":"https:\/\/www.lifenatura.com\/es\/#website","url":"https:\/\/www.lifenatura.com\/es\/","name":"Lifenatura","description":"A Lifenatura \u00e9 uma loja de produtos naturais, cosm\u00e9tica natural e alimenta\u00e7\u00e3o Biol\u00f3gica.","publisher":{"@id":"https:\/\/www.lifenatura.com\/es\/#organization"},"potentialAction":[{"@type":"SearchAction","target":{"@type":"EntryPoint","urlTemplate":"https:\/\/www.lifenatura.com\/es\/?s={search_term_string}"},"query-input":{"@type":"PropertyValueSpecification","valueRequired":true,"valueName":"search_term_string"}}],"inLanguage":"es"},{"@type":"Organization","@id":"https:\/\/www.lifenatura.com\/es\/#organization","name":"Lifenatura","url":"https:\/\/www.lifenatura.com\/es\/","logo":{"@type":"ImageObject","inLanguage":"es","@id":"https:\/\/www.lifenatura.com\/es\/#\/schema\/logo\/image\/","url":"https:\/\/www.lifenatura.com\/wp-content\/uploads\/2021\/07\/logo.png","contentUrl":"https:\/\/www.lifenatura.com\/wp-content\/uploads\/2021\/07\/logo.png","width":175,"height":55,"caption":"Lifenatura"},"image":{"@id":"https:\/\/www.lifenatura.com\/es\/#\/schema\/logo\/image\/"},"sameAs":["https:\/\/www.facebook.com\/lifenatura","https:\/\/www.instagram.com\/lifenaturapt\/"],"hasMerchantReturnPolicy":{"@type":"MerchantReturnPolicy","merchantReturnLink":"https:\/\/www.lifenatura.com\/termos-condicoes-lifenatura\/"}}]},"product_price_amount":"11.02","product_price_currency":"EUR","og_availability":"out of stock","product_availability":"out of stock","product_retailer_item_id":"8008843010745","product_condition":"new"},"df_price":11.02,"df_sale_price":"","df_regular_price":11.02,"df_image_link":"https:\/\/www.lifenatura.com\/wp-content\/uploads\/2021\/09\/gd_pid-block-locao-spray-100-ml-esi-300x300.jpg","_links":{"self":[{"href":"https:\/\/www.lifenatura.com\/es\/wp-json\/wp\/v2\/product\/37781","targetHints":{"allow":["GET"]}}],"collection":[{"href":"https:\/\/www.lifenatura.com\/es\/wp-json\/wp\/v2\/product"}],"about":[{"href":"https:\/\/www.lifenatura.com\/es\/wp-json\/wp\/v2\/types\/product"}],"wp:featuredmedia":[{"embeddable":true,"href":"https:\/\/www.lifenatura.com\/es\/wp-json\/wp\/v2\/media\/19385"}],"wp:attachment":[{"href":"https:\/\/www.lifenatura.com\/es\/wp-json\/wp\/v2\/media?parent=37781"}],"wp:term":[{"taxonomy":"product_brand","embeddable":true,"href":"https:\/\/www.lifenatura.com\/es\/wp-json\/wp\/v2\/product_brand?post=37781"},{"taxonomy":"product_cat","embeddable":true,"href":"https:\/\/www.lifenatura.com\/es\/wp-json\/wp\/v2\/product_cat?post=37781"},{"taxonomy":"product_tag","embeddable":true,"href":"https:\/\/www.lifenatura.com\/es\/wp-json\/wp\/v2\/product_tag?post=37781"}],"curies":[{"name":"wp","href":"https:\/\/api.w.org\/{rel}","templated":true}]}}