{"id":37764,"date":"2021-09-30T09:54:38","date_gmt":"2021-09-30T09:54:38","guid":{"rendered":"https:\/\/lifenatura.dev.agenciagetdigital.com\/produto\/multi-complex-potassio-magnesio-90-comprimidos-esi\/"},"modified":"2026-01-28T07:18:57","modified_gmt":"2026-01-28T07:18:57","slug":"multi-complex-potassio-magnesio-90-comprimidos-esi","status":"publish","type":"product","link":"https:\/\/www.lifenatura.com\/es\/produto\/multi-complex-potassio-magnesio-90-comprimidos-esi\/","title":{"rendered":"Multi Complex Pot\u00e1ssio + Magn\u00e9sio 90 comprimidos &#8211; Esi"},"content":{"rendered":"<p>Indicado para el Sistema Cardiovascular Multi Complex contiene el potasio que trabaja con sodio para ayudar a regular los fluidos en las c\u00e9lulas, y para balancear el \u00e1cido alcalino en la sangre. Esta situaci\u00f3n promueve un mejor balance de agua y ayuda en la sintetizaci\u00f3n de las prote\u00ednas. Puede promover una tensi\u00f3n arterial m\u00e1s sana. El Magnesio es necesario para m\u00e1s de 300 reacciones biom\u00e9dicas en el organismo, incluyendo el soporte de la masa muscular, la funci\u00f3n nerviosa, el ritmo card\u00edaco y los huesos sanos. PRESENTACI\u00d3N 90 comprimidos.<\/p>\n","protected":false},"excerpt":{"rendered":"<p>Indicado para el Sistema Cardiovascular Multi Complex contiene el potasio que trabaja con sodio para ayudar a regular los fluidos en las c\u00e9lulas, y para balancear el \u00e1cido alcalino en la sangre. Esta situaci\u00f3n promueve un mejor balance de agua y ayuda en la sintetizaci\u00f3n de las prote\u00ednas. Puede promover una tensi\u00f3n arterial m\u00e1s sana. [&#8230;]<\/p>\n<p><a class=\"btn btn-secondary understrap-read-more-link\" href=\"https:\/\/www.lifenatura.com\/es\/produto\/multi-complex-potassio-magnesio-90-comprimidos-esi\/\">Leer m\u00e1s&#8230;<span class=\"screen-reader-text\"> from Multi Complex Pot\u00e1ssio + Magn\u00e9sio 90 comprimidos &#8211; Esi<\/span><\/a><\/p>\n","protected":false},"featured_media":19368,"template":"","meta":{"_acf_changed":false},"product_brand":[8489],"product_cat":[7659,7740,7179,7228],"product_tag":[],"class_list":{"0":"post-37764","1":"product","2":"type-product","3":"status-publish","4":"has-post-thumbnail","6":"product_brand-esi","7":"product_cat-ingrediente-natural-bio","8":"product_cat-magnesio-es","9":"product_cat-salud","10":"product_cat-tension-arterial","12":"first","13":"instock","14":"sale","15":"featured","16":"shipping-taxable","17":"purchasable","18":"product-type-simple","19":"add-to-wishlist-before_image"},"acf":[],"yoast_head":"<!-- This site is optimized with the Yoast SEO Premium plugin v27.1 (Yoast SEO v27.5) - https:\/\/yoast.com\/product\/yoast-seo-premium-wordpress\/ -->\n<title>Multi Complex Pot\u00e1ssio + Magn\u00e9sio 90 comprimidos - Esi<\/title>\n<meta name=\"description\" content=\"Multi Complex contiene el potasio que trabaja con sodio para ayudar a regular los fluidos en las c\u00e9lulas, y para balancear el \u00e1cido alcalino en la sangre, promueve una tensi\u00f3n arterial m\u00e1s sana.\" \/>\n<meta name=\"robots\" content=\"index, follow, max-snippet:-1, max-image-preview:large, max-video-preview:-1\" \/>\n<link rel=\"canonical\" href=\"https:\/\/www.lifenatura.com\/es\/produto\/multi-complex-potassio-magnesio-90-comprimidos-esi\/\" \/>\n<meta property=\"og:locale\" content=\"es_ES\" \/>\n<meta property=\"og:type\" content=\"article\" \/>\n<meta property=\"og:title\" content=\"Multi Complex Pot\u00e1ssio + Magn\u00e9sio 90 comprimidos - Esi - Na Lifenatura ao Melhor Pre\u00e7o | Envio 48h\" \/>\n<meta property=\"og:description\" content=\"Compre Multi Complex Pot\u00e1ssio + Magn\u00e9sio 90 comprimidos - Esi com envio r\u00e1pido. Entrega em 48h e portes gr\u00e1tis em compras &gt;35\u20ac. Aproveite j\u00e1 na Lifenatura\" \/>\n<meta property=\"og:url\" content=\"https:\/\/www.lifenatura.com\/es\/produto\/multi-complex-potassio-magnesio-90-comprimidos-esi\/\" \/>\n<meta property=\"og:site_name\" content=\"Lifenatura\" \/>\n<meta property=\"article:publisher\" content=\"https:\/\/www.facebook.com\/lifenatura\" \/>\n<meta property=\"article:modified_time\" content=\"2026-01-28T07:18:57+00:00\" \/>\n<meta property=\"og:image\" content=\"https:\/\/www.lifenatura.com\/wp-content\/uploads\/2021\/09\/gd_multi-complex-potassio-magnesio-90-comprimidos-esi.jpg\" \/>\n\t<meta property=\"og:image:width\" content=\"1000\" \/>\n\t<meta property=\"og:image:height\" content=\"1000\" \/>\n\t<meta property=\"og:image:type\" content=\"image\/jpeg\" \/>\n<meta name=\"twitter:card\" content=\"summary_large_image\" \/>\n<meta name=\"twitter:label1\" content=\"Precio\" \/>\n\t<meta name=\"twitter:data1\" content=\"11,14&nbsp;&euro;\" \/>\n\t<meta name=\"twitter:label2\" content=\"Disponibilidad\" \/>\n\t<meta name=\"twitter:data2\" content=\"Disponible\" \/>\n<script type=\"application\/ld+json\" class=\"yoast-schema-graph\">{\"@context\":\"https:\\\/\\\/schema.org\",\"@graph\":[{\"@type\":\"WebPage\",\"@id\":\"https:\\\/\\\/www.lifenatura.com\\\/es\\\/produto\\\/multi-complex-potassio-magnesio-90-comprimidos-esi\\\/\",\"url\":\"https:\\\/\\\/www.lifenatura.com\\\/es\\\/produto\\\/multi-complex-potassio-magnesio-90-comprimidos-esi\\\/\",\"name\":\"Multi Complex Pot\u00e1ssio + Magn\u00e9sio 90 comprimidos - Esi\",\"isPartOf\":{\"@id\":\"https:\\\/\\\/www.lifenatura.com\\\/es\\\/#website\"},\"primaryImageOfPage\":{\"@id\":\"https:\\\/\\\/www.lifenatura.com\\\/es\\\/produto\\\/multi-complex-potassio-magnesio-90-comprimidos-esi\\\/#primaryimage\"},\"image\":{\"@id\":\"https:\\\/\\\/www.lifenatura.com\\\/es\\\/produto\\\/multi-complex-potassio-magnesio-90-comprimidos-esi\\\/#primaryimage\"},\"thumbnailUrl\":\"https:\\\/\\\/www.lifenatura.com\\\/wp-content\\\/uploads\\\/2021\\\/09\\\/gd_multi-complex-potassio-magnesio-90-comprimidos-esi.jpg\",\"datePublished\":\"2021-09-30T09:54:38+00:00\",\"dateModified\":\"2026-01-28T07:18:57+00:00\",\"description\":\"Multi Complex contiene el potasio que trabaja con sodio para ayudar a regular los fluidos en las c\u00e9lulas, y para balancear el \u00e1cido alcalino en la sangre, promueve una tensi\u00f3n arterial m\u00e1s sana.\",\"breadcrumb\":{\"@id\":\"https:\\\/\\\/www.lifenatura.com\\\/es\\\/produto\\\/multi-complex-potassio-magnesio-90-comprimidos-esi\\\/#breadcrumb\"},\"inLanguage\":\"es\",\"potentialAction\":[{\"@type\":\"ReadAction\",\"target\":[\"https:\\\/\\\/www.lifenatura.com\\\/es\\\/produto\\\/multi-complex-potassio-magnesio-90-comprimidos-esi\\\/\"]}]},{\"@type\":\"ImageObject\",\"inLanguage\":\"es\",\"@id\":\"https:\\\/\\\/www.lifenatura.com\\\/es\\\/produto\\\/multi-complex-potassio-magnesio-90-comprimidos-esi\\\/#primaryimage\",\"url\":\"https:\\\/\\\/www.lifenatura.com\\\/wp-content\\\/uploads\\\/2021\\\/09\\\/gd_multi-complex-potassio-magnesio-90-comprimidos-esi.jpg\",\"contentUrl\":\"https:\\\/\\\/www.lifenatura.com\\\/wp-content\\\/uploads\\\/2021\\\/09\\\/gd_multi-complex-potassio-magnesio-90-comprimidos-esi.jpg\",\"width\":1000,\"height\":1000,\"caption\":\"Multi Complex Pot\u00e1ssio + Magn\u00e9sio 90 comprimidos - Esi\"},{\"@type\":\"BreadcrumbList\",\"@id\":\"https:\\\/\\\/www.lifenatura.com\\\/es\\\/produto\\\/multi-complex-potassio-magnesio-90-comprimidos-esi\\\/#breadcrumb\",\"itemListElement\":[{\"@type\":\"ListItem\",\"position\":1,\"name\":\"In\u00edcio\",\"item\":\"https:\\\/\\\/www.lifenatura.com\\\/es\\\/\"},{\"@type\":\"ListItem\",\"position\":2,\"name\":\"Todos los Productos\",\"item\":\"https:\\\/\\\/www.lifenatura.com\\\/es\\\/tienda\\\/\"},{\"@type\":\"ListItem\",\"position\":3,\"name\":\"Multi Complex Pot\u00e1ssio + Magn\u00e9sio 90 comprimidos &#8211; Esi\"}]},{\"@type\":\"WebSite\",\"@id\":\"https:\\\/\\\/www.lifenatura.com\\\/es\\\/#website\",\"url\":\"https:\\\/\\\/www.lifenatura.com\\\/es\\\/\",\"name\":\"Lifenatura\",\"description\":\"A Lifenatura \u00e9 uma loja de produtos naturais, cosm\u00e9tica natural e alimenta\u00e7\u00e3o Biol\u00f3gica.\",\"publisher\":{\"@id\":\"https:\\\/\\\/www.lifenatura.com\\\/es\\\/#organization\"},\"potentialAction\":[{\"@type\":\"SearchAction\",\"target\":{\"@type\":\"EntryPoint\",\"urlTemplate\":\"https:\\\/\\\/www.lifenatura.com\\\/es\\\/?s={search_term_string}\"},\"query-input\":{\"@type\":\"PropertyValueSpecification\",\"valueRequired\":true,\"valueName\":\"search_term_string\"}}],\"inLanguage\":\"es\"},{\"@type\":\"Organization\",\"@id\":\"https:\\\/\\\/www.lifenatura.com\\\/es\\\/#organization\",\"name\":\"Lifenatura\",\"url\":\"https:\\\/\\\/www.lifenatura.com\\\/es\\\/\",\"logo\":{\"@type\":\"ImageObject\",\"inLanguage\":\"es\",\"@id\":\"https:\\\/\\\/www.lifenatura.com\\\/es\\\/#\\\/schema\\\/logo\\\/image\\\/\",\"url\":\"https:\\\/\\\/www.lifenatura.com\\\/wp-content\\\/uploads\\\/2021\\\/07\\\/logo.png\",\"contentUrl\":\"https:\\\/\\\/www.lifenatura.com\\\/wp-content\\\/uploads\\\/2021\\\/07\\\/logo.png\",\"width\":175,\"height\":55,\"caption\":\"Lifenatura\"},\"image\":{\"@id\":\"https:\\\/\\\/www.lifenatura.com\\\/es\\\/#\\\/schema\\\/logo\\\/image\\\/\"},\"sameAs\":[\"https:\\\/\\\/www.facebook.com\\\/lifenatura\",\"https:\\\/\\\/www.instagram.com\\\/lifenaturapt\\\/\"],\"hasMerchantReturnPolicy\":{\"@type\":\"MerchantReturnPolicy\",\"merchantReturnLink\":\"https:\\\/\\\/www.lifenatura.com\\\/termos-condicoes-lifenatura\\\/\"}}]}<\/script>\n<meta property=\"product:price:amount\" content=\"11.14\" \/>\n<meta property=\"product:price:currency\" content=\"EUR\" \/>\n<meta property=\"og:availability\" content=\"instock\" \/>\n<meta property=\"product:availability\" content=\"instock\" \/>\n<meta property=\"product:retailer_item_id\" content=\"8008843004188\" \/>\n<meta property=\"product:condition\" content=\"new\" \/>\n<!-- \/ Yoast SEO Premium plugin. -->","yoast_head_json":{"title":"Multi Complex Pot\u00e1ssio + Magn\u00e9sio 90 comprimidos - Esi","description":"Multi Complex contiene el potasio que trabaja con sodio para ayudar a regular los fluidos en las c\u00e9lulas, y para balancear el \u00e1cido alcalino en la sangre, promueve una tensi\u00f3n arterial m\u00e1s sana.","robots":{"index":"index","follow":"follow","max-snippet":"max-snippet:-1","max-image-preview":"max-image-preview:large","max-video-preview":"max-video-preview:-1"},"canonical":"https:\/\/www.lifenatura.com\/es\/produto\/multi-complex-potassio-magnesio-90-comprimidos-esi\/","og_locale":"es_ES","og_type":"article","og_title":"Multi Complex Pot\u00e1ssio + Magn\u00e9sio 90 comprimidos - Esi - Na Lifenatura ao Melhor Pre\u00e7o | Envio 48h","og_description":"Compre Multi Complex Pot\u00e1ssio + Magn\u00e9sio 90 comprimidos - Esi com envio r\u00e1pido. Entrega em 48h e portes gr\u00e1tis em compras >35\u20ac. Aproveite j\u00e1 na Lifenatura","og_url":"https:\/\/www.lifenatura.com\/es\/produto\/multi-complex-potassio-magnesio-90-comprimidos-esi\/","og_site_name":"Lifenatura","article_publisher":"https:\/\/www.facebook.com\/lifenatura","article_modified_time":"2026-01-28T07:18:57+00:00","og_image":[{"width":1000,"height":1000,"url":"https:\/\/www.lifenatura.com\/wp-content\/uploads\/2021\/09\/gd_multi-complex-potassio-magnesio-90-comprimidos-esi.jpg","type":"image\/jpeg"}],"twitter_card":"summary_large_image","twitter_misc":{"Precio":"11,14&nbsp;&euro;","Disponibilidad":"Disponible"},"schema":{"@context":"https:\/\/schema.org","@graph":[{"@type":"WebPage","@id":"https:\/\/www.lifenatura.com\/es\/produto\/multi-complex-potassio-magnesio-90-comprimidos-esi\/","url":"https:\/\/www.lifenatura.com\/es\/produto\/multi-complex-potassio-magnesio-90-comprimidos-esi\/","name":"Multi Complex Pot\u00e1ssio + Magn\u00e9sio 90 comprimidos - Esi","isPartOf":{"@id":"https:\/\/www.lifenatura.com\/es\/#website"},"primaryImageOfPage":{"@id":"https:\/\/www.lifenatura.com\/es\/produto\/multi-complex-potassio-magnesio-90-comprimidos-esi\/#primaryimage"},"image":{"@id":"https:\/\/www.lifenatura.com\/es\/produto\/multi-complex-potassio-magnesio-90-comprimidos-esi\/#primaryimage"},"thumbnailUrl":"https:\/\/www.lifenatura.com\/wp-content\/uploads\/2021\/09\/gd_multi-complex-potassio-magnesio-90-comprimidos-esi.jpg","datePublished":"2021-09-30T09:54:38+00:00","dateModified":"2026-01-28T07:18:57+00:00","description":"Multi Complex contiene el potasio que trabaja con sodio para ayudar a regular los fluidos en las c\u00e9lulas, y para balancear el \u00e1cido alcalino en la sangre, promueve una tensi\u00f3n arterial m\u00e1s sana.","breadcrumb":{"@id":"https:\/\/www.lifenatura.com\/es\/produto\/multi-complex-potassio-magnesio-90-comprimidos-esi\/#breadcrumb"},"inLanguage":"es","potentialAction":[{"@type":"ReadAction","target":["https:\/\/www.lifenatura.com\/es\/produto\/multi-complex-potassio-magnesio-90-comprimidos-esi\/"]}]},{"@type":"ImageObject","inLanguage":"es","@id":"https:\/\/www.lifenatura.com\/es\/produto\/multi-complex-potassio-magnesio-90-comprimidos-esi\/#primaryimage","url":"https:\/\/www.lifenatura.com\/wp-content\/uploads\/2021\/09\/gd_multi-complex-potassio-magnesio-90-comprimidos-esi.jpg","contentUrl":"https:\/\/www.lifenatura.com\/wp-content\/uploads\/2021\/09\/gd_multi-complex-potassio-magnesio-90-comprimidos-esi.jpg","width":1000,"height":1000,"caption":"Multi Complex Pot\u00e1ssio + Magn\u00e9sio 90 comprimidos - Esi"},{"@type":"BreadcrumbList","@id":"https:\/\/www.lifenatura.com\/es\/produto\/multi-complex-potassio-magnesio-90-comprimidos-esi\/#breadcrumb","itemListElement":[{"@type":"ListItem","position":1,"name":"In\u00edcio","item":"https:\/\/www.lifenatura.com\/es\/"},{"@type":"ListItem","position":2,"name":"Todos los Productos","item":"https:\/\/www.lifenatura.com\/es\/tienda\/"},{"@type":"ListItem","position":3,"name":"Multi Complex Pot\u00e1ssio + Magn\u00e9sio 90 comprimidos &#8211; Esi"}]},{"@type":"WebSite","@id":"https:\/\/www.lifenatura.com\/es\/#website","url":"https:\/\/www.lifenatura.com\/es\/","name":"Lifenatura","description":"A Lifenatura \u00e9 uma loja de produtos naturais, cosm\u00e9tica natural e alimenta\u00e7\u00e3o Biol\u00f3gica.","publisher":{"@id":"https:\/\/www.lifenatura.com\/es\/#organization"},"potentialAction":[{"@type":"SearchAction","target":{"@type":"EntryPoint","urlTemplate":"https:\/\/www.lifenatura.com\/es\/?s={search_term_string}"},"query-input":{"@type":"PropertyValueSpecification","valueRequired":true,"valueName":"search_term_string"}}],"inLanguage":"es"},{"@type":"Organization","@id":"https:\/\/www.lifenatura.com\/es\/#organization","name":"Lifenatura","url":"https:\/\/www.lifenatura.com\/es\/","logo":{"@type":"ImageObject","inLanguage":"es","@id":"https:\/\/www.lifenatura.com\/es\/#\/schema\/logo\/image\/","url":"https:\/\/www.lifenatura.com\/wp-content\/uploads\/2021\/07\/logo.png","contentUrl":"https:\/\/www.lifenatura.com\/wp-content\/uploads\/2021\/07\/logo.png","width":175,"height":55,"caption":"Lifenatura"},"image":{"@id":"https:\/\/www.lifenatura.com\/es\/#\/schema\/logo\/image\/"},"sameAs":["https:\/\/www.facebook.com\/lifenatura","https:\/\/www.instagram.com\/lifenaturapt\/"],"hasMerchantReturnPolicy":{"@type":"MerchantReturnPolicy","merchantReturnLink":"https:\/\/www.lifenatura.com\/termos-condicoes-lifenatura\/"}}]},"product_price_amount":"11.14","product_price_currency":"EUR","og_availability":"instock","product_availability":"instock","product_retailer_item_id":"8008843004188","product_condition":"new"},"df_price":11.14,"df_sale_price":11.14,"df_regular_price":18.56,"df_image_link":"https:\/\/www.lifenatura.com\/wp-content\/uploads\/2021\/09\/gd_multi-complex-potassio-magnesio-90-comprimidos-esi-300x300.jpg","_links":{"self":[{"href":"https:\/\/www.lifenatura.com\/es\/wp-json\/wp\/v2\/product\/37764","targetHints":{"allow":["GET"]}}],"collection":[{"href":"https:\/\/www.lifenatura.com\/es\/wp-json\/wp\/v2\/product"}],"about":[{"href":"https:\/\/www.lifenatura.com\/es\/wp-json\/wp\/v2\/types\/product"}],"wp:featuredmedia":[{"embeddable":true,"href":"https:\/\/www.lifenatura.com\/es\/wp-json\/wp\/v2\/media\/19368"}],"wp:attachment":[{"href":"https:\/\/www.lifenatura.com\/es\/wp-json\/wp\/v2\/media?parent=37764"}],"wp:term":[{"taxonomy":"product_brand","embeddable":true,"href":"https:\/\/www.lifenatura.com\/es\/wp-json\/wp\/v2\/product_brand?post=37764"},{"taxonomy":"product_cat","embeddable":true,"href":"https:\/\/www.lifenatura.com\/es\/wp-json\/wp\/v2\/product_cat?post=37764"},{"taxonomy":"product_tag","embeddable":true,"href":"https:\/\/www.lifenatura.com\/es\/wp-json\/wp\/v2\/product_tag?post=37764"}],"curies":[{"name":"wp","href":"https:\/\/api.w.org\/{rel}","templated":true}]}}