{"id":37739,"date":"2021-09-30T09:53:57","date_gmt":"2021-09-30T09:53:57","guid":{"rendered":"https:\/\/lifenatura.dev.agenciagetdigital.com\/produto\/jalea-real-pocket-drink-16-saquetas-esi\/"},"modified":"2026-01-28T07:18:45","modified_gmt":"2026-01-28T07:18:45","slug":"jalea-real-pocket-drink-16-saquetas-esi","status":"publish","type":"product","link":"https:\/\/www.lifenatura.com\/es\/produto\/jalea-real-pocket-drink-16-saquetas-esi\/","title":{"rendered":"Jalea Real Pocket Drink 16 saquetas &#8211; Esi"},"content":{"rendered":"<p>Indicado para el Sistema Inmunitario con Jalea Real Geleia Real 1000 est\u00e1 indicado para aumentar la vitalidad y las defensas inmunitarias. Mejora de la memoria. Reconstituyente y estimulante del estado general. Prevenci\u00f3n de la disminuci\u00f3n del rendimiento intelectual, y trastornos de la concentraci\u00f3n. Recuperaci\u00f3n del organismo durante per\u00edodos de convalecencia. PRESENTACI\u00d3N 16 bolsitas.<\/p>\n","protected":false},"excerpt":{"rendered":"<p>Indicado para el Sistema Inmunitario con Jalea Real Geleia Real 1000 est\u00e1 indicado para aumentar la vitalidad y las defensas inmunitarias. Mejora de la memoria. Reconstituyente y estimulante del estado general. Prevenci\u00f3n de la disminuci\u00f3n del rendimiento intelectual, y trastornos de la concentraci\u00f3n. Recuperaci\u00f3n del organismo durante per\u00edodos de convalecencia. PRESENTACI\u00d3N 16 bolsitas. [&#8230;]<\/p>\n<p><a class=\"btn btn-secondary understrap-read-more-link\" href=\"https:\/\/www.lifenatura.com\/es\/produto\/jalea-real-pocket-drink-16-saquetas-esi\/\">Leer m\u00e1s&#8230;<span class=\"screen-reader-text\"> from Jalea Real Pocket Drink 16 saquetas &#8211; Esi<\/span><\/a><\/p>\n","protected":false},"featured_media":19343,"template":"","meta":{"_acf_changed":false},"product_brand":[8489],"product_cat":[7659,7164,7211,7179],"product_tag":[],"class_list":{"0":"post-37739","1":"product","2":"type-product","3":"status-publish","4":"has-post-thumbnail","6":"product_brand-esi","7":"product_cat-ingrediente-natural-bio","8":"product_cat-jalea-real","9":"product_cat-reforza-la-inmunidad-salud","10":"product_cat-salud","12":"first","13":"outofstock","14":"shipping-taxable","15":"purchasable","16":"product-type-simple","17":"add-to-wishlist-before_image"},"acf":[],"yoast_head":"<!-- This site is optimized with the Yoast SEO Premium plugin v27.1 (Yoast SEO v27.4) - https:\/\/yoast.com\/product\/yoast-seo-premium-wordpress\/ -->\n<title>Jalea Real Pocket Drink 16 saquetas - Esi<\/title>\n<meta name=\"description\" content=\"Geleia Real 1000 est\u00e1 indicado para aumentar la vitalidad y las defensas inmunitarias.\" \/>\n<meta name=\"robots\" content=\"index, follow, max-snippet:-1, max-image-preview:large, max-video-preview:-1\" \/>\n<link rel=\"canonical\" href=\"https:\/\/www.lifenatura.com\/es\/produto\/jalea-real-pocket-drink-16-saquetas-esi\/\" \/>\n<meta property=\"og:locale\" content=\"es_ES\" \/>\n<meta property=\"og:type\" content=\"article\" \/>\n<meta property=\"og:title\" content=\"Jalea Real Pocket Drink 16 saquetas - Esi - Na Lifenatura ao Melhor Pre\u00e7o | Envio 48h\" \/>\n<meta property=\"og:description\" content=\"Compre Jalea Real Pocket Drink 16 saquetas - Esi com envio r\u00e1pido. Entrega em 48h e portes gr\u00e1tis em compras &gt;35\u20ac. Aproveite j\u00e1 na Lifenatura\" \/>\n<meta property=\"og:url\" content=\"https:\/\/www.lifenatura.com\/es\/produto\/jalea-real-pocket-drink-16-saquetas-esi\/\" \/>\n<meta property=\"og:site_name\" content=\"Lifenatura\" \/>\n<meta property=\"article:publisher\" content=\"https:\/\/www.facebook.com\/lifenatura\" \/>\n<meta property=\"article:modified_time\" content=\"2026-01-28T07:18:45+00:00\" \/>\n<meta property=\"og:image\" content=\"https:\/\/www.lifenatura.com\/wp-content\/uploads\/2021\/09\/gd_geleia-real-pocket-drink-16-saquetas-esi.jpg\" \/>\n\t<meta property=\"og:image:width\" content=\"1000\" \/>\n\t<meta property=\"og:image:height\" content=\"1000\" \/>\n\t<meta property=\"og:image:type\" content=\"image\/jpeg\" \/>\n<meta name=\"twitter:card\" content=\"summary_large_image\" \/>\n<meta name=\"twitter:label1\" content=\"Precio\" \/>\n\t<meta name=\"twitter:data1\" content=\"16,40&nbsp;&euro;\" \/>\n\t<meta name=\"twitter:label2\" content=\"Disponibilidad\" \/>\n\t<meta name=\"twitter:data2\" content=\"Sin existencias\" \/>\n<script type=\"application\/ld+json\" class=\"yoast-schema-graph\">{\"@context\":\"https:\\\/\\\/schema.org\",\"@graph\":[{\"@type\":\"WebPage\",\"@id\":\"https:\\\/\\\/www.lifenatura.com\\\/es\\\/produto\\\/jalea-real-pocket-drink-16-saquetas-esi\\\/\",\"url\":\"https:\\\/\\\/www.lifenatura.com\\\/es\\\/produto\\\/jalea-real-pocket-drink-16-saquetas-esi\\\/\",\"name\":\"Jalea Real Pocket Drink 16 saquetas - Esi\",\"isPartOf\":{\"@id\":\"https:\\\/\\\/www.lifenatura.com\\\/es\\\/#website\"},\"primaryImageOfPage\":{\"@id\":\"https:\\\/\\\/www.lifenatura.com\\\/es\\\/produto\\\/jalea-real-pocket-drink-16-saquetas-esi\\\/#primaryimage\"},\"image\":{\"@id\":\"https:\\\/\\\/www.lifenatura.com\\\/es\\\/produto\\\/jalea-real-pocket-drink-16-saquetas-esi\\\/#primaryimage\"},\"thumbnailUrl\":\"https:\\\/\\\/www.lifenatura.com\\\/wp-content\\\/uploads\\\/2021\\\/09\\\/gd_geleia-real-pocket-drink-16-saquetas-esi.jpg\",\"datePublished\":\"2021-09-30T09:53:57+00:00\",\"dateModified\":\"2026-01-28T07:18:45+00:00\",\"description\":\"Geleia Real 1000 est\u00e1 indicado para aumentar la vitalidad y las defensas inmunitarias.\",\"breadcrumb\":{\"@id\":\"https:\\\/\\\/www.lifenatura.com\\\/es\\\/produto\\\/jalea-real-pocket-drink-16-saquetas-esi\\\/#breadcrumb\"},\"inLanguage\":\"es\",\"potentialAction\":[{\"@type\":\"ReadAction\",\"target\":[\"https:\\\/\\\/www.lifenatura.com\\\/es\\\/produto\\\/jalea-real-pocket-drink-16-saquetas-esi\\\/\"]}]},{\"@type\":\"ImageObject\",\"inLanguage\":\"es\",\"@id\":\"https:\\\/\\\/www.lifenatura.com\\\/es\\\/produto\\\/jalea-real-pocket-drink-16-saquetas-esi\\\/#primaryimage\",\"url\":\"https:\\\/\\\/www.lifenatura.com\\\/wp-content\\\/uploads\\\/2021\\\/09\\\/gd_geleia-real-pocket-drink-16-saquetas-esi.jpg\",\"contentUrl\":\"https:\\\/\\\/www.lifenatura.com\\\/wp-content\\\/uploads\\\/2021\\\/09\\\/gd_geleia-real-pocket-drink-16-saquetas-esi.jpg\",\"width\":1000,\"height\":1000,\"caption\":\"Jalea Real Pocket Drink 16 saquetas - Esi\"},{\"@type\":\"BreadcrumbList\",\"@id\":\"https:\\\/\\\/www.lifenatura.com\\\/es\\\/produto\\\/jalea-real-pocket-drink-16-saquetas-esi\\\/#breadcrumb\",\"itemListElement\":[{\"@type\":\"ListItem\",\"position\":1,\"name\":\"In\u00edcio\",\"item\":\"https:\\\/\\\/www.lifenatura.com\\\/es\\\/\"},{\"@type\":\"ListItem\",\"position\":2,\"name\":\"Todos los Productos\",\"item\":\"https:\\\/\\\/www.lifenatura.com\\\/es\\\/tienda\\\/\"},{\"@type\":\"ListItem\",\"position\":3,\"name\":\"Jalea Real Pocket Drink 16 saquetas &#8211; Esi\"}]},{\"@type\":\"WebSite\",\"@id\":\"https:\\\/\\\/www.lifenatura.com\\\/es\\\/#website\",\"url\":\"https:\\\/\\\/www.lifenatura.com\\\/es\\\/\",\"name\":\"Lifenatura\",\"description\":\"A Lifenatura \u00e9 uma loja de produtos naturais, cosm\u00e9tica natural e alimenta\u00e7\u00e3o Biol\u00f3gica.\",\"publisher\":{\"@id\":\"https:\\\/\\\/www.lifenatura.com\\\/es\\\/#organization\"},\"potentialAction\":[{\"@type\":\"SearchAction\",\"target\":{\"@type\":\"EntryPoint\",\"urlTemplate\":\"https:\\\/\\\/www.lifenatura.com\\\/es\\\/?s={search_term_string}\"},\"query-input\":{\"@type\":\"PropertyValueSpecification\",\"valueRequired\":true,\"valueName\":\"search_term_string\"}}],\"inLanguage\":\"es\"},{\"@type\":\"Organization\",\"@id\":\"https:\\\/\\\/www.lifenatura.com\\\/es\\\/#organization\",\"name\":\"Lifenatura\",\"url\":\"https:\\\/\\\/www.lifenatura.com\\\/es\\\/\",\"logo\":{\"@type\":\"ImageObject\",\"inLanguage\":\"es\",\"@id\":\"https:\\\/\\\/www.lifenatura.com\\\/es\\\/#\\\/schema\\\/logo\\\/image\\\/\",\"url\":\"https:\\\/\\\/www.lifenatura.com\\\/wp-content\\\/uploads\\\/2021\\\/07\\\/logo.png\",\"contentUrl\":\"https:\\\/\\\/www.lifenatura.com\\\/wp-content\\\/uploads\\\/2021\\\/07\\\/logo.png\",\"width\":175,\"height\":55,\"caption\":\"Lifenatura\"},\"image\":{\"@id\":\"https:\\\/\\\/www.lifenatura.com\\\/es\\\/#\\\/schema\\\/logo\\\/image\\\/\"},\"sameAs\":[\"https:\\\/\\\/www.facebook.com\\\/lifenatura\",\"https:\\\/\\\/www.instagram.com\\\/lifenaturapt\\\/\"],\"hasMerchantReturnPolicy\":{\"@type\":\"MerchantReturnPolicy\",\"merchantReturnLink\":\"https:\\\/\\\/www.lifenatura.com\\\/termos-condicoes-lifenatura\\\/\"}}]}<\/script>\n<meta property=\"product:price:amount\" content=\"16.40\" \/>\n<meta property=\"product:price:currency\" content=\"EUR\" \/>\n<meta property=\"og:availability\" content=\"out of stock\" \/>\n<meta property=\"product:availability\" content=\"out of stock\" \/>\n<meta property=\"product:retailer_item_id\" content=\"8008843010844\" \/>\n<meta property=\"product:condition\" content=\"new\" \/>\n<!-- \/ Yoast SEO Premium plugin. -->","yoast_head_json":{"title":"Jalea Real Pocket Drink 16 saquetas - Esi","description":"Geleia Real 1000 est\u00e1 indicado para aumentar la vitalidad y las defensas inmunitarias.","robots":{"index":"index","follow":"follow","max-snippet":"max-snippet:-1","max-image-preview":"max-image-preview:large","max-video-preview":"max-video-preview:-1"},"canonical":"https:\/\/www.lifenatura.com\/es\/produto\/jalea-real-pocket-drink-16-saquetas-esi\/","og_locale":"es_ES","og_type":"article","og_title":"Jalea Real Pocket Drink 16 saquetas - Esi - Na Lifenatura ao Melhor Pre\u00e7o | Envio 48h","og_description":"Compre Jalea Real Pocket Drink 16 saquetas - Esi com envio r\u00e1pido. Entrega em 48h e portes gr\u00e1tis em compras >35\u20ac. Aproveite j\u00e1 na Lifenatura","og_url":"https:\/\/www.lifenatura.com\/es\/produto\/jalea-real-pocket-drink-16-saquetas-esi\/","og_site_name":"Lifenatura","article_publisher":"https:\/\/www.facebook.com\/lifenatura","article_modified_time":"2026-01-28T07:18:45+00:00","og_image":[{"width":1000,"height":1000,"url":"https:\/\/www.lifenatura.com\/wp-content\/uploads\/2021\/09\/gd_geleia-real-pocket-drink-16-saquetas-esi.jpg","type":"image\/jpeg"}],"twitter_card":"summary_large_image","twitter_misc":{"Precio":"16,40&nbsp;&euro;","Disponibilidad":"Sin existencias"},"schema":{"@context":"https:\/\/schema.org","@graph":[{"@type":"WebPage","@id":"https:\/\/www.lifenatura.com\/es\/produto\/jalea-real-pocket-drink-16-saquetas-esi\/","url":"https:\/\/www.lifenatura.com\/es\/produto\/jalea-real-pocket-drink-16-saquetas-esi\/","name":"Jalea Real Pocket Drink 16 saquetas - Esi","isPartOf":{"@id":"https:\/\/www.lifenatura.com\/es\/#website"},"primaryImageOfPage":{"@id":"https:\/\/www.lifenatura.com\/es\/produto\/jalea-real-pocket-drink-16-saquetas-esi\/#primaryimage"},"image":{"@id":"https:\/\/www.lifenatura.com\/es\/produto\/jalea-real-pocket-drink-16-saquetas-esi\/#primaryimage"},"thumbnailUrl":"https:\/\/www.lifenatura.com\/wp-content\/uploads\/2021\/09\/gd_geleia-real-pocket-drink-16-saquetas-esi.jpg","datePublished":"2021-09-30T09:53:57+00:00","dateModified":"2026-01-28T07:18:45+00:00","description":"Geleia Real 1000 est\u00e1 indicado para aumentar la vitalidad y las defensas inmunitarias.","breadcrumb":{"@id":"https:\/\/www.lifenatura.com\/es\/produto\/jalea-real-pocket-drink-16-saquetas-esi\/#breadcrumb"},"inLanguage":"es","potentialAction":[{"@type":"ReadAction","target":["https:\/\/www.lifenatura.com\/es\/produto\/jalea-real-pocket-drink-16-saquetas-esi\/"]}]},{"@type":"ImageObject","inLanguage":"es","@id":"https:\/\/www.lifenatura.com\/es\/produto\/jalea-real-pocket-drink-16-saquetas-esi\/#primaryimage","url":"https:\/\/www.lifenatura.com\/wp-content\/uploads\/2021\/09\/gd_geleia-real-pocket-drink-16-saquetas-esi.jpg","contentUrl":"https:\/\/www.lifenatura.com\/wp-content\/uploads\/2021\/09\/gd_geleia-real-pocket-drink-16-saquetas-esi.jpg","width":1000,"height":1000,"caption":"Jalea Real Pocket Drink 16 saquetas - Esi"},{"@type":"BreadcrumbList","@id":"https:\/\/www.lifenatura.com\/es\/produto\/jalea-real-pocket-drink-16-saquetas-esi\/#breadcrumb","itemListElement":[{"@type":"ListItem","position":1,"name":"In\u00edcio","item":"https:\/\/www.lifenatura.com\/es\/"},{"@type":"ListItem","position":2,"name":"Todos los Productos","item":"https:\/\/www.lifenatura.com\/es\/tienda\/"},{"@type":"ListItem","position":3,"name":"Jalea Real Pocket Drink 16 saquetas &#8211; Esi"}]},{"@type":"WebSite","@id":"https:\/\/www.lifenatura.com\/es\/#website","url":"https:\/\/www.lifenatura.com\/es\/","name":"Lifenatura","description":"A Lifenatura \u00e9 uma loja de produtos naturais, cosm\u00e9tica natural e alimenta\u00e7\u00e3o Biol\u00f3gica.","publisher":{"@id":"https:\/\/www.lifenatura.com\/es\/#organization"},"potentialAction":[{"@type":"SearchAction","target":{"@type":"EntryPoint","urlTemplate":"https:\/\/www.lifenatura.com\/es\/?s={search_term_string}"},"query-input":{"@type":"PropertyValueSpecification","valueRequired":true,"valueName":"search_term_string"}}],"inLanguage":"es"},{"@type":"Organization","@id":"https:\/\/www.lifenatura.com\/es\/#organization","name":"Lifenatura","url":"https:\/\/www.lifenatura.com\/es\/","logo":{"@type":"ImageObject","inLanguage":"es","@id":"https:\/\/www.lifenatura.com\/es\/#\/schema\/logo\/image\/","url":"https:\/\/www.lifenatura.com\/wp-content\/uploads\/2021\/07\/logo.png","contentUrl":"https:\/\/www.lifenatura.com\/wp-content\/uploads\/2021\/07\/logo.png","width":175,"height":55,"caption":"Lifenatura"},"image":{"@id":"https:\/\/www.lifenatura.com\/es\/#\/schema\/logo\/image\/"},"sameAs":["https:\/\/www.facebook.com\/lifenatura","https:\/\/www.instagram.com\/lifenaturapt\/"],"hasMerchantReturnPolicy":{"@type":"MerchantReturnPolicy","merchantReturnLink":"https:\/\/www.lifenatura.com\/termos-condicoes-lifenatura\/"}}]},"product_price_amount":"16.40","product_price_currency":"EUR","og_availability":"out of stock","product_availability":"out of stock","product_retailer_item_id":"8008843010844","product_condition":"new"},"df_price":16.4,"df_sale_price":"","df_regular_price":16.4,"df_image_link":"https:\/\/www.lifenatura.com\/wp-content\/uploads\/2021\/09\/gd_geleia-real-pocket-drink-16-saquetas-esi-300x300.jpg","_links":{"self":[{"href":"https:\/\/www.lifenatura.com\/es\/wp-json\/wp\/v2\/product\/37739","targetHints":{"allow":["GET"]}}],"collection":[{"href":"https:\/\/www.lifenatura.com\/es\/wp-json\/wp\/v2\/product"}],"about":[{"href":"https:\/\/www.lifenatura.com\/es\/wp-json\/wp\/v2\/types\/product"}],"wp:featuredmedia":[{"embeddable":true,"href":"https:\/\/www.lifenatura.com\/es\/wp-json\/wp\/v2\/media\/19343"}],"wp:attachment":[{"href":"https:\/\/www.lifenatura.com\/es\/wp-json\/wp\/v2\/media?parent=37739"}],"wp:term":[{"taxonomy":"product_brand","embeddable":true,"href":"https:\/\/www.lifenatura.com\/es\/wp-json\/wp\/v2\/product_brand?post=37739"},{"taxonomy":"product_cat","embeddable":true,"href":"https:\/\/www.lifenatura.com\/es\/wp-json\/wp\/v2\/product_cat?post=37739"},{"taxonomy":"product_tag","embeddable":true,"href":"https:\/\/www.lifenatura.com\/es\/wp-json\/wp\/v2\/product_tag?post=37739"}],"curies":[{"name":"wp","href":"https:\/\/api.w.org\/{rel}","templated":true}]}}