{"id":37735,"date":"2021-09-30T09:53:57","date_gmt":"2021-09-30T09:53:57","guid":{"rendered":"https:\/\/lifenatura.dev.agenciagetdigital.com\/produto\/gel-dentifrica-aloe-fresh-branqueador-100-g-esi\/"},"modified":"2026-01-28T07:18:44","modified_gmt":"2026-01-28T07:18:44","slug":"gel-dentifrica-aloe-fresh-branqueador-100-g-esi","status":"publish","type":"product","link":"https:\/\/www.lifenatura.com\/es\/produto\/gel-dentifrica-aloe-fresh-branqueador-100-g-esi\/","title":{"rendered":"Gel Dentifrica Aloe Fresh Branqueador 100 g &#8211; Esi"},"content":{"rendered":"<h2 style=\"text-align: left;\">Blanqueamiento suave y natural<\/h2>\n<p>&nbsp;<\/p>\n<p>El Gel Dent\u00edfrico Blanqueador Aloe Fresh con Bamb\u00fa y Carb\u00f3n Vegetal de Esi combina ingredientes naturales para proporcionar una higiene bucal completa y eficaz. Formulado con carb\u00f3n activado y bamb\u00fa, este dent\u00edfrico ayuda a eliminar las manchas de los dientes de forma natural, sin da\u00f1ar el esmalte, ofreciendo un blanqueamiento suave. El gel de aloe vera, conocido por sus propiedades calmantes, cuida las enc\u00edas, proporcionando una sensaci\u00f3n de frescor y confort despu\u00e9s de cada cepillado. Esta f\u00f3rmula natural y sin fl\u00faor es ideal para cualquier persona que busque una soluci\u00f3n saludable para mantener sus dientes blancos y su aliento fresco.<\/p>\n<p><strong>Beneficios principales:<\/strong><\/p>\n<ul>\n<li><strong>Blanqueamiento natural:<\/strong> El carb\u00f3n activado y el bamb\u00fa eliminan suavemente las manchas superficiales, dejando los dientes m\u00e1s blancos y brillantes.<\/li>\n<li><strong>Protecci\u00f3n y cuidado de las enc\u00edas:<\/strong> El aloe vera calma y protege las enc\u00edas, favoreciendo su salud y previniendo irritaciones.<\/li>\n<li><strong>Aliento Fresco Duradero:<\/strong> Proporciona una sensaci\u00f3n de frescor prolongada, combatiendo eficazmente el mal aliento.<\/li>\n<li><strong>Limpieza eficaz sin abrasi\u00f3n:<\/strong> La acci\u00f3n purificadora del carb\u00f3n vegetal limpia en profundidad sin da\u00f1ar el esmalte dental.<\/li>\n<li><strong>F\u00f3rmula natural sin fl\u00faor:<\/strong> Una opci\u00f3n ideal para quienes prefieren evitar el fl\u00faor manteniendo una buena higiene bucal con ingredientes naturales.<\/li>\n<li><strong>Extracto de algas marinas:<\/strong> Ayuda a mantener unas enc\u00edas sanas gracias a su acci\u00f3n antibacteriana.<\/li>\n<li><strong>Xilitol:<\/strong> Edulcorante natural extra\u00eddo de plantas, ayuda a restablecer el pH de la cavidad bucal, previniendo la caries y la gingivitis.<\/li>\n<li><strong>Liquen de Islandia:\u00a0<\/strong> Tiene acci\u00f3n bacteriost\u00e1tica, antif\u00fangica y blanqueadora. Aclara los dientes.<\/li>\n<\/ul>\n<p><strong>Adecuado para:<\/strong><\/p>\n<ul>\n<li><strong>Personas que Buscan un Blanqueamiento Natural:<\/strong> Ideal para quienes desean blanquear sus dientes de forma suave y segura, sin recurrir a tratamientos abrasivos.<\/li>\n<li><strong>Cuidado diario de enc\u00edas sensibles:<\/strong> Adecuado para quienes tienen enc\u00edas sensibles y buscan un dent\u00edfrico que les ofrezca confort y protecci\u00f3n.<\/li>\n<li><strong>Mantenimiento del Aliento Fresco:<\/strong> Perfecto para quienes desean mantener una sensaci\u00f3n de frescor y combatir el mal aliento.<\/li>\n<li><strong>Higiene bucal con ingredientes naturales:<\/strong> Adecuado para quienes buscan una f\u00f3rmula sin fl\u00faor, rica en ingredientes naturales y suave con el esmalte dental.<\/li>\n<\/ul>\n<p><strong>PRESENTACI\u00d3N<\/strong><\/p>\n<p>100 ml<\/p>\n<p>&nbsp;<\/p>\n","protected":false},"excerpt":{"rendered":"<p>Formulado con carb\u00f3n activado y bamb\u00fa, ayuda a eliminar las manchas de los dientes de forma natural, sin da\u00f1ar el esmalte, ofreciendo un blanqueamiento suave. [&#8230;]<\/p>\n<p><a class=\"btn btn-secondary understrap-read-more-link\" href=\"https:\/\/www.lifenatura.com\/es\/produto\/gel-dentifrica-aloe-fresh-branqueador-100-g-esi\/\">Leer m\u00e1s&#8230;<span class=\"screen-reader-text\"> from Gel Dentifrica Aloe Fresh Branqueador 100 g &#8211; Esi<\/span><\/a><\/p>\n","protected":false},"featured_media":99612,"template":"","meta":{"_acf_changed":false},"product_brand":[8489],"product_cat":[7653,7136,7138],"product_tag":[],"class_list":{"0":"post-37735","1":"product","2":"type-product","3":"status-publish","4":"has-post-thumbnail","6":"product_brand-esi","7":"product_cat-cosmetica-natural-lifenatura","8":"product_cat-higiene-bucodental","9":"product_cat-pasta-de-dientes","11":"first","12":"instock","13":"shipping-taxable","14":"purchasable","15":"product-type-simple","16":"add-to-wishlist-before_image"},"acf":[],"yoast_head":"<!-- This site is optimized with the Yoast SEO Premium plugin v27.1 (Yoast SEO v27.5) - https:\/\/yoast.com\/product\/yoast-seo-premium-wordpress\/ -->\n<title>Gel Dentifrica Aloe Fresh Branqueador 100 g - Esi<\/title>\n<meta name=\"description\" content=\"Formulado con carb\u00f3n activado y bamb\u00fa, ayuda a eliminar las manchas de los dientes de forma natural, sin da\u00f1ar el esmalte, ofreciendo un blanqueamiento suave.\" \/>\n<meta name=\"robots\" content=\"index, follow, max-snippet:-1, max-image-preview:large, max-video-preview:-1\" \/>\n<link rel=\"canonical\" href=\"https:\/\/www.lifenatura.com\/es\/produto\/gel-dentifrica-aloe-fresh-branqueador-100-g-esi\/\" \/>\n<meta property=\"og:locale\" content=\"es_ES\" \/>\n<meta property=\"og:type\" content=\"article\" \/>\n<meta property=\"og:title\" content=\"Gel Dentifrica Aloe Fresh Branqueador 100 g - Esi - Na Lifenatura ao Melhor Pre\u00e7o | Envio 48h\" \/>\n<meta property=\"og:description\" content=\"Compre Gel Dentifrica Aloe Fresh Branqueador 100 g - Esi com envio r\u00e1pido. Entrega em 48h e portes gr\u00e1tis em compras &gt;35\u20ac. Aproveite j\u00e1 na Lifenatura\" \/>\n<meta property=\"og:url\" content=\"https:\/\/www.lifenatura.com\/es\/produto\/gel-dentifrica-aloe-fresh-branqueador-100-g-esi\/\" \/>\n<meta property=\"og:site_name\" content=\"Lifenatura\" \/>\n<meta property=\"article:publisher\" content=\"https:\/\/www.facebook.com\/lifenatura\" \/>\n<meta property=\"article:modified_time\" content=\"2026-01-28T07:18:44+00:00\" \/>\n<meta property=\"og:image\" content=\"https:\/\/www.lifenatura.com\/wp-content\/uploads\/2021\/09\/gel-dentifrico-aloe-fresh-branqueador-100g-esi.jpg\" \/>\n\t<meta property=\"og:image:width\" content=\"1000\" \/>\n\t<meta property=\"og:image:height\" content=\"1000\" \/>\n\t<meta property=\"og:image:type\" content=\"image\/jpeg\" \/>\n<meta name=\"twitter:card\" content=\"summary_large_image\" \/>\n<meta name=\"twitter:label1\" content=\"Precio\" \/>\n\t<meta name=\"twitter:data1\" content=\"4,35&nbsp;&euro;\" \/>\n\t<meta name=\"twitter:label2\" content=\"Disponibilidad\" \/>\n\t<meta name=\"twitter:data2\" content=\"Disponible\" \/>\n<script type=\"application\/ld+json\" class=\"yoast-schema-graph\">{\"@context\":\"https:\\\/\\\/schema.org\",\"@graph\":[{\"@type\":\"WebPage\",\"@id\":\"https:\\\/\\\/www.lifenatura.com\\\/es\\\/produto\\\/gel-dentifrica-aloe-fresh-branqueador-100-g-esi\\\/\",\"url\":\"https:\\\/\\\/www.lifenatura.com\\\/es\\\/produto\\\/gel-dentifrica-aloe-fresh-branqueador-100-g-esi\\\/\",\"name\":\"Gel Dentifrica Aloe Fresh Branqueador 100 g - Esi\",\"isPartOf\":{\"@id\":\"https:\\\/\\\/www.lifenatura.com\\\/es\\\/#website\"},\"primaryImageOfPage\":{\"@id\":\"https:\\\/\\\/www.lifenatura.com\\\/es\\\/produto\\\/gel-dentifrica-aloe-fresh-branqueador-100-g-esi\\\/#primaryimage\"},\"image\":{\"@id\":\"https:\\\/\\\/www.lifenatura.com\\\/es\\\/produto\\\/gel-dentifrica-aloe-fresh-branqueador-100-g-esi\\\/#primaryimage\"},\"thumbnailUrl\":\"https:\\\/\\\/www.lifenatura.com\\\/wp-content\\\/uploads\\\/2021\\\/09\\\/gel-dentifrico-aloe-fresh-branqueador-100g-esi.jpg\",\"datePublished\":\"2021-09-30T09:53:57+00:00\",\"dateModified\":\"2026-01-28T07:18:44+00:00\",\"description\":\"Formulado con carb\u00f3n activado y bamb\u00fa, ayuda a eliminar las manchas de los dientes de forma natural, sin da\u00f1ar el esmalte, ofreciendo un blanqueamiento suave.\",\"breadcrumb\":{\"@id\":\"https:\\\/\\\/www.lifenatura.com\\\/es\\\/produto\\\/gel-dentifrica-aloe-fresh-branqueador-100-g-esi\\\/#breadcrumb\"},\"inLanguage\":\"es\",\"potentialAction\":[{\"@type\":\"ReadAction\",\"target\":[\"https:\\\/\\\/www.lifenatura.com\\\/es\\\/produto\\\/gel-dentifrica-aloe-fresh-branqueador-100-g-esi\\\/\"]}]},{\"@type\":\"ImageObject\",\"inLanguage\":\"es\",\"@id\":\"https:\\\/\\\/www.lifenatura.com\\\/es\\\/produto\\\/gel-dentifrica-aloe-fresh-branqueador-100-g-esi\\\/#primaryimage\",\"url\":\"https:\\\/\\\/www.lifenatura.com\\\/wp-content\\\/uploads\\\/2021\\\/09\\\/gel-dentifrico-aloe-fresh-branqueador-100g-esi.jpg\",\"contentUrl\":\"https:\\\/\\\/www.lifenatura.com\\\/wp-content\\\/uploads\\\/2021\\\/09\\\/gel-dentifrico-aloe-fresh-branqueador-100g-esi.jpg\",\"width\":1000,\"height\":1000,\"caption\":\"Gel Dentifrico Aloe Fresh Branqueador 100 g - Esi\"},{\"@type\":\"BreadcrumbList\",\"@id\":\"https:\\\/\\\/www.lifenatura.com\\\/es\\\/produto\\\/gel-dentifrica-aloe-fresh-branqueador-100-g-esi\\\/#breadcrumb\",\"itemListElement\":[{\"@type\":\"ListItem\",\"position\":1,\"name\":\"In\u00edcio\",\"item\":\"https:\\\/\\\/www.lifenatura.com\\\/es\\\/\"},{\"@type\":\"ListItem\",\"position\":2,\"name\":\"Todos los Productos\",\"item\":\"https:\\\/\\\/www.lifenatura.com\\\/es\\\/tienda\\\/\"},{\"@type\":\"ListItem\",\"position\":3,\"name\":\"Gel Dentifrica Aloe Fresh Branqueador 100 g &#8211; Esi\"}]},{\"@type\":\"WebSite\",\"@id\":\"https:\\\/\\\/www.lifenatura.com\\\/es\\\/#website\",\"url\":\"https:\\\/\\\/www.lifenatura.com\\\/es\\\/\",\"name\":\"Lifenatura\",\"description\":\"A Lifenatura \u00e9 uma loja de produtos naturais, cosm\u00e9tica natural e alimenta\u00e7\u00e3o Biol\u00f3gica.\",\"publisher\":{\"@id\":\"https:\\\/\\\/www.lifenatura.com\\\/es\\\/#organization\"},\"potentialAction\":[{\"@type\":\"SearchAction\",\"target\":{\"@type\":\"EntryPoint\",\"urlTemplate\":\"https:\\\/\\\/www.lifenatura.com\\\/es\\\/?s={search_term_string}\"},\"query-input\":{\"@type\":\"PropertyValueSpecification\",\"valueRequired\":true,\"valueName\":\"search_term_string\"}}],\"inLanguage\":\"es\"},{\"@type\":\"Organization\",\"@id\":\"https:\\\/\\\/www.lifenatura.com\\\/es\\\/#organization\",\"name\":\"Lifenatura\",\"url\":\"https:\\\/\\\/www.lifenatura.com\\\/es\\\/\",\"logo\":{\"@type\":\"ImageObject\",\"inLanguage\":\"es\",\"@id\":\"https:\\\/\\\/www.lifenatura.com\\\/es\\\/#\\\/schema\\\/logo\\\/image\\\/\",\"url\":\"https:\\\/\\\/www.lifenatura.com\\\/wp-content\\\/uploads\\\/2021\\\/07\\\/logo.png\",\"contentUrl\":\"https:\\\/\\\/www.lifenatura.com\\\/wp-content\\\/uploads\\\/2021\\\/07\\\/logo.png\",\"width\":175,\"height\":55,\"caption\":\"Lifenatura\"},\"image\":{\"@id\":\"https:\\\/\\\/www.lifenatura.com\\\/es\\\/#\\\/schema\\\/logo\\\/image\\\/\"},\"sameAs\":[\"https:\\\/\\\/www.facebook.com\\\/lifenatura\",\"https:\\\/\\\/www.instagram.com\\\/lifenaturapt\\\/\"],\"hasMerchantReturnPolicy\":{\"@type\":\"MerchantReturnPolicy\",\"merchantReturnLink\":\"https:\\\/\\\/www.lifenatura.com\\\/termos-condicoes-lifenatura\\\/\"}}]}<\/script>\n<meta property=\"product:price:amount\" content=\"4.35\" \/>\n<meta property=\"product:price:currency\" content=\"EUR\" \/>\n<meta property=\"og:availability\" content=\"instock\" \/>\n<meta property=\"product:availability\" content=\"instock\" \/>\n<meta property=\"product:retailer_item_id\" content=\"8008843004270\" \/>\n<meta property=\"product:condition\" content=\"new\" \/>\n<!-- \/ Yoast SEO Premium plugin. -->","yoast_head_json":{"title":"Gel Dentifrica Aloe Fresh Branqueador 100 g - Esi","description":"Formulado con carb\u00f3n activado y bamb\u00fa, ayuda a eliminar las manchas de los dientes de forma natural, sin da\u00f1ar el esmalte, ofreciendo un blanqueamiento suave.","robots":{"index":"index","follow":"follow","max-snippet":"max-snippet:-1","max-image-preview":"max-image-preview:large","max-video-preview":"max-video-preview:-1"},"canonical":"https:\/\/www.lifenatura.com\/es\/produto\/gel-dentifrica-aloe-fresh-branqueador-100-g-esi\/","og_locale":"es_ES","og_type":"article","og_title":"Gel Dentifrica Aloe Fresh Branqueador 100 g - Esi - Na Lifenatura ao Melhor Pre\u00e7o | Envio 48h","og_description":"Compre Gel Dentifrica Aloe Fresh Branqueador 100 g - Esi com envio r\u00e1pido. Entrega em 48h e portes gr\u00e1tis em compras >35\u20ac. Aproveite j\u00e1 na Lifenatura","og_url":"https:\/\/www.lifenatura.com\/es\/produto\/gel-dentifrica-aloe-fresh-branqueador-100-g-esi\/","og_site_name":"Lifenatura","article_publisher":"https:\/\/www.facebook.com\/lifenatura","article_modified_time":"2026-01-28T07:18:44+00:00","og_image":[{"width":1000,"height":1000,"url":"https:\/\/www.lifenatura.com\/wp-content\/uploads\/2021\/09\/gel-dentifrico-aloe-fresh-branqueador-100g-esi.jpg","type":"image\/jpeg"}],"twitter_card":"summary_large_image","twitter_misc":{"Precio":"4,35&nbsp;&euro;","Disponibilidad":"Disponible"},"schema":{"@context":"https:\/\/schema.org","@graph":[{"@type":"WebPage","@id":"https:\/\/www.lifenatura.com\/es\/produto\/gel-dentifrica-aloe-fresh-branqueador-100-g-esi\/","url":"https:\/\/www.lifenatura.com\/es\/produto\/gel-dentifrica-aloe-fresh-branqueador-100-g-esi\/","name":"Gel Dentifrica Aloe Fresh Branqueador 100 g - Esi","isPartOf":{"@id":"https:\/\/www.lifenatura.com\/es\/#website"},"primaryImageOfPage":{"@id":"https:\/\/www.lifenatura.com\/es\/produto\/gel-dentifrica-aloe-fresh-branqueador-100-g-esi\/#primaryimage"},"image":{"@id":"https:\/\/www.lifenatura.com\/es\/produto\/gel-dentifrica-aloe-fresh-branqueador-100-g-esi\/#primaryimage"},"thumbnailUrl":"https:\/\/www.lifenatura.com\/wp-content\/uploads\/2021\/09\/gel-dentifrico-aloe-fresh-branqueador-100g-esi.jpg","datePublished":"2021-09-30T09:53:57+00:00","dateModified":"2026-01-28T07:18:44+00:00","description":"Formulado con carb\u00f3n activado y bamb\u00fa, ayuda a eliminar las manchas de los dientes de forma natural, sin da\u00f1ar el esmalte, ofreciendo un blanqueamiento suave.","breadcrumb":{"@id":"https:\/\/www.lifenatura.com\/es\/produto\/gel-dentifrica-aloe-fresh-branqueador-100-g-esi\/#breadcrumb"},"inLanguage":"es","potentialAction":[{"@type":"ReadAction","target":["https:\/\/www.lifenatura.com\/es\/produto\/gel-dentifrica-aloe-fresh-branqueador-100-g-esi\/"]}]},{"@type":"ImageObject","inLanguage":"es","@id":"https:\/\/www.lifenatura.com\/es\/produto\/gel-dentifrica-aloe-fresh-branqueador-100-g-esi\/#primaryimage","url":"https:\/\/www.lifenatura.com\/wp-content\/uploads\/2021\/09\/gel-dentifrico-aloe-fresh-branqueador-100g-esi.jpg","contentUrl":"https:\/\/www.lifenatura.com\/wp-content\/uploads\/2021\/09\/gel-dentifrico-aloe-fresh-branqueador-100g-esi.jpg","width":1000,"height":1000,"caption":"Gel Dentifrico Aloe Fresh Branqueador 100 g - Esi"},{"@type":"BreadcrumbList","@id":"https:\/\/www.lifenatura.com\/es\/produto\/gel-dentifrica-aloe-fresh-branqueador-100-g-esi\/#breadcrumb","itemListElement":[{"@type":"ListItem","position":1,"name":"In\u00edcio","item":"https:\/\/www.lifenatura.com\/es\/"},{"@type":"ListItem","position":2,"name":"Todos los Productos","item":"https:\/\/www.lifenatura.com\/es\/tienda\/"},{"@type":"ListItem","position":3,"name":"Gel Dentifrica Aloe Fresh Branqueador 100 g &#8211; Esi"}]},{"@type":"WebSite","@id":"https:\/\/www.lifenatura.com\/es\/#website","url":"https:\/\/www.lifenatura.com\/es\/","name":"Lifenatura","description":"A Lifenatura \u00e9 uma loja de produtos naturais, cosm\u00e9tica natural e alimenta\u00e7\u00e3o Biol\u00f3gica.","publisher":{"@id":"https:\/\/www.lifenatura.com\/es\/#organization"},"potentialAction":[{"@type":"SearchAction","target":{"@type":"EntryPoint","urlTemplate":"https:\/\/www.lifenatura.com\/es\/?s={search_term_string}"},"query-input":{"@type":"PropertyValueSpecification","valueRequired":true,"valueName":"search_term_string"}}],"inLanguage":"es"},{"@type":"Organization","@id":"https:\/\/www.lifenatura.com\/es\/#organization","name":"Lifenatura","url":"https:\/\/www.lifenatura.com\/es\/","logo":{"@type":"ImageObject","inLanguage":"es","@id":"https:\/\/www.lifenatura.com\/es\/#\/schema\/logo\/image\/","url":"https:\/\/www.lifenatura.com\/wp-content\/uploads\/2021\/07\/logo.png","contentUrl":"https:\/\/www.lifenatura.com\/wp-content\/uploads\/2021\/07\/logo.png","width":175,"height":55,"caption":"Lifenatura"},"image":{"@id":"https:\/\/www.lifenatura.com\/es\/#\/schema\/logo\/image\/"},"sameAs":["https:\/\/www.facebook.com\/lifenatura","https:\/\/www.instagram.com\/lifenaturapt\/"],"hasMerchantReturnPolicy":{"@type":"MerchantReturnPolicy","merchantReturnLink":"https:\/\/www.lifenatura.com\/termos-condicoes-lifenatura\/"}}]},"product_price_amount":"4.35","product_price_currency":"EUR","og_availability":"instock","product_availability":"instock","product_retailer_item_id":"8008843004270","product_condition":"new"},"df_price":4.35,"df_sale_price":"","df_regular_price":4.35,"df_image_link":"https:\/\/www.lifenatura.com\/wp-content\/uploads\/2021\/09\/gel-dentifrico-aloe-fresh-branqueador-100g-esi-300x300.jpg","_links":{"self":[{"href":"https:\/\/www.lifenatura.com\/es\/wp-json\/wp\/v2\/product\/37735","targetHints":{"allow":["GET"]}}],"collection":[{"href":"https:\/\/www.lifenatura.com\/es\/wp-json\/wp\/v2\/product"}],"about":[{"href":"https:\/\/www.lifenatura.com\/es\/wp-json\/wp\/v2\/types\/product"}],"wp:featuredmedia":[{"embeddable":true,"href":"https:\/\/www.lifenatura.com\/es\/wp-json\/wp\/v2\/media\/99612"}],"wp:attachment":[{"href":"https:\/\/www.lifenatura.com\/es\/wp-json\/wp\/v2\/media?parent=37735"}],"wp:term":[{"taxonomy":"product_brand","embeddable":true,"href":"https:\/\/www.lifenatura.com\/es\/wp-json\/wp\/v2\/product_brand?post=37735"},{"taxonomy":"product_cat","embeddable":true,"href":"https:\/\/www.lifenatura.com\/es\/wp-json\/wp\/v2\/product_cat?post=37735"},{"taxonomy":"product_tag","embeddable":true,"href":"https:\/\/www.lifenatura.com\/es\/wp-json\/wp\/v2\/product_tag?post=37735"}],"curies":[{"name":"wp","href":"https:\/\/api.w.org\/{rel}","templated":true}]}}