{"id":37677,"date":"2021-09-30T09:52:51","date_gmt":"2021-09-30T09:52:51","guid":{"rendered":"https:\/\/lifenatura.dev.agenciagetdigital.com\/produto\/holoram-equilibrium-60-capsulas-equisalud\/"},"modified":"2026-01-28T07:18:19","modified_gmt":"2026-01-28T07:18:19","slug":"holoram-equilibrium-60-capsulas-equisalud","status":"publish","type":"product","link":"https:\/\/www.lifenatura.com\/es\/produto\/holoram-equilibrium-60-capsulas-equisalud\/","title":{"rendered":"Holoram Equilibrium 60 c\u00e1psulas &#8211; Equisalud"},"content":{"rendered":"<p>Indicado para el Sistema Nervioso Holoram Equilibrium regula la respuesta adaptativa a diferentes tipos de estr\u00e9s. Es una combinaci\u00f3n de reguladores de energ\u00eda del sistema nervioso aut\u00f3nomo, sistema nervioso central y sistemas naturales de respuesta al estr\u00e9s que han sido activados en\u00e9rgicamente para promover la adaptaci\u00f3n armoniosa hacia las nuevas exigencias del ambiente f\u00edsico y emocional. PRESENTACI\u00d3N 60 C\u00e1psulas.<\/p>\n","protected":false},"excerpt":{"rendered":"<p>Indicado para el Sistema Nervioso Holoram Equilibrium regula la respuesta adaptativa a diferentes tipos de estr\u00e9s. Es una combinaci\u00f3n de reguladores de energ\u00eda del sistema nervioso aut\u00f3nomo, sistema nervioso central y sistemas naturales de respuesta al estr\u00e9s que han sido activados en\u00e9rgicamente para promover la adaptaci\u00f3n armoniosa hacia las nuevas exigencias del ambiente f\u00edsico y [&#8230;]<\/p>\n<p><a class=\"btn btn-secondary understrap-read-more-link\" href=\"https:\/\/www.lifenatura.com\/es\/produto\/holoram-equilibrium-60-capsulas-equisalud\/\">Leer m\u00e1s&#8230;<span class=\"screen-reader-text\"> from Holoram Equilibrium 60 c\u00e1psulas &#8211; Equisalud<\/span><\/a><\/p>\n","protected":false},"featured_media":19282,"template":"","meta":{"_acf_changed":false},"product_brand":[8490],"product_cat":[7213,7179],"product_tag":[],"class_list":{"0":"post-37677","1":"product","2":"type-product","3":"status-publish","4":"has-post-thumbnail","6":"product_brand-equisalud-es","7":"product_cat-ansiedad-y-depresion","8":"product_cat-salud","10":"first","11":"instock","12":"shipping-taxable","13":"purchasable","14":"product-type-simple","15":"add-to-wishlist-before_image"},"acf":[],"yoast_head":"<!-- This site is optimized with the Yoast SEO Premium plugin v27.1 (Yoast SEO v27.4) - https:\/\/yoast.com\/product\/yoast-seo-premium-wordpress\/ -->\n<title>Holoram Equilibrium 60 c\u00e1psulas - Equisalud<\/title>\n<meta name=\"description\" content=\"Holoram Equilibrium regula la respuesta adaptativa a diferentes tipos de estr\u00e9s.\" \/>\n<meta name=\"robots\" content=\"index, follow, max-snippet:-1, max-image-preview:large, max-video-preview:-1\" \/>\n<link rel=\"canonical\" href=\"https:\/\/www.lifenatura.com\/es\/produto\/holoram-equilibrium-60-capsulas-equisalud\/\" \/>\n<meta property=\"og:locale\" content=\"es_ES\" \/>\n<meta property=\"og:type\" content=\"article\" \/>\n<meta property=\"og:title\" content=\"Holoram Equilibrium 60 c\u00e1psulas - Equisalud - Lifenatura\" \/>\n<meta property=\"og:description\" content=\"Compre aqui o seu Holoram Equilibrium 60 c\u00e1psulas - Equisalud e a Lifenatura Online envia em 48 H com Portes Gratis &gt;35\u20ac de Pedido.\" \/>\n<meta property=\"og:url\" content=\"https:\/\/www.lifenatura.com\/es\/produto\/holoram-equilibrium-60-capsulas-equisalud\/\" \/>\n<meta property=\"og:site_name\" content=\"Lifenatura\" \/>\n<meta property=\"article:publisher\" content=\"https:\/\/www.facebook.com\/lifenatura\" \/>\n<meta property=\"article:modified_time\" content=\"2026-01-28T07:18:19+00:00\" \/>\n<meta property=\"og:image\" content=\"https:\/\/www.lifenatura.com\/wp-content\/uploads\/2021\/09\/gd_holoram-equilibrium-60-capsulas-equisalud.jpg\" \/>\n\t<meta property=\"og:image:width\" content=\"1000\" \/>\n\t<meta property=\"og:image:height\" content=\"1000\" \/>\n\t<meta property=\"og:image:type\" content=\"image\/jpeg\" \/>\n<meta name=\"twitter:card\" content=\"summary_large_image\" \/>\n<meta name=\"twitter:label1\" content=\"Precio\" \/>\n\t<meta name=\"twitter:data1\" content=\"38,70&nbsp;&euro;\" \/>\n\t<meta name=\"twitter:label2\" content=\"Disponibilidad\" \/>\n\t<meta name=\"twitter:data2\" content=\"Disponible\" \/>\n<meta property=\"product:price:amount\" content=\"38.70\" \/>\n<meta property=\"product:price:currency\" content=\"EUR\" \/>\n<meta property=\"og:availability\" content=\"instock\" \/>\n<meta property=\"product:availability\" content=\"instock\" \/>\n<meta property=\"product:retailer_item_id\" content=\"8436003020882\" \/>\n<meta property=\"product:condition\" content=\"new\" \/>\n<!-- \/ Yoast SEO Premium plugin. -->","yoast_head_json":{"title":"Holoram Equilibrium 60 c\u00e1psulas - Equisalud","description":"Holoram Equilibrium regula la respuesta adaptativa a diferentes tipos de estr\u00e9s.","robots":{"index":"index","follow":"follow","max-snippet":"max-snippet:-1","max-image-preview":"max-image-preview:large","max-video-preview":"max-video-preview:-1"},"canonical":"https:\/\/www.lifenatura.com\/es\/produto\/holoram-equilibrium-60-capsulas-equisalud\/","og_locale":"es_ES","og_type":"article","og_title":"Holoram Equilibrium 60 c\u00e1psulas - Equisalud - Lifenatura","og_description":"Compre aqui o seu Holoram Equilibrium 60 c\u00e1psulas - Equisalud e a Lifenatura Online envia em 48 H com Portes Gratis >35\u20ac de Pedido.","og_url":"https:\/\/www.lifenatura.com\/es\/produto\/holoram-equilibrium-60-capsulas-equisalud\/","og_site_name":"Lifenatura","article_publisher":"https:\/\/www.facebook.com\/lifenatura","article_modified_time":"2026-01-28T07:18:19+00:00","og_image":[{"width":1000,"height":1000,"url":"https:\/\/www.lifenatura.com\/wp-content\/uploads\/2021\/09\/gd_holoram-equilibrium-60-capsulas-equisalud.jpg","type":"image\/jpeg"}],"twitter_card":"summary_large_image","twitter_misc":{"Precio":"38,70&nbsp;&euro;","Disponibilidad":"Disponible"},"schema":{"@context":"https:\/\/schema.org","@graph":[{"@type":"WebPage","@id":"https:\/\/www.lifenatura.com\/es\/produto\/holoram-equilibrium-60-capsulas-equisalud\/","url":"https:\/\/www.lifenatura.com\/es\/produto\/holoram-equilibrium-60-capsulas-equisalud\/","name":"Holoram Equilibrium 60 c\u00e1psulas - Equisalud","isPartOf":{"@id":"https:\/\/www.lifenatura.com\/#website"},"primaryImageOfPage":{"@id":"https:\/\/www.lifenatura.com\/es\/produto\/holoram-equilibrium-60-capsulas-equisalud\/#primaryimage"},"image":{"@id":"https:\/\/www.lifenatura.com\/es\/produto\/holoram-equilibrium-60-capsulas-equisalud\/#primaryimage"},"thumbnailUrl":"https:\/\/www.lifenatura.com\/wp-content\/uploads\/2021\/09\/gd_holoram-equilibrium-60-capsulas-equisalud.jpg","datePublished":"2021-09-30T09:52:51+00:00","dateModified":"2026-01-28T07:18:19+00:00","description":"Holoram Equilibrium regula la respuesta adaptativa a diferentes tipos de estr\u00e9s.","breadcrumb":{"@id":"https:\/\/www.lifenatura.com\/es\/produto\/holoram-equilibrium-60-capsulas-equisalud\/#breadcrumb"},"inLanguage":"es","potentialAction":[{"@type":"ReadAction","target":["https:\/\/www.lifenatura.com\/es\/produto\/holoram-equilibrium-60-capsulas-equisalud\/"]}]},{"@type":"ImageObject","inLanguage":"es","@id":"https:\/\/www.lifenatura.com\/es\/produto\/holoram-equilibrium-60-capsulas-equisalud\/#primaryimage","url":"https:\/\/www.lifenatura.com\/wp-content\/uploads\/2021\/09\/gd_holoram-equilibrium-60-capsulas-equisalud.jpg","contentUrl":"https:\/\/www.lifenatura.com\/wp-content\/uploads\/2021\/09\/gd_holoram-equilibrium-60-capsulas-equisalud.jpg","width":1000,"height":1000,"caption":"Holoram Equilibrium 60 c\u00e1psulas - Equisalud"},{"@type":"BreadcrumbList","@id":"https:\/\/www.lifenatura.com\/es\/produto\/holoram-equilibrium-60-capsulas-equisalud\/#breadcrumb","itemListElement":[{"@type":"ListItem","position":1,"name":"In\u00edcio","item":"https:\/\/www.lifenatura.com\/es\/"},{"@type":"ListItem","position":2,"name":"Todos los Productos","item":"https:\/\/www.lifenatura.com\/es\/tienda\/"},{"@type":"ListItem","position":3,"name":"Holoram Equilibrium 60 c\u00e1psulas &#8211; Equisalud"}]},{"@type":"WebSite","@id":"https:\/\/www.lifenatura.com\/#website","url":"https:\/\/www.lifenatura.com\/","name":"Lifenatura","description":"A Lifenatura \u00e9 uma loja de produtos naturais, cosm\u00e9tica natural e alimenta\u00e7\u00e3o Biol\u00f3gica.","publisher":{"@id":"https:\/\/www.lifenatura.com\/#organization"},"potentialAction":[{"@type":"SearchAction","target":{"@type":"EntryPoint","urlTemplate":"https:\/\/www.lifenatura.com\/?s={search_term_string}"},"query-input":{"@type":"PropertyValueSpecification","valueRequired":true,"valueName":"search_term_string"}}],"inLanguage":"es"},{"@type":"Organization","@id":"https:\/\/www.lifenatura.com\/#organization","name":"Lifenatura","url":"https:\/\/www.lifenatura.com\/","logo":{"@type":"ImageObject","inLanguage":"es","@id":"https:\/\/www.lifenatura.com\/#\/schema\/logo\/image\/","url":"https:\/\/www.lifenatura.com\/wp-content\/uploads\/2021\/11\/logo.png","contentUrl":"https:\/\/www.lifenatura.com\/wp-content\/uploads\/2021\/11\/logo.png","width":175,"height":55,"caption":"Lifenatura"},"image":{"@id":"https:\/\/www.lifenatura.com\/#\/schema\/logo\/image\/"},"sameAs":["https:\/\/www.facebook.com\/lifenatura","https:\/\/www.instagram.com\/lifenaturapt\/"]}]},"product_price_amount":"38.70","product_price_currency":"EUR","og_availability":"instock","product_availability":"instock","product_retailer_item_id":"8436003020882","product_condition":"new"},"df_price":38.7,"df_sale_price":"","df_regular_price":38.7,"df_image_link":"https:\/\/www.lifenatura.com\/wp-content\/uploads\/2021\/09\/gd_holoram-equilibrium-60-capsulas-equisalud-300x300.jpg","_links":{"self":[{"href":"https:\/\/www.lifenatura.com\/es\/wp-json\/wp\/v2\/product\/37677","targetHints":{"allow":["GET"]}}],"collection":[{"href":"https:\/\/www.lifenatura.com\/es\/wp-json\/wp\/v2\/product"}],"about":[{"href":"https:\/\/www.lifenatura.com\/es\/wp-json\/wp\/v2\/types\/product"}],"wp:featuredmedia":[{"embeddable":true,"href":"https:\/\/www.lifenatura.com\/es\/wp-json\/wp\/v2\/media\/19282"}],"wp:attachment":[{"href":"https:\/\/www.lifenatura.com\/es\/wp-json\/wp\/v2\/media?parent=37677"}],"wp:term":[{"taxonomy":"product_brand","embeddable":true,"href":"https:\/\/www.lifenatura.com\/es\/wp-json\/wp\/v2\/product_brand?post=37677"},{"taxonomy":"product_cat","embeddable":true,"href":"https:\/\/www.lifenatura.com\/es\/wp-json\/wp\/v2\/product_cat?post=37677"},{"taxonomy":"product_tag","embeddable":true,"href":"https:\/\/www.lifenatura.com\/es\/wp-json\/wp\/v2\/product_tag?post=37677"}],"curies":[{"name":"wp","href":"https:\/\/api.w.org\/{rel}","templated":true}]}}