{"id":37675,"date":"2021-09-30T09:52:51","date_gmt":"2021-09-30T09:52:51","guid":{"rendered":"https:\/\/lifenatura.dev.agenciagetdigital.com\/produto\/holoram-enami-60-capsulas-equisalud\/"},"modified":"2026-01-28T07:18:18","modified_gmt":"2026-01-28T07:18:18","slug":"holoram-enami-60-capsulas-equisalud","status":"publish","type":"product","link":"https:\/\/www.lifenatura.com\/es\/produto\/holoram-enami-60-capsulas-equisalud\/","title":{"rendered":"Holoram Enami 60 c\u00e1psulas &#8211; Equisalud"},"content":{"rendered":"<p>Suministrar energ\u00eda Holoram Enami es una preparaci\u00f3n para combatir la astenia, la adicci\u00f3n y la fatiga. S\u00edndromes inducidos por el estr\u00e9s f\u00edsico o psicol\u00f3gico, a menudo asociado con la enfermedad cr\u00f3nica. Evita la acumulaci\u00f3n de amon\u00edaco y promueve su eliminaci\u00f3n a trav\u00e9s de la activaci\u00f3n del ciclo de urea, act\u00faa en nodales puntos en el funcionamiento del ciclo de Krebs y, por lo tanto, facilita la producci\u00f3n de energ\u00eda celular, combatir la fatiga de su causa. PRESENTACI\u00d3N 60 C\u00e1psulas.<\/p>\n","protected":false},"excerpt":{"rendered":"<p>Suministrar energ\u00eda Holoram Enami es una preparaci\u00f3n para combatir la astenia, la adicci\u00f3n y la fatiga. S\u00edndromes inducidos por el estr\u00e9s f\u00edsico o psicol\u00f3gico, a menudo asociado con la enfermedad cr\u00f3nica. Evita la acumulaci\u00f3n de amon\u00edaco y promueve su eliminaci\u00f3n a trav\u00e9s de la activaci\u00f3n del ciclo de urea, act\u00faa en nodales puntos en el [&#8230;]<\/p>\n<p><a class=\"btn btn-secondary understrap-read-more-link\" href=\"https:\/\/www.lifenatura.com\/es\/produto\/holoram-enami-60-capsulas-equisalud\/\">Leer m\u00e1s&#8230;<span class=\"screen-reader-text\"> from Holoram Enami 60 c\u00e1psulas &#8211; Equisalud<\/span><\/a><\/p>\n","protected":false},"featured_media":19280,"template":"","meta":{"_acf_changed":false},"product_brand":[8490],"product_cat":[7238,7179],"product_tag":[],"class_list":{"0":"post-37675","1":"product","2":"type-product","3":"status-publish","4":"has-post-thumbnail","6":"product_brand-equisalud-es","7":"product_cat-energizante-natural","8":"product_cat-salud","10":"first","11":"instock","12":"shipping-taxable","13":"purchasable","14":"product-type-simple","15":"add-to-wishlist-before_image"},"acf":[],"yoast_head":"<!-- This site is optimized with the Yoast SEO Premium plugin v27.1 (Yoast SEO v27.5) - https:\/\/yoast.com\/product\/yoast-seo-premium-wordpress\/ -->\n<title>Holoram Enami 60 c\u00e1psulas - Equisalud<\/title>\n<meta name=\"description\" content=\"Holoram Enami es una preparaci\u00f3n para combatir la astenia, la adicci\u00f3n y la fatiga.\" \/>\n<meta name=\"robots\" content=\"index, follow, max-snippet:-1, max-image-preview:large, max-video-preview:-1\" \/>\n<link rel=\"canonical\" href=\"https:\/\/www.lifenatura.com\/es\/produto\/holoram-enami-60-capsulas-equisalud\/\" \/>\n<meta property=\"og:locale\" content=\"es_ES\" \/>\n<meta property=\"og:type\" content=\"article\" \/>\n<meta property=\"og:title\" content=\"Holoram Enami 60 c\u00e1psulas - Equisalud - Na Lifenatura ao Melhor Pre\u00e7o | Envio 48h\" \/>\n<meta property=\"og:description\" content=\"Compre Holoram Enami 60 c\u00e1psulas - Equisalud com envio r\u00e1pido. Entrega em 48h e portes gr\u00e1tis em compras &gt;35\u20ac. Aproveite j\u00e1 na Lifenatura\" \/>\n<meta property=\"og:url\" content=\"https:\/\/www.lifenatura.com\/es\/produto\/holoram-enami-60-capsulas-equisalud\/\" \/>\n<meta property=\"og:site_name\" content=\"Lifenatura\" \/>\n<meta property=\"article:publisher\" content=\"https:\/\/www.facebook.com\/lifenatura\" \/>\n<meta property=\"article:modified_time\" content=\"2026-01-28T07:18:18+00:00\" \/>\n<meta property=\"og:image\" content=\"https:\/\/www.lifenatura.com\/wp-content\/uploads\/2021\/09\/gd_holoram-enami-60capsulas-equisalud.jpg\" \/>\n\t<meta property=\"og:image:width\" content=\"1000\" \/>\n\t<meta property=\"og:image:height\" content=\"1000\" \/>\n\t<meta property=\"og:image:type\" content=\"image\/jpeg\" \/>\n<meta name=\"twitter:card\" content=\"summary_large_image\" \/>\n<meta name=\"twitter:label1\" content=\"Precio\" \/>\n\t<meta name=\"twitter:data1\" content=\"38,75&nbsp;&euro;\" \/>\n\t<meta name=\"twitter:label2\" content=\"Disponibilidad\" \/>\n\t<meta name=\"twitter:data2\" content=\"Disponible\" \/>\n<script type=\"application\/ld+json\" class=\"yoast-schema-graph\">{\"@context\":\"https:\\\/\\\/schema.org\",\"@graph\":[{\"@type\":\"WebPage\",\"@id\":\"https:\\\/\\\/www.lifenatura.com\\\/es\\\/produto\\\/holoram-enami-60-capsulas-equisalud\\\/\",\"url\":\"https:\\\/\\\/www.lifenatura.com\\\/es\\\/produto\\\/holoram-enami-60-capsulas-equisalud\\\/\",\"name\":\"Holoram Enami 60 c\u00e1psulas - Equisalud\",\"isPartOf\":{\"@id\":\"https:\\\/\\\/www.lifenatura.com\\\/es\\\/#website\"},\"primaryImageOfPage\":{\"@id\":\"https:\\\/\\\/www.lifenatura.com\\\/es\\\/produto\\\/holoram-enami-60-capsulas-equisalud\\\/#primaryimage\"},\"image\":{\"@id\":\"https:\\\/\\\/www.lifenatura.com\\\/es\\\/produto\\\/holoram-enami-60-capsulas-equisalud\\\/#primaryimage\"},\"thumbnailUrl\":\"https:\\\/\\\/www.lifenatura.com\\\/wp-content\\\/uploads\\\/2021\\\/09\\\/gd_holoram-enami-60capsulas-equisalud.jpg\",\"datePublished\":\"2021-09-30T09:52:51+00:00\",\"dateModified\":\"2026-01-28T07:18:18+00:00\",\"description\":\"Holoram Enami es una preparaci\u00f3n para combatir la astenia, la adicci\u00f3n y la fatiga.\",\"breadcrumb\":{\"@id\":\"https:\\\/\\\/www.lifenatura.com\\\/es\\\/produto\\\/holoram-enami-60-capsulas-equisalud\\\/#breadcrumb\"},\"inLanguage\":\"es\",\"potentialAction\":[{\"@type\":\"ReadAction\",\"target\":[\"https:\\\/\\\/www.lifenatura.com\\\/es\\\/produto\\\/holoram-enami-60-capsulas-equisalud\\\/\"]}]},{\"@type\":\"ImageObject\",\"inLanguage\":\"es\",\"@id\":\"https:\\\/\\\/www.lifenatura.com\\\/es\\\/produto\\\/holoram-enami-60-capsulas-equisalud\\\/#primaryimage\",\"url\":\"https:\\\/\\\/www.lifenatura.com\\\/wp-content\\\/uploads\\\/2021\\\/09\\\/gd_holoram-enami-60capsulas-equisalud.jpg\",\"contentUrl\":\"https:\\\/\\\/www.lifenatura.com\\\/wp-content\\\/uploads\\\/2021\\\/09\\\/gd_holoram-enami-60capsulas-equisalud.jpg\",\"width\":1000,\"height\":1000,\"caption\":\"Holoram Enami 60 c\u00e1psulas - Equisalud\"},{\"@type\":\"BreadcrumbList\",\"@id\":\"https:\\\/\\\/www.lifenatura.com\\\/es\\\/produto\\\/holoram-enami-60-capsulas-equisalud\\\/#breadcrumb\",\"itemListElement\":[{\"@type\":\"ListItem\",\"position\":1,\"name\":\"In\u00edcio\",\"item\":\"https:\\\/\\\/www.lifenatura.com\\\/es\\\/\"},{\"@type\":\"ListItem\",\"position\":2,\"name\":\"Todos los Productos\",\"item\":\"https:\\\/\\\/www.lifenatura.com\\\/es\\\/tienda\\\/\"},{\"@type\":\"ListItem\",\"position\":3,\"name\":\"Holoram Enami 60 c\u00e1psulas &#8211; Equisalud\"}]},{\"@type\":\"WebSite\",\"@id\":\"https:\\\/\\\/www.lifenatura.com\\\/es\\\/#website\",\"url\":\"https:\\\/\\\/www.lifenatura.com\\\/es\\\/\",\"name\":\"Lifenatura\",\"description\":\"A Lifenatura \u00e9 uma loja de produtos naturais, cosm\u00e9tica natural e alimenta\u00e7\u00e3o Biol\u00f3gica.\",\"publisher\":{\"@id\":\"https:\\\/\\\/www.lifenatura.com\\\/es\\\/#organization\"},\"potentialAction\":[{\"@type\":\"SearchAction\",\"target\":{\"@type\":\"EntryPoint\",\"urlTemplate\":\"https:\\\/\\\/www.lifenatura.com\\\/es\\\/?s={search_term_string}\"},\"query-input\":{\"@type\":\"PropertyValueSpecification\",\"valueRequired\":true,\"valueName\":\"search_term_string\"}}],\"inLanguage\":\"es\"},{\"@type\":\"Organization\",\"@id\":\"https:\\\/\\\/www.lifenatura.com\\\/es\\\/#organization\",\"name\":\"Lifenatura\",\"url\":\"https:\\\/\\\/www.lifenatura.com\\\/es\\\/\",\"logo\":{\"@type\":\"ImageObject\",\"inLanguage\":\"es\",\"@id\":\"https:\\\/\\\/www.lifenatura.com\\\/es\\\/#\\\/schema\\\/logo\\\/image\\\/\",\"url\":\"https:\\\/\\\/www.lifenatura.com\\\/wp-content\\\/uploads\\\/2021\\\/07\\\/logo.png\",\"contentUrl\":\"https:\\\/\\\/www.lifenatura.com\\\/wp-content\\\/uploads\\\/2021\\\/07\\\/logo.png\",\"width\":175,\"height\":55,\"caption\":\"Lifenatura\"},\"image\":{\"@id\":\"https:\\\/\\\/www.lifenatura.com\\\/es\\\/#\\\/schema\\\/logo\\\/image\\\/\"},\"sameAs\":[\"https:\\\/\\\/www.facebook.com\\\/lifenatura\",\"https:\\\/\\\/www.instagram.com\\\/lifenaturapt\\\/\"],\"hasMerchantReturnPolicy\":{\"@type\":\"MerchantReturnPolicy\",\"merchantReturnLink\":\"https:\\\/\\\/www.lifenatura.com\\\/termos-condicoes-lifenatura\\\/\"}}]}<\/script>\n<meta property=\"product:price:amount\" content=\"38.75\" \/>\n<meta property=\"product:price:currency\" content=\"EUR\" \/>\n<meta property=\"og:availability\" content=\"instock\" \/>\n<meta property=\"product:availability\" content=\"instock\" \/>\n<meta property=\"product:retailer_item_id\" content=\"8436003021957\" \/>\n<meta property=\"product:condition\" content=\"new\" \/>\n<!-- \/ Yoast SEO Premium plugin. -->","yoast_head_json":{"title":"Holoram Enami 60 c\u00e1psulas - Equisalud","description":"Holoram Enami es una preparaci\u00f3n para combatir la astenia, la adicci\u00f3n y la fatiga.","robots":{"index":"index","follow":"follow","max-snippet":"max-snippet:-1","max-image-preview":"max-image-preview:large","max-video-preview":"max-video-preview:-1"},"canonical":"https:\/\/www.lifenatura.com\/es\/produto\/holoram-enami-60-capsulas-equisalud\/","og_locale":"es_ES","og_type":"article","og_title":"Holoram Enami 60 c\u00e1psulas - Equisalud - Na Lifenatura ao Melhor Pre\u00e7o | Envio 48h","og_description":"Compre Holoram Enami 60 c\u00e1psulas - Equisalud com envio r\u00e1pido. Entrega em 48h e portes gr\u00e1tis em compras >35\u20ac. Aproveite j\u00e1 na Lifenatura","og_url":"https:\/\/www.lifenatura.com\/es\/produto\/holoram-enami-60-capsulas-equisalud\/","og_site_name":"Lifenatura","article_publisher":"https:\/\/www.facebook.com\/lifenatura","article_modified_time":"2026-01-28T07:18:18+00:00","og_image":[{"width":1000,"height":1000,"url":"https:\/\/www.lifenatura.com\/wp-content\/uploads\/2021\/09\/gd_holoram-enami-60capsulas-equisalud.jpg","type":"image\/jpeg"}],"twitter_card":"summary_large_image","twitter_misc":{"Precio":"38,75&nbsp;&euro;","Disponibilidad":"Disponible"},"schema":{"@context":"https:\/\/schema.org","@graph":[{"@type":"WebPage","@id":"https:\/\/www.lifenatura.com\/es\/produto\/holoram-enami-60-capsulas-equisalud\/","url":"https:\/\/www.lifenatura.com\/es\/produto\/holoram-enami-60-capsulas-equisalud\/","name":"Holoram Enami 60 c\u00e1psulas - Equisalud","isPartOf":{"@id":"https:\/\/www.lifenatura.com\/es\/#website"},"primaryImageOfPage":{"@id":"https:\/\/www.lifenatura.com\/es\/produto\/holoram-enami-60-capsulas-equisalud\/#primaryimage"},"image":{"@id":"https:\/\/www.lifenatura.com\/es\/produto\/holoram-enami-60-capsulas-equisalud\/#primaryimage"},"thumbnailUrl":"https:\/\/www.lifenatura.com\/wp-content\/uploads\/2021\/09\/gd_holoram-enami-60capsulas-equisalud.jpg","datePublished":"2021-09-30T09:52:51+00:00","dateModified":"2026-01-28T07:18:18+00:00","description":"Holoram Enami es una preparaci\u00f3n para combatir la astenia, la adicci\u00f3n y la fatiga.","breadcrumb":{"@id":"https:\/\/www.lifenatura.com\/es\/produto\/holoram-enami-60-capsulas-equisalud\/#breadcrumb"},"inLanguage":"es","potentialAction":[{"@type":"ReadAction","target":["https:\/\/www.lifenatura.com\/es\/produto\/holoram-enami-60-capsulas-equisalud\/"]}]},{"@type":"ImageObject","inLanguage":"es","@id":"https:\/\/www.lifenatura.com\/es\/produto\/holoram-enami-60-capsulas-equisalud\/#primaryimage","url":"https:\/\/www.lifenatura.com\/wp-content\/uploads\/2021\/09\/gd_holoram-enami-60capsulas-equisalud.jpg","contentUrl":"https:\/\/www.lifenatura.com\/wp-content\/uploads\/2021\/09\/gd_holoram-enami-60capsulas-equisalud.jpg","width":1000,"height":1000,"caption":"Holoram Enami 60 c\u00e1psulas - Equisalud"},{"@type":"BreadcrumbList","@id":"https:\/\/www.lifenatura.com\/es\/produto\/holoram-enami-60-capsulas-equisalud\/#breadcrumb","itemListElement":[{"@type":"ListItem","position":1,"name":"In\u00edcio","item":"https:\/\/www.lifenatura.com\/es\/"},{"@type":"ListItem","position":2,"name":"Todos los Productos","item":"https:\/\/www.lifenatura.com\/es\/tienda\/"},{"@type":"ListItem","position":3,"name":"Holoram Enami 60 c\u00e1psulas &#8211; Equisalud"}]},{"@type":"WebSite","@id":"https:\/\/www.lifenatura.com\/es\/#website","url":"https:\/\/www.lifenatura.com\/es\/","name":"Lifenatura","description":"A Lifenatura \u00e9 uma loja de produtos naturais, cosm\u00e9tica natural e alimenta\u00e7\u00e3o Biol\u00f3gica.","publisher":{"@id":"https:\/\/www.lifenatura.com\/es\/#organization"},"potentialAction":[{"@type":"SearchAction","target":{"@type":"EntryPoint","urlTemplate":"https:\/\/www.lifenatura.com\/es\/?s={search_term_string}"},"query-input":{"@type":"PropertyValueSpecification","valueRequired":true,"valueName":"search_term_string"}}],"inLanguage":"es"},{"@type":"Organization","@id":"https:\/\/www.lifenatura.com\/es\/#organization","name":"Lifenatura","url":"https:\/\/www.lifenatura.com\/es\/","logo":{"@type":"ImageObject","inLanguage":"es","@id":"https:\/\/www.lifenatura.com\/es\/#\/schema\/logo\/image\/","url":"https:\/\/www.lifenatura.com\/wp-content\/uploads\/2021\/07\/logo.png","contentUrl":"https:\/\/www.lifenatura.com\/wp-content\/uploads\/2021\/07\/logo.png","width":175,"height":55,"caption":"Lifenatura"},"image":{"@id":"https:\/\/www.lifenatura.com\/es\/#\/schema\/logo\/image\/"},"sameAs":["https:\/\/www.facebook.com\/lifenatura","https:\/\/www.instagram.com\/lifenaturapt\/"],"hasMerchantReturnPolicy":{"@type":"MerchantReturnPolicy","merchantReturnLink":"https:\/\/www.lifenatura.com\/termos-condicoes-lifenatura\/"}}]},"product_price_amount":"38.75","product_price_currency":"EUR","og_availability":"instock","product_availability":"instock","product_retailer_item_id":"8436003021957","product_condition":"new"},"df_price":38.75,"df_sale_price":"","df_regular_price":38.75,"df_image_link":"https:\/\/www.lifenatura.com\/wp-content\/uploads\/2021\/09\/gd_holoram-enami-60capsulas-equisalud-300x300.jpg","_links":{"self":[{"href":"https:\/\/www.lifenatura.com\/es\/wp-json\/wp\/v2\/product\/37675","targetHints":{"allow":["GET"]}}],"collection":[{"href":"https:\/\/www.lifenatura.com\/es\/wp-json\/wp\/v2\/product"}],"about":[{"href":"https:\/\/www.lifenatura.com\/es\/wp-json\/wp\/v2\/types\/product"}],"wp:featuredmedia":[{"embeddable":true,"href":"https:\/\/www.lifenatura.com\/es\/wp-json\/wp\/v2\/media\/19280"}],"wp:attachment":[{"href":"https:\/\/www.lifenatura.com\/es\/wp-json\/wp\/v2\/media?parent=37675"}],"wp:term":[{"taxonomy":"product_brand","embeddable":true,"href":"https:\/\/www.lifenatura.com\/es\/wp-json\/wp\/v2\/product_brand?post=37675"},{"taxonomy":"product_cat","embeddable":true,"href":"https:\/\/www.lifenatura.com\/es\/wp-json\/wp\/v2\/product_cat?post=37675"},{"taxonomy":"product_tag","embeddable":true,"href":"https:\/\/www.lifenatura.com\/es\/wp-json\/wp\/v2\/product_tag?post=37675"}],"curies":[{"name":"wp","href":"https:\/\/api.w.org\/{rel}","templated":true}]}}