{"id":37669,"date":"2021-09-30T09:52:51","date_gmt":"2021-09-30T09:52:51","guid":{"rendered":"https:\/\/lifenatura.dev.agenciagetdigital.com\/produto\/holoram-cardivas-60-capsulas-equisalud\/"},"modified":"2026-01-28T07:18:16","modified_gmt":"2026-01-28T07:18:16","slug":"holoram-cardivas-60-capsulas-equisalud","status":"publish","type":"product","link":"https:\/\/www.lifenatura.com\/es\/produto\/holoram-cardivas-60-capsulas-equisalud\/","title":{"rendered":"Holoram Cardivas 60 c\u00e1psulas &#8211; Equisalud"},"content":{"rendered":"<p>Indicado para el Sistema Cardiovascular Holoram Cardivas estimula los procesos naturales de regulaci\u00f3n biol\u00f3gica que mantienen la salud del sistema cardiovascular, incluyendo la regulaci\u00f3n de la presi\u00f3n arterial, la diuresis, el ritmo card\u00edaco, el tono del m\u00fasculo card\u00edaco y de los vasos y la activaci\u00f3n de las funciones metab\u00f3licas naturales del endotelio vascular. PRESENTACI\u00d3N 60 C\u00e1psulas.<\/p>\n","protected":false},"excerpt":{"rendered":"<p>Indicado para el Sistema Cardiovascular Holoram Cardivas estimula los procesos naturales de regulaci\u00f3n biol\u00f3gica que mantienen la salud del sistema cardiovascular, incluyendo la regulaci\u00f3n de la presi\u00f3n arterial, la diuresis, el ritmo card\u00edaco, el tono del m\u00fasculo card\u00edaco y de los vasos y la activaci\u00f3n de las funciones metab\u00f3licas naturales del endotelio vascular. PRESENTACI\u00d3N 60 [&#8230;]<\/p>\n<p><a class=\"btn btn-secondary understrap-read-more-link\" href=\"https:\/\/www.lifenatura.com\/es\/produto\/holoram-cardivas-60-capsulas-equisalud\/\">Leer m\u00e1s&#8230;<span class=\"screen-reader-text\"> from Holoram Cardivas 60 c\u00e1psulas &#8211; Equisalud<\/span><\/a><\/p>\n","protected":false},"featured_media":19274,"template":"","meta":{"_acf_changed":false},"product_brand":[8490],"product_cat":[7179,7228],"product_tag":[],"class_list":{"0":"post-37669","1":"product","2":"type-product","3":"status-publish","4":"has-post-thumbnail","6":"product_brand-equisalud-es","7":"product_cat-salud","8":"product_cat-tension-arterial","10":"first","11":"instock","12":"shipping-taxable","13":"purchasable","14":"product-type-simple","15":"add-to-wishlist-before_image"},"acf":[],"yoast_head":"<!-- This site is optimized with the Yoast SEO Premium plugin v27.1 (Yoast SEO v27.5) - https:\/\/yoast.com\/product\/yoast-seo-premium-wordpress\/ -->\n<title>Holoram Cardivas 60 c\u00e1psulas - Equisalud<\/title>\n<meta name=\"description\" content=\"Holoram Cardivas estimula los procesos naturales de regulaci\u00f3n biol\u00f3gica que mantienen la salud del sistema cardiovascular.\" \/>\n<meta name=\"robots\" content=\"index, follow, max-snippet:-1, max-image-preview:large, max-video-preview:-1\" \/>\n<link rel=\"canonical\" href=\"https:\/\/www.lifenatura.com\/es\/produto\/holoram-cardivas-60-capsulas-equisalud\/\" \/>\n<meta property=\"og:locale\" content=\"es_ES\" \/>\n<meta property=\"og:type\" content=\"article\" \/>\n<meta property=\"og:title\" content=\"Holoram Cardivas 60 c\u00e1psulas - Equisalud - Na Lifenatura ao Melhor Pre\u00e7o | Envio 48h\" \/>\n<meta property=\"og:description\" content=\"Compre Holoram Cardivas 60 c\u00e1psulas - Equisalud com envio r\u00e1pido. Entrega em 48h e portes gr\u00e1tis em compras &gt;35\u20ac. Aproveite j\u00e1 na Lifenatura\" \/>\n<meta property=\"og:url\" content=\"https:\/\/www.lifenatura.com\/es\/produto\/holoram-cardivas-60-capsulas-equisalud\/\" \/>\n<meta property=\"og:site_name\" content=\"Lifenatura\" \/>\n<meta property=\"article:publisher\" content=\"https:\/\/www.facebook.com\/lifenatura\" \/>\n<meta property=\"article:modified_time\" content=\"2026-01-28T07:18:16+00:00\" \/>\n<meta property=\"og:image\" content=\"https:\/\/www.lifenatura.com\/wp-content\/uploads\/2021\/09\/gd_holoram-cardivas-60-capsulas-holoram.jpg\" \/>\n\t<meta property=\"og:image:width\" content=\"1000\" \/>\n\t<meta property=\"og:image:height\" content=\"1000\" \/>\n\t<meta property=\"og:image:type\" content=\"image\/jpeg\" \/>\n<meta name=\"twitter:card\" content=\"summary_large_image\" \/>\n<meta name=\"twitter:label1\" content=\"Precio\" \/>\n\t<meta name=\"twitter:data1\" content=\"51,70&nbsp;&euro;\" \/>\n\t<meta name=\"twitter:label2\" content=\"Disponibilidad\" \/>\n\t<meta name=\"twitter:data2\" content=\"Disponible\" \/>\n<script type=\"application\/ld+json\" class=\"yoast-schema-graph\">{\"@context\":\"https:\\\/\\\/schema.org\",\"@graph\":[{\"@type\":\"WebPage\",\"@id\":\"https:\\\/\\\/www.lifenatura.com\\\/es\\\/produto\\\/holoram-cardivas-60-capsulas-equisalud\\\/\",\"url\":\"https:\\\/\\\/www.lifenatura.com\\\/es\\\/produto\\\/holoram-cardivas-60-capsulas-equisalud\\\/\",\"name\":\"Holoram Cardivas 60 c\u00e1psulas - Equisalud\",\"isPartOf\":{\"@id\":\"https:\\\/\\\/www.lifenatura.com\\\/es\\\/#website\"},\"primaryImageOfPage\":{\"@id\":\"https:\\\/\\\/www.lifenatura.com\\\/es\\\/produto\\\/holoram-cardivas-60-capsulas-equisalud\\\/#primaryimage\"},\"image\":{\"@id\":\"https:\\\/\\\/www.lifenatura.com\\\/es\\\/produto\\\/holoram-cardivas-60-capsulas-equisalud\\\/#primaryimage\"},\"thumbnailUrl\":\"https:\\\/\\\/www.lifenatura.com\\\/wp-content\\\/uploads\\\/2021\\\/09\\\/gd_holoram-cardivas-60-capsulas-holoram.jpg\",\"datePublished\":\"2021-09-30T09:52:51+00:00\",\"dateModified\":\"2026-01-28T07:18:16+00:00\",\"description\":\"Holoram Cardivas estimula los procesos naturales de regulaci\u00f3n biol\u00f3gica que mantienen la salud del sistema cardiovascular.\",\"breadcrumb\":{\"@id\":\"https:\\\/\\\/www.lifenatura.com\\\/es\\\/produto\\\/holoram-cardivas-60-capsulas-equisalud\\\/#breadcrumb\"},\"inLanguage\":\"es\",\"potentialAction\":[{\"@type\":\"ReadAction\",\"target\":[\"https:\\\/\\\/www.lifenatura.com\\\/es\\\/produto\\\/holoram-cardivas-60-capsulas-equisalud\\\/\"]}]},{\"@type\":\"ImageObject\",\"inLanguage\":\"es\",\"@id\":\"https:\\\/\\\/www.lifenatura.com\\\/es\\\/produto\\\/holoram-cardivas-60-capsulas-equisalud\\\/#primaryimage\",\"url\":\"https:\\\/\\\/www.lifenatura.com\\\/wp-content\\\/uploads\\\/2021\\\/09\\\/gd_holoram-cardivas-60-capsulas-holoram.jpg\",\"contentUrl\":\"https:\\\/\\\/www.lifenatura.com\\\/wp-content\\\/uploads\\\/2021\\\/09\\\/gd_holoram-cardivas-60-capsulas-holoram.jpg\",\"width\":1000,\"height\":1000,\"caption\":\"Holoram Cardivas 60 c\u00e1psulas - Equisalud\"},{\"@type\":\"BreadcrumbList\",\"@id\":\"https:\\\/\\\/www.lifenatura.com\\\/es\\\/produto\\\/holoram-cardivas-60-capsulas-equisalud\\\/#breadcrumb\",\"itemListElement\":[{\"@type\":\"ListItem\",\"position\":1,\"name\":\"In\u00edcio\",\"item\":\"https:\\\/\\\/www.lifenatura.com\\\/es\\\/\"},{\"@type\":\"ListItem\",\"position\":2,\"name\":\"Todos los Productos\",\"item\":\"https:\\\/\\\/www.lifenatura.com\\\/es\\\/tienda\\\/\"},{\"@type\":\"ListItem\",\"position\":3,\"name\":\"Holoram Cardivas 60 c\u00e1psulas &#8211; Equisalud\"}]},{\"@type\":\"WebSite\",\"@id\":\"https:\\\/\\\/www.lifenatura.com\\\/es\\\/#website\",\"url\":\"https:\\\/\\\/www.lifenatura.com\\\/es\\\/\",\"name\":\"Lifenatura\",\"description\":\"A Lifenatura \u00e9 uma loja de produtos naturais, cosm\u00e9tica natural e alimenta\u00e7\u00e3o Biol\u00f3gica.\",\"publisher\":{\"@id\":\"https:\\\/\\\/www.lifenatura.com\\\/es\\\/#organization\"},\"potentialAction\":[{\"@type\":\"SearchAction\",\"target\":{\"@type\":\"EntryPoint\",\"urlTemplate\":\"https:\\\/\\\/www.lifenatura.com\\\/es\\\/?s={search_term_string}\"},\"query-input\":{\"@type\":\"PropertyValueSpecification\",\"valueRequired\":true,\"valueName\":\"search_term_string\"}}],\"inLanguage\":\"es\"},{\"@type\":\"Organization\",\"@id\":\"https:\\\/\\\/www.lifenatura.com\\\/es\\\/#organization\",\"name\":\"Lifenatura\",\"url\":\"https:\\\/\\\/www.lifenatura.com\\\/es\\\/\",\"logo\":{\"@type\":\"ImageObject\",\"inLanguage\":\"es\",\"@id\":\"https:\\\/\\\/www.lifenatura.com\\\/es\\\/#\\\/schema\\\/logo\\\/image\\\/\",\"url\":\"https:\\\/\\\/www.lifenatura.com\\\/wp-content\\\/uploads\\\/2021\\\/07\\\/logo.png\",\"contentUrl\":\"https:\\\/\\\/www.lifenatura.com\\\/wp-content\\\/uploads\\\/2021\\\/07\\\/logo.png\",\"width\":175,\"height\":55,\"caption\":\"Lifenatura\"},\"image\":{\"@id\":\"https:\\\/\\\/www.lifenatura.com\\\/es\\\/#\\\/schema\\\/logo\\\/image\\\/\"},\"sameAs\":[\"https:\\\/\\\/www.facebook.com\\\/lifenatura\",\"https:\\\/\\\/www.instagram.com\\\/lifenaturapt\\\/\"],\"hasMerchantReturnPolicy\":{\"@type\":\"MerchantReturnPolicy\",\"merchantReturnLink\":\"https:\\\/\\\/www.lifenatura.com\\\/termos-condicoes-lifenatura\\\/\"}}]}<\/script>\n<meta property=\"product:price:amount\" content=\"51.70\" \/>\n<meta property=\"product:price:currency\" content=\"EUR\" \/>\n<meta property=\"og:availability\" content=\"instock\" \/>\n<meta property=\"product:availability\" content=\"instock\" \/>\n<meta property=\"product:retailer_item_id\" content=\"8436003020660\" \/>\n<meta property=\"product:condition\" content=\"new\" \/>\n<!-- \/ Yoast SEO Premium plugin. -->","yoast_head_json":{"title":"Holoram Cardivas 60 c\u00e1psulas - Equisalud","description":"Holoram Cardivas estimula los procesos naturales de regulaci\u00f3n biol\u00f3gica que mantienen la salud del sistema cardiovascular.","robots":{"index":"index","follow":"follow","max-snippet":"max-snippet:-1","max-image-preview":"max-image-preview:large","max-video-preview":"max-video-preview:-1"},"canonical":"https:\/\/www.lifenatura.com\/es\/produto\/holoram-cardivas-60-capsulas-equisalud\/","og_locale":"es_ES","og_type":"article","og_title":"Holoram Cardivas 60 c\u00e1psulas - Equisalud - Na Lifenatura ao Melhor Pre\u00e7o | Envio 48h","og_description":"Compre Holoram Cardivas 60 c\u00e1psulas - Equisalud com envio r\u00e1pido. Entrega em 48h e portes gr\u00e1tis em compras >35\u20ac. Aproveite j\u00e1 na Lifenatura","og_url":"https:\/\/www.lifenatura.com\/es\/produto\/holoram-cardivas-60-capsulas-equisalud\/","og_site_name":"Lifenatura","article_publisher":"https:\/\/www.facebook.com\/lifenatura","article_modified_time":"2026-01-28T07:18:16+00:00","og_image":[{"width":1000,"height":1000,"url":"https:\/\/www.lifenatura.com\/wp-content\/uploads\/2021\/09\/gd_holoram-cardivas-60-capsulas-holoram.jpg","type":"image\/jpeg"}],"twitter_card":"summary_large_image","twitter_misc":{"Precio":"51,70&nbsp;&euro;","Disponibilidad":"Disponible"},"schema":{"@context":"https:\/\/schema.org","@graph":[{"@type":"WebPage","@id":"https:\/\/www.lifenatura.com\/es\/produto\/holoram-cardivas-60-capsulas-equisalud\/","url":"https:\/\/www.lifenatura.com\/es\/produto\/holoram-cardivas-60-capsulas-equisalud\/","name":"Holoram Cardivas 60 c\u00e1psulas - Equisalud","isPartOf":{"@id":"https:\/\/www.lifenatura.com\/es\/#website"},"primaryImageOfPage":{"@id":"https:\/\/www.lifenatura.com\/es\/produto\/holoram-cardivas-60-capsulas-equisalud\/#primaryimage"},"image":{"@id":"https:\/\/www.lifenatura.com\/es\/produto\/holoram-cardivas-60-capsulas-equisalud\/#primaryimage"},"thumbnailUrl":"https:\/\/www.lifenatura.com\/wp-content\/uploads\/2021\/09\/gd_holoram-cardivas-60-capsulas-holoram.jpg","datePublished":"2021-09-30T09:52:51+00:00","dateModified":"2026-01-28T07:18:16+00:00","description":"Holoram Cardivas estimula los procesos naturales de regulaci\u00f3n biol\u00f3gica que mantienen la salud del sistema cardiovascular.","breadcrumb":{"@id":"https:\/\/www.lifenatura.com\/es\/produto\/holoram-cardivas-60-capsulas-equisalud\/#breadcrumb"},"inLanguage":"es","potentialAction":[{"@type":"ReadAction","target":["https:\/\/www.lifenatura.com\/es\/produto\/holoram-cardivas-60-capsulas-equisalud\/"]}]},{"@type":"ImageObject","inLanguage":"es","@id":"https:\/\/www.lifenatura.com\/es\/produto\/holoram-cardivas-60-capsulas-equisalud\/#primaryimage","url":"https:\/\/www.lifenatura.com\/wp-content\/uploads\/2021\/09\/gd_holoram-cardivas-60-capsulas-holoram.jpg","contentUrl":"https:\/\/www.lifenatura.com\/wp-content\/uploads\/2021\/09\/gd_holoram-cardivas-60-capsulas-holoram.jpg","width":1000,"height":1000,"caption":"Holoram Cardivas 60 c\u00e1psulas - Equisalud"},{"@type":"BreadcrumbList","@id":"https:\/\/www.lifenatura.com\/es\/produto\/holoram-cardivas-60-capsulas-equisalud\/#breadcrumb","itemListElement":[{"@type":"ListItem","position":1,"name":"In\u00edcio","item":"https:\/\/www.lifenatura.com\/es\/"},{"@type":"ListItem","position":2,"name":"Todos los Productos","item":"https:\/\/www.lifenatura.com\/es\/tienda\/"},{"@type":"ListItem","position":3,"name":"Holoram Cardivas 60 c\u00e1psulas &#8211; Equisalud"}]},{"@type":"WebSite","@id":"https:\/\/www.lifenatura.com\/es\/#website","url":"https:\/\/www.lifenatura.com\/es\/","name":"Lifenatura","description":"A Lifenatura \u00e9 uma loja de produtos naturais, cosm\u00e9tica natural e alimenta\u00e7\u00e3o Biol\u00f3gica.","publisher":{"@id":"https:\/\/www.lifenatura.com\/es\/#organization"},"potentialAction":[{"@type":"SearchAction","target":{"@type":"EntryPoint","urlTemplate":"https:\/\/www.lifenatura.com\/es\/?s={search_term_string}"},"query-input":{"@type":"PropertyValueSpecification","valueRequired":true,"valueName":"search_term_string"}}],"inLanguage":"es"},{"@type":"Organization","@id":"https:\/\/www.lifenatura.com\/es\/#organization","name":"Lifenatura","url":"https:\/\/www.lifenatura.com\/es\/","logo":{"@type":"ImageObject","inLanguage":"es","@id":"https:\/\/www.lifenatura.com\/es\/#\/schema\/logo\/image\/","url":"https:\/\/www.lifenatura.com\/wp-content\/uploads\/2021\/07\/logo.png","contentUrl":"https:\/\/www.lifenatura.com\/wp-content\/uploads\/2021\/07\/logo.png","width":175,"height":55,"caption":"Lifenatura"},"image":{"@id":"https:\/\/www.lifenatura.com\/es\/#\/schema\/logo\/image\/"},"sameAs":["https:\/\/www.facebook.com\/lifenatura","https:\/\/www.instagram.com\/lifenaturapt\/"],"hasMerchantReturnPolicy":{"@type":"MerchantReturnPolicy","merchantReturnLink":"https:\/\/www.lifenatura.com\/termos-condicoes-lifenatura\/"}}]},"product_price_amount":"51.70","product_price_currency":"EUR","og_availability":"instock","product_availability":"instock","product_retailer_item_id":"8436003020660","product_condition":"new"},"df_price":51.7,"df_sale_price":"","df_regular_price":51.7,"df_image_link":"https:\/\/www.lifenatura.com\/wp-content\/uploads\/2021\/09\/gd_holoram-cardivas-60-capsulas-holoram-300x300.jpg","_links":{"self":[{"href":"https:\/\/www.lifenatura.com\/es\/wp-json\/wp\/v2\/product\/37669","targetHints":{"allow":["GET"]}}],"collection":[{"href":"https:\/\/www.lifenatura.com\/es\/wp-json\/wp\/v2\/product"}],"about":[{"href":"https:\/\/www.lifenatura.com\/es\/wp-json\/wp\/v2\/types\/product"}],"wp:featuredmedia":[{"embeddable":true,"href":"https:\/\/www.lifenatura.com\/es\/wp-json\/wp\/v2\/media\/19274"}],"wp:attachment":[{"href":"https:\/\/www.lifenatura.com\/es\/wp-json\/wp\/v2\/media?parent=37669"}],"wp:term":[{"taxonomy":"product_brand","embeddable":true,"href":"https:\/\/www.lifenatura.com\/es\/wp-json\/wp\/v2\/product_brand?post=37669"},{"taxonomy":"product_cat","embeddable":true,"href":"https:\/\/www.lifenatura.com\/es\/wp-json\/wp\/v2\/product_cat?post=37669"},{"taxonomy":"product_tag","embeddable":true,"href":"https:\/\/www.lifenatura.com\/es\/wp-json\/wp\/v2\/product_tag?post=37669"}],"curies":[{"name":"wp","href":"https:\/\/api.w.org\/{rel}","templated":true}]}}