{"id":37652,"date":"2021-09-30T09:52:32","date_gmt":"2021-09-30T09:52:32","guid":{"rendered":"https:\/\/lifenatura.dev.agenciagetdigital.com\/produto\/glucomanano-60-capsulas-emagril\/"},"modified":"2026-01-28T07:18:13","modified_gmt":"2026-01-28T07:18:13","slug":"glucomanano-60-capsulas-emagril","status":"publish","type":"product","link":"https:\/\/www.lifenatura.com\/es\/produto\/glucomanano-60-capsulas-emagril\/","title":{"rendered":"Glucomanano 60 c\u00e1psulas &#8211; Emagril"},"content":{"rendered":"<p>Inhibidor de Apetito El Emagril glucomanano contribuye al mantenimiento de niveles normales de colesterol en la sangre. El glucomanano, en el marco de un r\u00e9gimen alimentario de bajo valor energ\u00e9tico, contribuye a la p\u00e9rdida de peso. PRESENTACI\u00d3N 60 C\u00e1psulas<\/p>\n","protected":false},"excerpt":{"rendered":"<p>Inhibidor de Apetito El Emagril glucomanano contribuye al mantenimiento de niveles normales de colesterol en la sangre. El glucomanano, en el marco de un r\u00e9gimen alimentario de bajo valor energ\u00e9tico, contribuye a la p\u00e9rdida de peso. PRESENTACI\u00d3N 60 C\u00e1psulas [&#8230;]<\/p>\n<p><a class=\"btn btn-secondary understrap-read-more-link\" href=\"https:\/\/www.lifenatura.com\/es\/produto\/glucomanano-60-capsulas-emagril\/\">Leer m\u00e1s&#8230;<span class=\"screen-reader-text\"> from Glucomanano 60 c\u00e1psulas &#8211; Emagril<\/span><\/a><\/p>\n","protected":false},"featured_media":19258,"template":"","meta":{"_acf_changed":false},"product_brand":[8492],"product_cat":[7190,7710,7659,7194,7179],"product_tag":[],"class_list":{"0":"post-37652","1":"product","2":"type-product","3":"status-publish","4":"has-post-thumbnail","6":"product_brand-emagril-es","7":"product_cat-adelgazar","8":"product_cat-glucomanano-es","9":"product_cat-ingrediente-natural-bio","10":"product_cat-saciante","11":"product_cat-salud","13":"first","14":"instock","15":"sale","16":"featured","17":"shipping-taxable","18":"purchasable","19":"product-type-simple","20":"add-to-wishlist-before_image"},"acf":[],"yoast_head":"<!-- This site is optimized with the Yoast SEO Premium plugin v27.1 (Yoast SEO v27.5) - https:\/\/yoast.com\/product\/yoast-seo-premium-wordpress\/ -->\n<title>Glucomanano 60 c\u00e1psulas - Emagril<\/title>\n<meta name=\"description\" content=\"El Emagril glucomanano contribuye al mantenimiento de niveles normales de colesterol en la sangre. El glucomanano, en el marco de un r\u00e9gimen alimentario de bajo valor energ\u00e9tico, contribuye a la p\u00e9rdida de peso.\" \/>\n<meta name=\"robots\" content=\"index, follow, max-snippet:-1, max-image-preview:large, max-video-preview:-1\" \/>\n<link rel=\"canonical\" href=\"https:\/\/www.lifenatura.com\/es\/produto\/glucomanano-60-capsulas-emagril\/\" \/>\n<meta property=\"og:locale\" content=\"es_ES\" \/>\n<meta property=\"og:type\" content=\"article\" \/>\n<meta property=\"og:title\" content=\"Glucomanano 60 c\u00e1psulas - Emagril - Na Lifenatura ao Melhor Pre\u00e7o | Envio 48h\" \/>\n<meta property=\"og:description\" content=\"Compre Glucomanano 60 c\u00e1psulas - Emagril com envio r\u00e1pido. Entrega em 48h e portes gr\u00e1tis em compras &gt;35\u20ac. Aproveite j\u00e1 na Lifenatura\" \/>\n<meta property=\"og:url\" content=\"https:\/\/www.lifenatura.com\/es\/produto\/glucomanano-60-capsulas-emagril\/\" \/>\n<meta property=\"og:site_name\" content=\"Lifenatura\" \/>\n<meta property=\"article:publisher\" content=\"https:\/\/www.facebook.com\/lifenatura\" \/>\n<meta property=\"article:modified_time\" content=\"2026-01-28T07:18:13+00:00\" \/>\n<meta property=\"og:image\" content=\"https:\/\/www.lifenatura.com\/wp-content\/uploads\/2021\/09\/gd_emagril_glucomanano_60comprimidos.jpg\" \/>\n\t<meta property=\"og:image:width\" content=\"1000\" \/>\n\t<meta property=\"og:image:height\" content=\"1000\" \/>\n\t<meta property=\"og:image:type\" content=\"image\/jpeg\" \/>\n<meta name=\"twitter:card\" content=\"summary_large_image\" \/>\n<meta name=\"twitter:label1\" content=\"Precio\" \/>\n\t<meta name=\"twitter:data1\" content=\"19,89&nbsp;&euro;\" \/>\n\t<meta name=\"twitter:label2\" content=\"Disponibilidad\" \/>\n\t<meta name=\"twitter:data2\" content=\"Disponible\" \/>\n<script type=\"application\/ld+json\" class=\"yoast-schema-graph\">{\"@context\":\"https:\\\/\\\/schema.org\",\"@graph\":[{\"@type\":\"WebPage\",\"@id\":\"https:\\\/\\\/www.lifenatura.com\\\/es\\\/produto\\\/glucomanano-60-capsulas-emagril\\\/\",\"url\":\"https:\\\/\\\/www.lifenatura.com\\\/es\\\/produto\\\/glucomanano-60-capsulas-emagril\\\/\",\"name\":\"Glucomanano 60 c\u00e1psulas - Emagril\",\"isPartOf\":{\"@id\":\"https:\\\/\\\/www.lifenatura.com\\\/es\\\/#website\"},\"primaryImageOfPage\":{\"@id\":\"https:\\\/\\\/www.lifenatura.com\\\/es\\\/produto\\\/glucomanano-60-capsulas-emagril\\\/#primaryimage\"},\"image\":{\"@id\":\"https:\\\/\\\/www.lifenatura.com\\\/es\\\/produto\\\/glucomanano-60-capsulas-emagril\\\/#primaryimage\"},\"thumbnailUrl\":\"https:\\\/\\\/www.lifenatura.com\\\/wp-content\\\/uploads\\\/2021\\\/09\\\/gd_emagril_glucomanano_60comprimidos.jpg\",\"datePublished\":\"2021-09-30T09:52:32+00:00\",\"dateModified\":\"2026-01-28T07:18:13+00:00\",\"description\":\"El Emagril glucomanano contribuye al mantenimiento de niveles normales de colesterol en la sangre. El glucomanano, en el marco de un r\u00e9gimen alimentario de bajo valor energ\u00e9tico, contribuye a la p\u00e9rdida de peso.\",\"breadcrumb\":{\"@id\":\"https:\\\/\\\/www.lifenatura.com\\\/es\\\/produto\\\/glucomanano-60-capsulas-emagril\\\/#breadcrumb\"},\"inLanguage\":\"es\",\"potentialAction\":[{\"@type\":\"ReadAction\",\"target\":[\"https:\\\/\\\/www.lifenatura.com\\\/es\\\/produto\\\/glucomanano-60-capsulas-emagril\\\/\"]}]},{\"@type\":\"ImageObject\",\"inLanguage\":\"es\",\"@id\":\"https:\\\/\\\/www.lifenatura.com\\\/es\\\/produto\\\/glucomanano-60-capsulas-emagril\\\/#primaryimage\",\"url\":\"https:\\\/\\\/www.lifenatura.com\\\/wp-content\\\/uploads\\\/2021\\\/09\\\/gd_emagril_glucomanano_60comprimidos.jpg\",\"contentUrl\":\"https:\\\/\\\/www.lifenatura.com\\\/wp-content\\\/uploads\\\/2021\\\/09\\\/gd_emagril_glucomanano_60comprimidos.jpg\",\"width\":1000,\"height\":1000,\"caption\":\"Glucomanano 60 c\u00e1psulas - Emagril\"},{\"@type\":\"BreadcrumbList\",\"@id\":\"https:\\\/\\\/www.lifenatura.com\\\/es\\\/produto\\\/glucomanano-60-capsulas-emagril\\\/#breadcrumb\",\"itemListElement\":[{\"@type\":\"ListItem\",\"position\":1,\"name\":\"In\u00edcio\",\"item\":\"https:\\\/\\\/www.lifenatura.com\\\/es\\\/\"},{\"@type\":\"ListItem\",\"position\":2,\"name\":\"Todos los Productos\",\"item\":\"https:\\\/\\\/www.lifenatura.com\\\/es\\\/tienda\\\/\"},{\"@type\":\"ListItem\",\"position\":3,\"name\":\"Glucomanano 60 c\u00e1psulas &#8211; Emagril\"}]},{\"@type\":\"WebSite\",\"@id\":\"https:\\\/\\\/www.lifenatura.com\\\/es\\\/#website\",\"url\":\"https:\\\/\\\/www.lifenatura.com\\\/es\\\/\",\"name\":\"Lifenatura\",\"description\":\"A Lifenatura \u00e9 uma loja de produtos naturais, cosm\u00e9tica natural e alimenta\u00e7\u00e3o Biol\u00f3gica.\",\"publisher\":{\"@id\":\"https:\\\/\\\/www.lifenatura.com\\\/es\\\/#organization\"},\"potentialAction\":[{\"@type\":\"SearchAction\",\"target\":{\"@type\":\"EntryPoint\",\"urlTemplate\":\"https:\\\/\\\/www.lifenatura.com\\\/es\\\/?s={search_term_string}\"},\"query-input\":{\"@type\":\"PropertyValueSpecification\",\"valueRequired\":true,\"valueName\":\"search_term_string\"}}],\"inLanguage\":\"es\"},{\"@type\":\"Organization\",\"@id\":\"https:\\\/\\\/www.lifenatura.com\\\/es\\\/#organization\",\"name\":\"Lifenatura\",\"url\":\"https:\\\/\\\/www.lifenatura.com\\\/es\\\/\",\"logo\":{\"@type\":\"ImageObject\",\"inLanguage\":\"es\",\"@id\":\"https:\\\/\\\/www.lifenatura.com\\\/es\\\/#\\\/schema\\\/logo\\\/image\\\/\",\"url\":\"https:\\\/\\\/www.lifenatura.com\\\/wp-content\\\/uploads\\\/2021\\\/07\\\/logo.png\",\"contentUrl\":\"https:\\\/\\\/www.lifenatura.com\\\/wp-content\\\/uploads\\\/2021\\\/07\\\/logo.png\",\"width\":175,\"height\":55,\"caption\":\"Lifenatura\"},\"image\":{\"@id\":\"https:\\\/\\\/www.lifenatura.com\\\/es\\\/#\\\/schema\\\/logo\\\/image\\\/\"},\"sameAs\":[\"https:\\\/\\\/www.facebook.com\\\/lifenatura\",\"https:\\\/\\\/www.instagram.com\\\/lifenaturapt\\\/\"],\"hasMerchantReturnPolicy\":{\"@type\":\"MerchantReturnPolicy\",\"merchantReturnLink\":\"https:\\\/\\\/www.lifenatura.com\\\/termos-condicoes-lifenatura\\\/\"}}]}<\/script>\n<meta property=\"product:price:amount\" content=\"19.89\" \/>\n<meta property=\"product:price:currency\" content=\"EUR\" \/>\n<meta property=\"og:availability\" content=\"instock\" \/>\n<meta property=\"product:availability\" content=\"instock\" \/>\n<meta property=\"product:retailer_item_id\" content=\"5603839004550\" \/>\n<meta property=\"product:condition\" content=\"new\" \/>\n<!-- \/ Yoast SEO Premium plugin. -->","yoast_head_json":{"title":"Glucomanano 60 c\u00e1psulas - Emagril","description":"El Emagril glucomanano contribuye al mantenimiento de niveles normales de colesterol en la sangre. El glucomanano, en el marco de un r\u00e9gimen alimentario de bajo valor energ\u00e9tico, contribuye a la p\u00e9rdida de peso.","robots":{"index":"index","follow":"follow","max-snippet":"max-snippet:-1","max-image-preview":"max-image-preview:large","max-video-preview":"max-video-preview:-1"},"canonical":"https:\/\/www.lifenatura.com\/es\/produto\/glucomanano-60-capsulas-emagril\/","og_locale":"es_ES","og_type":"article","og_title":"Glucomanano 60 c\u00e1psulas - Emagril - Na Lifenatura ao Melhor Pre\u00e7o | Envio 48h","og_description":"Compre Glucomanano 60 c\u00e1psulas - Emagril com envio r\u00e1pido. Entrega em 48h e portes gr\u00e1tis em compras >35\u20ac. Aproveite j\u00e1 na Lifenatura","og_url":"https:\/\/www.lifenatura.com\/es\/produto\/glucomanano-60-capsulas-emagril\/","og_site_name":"Lifenatura","article_publisher":"https:\/\/www.facebook.com\/lifenatura","article_modified_time":"2026-01-28T07:18:13+00:00","og_image":[{"width":1000,"height":1000,"url":"https:\/\/www.lifenatura.com\/wp-content\/uploads\/2021\/09\/gd_emagril_glucomanano_60comprimidos.jpg","type":"image\/jpeg"}],"twitter_card":"summary_large_image","twitter_misc":{"Precio":"19,89&nbsp;&euro;","Disponibilidad":"Disponible"},"schema":{"@context":"https:\/\/schema.org","@graph":[{"@type":"WebPage","@id":"https:\/\/www.lifenatura.com\/es\/produto\/glucomanano-60-capsulas-emagril\/","url":"https:\/\/www.lifenatura.com\/es\/produto\/glucomanano-60-capsulas-emagril\/","name":"Glucomanano 60 c\u00e1psulas - Emagril","isPartOf":{"@id":"https:\/\/www.lifenatura.com\/es\/#website"},"primaryImageOfPage":{"@id":"https:\/\/www.lifenatura.com\/es\/produto\/glucomanano-60-capsulas-emagril\/#primaryimage"},"image":{"@id":"https:\/\/www.lifenatura.com\/es\/produto\/glucomanano-60-capsulas-emagril\/#primaryimage"},"thumbnailUrl":"https:\/\/www.lifenatura.com\/wp-content\/uploads\/2021\/09\/gd_emagril_glucomanano_60comprimidos.jpg","datePublished":"2021-09-30T09:52:32+00:00","dateModified":"2026-01-28T07:18:13+00:00","description":"El Emagril glucomanano contribuye al mantenimiento de niveles normales de colesterol en la sangre. El glucomanano, en el marco de un r\u00e9gimen alimentario de bajo valor energ\u00e9tico, contribuye a la p\u00e9rdida de peso.","breadcrumb":{"@id":"https:\/\/www.lifenatura.com\/es\/produto\/glucomanano-60-capsulas-emagril\/#breadcrumb"},"inLanguage":"es","potentialAction":[{"@type":"ReadAction","target":["https:\/\/www.lifenatura.com\/es\/produto\/glucomanano-60-capsulas-emagril\/"]}]},{"@type":"ImageObject","inLanguage":"es","@id":"https:\/\/www.lifenatura.com\/es\/produto\/glucomanano-60-capsulas-emagril\/#primaryimage","url":"https:\/\/www.lifenatura.com\/wp-content\/uploads\/2021\/09\/gd_emagril_glucomanano_60comprimidos.jpg","contentUrl":"https:\/\/www.lifenatura.com\/wp-content\/uploads\/2021\/09\/gd_emagril_glucomanano_60comprimidos.jpg","width":1000,"height":1000,"caption":"Glucomanano 60 c\u00e1psulas - Emagril"},{"@type":"BreadcrumbList","@id":"https:\/\/www.lifenatura.com\/es\/produto\/glucomanano-60-capsulas-emagril\/#breadcrumb","itemListElement":[{"@type":"ListItem","position":1,"name":"In\u00edcio","item":"https:\/\/www.lifenatura.com\/es\/"},{"@type":"ListItem","position":2,"name":"Todos los Productos","item":"https:\/\/www.lifenatura.com\/es\/tienda\/"},{"@type":"ListItem","position":3,"name":"Glucomanano 60 c\u00e1psulas &#8211; Emagril"}]},{"@type":"WebSite","@id":"https:\/\/www.lifenatura.com\/es\/#website","url":"https:\/\/www.lifenatura.com\/es\/","name":"Lifenatura","description":"A Lifenatura \u00e9 uma loja de produtos naturais, cosm\u00e9tica natural e alimenta\u00e7\u00e3o Biol\u00f3gica.","publisher":{"@id":"https:\/\/www.lifenatura.com\/es\/#organization"},"potentialAction":[{"@type":"SearchAction","target":{"@type":"EntryPoint","urlTemplate":"https:\/\/www.lifenatura.com\/es\/?s={search_term_string}"},"query-input":{"@type":"PropertyValueSpecification","valueRequired":true,"valueName":"search_term_string"}}],"inLanguage":"es"},{"@type":"Organization","@id":"https:\/\/www.lifenatura.com\/es\/#organization","name":"Lifenatura","url":"https:\/\/www.lifenatura.com\/es\/","logo":{"@type":"ImageObject","inLanguage":"es","@id":"https:\/\/www.lifenatura.com\/es\/#\/schema\/logo\/image\/","url":"https:\/\/www.lifenatura.com\/wp-content\/uploads\/2021\/07\/logo.png","contentUrl":"https:\/\/www.lifenatura.com\/wp-content\/uploads\/2021\/07\/logo.png","width":175,"height":55,"caption":"Lifenatura"},"image":{"@id":"https:\/\/www.lifenatura.com\/es\/#\/schema\/logo\/image\/"},"sameAs":["https:\/\/www.facebook.com\/lifenatura","https:\/\/www.instagram.com\/lifenaturapt\/"],"hasMerchantReturnPolicy":{"@type":"MerchantReturnPolicy","merchantReturnLink":"https:\/\/www.lifenatura.com\/termos-condicoes-lifenatura\/"}}]},"product_price_amount":"19.89","product_price_currency":"EUR","og_availability":"instock","product_availability":"instock","product_retailer_item_id":"5603839004550","product_condition":"new"},"df_price":19.89,"df_sale_price":19.89,"df_regular_price":33.15,"df_image_link":"https:\/\/www.lifenatura.com\/wp-content\/uploads\/2021\/09\/gd_emagril_glucomanano_60comprimidos-300x300.jpg","_links":{"self":[{"href":"https:\/\/www.lifenatura.com\/es\/wp-json\/wp\/v2\/product\/37652","targetHints":{"allow":["GET"]}}],"collection":[{"href":"https:\/\/www.lifenatura.com\/es\/wp-json\/wp\/v2\/product"}],"about":[{"href":"https:\/\/www.lifenatura.com\/es\/wp-json\/wp\/v2\/types\/product"}],"wp:featuredmedia":[{"embeddable":true,"href":"https:\/\/www.lifenatura.com\/es\/wp-json\/wp\/v2\/media\/19258"}],"wp:attachment":[{"href":"https:\/\/www.lifenatura.com\/es\/wp-json\/wp\/v2\/media?parent=37652"}],"wp:term":[{"taxonomy":"product_brand","embeddable":true,"href":"https:\/\/www.lifenatura.com\/es\/wp-json\/wp\/v2\/product_brand?post=37652"},{"taxonomy":"product_cat","embeddable":true,"href":"https:\/\/www.lifenatura.com\/es\/wp-json\/wp\/v2\/product_cat?post=37652"},{"taxonomy":"product_tag","embeddable":true,"href":"https:\/\/www.lifenatura.com\/es\/wp-json\/wp\/v2\/product_tag?post=37652"}],"curies":[{"name":"wp","href":"https:\/\/api.w.org\/{rel}","templated":true}]}}