{"id":37643,"date":"2021-09-30T09:52:32","date_gmt":"2021-09-30T09:52:32","guid":{"rendered":"https:\/\/lifenatura.dev.agenciagetdigital.com\/produto\/desodorante-roll-on-leche-de-avena-85-ml-elisa-camara\/"},"modified":"2026-01-28T07:18:10","modified_gmt":"2026-01-28T07:18:10","slug":"desodorante-roll-on-leche-de-avena-85-ml-elisa-camara","status":"publish","type":"product","link":"https:\/\/www.lifenatura.com\/es\/produto\/desodorante-roll-on-leche-de-avena-85-ml-elisa-camara\/","title":{"rendered":"Desodorante Roll-On Leche de Avena 85 ml &#8211; Elisa C\u00e2mara"},"content":{"rendered":"<p>Desodorante Roll-On Leche de Avena Desodorante Leche de avena enriquecida con extracto natural de avena dermocompatible de acci\u00f3n suavizante e hidratante, garantizada una protecci\u00f3n eficaz contra el olor corporal. Aconsejado para pieles delicadas y delicadas. PRESENTACI\u00d3N 85 Ml.<\/p>\n","protected":false},"excerpt":{"rendered":"<p>Desodorante Roll-On Leche de Avena Desodorante Leche de avena enriquecida con extracto natural de avena dermocompatible de acci\u00f3n suavizante e hidratante, garantizada una protecci\u00f3n eficaz contra el olor corporal. Aconsejado para pieles delicadas y delicadas. PRESENTACI\u00d3N 85 Ml. [&#8230;]<\/p>\n<p><a class=\"btn btn-secondary understrap-read-more-link\" href=\"https:\/\/www.lifenatura.com\/es\/produto\/desodorante-roll-on-leche-de-avena-85-ml-elisa-camara\/\">Leer m\u00e1s&#8230;<span class=\"screen-reader-text\"> from Desodorante Roll-On Leche de Avena 85 ml &#8211; Elisa C\u00e2mara<\/span><\/a><\/p>\n","protected":false},"featured_media":19249,"template":"","meta":{"_acf_changed":false},"product_brand":[8556],"product_cat":[7653,7102,7107],"product_tag":[],"class_list":{"0":"post-37643","1":"product","2":"type-product","3":"status-publish","4":"has-post-thumbnail","6":"product_brand-elisa-camara","7":"product_cat-cosmetica-natural-lifenatura","8":"product_cat-cuidado-del-cuerpo","9":"product_cat-desodorantes","11":"first","12":"instock","13":"sale","14":"shipping-taxable","15":"purchasable","16":"product-type-simple","17":"add-to-wishlist-before_image"},"acf":[],"yoast_head":"<!-- This site is optimized with the Yoast SEO Premium plugin v27.1 (Yoast SEO v27.4) - https:\/\/yoast.com\/product\/yoast-seo-premium-wordpress\/ -->\n<title>Desodorante Roll-On Leche de Avena 85 ml - Elisa C\u00e2mara<\/title>\n<meta name=\"description\" content=\"Desodorante Leche de avena enriquecida con extracto natural de avena dermocompatible de acci\u00f3n suavizante e hidratante.\" \/>\n<meta name=\"robots\" content=\"index, follow, max-snippet:-1, max-image-preview:large, max-video-preview:-1\" \/>\n<link rel=\"canonical\" href=\"https:\/\/www.lifenatura.com\/es\/produto\/desodorante-roll-on-leche-de-avena-85-ml-elisa-camara\/\" \/>\n<meta property=\"og:locale\" content=\"es_ES\" \/>\n<meta property=\"og:type\" content=\"article\" \/>\n<meta property=\"og:title\" content=\"Desodorante Roll-On Leche de Avena 85 ml - Elisa C\u00e2mara - Na Lifenatura ao Melhor Pre\u00e7o | Envio 48h\" \/>\n<meta property=\"og:description\" content=\"Compre Desodorante Roll-On Leche de Avena 85 ml - Elisa C\u00e2mara com envio r\u00e1pido. Entrega em 48h e portes gr\u00e1tis em compras &gt;35\u20ac. Aproveite j\u00e1 na Lifenatura\" \/>\n<meta property=\"og:url\" content=\"https:\/\/www.lifenatura.com\/es\/produto\/desodorante-roll-on-leche-de-avena-85-ml-elisa-camara\/\" \/>\n<meta property=\"og:site_name\" content=\"Lifenatura\" \/>\n<meta property=\"article:publisher\" content=\"https:\/\/www.facebook.com\/lifenatura\" \/>\n<meta property=\"article:modified_time\" content=\"2026-01-28T07:18:10+00:00\" \/>\n<meta property=\"og:image\" content=\"https:\/\/www.lifenatura.com\/wp-content\/uploads\/2021\/09\/gd_desodorizante-roll-on-leite-aveia-85ml-elisa-camara.jpg\" \/>\n\t<meta property=\"og:image:width\" content=\"1000\" \/>\n\t<meta property=\"og:image:height\" content=\"1000\" \/>\n\t<meta property=\"og:image:type\" content=\"image\/jpeg\" \/>\n<meta name=\"twitter:card\" content=\"summary_large_image\" \/>\n<meta name=\"twitter:label1\" content=\"Precio\" \/>\n\t<meta name=\"twitter:data1\" content=\"3,36&nbsp;&euro;\" \/>\n\t<meta name=\"twitter:label2\" content=\"Disponibilidad\" \/>\n\t<meta name=\"twitter:data2\" content=\"Disponible\" \/>\n<script type=\"application\/ld+json\" class=\"yoast-schema-graph\">{\"@context\":\"https:\\\/\\\/schema.org\",\"@graph\":[{\"@type\":\"WebPage\",\"@id\":\"https:\\\/\\\/www.lifenatura.com\\\/es\\\/produto\\\/desodorante-roll-on-leche-de-avena-85-ml-elisa-camara\\\/\",\"url\":\"https:\\\/\\\/www.lifenatura.com\\\/es\\\/produto\\\/desodorante-roll-on-leche-de-avena-85-ml-elisa-camara\\\/\",\"name\":\"Desodorante Roll-On Leche de Avena 85 ml - Elisa C\u00e2mara\",\"isPartOf\":{\"@id\":\"https:\\\/\\\/www.lifenatura.com\\\/es\\\/#website\"},\"primaryImageOfPage\":{\"@id\":\"https:\\\/\\\/www.lifenatura.com\\\/es\\\/produto\\\/desodorante-roll-on-leche-de-avena-85-ml-elisa-camara\\\/#primaryimage\"},\"image\":{\"@id\":\"https:\\\/\\\/www.lifenatura.com\\\/es\\\/produto\\\/desodorante-roll-on-leche-de-avena-85-ml-elisa-camara\\\/#primaryimage\"},\"thumbnailUrl\":\"https:\\\/\\\/www.lifenatura.com\\\/wp-content\\\/uploads\\\/2021\\\/09\\\/gd_desodorizante-roll-on-leite-aveia-85ml-elisa-camara.jpg\",\"datePublished\":\"2021-09-30T09:52:32+00:00\",\"dateModified\":\"2026-01-28T07:18:10+00:00\",\"description\":\"Desodorante Leche de avena enriquecida con extracto natural de avena dermocompatible de acci\u00f3n suavizante e hidratante.\",\"breadcrumb\":{\"@id\":\"https:\\\/\\\/www.lifenatura.com\\\/es\\\/produto\\\/desodorante-roll-on-leche-de-avena-85-ml-elisa-camara\\\/#breadcrumb\"},\"inLanguage\":\"es\",\"potentialAction\":[{\"@type\":\"ReadAction\",\"target\":[\"https:\\\/\\\/www.lifenatura.com\\\/es\\\/produto\\\/desodorante-roll-on-leche-de-avena-85-ml-elisa-camara\\\/\"]}]},{\"@type\":\"ImageObject\",\"inLanguage\":\"es\",\"@id\":\"https:\\\/\\\/www.lifenatura.com\\\/es\\\/produto\\\/desodorante-roll-on-leche-de-avena-85-ml-elisa-camara\\\/#primaryimage\",\"url\":\"https:\\\/\\\/www.lifenatura.com\\\/wp-content\\\/uploads\\\/2021\\\/09\\\/gd_desodorizante-roll-on-leite-aveia-85ml-elisa-camara.jpg\",\"contentUrl\":\"https:\\\/\\\/www.lifenatura.com\\\/wp-content\\\/uploads\\\/2021\\\/09\\\/gd_desodorizante-roll-on-leite-aveia-85ml-elisa-camara.jpg\",\"width\":1000,\"height\":1000,\"caption\":\"Desodorante Roll-On Leche de Avena 85 ml - Elisa C\u00e2mara\"},{\"@type\":\"BreadcrumbList\",\"@id\":\"https:\\\/\\\/www.lifenatura.com\\\/es\\\/produto\\\/desodorante-roll-on-leche-de-avena-85-ml-elisa-camara\\\/#breadcrumb\",\"itemListElement\":[{\"@type\":\"ListItem\",\"position\":1,\"name\":\"In\u00edcio\",\"item\":\"https:\\\/\\\/www.lifenatura.com\\\/es\\\/\"},{\"@type\":\"ListItem\",\"position\":2,\"name\":\"Todos los Productos\",\"item\":\"https:\\\/\\\/www.lifenatura.com\\\/es\\\/tienda\\\/\"},{\"@type\":\"ListItem\",\"position\":3,\"name\":\"Desodorante Roll-On Leche de Avena 85 ml &#8211; Elisa C\u00e2mara\"}]},{\"@type\":\"WebSite\",\"@id\":\"https:\\\/\\\/www.lifenatura.com\\\/es\\\/#website\",\"url\":\"https:\\\/\\\/www.lifenatura.com\\\/es\\\/\",\"name\":\"Lifenatura\",\"description\":\"A Lifenatura \u00e9 uma loja de produtos naturais, cosm\u00e9tica natural e alimenta\u00e7\u00e3o Biol\u00f3gica.\",\"publisher\":{\"@id\":\"https:\\\/\\\/www.lifenatura.com\\\/es\\\/#organization\"},\"potentialAction\":[{\"@type\":\"SearchAction\",\"target\":{\"@type\":\"EntryPoint\",\"urlTemplate\":\"https:\\\/\\\/www.lifenatura.com\\\/es\\\/?s={search_term_string}\"},\"query-input\":{\"@type\":\"PropertyValueSpecification\",\"valueRequired\":true,\"valueName\":\"search_term_string\"}}],\"inLanguage\":\"es\"},{\"@type\":\"Organization\",\"@id\":\"https:\\\/\\\/www.lifenatura.com\\\/es\\\/#organization\",\"name\":\"Lifenatura\",\"url\":\"https:\\\/\\\/www.lifenatura.com\\\/es\\\/\",\"logo\":{\"@type\":\"ImageObject\",\"inLanguage\":\"es\",\"@id\":\"https:\\\/\\\/www.lifenatura.com\\\/es\\\/#\\\/schema\\\/logo\\\/image\\\/\",\"url\":\"https:\\\/\\\/www.lifenatura.com\\\/wp-content\\\/uploads\\\/2021\\\/07\\\/logo.png\",\"contentUrl\":\"https:\\\/\\\/www.lifenatura.com\\\/wp-content\\\/uploads\\\/2021\\\/07\\\/logo.png\",\"width\":175,\"height\":55,\"caption\":\"Lifenatura\"},\"image\":{\"@id\":\"https:\\\/\\\/www.lifenatura.com\\\/es\\\/#\\\/schema\\\/logo\\\/image\\\/\"},\"sameAs\":[\"https:\\\/\\\/www.facebook.com\\\/lifenatura\",\"https:\\\/\\\/www.instagram.com\\\/lifenaturapt\\\/\"],\"hasMerchantReturnPolicy\":{\"@type\":\"MerchantReturnPolicy\",\"merchantReturnLink\":\"https:\\\/\\\/www.lifenatura.com\\\/termos-condicoes-lifenatura\\\/\"}}]}<\/script>\n<meta property=\"product:price:amount\" content=\"3.36\" \/>\n<meta property=\"product:price:currency\" content=\"EUR\" \/>\n<meta property=\"og:availability\" content=\"instock\" \/>\n<meta property=\"product:availability\" content=\"instock\" \/>\n<meta property=\"product:retailer_item_id\" content=\"56001204\" \/>\n<meta property=\"product:condition\" content=\"new\" \/>\n<!-- \/ Yoast SEO Premium plugin. -->","yoast_head_json":{"title":"Desodorante Roll-On Leche de Avena 85 ml - Elisa C\u00e2mara","description":"Desodorante Leche de avena enriquecida con extracto natural de avena dermocompatible de acci\u00f3n suavizante e hidratante.","robots":{"index":"index","follow":"follow","max-snippet":"max-snippet:-1","max-image-preview":"max-image-preview:large","max-video-preview":"max-video-preview:-1"},"canonical":"https:\/\/www.lifenatura.com\/es\/produto\/desodorante-roll-on-leche-de-avena-85-ml-elisa-camara\/","og_locale":"es_ES","og_type":"article","og_title":"Desodorante Roll-On Leche de Avena 85 ml - Elisa C\u00e2mara - Na Lifenatura ao Melhor Pre\u00e7o | Envio 48h","og_description":"Compre Desodorante Roll-On Leche de Avena 85 ml - Elisa C\u00e2mara com envio r\u00e1pido. Entrega em 48h e portes gr\u00e1tis em compras >35\u20ac. Aproveite j\u00e1 na Lifenatura","og_url":"https:\/\/www.lifenatura.com\/es\/produto\/desodorante-roll-on-leche-de-avena-85-ml-elisa-camara\/","og_site_name":"Lifenatura","article_publisher":"https:\/\/www.facebook.com\/lifenatura","article_modified_time":"2026-01-28T07:18:10+00:00","og_image":[{"width":1000,"height":1000,"url":"https:\/\/www.lifenatura.com\/wp-content\/uploads\/2021\/09\/gd_desodorizante-roll-on-leite-aveia-85ml-elisa-camara.jpg","type":"image\/jpeg"}],"twitter_card":"summary_large_image","twitter_misc":{"Precio":"3,36&nbsp;&euro;","Disponibilidad":"Disponible"},"schema":{"@context":"https:\/\/schema.org","@graph":[{"@type":"WebPage","@id":"https:\/\/www.lifenatura.com\/es\/produto\/desodorante-roll-on-leche-de-avena-85-ml-elisa-camara\/","url":"https:\/\/www.lifenatura.com\/es\/produto\/desodorante-roll-on-leche-de-avena-85-ml-elisa-camara\/","name":"Desodorante Roll-On Leche de Avena 85 ml - Elisa C\u00e2mara","isPartOf":{"@id":"https:\/\/www.lifenatura.com\/es\/#website"},"primaryImageOfPage":{"@id":"https:\/\/www.lifenatura.com\/es\/produto\/desodorante-roll-on-leche-de-avena-85-ml-elisa-camara\/#primaryimage"},"image":{"@id":"https:\/\/www.lifenatura.com\/es\/produto\/desodorante-roll-on-leche-de-avena-85-ml-elisa-camara\/#primaryimage"},"thumbnailUrl":"https:\/\/www.lifenatura.com\/wp-content\/uploads\/2021\/09\/gd_desodorizante-roll-on-leite-aveia-85ml-elisa-camara.jpg","datePublished":"2021-09-30T09:52:32+00:00","dateModified":"2026-01-28T07:18:10+00:00","description":"Desodorante Leche de avena enriquecida con extracto natural de avena dermocompatible de acci\u00f3n suavizante e hidratante.","breadcrumb":{"@id":"https:\/\/www.lifenatura.com\/es\/produto\/desodorante-roll-on-leche-de-avena-85-ml-elisa-camara\/#breadcrumb"},"inLanguage":"es","potentialAction":[{"@type":"ReadAction","target":["https:\/\/www.lifenatura.com\/es\/produto\/desodorante-roll-on-leche-de-avena-85-ml-elisa-camara\/"]}]},{"@type":"ImageObject","inLanguage":"es","@id":"https:\/\/www.lifenatura.com\/es\/produto\/desodorante-roll-on-leche-de-avena-85-ml-elisa-camara\/#primaryimage","url":"https:\/\/www.lifenatura.com\/wp-content\/uploads\/2021\/09\/gd_desodorizante-roll-on-leite-aveia-85ml-elisa-camara.jpg","contentUrl":"https:\/\/www.lifenatura.com\/wp-content\/uploads\/2021\/09\/gd_desodorizante-roll-on-leite-aveia-85ml-elisa-camara.jpg","width":1000,"height":1000,"caption":"Desodorante Roll-On Leche de Avena 85 ml - Elisa C\u00e2mara"},{"@type":"BreadcrumbList","@id":"https:\/\/www.lifenatura.com\/es\/produto\/desodorante-roll-on-leche-de-avena-85-ml-elisa-camara\/#breadcrumb","itemListElement":[{"@type":"ListItem","position":1,"name":"In\u00edcio","item":"https:\/\/www.lifenatura.com\/es\/"},{"@type":"ListItem","position":2,"name":"Todos los Productos","item":"https:\/\/www.lifenatura.com\/es\/tienda\/"},{"@type":"ListItem","position":3,"name":"Desodorante Roll-On Leche de Avena 85 ml &#8211; Elisa C\u00e2mara"}]},{"@type":"WebSite","@id":"https:\/\/www.lifenatura.com\/es\/#website","url":"https:\/\/www.lifenatura.com\/es\/","name":"Lifenatura","description":"A Lifenatura \u00e9 uma loja de produtos naturais, cosm\u00e9tica natural e alimenta\u00e7\u00e3o Biol\u00f3gica.","publisher":{"@id":"https:\/\/www.lifenatura.com\/es\/#organization"},"potentialAction":[{"@type":"SearchAction","target":{"@type":"EntryPoint","urlTemplate":"https:\/\/www.lifenatura.com\/es\/?s={search_term_string}"},"query-input":{"@type":"PropertyValueSpecification","valueRequired":true,"valueName":"search_term_string"}}],"inLanguage":"es"},{"@type":"Organization","@id":"https:\/\/www.lifenatura.com\/es\/#organization","name":"Lifenatura","url":"https:\/\/www.lifenatura.com\/es\/","logo":{"@type":"ImageObject","inLanguage":"es","@id":"https:\/\/www.lifenatura.com\/es\/#\/schema\/logo\/image\/","url":"https:\/\/www.lifenatura.com\/wp-content\/uploads\/2021\/07\/logo.png","contentUrl":"https:\/\/www.lifenatura.com\/wp-content\/uploads\/2021\/07\/logo.png","width":175,"height":55,"caption":"Lifenatura"},"image":{"@id":"https:\/\/www.lifenatura.com\/es\/#\/schema\/logo\/image\/"},"sameAs":["https:\/\/www.facebook.com\/lifenatura","https:\/\/www.instagram.com\/lifenaturapt\/"],"hasMerchantReturnPolicy":{"@type":"MerchantReturnPolicy","merchantReturnLink":"https:\/\/www.lifenatura.com\/termos-condicoes-lifenatura\/"}}]},"product_price_amount":"3.36","product_price_currency":"EUR","og_availability":"instock","product_availability":"instock","product_retailer_item_id":"56001204","product_condition":"new"},"df_price":3.36,"df_sale_price":3.36,"df_regular_price":3.8,"df_image_link":"https:\/\/www.lifenatura.com\/wp-content\/uploads\/2021\/09\/gd_desodorizante-roll-on-leite-aveia-85ml-elisa-camara-300x300.jpg","_links":{"self":[{"href":"https:\/\/www.lifenatura.com\/es\/wp-json\/wp\/v2\/product\/37643","targetHints":{"allow":["GET"]}}],"collection":[{"href":"https:\/\/www.lifenatura.com\/es\/wp-json\/wp\/v2\/product"}],"about":[{"href":"https:\/\/www.lifenatura.com\/es\/wp-json\/wp\/v2\/types\/product"}],"wp:featuredmedia":[{"embeddable":true,"href":"https:\/\/www.lifenatura.com\/es\/wp-json\/wp\/v2\/media\/19249"}],"wp:attachment":[{"href":"https:\/\/www.lifenatura.com\/es\/wp-json\/wp\/v2\/media?parent=37643"}],"wp:term":[{"taxonomy":"product_brand","embeddable":true,"href":"https:\/\/www.lifenatura.com\/es\/wp-json\/wp\/v2\/product_brand?post=37643"},{"taxonomy":"product_cat","embeddable":true,"href":"https:\/\/www.lifenatura.com\/es\/wp-json\/wp\/v2\/product_cat?post=37643"},{"taxonomy":"product_tag","embeddable":true,"href":"https:\/\/www.lifenatura.com\/es\/wp-json\/wp\/v2\/product_tag?post=37643"}],"curies":[{"name":"wp","href":"https:\/\/api.w.org\/{rel}","templated":true}]}}