{"id":37614,"date":"2021-09-30T09:51:49","date_gmt":"2021-09-30T09:51:49","guid":{"rendered":"https:\/\/lifenatura.dev.agenciagetdigital.com\/produto\/pasta-de-dientes-denforsan-con-camomila-especial-encias-75-ml-elisa-camara\/"},"modified":"2026-01-28T07:18:04","modified_gmt":"2026-01-28T07:18:04","slug":"pasta-de-dientes-denforsan-con-camomila-especial-encias-75-ml-elisa-camara","status":"publish","type":"product","link":"https:\/\/www.lifenatura.com\/es\/produto\/pasta-de-dientes-denforsan-con-camomila-especial-encias-75-ml-elisa-camara\/","title":{"rendered":"Pasta de Dientes Denforsan con Camomila Especial Enc\u00edas 75 ml &#8211; Elisa C\u00e2mara"},"content":{"rendered":"<p>Pasta de Dientes que Combate a la Caries Esta pasta de dientes contiene Bisabolol, un componente natural de la manzanilla, que previene la formaci\u00f3n de la placa bacteriana. El fl\u00faor refuerza el esmalte de los dientes, previniendo la aparici\u00f3n de caries. La alanto\u00edna tiene propiedades que mantienen las enc\u00edas sanas. Contiene Monofl\u00faorosfato de Sodio. PRESENTACI\u00d3N 75 Ml.<\/p>\n","protected":false},"excerpt":{"rendered":"<p>Pasta de Dientes que Combate a la Caries Esta pasta de dientes contiene Bisabolol, un componente natural de la manzanilla, que previene la formaci\u00f3n de la placa bacteriana. El fl\u00faor refuerza el esmalte de los dientes, previniendo la aparici\u00f3n de caries. La alanto\u00edna tiene propiedades que mantienen las enc\u00edas sanas. Contiene Monofl\u00faorosfato de Sodio. PRESENTACI\u00d3N [&#8230;]<\/p>\n<p><a class=\"btn btn-secondary understrap-read-more-link\" href=\"https:\/\/www.lifenatura.com\/es\/produto\/pasta-de-dientes-denforsan-con-camomila-especial-encias-75-ml-elisa-camara\/\">Leer m\u00e1s&#8230;<span class=\"screen-reader-text\"> from Pasta de Dientes Denforsan con Camomila Especial Enc\u00edas 75 ml &#8211; Elisa C\u00e2mara<\/span><\/a><\/p>\n","protected":false},"featured_media":19220,"template":"","meta":{"_acf_changed":false},"product_brand":[8556],"product_cat":[7653,7136,7138],"product_tag":[],"class_list":{"0":"post-37614","1":"product","2":"type-product","3":"status-publish","4":"has-post-thumbnail","6":"product_brand-elisa-camara","7":"product_cat-cosmetica-natural-lifenatura","8":"product_cat-higiene-bucodental","9":"product_cat-pasta-de-dientes","11":"first","12":"outofstock","13":"shipping-taxable","14":"purchasable","15":"product-type-simple","16":"add-to-wishlist-before_image"},"acf":[],"yoast_head":"<!-- This site is optimized with the Yoast SEO Premium plugin v27.1 (Yoast SEO v27.5) - https:\/\/yoast.com\/product\/yoast-seo-premium-wordpress\/ -->\n<title>Pasta de Dientes Denforsan con Camomila Especial Enc\u00edas 75 ml - Elisa C\u00e2mara<\/title>\n<meta name=\"description\" content=\"Esta pasta de dientes contiene Bisabolol, un componente natural de la manzanilla, que previene la formaci\u00f3n de la placa bacteriana.\" \/>\n<meta name=\"robots\" content=\"index, follow, max-snippet:-1, max-image-preview:large, max-video-preview:-1\" \/>\n<link rel=\"canonical\" href=\"https:\/\/www.lifenatura.com\/es\/produto\/pasta-de-dientes-denforsan-con-camomila-especial-encias-75-ml-elisa-camara\/\" \/>\n<meta property=\"og:locale\" content=\"es_ES\" \/>\n<meta property=\"og:type\" content=\"article\" \/>\n<meta property=\"og:title\" content=\"Pasta de Dientes Denforsan con Camomila Especial Enc\u00edas 75 ml - Elisa C\u00e2mara - Na Lifenatura ao Melhor Pre\u00e7o | Envio 48h\" \/>\n<meta property=\"og:description\" content=\"Compre Pasta de Dientes Denforsan con Camomila Especial Enc\u00edas 75 ml - Elisa C\u00e2mara com envio r\u00e1pido. Entrega em 48h e portes gr\u00e1tis em compras &gt;35\u20ac. Aproveite j\u00e1 na Lifenatura\" \/>\n<meta property=\"og:url\" content=\"https:\/\/www.lifenatura.com\/es\/produto\/pasta-de-dientes-denforsan-con-camomila-especial-encias-75-ml-elisa-camara\/\" \/>\n<meta property=\"og:site_name\" content=\"Lifenatura\" \/>\n<meta property=\"article:publisher\" content=\"https:\/\/www.facebook.com\/lifenatura\" \/>\n<meta property=\"article:modified_time\" content=\"2026-01-28T07:18:04+00:00\" \/>\n<meta property=\"og:image\" content=\"https:\/\/www.lifenatura.com\/wp-content\/uploads\/2021\/09\/gd_pasta-de-dentes-camomila-elisa-camara.jpg\" \/>\n\t<meta property=\"og:image:width\" content=\"1000\" \/>\n\t<meta property=\"og:image:height\" content=\"1000\" \/>\n\t<meta property=\"og:image:type\" content=\"image\/jpeg\" \/>\n<meta name=\"twitter:card\" content=\"summary_large_image\" \/>\n<meta name=\"twitter:label1\" content=\"Precio\" \/>\n\t<meta name=\"twitter:data1\" content=\"2,57&nbsp;&euro;\" \/>\n\t<meta name=\"twitter:label2\" content=\"Disponibilidad\" \/>\n\t<meta name=\"twitter:data2\" content=\"Sin existencias\" \/>\n<script type=\"application\/ld+json\" class=\"yoast-schema-graph\">{\"@context\":\"https:\\\/\\\/schema.org\",\"@graph\":[{\"@type\":\"WebPage\",\"@id\":\"https:\\\/\\\/www.lifenatura.com\\\/es\\\/produto\\\/pasta-de-dientes-denforsan-con-camomila-especial-encias-75-ml-elisa-camara\\\/\",\"url\":\"https:\\\/\\\/www.lifenatura.com\\\/es\\\/produto\\\/pasta-de-dientes-denforsan-con-camomila-especial-encias-75-ml-elisa-camara\\\/\",\"name\":\"Pasta de Dientes Denforsan con Camomila Especial Enc\u00edas 75 ml - Elisa C\u00e2mara\",\"isPartOf\":{\"@id\":\"https:\\\/\\\/www.lifenatura.com\\\/es\\\/#website\"},\"primaryImageOfPage\":{\"@id\":\"https:\\\/\\\/www.lifenatura.com\\\/es\\\/produto\\\/pasta-de-dientes-denforsan-con-camomila-especial-encias-75-ml-elisa-camara\\\/#primaryimage\"},\"image\":{\"@id\":\"https:\\\/\\\/www.lifenatura.com\\\/es\\\/produto\\\/pasta-de-dientes-denforsan-con-camomila-especial-encias-75-ml-elisa-camara\\\/#primaryimage\"},\"thumbnailUrl\":\"https:\\\/\\\/www.lifenatura.com\\\/wp-content\\\/uploads\\\/2021\\\/09\\\/gd_pasta-de-dentes-camomila-elisa-camara.jpg\",\"datePublished\":\"2021-09-30T09:51:49+00:00\",\"dateModified\":\"2026-01-28T07:18:04+00:00\",\"description\":\"Esta pasta de dientes contiene Bisabolol, un componente natural de la manzanilla, que previene la formaci\u00f3n de la placa bacteriana.\",\"breadcrumb\":{\"@id\":\"https:\\\/\\\/www.lifenatura.com\\\/es\\\/produto\\\/pasta-de-dientes-denforsan-con-camomila-especial-encias-75-ml-elisa-camara\\\/#breadcrumb\"},\"inLanguage\":\"es\",\"potentialAction\":[{\"@type\":\"ReadAction\",\"target\":[\"https:\\\/\\\/www.lifenatura.com\\\/es\\\/produto\\\/pasta-de-dientes-denforsan-con-camomila-especial-encias-75-ml-elisa-camara\\\/\"]}]},{\"@type\":\"ImageObject\",\"inLanguage\":\"es\",\"@id\":\"https:\\\/\\\/www.lifenatura.com\\\/es\\\/produto\\\/pasta-de-dientes-denforsan-con-camomila-especial-encias-75-ml-elisa-camara\\\/#primaryimage\",\"url\":\"https:\\\/\\\/www.lifenatura.com\\\/wp-content\\\/uploads\\\/2021\\\/09\\\/gd_pasta-de-dentes-camomila-elisa-camara.jpg\",\"contentUrl\":\"https:\\\/\\\/www.lifenatura.com\\\/wp-content\\\/uploads\\\/2021\\\/09\\\/gd_pasta-de-dentes-camomila-elisa-camara.jpg\",\"width\":1000,\"height\":1000,\"caption\":\"Pasta de Dientes Denforsan con Camomila Especial Enc\u00edas 75 ml - Elisa C\u00e2mara\"},{\"@type\":\"BreadcrumbList\",\"@id\":\"https:\\\/\\\/www.lifenatura.com\\\/es\\\/produto\\\/pasta-de-dientes-denforsan-con-camomila-especial-encias-75-ml-elisa-camara\\\/#breadcrumb\",\"itemListElement\":[{\"@type\":\"ListItem\",\"position\":1,\"name\":\"In\u00edcio\",\"item\":\"https:\\\/\\\/www.lifenatura.com\\\/es\\\/\"},{\"@type\":\"ListItem\",\"position\":2,\"name\":\"Todos los Productos\",\"item\":\"https:\\\/\\\/www.lifenatura.com\\\/es\\\/tienda\\\/\"},{\"@type\":\"ListItem\",\"position\":3,\"name\":\"Pasta de Dientes Denforsan con Camomila Especial Enc\u00edas 75 ml &#8211; Elisa C\u00e2mara\"}]},{\"@type\":\"WebSite\",\"@id\":\"https:\\\/\\\/www.lifenatura.com\\\/es\\\/#website\",\"url\":\"https:\\\/\\\/www.lifenatura.com\\\/es\\\/\",\"name\":\"Lifenatura\",\"description\":\"A Lifenatura \u00e9 uma loja de produtos naturais, cosm\u00e9tica natural e alimenta\u00e7\u00e3o Biol\u00f3gica.\",\"publisher\":{\"@id\":\"https:\\\/\\\/www.lifenatura.com\\\/es\\\/#organization\"},\"potentialAction\":[{\"@type\":\"SearchAction\",\"target\":{\"@type\":\"EntryPoint\",\"urlTemplate\":\"https:\\\/\\\/www.lifenatura.com\\\/es\\\/?s={search_term_string}\"},\"query-input\":{\"@type\":\"PropertyValueSpecification\",\"valueRequired\":true,\"valueName\":\"search_term_string\"}}],\"inLanguage\":\"es\"},{\"@type\":\"Organization\",\"@id\":\"https:\\\/\\\/www.lifenatura.com\\\/es\\\/#organization\",\"name\":\"Lifenatura\",\"url\":\"https:\\\/\\\/www.lifenatura.com\\\/es\\\/\",\"logo\":{\"@type\":\"ImageObject\",\"inLanguage\":\"es\",\"@id\":\"https:\\\/\\\/www.lifenatura.com\\\/es\\\/#\\\/schema\\\/logo\\\/image\\\/\",\"url\":\"https:\\\/\\\/www.lifenatura.com\\\/wp-content\\\/uploads\\\/2021\\\/07\\\/logo.png\",\"contentUrl\":\"https:\\\/\\\/www.lifenatura.com\\\/wp-content\\\/uploads\\\/2021\\\/07\\\/logo.png\",\"width\":175,\"height\":55,\"caption\":\"Lifenatura\"},\"image\":{\"@id\":\"https:\\\/\\\/www.lifenatura.com\\\/es\\\/#\\\/schema\\\/logo\\\/image\\\/\"},\"sameAs\":[\"https:\\\/\\\/www.facebook.com\\\/lifenatura\",\"https:\\\/\\\/www.instagram.com\\\/lifenaturapt\\\/\"],\"hasMerchantReturnPolicy\":{\"@type\":\"MerchantReturnPolicy\",\"merchantReturnLink\":\"https:\\\/\\\/www.lifenatura.com\\\/termos-condicoes-lifenatura\\\/\"}}]}<\/script>\n<meta property=\"product:price:amount\" content=\"2.57\" \/>\n<meta property=\"product:price:currency\" content=\"EUR\" \/>\n<meta property=\"og:availability\" content=\"out of stock\" \/>\n<meta property=\"product:availability\" content=\"out of stock\" \/>\n<meta property=\"product:retailer_item_id\" content=\"5601366009048\" \/>\n<meta property=\"product:condition\" content=\"new\" \/>\n<!-- \/ Yoast SEO Premium plugin. -->","yoast_head_json":{"title":"Pasta de Dientes Denforsan con Camomila Especial Enc\u00edas 75 ml - Elisa C\u00e2mara","description":"Esta pasta de dientes contiene Bisabolol, un componente natural de la manzanilla, que previene la formaci\u00f3n de la placa bacteriana.","robots":{"index":"index","follow":"follow","max-snippet":"max-snippet:-1","max-image-preview":"max-image-preview:large","max-video-preview":"max-video-preview:-1"},"canonical":"https:\/\/www.lifenatura.com\/es\/produto\/pasta-de-dientes-denforsan-con-camomila-especial-encias-75-ml-elisa-camara\/","og_locale":"es_ES","og_type":"article","og_title":"Pasta de Dientes Denforsan con Camomila Especial Enc\u00edas 75 ml - Elisa C\u00e2mara - Na Lifenatura ao Melhor Pre\u00e7o | Envio 48h","og_description":"Compre Pasta de Dientes Denforsan con Camomila Especial Enc\u00edas 75 ml - Elisa C\u00e2mara com envio r\u00e1pido. Entrega em 48h e portes gr\u00e1tis em compras >35\u20ac. Aproveite j\u00e1 na Lifenatura","og_url":"https:\/\/www.lifenatura.com\/es\/produto\/pasta-de-dientes-denforsan-con-camomila-especial-encias-75-ml-elisa-camara\/","og_site_name":"Lifenatura","article_publisher":"https:\/\/www.facebook.com\/lifenatura","article_modified_time":"2026-01-28T07:18:04+00:00","og_image":[{"width":1000,"height":1000,"url":"https:\/\/www.lifenatura.com\/wp-content\/uploads\/2021\/09\/gd_pasta-de-dentes-camomila-elisa-camara.jpg","type":"image\/jpeg"}],"twitter_card":"summary_large_image","twitter_misc":{"Precio":"2,57&nbsp;&euro;","Disponibilidad":"Sin existencias"},"schema":{"@context":"https:\/\/schema.org","@graph":[{"@type":"WebPage","@id":"https:\/\/www.lifenatura.com\/es\/produto\/pasta-de-dientes-denforsan-con-camomila-especial-encias-75-ml-elisa-camara\/","url":"https:\/\/www.lifenatura.com\/es\/produto\/pasta-de-dientes-denforsan-con-camomila-especial-encias-75-ml-elisa-camara\/","name":"Pasta de Dientes Denforsan con Camomila Especial Enc\u00edas 75 ml - Elisa C\u00e2mara","isPartOf":{"@id":"https:\/\/www.lifenatura.com\/es\/#website"},"primaryImageOfPage":{"@id":"https:\/\/www.lifenatura.com\/es\/produto\/pasta-de-dientes-denforsan-con-camomila-especial-encias-75-ml-elisa-camara\/#primaryimage"},"image":{"@id":"https:\/\/www.lifenatura.com\/es\/produto\/pasta-de-dientes-denforsan-con-camomila-especial-encias-75-ml-elisa-camara\/#primaryimage"},"thumbnailUrl":"https:\/\/www.lifenatura.com\/wp-content\/uploads\/2021\/09\/gd_pasta-de-dentes-camomila-elisa-camara.jpg","datePublished":"2021-09-30T09:51:49+00:00","dateModified":"2026-01-28T07:18:04+00:00","description":"Esta pasta de dientes contiene Bisabolol, un componente natural de la manzanilla, que previene la formaci\u00f3n de la placa bacteriana.","breadcrumb":{"@id":"https:\/\/www.lifenatura.com\/es\/produto\/pasta-de-dientes-denforsan-con-camomila-especial-encias-75-ml-elisa-camara\/#breadcrumb"},"inLanguage":"es","potentialAction":[{"@type":"ReadAction","target":["https:\/\/www.lifenatura.com\/es\/produto\/pasta-de-dientes-denforsan-con-camomila-especial-encias-75-ml-elisa-camara\/"]}]},{"@type":"ImageObject","inLanguage":"es","@id":"https:\/\/www.lifenatura.com\/es\/produto\/pasta-de-dientes-denforsan-con-camomila-especial-encias-75-ml-elisa-camara\/#primaryimage","url":"https:\/\/www.lifenatura.com\/wp-content\/uploads\/2021\/09\/gd_pasta-de-dentes-camomila-elisa-camara.jpg","contentUrl":"https:\/\/www.lifenatura.com\/wp-content\/uploads\/2021\/09\/gd_pasta-de-dentes-camomila-elisa-camara.jpg","width":1000,"height":1000,"caption":"Pasta de Dientes Denforsan con Camomila Especial Enc\u00edas 75 ml - Elisa C\u00e2mara"},{"@type":"BreadcrumbList","@id":"https:\/\/www.lifenatura.com\/es\/produto\/pasta-de-dientes-denforsan-con-camomila-especial-encias-75-ml-elisa-camara\/#breadcrumb","itemListElement":[{"@type":"ListItem","position":1,"name":"In\u00edcio","item":"https:\/\/www.lifenatura.com\/es\/"},{"@type":"ListItem","position":2,"name":"Todos los Productos","item":"https:\/\/www.lifenatura.com\/es\/tienda\/"},{"@type":"ListItem","position":3,"name":"Pasta de Dientes Denforsan con Camomila Especial Enc\u00edas 75 ml &#8211; Elisa C\u00e2mara"}]},{"@type":"WebSite","@id":"https:\/\/www.lifenatura.com\/es\/#website","url":"https:\/\/www.lifenatura.com\/es\/","name":"Lifenatura","description":"A Lifenatura \u00e9 uma loja de produtos naturais, cosm\u00e9tica natural e alimenta\u00e7\u00e3o Biol\u00f3gica.","publisher":{"@id":"https:\/\/www.lifenatura.com\/es\/#organization"},"potentialAction":[{"@type":"SearchAction","target":{"@type":"EntryPoint","urlTemplate":"https:\/\/www.lifenatura.com\/es\/?s={search_term_string}"},"query-input":{"@type":"PropertyValueSpecification","valueRequired":true,"valueName":"search_term_string"}}],"inLanguage":"es"},{"@type":"Organization","@id":"https:\/\/www.lifenatura.com\/es\/#organization","name":"Lifenatura","url":"https:\/\/www.lifenatura.com\/es\/","logo":{"@type":"ImageObject","inLanguage":"es","@id":"https:\/\/www.lifenatura.com\/es\/#\/schema\/logo\/image\/","url":"https:\/\/www.lifenatura.com\/wp-content\/uploads\/2021\/07\/logo.png","contentUrl":"https:\/\/www.lifenatura.com\/wp-content\/uploads\/2021\/07\/logo.png","width":175,"height":55,"caption":"Lifenatura"},"image":{"@id":"https:\/\/www.lifenatura.com\/es\/#\/schema\/logo\/image\/"},"sameAs":["https:\/\/www.facebook.com\/lifenatura","https:\/\/www.instagram.com\/lifenaturapt\/"],"hasMerchantReturnPolicy":{"@type":"MerchantReturnPolicy","merchantReturnLink":"https:\/\/www.lifenatura.com\/termos-condicoes-lifenatura\/"}}]},"product_price_amount":"2.57","product_price_currency":"EUR","og_availability":"out of stock","product_availability":"out of stock","product_retailer_item_id":"5601366009048","product_condition":"new"},"df_price":2.57,"df_sale_price":"","df_regular_price":2.57,"df_image_link":"https:\/\/www.lifenatura.com\/wp-content\/uploads\/2021\/09\/gd_pasta-de-dentes-camomila-elisa-camara-300x300.jpg","_links":{"self":[{"href":"https:\/\/www.lifenatura.com\/es\/wp-json\/wp\/v2\/product\/37614","targetHints":{"allow":["GET"]}}],"collection":[{"href":"https:\/\/www.lifenatura.com\/es\/wp-json\/wp\/v2\/product"}],"about":[{"href":"https:\/\/www.lifenatura.com\/es\/wp-json\/wp\/v2\/types\/product"}],"wp:featuredmedia":[{"embeddable":true,"href":"https:\/\/www.lifenatura.com\/es\/wp-json\/wp\/v2\/media\/19220"}],"wp:attachment":[{"href":"https:\/\/www.lifenatura.com\/es\/wp-json\/wp\/v2\/media?parent=37614"}],"wp:term":[{"taxonomy":"product_brand","embeddable":true,"href":"https:\/\/www.lifenatura.com\/es\/wp-json\/wp\/v2\/product_brand?post=37614"},{"taxonomy":"product_cat","embeddable":true,"href":"https:\/\/www.lifenatura.com\/es\/wp-json\/wp\/v2\/product_cat?post=37614"},{"taxonomy":"product_tag","embeddable":true,"href":"https:\/\/www.lifenatura.com\/es\/wp-json\/wp\/v2\/product_tag?post=37614"}],"curies":[{"name":"wp","href":"https:\/\/api.w.org\/{rel}","templated":true}]}}