{"id":37588,"date":"2021-09-30T09:51:29","date_gmt":"2021-09-30T09:51:29","guid":{"rendered":"https:\/\/lifenatura.dev.agenciagetdigital.com\/produto\/digest-ultrabiotics-30-comprimidos-eladiet\/"},"modified":"2026-01-28T07:17:58","modified_gmt":"2026-01-28T07:17:58","slug":"digest-ultrabiotics-30-comprimidos-eladiet","status":"publish","type":"product","link":"https:\/\/www.lifenatura.com\/es\/produto\/digest-ultrabiotics-30-comprimidos-eladiet\/","title":{"rendered":"Digest Ultrabiotics 30 comprimidos &#8211; Eladiet"},"content":{"rendered":"<p>Probi\u00f3ticos para la salud intestinal Digest Ultrabiotics es un complemento alimenticio a base de probi\u00f3ticos indicado para la salud de sus intestinos y el consiguiente fortalecimiento de su sistema inmunol\u00f3gico. La parte intestinal es una de las partes m\u00e1s importantes de nuestro cuerpo, ya que aqu\u00ed es donde podemos prevenir diversas enfermedades, por lo que los probi\u00f3ticos son de gran importancia para mantener un intestino sano. Digest Ultrabiotics mejorar\u00e1 y equilibrar\u00e1 su flora intestinal, permitiendo as\u00ed una mejor absorci\u00f3n de nutrientes y fortaleciendo su sistema inmunol\u00f3gico. PRESENTACI\u00d3N 30 tabletas<\/p>\n","protected":false},"excerpt":{"rendered":"<p>Probi\u00f3ticos para la salud intestinal Digest Ultrabiotics es un complemento alimenticio a base de probi\u00f3ticos indicado para la salud de sus intestinos y el consiguiente fortalecimiento de su sistema inmunol\u00f3gico. La parte intestinal es una de las partes m\u00e1s importantes de nuestro cuerpo, ya que aqu\u00ed es donde podemos prevenir diversas enfermedades, por lo que [&#8230;]<\/p>\n<p><a class=\"btn btn-secondary understrap-read-more-link\" href=\"https:\/\/www.lifenatura.com\/es\/produto\/digest-ultrabiotics-30-comprimidos-eladiet\/\">Leer m\u00e1s&#8230;<span class=\"screen-reader-text\"> from Digest Ultrabiotics 30 comprimidos &#8211; Eladiet<\/span><\/a><\/p>\n","protected":false},"featured_media":19194,"template":"","meta":{"_acf_changed":false},"product_brand":[8493],"product_cat":[7256,7659,7770,7179],"product_tag":[],"class_list":{"0":"post-37588","1":"product","2":"type-product","3":"status-publish","4":"has-post-thumbnail","6":"product_brand-eladiet-es","7":"product_cat-flora-intestinal-salud","8":"product_cat-ingrediente-natural-bio","9":"product_cat-probioticos-es","10":"product_cat-salud","12":"first","13":"instock","14":"shipping-taxable","15":"purchasable","16":"product-type-simple","17":"add-to-wishlist-before_image"},"acf":[],"yoast_head":"<!-- This site is optimized with the Yoast SEO Premium plugin v27.1 (Yoast SEO v27.5) - https:\/\/yoast.com\/product\/yoast-seo-premium-wordpress\/ -->\n<title>Digest Ultrabiotics 30 comprimidos - Eladiet<\/title>\n<meta name=\"description\" content=\"Digest Ultrabiotics es un complemento a base de probi\u00f3ticos indicado para la salud de sus intestinos y el consiguiente fortalecimiento de su sistema inmunol\u00f3gico.\" \/>\n<meta name=\"robots\" content=\"index, follow, max-snippet:-1, max-image-preview:large, max-video-preview:-1\" \/>\n<link rel=\"canonical\" href=\"https:\/\/www.lifenatura.com\/es\/produto\/digest-ultrabiotics-30-comprimidos-eladiet\/\" \/>\n<meta property=\"og:locale\" content=\"es_ES\" \/>\n<meta property=\"og:type\" content=\"article\" \/>\n<meta property=\"og:title\" content=\"Digest Ultrabiotics 30 comprimidos - Eladiet - Na Lifenatura ao Melhor Pre\u00e7o | Envio 48h\" \/>\n<meta property=\"og:description\" content=\"Compre Digest Ultrabiotics 30 comprimidos - Eladiet com envio r\u00e1pido. Entrega em 48h e portes gr\u00e1tis em compras &gt;35\u20ac. Aproveite j\u00e1 na Lifenatura\" \/>\n<meta property=\"og:url\" content=\"https:\/\/www.lifenatura.com\/es\/produto\/digest-ultrabiotics-30-comprimidos-eladiet\/\" \/>\n<meta property=\"og:site_name\" content=\"Lifenatura\" \/>\n<meta property=\"article:publisher\" content=\"https:\/\/www.facebook.com\/lifenatura\" \/>\n<meta property=\"article:modified_time\" content=\"2026-01-28T07:17:58+00:00\" \/>\n<meta property=\"og:image\" content=\"https:\/\/www.lifenatura.com\/wp-content\/uploads\/2021\/09\/gd_digestic_ultrabiotics_30comprimidos_eladiet.jpg\" \/>\n\t<meta property=\"og:image:width\" content=\"1000\" \/>\n\t<meta property=\"og:image:height\" content=\"1000\" \/>\n\t<meta property=\"og:image:type\" content=\"image\/jpeg\" \/>\n<meta name=\"twitter:card\" content=\"summary_large_image\" \/>\n<meta name=\"twitter:label1\" content=\"Precio\" \/>\n\t<meta name=\"twitter:data1\" content=\"21,85&nbsp;&euro;\" \/>\n\t<meta name=\"twitter:label2\" content=\"Disponibilidad\" \/>\n\t<meta name=\"twitter:data2\" content=\"Disponible\" \/>\n<script type=\"application\/ld+json\" class=\"yoast-schema-graph\">{\"@context\":\"https:\\\/\\\/schema.org\",\"@graph\":[{\"@type\":\"WebPage\",\"@id\":\"https:\\\/\\\/www.lifenatura.com\\\/es\\\/produto\\\/digest-ultrabiotics-30-comprimidos-eladiet\\\/\",\"url\":\"https:\\\/\\\/www.lifenatura.com\\\/es\\\/produto\\\/digest-ultrabiotics-30-comprimidos-eladiet\\\/\",\"name\":\"Digest Ultrabiotics 30 comprimidos - Eladiet\",\"isPartOf\":{\"@id\":\"https:\\\/\\\/www.lifenatura.com\\\/es\\\/#website\"},\"primaryImageOfPage\":{\"@id\":\"https:\\\/\\\/www.lifenatura.com\\\/es\\\/produto\\\/digest-ultrabiotics-30-comprimidos-eladiet\\\/#primaryimage\"},\"image\":{\"@id\":\"https:\\\/\\\/www.lifenatura.com\\\/es\\\/produto\\\/digest-ultrabiotics-30-comprimidos-eladiet\\\/#primaryimage\"},\"thumbnailUrl\":\"https:\\\/\\\/www.lifenatura.com\\\/wp-content\\\/uploads\\\/2021\\\/09\\\/gd_digestic_ultrabiotics_30comprimidos_eladiet.jpg\",\"datePublished\":\"2021-09-30T09:51:29+00:00\",\"dateModified\":\"2026-01-28T07:17:58+00:00\",\"description\":\"Digest Ultrabiotics es un complemento a base de probi\u00f3ticos indicado para la salud de sus intestinos y el consiguiente fortalecimiento de su sistema inmunol\u00f3gico.\",\"breadcrumb\":{\"@id\":\"https:\\\/\\\/www.lifenatura.com\\\/es\\\/produto\\\/digest-ultrabiotics-30-comprimidos-eladiet\\\/#breadcrumb\"},\"inLanguage\":\"es\",\"potentialAction\":[{\"@type\":\"ReadAction\",\"target\":[\"https:\\\/\\\/www.lifenatura.com\\\/es\\\/produto\\\/digest-ultrabiotics-30-comprimidos-eladiet\\\/\"]}]},{\"@type\":\"ImageObject\",\"inLanguage\":\"es\",\"@id\":\"https:\\\/\\\/www.lifenatura.com\\\/es\\\/produto\\\/digest-ultrabiotics-30-comprimidos-eladiet\\\/#primaryimage\",\"url\":\"https:\\\/\\\/www.lifenatura.com\\\/wp-content\\\/uploads\\\/2021\\\/09\\\/gd_digestic_ultrabiotics_30comprimidos_eladiet.jpg\",\"contentUrl\":\"https:\\\/\\\/www.lifenatura.com\\\/wp-content\\\/uploads\\\/2021\\\/09\\\/gd_digestic_ultrabiotics_30comprimidos_eladiet.jpg\",\"width\":1000,\"height\":1000,\"caption\":\"Digest Ultrabiotics 30 comprimidos - Eladiet\"},{\"@type\":\"BreadcrumbList\",\"@id\":\"https:\\\/\\\/www.lifenatura.com\\\/es\\\/produto\\\/digest-ultrabiotics-30-comprimidos-eladiet\\\/#breadcrumb\",\"itemListElement\":[{\"@type\":\"ListItem\",\"position\":1,\"name\":\"In\u00edcio\",\"item\":\"https:\\\/\\\/www.lifenatura.com\\\/es\\\/\"},{\"@type\":\"ListItem\",\"position\":2,\"name\":\"Todos los Productos\",\"item\":\"https:\\\/\\\/www.lifenatura.com\\\/es\\\/tienda\\\/\"},{\"@type\":\"ListItem\",\"position\":3,\"name\":\"Digest Ultrabiotics 30 comprimidos &#8211; Eladiet\"}]},{\"@type\":\"WebSite\",\"@id\":\"https:\\\/\\\/www.lifenatura.com\\\/es\\\/#website\",\"url\":\"https:\\\/\\\/www.lifenatura.com\\\/es\\\/\",\"name\":\"Lifenatura\",\"description\":\"A Lifenatura \u00e9 uma loja de produtos naturais, cosm\u00e9tica natural e alimenta\u00e7\u00e3o Biol\u00f3gica.\",\"publisher\":{\"@id\":\"https:\\\/\\\/www.lifenatura.com\\\/es\\\/#organization\"},\"potentialAction\":[{\"@type\":\"SearchAction\",\"target\":{\"@type\":\"EntryPoint\",\"urlTemplate\":\"https:\\\/\\\/www.lifenatura.com\\\/es\\\/?s={search_term_string}\"},\"query-input\":{\"@type\":\"PropertyValueSpecification\",\"valueRequired\":true,\"valueName\":\"search_term_string\"}}],\"inLanguage\":\"es\"},{\"@type\":\"Organization\",\"@id\":\"https:\\\/\\\/www.lifenatura.com\\\/es\\\/#organization\",\"name\":\"Lifenatura\",\"url\":\"https:\\\/\\\/www.lifenatura.com\\\/es\\\/\",\"logo\":{\"@type\":\"ImageObject\",\"inLanguage\":\"es\",\"@id\":\"https:\\\/\\\/www.lifenatura.com\\\/es\\\/#\\\/schema\\\/logo\\\/image\\\/\",\"url\":\"https:\\\/\\\/www.lifenatura.com\\\/wp-content\\\/uploads\\\/2021\\\/07\\\/logo.png\",\"contentUrl\":\"https:\\\/\\\/www.lifenatura.com\\\/wp-content\\\/uploads\\\/2021\\\/07\\\/logo.png\",\"width\":175,\"height\":55,\"caption\":\"Lifenatura\"},\"image\":{\"@id\":\"https:\\\/\\\/www.lifenatura.com\\\/es\\\/#\\\/schema\\\/logo\\\/image\\\/\"},\"sameAs\":[\"https:\\\/\\\/www.facebook.com\\\/lifenatura\",\"https:\\\/\\\/www.instagram.com\\\/lifenaturapt\\\/\"],\"hasMerchantReturnPolicy\":{\"@type\":\"MerchantReturnPolicy\",\"merchantReturnLink\":\"https:\\\/\\\/www.lifenatura.com\\\/termos-condicoes-lifenatura\\\/\"}}]}<\/script>\n<meta property=\"product:price:amount\" content=\"21.85\" \/>\n<meta property=\"product:price:currency\" content=\"EUR\" \/>\n<meta property=\"og:availability\" content=\"instock\" \/>\n<meta property=\"product:availability\" content=\"instock\" \/>\n<meta property=\"product:retailer_item_id\" content=\"8420101215271\" \/>\n<meta property=\"product:condition\" content=\"new\" \/>\n<!-- \/ Yoast SEO Premium plugin. -->","yoast_head_json":{"title":"Digest Ultrabiotics 30 comprimidos - Eladiet","description":"Digest Ultrabiotics es un complemento a base de probi\u00f3ticos indicado para la salud de sus intestinos y el consiguiente fortalecimiento de su sistema inmunol\u00f3gico.","robots":{"index":"index","follow":"follow","max-snippet":"max-snippet:-1","max-image-preview":"max-image-preview:large","max-video-preview":"max-video-preview:-1"},"canonical":"https:\/\/www.lifenatura.com\/es\/produto\/digest-ultrabiotics-30-comprimidos-eladiet\/","og_locale":"es_ES","og_type":"article","og_title":"Digest Ultrabiotics 30 comprimidos - Eladiet - Na Lifenatura ao Melhor Pre\u00e7o | Envio 48h","og_description":"Compre Digest Ultrabiotics 30 comprimidos - Eladiet com envio r\u00e1pido. Entrega em 48h e portes gr\u00e1tis em compras >35\u20ac. Aproveite j\u00e1 na Lifenatura","og_url":"https:\/\/www.lifenatura.com\/es\/produto\/digest-ultrabiotics-30-comprimidos-eladiet\/","og_site_name":"Lifenatura","article_publisher":"https:\/\/www.facebook.com\/lifenatura","article_modified_time":"2026-01-28T07:17:58+00:00","og_image":[{"width":1000,"height":1000,"url":"https:\/\/www.lifenatura.com\/wp-content\/uploads\/2021\/09\/gd_digestic_ultrabiotics_30comprimidos_eladiet.jpg","type":"image\/jpeg"}],"twitter_card":"summary_large_image","twitter_misc":{"Precio":"21,85&nbsp;&euro;","Disponibilidad":"Disponible"},"schema":{"@context":"https:\/\/schema.org","@graph":[{"@type":"WebPage","@id":"https:\/\/www.lifenatura.com\/es\/produto\/digest-ultrabiotics-30-comprimidos-eladiet\/","url":"https:\/\/www.lifenatura.com\/es\/produto\/digest-ultrabiotics-30-comprimidos-eladiet\/","name":"Digest Ultrabiotics 30 comprimidos - Eladiet","isPartOf":{"@id":"https:\/\/www.lifenatura.com\/es\/#website"},"primaryImageOfPage":{"@id":"https:\/\/www.lifenatura.com\/es\/produto\/digest-ultrabiotics-30-comprimidos-eladiet\/#primaryimage"},"image":{"@id":"https:\/\/www.lifenatura.com\/es\/produto\/digest-ultrabiotics-30-comprimidos-eladiet\/#primaryimage"},"thumbnailUrl":"https:\/\/www.lifenatura.com\/wp-content\/uploads\/2021\/09\/gd_digestic_ultrabiotics_30comprimidos_eladiet.jpg","datePublished":"2021-09-30T09:51:29+00:00","dateModified":"2026-01-28T07:17:58+00:00","description":"Digest Ultrabiotics es un complemento a base de probi\u00f3ticos indicado para la salud de sus intestinos y el consiguiente fortalecimiento de su sistema inmunol\u00f3gico.","breadcrumb":{"@id":"https:\/\/www.lifenatura.com\/es\/produto\/digest-ultrabiotics-30-comprimidos-eladiet\/#breadcrumb"},"inLanguage":"es","potentialAction":[{"@type":"ReadAction","target":["https:\/\/www.lifenatura.com\/es\/produto\/digest-ultrabiotics-30-comprimidos-eladiet\/"]}]},{"@type":"ImageObject","inLanguage":"es","@id":"https:\/\/www.lifenatura.com\/es\/produto\/digest-ultrabiotics-30-comprimidos-eladiet\/#primaryimage","url":"https:\/\/www.lifenatura.com\/wp-content\/uploads\/2021\/09\/gd_digestic_ultrabiotics_30comprimidos_eladiet.jpg","contentUrl":"https:\/\/www.lifenatura.com\/wp-content\/uploads\/2021\/09\/gd_digestic_ultrabiotics_30comprimidos_eladiet.jpg","width":1000,"height":1000,"caption":"Digest Ultrabiotics 30 comprimidos - Eladiet"},{"@type":"BreadcrumbList","@id":"https:\/\/www.lifenatura.com\/es\/produto\/digest-ultrabiotics-30-comprimidos-eladiet\/#breadcrumb","itemListElement":[{"@type":"ListItem","position":1,"name":"In\u00edcio","item":"https:\/\/www.lifenatura.com\/es\/"},{"@type":"ListItem","position":2,"name":"Todos los Productos","item":"https:\/\/www.lifenatura.com\/es\/tienda\/"},{"@type":"ListItem","position":3,"name":"Digest Ultrabiotics 30 comprimidos &#8211; Eladiet"}]},{"@type":"WebSite","@id":"https:\/\/www.lifenatura.com\/es\/#website","url":"https:\/\/www.lifenatura.com\/es\/","name":"Lifenatura","description":"A Lifenatura \u00e9 uma loja de produtos naturais, cosm\u00e9tica natural e alimenta\u00e7\u00e3o Biol\u00f3gica.","publisher":{"@id":"https:\/\/www.lifenatura.com\/es\/#organization"},"potentialAction":[{"@type":"SearchAction","target":{"@type":"EntryPoint","urlTemplate":"https:\/\/www.lifenatura.com\/es\/?s={search_term_string}"},"query-input":{"@type":"PropertyValueSpecification","valueRequired":true,"valueName":"search_term_string"}}],"inLanguage":"es"},{"@type":"Organization","@id":"https:\/\/www.lifenatura.com\/es\/#organization","name":"Lifenatura","url":"https:\/\/www.lifenatura.com\/es\/","logo":{"@type":"ImageObject","inLanguage":"es","@id":"https:\/\/www.lifenatura.com\/es\/#\/schema\/logo\/image\/","url":"https:\/\/www.lifenatura.com\/wp-content\/uploads\/2021\/07\/logo.png","contentUrl":"https:\/\/www.lifenatura.com\/wp-content\/uploads\/2021\/07\/logo.png","width":175,"height":55,"caption":"Lifenatura"},"image":{"@id":"https:\/\/www.lifenatura.com\/es\/#\/schema\/logo\/image\/"},"sameAs":["https:\/\/www.facebook.com\/lifenatura","https:\/\/www.instagram.com\/lifenaturapt\/"],"hasMerchantReturnPolicy":{"@type":"MerchantReturnPolicy","merchantReturnLink":"https:\/\/www.lifenatura.com\/termos-condicoes-lifenatura\/"}}]},"product_price_amount":"21.85","product_price_currency":"EUR","og_availability":"instock","product_availability":"instock","product_retailer_item_id":"8420101215271","product_condition":"new"},"df_price":21.85,"df_sale_price":"","df_regular_price":21.85,"df_image_link":"https:\/\/www.lifenatura.com\/wp-content\/uploads\/2021\/09\/gd_digestic_ultrabiotics_30comprimidos_eladiet-300x300.jpg","_links":{"self":[{"href":"https:\/\/www.lifenatura.com\/es\/wp-json\/wp\/v2\/product\/37588","targetHints":{"allow":["GET"]}}],"collection":[{"href":"https:\/\/www.lifenatura.com\/es\/wp-json\/wp\/v2\/product"}],"about":[{"href":"https:\/\/www.lifenatura.com\/es\/wp-json\/wp\/v2\/types\/product"}],"wp:featuredmedia":[{"embeddable":true,"href":"https:\/\/www.lifenatura.com\/es\/wp-json\/wp\/v2\/media\/19194"}],"wp:attachment":[{"href":"https:\/\/www.lifenatura.com\/es\/wp-json\/wp\/v2\/media?parent=37588"}],"wp:term":[{"taxonomy":"product_brand","embeddable":true,"href":"https:\/\/www.lifenatura.com\/es\/wp-json\/wp\/v2\/product_brand?post=37588"},{"taxonomy":"product_cat","embeddable":true,"href":"https:\/\/www.lifenatura.com\/es\/wp-json\/wp\/v2\/product_cat?post=37588"},{"taxonomy":"product_tag","embeddable":true,"href":"https:\/\/www.lifenatura.com\/es\/wp-json\/wp\/v2\/product_tag?post=37588"}],"curies":[{"name":"wp","href":"https:\/\/api.w.org\/{rel}","templated":true}]}}