{"id":37586,"date":"2021-09-30T09:51:29","date_gmt":"2021-09-30T12:16:06","guid":{"rendered":"https:\/\/lifenatura.dev.agenciagetdigital.com\/produto\/sal-del-himalaias-gruessa-500-g-ecosana\/"},"modified":"2024-06-10T17:59:57","modified_gmt":"2024-06-10T17:59:57","slug":"sal-del-himalaias-gruessa-500-g-ecosana","status":"publish","type":"product","link":"https:\/\/www.lifenatura.com\/es\/produto\/sal-del-himalaias-gruessa-500-g-ecosana\/","title":{"rendered":"Sal del Himalaias Gruessa 500 g &#8211; Ecosana"},"content":{"rendered":"<h2 style=\"text-align: left;\"><strong>La sal gruessa de los himalayas con sabor suave<\/strong><\/h2>\n<p>&nbsp;<\/p>\n<p>La sal gruesa del Himalaya de Ecosana es una sal pura y natural extra\u00edda de las antiguas minas de sal de la cordillera del Himalaya.<\/p>\n<p>Reconocible por su distintivo tono rosado, esta sal es naturalmente rica en minerales y oligoelementos esenciales, ofreciendo una alternativa saludable a la sal de mesa tradicional.<\/p>\n<p>Con su textura granulada y sabor suave, la Sal Gruesa del Himalaya es ideal para condimentar carnes, pescados, verduras e incluso para utilizar en barbacoas y adobos, realzando el sabor de los alimentos de forma equilibrada y nutritiva.<\/p>\n<p><strong>Principales beneficios de la sal del Himalaya<\/strong><\/p>\n<ul>\n<li><strong>Rica en Minerales:<\/strong> Contiene m\u00e1s de 80 minerales y oligoelementos, como calcio, magnesio y potasio, beneficiosos para la salud en general.<\/li>\n<li><strong>Alternativa saludable:<\/strong> Una opci\u00f3n m\u00e1s natural y pura que la sal refinada, sin aditivos ni conservantes.<\/li>\n<li><strong>Sabor suave y delicado:<\/strong> Realza el sabor de los alimentos sin hacerlos excesivamente salados, proporcionando una experiencia culinaria mejorada.<\/li>\n<li><strong>Propiedades desintoxicantes:<\/strong> Puede ayudar a eliminar toxinas del cuerpo, gracias a su contenido \u00fanico en minerales.<\/li>\n<\/ul>\n<p>Sal procedente de yacimientos salinos naturales. Se presenta en forma de Cristales finos de color rosado caracter\u00edstico.Granos de tama\u00f1o de 1-2 mm.<\/p>\n<p>100% Natural\u00a0 y sin toxinas. Es una perfecta alternativa a la sal de mesa com\u00fan.<\/p>\n<p><strong>PRESENTACI\u00d3N<\/strong><\/p>\n<p>500g<\/p>\n<p>&nbsp;<\/p>\n","protected":false},"excerpt":{"rendered":"<p>La sal gruesa del Himalaya Ecosana es la elecci\u00f3n ideal para quienes desean una alternativa sana y nutritiva a la sal com\u00fan, sin renunciar al sabor. [&#8230;]<\/p>\n<p><a class=\"btn btn-secondary understrap-read-more-link\" href=\"https:\/\/www.lifenatura.com\/es\/produto\/sal-del-himalaias-gruessa-500-g-ecosana\/\">Leer m\u00e1s&#8230;<span class=\"screen-reader-text\"> from Sal del Himalaias Gruessa 500 g &#8211; Ecosana<\/span><\/a><\/p>\n","protected":false},"featured_media":93110,"template":"","meta":{"_acf_changed":false},"product_brand":[8126],"product_cat":[7064,7074,7097],"product_tag":[],"class_list":{"0":"post-37586","1":"product","2":"type-product","3":"status-publish","4":"has-post-thumbnail","6":"product_brand-ecosana","7":"product_cat-alimentacion-sana","8":"product_cat-productos-alimenticios","9":"product_cat-sal-bio","11":"first","12":"instock","13":"shipping-taxable","14":"purchasable","15":"product-type-simple","16":"add-to-wishlist-before_image"},"acf":[],"yoast_head":"<!-- This site is optimized with the Yoast SEO Premium plugin v27.1 (Yoast SEO v27.4) - https:\/\/yoast.com\/product\/yoast-seo-premium-wordpress\/ -->\n<title>Sal del Himalaias Gruessa 500 g - Ecosana - Na Lifenatura ao Melhor Pre\u00e7o | Envio em 48h<\/title>\n<meta name=\"description\" content=\"La sal gruesa del Himalaya Ecosana es la elecci\u00f3n ideal para quienes desean una alternativa sana y nutritiva a la sal com\u00fan, sin renunciar al sabor.\" \/>\n<meta name=\"robots\" content=\"index, follow, max-snippet:-1, max-image-preview:large, max-video-preview:-1\" \/>\n<link rel=\"canonical\" href=\"https:\/\/www.lifenatura.com\/es\/produto\/sal-del-himalaias-gruessa-500-g-ecosana\/\" \/>\n<meta property=\"og:locale\" content=\"es_ES\" \/>\n<meta property=\"og:type\" content=\"article\" \/>\n<meta property=\"og:title\" content=\"Sal del Himalaias Gruessa 500 g - Ecosana - Na Lifenatura ao Melhor Pre\u00e7o | Envio 48h\" \/>\n<meta property=\"og:description\" content=\"Compre Sal del Himalaias Gruessa 500 g - Ecosana com envio r\u00e1pido. Entrega em 48h e portes gr\u00e1tis em compras &gt;35\u20ac. Aproveite j\u00e1 na Lifenatura\" \/>\n<meta property=\"og:url\" content=\"https:\/\/www.lifenatura.com\/es\/produto\/sal-del-himalaias-gruessa-500-g-ecosana\/\" \/>\n<meta property=\"og:site_name\" content=\"Lifenatura\" \/>\n<meta property=\"article:publisher\" content=\"https:\/\/www.facebook.com\/lifenatura\" \/>\n<meta property=\"article:modified_time\" content=\"2024-06-10T17:59:57+00:00\" \/>\n<meta property=\"og:image\" content=\"https:\/\/www.lifenatura.com\/wp-content\/uploads\/2021\/09\/sal-grosso-himalaias-500g-ecosana.jpg\" \/>\n\t<meta property=\"og:image:width\" content=\"1000\" \/>\n\t<meta property=\"og:image:height\" content=\"1000\" \/>\n\t<meta property=\"og:image:type\" content=\"image\/jpeg\" \/>\n<meta name=\"twitter:card\" content=\"summary_large_image\" \/>\n<meta name=\"twitter:label1\" content=\"Precio\" \/>\n\t<meta name=\"twitter:data1\" content=\"1,60&nbsp;&euro;\" \/>\n\t<meta name=\"twitter:label2\" content=\"Disponibilidad\" \/>\n\t<meta name=\"twitter:data2\" content=\"Disponible\" \/>\n<script type=\"application\/ld+json\" class=\"yoast-schema-graph\">{\"@context\":\"https:\\\/\\\/schema.org\",\"@graph\":[{\"@type\":\"WebPage\",\"@id\":\"https:\\\/\\\/www.lifenatura.com\\\/es\\\/produto\\\/sal-del-himalaias-gruessa-500-g-ecosana\\\/\",\"url\":\"https:\\\/\\\/www.lifenatura.com\\\/es\\\/produto\\\/sal-del-himalaias-gruessa-500-g-ecosana\\\/\",\"name\":\"Sal del Himalaias Gruessa 500 g - Ecosana - Na Lifenatura ao Melhor Pre\u00e7o | Envio em 48h\",\"isPartOf\":{\"@id\":\"https:\\\/\\\/www.lifenatura.com\\\/es\\\/#website\"},\"primaryImageOfPage\":{\"@id\":\"https:\\\/\\\/www.lifenatura.com\\\/es\\\/produto\\\/sal-del-himalaias-gruessa-500-g-ecosana\\\/#primaryimage\"},\"image\":{\"@id\":\"https:\\\/\\\/www.lifenatura.com\\\/es\\\/produto\\\/sal-del-himalaias-gruessa-500-g-ecosana\\\/#primaryimage\"},\"thumbnailUrl\":\"https:\\\/\\\/www.lifenatura.com\\\/wp-content\\\/uploads\\\/2021\\\/09\\\/sal-grosso-himalaias-500g-ecosana.jpg\",\"datePublished\":\"2021-09-30T12:16:06+00:00\",\"dateModified\":\"2024-06-10T17:59:57+00:00\",\"description\":\"La sal gruesa del Himalaya Ecosana es la elecci\u00f3n ideal para quienes desean una alternativa sana y nutritiva a la sal com\u00fan, sin renunciar al sabor.\",\"breadcrumb\":{\"@id\":\"https:\\\/\\\/www.lifenatura.com\\\/es\\\/produto\\\/sal-del-himalaias-gruessa-500-g-ecosana\\\/#breadcrumb\"},\"inLanguage\":\"es\",\"potentialAction\":[{\"@type\":\"ReadAction\",\"target\":[\"https:\\\/\\\/www.lifenatura.com\\\/es\\\/produto\\\/sal-del-himalaias-gruessa-500-g-ecosana\\\/\"]}]},{\"@type\":\"ImageObject\",\"inLanguage\":\"es\",\"@id\":\"https:\\\/\\\/www.lifenatura.com\\\/es\\\/produto\\\/sal-del-himalaias-gruessa-500-g-ecosana\\\/#primaryimage\",\"url\":\"https:\\\/\\\/www.lifenatura.com\\\/wp-content\\\/uploads\\\/2021\\\/09\\\/sal-grosso-himalaias-500g-ecosana.jpg\",\"contentUrl\":\"https:\\\/\\\/www.lifenatura.com\\\/wp-content\\\/uploads\\\/2021\\\/09\\\/sal-grosso-himalaias-500g-ecosana.jpg\",\"width\":1000,\"height\":1000,\"caption\":\"Sal grosso dos himalaias da marca Ecosana\"},{\"@type\":\"BreadcrumbList\",\"@id\":\"https:\\\/\\\/www.lifenatura.com\\\/es\\\/produto\\\/sal-del-himalaias-gruessa-500-g-ecosana\\\/#breadcrumb\",\"itemListElement\":[{\"@type\":\"ListItem\",\"position\":1,\"name\":\"In\u00edcio\",\"item\":\"https:\\\/\\\/www.lifenatura.com\\\/es\\\/\"},{\"@type\":\"ListItem\",\"position\":2,\"name\":\"Todos los Productos\",\"item\":\"https:\\\/\\\/www.lifenatura.com\\\/es\\\/tienda\\\/\"},{\"@type\":\"ListItem\",\"position\":3,\"name\":\"Sal del Himalaias Gruessa 500 g &#8211; Ecosana\"}]},{\"@type\":\"WebSite\",\"@id\":\"https:\\\/\\\/www.lifenatura.com\\\/es\\\/#website\",\"url\":\"https:\\\/\\\/www.lifenatura.com\\\/es\\\/\",\"name\":\"Lifenatura\",\"description\":\"A Lifenatura \u00e9 uma loja de produtos naturais, cosm\u00e9tica natural e alimenta\u00e7\u00e3o Biol\u00f3gica.\",\"publisher\":{\"@id\":\"https:\\\/\\\/www.lifenatura.com\\\/es\\\/#organization\"},\"potentialAction\":[{\"@type\":\"SearchAction\",\"target\":{\"@type\":\"EntryPoint\",\"urlTemplate\":\"https:\\\/\\\/www.lifenatura.com\\\/es\\\/?s={search_term_string}\"},\"query-input\":{\"@type\":\"PropertyValueSpecification\",\"valueRequired\":true,\"valueName\":\"search_term_string\"}}],\"inLanguage\":\"es\"},{\"@type\":\"Organization\",\"@id\":\"https:\\\/\\\/www.lifenatura.com\\\/es\\\/#organization\",\"name\":\"Lifenatura\",\"url\":\"https:\\\/\\\/www.lifenatura.com\\\/es\\\/\",\"logo\":{\"@type\":\"ImageObject\",\"inLanguage\":\"es\",\"@id\":\"https:\\\/\\\/www.lifenatura.com\\\/es\\\/#\\\/schema\\\/logo\\\/image\\\/\",\"url\":\"https:\\\/\\\/www.lifenatura.com\\\/wp-content\\\/uploads\\\/2021\\\/07\\\/logo.png\",\"contentUrl\":\"https:\\\/\\\/www.lifenatura.com\\\/wp-content\\\/uploads\\\/2021\\\/07\\\/logo.png\",\"width\":175,\"height\":55,\"caption\":\"Lifenatura\"},\"image\":{\"@id\":\"https:\\\/\\\/www.lifenatura.com\\\/es\\\/#\\\/schema\\\/logo\\\/image\\\/\"},\"sameAs\":[\"https:\\\/\\\/www.facebook.com\\\/lifenatura\",\"https:\\\/\\\/www.instagram.com\\\/lifenaturapt\\\/\"],\"hasMerchantReturnPolicy\":{\"@type\":\"MerchantReturnPolicy\",\"merchantReturnLink\":\"https:\\\/\\\/www.lifenatura.com\\\/termos-condicoes-lifenatura\\\/\"}}]}<\/script>\n<meta property=\"product:price:amount\" content=\"1.60\" \/>\n<meta property=\"product:price:currency\" content=\"EUR\" \/>\n<meta property=\"og:availability\" content=\"instock\" \/>\n<meta property=\"product:availability\" content=\"instock\" \/>\n<meta property=\"product:retailer_item_id\" content=\"8436012944278\" \/>\n<meta property=\"product:condition\" content=\"new\" \/>\n<!-- \/ Yoast SEO Premium plugin. -->","yoast_head_json":{"title":"Sal del Himalaias Gruessa 500 g - Ecosana - Na Lifenatura ao Melhor Pre\u00e7o | Envio em 48h","description":"La sal gruesa del Himalaya Ecosana es la elecci\u00f3n ideal para quienes desean una alternativa sana y nutritiva a la sal com\u00fan, sin renunciar al sabor.","robots":{"index":"index","follow":"follow","max-snippet":"max-snippet:-1","max-image-preview":"max-image-preview:large","max-video-preview":"max-video-preview:-1"},"canonical":"https:\/\/www.lifenatura.com\/es\/produto\/sal-del-himalaias-gruessa-500-g-ecosana\/","og_locale":"es_ES","og_type":"article","og_title":"Sal del Himalaias Gruessa 500 g - Ecosana - Na Lifenatura ao Melhor Pre\u00e7o | Envio 48h","og_description":"Compre Sal del Himalaias Gruessa 500 g - Ecosana com envio r\u00e1pido. Entrega em 48h e portes gr\u00e1tis em compras >35\u20ac. Aproveite j\u00e1 na Lifenatura","og_url":"https:\/\/www.lifenatura.com\/es\/produto\/sal-del-himalaias-gruessa-500-g-ecosana\/","og_site_name":"Lifenatura","article_publisher":"https:\/\/www.facebook.com\/lifenatura","article_modified_time":"2024-06-10T17:59:57+00:00","og_image":[{"width":1000,"height":1000,"url":"https:\/\/www.lifenatura.com\/wp-content\/uploads\/2021\/09\/sal-grosso-himalaias-500g-ecosana.jpg","type":"image\/jpeg"}],"twitter_card":"summary_large_image","twitter_misc":{"Precio":"1,60&nbsp;&euro;","Disponibilidad":"Disponible"},"schema":{"@context":"https:\/\/schema.org","@graph":[{"@type":"WebPage","@id":"https:\/\/www.lifenatura.com\/es\/produto\/sal-del-himalaias-gruessa-500-g-ecosana\/","url":"https:\/\/www.lifenatura.com\/es\/produto\/sal-del-himalaias-gruessa-500-g-ecosana\/","name":"Sal del Himalaias Gruessa 500 g - Ecosana - Na Lifenatura ao Melhor Pre\u00e7o | Envio em 48h","isPartOf":{"@id":"https:\/\/www.lifenatura.com\/es\/#website"},"primaryImageOfPage":{"@id":"https:\/\/www.lifenatura.com\/es\/produto\/sal-del-himalaias-gruessa-500-g-ecosana\/#primaryimage"},"image":{"@id":"https:\/\/www.lifenatura.com\/es\/produto\/sal-del-himalaias-gruessa-500-g-ecosana\/#primaryimage"},"thumbnailUrl":"https:\/\/www.lifenatura.com\/wp-content\/uploads\/2021\/09\/sal-grosso-himalaias-500g-ecosana.jpg","datePublished":"2021-09-30T12:16:06+00:00","dateModified":"2024-06-10T17:59:57+00:00","description":"La sal gruesa del Himalaya Ecosana es la elecci\u00f3n ideal para quienes desean una alternativa sana y nutritiva a la sal com\u00fan, sin renunciar al sabor.","breadcrumb":{"@id":"https:\/\/www.lifenatura.com\/es\/produto\/sal-del-himalaias-gruessa-500-g-ecosana\/#breadcrumb"},"inLanguage":"es","potentialAction":[{"@type":"ReadAction","target":["https:\/\/www.lifenatura.com\/es\/produto\/sal-del-himalaias-gruessa-500-g-ecosana\/"]}]},{"@type":"ImageObject","inLanguage":"es","@id":"https:\/\/www.lifenatura.com\/es\/produto\/sal-del-himalaias-gruessa-500-g-ecosana\/#primaryimage","url":"https:\/\/www.lifenatura.com\/wp-content\/uploads\/2021\/09\/sal-grosso-himalaias-500g-ecosana.jpg","contentUrl":"https:\/\/www.lifenatura.com\/wp-content\/uploads\/2021\/09\/sal-grosso-himalaias-500g-ecosana.jpg","width":1000,"height":1000,"caption":"Sal grosso dos himalaias da marca Ecosana"},{"@type":"BreadcrumbList","@id":"https:\/\/www.lifenatura.com\/es\/produto\/sal-del-himalaias-gruessa-500-g-ecosana\/#breadcrumb","itemListElement":[{"@type":"ListItem","position":1,"name":"In\u00edcio","item":"https:\/\/www.lifenatura.com\/es\/"},{"@type":"ListItem","position":2,"name":"Todos los Productos","item":"https:\/\/www.lifenatura.com\/es\/tienda\/"},{"@type":"ListItem","position":3,"name":"Sal del Himalaias Gruessa 500 g &#8211; Ecosana"}]},{"@type":"WebSite","@id":"https:\/\/www.lifenatura.com\/es\/#website","url":"https:\/\/www.lifenatura.com\/es\/","name":"Lifenatura","description":"A Lifenatura \u00e9 uma loja de produtos naturais, cosm\u00e9tica natural e alimenta\u00e7\u00e3o Biol\u00f3gica.","publisher":{"@id":"https:\/\/www.lifenatura.com\/es\/#organization"},"potentialAction":[{"@type":"SearchAction","target":{"@type":"EntryPoint","urlTemplate":"https:\/\/www.lifenatura.com\/es\/?s={search_term_string}"},"query-input":{"@type":"PropertyValueSpecification","valueRequired":true,"valueName":"search_term_string"}}],"inLanguage":"es"},{"@type":"Organization","@id":"https:\/\/www.lifenatura.com\/es\/#organization","name":"Lifenatura","url":"https:\/\/www.lifenatura.com\/es\/","logo":{"@type":"ImageObject","inLanguage":"es","@id":"https:\/\/www.lifenatura.com\/es\/#\/schema\/logo\/image\/","url":"https:\/\/www.lifenatura.com\/wp-content\/uploads\/2021\/07\/logo.png","contentUrl":"https:\/\/www.lifenatura.com\/wp-content\/uploads\/2021\/07\/logo.png","width":175,"height":55,"caption":"Lifenatura"},"image":{"@id":"https:\/\/www.lifenatura.com\/es\/#\/schema\/logo\/image\/"},"sameAs":["https:\/\/www.facebook.com\/lifenatura","https:\/\/www.instagram.com\/lifenaturapt\/"],"hasMerchantReturnPolicy":{"@type":"MerchantReturnPolicy","merchantReturnLink":"https:\/\/www.lifenatura.com\/termos-condicoes-lifenatura\/"}}]},"product_price_amount":"1.60","product_price_currency":"EUR","og_availability":"instock","product_availability":"instock","product_retailer_item_id":"8436012944278","product_condition":"new"},"df_price":1.6,"df_sale_price":"","df_regular_price":1.6,"df_image_link":"https:\/\/www.lifenatura.com\/wp-content\/uploads\/2021\/09\/sal-grosso-himalaias-500g-ecosana-300x300.jpg","_links":{"self":[{"href":"https:\/\/www.lifenatura.com\/es\/wp-json\/wp\/v2\/product\/37586","targetHints":{"allow":["GET"]}}],"collection":[{"href":"https:\/\/www.lifenatura.com\/es\/wp-json\/wp\/v2\/product"}],"about":[{"href":"https:\/\/www.lifenatura.com\/es\/wp-json\/wp\/v2\/types\/product"}],"wp:featuredmedia":[{"embeddable":true,"href":"https:\/\/www.lifenatura.com\/es\/wp-json\/wp\/v2\/media\/93110"}],"wp:attachment":[{"href":"https:\/\/www.lifenatura.com\/es\/wp-json\/wp\/v2\/media?parent=37586"}],"wp:term":[{"taxonomy":"product_brand","embeddable":true,"href":"https:\/\/www.lifenatura.com\/es\/wp-json\/wp\/v2\/product_brand?post=37586"},{"taxonomy":"product_cat","embeddable":true,"href":"https:\/\/www.lifenatura.com\/es\/wp-json\/wp\/v2\/product_cat?post=37586"},{"taxonomy":"product_tag","embeddable":true,"href":"https:\/\/www.lifenatura.com\/es\/wp-json\/wp\/v2\/product_tag?post=37586"}],"curies":[{"name":"wp","href":"https:\/\/api.w.org\/{rel}","templated":true}]}}