{"id":37571,"date":"2021-09-30T09:51:08","date_gmt":"2021-09-30T09:51:08","guid":{"rendered":"https:\/\/lifenatura.dev.agenciagetdigital.com\/produto\/semillas-de-lino-de-linhaca-dourada-bio-500-g-ecosana\/"},"modified":"2024-08-08T15:54:59","modified_gmt":"2024-08-08T15:54:59","slug":"semillas-de-lino-de-linhaca-dourada-bio-500-g-ecosana","status":"publish","type":"product","link":"https:\/\/www.lifenatura.com\/es\/produto\/semillas-de-lino-de-linhaca-dourada-bio-500-g-ecosana\/","title":{"rendered":"Semillas de Lino de Linha\u00e7a Dourada Bio 250 g &#8211; Ecosana"},"content":{"rendered":"<h2 style=\"text-align: left;\"><strong>Las semillas de lino doradas ecol\u00f3gicas son una fuente de Omega 3<\/strong><\/h2>\n<p>&nbsp;<\/p>\n<p>Las semillas de lino doradas ecol\u00f3gicas son una fuente natural de omega 3 y contienen una gran cantidad de fibra, que ayuda al buen funcionamiento del sistema digestivo. Estas semillas de lino tambi\u00e9n son muy utilizadas en procesos de adelgazamiento. Ecol\u00f3gicas, sin gluten, sin az\u00facares a\u00f1adidos, aptas para veganos y vegetarianos.<\/p>\n<p>Estas semillas tambi\u00e9n contribuyen al cuidado del medio ambiente. Estas semillas son una de las principales fuentes de Omega 3 y destacan por su alto contenido en fibra.<\/p>\n<p>Son ideales para regular el tr\u00e1nsito intestinal y eliminar toxinas del organismo. Tambi\u00e9n contienen vitaminas B y E y son ricas en f\u00f3sforo y calcio.<\/p>\n<p><strong>Principales beneficios:<\/strong><\/p>\n<ul>\n<li><strong>Ricas en fibra:<\/strong> Favorecen una digesti\u00f3n saludable y regulan el tr\u00e1nsito intestinal, contribuyendo a la sensaci\u00f3n de saciedad.<\/li>\n<li><strong>Fuente de \u00e1cidos grasos Omega-3:<\/strong> Contienen \u00e1cidos grasos esenciales beneficiosos para la salud del coraz\u00f3n y el cerebro.<\/li>\n<li><strong>Alto Contenido en Antioxidantes:<\/strong> Ayudan a combatir los radicales libres, protegiendo las c\u00e9lulas contra el estr\u00e9s oxidativo.<\/li>\n<li><strong>Favorece la Salud Digestiva:<\/strong> Pueden ayudar a prevenir problemas digestivos, como el estre\u00f1imiento, debido a su alto contenido en fibra.<\/li>\n<\/ul>\n<p><strong>PRESENTACI\u00d3N<\/strong><\/p>\n<p>250g<\/p>\n<p>&nbsp;<\/p>\n","protected":false},"excerpt":{"rendered":"<p>Las semillas de lino son una fuente natural de omega-3 y contienen una gran cantidad de fibra, que ayuda al buen funcionamiento del sistema digestivo. [&#8230;]<\/p>\n<p><a class=\"btn btn-secondary understrap-read-more-link\" href=\"https:\/\/www.lifenatura.com\/es\/produto\/semillas-de-lino-de-linhaca-dourada-bio-500-g-ecosana\/\">Leer m\u00e1s&#8230;<span class=\"screen-reader-text\"> from Semillas de Lino de Linha\u00e7a Dourada Bio 250 g &#8211; Ecosana<\/span><\/a><\/p>\n","protected":false},"featured_media":93131,"template":"","meta":{"_acf_changed":false},"product_brand":[8495],"product_cat":[7064,7074,7099],"product_tag":[],"class_list":{"0":"post-37571","1":"product","2":"type-product","3":"status-publish","4":"has-post-thumbnail","6":"product_brand-ecosana","7":"product_cat-alimentacion-sana","8":"product_cat-productos-alimenticios","9":"product_cat-semillas","11":"first","12":"instock","13":"shipping-taxable","14":"purchasable","15":"product-type-simple","16":"add-to-wishlist-before_image"},"acf":[],"yoast_head":"<!-- This site is optimized with the Yoast SEO Premium plugin v27.1 (Yoast SEO v27.5) - https:\/\/yoast.com\/product\/yoast-seo-premium-wordpress\/ -->\n<title>Semillas de Lino de Linha\u00e7a Dourada Bio 250 g - Ecosana - Na Lifenatura ao Melhor Pre\u00e7o | Envio em 48h<\/title>\n<meta name=\"description\" content=\"Las semillas de lino son una fuente natural de omega-3 y contienen una gran cantidad de fibra, que ayuda al buen funcionamiento del sistema digestivo.\" \/>\n<meta name=\"robots\" content=\"index, follow, max-snippet:-1, max-image-preview:large, max-video-preview:-1\" \/>\n<link rel=\"canonical\" href=\"https:\/\/www.lifenatura.com\/es\/produto\/semillas-de-lino-de-linhaca-dourada-bio-500-g-ecosana\/\" \/>\n<meta property=\"og:locale\" content=\"es_ES\" \/>\n<meta property=\"og:type\" content=\"article\" \/>\n<meta property=\"og:title\" content=\"Semillas de Lino de Linha\u00e7a Dourada Bio 250 g - Ecosana - Na Lifenatura ao Melhor Pre\u00e7o | Envio 48h\" \/>\n<meta property=\"og:description\" content=\"Compre Semillas de Lino de Linha\u00e7a Dourada Bio 250 g - Ecosana com envio r\u00e1pido. Entrega em 48h e portes gr\u00e1tis em compras &gt;35\u20ac. Aproveite j\u00e1 na Lifenatura\" \/>\n<meta property=\"og:url\" content=\"https:\/\/www.lifenatura.com\/es\/produto\/semillas-de-lino-de-linhaca-dourada-bio-500-g-ecosana\/\" \/>\n<meta property=\"og:site_name\" content=\"Lifenatura\" \/>\n<meta property=\"article:publisher\" content=\"https:\/\/www.facebook.com\/lifenatura\" \/>\n<meta property=\"article:modified_time\" content=\"2024-08-08T15:54:59+00:00\" \/>\n<meta property=\"og:image\" content=\"https:\/\/www.lifenatura.com\/wp-content\/uploads\/2021\/09\/sementes-linhaca-dourado-250g-ecosana.jpg\" \/>\n\t<meta property=\"og:image:width\" content=\"1000\" \/>\n\t<meta property=\"og:image:height\" content=\"1000\" \/>\n\t<meta property=\"og:image:type\" content=\"image\/jpeg\" \/>\n<meta name=\"twitter:card\" content=\"summary_large_image\" \/>\n<meta name=\"twitter:label1\" content=\"Precio\" \/>\n\t<meta name=\"twitter:data1\" content=\"1,99&nbsp;&euro;\" \/>\n\t<meta name=\"twitter:label2\" content=\"Disponibilidad\" \/>\n\t<meta name=\"twitter:data2\" content=\"Disponible\" \/>\n<script type=\"application\/ld+json\" class=\"yoast-schema-graph\">{\"@context\":\"https:\\\/\\\/schema.org\",\"@graph\":[{\"@type\":\"WebPage\",\"@id\":\"https:\\\/\\\/www.lifenatura.com\\\/es\\\/produto\\\/semillas-de-lino-de-linhaca-dourada-bio-500-g-ecosana\\\/\",\"url\":\"https:\\\/\\\/www.lifenatura.com\\\/es\\\/produto\\\/semillas-de-lino-de-linhaca-dourada-bio-500-g-ecosana\\\/\",\"name\":\"Semillas de Lino de Linha\u00e7a Dourada Bio 250 g - Ecosana - Na Lifenatura ao Melhor Pre\u00e7o | Envio em 48h\",\"isPartOf\":{\"@id\":\"https:\\\/\\\/www.lifenatura.com\\\/es\\\/#website\"},\"primaryImageOfPage\":{\"@id\":\"https:\\\/\\\/www.lifenatura.com\\\/es\\\/produto\\\/semillas-de-lino-de-linhaca-dourada-bio-500-g-ecosana\\\/#primaryimage\"},\"image\":{\"@id\":\"https:\\\/\\\/www.lifenatura.com\\\/es\\\/produto\\\/semillas-de-lino-de-linhaca-dourada-bio-500-g-ecosana\\\/#primaryimage\"},\"thumbnailUrl\":\"https:\\\/\\\/www.lifenatura.com\\\/wp-content\\\/uploads\\\/2021\\\/09\\\/sementes-linhaca-dourado-250g-ecosana.jpg\",\"datePublished\":\"2021-09-30T09:51:08+00:00\",\"dateModified\":\"2024-08-08T15:54:59+00:00\",\"description\":\"Las semillas de lino son una fuente natural de omega-3 y contienen una gran cantidad de fibra, que ayuda al buen funcionamiento del sistema digestivo.\",\"breadcrumb\":{\"@id\":\"https:\\\/\\\/www.lifenatura.com\\\/es\\\/produto\\\/semillas-de-lino-de-linhaca-dourada-bio-500-g-ecosana\\\/#breadcrumb\"},\"inLanguage\":\"es\",\"potentialAction\":[{\"@type\":\"ReadAction\",\"target\":[\"https:\\\/\\\/www.lifenatura.com\\\/es\\\/produto\\\/semillas-de-lino-de-linhaca-dourada-bio-500-g-ecosana\\\/\"]}]},{\"@type\":\"ImageObject\",\"inLanguage\":\"es\",\"@id\":\"https:\\\/\\\/www.lifenatura.com\\\/es\\\/produto\\\/semillas-de-lino-de-linhaca-dourada-bio-500-g-ecosana\\\/#primaryimage\",\"url\":\"https:\\\/\\\/www.lifenatura.com\\\/wp-content\\\/uploads\\\/2021\\\/09\\\/sementes-linhaca-dourado-250g-ecosana.jpg\",\"contentUrl\":\"https:\\\/\\\/www.lifenatura.com\\\/wp-content\\\/uploads\\\/2021\\\/09\\\/sementes-linhaca-dourado-250g-ecosana.jpg\",\"width\":1000,\"height\":1000,\"caption\":\"sementes de linha\u00e7a dourada de 250g da marca Ecosana\"},{\"@type\":\"BreadcrumbList\",\"@id\":\"https:\\\/\\\/www.lifenatura.com\\\/es\\\/produto\\\/semillas-de-lino-de-linhaca-dourada-bio-500-g-ecosana\\\/#breadcrumb\",\"itemListElement\":[{\"@type\":\"ListItem\",\"position\":1,\"name\":\"In\u00edcio\",\"item\":\"https:\\\/\\\/www.lifenatura.com\\\/es\\\/\"},{\"@type\":\"ListItem\",\"position\":2,\"name\":\"Todos los Productos\",\"item\":\"https:\\\/\\\/www.lifenatura.com\\\/es\\\/tienda\\\/\"},{\"@type\":\"ListItem\",\"position\":3,\"name\":\"Semillas de Lino de Linha\u00e7a Dourada Bio 250 g &#8211; Ecosana\"}]},{\"@type\":\"WebSite\",\"@id\":\"https:\\\/\\\/www.lifenatura.com\\\/es\\\/#website\",\"url\":\"https:\\\/\\\/www.lifenatura.com\\\/es\\\/\",\"name\":\"Lifenatura\",\"description\":\"A Lifenatura \u00e9 uma loja de produtos naturais, cosm\u00e9tica natural e alimenta\u00e7\u00e3o Biol\u00f3gica.\",\"publisher\":{\"@id\":\"https:\\\/\\\/www.lifenatura.com\\\/es\\\/#organization\"},\"potentialAction\":[{\"@type\":\"SearchAction\",\"target\":{\"@type\":\"EntryPoint\",\"urlTemplate\":\"https:\\\/\\\/www.lifenatura.com\\\/es\\\/?s={search_term_string}\"},\"query-input\":{\"@type\":\"PropertyValueSpecification\",\"valueRequired\":true,\"valueName\":\"search_term_string\"}}],\"inLanguage\":\"es\"},{\"@type\":\"Organization\",\"@id\":\"https:\\\/\\\/www.lifenatura.com\\\/es\\\/#organization\",\"name\":\"Lifenatura\",\"url\":\"https:\\\/\\\/www.lifenatura.com\\\/es\\\/\",\"logo\":{\"@type\":\"ImageObject\",\"inLanguage\":\"es\",\"@id\":\"https:\\\/\\\/www.lifenatura.com\\\/es\\\/#\\\/schema\\\/logo\\\/image\\\/\",\"url\":\"https:\\\/\\\/www.lifenatura.com\\\/wp-content\\\/uploads\\\/2021\\\/07\\\/logo.png\",\"contentUrl\":\"https:\\\/\\\/www.lifenatura.com\\\/wp-content\\\/uploads\\\/2021\\\/07\\\/logo.png\",\"width\":175,\"height\":55,\"caption\":\"Lifenatura\"},\"image\":{\"@id\":\"https:\\\/\\\/www.lifenatura.com\\\/es\\\/#\\\/schema\\\/logo\\\/image\\\/\"},\"sameAs\":[\"https:\\\/\\\/www.facebook.com\\\/lifenatura\",\"https:\\\/\\\/www.instagram.com\\\/lifenaturapt\\\/\"],\"hasMerchantReturnPolicy\":{\"@type\":\"MerchantReturnPolicy\",\"merchantReturnLink\":\"https:\\\/\\\/www.lifenatura.com\\\/termos-condicoes-lifenatura\\\/\"}}]}<\/script>\n<meta property=\"product:price:amount\" content=\"1.99\" \/>\n<meta property=\"product:price:currency\" content=\"EUR\" \/>\n<meta property=\"og:availability\" content=\"instock\" \/>\n<meta property=\"product:availability\" content=\"instock\" \/>\n<meta property=\"product:retailer_item_id\" content=\"8436012944346\" \/>\n<meta property=\"product:condition\" content=\"new\" \/>\n<!-- \/ Yoast SEO Premium plugin. -->","yoast_head_json":{"title":"Semillas de Lino de Linha\u00e7a Dourada Bio 250 g - Ecosana - Na Lifenatura ao Melhor Pre\u00e7o | Envio em 48h","description":"Las semillas de lino son una fuente natural de omega-3 y contienen una gran cantidad de fibra, que ayuda al buen funcionamiento del sistema digestivo.","robots":{"index":"index","follow":"follow","max-snippet":"max-snippet:-1","max-image-preview":"max-image-preview:large","max-video-preview":"max-video-preview:-1"},"canonical":"https:\/\/www.lifenatura.com\/es\/produto\/semillas-de-lino-de-linhaca-dourada-bio-500-g-ecosana\/","og_locale":"es_ES","og_type":"article","og_title":"Semillas de Lino de Linha\u00e7a Dourada Bio 250 g - Ecosana - Na Lifenatura ao Melhor Pre\u00e7o | Envio 48h","og_description":"Compre Semillas de Lino de Linha\u00e7a Dourada Bio 250 g - Ecosana com envio r\u00e1pido. Entrega em 48h e portes gr\u00e1tis em compras >35\u20ac. Aproveite j\u00e1 na Lifenatura","og_url":"https:\/\/www.lifenatura.com\/es\/produto\/semillas-de-lino-de-linhaca-dourada-bio-500-g-ecosana\/","og_site_name":"Lifenatura","article_publisher":"https:\/\/www.facebook.com\/lifenatura","article_modified_time":"2024-08-08T15:54:59+00:00","og_image":[{"width":1000,"height":1000,"url":"https:\/\/www.lifenatura.com\/wp-content\/uploads\/2021\/09\/sementes-linhaca-dourado-250g-ecosana.jpg","type":"image\/jpeg"}],"twitter_card":"summary_large_image","twitter_misc":{"Precio":"1,99&nbsp;&euro;","Disponibilidad":"Disponible"},"schema":{"@context":"https:\/\/schema.org","@graph":[{"@type":"WebPage","@id":"https:\/\/www.lifenatura.com\/es\/produto\/semillas-de-lino-de-linhaca-dourada-bio-500-g-ecosana\/","url":"https:\/\/www.lifenatura.com\/es\/produto\/semillas-de-lino-de-linhaca-dourada-bio-500-g-ecosana\/","name":"Semillas de Lino de Linha\u00e7a Dourada Bio 250 g - Ecosana - Na Lifenatura ao Melhor Pre\u00e7o | Envio em 48h","isPartOf":{"@id":"https:\/\/www.lifenatura.com\/es\/#website"},"primaryImageOfPage":{"@id":"https:\/\/www.lifenatura.com\/es\/produto\/semillas-de-lino-de-linhaca-dourada-bio-500-g-ecosana\/#primaryimage"},"image":{"@id":"https:\/\/www.lifenatura.com\/es\/produto\/semillas-de-lino-de-linhaca-dourada-bio-500-g-ecosana\/#primaryimage"},"thumbnailUrl":"https:\/\/www.lifenatura.com\/wp-content\/uploads\/2021\/09\/sementes-linhaca-dourado-250g-ecosana.jpg","datePublished":"2021-09-30T09:51:08+00:00","dateModified":"2024-08-08T15:54:59+00:00","description":"Las semillas de lino son una fuente natural de omega-3 y contienen una gran cantidad de fibra, que ayuda al buen funcionamiento del sistema digestivo.","breadcrumb":{"@id":"https:\/\/www.lifenatura.com\/es\/produto\/semillas-de-lino-de-linhaca-dourada-bio-500-g-ecosana\/#breadcrumb"},"inLanguage":"es","potentialAction":[{"@type":"ReadAction","target":["https:\/\/www.lifenatura.com\/es\/produto\/semillas-de-lino-de-linhaca-dourada-bio-500-g-ecosana\/"]}]},{"@type":"ImageObject","inLanguage":"es","@id":"https:\/\/www.lifenatura.com\/es\/produto\/semillas-de-lino-de-linhaca-dourada-bio-500-g-ecosana\/#primaryimage","url":"https:\/\/www.lifenatura.com\/wp-content\/uploads\/2021\/09\/sementes-linhaca-dourado-250g-ecosana.jpg","contentUrl":"https:\/\/www.lifenatura.com\/wp-content\/uploads\/2021\/09\/sementes-linhaca-dourado-250g-ecosana.jpg","width":1000,"height":1000,"caption":"sementes de linha\u00e7a dourada de 250g da marca Ecosana"},{"@type":"BreadcrumbList","@id":"https:\/\/www.lifenatura.com\/es\/produto\/semillas-de-lino-de-linhaca-dourada-bio-500-g-ecosana\/#breadcrumb","itemListElement":[{"@type":"ListItem","position":1,"name":"In\u00edcio","item":"https:\/\/www.lifenatura.com\/es\/"},{"@type":"ListItem","position":2,"name":"Todos los Productos","item":"https:\/\/www.lifenatura.com\/es\/tienda\/"},{"@type":"ListItem","position":3,"name":"Semillas de Lino de Linha\u00e7a Dourada Bio 250 g &#8211; Ecosana"}]},{"@type":"WebSite","@id":"https:\/\/www.lifenatura.com\/es\/#website","url":"https:\/\/www.lifenatura.com\/es\/","name":"Lifenatura","description":"A Lifenatura \u00e9 uma loja de produtos naturais, cosm\u00e9tica natural e alimenta\u00e7\u00e3o Biol\u00f3gica.","publisher":{"@id":"https:\/\/www.lifenatura.com\/es\/#organization"},"potentialAction":[{"@type":"SearchAction","target":{"@type":"EntryPoint","urlTemplate":"https:\/\/www.lifenatura.com\/es\/?s={search_term_string}"},"query-input":{"@type":"PropertyValueSpecification","valueRequired":true,"valueName":"search_term_string"}}],"inLanguage":"es"},{"@type":"Organization","@id":"https:\/\/www.lifenatura.com\/es\/#organization","name":"Lifenatura","url":"https:\/\/www.lifenatura.com\/es\/","logo":{"@type":"ImageObject","inLanguage":"es","@id":"https:\/\/www.lifenatura.com\/es\/#\/schema\/logo\/image\/","url":"https:\/\/www.lifenatura.com\/wp-content\/uploads\/2021\/07\/logo.png","contentUrl":"https:\/\/www.lifenatura.com\/wp-content\/uploads\/2021\/07\/logo.png","width":175,"height":55,"caption":"Lifenatura"},"image":{"@id":"https:\/\/www.lifenatura.com\/es\/#\/schema\/logo\/image\/"},"sameAs":["https:\/\/www.facebook.com\/lifenatura","https:\/\/www.instagram.com\/lifenaturapt\/"],"hasMerchantReturnPolicy":{"@type":"MerchantReturnPolicy","merchantReturnLink":"https:\/\/www.lifenatura.com\/termos-condicoes-lifenatura\/"}}]},"product_price_amount":"1.99","product_price_currency":"EUR","og_availability":"instock","product_availability":"instock","product_retailer_item_id":"8436012944346","product_condition":"new"},"df_price":1.99,"df_sale_price":"","df_regular_price":1.99,"df_image_link":"https:\/\/www.lifenatura.com\/wp-content\/uploads\/2021\/09\/sementes-linhaca-dourado-250g-ecosana-300x300.jpg","_links":{"self":[{"href":"https:\/\/www.lifenatura.com\/es\/wp-json\/wp\/v2\/product\/37571","targetHints":{"allow":["GET"]}}],"collection":[{"href":"https:\/\/www.lifenatura.com\/es\/wp-json\/wp\/v2\/product"}],"about":[{"href":"https:\/\/www.lifenatura.com\/es\/wp-json\/wp\/v2\/types\/product"}],"wp:featuredmedia":[{"embeddable":true,"href":"https:\/\/www.lifenatura.com\/es\/wp-json\/wp\/v2\/media\/93131"}],"wp:attachment":[{"href":"https:\/\/www.lifenatura.com\/es\/wp-json\/wp\/v2\/media?parent=37571"}],"wp:term":[{"taxonomy":"product_brand","embeddable":true,"href":"https:\/\/www.lifenatura.com\/es\/wp-json\/wp\/v2\/product_brand?post=37571"},{"taxonomy":"product_cat","embeddable":true,"href":"https:\/\/www.lifenatura.com\/es\/wp-json\/wp\/v2\/product_cat?post=37571"},{"taxonomy":"product_tag","embeddable":true,"href":"https:\/\/www.lifenatura.com\/es\/wp-json\/wp\/v2\/product_tag?post=37571"}],"curies":[{"name":"wp","href":"https:\/\/api.w.org\/{rel}","templated":true}]}}