{"id":37570,"date":"2021-09-30T09:51:08","date_gmt":"2021-09-30T09:51:08","guid":{"rendered":"https:\/\/lifenatura.dev.agenciagetdigital.com\/produto\/semillas-de-girassol-bio-250-g-ecosana\/"},"modified":"2026-01-22T06:50:07","modified_gmt":"2026-01-22T06:50:07","slug":"semillas-de-girassol-bio-250-g-ecosana","status":"publish","type":"product","link":"https:\/\/www.lifenatura.com\/es\/produto\/semillas-de-girassol-bio-250-g-ecosana\/","title":{"rendered":"Semillas de Girassol Bio 250 g &#8211; Ecosana"},"content":{"rendered":"<h2 style=\"text-align: left\"><strong>Semillas de girasol ecol\u00f3gicas<\/strong><\/h2>\n<p>&nbsp;<\/p>\n<p>Las pipas de girasol son mucho m\u00e1s sanas que las que se encuentran en las cafeter\u00edas, ya que contienen una enorme cantidad de sodio. Estas pipas de girasol son ricas en \u00e1cidos grasos instant\u00e1neos, antioxidantes, fibra y adem\u00e1s son muy depurativas.<\/p>\n<p>Producto ecol\u00f3gico, sin gluten, fuente de fibra, sin az\u00facares a\u00f1adidos, apto para veganos y vegetarianos.<\/p>\n<p>Las pipas de girasol, conocidas como &#8220;cometas&#8221;, son los frutos secos m\u00e1s ricos en antioxidantes por su alto contenido en vitamina E y vitaminas del grupo B. Tambi\u00e9n son ricas en grasas saludables y fibra. Son f\u00e1ciles de comer ya que est\u00e1n peladas.<\/p>\n<p><strong>PRESENTACI\u00d3N<\/strong><\/p>\n<p>250g.<\/p>\n<p>&nbsp;<\/p>\n","protected":false},"excerpt":{"rendered":"<p>Las pipas de girasol de 250 g son mucho m\u00e1s sanas que las de las cafeter\u00edas, ya que contienen una enorme cantidad de sodio. [&#8230;]<\/p>\n<p><a class=\"btn btn-secondary understrap-read-more-link\" href=\"https:\/\/www.lifenatura.com\/es\/produto\/semillas-de-girassol-bio-250-g-ecosana\/\">Leer m\u00e1s&#8230;<span class=\"screen-reader-text\"> from Semillas de Girassol Bio 250 g &#8211; Ecosana<\/span><\/a><\/p>\n","protected":false},"featured_media":76011,"template":"","meta":{"_acf_changed":false},"product_brand":[8495],"product_cat":[7064,7074,7099],"product_tag":[],"class_list":{"0":"post-37570","1":"product","2":"type-product","3":"status-publish","4":"has-post-thumbnail","6":"product_brand-ecosana","7":"product_cat-alimentacion-sana","8":"product_cat-productos-alimenticios","9":"product_cat-semillas","11":"first","12":"instock","13":"shipping-taxable","14":"purchasable","15":"product-type-simple","16":"add-to-wishlist-before_image"},"acf":[],"yoast_head":"<!-- This site is optimized with the Yoast SEO Premium plugin v27.1 (Yoast SEO v27.5) - https:\/\/yoast.com\/product\/yoast-seo-premium-wordpress\/ -->\n<title>Semillas de Girassol Bio 250 g - Ecosana - Na Lifenatura ao Melhor Pre\u00e7o | Envio em 48h<\/title>\n<meta name=\"description\" content=\"Las pipas de girasol de 250 g son mucho m\u00e1s sanas que las de las cafeter\u00edas, ya que contienen una enorme cantidad de sodio.\" \/>\n<meta name=\"robots\" content=\"index, follow, max-snippet:-1, max-image-preview:large, max-video-preview:-1\" \/>\n<link rel=\"canonical\" href=\"https:\/\/www.lifenatura.com\/es\/produto\/semillas-de-girassol-bio-250-g-ecosana\/\" \/>\n<meta property=\"og:locale\" content=\"es_ES\" \/>\n<meta property=\"og:type\" content=\"article\" \/>\n<meta property=\"og:title\" content=\"Semillas de Girassol Bio 250 g - Ecosana - Na Lifenatura ao Melhor Pre\u00e7o | Envio 48h\" \/>\n<meta property=\"og:description\" content=\"Compre Semillas de Girassol Bio 250 g - Ecosana com envio r\u00e1pido. Entrega em 48h e portes gr\u00e1tis em compras &gt;35\u20ac. Aproveite j\u00e1 na Lifenatura\" \/>\n<meta property=\"og:url\" content=\"https:\/\/www.lifenatura.com\/es\/produto\/semillas-de-girassol-bio-250-g-ecosana\/\" \/>\n<meta property=\"og:site_name\" content=\"Lifenatura\" \/>\n<meta property=\"article:publisher\" content=\"https:\/\/www.facebook.com\/lifenatura\" \/>\n<meta property=\"article:modified_time\" content=\"2026-01-22T06:50:07+00:00\" \/>\n<meta property=\"og:image\" content=\"https:\/\/www.lifenatura.com\/wp-content\/uploads\/2023\/09\/sementes-girassol-250g-ecosana.jpg\" \/>\n\t<meta property=\"og:image:width\" content=\"1000\" \/>\n\t<meta property=\"og:image:height\" content=\"1000\" \/>\n\t<meta property=\"og:image:type\" content=\"image\/jpeg\" \/>\n<meta name=\"twitter:card\" content=\"summary_large_image\" \/>\n<meta name=\"twitter:label1\" content=\"Precio\" \/>\n\t<meta name=\"twitter:data1\" content=\"1,90&nbsp;&euro;\" \/>\n\t<meta name=\"twitter:label2\" content=\"Disponibilidad\" \/>\n\t<meta name=\"twitter:data2\" content=\"Disponible\" \/>\n<script type=\"application\/ld+json\" class=\"yoast-schema-graph\">{\"@context\":\"https:\\\/\\\/schema.org\",\"@graph\":[{\"@type\":\"WebPage\",\"@id\":\"https:\\\/\\\/www.lifenatura.com\\\/es\\\/produto\\\/semillas-de-girassol-bio-250-g-ecosana\\\/\",\"url\":\"https:\\\/\\\/www.lifenatura.com\\\/es\\\/produto\\\/semillas-de-girassol-bio-250-g-ecosana\\\/\",\"name\":\"Semillas de Girassol Bio 250 g - Ecosana - Na Lifenatura ao Melhor Pre\u00e7o | Envio em 48h\",\"isPartOf\":{\"@id\":\"https:\\\/\\\/www.lifenatura.com\\\/es\\\/#website\"},\"primaryImageOfPage\":{\"@id\":\"https:\\\/\\\/www.lifenatura.com\\\/es\\\/produto\\\/semillas-de-girassol-bio-250-g-ecosana\\\/#primaryimage\"},\"image\":{\"@id\":\"https:\\\/\\\/www.lifenatura.com\\\/es\\\/produto\\\/semillas-de-girassol-bio-250-g-ecosana\\\/#primaryimage\"},\"thumbnailUrl\":\"https:\\\/\\\/www.lifenatura.com\\\/wp-content\\\/uploads\\\/2023\\\/09\\\/sementes-girassol-250g-ecosana.jpg\",\"datePublished\":\"2021-09-30T09:51:08+00:00\",\"dateModified\":\"2026-01-22T06:50:07+00:00\",\"description\":\"Las pipas de girasol de 250 g son mucho m\u00e1s sanas que las de las cafeter\u00edas, ya que contienen una enorme cantidad de sodio.\",\"breadcrumb\":{\"@id\":\"https:\\\/\\\/www.lifenatura.com\\\/es\\\/produto\\\/semillas-de-girassol-bio-250-g-ecosana\\\/#breadcrumb\"},\"inLanguage\":\"es\",\"potentialAction\":[{\"@type\":\"ReadAction\",\"target\":[\"https:\\\/\\\/www.lifenatura.com\\\/es\\\/produto\\\/semillas-de-girassol-bio-250-g-ecosana\\\/\"]}]},{\"@type\":\"ImageObject\",\"inLanguage\":\"es\",\"@id\":\"https:\\\/\\\/www.lifenatura.com\\\/es\\\/produto\\\/semillas-de-girassol-bio-250-g-ecosana\\\/#primaryimage\",\"url\":\"https:\\\/\\\/www.lifenatura.com\\\/wp-content\\\/uploads\\\/2023\\\/09\\\/sementes-girassol-250g-ecosana.jpg\",\"contentUrl\":\"https:\\\/\\\/www.lifenatura.com\\\/wp-content\\\/uploads\\\/2023\\\/09\\\/sementes-girassol-250g-ecosana.jpg\",\"width\":1000,\"height\":1000,\"caption\":\"sementes de girassol de 250g da marca ecosana\"},{\"@type\":\"BreadcrumbList\",\"@id\":\"https:\\\/\\\/www.lifenatura.com\\\/es\\\/produto\\\/semillas-de-girassol-bio-250-g-ecosana\\\/#breadcrumb\",\"itemListElement\":[{\"@type\":\"ListItem\",\"position\":1,\"name\":\"In\u00edcio\",\"item\":\"https:\\\/\\\/www.lifenatura.com\\\/es\\\/\"},{\"@type\":\"ListItem\",\"position\":2,\"name\":\"Todos los Productos\",\"item\":\"https:\\\/\\\/www.lifenatura.com\\\/es\\\/tienda\\\/\"},{\"@type\":\"ListItem\",\"position\":3,\"name\":\"Semillas de Girassol Bio 250 g &#8211; Ecosana\"}]},{\"@type\":\"WebSite\",\"@id\":\"https:\\\/\\\/www.lifenatura.com\\\/es\\\/#website\",\"url\":\"https:\\\/\\\/www.lifenatura.com\\\/es\\\/\",\"name\":\"Lifenatura\",\"description\":\"A Lifenatura \u00e9 uma loja de produtos naturais, cosm\u00e9tica natural e alimenta\u00e7\u00e3o Biol\u00f3gica.\",\"publisher\":{\"@id\":\"https:\\\/\\\/www.lifenatura.com\\\/es\\\/#organization\"},\"potentialAction\":[{\"@type\":\"SearchAction\",\"target\":{\"@type\":\"EntryPoint\",\"urlTemplate\":\"https:\\\/\\\/www.lifenatura.com\\\/es\\\/?s={search_term_string}\"},\"query-input\":{\"@type\":\"PropertyValueSpecification\",\"valueRequired\":true,\"valueName\":\"search_term_string\"}}],\"inLanguage\":\"es\"},{\"@type\":\"Organization\",\"@id\":\"https:\\\/\\\/www.lifenatura.com\\\/es\\\/#organization\",\"name\":\"Lifenatura\",\"url\":\"https:\\\/\\\/www.lifenatura.com\\\/es\\\/\",\"logo\":{\"@type\":\"ImageObject\",\"inLanguage\":\"es\",\"@id\":\"https:\\\/\\\/www.lifenatura.com\\\/es\\\/#\\\/schema\\\/logo\\\/image\\\/\",\"url\":\"https:\\\/\\\/www.lifenatura.com\\\/wp-content\\\/uploads\\\/2021\\\/07\\\/logo.png\",\"contentUrl\":\"https:\\\/\\\/www.lifenatura.com\\\/wp-content\\\/uploads\\\/2021\\\/07\\\/logo.png\",\"width\":175,\"height\":55,\"caption\":\"Lifenatura\"},\"image\":{\"@id\":\"https:\\\/\\\/www.lifenatura.com\\\/es\\\/#\\\/schema\\\/logo\\\/image\\\/\"},\"sameAs\":[\"https:\\\/\\\/www.facebook.com\\\/lifenatura\",\"https:\\\/\\\/www.instagram.com\\\/lifenaturapt\\\/\"],\"hasMerchantReturnPolicy\":{\"@type\":\"MerchantReturnPolicy\",\"merchantReturnLink\":\"https:\\\/\\\/www.lifenatura.com\\\/termos-condicoes-lifenatura\\\/\"}}]}<\/script>\n<meta property=\"product:price:amount\" content=\"1.90\" \/>\n<meta property=\"product:price:currency\" content=\"EUR\" \/>\n<meta property=\"og:availability\" content=\"instock\" \/>\n<meta property=\"product:availability\" content=\"instock\" \/>\n<meta property=\"product:retailer_item_id\" content=\"8436012944513\" \/>\n<meta property=\"product:condition\" content=\"new\" \/>\n<!-- \/ Yoast SEO Premium plugin. -->","yoast_head_json":{"title":"Semillas de Girassol Bio 250 g - Ecosana - Na Lifenatura ao Melhor Pre\u00e7o | Envio em 48h","description":"Las pipas de girasol de 250 g son mucho m\u00e1s sanas que las de las cafeter\u00edas, ya que contienen una enorme cantidad de sodio.","robots":{"index":"index","follow":"follow","max-snippet":"max-snippet:-1","max-image-preview":"max-image-preview:large","max-video-preview":"max-video-preview:-1"},"canonical":"https:\/\/www.lifenatura.com\/es\/produto\/semillas-de-girassol-bio-250-g-ecosana\/","og_locale":"es_ES","og_type":"article","og_title":"Semillas de Girassol Bio 250 g - Ecosana - Na Lifenatura ao Melhor Pre\u00e7o | Envio 48h","og_description":"Compre Semillas de Girassol Bio 250 g - Ecosana com envio r\u00e1pido. Entrega em 48h e portes gr\u00e1tis em compras >35\u20ac. Aproveite j\u00e1 na Lifenatura","og_url":"https:\/\/www.lifenatura.com\/es\/produto\/semillas-de-girassol-bio-250-g-ecosana\/","og_site_name":"Lifenatura","article_publisher":"https:\/\/www.facebook.com\/lifenatura","article_modified_time":"2026-01-22T06:50:07+00:00","og_image":[{"width":1000,"height":1000,"url":"https:\/\/www.lifenatura.com\/wp-content\/uploads\/2023\/09\/sementes-girassol-250g-ecosana.jpg","type":"image\/jpeg"}],"twitter_card":"summary_large_image","twitter_misc":{"Precio":"1,90&nbsp;&euro;","Disponibilidad":"Disponible"},"schema":{"@context":"https:\/\/schema.org","@graph":[{"@type":"WebPage","@id":"https:\/\/www.lifenatura.com\/es\/produto\/semillas-de-girassol-bio-250-g-ecosana\/","url":"https:\/\/www.lifenatura.com\/es\/produto\/semillas-de-girassol-bio-250-g-ecosana\/","name":"Semillas de Girassol Bio 250 g - Ecosana - Na Lifenatura ao Melhor Pre\u00e7o | Envio em 48h","isPartOf":{"@id":"https:\/\/www.lifenatura.com\/es\/#website"},"primaryImageOfPage":{"@id":"https:\/\/www.lifenatura.com\/es\/produto\/semillas-de-girassol-bio-250-g-ecosana\/#primaryimage"},"image":{"@id":"https:\/\/www.lifenatura.com\/es\/produto\/semillas-de-girassol-bio-250-g-ecosana\/#primaryimage"},"thumbnailUrl":"https:\/\/www.lifenatura.com\/wp-content\/uploads\/2023\/09\/sementes-girassol-250g-ecosana.jpg","datePublished":"2021-09-30T09:51:08+00:00","dateModified":"2026-01-22T06:50:07+00:00","description":"Las pipas de girasol de 250 g son mucho m\u00e1s sanas que las de las cafeter\u00edas, ya que contienen una enorme cantidad de sodio.","breadcrumb":{"@id":"https:\/\/www.lifenatura.com\/es\/produto\/semillas-de-girassol-bio-250-g-ecosana\/#breadcrumb"},"inLanguage":"es","potentialAction":[{"@type":"ReadAction","target":["https:\/\/www.lifenatura.com\/es\/produto\/semillas-de-girassol-bio-250-g-ecosana\/"]}]},{"@type":"ImageObject","inLanguage":"es","@id":"https:\/\/www.lifenatura.com\/es\/produto\/semillas-de-girassol-bio-250-g-ecosana\/#primaryimage","url":"https:\/\/www.lifenatura.com\/wp-content\/uploads\/2023\/09\/sementes-girassol-250g-ecosana.jpg","contentUrl":"https:\/\/www.lifenatura.com\/wp-content\/uploads\/2023\/09\/sementes-girassol-250g-ecosana.jpg","width":1000,"height":1000,"caption":"sementes de girassol de 250g da marca ecosana"},{"@type":"BreadcrumbList","@id":"https:\/\/www.lifenatura.com\/es\/produto\/semillas-de-girassol-bio-250-g-ecosana\/#breadcrumb","itemListElement":[{"@type":"ListItem","position":1,"name":"In\u00edcio","item":"https:\/\/www.lifenatura.com\/es\/"},{"@type":"ListItem","position":2,"name":"Todos los Productos","item":"https:\/\/www.lifenatura.com\/es\/tienda\/"},{"@type":"ListItem","position":3,"name":"Semillas de Girassol Bio 250 g &#8211; Ecosana"}]},{"@type":"WebSite","@id":"https:\/\/www.lifenatura.com\/es\/#website","url":"https:\/\/www.lifenatura.com\/es\/","name":"Lifenatura","description":"A Lifenatura \u00e9 uma loja de produtos naturais, cosm\u00e9tica natural e alimenta\u00e7\u00e3o Biol\u00f3gica.","publisher":{"@id":"https:\/\/www.lifenatura.com\/es\/#organization"},"potentialAction":[{"@type":"SearchAction","target":{"@type":"EntryPoint","urlTemplate":"https:\/\/www.lifenatura.com\/es\/?s={search_term_string}"},"query-input":{"@type":"PropertyValueSpecification","valueRequired":true,"valueName":"search_term_string"}}],"inLanguage":"es"},{"@type":"Organization","@id":"https:\/\/www.lifenatura.com\/es\/#organization","name":"Lifenatura","url":"https:\/\/www.lifenatura.com\/es\/","logo":{"@type":"ImageObject","inLanguage":"es","@id":"https:\/\/www.lifenatura.com\/es\/#\/schema\/logo\/image\/","url":"https:\/\/www.lifenatura.com\/wp-content\/uploads\/2021\/07\/logo.png","contentUrl":"https:\/\/www.lifenatura.com\/wp-content\/uploads\/2021\/07\/logo.png","width":175,"height":55,"caption":"Lifenatura"},"image":{"@id":"https:\/\/www.lifenatura.com\/es\/#\/schema\/logo\/image\/"},"sameAs":["https:\/\/www.facebook.com\/lifenatura","https:\/\/www.instagram.com\/lifenaturapt\/"],"hasMerchantReturnPolicy":{"@type":"MerchantReturnPolicy","merchantReturnLink":"https:\/\/www.lifenatura.com\/termos-condicoes-lifenatura\/"}}]},"product_price_amount":"1.90","product_price_currency":"EUR","og_availability":"instock","product_availability":"instock","product_retailer_item_id":"8436012944513","product_condition":"new"},"df_price":1.9,"df_sale_price":"","df_regular_price":1.9,"df_image_link":"https:\/\/www.lifenatura.com\/wp-content\/uploads\/2023\/09\/sementes-girassol-250g-ecosana-300x300.jpg","_links":{"self":[{"href":"https:\/\/www.lifenatura.com\/es\/wp-json\/wp\/v2\/product\/37570","targetHints":{"allow":["GET"]}}],"collection":[{"href":"https:\/\/www.lifenatura.com\/es\/wp-json\/wp\/v2\/product"}],"about":[{"href":"https:\/\/www.lifenatura.com\/es\/wp-json\/wp\/v2\/types\/product"}],"wp:featuredmedia":[{"embeddable":true,"href":"https:\/\/www.lifenatura.com\/es\/wp-json\/wp\/v2\/media\/76011"}],"wp:attachment":[{"href":"https:\/\/www.lifenatura.com\/es\/wp-json\/wp\/v2\/media?parent=37570"}],"wp:term":[{"taxonomy":"product_brand","embeddable":true,"href":"https:\/\/www.lifenatura.com\/es\/wp-json\/wp\/v2\/product_brand?post=37570"},{"taxonomy":"product_cat","embeddable":true,"href":"https:\/\/www.lifenatura.com\/es\/wp-json\/wp\/v2\/product_cat?post=37570"},{"taxonomy":"product_tag","embeddable":true,"href":"https:\/\/www.lifenatura.com\/es\/wp-json\/wp\/v2\/product_tag?post=37570"}],"curies":[{"name":"wp","href":"https:\/\/api.w.org\/{rel}","templated":true}]}}