{"id":37557,"date":"2021-09-30T09:50:48","date_gmt":"2021-09-30T09:50:48","guid":{"rendered":"https:\/\/lifenatura.dev.agenciagetdigital.com\/produto\/soja-amarillo-bio-500-g-ecosana\/"},"modified":"2026-01-22T06:50:03","modified_gmt":"2026-01-22T06:50:03","slug":"soja-amarillo-bio-500-g-ecosana","status":"publish","type":"product","link":"https:\/\/www.lifenatura.com\/es\/produto\/soja-amarillo-bio-500-g-ecosana\/","title":{"rendered":"Soja Amarillo Bio 500 g &#8211; Ecosana"},"content":{"rendered":"<h2 style=\"text-align: left\"><strong>Soja amarilla Bio<\/strong><\/h2>\n<p>&nbsp;<\/p>\n<p>La soja amarilla es una legumbre originaria de Asia cuyo consumo se ha popularizado en todo el mundo en los \u00faltimos a\u00f1os. La soja amarilla bio de Ecosana procede de cultivos 100% ecol\u00f3gicos.<\/p>\n<p>En comparaci\u00f3n con otras legumbres, la soja amarilla es la m\u00e1s rica en prote\u00ednas, con casi cuatro veces m\u00e1s que los garbanzos o las lentejas, lo que la hace especialmente interesante para las dietas veganas y vegetarianas. Tambi\u00e9n es muy rica en fibra y minerales como el calcio y el f\u00f3sforo.<\/p>\n<p>La soja amarilla tiene una gran variedad de propiedades, entre las que destacan sus altos niveles de prote\u00ednas, calcio, hidratos de carbono y f\u00f3sforo. Es muy favorable para reducir los s\u00edntomas de la menopausia, ya que contiene isoflavonas, as\u00ed como vitaminas A, C y del grupo B. Producto ecol\u00f3gico, sin gluten, sin az\u00facares a\u00f1adidos, apto para veganos y vegetarianos.<\/p>\n<p><strong>PRESENTACI\u00d3N<\/strong><\/p>\n<p>500g.<\/p>\n<p>&nbsp;<\/p>\n","protected":false},"excerpt":{"rendered":"<p>La soja amarilla bio de Ecosana es una legumbre originaria de Asia cuyo consumo se ha popularizado en todo el mundo en los \u00faltimos a\u00f1os. [&#8230;]<\/p>\n<p><a class=\"btn btn-secondary understrap-read-more-link\" href=\"https:\/\/www.lifenatura.com\/es\/produto\/soja-amarillo-bio-500-g-ecosana\/\">Leer m\u00e1s&#8230;<span class=\"screen-reader-text\"> from Soja Amarillo Bio 500 g &#8211; Ecosana<\/span><\/a><\/p>\n","protected":false},"featured_media":75672,"template":"","meta":{"_acf_changed":false},"product_brand":[8495],"product_cat":[7064,7089,7074],"product_tag":[],"class_list":{"0":"post-37557","1":"product","2":"type-product","3":"status-publish","4":"has-post-thumbnail","6":"product_brand-ecosana","7":"product_cat-alimentacion-sana","8":"product_cat-leguminosas-bio","9":"product_cat-productos-alimenticios","11":"first","12":"instock","13":"shipping-taxable","14":"purchasable","15":"product-type-simple","16":"add-to-wishlist-before_image"},"acf":[],"yoast_head":"<!-- This site is optimized with the Yoast SEO Premium plugin v27.1 (Yoast SEO v27.4) - https:\/\/yoast.com\/product\/yoast-seo-premium-wordpress\/ -->\n<title>Ecosana Soja Amarillo Bio 500 g - Lifenatura<\/title>\n<meta name=\"description\" content=\"La soja amarilla bio de Ecosana es una legumbre originaria de Asia cuyo consumo se ha popularizado en todo el mundo en los \u00faltimos a\u00f1os.\" \/>\n<meta name=\"robots\" content=\"index, follow, max-snippet:-1, max-image-preview:large, max-video-preview:-1\" \/>\n<link rel=\"canonical\" href=\"https:\/\/www.lifenatura.com\/es\/produto\/soja-amarillo-bio-500-g-ecosana\/\" \/>\n<meta property=\"og:locale\" content=\"es_ES\" \/>\n<meta property=\"og:type\" content=\"article\" \/>\n<meta property=\"og:title\" content=\"Soja Amarillo Bio 500 g - Ecosana - Lifenatura\" \/>\n<meta property=\"og:description\" content=\"Compre aqui o seu Soja Amarillo Bio 500 g - Ecosana e a Lifenatura Online envia em 48 H com Portes Gratis &gt;35\u20ac de Pedido.\" \/>\n<meta property=\"og:url\" content=\"https:\/\/www.lifenatura.com\/es\/produto\/soja-amarillo-bio-500-g-ecosana\/\" \/>\n<meta property=\"og:site_name\" content=\"Lifenatura\" \/>\n<meta property=\"article:publisher\" content=\"https:\/\/www.facebook.com\/lifenatura\" \/>\n<meta property=\"article:modified_time\" content=\"2026-01-22T06:50:03+00:00\" \/>\n<meta property=\"og:image\" content=\"https:\/\/www.lifenatura.com\/wp-content\/uploads\/2023\/09\/soja-amarela-500g-ecosana.jpg\" \/>\n\t<meta property=\"og:image:width\" content=\"1000\" \/>\n\t<meta property=\"og:image:height\" content=\"1000\" \/>\n\t<meta property=\"og:image:type\" content=\"image\/jpeg\" \/>\n<meta name=\"twitter:card\" content=\"summary_large_image\" \/>\n<meta name=\"twitter:label1\" content=\"Precio\" \/>\n\t<meta name=\"twitter:data1\" content=\"2,45&nbsp;&euro;\" \/>\n\t<meta name=\"twitter:label2\" content=\"Disponibilidad\" \/>\n\t<meta name=\"twitter:data2\" content=\"Disponible\" \/>\n<meta property=\"product:price:amount\" content=\"2.45\" \/>\n<meta property=\"product:price:currency\" content=\"EUR\" \/>\n<meta property=\"og:availability\" content=\"instock\" \/>\n<meta property=\"product:availability\" content=\"instock\" \/>\n<meta property=\"product:retailer_item_id\" content=\"8436012943004\" \/>\n<meta property=\"product:condition\" content=\"new\" \/>\n<!-- \/ Yoast SEO Premium plugin. -->","yoast_head_json":{"title":"Ecosana Soja Amarillo Bio 500 g - Lifenatura","description":"La soja amarilla bio de Ecosana es una legumbre originaria de Asia cuyo consumo se ha popularizado en todo el mundo en los \u00faltimos a\u00f1os.","robots":{"index":"index","follow":"follow","max-snippet":"max-snippet:-1","max-image-preview":"max-image-preview:large","max-video-preview":"max-video-preview:-1"},"canonical":"https:\/\/www.lifenatura.com\/es\/produto\/soja-amarillo-bio-500-g-ecosana\/","og_locale":"es_ES","og_type":"article","og_title":"Soja Amarillo Bio 500 g - Ecosana - Lifenatura","og_description":"Compre aqui o seu Soja Amarillo Bio 500 g - Ecosana e a Lifenatura Online envia em 48 H com Portes Gratis >35\u20ac de Pedido.","og_url":"https:\/\/www.lifenatura.com\/es\/produto\/soja-amarillo-bio-500-g-ecosana\/","og_site_name":"Lifenatura","article_publisher":"https:\/\/www.facebook.com\/lifenatura","article_modified_time":"2026-01-22T06:50:03+00:00","og_image":[{"width":1000,"height":1000,"url":"https:\/\/www.lifenatura.com\/wp-content\/uploads\/2023\/09\/soja-amarela-500g-ecosana.jpg","type":"image\/jpeg"}],"twitter_card":"summary_large_image","twitter_misc":{"Precio":"2,45&nbsp;&euro;","Disponibilidad":"Disponible"},"schema":{"@context":"https:\/\/schema.org","@graph":[{"@type":"WebPage","@id":"https:\/\/www.lifenatura.com\/es\/produto\/soja-amarillo-bio-500-g-ecosana\/","url":"https:\/\/www.lifenatura.com\/es\/produto\/soja-amarillo-bio-500-g-ecosana\/","name":"Ecosana Soja Amarillo Bio 500 g - Lifenatura","isPartOf":{"@id":"https:\/\/www.lifenatura.com\/es\/#website"},"primaryImageOfPage":{"@id":"https:\/\/www.lifenatura.com\/es\/produto\/soja-amarillo-bio-500-g-ecosana\/#primaryimage"},"image":{"@id":"https:\/\/www.lifenatura.com\/es\/produto\/soja-amarillo-bio-500-g-ecosana\/#primaryimage"},"thumbnailUrl":"https:\/\/www.lifenatura.com\/wp-content\/uploads\/2023\/09\/soja-amarela-500g-ecosana.jpg","datePublished":"2021-09-30T09:50:48+00:00","dateModified":"2026-01-22T06:50:03+00:00","description":"La soja amarilla bio de Ecosana es una legumbre originaria de Asia cuyo consumo se ha popularizado en todo el mundo en los \u00faltimos a\u00f1os.","breadcrumb":{"@id":"https:\/\/www.lifenatura.com\/es\/produto\/soja-amarillo-bio-500-g-ecosana\/#breadcrumb"},"inLanguage":"es","potentialAction":[{"@type":"ReadAction","target":["https:\/\/www.lifenatura.com\/es\/produto\/soja-amarillo-bio-500-g-ecosana\/"]}]},{"@type":"ImageObject","inLanguage":"es","@id":"https:\/\/www.lifenatura.com\/es\/produto\/soja-amarillo-bio-500-g-ecosana\/#primaryimage","url":"https:\/\/www.lifenatura.com\/wp-content\/uploads\/2023\/09\/soja-amarela-500g-ecosana.jpg","contentUrl":"https:\/\/www.lifenatura.com\/wp-content\/uploads\/2023\/09\/soja-amarela-500g-ecosana.jpg","width":1000,"height":1000,"caption":"soja amarela bio da marca ecosana"},{"@type":"BreadcrumbList","@id":"https:\/\/www.lifenatura.com\/es\/produto\/soja-amarillo-bio-500-g-ecosana\/#breadcrumb","itemListElement":[{"@type":"ListItem","position":1,"name":"In\u00edcio","item":"https:\/\/www.lifenatura.com\/es\/"},{"@type":"ListItem","position":2,"name":"Todos los Productos","item":"https:\/\/www.lifenatura.com\/es\/tienda\/"},{"@type":"ListItem","position":3,"name":"Soja Amarillo Bio 500 g &#8211; Ecosana"}]},{"@type":"WebSite","@id":"https:\/\/www.lifenatura.com\/es\/#website","url":"https:\/\/www.lifenatura.com\/es\/","name":"Lifenatura","description":"A Lifenatura \u00e9 uma loja de produtos naturais, cosm\u00e9tica natural e alimenta\u00e7\u00e3o Biol\u00f3gica.","publisher":{"@id":"https:\/\/www.lifenatura.com\/es\/#organization"},"potentialAction":[{"@type":"SearchAction","target":{"@type":"EntryPoint","urlTemplate":"https:\/\/www.lifenatura.com\/es\/?s={search_term_string}"},"query-input":{"@type":"PropertyValueSpecification","valueRequired":true,"valueName":"search_term_string"}}],"inLanguage":"es"},{"@type":"Organization","@id":"https:\/\/www.lifenatura.com\/es\/#organization","name":"Lifenatura","url":"https:\/\/www.lifenatura.com\/es\/","logo":{"@type":"ImageObject","inLanguage":"es","@id":"https:\/\/www.lifenatura.com\/es\/#\/schema\/logo\/image\/","url":"https:\/\/www.lifenatura.com\/wp-content\/uploads\/2021\/11\/logo.png","contentUrl":"https:\/\/www.lifenatura.com\/wp-content\/uploads\/2021\/11\/logo.png","width":175,"height":55,"caption":"Lifenatura"},"image":{"@id":"https:\/\/www.lifenatura.com\/es\/#\/schema\/logo\/image\/"},"sameAs":["https:\/\/www.facebook.com\/lifenatura","https:\/\/www.instagram.com\/lifenaturapt\/"]}]},"product_price_amount":"2.45","product_price_currency":"EUR","og_availability":"instock","product_availability":"instock","product_retailer_item_id":"8436012943004","product_condition":"new"},"df_price":2.45,"df_sale_price":"","df_regular_price":2.45,"df_image_link":"https:\/\/www.lifenatura.com\/wp-content\/uploads\/2023\/09\/soja-amarela-500g-ecosana-300x300.jpg","_links":{"self":[{"href":"https:\/\/www.lifenatura.com\/es\/wp-json\/wp\/v2\/product\/37557","targetHints":{"allow":["GET"]}}],"collection":[{"href":"https:\/\/www.lifenatura.com\/es\/wp-json\/wp\/v2\/product"}],"about":[{"href":"https:\/\/www.lifenatura.com\/es\/wp-json\/wp\/v2\/types\/product"}],"wp:featuredmedia":[{"embeddable":true,"href":"https:\/\/www.lifenatura.com\/es\/wp-json\/wp\/v2\/media\/75672"}],"wp:attachment":[{"href":"https:\/\/www.lifenatura.com\/es\/wp-json\/wp\/v2\/media?parent=37557"}],"wp:term":[{"taxonomy":"product_brand","embeddable":true,"href":"https:\/\/www.lifenatura.com\/es\/wp-json\/wp\/v2\/product_brand?post=37557"},{"taxonomy":"product_cat","embeddable":true,"href":"https:\/\/www.lifenatura.com\/es\/wp-json\/wp\/v2\/product_cat?post=37557"},{"taxonomy":"product_tag","embeddable":true,"href":"https:\/\/www.lifenatura.com\/es\/wp-json\/wp\/v2\/product_tag?post=37557"}],"curies":[{"name":"wp","href":"https:\/\/api.w.org\/{rel}","templated":true}]}}