{"id":37545,"date":"2021-09-30T09:50:48","date_gmt":"2021-09-30T09:50:48","guid":{"rendered":"https:\/\/lifenatura.dev.agenciagetdigital.com\/produto\/copos-teff-bio-500-g-ecosana\/"},"modified":"2026-01-22T06:50:00","modified_gmt":"2026-01-22T06:50:00","slug":"copos-teff-bio-500-g-ecosana","status":"publish","type":"product","link":"https:\/\/www.lifenatura.com\/es\/produto\/copos-teff-bio-500-g-ecosana\/","title":{"rendered":"Copos Teff Bio 500 g &#8211; Ecosana"},"content":{"rendered":"<h2 style=\"text-align: left\"><strong>Teff Bio Inundaciones<\/strong><\/h2>\n<p>&nbsp;<\/p>\n<p>El teff es un cereal muy rico en hierro, es de f\u00e1cil asimilaci\u00f3n por el organismo y contiene un alto contenido en fibra que ayuda a mantener sano nuestro sistema digestivo.<\/p>\n<p>El teff es rico en Hidratos de Carbono y Calcio y es recomendable para deportistas y tambi\u00e9n para personas que nunca hacen ning\u00fan tipo de dieta porque es bastante saciante. Producto ecol\u00f3gico, contiene gluten, sin az\u00facares a\u00f1adidos, apto para veganos y vegetarianos.<\/p>\n<p>El teff es un cereal de grano muy peque\u00f1o, de color marr\u00f3n oscuro, cuyos or\u00edgenes se remontan a Etiop\u00eda. Los Copos de Teff Ecosana Bio se obtienen del prensado de este cereal de origen ecol\u00f3gico, sin a\u00f1adir pesticidas, pesticidas ni productos qu\u00edmicos de ning\u00fan tipo.<\/p>\n<p>A diferencia de otros cereales, el Teff destaca por su contenido en lisina, un amino\u00e1cido esencial dif\u00edcil de encontrar en nuestras prote\u00ednas vegetales, lo que lo hace interesante como complemento en dietas veganas.<\/p>\n<p>Destaca por su contenido en hidratos de carbono y su alto contenido en fibra.<\/p>\n<p><strong>PRESENTACI\u00d3N<\/strong><\/p>\n<p>500 g.<\/p>\n<p>&nbsp;<\/p>\n","protected":false},"excerpt":{"rendered":"<p>El teff es un cereal muy rico en hierro y contiene un alto contenido en fibra que ayuda a mantener sano nuestro sistema digestivo. [&#8230;]<\/p>\n<p><a class=\"btn btn-secondary understrap-read-more-link\" href=\"https:\/\/www.lifenatura.com\/es\/produto\/copos-teff-bio-500-g-ecosana\/\">Leer m\u00e1s&#8230;<span class=\"screen-reader-text\"> from Copos Teff Bio 500 g &#8211; Ecosana<\/span><\/a><\/p>\n","protected":false},"featured_media":71732,"template":"","meta":{"_acf_changed":false},"product_brand":[8495],"product_cat":[7064,7080,7659,7074,7788],"product_tag":[],"class_list":{"0":"post-37545","1":"product","2":"type-product","3":"status-publish","4":"has-post-thumbnail","6":"product_brand-ecosana","7":"product_cat-alimentacion-sana","8":"product_cat-cereales","9":"product_cat-ingrediente-natural-bio","10":"product_cat-productos-alimenticios","11":"product_cat-teff-es","13":"first","14":"outofstock","15":"shipping-taxable","16":"purchasable","17":"product-type-simple","18":"add-to-wishlist-before_image"},"acf":[],"yoast_head":"<!-- This site is optimized with the Yoast SEO Premium plugin v27.1 (Yoast SEO v27.4) - https:\/\/yoast.com\/product\/yoast-seo-premium-wordpress\/ -->\n<title>Ecosana Copos Teff Bio 500 g - Lifenatura<\/title>\n<meta name=\"description\" content=\"El teff es un cereal muy rico en hierro y contiene un alto contenido en fibra que ayuda a mantener sano nuestro sistema digestivo.\" \/>\n<meta name=\"robots\" content=\"index, follow, max-snippet:-1, max-image-preview:large, max-video-preview:-1\" \/>\n<link rel=\"canonical\" href=\"https:\/\/www.lifenatura.com\/es\/produto\/copos-teff-bio-500-g-ecosana\/\" \/>\n<meta property=\"og:locale\" content=\"es_ES\" \/>\n<meta property=\"og:type\" content=\"article\" \/>\n<meta property=\"og:title\" content=\"Copos Teff Bio 500 g - Ecosana - Lifenatura\" \/>\n<meta property=\"og:description\" content=\"Compre aqui o seu Copos Teff Bio 500 g - Ecosana e a Lifenatura Online envia em 48 H com Portes Gratis &gt;35\u20ac de Pedido.\" \/>\n<meta property=\"og:url\" content=\"https:\/\/www.lifenatura.com\/es\/produto\/copos-teff-bio-500-g-ecosana\/\" \/>\n<meta property=\"og:site_name\" content=\"Lifenatura\" \/>\n<meta property=\"article:publisher\" content=\"https:\/\/www.facebook.com\/lifenatura\" \/>\n<meta property=\"article:modified_time\" content=\"2026-01-22T06:50:00+00:00\" \/>\n<meta property=\"og:image\" content=\"https:\/\/www.lifenatura.com\/wp-content\/uploads\/2021\/09\/flocos-teff-500g-ecosana.jpg\" \/>\n\t<meta property=\"og:image:width\" content=\"1000\" \/>\n\t<meta property=\"og:image:height\" content=\"1000\" \/>\n\t<meta property=\"og:image:type\" content=\"image\/jpeg\" \/>\n<meta name=\"twitter:card\" content=\"summary_large_image\" \/>\n<meta name=\"twitter:label1\" content=\"Precio\" \/>\n\t<meta name=\"twitter:data1\" content=\"8,12&nbsp;&euro;\" \/>\n\t<meta name=\"twitter:label2\" content=\"Disponibilidad\" \/>\n\t<meta name=\"twitter:data2\" content=\"Sin existencias\" \/>\n<meta property=\"product:price:amount\" content=\"8.12\" \/>\n<meta property=\"product:price:currency\" content=\"EUR\" \/>\n<meta property=\"og:availability\" content=\"out of stock\" \/>\n<meta property=\"product:availability\" content=\"out of stock\" \/>\n<meta property=\"product:retailer_item_id\" content=\"8436012944506\" \/>\n<meta property=\"product:condition\" content=\"new\" \/>\n<!-- \/ Yoast SEO Premium plugin. -->","yoast_head_json":{"title":"Ecosana Copos Teff Bio 500 g - Lifenatura","description":"El teff es un cereal muy rico en hierro y contiene un alto contenido en fibra que ayuda a mantener sano nuestro sistema digestivo.","robots":{"index":"index","follow":"follow","max-snippet":"max-snippet:-1","max-image-preview":"max-image-preview:large","max-video-preview":"max-video-preview:-1"},"canonical":"https:\/\/www.lifenatura.com\/es\/produto\/copos-teff-bio-500-g-ecosana\/","og_locale":"es_ES","og_type":"article","og_title":"Copos Teff Bio 500 g - Ecosana - Lifenatura","og_description":"Compre aqui o seu Copos Teff Bio 500 g - Ecosana e a Lifenatura Online envia em 48 H com Portes Gratis >35\u20ac de Pedido.","og_url":"https:\/\/www.lifenatura.com\/es\/produto\/copos-teff-bio-500-g-ecosana\/","og_site_name":"Lifenatura","article_publisher":"https:\/\/www.facebook.com\/lifenatura","article_modified_time":"2026-01-22T06:50:00+00:00","og_image":[{"width":1000,"height":1000,"url":"https:\/\/www.lifenatura.com\/wp-content\/uploads\/2021\/09\/flocos-teff-500g-ecosana.jpg","type":"image\/jpeg"}],"twitter_card":"summary_large_image","twitter_misc":{"Precio":"8,12&nbsp;&euro;","Disponibilidad":"Sin existencias"},"schema":{"@context":"https:\/\/schema.org","@graph":[{"@type":"WebPage","@id":"https:\/\/www.lifenatura.com\/es\/produto\/copos-teff-bio-500-g-ecosana\/","url":"https:\/\/www.lifenatura.com\/es\/produto\/copos-teff-bio-500-g-ecosana\/","name":"Ecosana Copos Teff Bio 500 g - Lifenatura","isPartOf":{"@id":"https:\/\/www.lifenatura.com\/es\/#website"},"primaryImageOfPage":{"@id":"https:\/\/www.lifenatura.com\/es\/produto\/copos-teff-bio-500-g-ecosana\/#primaryimage"},"image":{"@id":"https:\/\/www.lifenatura.com\/es\/produto\/copos-teff-bio-500-g-ecosana\/#primaryimage"},"thumbnailUrl":"https:\/\/www.lifenatura.com\/wp-content\/uploads\/2021\/09\/flocos-teff-500g-ecosana.jpg","datePublished":"2021-09-30T09:50:48+00:00","dateModified":"2026-01-22T06:50:00+00:00","description":"El teff es un cereal muy rico en hierro y contiene un alto contenido en fibra que ayuda a mantener sano nuestro sistema digestivo.","breadcrumb":{"@id":"https:\/\/www.lifenatura.com\/es\/produto\/copos-teff-bio-500-g-ecosana\/#breadcrumb"},"inLanguage":"es","potentialAction":[{"@type":"ReadAction","target":["https:\/\/www.lifenatura.com\/es\/produto\/copos-teff-bio-500-g-ecosana\/"]}]},{"@type":"ImageObject","inLanguage":"es","@id":"https:\/\/www.lifenatura.com\/es\/produto\/copos-teff-bio-500-g-ecosana\/#primaryimage","url":"https:\/\/www.lifenatura.com\/wp-content\/uploads\/2021\/09\/flocos-teff-500g-ecosana.jpg","contentUrl":"https:\/\/www.lifenatura.com\/wp-content\/uploads\/2021\/09\/flocos-teff-500g-ecosana.jpg","width":1000,"height":1000,"caption":"Flocos Teff Bio 500 g - Ecosana"},{"@type":"BreadcrumbList","@id":"https:\/\/www.lifenatura.com\/es\/produto\/copos-teff-bio-500-g-ecosana\/#breadcrumb","itemListElement":[{"@type":"ListItem","position":1,"name":"In\u00edcio","item":"https:\/\/www.lifenatura.com\/es\/"},{"@type":"ListItem","position":2,"name":"Todos los Productos","item":"https:\/\/www.lifenatura.com\/es\/tienda\/"},{"@type":"ListItem","position":3,"name":"Copos Teff Bio 500 g &#8211; Ecosana"}]},{"@type":"WebSite","@id":"https:\/\/www.lifenatura.com\/es\/#website","url":"https:\/\/www.lifenatura.com\/es\/","name":"Lifenatura","description":"A Lifenatura \u00e9 uma loja de produtos naturais, cosm\u00e9tica natural e alimenta\u00e7\u00e3o Biol\u00f3gica.","publisher":{"@id":"https:\/\/www.lifenatura.com\/es\/#organization"},"potentialAction":[{"@type":"SearchAction","target":{"@type":"EntryPoint","urlTemplate":"https:\/\/www.lifenatura.com\/es\/?s={search_term_string}"},"query-input":{"@type":"PropertyValueSpecification","valueRequired":true,"valueName":"search_term_string"}}],"inLanguage":"es"},{"@type":"Organization","@id":"https:\/\/www.lifenatura.com\/es\/#organization","name":"Lifenatura","url":"https:\/\/www.lifenatura.com\/es\/","logo":{"@type":"ImageObject","inLanguage":"es","@id":"https:\/\/www.lifenatura.com\/es\/#\/schema\/logo\/image\/","url":"https:\/\/www.lifenatura.com\/wp-content\/uploads\/2021\/11\/logo.png","contentUrl":"https:\/\/www.lifenatura.com\/wp-content\/uploads\/2021\/11\/logo.png","width":175,"height":55,"caption":"Lifenatura"},"image":{"@id":"https:\/\/www.lifenatura.com\/es\/#\/schema\/logo\/image\/"},"sameAs":["https:\/\/www.facebook.com\/lifenatura","https:\/\/www.instagram.com\/lifenaturapt\/"]}]},"product_price_amount":"8.12","product_price_currency":"EUR","og_availability":"out of stock","product_availability":"out of stock","product_retailer_item_id":"8436012944506","product_condition":"new"},"df_price":8.12,"df_sale_price":"","df_regular_price":8.12,"df_image_link":"https:\/\/www.lifenatura.com\/wp-content\/uploads\/2021\/09\/flocos-teff-500g-ecosana-300x300.jpg","_links":{"self":[{"href":"https:\/\/www.lifenatura.com\/es\/wp-json\/wp\/v2\/product\/37545","targetHints":{"allow":["GET"]}}],"collection":[{"href":"https:\/\/www.lifenatura.com\/es\/wp-json\/wp\/v2\/product"}],"about":[{"href":"https:\/\/www.lifenatura.com\/es\/wp-json\/wp\/v2\/types\/product"}],"wp:featuredmedia":[{"embeddable":true,"href":"https:\/\/www.lifenatura.com\/es\/wp-json\/wp\/v2\/media\/71732"}],"wp:attachment":[{"href":"https:\/\/www.lifenatura.com\/es\/wp-json\/wp\/v2\/media?parent=37545"}],"wp:term":[{"taxonomy":"product_brand","embeddable":true,"href":"https:\/\/www.lifenatura.com\/es\/wp-json\/wp\/v2\/product_brand?post=37545"},{"taxonomy":"product_cat","embeddable":true,"href":"https:\/\/www.lifenatura.com\/es\/wp-json\/wp\/v2\/product_cat?post=37545"},{"taxonomy":"product_tag","embeddable":true,"href":"https:\/\/www.lifenatura.com\/es\/wp-json\/wp\/v2\/product_tag?post=37545"}],"curies":[{"name":"wp","href":"https:\/\/api.w.org\/{rel}","templated":true}]}}