{"id":37542,"date":"2021-09-30T09:50:48","date_gmt":"2021-09-30T09:50:48","guid":{"rendered":"https:\/\/lifenatura.dev.agenciagetdigital.com\/produto\/copos-de-avena-finos-bio-1-kg-ecosana\/"},"modified":"2026-01-22T06:49:59","modified_gmt":"2026-01-22T06:49:59","slug":"copos-de-avena-finos-bio-1-kg-ecosana","status":"publish","type":"product","link":"https:\/\/www.lifenatura.com\/es\/produto\/copos-de-avena-finos-bio-1-kg-ecosana\/","title":{"rendered":"Copos de Avena Finos Bio 1 Kg &#8211; Ecosana"},"content":{"rendered":"<h2 style=\"text-align: left;\"><strong>Copos de Avena Finos Ecosana con Gluten<\/strong><\/h2>\n<p>&nbsp;<\/p>\n<p>Los Copos de Avena Finos con Gluten de Ecosana son una opci\u00f3n nutritiva y vers\u00e1til para enriquecer tu dieta diaria. Elaborados a partir de granos de avena seleccionados, estos copos son ideales para preparar una gran variedad de platos, desde desayunos hasta tentempi\u00e9s y postres.<\/p>\n<p>La avena es conocida por su alto contenido en fibra, prote\u00ednas y nutrientes esenciales, lo que la convierte en un alimento fundamental para una dieta equilibrada y saludable. Los Copos de Avena Finos de Ecosana son perfectos para cualquiera que busque una base sana y sabrosa para sus comidas.<\/p>\n<p><strong>Principales Beneficios de la Avena:<\/strong><\/p>\n<ul>\n<li><strong>Rica en Fibra<\/strong>: Ayuda a regular el tr\u00e1nsito intestinal y favorece la sensaci\u00f3n de saciedad, ayudando al control de peso.<\/li>\n<li><strong>Fuente de prote\u00ednas:<\/strong> Ayuda a complementar la ingesta diaria de prote\u00ednas y es especialmente beneficiosa para vegetarianos y veganos.<\/li>\n<li><strong>Bajo en Grasas Saturadas:<\/strong> Una opci\u00f3n saludable que contribuye a mantener niveles normales de colesterol en sangre.<\/li>\n<\/ul>\n<p>Los copos de avena Ecosana se obtienen a partir de granos de avena descascarillados, molidos y prensados en un formato m\u00e1s fino que los copos normales, por lo que tienen la ventaja de disolverse mejor. La avena es un cereal con un alto contenido en fibra. Aporta mucha energ\u00eda, por lo que es muy recomendable para deportistas y estudiantes.<\/p>\n<p>Contiene hidratos de carbono complejos, que son asimilados lentamente por el organismo, proporcionando sensaci\u00f3n de saciedad y adem\u00e1s es baja en grasas saturadas.<\/p>\n<p><strong>PRESENTACI\u00d3N<\/strong><\/p>\n<p>1 Kg.<\/p>\n<p>&nbsp;<\/p>\n","protected":false},"excerpt":{"rendered":"<p>Los Copos de Avena Finos Sin Gluten de Ecosana son la opci\u00f3n ideal para quienes desean incorporar a su dieta un alimento nutritivo y vers\u00e1til. [&#8230;]<\/p>\n<p><a class=\"btn btn-secondary understrap-read-more-link\" href=\"https:\/\/www.lifenatura.com\/es\/produto\/copos-de-avena-finos-bio-1-kg-ecosana\/\">Leer m\u00e1s&#8230;<span class=\"screen-reader-text\"> from Copos de Avena Finos Bio 1 Kg &#8211; Ecosana<\/span><\/a><\/p>\n","protected":false},"featured_media":93093,"template":"","meta":{"_acf_changed":false},"product_brand":[8495],"product_cat":[7064,7149,7080,7659,7074],"product_tag":[],"class_list":{"0":"post-37542","1":"product","2":"type-product","3":"status-publish","4":"has-post-thumbnail","6":"product_brand-ecosana","7":"product_cat-alimentacion-sana","8":"product_cat-avena","9":"product_cat-cereales","10":"product_cat-ingrediente-natural-bio","11":"product_cat-productos-alimenticios","12":"pa_caracteristicas-biologico","14":"first","15":"instock","16":"shipping-taxable","17":"purchasable","18":"product-type-simple","19":"add-to-wishlist-before_image"},"acf":[],"yoast_head":"<!-- This site is optimized with the Yoast SEO Premium plugin v27.1 (Yoast SEO v27.5) - https:\/\/yoast.com\/product\/yoast-seo-premium-wordpress\/ -->\n<title>Ecosana Copos de Avena Finos Bio 1 Kg - Lifenatura<\/title>\n<meta name=\"description\" content=\"Los Copos de Avena Finos Sin Gluten de Ecosana son la opci\u00f3n ideal para quienes desean incorporar a su dieta un alimento nutritivo y vers\u00e1til.\" \/>\n<meta name=\"robots\" content=\"index, follow, max-snippet:-1, max-image-preview:large, max-video-preview:-1\" \/>\n<link rel=\"canonical\" href=\"https:\/\/www.lifenatura.com\/es\/produto\/copos-de-avena-finos-bio-1-kg-ecosana\/\" \/>\n<meta property=\"og:locale\" content=\"es_ES\" \/>\n<meta property=\"og:type\" content=\"article\" \/>\n<meta property=\"og:title\" content=\"Copos de Avena Finos Bio 1 Kg - Ecosana - Na Lifenatura ao Melhor Pre\u00e7o | Envio 48h\" \/>\n<meta property=\"og:description\" content=\"Compre Copos de Avena Finos Bio 1 Kg - Ecosana com envio r\u00e1pido. Entrega em 48h e portes gr\u00e1tis em compras &gt;35\u20ac. Aproveite j\u00e1 na Lifenatura\" \/>\n<meta property=\"og:url\" content=\"https:\/\/www.lifenatura.com\/es\/produto\/copos-de-avena-finos-bio-1-kg-ecosana\/\" \/>\n<meta property=\"og:site_name\" content=\"Lifenatura\" \/>\n<meta property=\"article:publisher\" content=\"https:\/\/www.facebook.com\/lifenatura\" \/>\n<meta property=\"article:modified_time\" content=\"2026-01-22T06:49:59+00:00\" \/>\n<meta property=\"og:image\" content=\"https:\/\/www.lifenatura.com\/wp-content\/uploads\/2021\/09\/flocos-de-aveia-fino-gluten-bio-500g-ecosana.jpg\" \/>\n\t<meta property=\"og:image:width\" content=\"1000\" \/>\n\t<meta property=\"og:image:height\" content=\"1000\" \/>\n\t<meta property=\"og:image:type\" content=\"image\/jpeg\" \/>\n<meta name=\"twitter:card\" content=\"summary_large_image\" \/>\n<meta name=\"twitter:label1\" content=\"Precio\" \/>\n\t<meta name=\"twitter:data1\" content=\"3,16&nbsp;&euro;\" \/>\n\t<meta name=\"twitter:label2\" content=\"Disponibilidad\" \/>\n\t<meta name=\"twitter:data2\" content=\"Disponible\" \/>\n<script type=\"application\/ld+json\" class=\"yoast-schema-graph\">{\"@context\":\"https:\\\/\\\/schema.org\",\"@graph\":[{\"@type\":\"WebPage\",\"@id\":\"https:\\\/\\\/www.lifenatura.com\\\/es\\\/produto\\\/copos-de-avena-finos-bio-1-kg-ecosana\\\/\",\"url\":\"https:\\\/\\\/www.lifenatura.com\\\/es\\\/produto\\\/copos-de-avena-finos-bio-1-kg-ecosana\\\/\",\"name\":\"Ecosana Copos de Avena Finos Bio 1 Kg - Lifenatura\",\"isPartOf\":{\"@id\":\"https:\\\/\\\/www.lifenatura.com\\\/es\\\/#website\"},\"primaryImageOfPage\":{\"@id\":\"https:\\\/\\\/www.lifenatura.com\\\/es\\\/produto\\\/copos-de-avena-finos-bio-1-kg-ecosana\\\/#primaryimage\"},\"image\":{\"@id\":\"https:\\\/\\\/www.lifenatura.com\\\/es\\\/produto\\\/copos-de-avena-finos-bio-1-kg-ecosana\\\/#primaryimage\"},\"thumbnailUrl\":\"https:\\\/\\\/www.lifenatura.com\\\/wp-content\\\/uploads\\\/2021\\\/09\\\/flocos-de-aveia-fino-gluten-bio-500g-ecosana.jpg\",\"datePublished\":\"2021-09-30T09:50:48+00:00\",\"dateModified\":\"2026-01-22T06:49:59+00:00\",\"description\":\"Los Copos de Avena Finos Sin Gluten de Ecosana son la opci\u00f3n ideal para quienes desean incorporar a su dieta un alimento nutritivo y vers\u00e1til.\",\"breadcrumb\":{\"@id\":\"https:\\\/\\\/www.lifenatura.com\\\/es\\\/produto\\\/copos-de-avena-finos-bio-1-kg-ecosana\\\/#breadcrumb\"},\"inLanguage\":\"es\",\"potentialAction\":[{\"@type\":\"ReadAction\",\"target\":[\"https:\\\/\\\/www.lifenatura.com\\\/es\\\/produto\\\/copos-de-avena-finos-bio-1-kg-ecosana\\\/\"]}]},{\"@type\":\"ImageObject\",\"inLanguage\":\"es\",\"@id\":\"https:\\\/\\\/www.lifenatura.com\\\/es\\\/produto\\\/copos-de-avena-finos-bio-1-kg-ecosana\\\/#primaryimage\",\"url\":\"https:\\\/\\\/www.lifenatura.com\\\/wp-content\\\/uploads\\\/2021\\\/09\\\/flocos-de-aveia-fino-gluten-bio-500g-ecosana.jpg\",\"contentUrl\":\"https:\\\/\\\/www.lifenatura.com\\\/wp-content\\\/uploads\\\/2021\\\/09\\\/flocos-de-aveia-fino-gluten-bio-500g-ecosana.jpg\",\"width\":1000,\"height\":1000,\"caption\":\"flocos de Aveia com gluten Bio 500mg da ecosana\"},{\"@type\":\"BreadcrumbList\",\"@id\":\"https:\\\/\\\/www.lifenatura.com\\\/es\\\/produto\\\/copos-de-avena-finos-bio-1-kg-ecosana\\\/#breadcrumb\",\"itemListElement\":[{\"@type\":\"ListItem\",\"position\":1,\"name\":\"In\u00edcio\",\"item\":\"https:\\\/\\\/www.lifenatura.com\\\/es\\\/\"},{\"@type\":\"ListItem\",\"position\":2,\"name\":\"Todos los Productos\",\"item\":\"https:\\\/\\\/www.lifenatura.com\\\/es\\\/tienda\\\/\"},{\"@type\":\"ListItem\",\"position\":3,\"name\":\"Copos de Avena Finos Bio 1 Kg &#8211; Ecosana\"}]},{\"@type\":\"WebSite\",\"@id\":\"https:\\\/\\\/www.lifenatura.com\\\/es\\\/#website\",\"url\":\"https:\\\/\\\/www.lifenatura.com\\\/es\\\/\",\"name\":\"Lifenatura\",\"description\":\"A Lifenatura \u00e9 uma loja de produtos naturais, cosm\u00e9tica natural e alimenta\u00e7\u00e3o Biol\u00f3gica.\",\"publisher\":{\"@id\":\"https:\\\/\\\/www.lifenatura.com\\\/es\\\/#organization\"},\"potentialAction\":[{\"@type\":\"SearchAction\",\"target\":{\"@type\":\"EntryPoint\",\"urlTemplate\":\"https:\\\/\\\/www.lifenatura.com\\\/es\\\/?s={search_term_string}\"},\"query-input\":{\"@type\":\"PropertyValueSpecification\",\"valueRequired\":true,\"valueName\":\"search_term_string\"}}],\"inLanguage\":\"es\"},{\"@type\":\"Organization\",\"@id\":\"https:\\\/\\\/www.lifenatura.com\\\/es\\\/#organization\",\"name\":\"Lifenatura\",\"url\":\"https:\\\/\\\/www.lifenatura.com\\\/es\\\/\",\"logo\":{\"@type\":\"ImageObject\",\"inLanguage\":\"es\",\"@id\":\"https:\\\/\\\/www.lifenatura.com\\\/es\\\/#\\\/schema\\\/logo\\\/image\\\/\",\"url\":\"https:\\\/\\\/www.lifenatura.com\\\/wp-content\\\/uploads\\\/2021\\\/07\\\/logo.png\",\"contentUrl\":\"https:\\\/\\\/www.lifenatura.com\\\/wp-content\\\/uploads\\\/2021\\\/07\\\/logo.png\",\"width\":175,\"height\":55,\"caption\":\"Lifenatura\"},\"image\":{\"@id\":\"https:\\\/\\\/www.lifenatura.com\\\/es\\\/#\\\/schema\\\/logo\\\/image\\\/\"},\"sameAs\":[\"https:\\\/\\\/www.facebook.com\\\/lifenatura\",\"https:\\\/\\\/www.instagram.com\\\/lifenaturapt\\\/\"],\"hasMerchantReturnPolicy\":{\"@type\":\"MerchantReturnPolicy\",\"merchantReturnLink\":\"https:\\\/\\\/www.lifenatura.com\\\/termos-condicoes-lifenatura\\\/\"}}]}<\/script>\n<meta property=\"product:price:amount\" content=\"3.16\" \/>\n<meta property=\"product:price:currency\" content=\"EUR\" \/>\n<meta property=\"og:availability\" content=\"instock\" \/>\n<meta property=\"product:availability\" content=\"instock\" \/>\n<meta property=\"product:retailer_item_id\" content=\"8436012944636\" \/>\n<meta property=\"product:condition\" content=\"new\" \/>\n<!-- \/ Yoast SEO Premium plugin. -->","yoast_head_json":{"title":"Ecosana Copos de Avena Finos Bio 1 Kg - Lifenatura","description":"Los Copos de Avena Finos Sin Gluten de Ecosana son la opci\u00f3n ideal para quienes desean incorporar a su dieta un alimento nutritivo y vers\u00e1til.","robots":{"index":"index","follow":"follow","max-snippet":"max-snippet:-1","max-image-preview":"max-image-preview:large","max-video-preview":"max-video-preview:-1"},"canonical":"https:\/\/www.lifenatura.com\/es\/produto\/copos-de-avena-finos-bio-1-kg-ecosana\/","og_locale":"es_ES","og_type":"article","og_title":"Copos de Avena Finos Bio 1 Kg - Ecosana - Na Lifenatura ao Melhor Pre\u00e7o | Envio 48h","og_description":"Compre Copos de Avena Finos Bio 1 Kg - Ecosana com envio r\u00e1pido. Entrega em 48h e portes gr\u00e1tis em compras >35\u20ac. Aproveite j\u00e1 na Lifenatura","og_url":"https:\/\/www.lifenatura.com\/es\/produto\/copos-de-avena-finos-bio-1-kg-ecosana\/","og_site_name":"Lifenatura","article_publisher":"https:\/\/www.facebook.com\/lifenatura","article_modified_time":"2026-01-22T06:49:59+00:00","og_image":[{"width":1000,"height":1000,"url":"https:\/\/www.lifenatura.com\/wp-content\/uploads\/2021\/09\/flocos-de-aveia-fino-gluten-bio-500g-ecosana.jpg","type":"image\/jpeg"}],"twitter_card":"summary_large_image","twitter_misc":{"Precio":"3,16&nbsp;&euro;","Disponibilidad":"Disponible"},"schema":{"@context":"https:\/\/schema.org","@graph":[{"@type":"WebPage","@id":"https:\/\/www.lifenatura.com\/es\/produto\/copos-de-avena-finos-bio-1-kg-ecosana\/","url":"https:\/\/www.lifenatura.com\/es\/produto\/copos-de-avena-finos-bio-1-kg-ecosana\/","name":"Ecosana Copos de Avena Finos Bio 1 Kg - Lifenatura","isPartOf":{"@id":"https:\/\/www.lifenatura.com\/es\/#website"},"primaryImageOfPage":{"@id":"https:\/\/www.lifenatura.com\/es\/produto\/copos-de-avena-finos-bio-1-kg-ecosana\/#primaryimage"},"image":{"@id":"https:\/\/www.lifenatura.com\/es\/produto\/copos-de-avena-finos-bio-1-kg-ecosana\/#primaryimage"},"thumbnailUrl":"https:\/\/www.lifenatura.com\/wp-content\/uploads\/2021\/09\/flocos-de-aveia-fino-gluten-bio-500g-ecosana.jpg","datePublished":"2021-09-30T09:50:48+00:00","dateModified":"2026-01-22T06:49:59+00:00","description":"Los Copos de Avena Finos Sin Gluten de Ecosana son la opci\u00f3n ideal para quienes desean incorporar a su dieta un alimento nutritivo y vers\u00e1til.","breadcrumb":{"@id":"https:\/\/www.lifenatura.com\/es\/produto\/copos-de-avena-finos-bio-1-kg-ecosana\/#breadcrumb"},"inLanguage":"es","potentialAction":[{"@type":"ReadAction","target":["https:\/\/www.lifenatura.com\/es\/produto\/copos-de-avena-finos-bio-1-kg-ecosana\/"]}]},{"@type":"ImageObject","inLanguage":"es","@id":"https:\/\/www.lifenatura.com\/es\/produto\/copos-de-avena-finos-bio-1-kg-ecosana\/#primaryimage","url":"https:\/\/www.lifenatura.com\/wp-content\/uploads\/2021\/09\/flocos-de-aveia-fino-gluten-bio-500g-ecosana.jpg","contentUrl":"https:\/\/www.lifenatura.com\/wp-content\/uploads\/2021\/09\/flocos-de-aveia-fino-gluten-bio-500g-ecosana.jpg","width":1000,"height":1000,"caption":"flocos de Aveia com gluten Bio 500mg da ecosana"},{"@type":"BreadcrumbList","@id":"https:\/\/www.lifenatura.com\/es\/produto\/copos-de-avena-finos-bio-1-kg-ecosana\/#breadcrumb","itemListElement":[{"@type":"ListItem","position":1,"name":"In\u00edcio","item":"https:\/\/www.lifenatura.com\/es\/"},{"@type":"ListItem","position":2,"name":"Todos los Productos","item":"https:\/\/www.lifenatura.com\/es\/tienda\/"},{"@type":"ListItem","position":3,"name":"Copos de Avena Finos Bio 1 Kg &#8211; Ecosana"}]},{"@type":"WebSite","@id":"https:\/\/www.lifenatura.com\/es\/#website","url":"https:\/\/www.lifenatura.com\/es\/","name":"Lifenatura","description":"A Lifenatura \u00e9 uma loja de produtos naturais, cosm\u00e9tica natural e alimenta\u00e7\u00e3o Biol\u00f3gica.","publisher":{"@id":"https:\/\/www.lifenatura.com\/es\/#organization"},"potentialAction":[{"@type":"SearchAction","target":{"@type":"EntryPoint","urlTemplate":"https:\/\/www.lifenatura.com\/es\/?s={search_term_string}"},"query-input":{"@type":"PropertyValueSpecification","valueRequired":true,"valueName":"search_term_string"}}],"inLanguage":"es"},{"@type":"Organization","@id":"https:\/\/www.lifenatura.com\/es\/#organization","name":"Lifenatura","url":"https:\/\/www.lifenatura.com\/es\/","logo":{"@type":"ImageObject","inLanguage":"es","@id":"https:\/\/www.lifenatura.com\/es\/#\/schema\/logo\/image\/","url":"https:\/\/www.lifenatura.com\/wp-content\/uploads\/2021\/07\/logo.png","contentUrl":"https:\/\/www.lifenatura.com\/wp-content\/uploads\/2021\/07\/logo.png","width":175,"height":55,"caption":"Lifenatura"},"image":{"@id":"https:\/\/www.lifenatura.com\/es\/#\/schema\/logo\/image\/"},"sameAs":["https:\/\/www.facebook.com\/lifenatura","https:\/\/www.instagram.com\/lifenaturapt\/"],"hasMerchantReturnPolicy":{"@type":"MerchantReturnPolicy","merchantReturnLink":"https:\/\/www.lifenatura.com\/termos-condicoes-lifenatura\/"}}]},"product_price_amount":"3.16","product_price_currency":"EUR","og_availability":"instock","product_availability":"instock","product_retailer_item_id":"8436012944636","product_condition":"new"},"df_price":3.16,"df_sale_price":"","df_regular_price":3.16,"df_image_link":"https:\/\/www.lifenatura.com\/wp-content\/uploads\/2021\/09\/flocos-de-aveia-fino-gluten-bio-500g-ecosana-300x300.jpg","_links":{"self":[{"href":"https:\/\/www.lifenatura.com\/es\/wp-json\/wp\/v2\/product\/37542","targetHints":{"allow":["GET"]}}],"collection":[{"href":"https:\/\/www.lifenatura.com\/es\/wp-json\/wp\/v2\/product"}],"about":[{"href":"https:\/\/www.lifenatura.com\/es\/wp-json\/wp\/v2\/types\/product"}],"wp:featuredmedia":[{"embeddable":true,"href":"https:\/\/www.lifenatura.com\/es\/wp-json\/wp\/v2\/media\/93093"}],"wp:attachment":[{"href":"https:\/\/www.lifenatura.com\/es\/wp-json\/wp\/v2\/media?parent=37542"}],"wp:term":[{"taxonomy":"product_brand","embeddable":true,"href":"https:\/\/www.lifenatura.com\/es\/wp-json\/wp\/v2\/product_brand?post=37542"},{"taxonomy":"product_cat","embeddable":true,"href":"https:\/\/www.lifenatura.com\/es\/wp-json\/wp\/v2\/product_cat?post=37542"},{"taxonomy":"product_tag","embeddable":true,"href":"https:\/\/www.lifenatura.com\/es\/wp-json\/wp\/v2\/product_tag?post=37542"}],"curies":[{"name":"wp","href":"https:\/\/api.w.org\/{rel}","templated":true}]}}