{"id":37490,"date":"2021-09-30T09:49:45","date_gmt":"2021-09-30T09:49:45","guid":{"rendered":"https:\/\/lifenatura.dev.agenciagetdigital.com\/produto\/aceite-de-coco-virgen-bio-200-ml-ecosana\/"},"modified":"2026-01-22T06:49:46","modified_gmt":"2026-01-22T06:49:46","slug":"aceite-de-coco-virgen-bio-200-ml-ecosana","status":"publish","type":"product","link":"https:\/\/www.lifenatura.com\/es\/produto\/aceite-de-coco-virgen-bio-200-ml-ecosana\/","title":{"rendered":"Aceite de Coco V\u00edrgen Bio 200 ml &#8211; Ecosana"},"content":{"rendered":"<h2 style=\"text-align: left\"><strong>Aceite de coco virgen org\u00e1nico<\/strong><\/h2>\n<p>&nbsp;<\/p>\n<p>El aceite de coco es uno de los aceites m\u00e1s saludables del mercado porque no se adultera ni se vuelve t\u00f3xico cuando se coloca a altas temperaturas. Esta es una de las razones por las que el aceite de coco es una excelente opci\u00f3n para cualquiera que busque reemplazar el aceite de oliva normal.<\/p>\n<p>El Aceite de Coco Virgen Extra Ecosana se obtiene a partir de cocos org\u00e1nicos. Estos fueron cultivados y cosechados de forma ecol\u00f3gica, obteniendo un aceite con todo el sabor y propiedades naturales del coco. El aceite de coco se utiliza para cocinar, fre\u00edr y hornear tus recetas ya que no se adultera ni se vuelve t\u00f3xico a altas temperaturas.<\/p>\n<p><strong>PRESENTACI\u00d3N<\/strong><\/p>\n<p>200 ml.<\/p>\n<p>&nbsp;<\/p>\n","protected":false},"excerpt":{"rendered":"<p>El aceite de coco es uno de los aceites m\u00e1s saludables del mercado porque no se adultera ni se vuelve t\u00f3xico cuando se coloca a altas temperaturas. [&#8230;]<\/p>\n<p><a class=\"btn btn-secondary understrap-read-more-link\" href=\"https:\/\/www.lifenatura.com\/es\/produto\/aceite-de-coco-virgen-bio-200-ml-ecosana\/\">Leer m\u00e1s&#8230;<span class=\"screen-reader-text\"> from Aceite de Coco V\u00edrgen Bio 200 ml &#8211; Ecosana<\/span><\/a><\/p>\n","protected":false},"featured_media":71877,"template":"","meta":{"_acf_changed":false},"product_brand":[8495],"product_cat":[7094,7064,7686,7659,7074],"product_tag":[],"class_list":{"0":"post-37490","1":"product","2":"type-product","3":"status-publish","4":"has-post-thumbnail","6":"product_brand-ecosana","7":"product_cat-aceite-de-coco","8":"product_cat-alimentacion-sana","9":"product_cat-coco-bio","10":"product_cat-ingrediente-natural-bio","11":"product_cat-productos-alimenticios","13":"first","14":"instock","15":"shipping-taxable","16":"purchasable","17":"product-type-simple","18":"add-to-wishlist-before_image"},"acf":[],"yoast_head":"<!-- This site is optimized with the Yoast SEO Premium plugin v27.1 (Yoast SEO v27.5) - https:\/\/yoast.com\/product\/yoast-seo-premium-wordpress\/ -->\n<title>Aceite de Coco V\u00edrgen Bio 200 ml - Ecosana - Na Lifenatura ao Melhor Pre\u00e7o | Envio em 48h<\/title>\n<meta name=\"description\" content=\"El aceite de coco es uno de los aceites m\u00e1s saludables del mercado porque no se adultera ni se vuelve t\u00f3xico cuando se coloca a altas temperaturas.\" \/>\n<meta name=\"robots\" content=\"index, follow, max-snippet:-1, max-image-preview:large, max-video-preview:-1\" \/>\n<link rel=\"canonical\" href=\"https:\/\/www.lifenatura.com\/es\/produto\/aceite-de-coco-virgen-bio-200-ml-ecosana\/\" \/>\n<meta property=\"og:locale\" content=\"es_ES\" \/>\n<meta property=\"og:type\" content=\"article\" \/>\n<meta property=\"og:title\" content=\"Aceite de Coco V\u00edrgen Bio 200 ml - Ecosana - Na Lifenatura ao Melhor Pre\u00e7o | Envio 48h\" \/>\n<meta property=\"og:description\" content=\"Compre Aceite de Coco V\u00edrgen Bio 200 ml - Ecosana com envio r\u00e1pido. Entrega em 48h e portes gr\u00e1tis em compras &gt;35\u20ac. Aproveite j\u00e1 na Lifenatura\" \/>\n<meta property=\"og:url\" content=\"https:\/\/www.lifenatura.com\/es\/produto\/aceite-de-coco-virgen-bio-200-ml-ecosana\/\" \/>\n<meta property=\"og:site_name\" content=\"Lifenatura\" \/>\n<meta property=\"article:publisher\" content=\"https:\/\/www.facebook.com\/lifenatura\" \/>\n<meta property=\"article:modified_time\" content=\"2026-01-22T06:49:46+00:00\" \/>\n<meta property=\"og:image\" content=\"https:\/\/www.lifenatura.com\/wp-content\/uploads\/2021\/09\/oleo-coco-200-ml-ecosana.jpg\" \/>\n\t<meta property=\"og:image:width\" content=\"1000\" \/>\n\t<meta property=\"og:image:height\" content=\"1000\" \/>\n\t<meta property=\"og:image:type\" content=\"image\/jpeg\" \/>\n<meta name=\"twitter:card\" content=\"summary_large_image\" \/>\n<meta name=\"twitter:label1\" content=\"Precio\" \/>\n\t<meta name=\"twitter:data1\" content=\"4,87&nbsp;&euro;\" \/>\n\t<meta name=\"twitter:label2\" content=\"Disponibilidad\" \/>\n\t<meta name=\"twitter:data2\" content=\"Disponible\" \/>\n<script type=\"application\/ld+json\" class=\"yoast-schema-graph\">{\"@context\":\"https:\\\/\\\/schema.org\",\"@graph\":[{\"@type\":\"WebPage\",\"@id\":\"https:\\\/\\\/www.lifenatura.com\\\/es\\\/produto\\\/aceite-de-coco-virgen-bio-200-ml-ecosana\\\/\",\"url\":\"https:\\\/\\\/www.lifenatura.com\\\/es\\\/produto\\\/aceite-de-coco-virgen-bio-200-ml-ecosana\\\/\",\"name\":\"Aceite de Coco V\u00edrgen Bio 200 ml - Ecosana - Na Lifenatura ao Melhor Pre\u00e7o | Envio em 48h\",\"isPartOf\":{\"@id\":\"https:\\\/\\\/www.lifenatura.com\\\/es\\\/#website\"},\"primaryImageOfPage\":{\"@id\":\"https:\\\/\\\/www.lifenatura.com\\\/es\\\/produto\\\/aceite-de-coco-virgen-bio-200-ml-ecosana\\\/#primaryimage\"},\"image\":{\"@id\":\"https:\\\/\\\/www.lifenatura.com\\\/es\\\/produto\\\/aceite-de-coco-virgen-bio-200-ml-ecosana\\\/#primaryimage\"},\"thumbnailUrl\":\"https:\\\/\\\/www.lifenatura.com\\\/wp-content\\\/uploads\\\/2021\\\/09\\\/oleo-coco-200-ml-ecosana.jpg\",\"datePublished\":\"2021-09-30T09:49:45+00:00\",\"dateModified\":\"2026-01-22T06:49:46+00:00\",\"description\":\"El aceite de coco es uno de los aceites m\u00e1s saludables del mercado porque no se adultera ni se vuelve t\u00f3xico cuando se coloca a altas temperaturas.\",\"breadcrumb\":{\"@id\":\"https:\\\/\\\/www.lifenatura.com\\\/es\\\/produto\\\/aceite-de-coco-virgen-bio-200-ml-ecosana\\\/#breadcrumb\"},\"inLanguage\":\"es\",\"potentialAction\":[{\"@type\":\"ReadAction\",\"target\":[\"https:\\\/\\\/www.lifenatura.com\\\/es\\\/produto\\\/aceite-de-coco-virgen-bio-200-ml-ecosana\\\/\"]}]},{\"@type\":\"ImageObject\",\"inLanguage\":\"es\",\"@id\":\"https:\\\/\\\/www.lifenatura.com\\\/es\\\/produto\\\/aceite-de-coco-virgen-bio-200-ml-ecosana\\\/#primaryimage\",\"url\":\"https:\\\/\\\/www.lifenatura.com\\\/wp-content\\\/uploads\\\/2021\\\/09\\\/oleo-coco-200-ml-ecosana.jpg\",\"contentUrl\":\"https:\\\/\\\/www.lifenatura.com\\\/wp-content\\\/uploads\\\/2021\\\/09\\\/oleo-coco-200-ml-ecosana.jpg\",\"width\":1000,\"height\":1000,\"caption\":\"\u00d3leo de Coco Virgem Org\u00e2nico 200ml - Ecosana\"},{\"@type\":\"BreadcrumbList\",\"@id\":\"https:\\\/\\\/www.lifenatura.com\\\/es\\\/produto\\\/aceite-de-coco-virgen-bio-200-ml-ecosana\\\/#breadcrumb\",\"itemListElement\":[{\"@type\":\"ListItem\",\"position\":1,\"name\":\"In\u00edcio\",\"item\":\"https:\\\/\\\/www.lifenatura.com\\\/es\\\/\"},{\"@type\":\"ListItem\",\"position\":2,\"name\":\"Todos los Productos\",\"item\":\"https:\\\/\\\/www.lifenatura.com\\\/es\\\/tienda\\\/\"},{\"@type\":\"ListItem\",\"position\":3,\"name\":\"Aceite de Coco V\u00edrgen Bio 200 ml &#8211; Ecosana\"}]},{\"@type\":\"WebSite\",\"@id\":\"https:\\\/\\\/www.lifenatura.com\\\/es\\\/#website\",\"url\":\"https:\\\/\\\/www.lifenatura.com\\\/es\\\/\",\"name\":\"Lifenatura\",\"description\":\"A Lifenatura \u00e9 uma loja de produtos naturais, cosm\u00e9tica natural e alimenta\u00e7\u00e3o Biol\u00f3gica.\",\"publisher\":{\"@id\":\"https:\\\/\\\/www.lifenatura.com\\\/es\\\/#organization\"},\"potentialAction\":[{\"@type\":\"SearchAction\",\"target\":{\"@type\":\"EntryPoint\",\"urlTemplate\":\"https:\\\/\\\/www.lifenatura.com\\\/es\\\/?s={search_term_string}\"},\"query-input\":{\"@type\":\"PropertyValueSpecification\",\"valueRequired\":true,\"valueName\":\"search_term_string\"}}],\"inLanguage\":\"es\"},{\"@type\":\"Organization\",\"@id\":\"https:\\\/\\\/www.lifenatura.com\\\/es\\\/#organization\",\"name\":\"Lifenatura\",\"url\":\"https:\\\/\\\/www.lifenatura.com\\\/es\\\/\",\"logo\":{\"@type\":\"ImageObject\",\"inLanguage\":\"es\",\"@id\":\"https:\\\/\\\/www.lifenatura.com\\\/es\\\/#\\\/schema\\\/logo\\\/image\\\/\",\"url\":\"https:\\\/\\\/www.lifenatura.com\\\/wp-content\\\/uploads\\\/2021\\\/07\\\/logo.png\",\"contentUrl\":\"https:\\\/\\\/www.lifenatura.com\\\/wp-content\\\/uploads\\\/2021\\\/07\\\/logo.png\",\"width\":175,\"height\":55,\"caption\":\"Lifenatura\"},\"image\":{\"@id\":\"https:\\\/\\\/www.lifenatura.com\\\/es\\\/#\\\/schema\\\/logo\\\/image\\\/\"},\"sameAs\":[\"https:\\\/\\\/www.facebook.com\\\/lifenatura\",\"https:\\\/\\\/www.instagram.com\\\/lifenaturapt\\\/\"],\"hasMerchantReturnPolicy\":{\"@type\":\"MerchantReturnPolicy\",\"merchantReturnLink\":\"https:\\\/\\\/www.lifenatura.com\\\/termos-condicoes-lifenatura\\\/\"}}]}<\/script>\n<meta property=\"product:price:amount\" content=\"4.87\" \/>\n<meta property=\"product:price:currency\" content=\"EUR\" \/>\n<meta property=\"og:availability\" content=\"instock\" \/>\n<meta property=\"product:availability\" content=\"instock\" \/>\n<meta property=\"product:retailer_item_id\" content=\"8436044518034\" \/>\n<meta property=\"product:condition\" content=\"new\" \/>\n<!-- \/ Yoast SEO Premium plugin. -->","yoast_head_json":{"title":"Aceite de Coco V\u00edrgen Bio 200 ml - Ecosana - Na Lifenatura ao Melhor Pre\u00e7o | Envio em 48h","description":"El aceite de coco es uno de los aceites m\u00e1s saludables del mercado porque no se adultera ni se vuelve t\u00f3xico cuando se coloca a altas temperaturas.","robots":{"index":"index","follow":"follow","max-snippet":"max-snippet:-1","max-image-preview":"max-image-preview:large","max-video-preview":"max-video-preview:-1"},"canonical":"https:\/\/www.lifenatura.com\/es\/produto\/aceite-de-coco-virgen-bio-200-ml-ecosana\/","og_locale":"es_ES","og_type":"article","og_title":"Aceite de Coco V\u00edrgen Bio 200 ml - Ecosana - Na Lifenatura ao Melhor Pre\u00e7o | Envio 48h","og_description":"Compre Aceite de Coco V\u00edrgen Bio 200 ml - Ecosana com envio r\u00e1pido. Entrega em 48h e portes gr\u00e1tis em compras >35\u20ac. Aproveite j\u00e1 na Lifenatura","og_url":"https:\/\/www.lifenatura.com\/es\/produto\/aceite-de-coco-virgen-bio-200-ml-ecosana\/","og_site_name":"Lifenatura","article_publisher":"https:\/\/www.facebook.com\/lifenatura","article_modified_time":"2026-01-22T06:49:46+00:00","og_image":[{"width":1000,"height":1000,"url":"https:\/\/www.lifenatura.com\/wp-content\/uploads\/2021\/09\/oleo-coco-200-ml-ecosana.jpg","type":"image\/jpeg"}],"twitter_card":"summary_large_image","twitter_misc":{"Precio":"4,87&nbsp;&euro;","Disponibilidad":"Disponible"},"schema":{"@context":"https:\/\/schema.org","@graph":[{"@type":"WebPage","@id":"https:\/\/www.lifenatura.com\/es\/produto\/aceite-de-coco-virgen-bio-200-ml-ecosana\/","url":"https:\/\/www.lifenatura.com\/es\/produto\/aceite-de-coco-virgen-bio-200-ml-ecosana\/","name":"Aceite de Coco V\u00edrgen Bio 200 ml - Ecosana - Na Lifenatura ao Melhor Pre\u00e7o | Envio em 48h","isPartOf":{"@id":"https:\/\/www.lifenatura.com\/es\/#website"},"primaryImageOfPage":{"@id":"https:\/\/www.lifenatura.com\/es\/produto\/aceite-de-coco-virgen-bio-200-ml-ecosana\/#primaryimage"},"image":{"@id":"https:\/\/www.lifenatura.com\/es\/produto\/aceite-de-coco-virgen-bio-200-ml-ecosana\/#primaryimage"},"thumbnailUrl":"https:\/\/www.lifenatura.com\/wp-content\/uploads\/2021\/09\/oleo-coco-200-ml-ecosana.jpg","datePublished":"2021-09-30T09:49:45+00:00","dateModified":"2026-01-22T06:49:46+00:00","description":"El aceite de coco es uno de los aceites m\u00e1s saludables del mercado porque no se adultera ni se vuelve t\u00f3xico cuando se coloca a altas temperaturas.","breadcrumb":{"@id":"https:\/\/www.lifenatura.com\/es\/produto\/aceite-de-coco-virgen-bio-200-ml-ecosana\/#breadcrumb"},"inLanguage":"es","potentialAction":[{"@type":"ReadAction","target":["https:\/\/www.lifenatura.com\/es\/produto\/aceite-de-coco-virgen-bio-200-ml-ecosana\/"]}]},{"@type":"ImageObject","inLanguage":"es","@id":"https:\/\/www.lifenatura.com\/es\/produto\/aceite-de-coco-virgen-bio-200-ml-ecosana\/#primaryimage","url":"https:\/\/www.lifenatura.com\/wp-content\/uploads\/2021\/09\/oleo-coco-200-ml-ecosana.jpg","contentUrl":"https:\/\/www.lifenatura.com\/wp-content\/uploads\/2021\/09\/oleo-coco-200-ml-ecosana.jpg","width":1000,"height":1000,"caption":"\u00d3leo de Coco Virgem Org\u00e2nico 200ml - Ecosana"},{"@type":"BreadcrumbList","@id":"https:\/\/www.lifenatura.com\/es\/produto\/aceite-de-coco-virgen-bio-200-ml-ecosana\/#breadcrumb","itemListElement":[{"@type":"ListItem","position":1,"name":"In\u00edcio","item":"https:\/\/www.lifenatura.com\/es\/"},{"@type":"ListItem","position":2,"name":"Todos los Productos","item":"https:\/\/www.lifenatura.com\/es\/tienda\/"},{"@type":"ListItem","position":3,"name":"Aceite de Coco V\u00edrgen Bio 200 ml &#8211; Ecosana"}]},{"@type":"WebSite","@id":"https:\/\/www.lifenatura.com\/es\/#website","url":"https:\/\/www.lifenatura.com\/es\/","name":"Lifenatura","description":"A Lifenatura \u00e9 uma loja de produtos naturais, cosm\u00e9tica natural e alimenta\u00e7\u00e3o Biol\u00f3gica.","publisher":{"@id":"https:\/\/www.lifenatura.com\/es\/#organization"},"potentialAction":[{"@type":"SearchAction","target":{"@type":"EntryPoint","urlTemplate":"https:\/\/www.lifenatura.com\/es\/?s={search_term_string}"},"query-input":{"@type":"PropertyValueSpecification","valueRequired":true,"valueName":"search_term_string"}}],"inLanguage":"es"},{"@type":"Organization","@id":"https:\/\/www.lifenatura.com\/es\/#organization","name":"Lifenatura","url":"https:\/\/www.lifenatura.com\/es\/","logo":{"@type":"ImageObject","inLanguage":"es","@id":"https:\/\/www.lifenatura.com\/es\/#\/schema\/logo\/image\/","url":"https:\/\/www.lifenatura.com\/wp-content\/uploads\/2021\/07\/logo.png","contentUrl":"https:\/\/www.lifenatura.com\/wp-content\/uploads\/2021\/07\/logo.png","width":175,"height":55,"caption":"Lifenatura"},"image":{"@id":"https:\/\/www.lifenatura.com\/es\/#\/schema\/logo\/image\/"},"sameAs":["https:\/\/www.facebook.com\/lifenatura","https:\/\/www.instagram.com\/lifenaturapt\/"],"hasMerchantReturnPolicy":{"@type":"MerchantReturnPolicy","merchantReturnLink":"https:\/\/www.lifenatura.com\/termos-condicoes-lifenatura\/"}}]},"product_price_amount":"4.87","product_price_currency":"EUR","og_availability":"instock","product_availability":"instock","product_retailer_item_id":"8436044518034","product_condition":"new"},"df_price":4.87,"df_sale_price":"","df_regular_price":4.87,"df_image_link":"https:\/\/www.lifenatura.com\/wp-content\/uploads\/2021\/09\/oleo-coco-200-ml-ecosana-300x300.jpg","_links":{"self":[{"href":"https:\/\/www.lifenatura.com\/es\/wp-json\/wp\/v2\/product\/37490","targetHints":{"allow":["GET"]}}],"collection":[{"href":"https:\/\/www.lifenatura.com\/es\/wp-json\/wp\/v2\/product"}],"about":[{"href":"https:\/\/www.lifenatura.com\/es\/wp-json\/wp\/v2\/types\/product"}],"wp:featuredmedia":[{"embeddable":true,"href":"https:\/\/www.lifenatura.com\/es\/wp-json\/wp\/v2\/media\/71877"}],"wp:attachment":[{"href":"https:\/\/www.lifenatura.com\/es\/wp-json\/wp\/v2\/media?parent=37490"}],"wp:term":[{"taxonomy":"product_brand","embeddable":true,"href":"https:\/\/www.lifenatura.com\/es\/wp-json\/wp\/v2\/product_brand?post=37490"},{"taxonomy":"product_cat","embeddable":true,"href":"https:\/\/www.lifenatura.com\/es\/wp-json\/wp\/v2\/product_cat?post=37490"},{"taxonomy":"product_tag","embeddable":true,"href":"https:\/\/www.lifenatura.com\/es\/wp-json\/wp\/v2\/product_tag?post=37490"}],"curies":[{"name":"wp","href":"https:\/\/api.w.org\/{rel}","templated":true}]}}