{"id":37482,"date":"2021-09-30T09:49:23","date_gmt":"2021-09-30T09:49:23","guid":{"rendered":"https:\/\/lifenatura.dev.agenciagetdigital.com\/produto\/drenalight-barriga-plana-pack-dietmed\/"},"modified":"2025-07-31T00:07:35","modified_gmt":"2025-07-31T00:07:35","slug":"drenalight-barriga-plana-pack-dietmed","status":"publish","type":"product","link":"https:\/\/www.lifenatura.com\/es\/produto\/drenalight-barriga-plana-pack-dietmed\/","title":{"rendered":"Drenalight Barriga Plana &#8211; Dietmed"},"content":{"rendered":"<h2 style=\"text-align: left;\"><strong>Tener un vientre plano ahora es m\u00e1s f\u00e1cil<\/strong><\/h2>\n<p>&nbsp;<\/p>\n<p>El vientre plano Drenalight de Dietmed est\u00e1 indicado para adelgazar, para el metabolismo normal de los l\u00edpidos, contribuyendo a un vientre plano.<\/p>\n<p><strong>PERDIDA DE PESO<\/strong><br \/>\nEl guaran\u00e1, en el contexto de una dieta de bajo valor energ\u00e9tico, contribuye a la p\u00e9rdida de peso y al metabolismo lip\u00eddico normal.<\/p>\n<p>Contiene en su composici\u00f3n: Naranja Naranja, Guaran\u00e1 y Caf\u00e9 Verde, junto con Taraxaco, Alcachofa, Colina Rainha dos Prados, act\u00faan de forma sin\u00e9rgica y complementaria para favorecer la reducci\u00f3n de peso.<\/p>\n<p><strong>PRESENTACI\u00d3N<\/strong><br \/>\n600 ml.<\/p>\n<p>&nbsp;<\/p>\n","protected":false},"excerpt":{"rendered":"<p>El vientre plano Drenalight de Dietmed est\u00e1 indicado para adelgazar, para el metabolismo normal de los l\u00edpidos, contribuyendo a un vientre plano. [&#8230;]<\/p>\n<p><a class=\"btn btn-secondary understrap-read-more-link\" href=\"https:\/\/www.lifenatura.com\/es\/produto\/drenalight-barriga-plana-pack-dietmed\/\">Leer m\u00e1s&#8230;<span class=\"screen-reader-text\"> from Drenalight Barriga Plana &#8211; Dietmed<\/span><\/a><\/p>\n","protected":false},"featured_media":19087,"template":"","meta":{"_acf_changed":false},"product_brand":[8499],"product_cat":[7190,7145,7674,7193,7722,7163,7659,7179],"product_tag":[],"class_list":{"0":"post-37482","1":"product","2":"type-product","3":"status-publish","4":"has-post-thumbnail","6":"product_brand-drenalight","7":"product_cat-adelgazar","8":"product_cat-alcachofa","9":"product_cat-cafe-verde-bio","10":"product_cat-drenante-y-detox","11":"product_cat-guarana-es","12":"product_cat-hinojo","13":"product_cat-ingrediente-natural-bio","14":"product_cat-salud","16":"first","17":"instock","18":"sale","19":"shipping-taxable","20":"purchasable","21":"product-type-simple","22":"add-to-wishlist-before_image"},"acf":[],"yoast_head":"<!-- This site is optimized with the Yoast SEO Premium plugin v27.1 (Yoast SEO v27.3) - https:\/\/yoast.com\/product\/yoast-seo-premium-wordpress\/ -->\n<title>Drenalight Barriga Plana Dietmed - Lifenatura<\/title>\n<meta name=\"description\" content=\"Drenalight de Dietmed est\u00e1 indicado para adelgazar, para el metabolismo normal de los l\u00edpidos, contribuyendo a un vientre plano.\" \/>\n<meta name=\"robots\" content=\"index, follow, max-snippet:-1, max-image-preview:large, max-video-preview:-1\" \/>\n<link rel=\"canonical\" href=\"https:\/\/www.lifenatura.com\/es\/produto\/drenalight-barriga-plana-pack-dietmed\/\" \/>\n<meta property=\"og:locale\" content=\"es_ES\" \/>\n<meta property=\"og:type\" content=\"article\" \/>\n<meta property=\"og:title\" content=\"Drenalight Barriga Plana - Dietmed - Lifenatura\" \/>\n<meta property=\"og:description\" content=\"Compre aqui o seu Drenalight Barriga Plana - Dietmed e a Lifenatura Online envia em 48 H com Portes Gratis &gt;35\u20ac de Pedido.\" \/>\n<meta property=\"og:url\" content=\"https:\/\/www.lifenatura.com\/es\/produto\/drenalight-barriga-plana-pack-dietmed\/\" \/>\n<meta property=\"og:site_name\" content=\"Lifenatura\" \/>\n<meta property=\"article:publisher\" content=\"https:\/\/www.facebook.com\/lifenatura\" \/>\n<meta property=\"article:modified_time\" content=\"2025-07-31T00:07:35+00:00\" \/>\n<meta property=\"og:image\" content=\"https:\/\/www.lifenatura.com\/wp-content\/uploads\/2021\/09\/gd_drenalight_barriga_plana_drenaliht.jpg\" \/>\n\t<meta property=\"og:image:width\" content=\"1000\" \/>\n\t<meta property=\"og:image:height\" content=\"1000\" \/>\n\t<meta property=\"og:image:type\" content=\"image\/jpeg\" \/>\n<meta name=\"twitter:card\" content=\"summary_large_image\" \/>\n<meta name=\"twitter:label1\" content=\"Precio\" \/>\n\t<meta name=\"twitter:data1\" content=\"22,67&nbsp;&euro;\" \/>\n\t<meta name=\"twitter:label2\" content=\"Disponibilidad\" \/>\n\t<meta name=\"twitter:data2\" content=\"Disponible\" \/>\n<meta property=\"product:price:amount\" content=\"22.67\" \/>\n<meta property=\"product:price:currency\" content=\"EUR\" \/>\n<meta property=\"og:availability\" content=\"instock\" \/>\n<meta property=\"product:availability\" content=\"instock\" \/>\n<meta property=\"product:retailer_item_id\" content=\"5605481102363\" \/>\n<meta property=\"product:condition\" content=\"new\" \/>\n<!-- \/ Yoast SEO Premium plugin. -->","yoast_head_json":{"title":"Drenalight Barriga Plana Dietmed - Lifenatura","description":"Drenalight de Dietmed est\u00e1 indicado para adelgazar, para el metabolismo normal de los l\u00edpidos, contribuyendo a un vientre plano.","robots":{"index":"index","follow":"follow","max-snippet":"max-snippet:-1","max-image-preview":"max-image-preview:large","max-video-preview":"max-video-preview:-1"},"canonical":"https:\/\/www.lifenatura.com\/es\/produto\/drenalight-barriga-plana-pack-dietmed\/","og_locale":"es_ES","og_type":"article","og_title":"Drenalight Barriga Plana - Dietmed - Lifenatura","og_description":"Compre aqui o seu Drenalight Barriga Plana - Dietmed e a Lifenatura Online envia em 48 H com Portes Gratis >35\u20ac de Pedido.","og_url":"https:\/\/www.lifenatura.com\/es\/produto\/drenalight-barriga-plana-pack-dietmed\/","og_site_name":"Lifenatura","article_publisher":"https:\/\/www.facebook.com\/lifenatura","article_modified_time":"2025-07-31T00:07:35+00:00","og_image":[{"width":1000,"height":1000,"url":"https:\/\/www.lifenatura.com\/wp-content\/uploads\/2021\/09\/gd_drenalight_barriga_plana_drenaliht.jpg","type":"image\/jpeg"}],"twitter_card":"summary_large_image","twitter_misc":{"Precio":"22,67&nbsp;&euro;","Disponibilidad":"Disponible"},"schema":{"@context":"https:\/\/schema.org","@graph":[{"@type":"WebPage","@id":"https:\/\/www.lifenatura.com\/es\/produto\/drenalight-barriga-plana-pack-dietmed\/","url":"https:\/\/www.lifenatura.com\/es\/produto\/drenalight-barriga-plana-pack-dietmed\/","name":"Drenalight Barriga Plana Dietmed - Lifenatura","isPartOf":{"@id":"https:\/\/www.lifenatura.com\/es\/#website"},"primaryImageOfPage":{"@id":"https:\/\/www.lifenatura.com\/es\/produto\/drenalight-barriga-plana-pack-dietmed\/#primaryimage"},"image":{"@id":"https:\/\/www.lifenatura.com\/es\/produto\/drenalight-barriga-plana-pack-dietmed\/#primaryimage"},"thumbnailUrl":"https:\/\/www.lifenatura.com\/wp-content\/uploads\/2021\/09\/gd_drenalight_barriga_plana_drenaliht.jpg","datePublished":"2021-09-30T09:49:23+00:00","dateModified":"2025-07-31T00:07:35+00:00","description":"Drenalight de Dietmed est\u00e1 indicado para adelgazar, para el metabolismo normal de los l\u00edpidos, contribuyendo a un vientre plano.","breadcrumb":{"@id":"https:\/\/www.lifenatura.com\/es\/produto\/drenalight-barriga-plana-pack-dietmed\/#breadcrumb"},"inLanguage":"es","potentialAction":[{"@type":"ReadAction","target":["https:\/\/www.lifenatura.com\/es\/produto\/drenalight-barriga-plana-pack-dietmed\/"]}]},{"@type":"ImageObject","inLanguage":"es","@id":"https:\/\/www.lifenatura.com\/es\/produto\/drenalight-barriga-plana-pack-dietmed\/#primaryimage","url":"https:\/\/www.lifenatura.com\/wp-content\/uploads\/2021\/09\/gd_drenalight_barriga_plana_drenaliht.jpg","contentUrl":"https:\/\/www.lifenatura.com\/wp-content\/uploads\/2021\/09\/gd_drenalight_barriga_plana_drenaliht.jpg","width":1000,"height":1000,"caption":"Drenalight Vientre Plana 600 ml"},{"@type":"BreadcrumbList","@id":"https:\/\/www.lifenatura.com\/es\/produto\/drenalight-barriga-plana-pack-dietmed\/#breadcrumb","itemListElement":[{"@type":"ListItem","position":1,"name":"In\u00edcio","item":"https:\/\/www.lifenatura.com\/es\/"},{"@type":"ListItem","position":2,"name":"Todos los Productos","item":"https:\/\/www.lifenatura.com\/es\/tienda\/"},{"@type":"ListItem","position":3,"name":"Drenalight Barriga Plana &#8211; Dietmed"}]},{"@type":"WebSite","@id":"https:\/\/www.lifenatura.com\/es\/#website","url":"https:\/\/www.lifenatura.com\/es\/","name":"Lifenatura","description":"A Lifenatura \u00e9 uma loja de produtos naturais, cosm\u00e9tica natural e alimenta\u00e7\u00e3o Biol\u00f3gica.","publisher":{"@id":"https:\/\/www.lifenatura.com\/es\/#organization"},"potentialAction":[{"@type":"SearchAction","target":{"@type":"EntryPoint","urlTemplate":"https:\/\/www.lifenatura.com\/es\/?s={search_term_string}"},"query-input":{"@type":"PropertyValueSpecification","valueRequired":true,"valueName":"search_term_string"}}],"inLanguage":"es"},{"@type":"Organization","@id":"https:\/\/www.lifenatura.com\/es\/#organization","name":"Lifenatura","url":"https:\/\/www.lifenatura.com\/es\/","logo":{"@type":"ImageObject","inLanguage":"es","@id":"https:\/\/www.lifenatura.com\/es\/#\/schema\/logo\/image\/","url":"https:\/\/www.lifenatura.com\/wp-content\/uploads\/2021\/11\/logo.png","contentUrl":"https:\/\/www.lifenatura.com\/wp-content\/uploads\/2021\/11\/logo.png","width":175,"height":55,"caption":"Lifenatura"},"image":{"@id":"https:\/\/www.lifenatura.com\/es\/#\/schema\/logo\/image\/"},"sameAs":["https:\/\/www.facebook.com\/lifenatura","https:\/\/www.instagram.com\/lifenaturapt\/"]}]},"product_price_amount":"22.67","product_price_currency":"EUR","og_availability":"instock","product_availability":"instock","product_retailer_item_id":"5605481102363","product_condition":"new"},"df_price":22.67,"df_sale_price":22.67,"df_regular_price":28.34,"df_image_link":"https:\/\/www.lifenatura.com\/wp-content\/uploads\/2021\/09\/gd_drenalight_barriga_plana_drenaliht-300x300.jpg","_links":{"self":[{"href":"https:\/\/www.lifenatura.com\/es\/wp-json\/wp\/v2\/product\/37482","targetHints":{"allow":["GET"]}}],"collection":[{"href":"https:\/\/www.lifenatura.com\/es\/wp-json\/wp\/v2\/product"}],"about":[{"href":"https:\/\/www.lifenatura.com\/es\/wp-json\/wp\/v2\/types\/product"}],"wp:featuredmedia":[{"embeddable":true,"href":"https:\/\/www.lifenatura.com\/es\/wp-json\/wp\/v2\/media\/19087"}],"wp:attachment":[{"href":"https:\/\/www.lifenatura.com\/es\/wp-json\/wp\/v2\/media?parent=37482"}],"wp:term":[{"taxonomy":"product_brand","embeddable":true,"href":"https:\/\/www.lifenatura.com\/es\/wp-json\/wp\/v2\/product_brand?post=37482"},{"taxonomy":"product_cat","embeddable":true,"href":"https:\/\/www.lifenatura.com\/es\/wp-json\/wp\/v2\/product_cat?post=37482"},{"taxonomy":"product_tag","embeddable":true,"href":"https:\/\/www.lifenatura.com\/es\/wp-json\/wp\/v2\/product_tag?post=37482"}],"curies":[{"name":"wp","href":"https:\/\/api.w.org\/{rel}","templated":true}]}}