{"id":37477,"date":"2021-09-30T09:49:23","date_gmt":"2021-09-30T09:49:23","guid":{"rendered":"https:\/\/lifenatura.dev.agenciagetdigital.com\/produto\/drenalight-detox-pack-dietmed\/"},"modified":"2026-03-29T19:22:05","modified_gmt":"2026-03-29T19:22:05","slug":"drenalight-detox-pack-dietmed","status":"publish","type":"product","link":"https:\/\/www.lifenatura.com\/es\/produto\/drenalight-detox-pack-dietmed\/","title":{"rendered":"Drenalight Detox Pack Llevo 4 Pago 3"},"content":{"rendered":"<h2 style=\"text-align: left;\"><strong>Drenalight drenante con efecto Detox &#8211; Llevo 4 Pago 3<\/strong><\/h2>\n<p>&nbsp;<\/p>\n<p>Drenalight Detox es un drenante natural a base de cardo mariano, alcachofa y t\u00e9 verde. Esta mezcla es ideal para empezar a limpiar su organismo del exceso de comida, tabaco y contaminaci\u00f3n.<\/p>\n<p><strong>Ahora disponible en pack promocional Toma 4 Paga 3<\/strong><\/p>\n<p>Tambi\u00e9n es adecuado para procesos de adelgazamiento ya que, adem\u00e1s de eliminar l\u00edquidos retenidos en el organismo, gracias a su composici\u00f3n, desintoxica y depura tu h\u00edgado.<\/p>\n<p>Drenalight Detox es un complemento alimenticio dise\u00f1ado para ayudar a desintoxicar el organismo y favorecer la eliminaci\u00f3n de toxinas de forma natural y eficaz. Con una f\u00f3rmula exclusiva compuesta por ingredientes naturales, este producto act\u00faa depurando el organismo, mejorando el funcionamiento de los \u00f3rganos vitales y contribuyendo al bienestar general. Ideal para quien desea iniciar un proceso de desintoxicaci\u00f3n o mantener una rutina saludable, Drenalight Detox es un excelente complemento para su dieta diaria.<\/p>\n<p>Principales Beneficios:<\/p>\n<ul>\n<li><strong>Desintoxicaci\u00f3n del organismo:<\/strong> Principios activos que favorecen la eliminaci\u00f3n de toxinas acumuladas, ayudando a depurar el organismo y a mejorar la salud general.<\/li>\n<li><strong>Acci\u00f3n drenante:<\/strong> Facilita el drenaje de los l\u00edquidos retenidos, reduciendo la hinchaz\u00f3n y combatiendo la retenci\u00f3n de l\u00edquidos.<\/li>\n<li><strong>Mejora la digesti\u00f3n<\/strong>: Contribuye a una digesti\u00f3n m\u00e1s eficaz, ayudando a regular el tr\u00e1nsito intestinal y a prevenir las molestias digestivas.<\/li>\n<li><strong>Aumento de energ\u00eda:<\/strong> Proporciona un aumento de vitalidad y energ\u00eda, ayudando a mejorar el rendimiento f\u00edsico y mental a lo largo del d\u00eda.<\/li>\n<\/ul>\n<p>Drenalight Detox de Dietmed es un complemento alimenticio l\u00edquido especialmente formulado para promover una acci\u00f3n drenante, depurativa y desintoxicante, ayudando al organismo a eliminar las toxinas y el exceso de l\u00edquidos de forma natural.<\/p>\n<p>Con una rica combinaci\u00f3n de extractos de plantas, este producto es ideal para aquellos que desean iniciar un programa de p\u00e9rdida de peso, combatir la hinchaz\u00f3n o simplemente dar al cuerpo un \u00abreset\u00bb.<\/p>\n<p><strong>PRESENTACI\u00d3N <\/strong><\/p>\n<p>600 ml x 4<\/p>\n<p>&nbsp;<\/p>\n","protected":false},"excerpt":{"rendered":"<p>Drenalight Detox pack Llevo 4 Pago 3 es el suplemento para limpiar su cuerpo causado por comer en exceso por el tabaco y la contaminaci\u00f3n. [&#8230;]<\/p>\n<p><a class=\"btn btn-secondary understrap-read-more-link\" href=\"https:\/\/www.lifenatura.com\/es\/produto\/drenalight-detox-pack-dietmed\/\">Leer m\u00e1s&#8230;<span class=\"screen-reader-text\"> from Drenalight Detox Pack Llevo 4 Pago 3<\/span><\/a><\/p>\n","protected":false},"featured_media":112630,"template":"","meta":{"_acf_changed":false},"product_brand":[8499],"product_cat":[7190,7145,7677,7193,7659,7263,8048,7179,7159],"product_tag":[],"class_list":{"0":"post-37477","1":"product","2":"type-product","3":"status-publish","4":"has-post-thumbnail","6":"product_brand-drenalight","7":"product_cat-adelgazar","8":"product_cat-alcachofa","9":"product_cat-cardo-mariano-bio","10":"product_cat-drenante-y-detox","11":"product_cat-ingrediente-natural-bio","12":"product_cat-packs-de-salud","13":"product_cat-paga-3-lleva-4","14":"product_cat-salud","15":"product_cat-te-verde","17":"first","18":"instock","19":"sale","20":"shipping-taxable","21":"purchasable","22":"product-type-woosb","23":"add-to-wishlist-before_image"},"acf":[],"yoast_head":"<!-- This site is optimized with the Yoast SEO Premium plugin v27.1 (Yoast SEO v27.5) - https:\/\/yoast.com\/product\/yoast-seo-premium-wordpress\/ -->\n<title>Drenalight Detox Pack Llevo 4 Pago 3 - Lifenatura<\/title>\n<meta name=\"description\" content=\"Drenalight Detox pack Llevo 4 Pago 3 es el suplemento para limpiar su cuerpo causado por comer en exceso por el tabaco y la contaminaci\u00f3n.\" \/>\n<meta name=\"robots\" content=\"index, follow, max-snippet:-1, max-image-preview:large, max-video-preview:-1\" \/>\n<link rel=\"canonical\" href=\"https:\/\/www.lifenatura.com\/es\/produto\/drenalight-detox-pack-dietmed\/\" \/>\n<meta property=\"og:locale\" content=\"es_ES\" \/>\n<meta property=\"og:type\" content=\"article\" \/>\n<meta property=\"og:title\" content=\"Drenalight Detox Pack Llevo 4 Pago 3 - Na Lifenatura ao Melhor Pre\u00e7o | Envio 48h\" \/>\n<meta property=\"og:description\" content=\"Compre Drenalight Detox Pack Llevo 4 Pago 3 com envio r\u00e1pido. Entrega em 48h e portes gr\u00e1tis em compras &gt;35\u20ac. Aproveite j\u00e1 na Lifenatura\" \/>\n<meta property=\"og:url\" content=\"https:\/\/www.lifenatura.com\/es\/produto\/drenalight-detox-pack-dietmed\/\" \/>\n<meta property=\"og:site_name\" content=\"Lifenatura\" \/>\n<meta property=\"article:publisher\" content=\"https:\/\/www.facebook.com\/lifenatura\" \/>\n<meta property=\"article:modified_time\" content=\"2026-03-29T19:22:05+00:00\" \/>\n<meta property=\"og:image\" content=\"https:\/\/www.lifenatura.com\/wp-content\/uploads\/2021\/09\/drenalight-detox-l4p3.jpg\" \/>\n\t<meta property=\"og:image:width\" content=\"1000\" \/>\n\t<meta property=\"og:image:height\" content=\"1000\" \/>\n\t<meta property=\"og:image:type\" content=\"image\/jpeg\" \/>\n<meta name=\"twitter:card\" content=\"summary_large_image\" \/>\n<meta name=\"twitter:label1\" content=\"Precio\" \/>\n\t<meta name=\"twitter:data1\" content=\"73,40&nbsp;&euro;\" \/>\n\t<meta name=\"twitter:label2\" content=\"Disponibilidad\" \/>\n\t<meta name=\"twitter:data2\" content=\"Disponible\" \/>\n<script type=\"application\/ld+json\" class=\"yoast-schema-graph\">{\"@context\":\"https:\\\/\\\/schema.org\",\"@graph\":[{\"@type\":\"WebPage\",\"@id\":\"https:\\\/\\\/www.lifenatura.com\\\/es\\\/produto\\\/drenalight-detox-pack-dietmed\\\/\",\"url\":\"https:\\\/\\\/www.lifenatura.com\\\/es\\\/produto\\\/drenalight-detox-pack-dietmed\\\/\",\"name\":\"Drenalight Detox Pack Llevo 4 Pago 3 - Lifenatura\",\"isPartOf\":{\"@id\":\"https:\\\/\\\/www.lifenatura.com\\\/es\\\/#website\"},\"primaryImageOfPage\":{\"@id\":\"https:\\\/\\\/www.lifenatura.com\\\/es\\\/produto\\\/drenalight-detox-pack-dietmed\\\/#primaryimage\"},\"image\":{\"@id\":\"https:\\\/\\\/www.lifenatura.com\\\/es\\\/produto\\\/drenalight-detox-pack-dietmed\\\/#primaryimage\"},\"thumbnailUrl\":\"https:\\\/\\\/www.lifenatura.com\\\/wp-content\\\/uploads\\\/2021\\\/09\\\/drenalight-detox-l4p3.jpg\",\"datePublished\":\"2021-09-30T09:49:23+00:00\",\"dateModified\":\"2026-03-29T19:22:05+00:00\",\"description\":\"Drenalight Detox pack Llevo 4 Pago 3 es el suplemento para limpiar su cuerpo causado por comer en exceso por el tabaco y la contaminaci\u00f3n.\",\"breadcrumb\":{\"@id\":\"https:\\\/\\\/www.lifenatura.com\\\/es\\\/produto\\\/drenalight-detox-pack-dietmed\\\/#breadcrumb\"},\"inLanguage\":\"es\",\"potentialAction\":[{\"@type\":\"ReadAction\",\"target\":[\"https:\\\/\\\/www.lifenatura.com\\\/es\\\/produto\\\/drenalight-detox-pack-dietmed\\\/\"]}]},{\"@type\":\"ImageObject\",\"inLanguage\":\"es\",\"@id\":\"https:\\\/\\\/www.lifenatura.com\\\/es\\\/produto\\\/drenalight-detox-pack-dietmed\\\/#primaryimage\",\"url\":\"https:\\\/\\\/www.lifenatura.com\\\/wp-content\\\/uploads\\\/2021\\\/09\\\/drenalight-detox-l4p3.jpg\",\"contentUrl\":\"https:\\\/\\\/www.lifenatura.com\\\/wp-content\\\/uploads\\\/2021\\\/09\\\/drenalight-detox-l4p3.jpg\",\"width\":1000,\"height\":1000,\"caption\":\"Drenalight detox pack Leve 4 Pague 3\"},{\"@type\":\"BreadcrumbList\",\"@id\":\"https:\\\/\\\/www.lifenatura.com\\\/es\\\/produto\\\/drenalight-detox-pack-dietmed\\\/#breadcrumb\",\"itemListElement\":[{\"@type\":\"ListItem\",\"position\":1,\"name\":\"In\u00edcio\",\"item\":\"https:\\\/\\\/www.lifenatura.com\\\/es\\\/\"},{\"@type\":\"ListItem\",\"position\":2,\"name\":\"Todos los Productos\",\"item\":\"https:\\\/\\\/www.lifenatura.com\\\/es\\\/tienda\\\/\"},{\"@type\":\"ListItem\",\"position\":3,\"name\":\"Drenalight Detox Pack Llevo 4 Pago 3\"}]},{\"@type\":\"WebSite\",\"@id\":\"https:\\\/\\\/www.lifenatura.com\\\/es\\\/#website\",\"url\":\"https:\\\/\\\/www.lifenatura.com\\\/es\\\/\",\"name\":\"Lifenatura\",\"description\":\"A Lifenatura \u00e9 uma loja de produtos naturais, cosm\u00e9tica natural e alimenta\u00e7\u00e3o Biol\u00f3gica.\",\"publisher\":{\"@id\":\"https:\\\/\\\/www.lifenatura.com\\\/es\\\/#organization\"},\"potentialAction\":[{\"@type\":\"SearchAction\",\"target\":{\"@type\":\"EntryPoint\",\"urlTemplate\":\"https:\\\/\\\/www.lifenatura.com\\\/es\\\/?s={search_term_string}\"},\"query-input\":{\"@type\":\"PropertyValueSpecification\",\"valueRequired\":true,\"valueName\":\"search_term_string\"}}],\"inLanguage\":\"es\"},{\"@type\":\"Organization\",\"@id\":\"https:\\\/\\\/www.lifenatura.com\\\/es\\\/#organization\",\"name\":\"Lifenatura\",\"url\":\"https:\\\/\\\/www.lifenatura.com\\\/es\\\/\",\"logo\":{\"@type\":\"ImageObject\",\"inLanguage\":\"es\",\"@id\":\"https:\\\/\\\/www.lifenatura.com\\\/es\\\/#\\\/schema\\\/logo\\\/image\\\/\",\"url\":\"https:\\\/\\\/www.lifenatura.com\\\/wp-content\\\/uploads\\\/2021\\\/07\\\/logo.png\",\"contentUrl\":\"https:\\\/\\\/www.lifenatura.com\\\/wp-content\\\/uploads\\\/2021\\\/07\\\/logo.png\",\"width\":175,\"height\":55,\"caption\":\"Lifenatura\"},\"image\":{\"@id\":\"https:\\\/\\\/www.lifenatura.com\\\/es\\\/#\\\/schema\\\/logo\\\/image\\\/\"},\"sameAs\":[\"https:\\\/\\\/www.facebook.com\\\/lifenatura\",\"https:\\\/\\\/www.instagram.com\\\/lifenaturapt\\\/\"],\"hasMerchantReturnPolicy\":{\"@type\":\"MerchantReturnPolicy\",\"merchantReturnLink\":\"https:\\\/\\\/www.lifenatura.com\\\/termos-condicoes-lifenatura\\\/\"}}]}<\/script>\n<meta property=\"product:price:amount\" content=\"73.40\" \/>\n<meta property=\"product:price:currency\" content=\"EUR\" \/>\n<meta property=\"og:availability\" content=\"instock\" \/>\n<meta property=\"product:availability\" content=\"instock\" \/>\n<meta property=\"product:retailer_item_id\" content=\"56054811021966\" \/>\n<meta property=\"product:condition\" content=\"new\" \/>\n<!-- \/ Yoast SEO Premium plugin. -->","yoast_head_json":{"title":"Drenalight Detox Pack Llevo 4 Pago 3 - Lifenatura","description":"Drenalight Detox pack Llevo 4 Pago 3 es el suplemento para limpiar su cuerpo causado por comer en exceso por el tabaco y la contaminaci\u00f3n.","robots":{"index":"index","follow":"follow","max-snippet":"max-snippet:-1","max-image-preview":"max-image-preview:large","max-video-preview":"max-video-preview:-1"},"canonical":"https:\/\/www.lifenatura.com\/es\/produto\/drenalight-detox-pack-dietmed\/","og_locale":"es_ES","og_type":"article","og_title":"Drenalight Detox Pack Llevo 4 Pago 3 - Na Lifenatura ao Melhor Pre\u00e7o | Envio 48h","og_description":"Compre Drenalight Detox Pack Llevo 4 Pago 3 com envio r\u00e1pido. Entrega em 48h e portes gr\u00e1tis em compras >35\u20ac. Aproveite j\u00e1 na Lifenatura","og_url":"https:\/\/www.lifenatura.com\/es\/produto\/drenalight-detox-pack-dietmed\/","og_site_name":"Lifenatura","article_publisher":"https:\/\/www.facebook.com\/lifenatura","article_modified_time":"2026-03-29T19:22:05+00:00","og_image":[{"width":1000,"height":1000,"url":"https:\/\/www.lifenatura.com\/wp-content\/uploads\/2021\/09\/drenalight-detox-l4p3.jpg","type":"image\/jpeg"}],"twitter_card":"summary_large_image","twitter_misc":{"Precio":"73,40&nbsp;&euro;","Disponibilidad":"Disponible"},"schema":{"@context":"https:\/\/schema.org","@graph":[{"@type":"WebPage","@id":"https:\/\/www.lifenatura.com\/es\/produto\/drenalight-detox-pack-dietmed\/","url":"https:\/\/www.lifenatura.com\/es\/produto\/drenalight-detox-pack-dietmed\/","name":"Drenalight Detox Pack Llevo 4 Pago 3 - Lifenatura","isPartOf":{"@id":"https:\/\/www.lifenatura.com\/es\/#website"},"primaryImageOfPage":{"@id":"https:\/\/www.lifenatura.com\/es\/produto\/drenalight-detox-pack-dietmed\/#primaryimage"},"image":{"@id":"https:\/\/www.lifenatura.com\/es\/produto\/drenalight-detox-pack-dietmed\/#primaryimage"},"thumbnailUrl":"https:\/\/www.lifenatura.com\/wp-content\/uploads\/2021\/09\/drenalight-detox-l4p3.jpg","datePublished":"2021-09-30T09:49:23+00:00","dateModified":"2026-03-29T19:22:05+00:00","description":"Drenalight Detox pack Llevo 4 Pago 3 es el suplemento para limpiar su cuerpo causado por comer en exceso por el tabaco y la contaminaci\u00f3n.","breadcrumb":{"@id":"https:\/\/www.lifenatura.com\/es\/produto\/drenalight-detox-pack-dietmed\/#breadcrumb"},"inLanguage":"es","potentialAction":[{"@type":"ReadAction","target":["https:\/\/www.lifenatura.com\/es\/produto\/drenalight-detox-pack-dietmed\/"]}]},{"@type":"ImageObject","inLanguage":"es","@id":"https:\/\/www.lifenatura.com\/es\/produto\/drenalight-detox-pack-dietmed\/#primaryimage","url":"https:\/\/www.lifenatura.com\/wp-content\/uploads\/2021\/09\/drenalight-detox-l4p3.jpg","contentUrl":"https:\/\/www.lifenatura.com\/wp-content\/uploads\/2021\/09\/drenalight-detox-l4p3.jpg","width":1000,"height":1000,"caption":"Drenalight detox pack Leve 4 Pague 3"},{"@type":"BreadcrumbList","@id":"https:\/\/www.lifenatura.com\/es\/produto\/drenalight-detox-pack-dietmed\/#breadcrumb","itemListElement":[{"@type":"ListItem","position":1,"name":"In\u00edcio","item":"https:\/\/www.lifenatura.com\/es\/"},{"@type":"ListItem","position":2,"name":"Todos los Productos","item":"https:\/\/www.lifenatura.com\/es\/tienda\/"},{"@type":"ListItem","position":3,"name":"Drenalight Detox Pack Llevo 4 Pago 3"}]},{"@type":"WebSite","@id":"https:\/\/www.lifenatura.com\/es\/#website","url":"https:\/\/www.lifenatura.com\/es\/","name":"Lifenatura","description":"A Lifenatura \u00e9 uma loja de produtos naturais, cosm\u00e9tica natural e alimenta\u00e7\u00e3o Biol\u00f3gica.","publisher":{"@id":"https:\/\/www.lifenatura.com\/es\/#organization"},"potentialAction":[{"@type":"SearchAction","target":{"@type":"EntryPoint","urlTemplate":"https:\/\/www.lifenatura.com\/es\/?s={search_term_string}"},"query-input":{"@type":"PropertyValueSpecification","valueRequired":true,"valueName":"search_term_string"}}],"inLanguage":"es"},{"@type":"Organization","@id":"https:\/\/www.lifenatura.com\/es\/#organization","name":"Lifenatura","url":"https:\/\/www.lifenatura.com\/es\/","logo":{"@type":"ImageObject","inLanguage":"es","@id":"https:\/\/www.lifenatura.com\/es\/#\/schema\/logo\/image\/","url":"https:\/\/www.lifenatura.com\/wp-content\/uploads\/2021\/07\/logo.png","contentUrl":"https:\/\/www.lifenatura.com\/wp-content\/uploads\/2021\/07\/logo.png","width":175,"height":55,"caption":"Lifenatura"},"image":{"@id":"https:\/\/www.lifenatura.com\/es\/#\/schema\/logo\/image\/"},"sameAs":["https:\/\/www.facebook.com\/lifenatura","https:\/\/www.instagram.com\/lifenaturapt\/"],"hasMerchantReturnPolicy":{"@type":"MerchantReturnPolicy","merchantReturnLink":"https:\/\/www.lifenatura.com\/termos-condicoes-lifenatura\/"}}]},"product_price_amount":"73.40","product_price_currency":"EUR","og_availability":"instock","product_availability":"instock","product_retailer_item_id":"56054811021966","product_condition":"new"},"df_price":73.4,"df_sale_price":73.41,"df_regular_price":122.32,"df_image_link":"https:\/\/www.lifenatura.com\/wp-content\/uploads\/2021\/09\/drenalight-detox-l4p3-300x300.jpg","_links":{"self":[{"href":"https:\/\/www.lifenatura.com\/es\/wp-json\/wp\/v2\/product\/37477","targetHints":{"allow":["GET"]}}],"collection":[{"href":"https:\/\/www.lifenatura.com\/es\/wp-json\/wp\/v2\/product"}],"about":[{"href":"https:\/\/www.lifenatura.com\/es\/wp-json\/wp\/v2\/types\/product"}],"wp:featuredmedia":[{"embeddable":true,"href":"https:\/\/www.lifenatura.com\/es\/wp-json\/wp\/v2\/media\/112630"}],"wp:attachment":[{"href":"https:\/\/www.lifenatura.com\/es\/wp-json\/wp\/v2\/media?parent=37477"}],"wp:term":[{"taxonomy":"product_brand","embeddable":true,"href":"https:\/\/www.lifenatura.com\/es\/wp-json\/wp\/v2\/product_brand?post=37477"},{"taxonomy":"product_cat","embeddable":true,"href":"https:\/\/www.lifenatura.com\/es\/wp-json\/wp\/v2\/product_cat?post=37477"},{"taxonomy":"product_tag","embeddable":true,"href":"https:\/\/www.lifenatura.com\/es\/wp-json\/wp\/v2\/product_tag?post=37477"}],"curies":[{"name":"wp","href":"https:\/\/api.w.org\/{rel}","templated":true}]}}