{"id":37461,"date":"2021-09-30T09:49:02","date_gmt":"2021-09-30T09:49:02","guid":{"rendered":"https:\/\/lifenatura.dev.agenciagetdigital.com\/produto\/chlorella-bio-90-g-superalimentos-drasanvi\/"},"modified":"2026-01-22T06:49:43","modified_gmt":"2026-01-22T06:49:43","slug":"chlorella-bio-90-g-superalimentos-drasanvi","status":"publish","type":"product","link":"https:\/\/www.lifenatura.com\/es\/produto\/chlorella-bio-90-g-superalimentos-drasanvi\/","title":{"rendered":"Chlorella Bio 90 g &#8211; SuperAlimentos Drasanvi"},"content":{"rendered":"<p>Chlorella: Superalimento proteico La Chlorella Bio es un alga unicelular pero su peque\u00f1o tama\u00f1o no est\u00e1 relacionado con su interesante valor nutricional. Es rico en prote\u00ednas, que es una excelente fuente de Amino\u00e1cidos, Vitaminas (\u00c1cido Pantot\u00e9nico, \u00c1cido F\u00f3lico, Biotina, Vitamina B2 y B12) y minerales (Hierro, Zinc y F\u00f3sforo). Las algas Chlorella se recolectan en agua clara, lo que garantiza la ausencia de sustancias contaminantes. Una vez recolectadas, las paredes celulares se rompen para que las prote\u00ednas, vitaminas y minerales sean m\u00e1s accesibles. Ideal para hacer zumos y batidos. Recomendado para deportistas. PRESENTACI\u00d3N 90g<\/p>\n","protected":false},"excerpt":{"rendered":"<p>Chlorella: Superalimento proteico La Chlorella Bio es un alga unicelular pero su peque\u00f1o tama\u00f1o no est\u00e1 relacionado con su interesante valor nutricional. Es rico en prote\u00ednas, que es una excelente fuente de Amino\u00e1cidos, Vitaminas (\u00c1cido Pantot\u00e9nico, \u00c1cido F\u00f3lico, Biotina, Vitamina B2 y B12) y minerales (Hierro, Zinc y F\u00f3sforo). Las algas Chlorella se recolectan en [&#8230;]<\/p>\n<p><a class=\"btn btn-secondary understrap-read-more-link\" href=\"https:\/\/www.lifenatura.com\/es\/produto\/chlorella-bio-90-g-superalimentos-drasanvi\/\">Leer m\u00e1s&#8230;<span class=\"screen-reader-text\"> from Chlorella Bio 90 g &#8211; SuperAlimentos Drasanvi<\/span><\/a><\/p>\n","protected":false},"featured_media":19067,"template":"","meta":{"_acf_changed":false},"product_brand":[8498],"product_cat":[7064,7160,7659,7100],"product_tag":[],"class_list":{"0":"post-37461","1":"product","2":"type-product","3":"status-publish","4":"has-post-thumbnail","6":"product_brand-drasanvi","7":"product_cat-alimentacion-sana","8":"product_cat-chlorella","9":"product_cat-ingrediente-natural-bio","10":"product_cat-superalimentos-bio","12":"first","13":"instock","14":"shipping-taxable","15":"purchasable","16":"product-type-simple","17":"add-to-wishlist-before_image"},"acf":[],"yoast_head":"<!-- This site is optimized with the Yoast SEO Premium plugin v27.1 (Yoast SEO v27.4) - https:\/\/yoast.com\/product\/yoast-seo-premium-wordpress\/ -->\n<title>Chlorella Bio 90 g - SuperAlimentos Drasanvi<\/title>\n<meta name=\"description\" content=\"Chlorella Bio es rico en prote\u00ednas, que es una excelente fuente de Amino\u00e1cidos, vitaminas (\u00c1cido Pantot\u00e9nico, \u00c1cido F\u00f3lico, Biotina, Vitamina B2 y B12) y minerales\" \/>\n<meta name=\"robots\" content=\"index, follow, max-snippet:-1, max-image-preview:large, max-video-preview:-1\" \/>\n<link rel=\"canonical\" href=\"https:\/\/www.lifenatura.com\/es\/produto\/chlorella-bio-90-g-superalimentos-drasanvi\/\" \/>\n<meta property=\"og:locale\" content=\"es_ES\" \/>\n<meta property=\"og:type\" content=\"article\" \/>\n<meta property=\"og:title\" content=\"Chlorella Bio 90 g - SuperAlimentos Drasanvi - Lifenatura\" \/>\n<meta property=\"og:description\" content=\"Compre aqui o seu Chlorella Bio 90 g - SuperAlimentos Drasanvi e a Lifenatura Online envia em 48 H com Portes Gratis &gt;35\u20ac de Pedido.\" \/>\n<meta property=\"og:url\" content=\"https:\/\/www.lifenatura.com\/es\/produto\/chlorella-bio-90-g-superalimentos-drasanvi\/\" \/>\n<meta property=\"og:site_name\" content=\"Lifenatura\" \/>\n<meta property=\"article:publisher\" content=\"https:\/\/www.facebook.com\/lifenatura\" \/>\n<meta property=\"article:modified_time\" content=\"2026-01-22T06:49:43+00:00\" \/>\n<meta property=\"og:image\" content=\"https:\/\/www.lifenatura.com\/wp-content\/uploads\/2021\/09\/gd_clorela_superalimentos_drasanvi.jpg\" \/>\n\t<meta property=\"og:image:width\" content=\"1000\" \/>\n\t<meta property=\"og:image:height\" content=\"1000\" \/>\n\t<meta property=\"og:image:type\" content=\"image\/jpeg\" \/>\n<meta name=\"twitter:card\" content=\"summary_large_image\" \/>\n<meta name=\"twitter:label1\" content=\"Precio\" \/>\n\t<meta name=\"twitter:data1\" content=\"5,67&nbsp;&euro;\" \/>\n\t<meta name=\"twitter:label2\" content=\"Disponibilidad\" \/>\n\t<meta name=\"twitter:data2\" content=\"Disponible\" \/>\n<meta property=\"product:price:amount\" content=\"5.67\" \/>\n<meta property=\"product:price:currency\" content=\"EUR\" \/>\n<meta property=\"og:availability\" content=\"instock\" \/>\n<meta property=\"product:availability\" content=\"instock\" \/>\n<meta property=\"product:retailer_item_id\" content=\"8436044516092\" \/>\n<meta property=\"product:condition\" content=\"new\" \/>\n<!-- \/ Yoast SEO Premium plugin. -->","yoast_head_json":{"title":"Chlorella Bio 90 g - SuperAlimentos Drasanvi","description":"Chlorella Bio es rico en prote\u00ednas, que es una excelente fuente de Amino\u00e1cidos, vitaminas (\u00c1cido Pantot\u00e9nico, \u00c1cido F\u00f3lico, Biotina, Vitamina B2 y B12) y minerales","robots":{"index":"index","follow":"follow","max-snippet":"max-snippet:-1","max-image-preview":"max-image-preview:large","max-video-preview":"max-video-preview:-1"},"canonical":"https:\/\/www.lifenatura.com\/es\/produto\/chlorella-bio-90-g-superalimentos-drasanvi\/","og_locale":"es_ES","og_type":"article","og_title":"Chlorella Bio 90 g - SuperAlimentos Drasanvi - Lifenatura","og_description":"Compre aqui o seu Chlorella Bio 90 g - SuperAlimentos Drasanvi e a Lifenatura Online envia em 48 H com Portes Gratis >35\u20ac de Pedido.","og_url":"https:\/\/www.lifenatura.com\/es\/produto\/chlorella-bio-90-g-superalimentos-drasanvi\/","og_site_name":"Lifenatura","article_publisher":"https:\/\/www.facebook.com\/lifenatura","article_modified_time":"2026-01-22T06:49:43+00:00","og_image":[{"width":1000,"height":1000,"url":"https:\/\/www.lifenatura.com\/wp-content\/uploads\/2021\/09\/gd_clorela_superalimentos_drasanvi.jpg","type":"image\/jpeg"}],"twitter_card":"summary_large_image","twitter_misc":{"Precio":"5,67&nbsp;&euro;","Disponibilidad":"Disponible"},"schema":{"@context":"https:\/\/schema.org","@graph":[{"@type":"WebPage","@id":"https:\/\/www.lifenatura.com\/es\/produto\/chlorella-bio-90-g-superalimentos-drasanvi\/","url":"https:\/\/www.lifenatura.com\/es\/produto\/chlorella-bio-90-g-superalimentos-drasanvi\/","name":"Chlorella Bio 90 g - SuperAlimentos Drasanvi","isPartOf":{"@id":"https:\/\/www.lifenatura.com\/es\/#website"},"primaryImageOfPage":{"@id":"https:\/\/www.lifenatura.com\/es\/produto\/chlorella-bio-90-g-superalimentos-drasanvi\/#primaryimage"},"image":{"@id":"https:\/\/www.lifenatura.com\/es\/produto\/chlorella-bio-90-g-superalimentos-drasanvi\/#primaryimage"},"thumbnailUrl":"https:\/\/www.lifenatura.com\/wp-content\/uploads\/2021\/09\/gd_clorela_superalimentos_drasanvi.jpg","datePublished":"2021-09-30T09:49:02+00:00","dateModified":"2026-01-22T06:49:43+00:00","description":"Chlorella Bio es rico en prote\u00ednas, que es una excelente fuente de Amino\u00e1cidos, vitaminas (\u00c1cido Pantot\u00e9nico, \u00c1cido F\u00f3lico, Biotina, Vitamina B2 y B12) y minerales","breadcrumb":{"@id":"https:\/\/www.lifenatura.com\/es\/produto\/chlorella-bio-90-g-superalimentos-drasanvi\/#breadcrumb"},"inLanguage":"es","potentialAction":[{"@type":"ReadAction","target":["https:\/\/www.lifenatura.com\/es\/produto\/chlorella-bio-90-g-superalimentos-drasanvi\/"]}]},{"@type":"ImageObject","inLanguage":"es","@id":"https:\/\/www.lifenatura.com\/es\/produto\/chlorella-bio-90-g-superalimentos-drasanvi\/#primaryimage","url":"https:\/\/www.lifenatura.com\/wp-content\/uploads\/2021\/09\/gd_clorela_superalimentos_drasanvi.jpg","contentUrl":"https:\/\/www.lifenatura.com\/wp-content\/uploads\/2021\/09\/gd_clorela_superalimentos_drasanvi.jpg","width":1000,"height":1000,"caption":"Chlorella Bio 90 g - SuperAlimentos Drasanvi"},{"@type":"BreadcrumbList","@id":"https:\/\/www.lifenatura.com\/es\/produto\/chlorella-bio-90-g-superalimentos-drasanvi\/#breadcrumb","itemListElement":[{"@type":"ListItem","position":1,"name":"In\u00edcio","item":"https:\/\/www.lifenatura.com\/es\/"},{"@type":"ListItem","position":2,"name":"Todos los Productos","item":"https:\/\/www.lifenatura.com\/es\/tienda\/"},{"@type":"ListItem","position":3,"name":"Chlorella Bio 90 g &#8211; SuperAlimentos Drasanvi"}]},{"@type":"WebSite","@id":"https:\/\/www.lifenatura.com\/es\/#website","url":"https:\/\/www.lifenatura.com\/es\/","name":"Lifenatura","description":"A Lifenatura \u00e9 uma loja de produtos naturais, cosm\u00e9tica natural e alimenta\u00e7\u00e3o Biol\u00f3gica.","publisher":{"@id":"https:\/\/www.lifenatura.com\/es\/#organization"},"potentialAction":[{"@type":"SearchAction","target":{"@type":"EntryPoint","urlTemplate":"https:\/\/www.lifenatura.com\/es\/?s={search_term_string}"},"query-input":{"@type":"PropertyValueSpecification","valueRequired":true,"valueName":"search_term_string"}}],"inLanguage":"es"},{"@type":"Organization","@id":"https:\/\/www.lifenatura.com\/es\/#organization","name":"Lifenatura","url":"https:\/\/www.lifenatura.com\/es\/","logo":{"@type":"ImageObject","inLanguage":"es","@id":"https:\/\/www.lifenatura.com\/es\/#\/schema\/logo\/image\/","url":"https:\/\/www.lifenatura.com\/wp-content\/uploads\/2021\/11\/logo.png","contentUrl":"https:\/\/www.lifenatura.com\/wp-content\/uploads\/2021\/11\/logo.png","width":175,"height":55,"caption":"Lifenatura"},"image":{"@id":"https:\/\/www.lifenatura.com\/es\/#\/schema\/logo\/image\/"},"sameAs":["https:\/\/www.facebook.com\/lifenatura","https:\/\/www.instagram.com\/lifenaturapt\/"]}]},"product_price_amount":"5.67","product_price_currency":"EUR","og_availability":"instock","product_availability":"instock","product_retailer_item_id":"8436044516092","product_condition":"new"},"df_price":5.67,"df_sale_price":5.67,"df_regular_price":9.45,"df_image_link":"https:\/\/www.lifenatura.com\/wp-content\/uploads\/2021\/09\/gd_clorela_superalimentos_drasanvi-300x300.jpg","_links":{"self":[{"href":"https:\/\/www.lifenatura.com\/es\/wp-json\/wp\/v2\/product\/37461","targetHints":{"allow":["GET"]}}],"collection":[{"href":"https:\/\/www.lifenatura.com\/es\/wp-json\/wp\/v2\/product"}],"about":[{"href":"https:\/\/www.lifenatura.com\/es\/wp-json\/wp\/v2\/types\/product"}],"wp:featuredmedia":[{"embeddable":true,"href":"https:\/\/www.lifenatura.com\/es\/wp-json\/wp\/v2\/media\/19067"}],"wp:attachment":[{"href":"https:\/\/www.lifenatura.com\/es\/wp-json\/wp\/v2\/media?parent=37461"}],"wp:term":[{"taxonomy":"product_brand","embeddable":true,"href":"https:\/\/www.lifenatura.com\/es\/wp-json\/wp\/v2\/product_brand?post=37461"},{"taxonomy":"product_cat","embeddable":true,"href":"https:\/\/www.lifenatura.com\/es\/wp-json\/wp\/v2\/product_cat?post=37461"},{"taxonomy":"product_tag","embeddable":true,"href":"https:\/\/www.lifenatura.com\/es\/wp-json\/wp\/v2\/product_tag?post=37461"}],"curies":[{"name":"wp","href":"https:\/\/api.w.org\/{rel}","templated":true}]}}