{"id":37460,"date":"2021-09-30T09:49:02","date_gmt":"2021-09-30T09:49:02","guid":{"rendered":"https:\/\/lifenatura.dev.agenciagetdigital.com\/produto\/brocoli-bio-150-g-superalimentos-drasanvi\/"},"modified":"2024-06-13T07:21:41","modified_gmt":"2024-06-13T07:21:41","slug":"brocoli-bio-150-g-superalimentos-drasanvi","status":"publish","type":"product","link":"https:\/\/www.lifenatura.com\/es\/produto\/brocoli-bio-150-g-superalimentos-drasanvi\/","title":{"rendered":"Br\u00f3coli Bio 150 g &#8211; SuperAlimentos Drasanvi"},"content":{"rendered":"<h2 style=\"text-align: left;\"><strong>Br\u00f3coli ecol\u00f3gico en polvo con alto contenido en fibra<\/strong><\/h2>\n<p>&nbsp;<\/p>\n<p>El br\u00f3coli en polvo se elabora a partir de plantas reci\u00e9n cosechadas en granjas ecol\u00f3gicas certificadas y se considera un superalimento. Los tallos y las flores se lavan, secan y trituran para producir un polvo fino de alta calidad.<\/p>\n<p>El Br\u00f3coli Ecol\u00f3gico Drasanvi es una excelente opci\u00f3n para cualquiera que desee incorporar a su dieta alimentos ecol\u00f3gicos y altamente nutritivos. Cultivado sin pesticidas ni fertilizantes qu\u00edmicos, este br\u00e9col conserva todas sus propiedades naturales y ofrece un sabor fresco y aut\u00e9ntico.<\/p>\n<p>Rico en vitaminas, minerales y antioxidantes, el br\u00e9col ecol\u00f3gico Drasanvi es ideal para una dieta sana y equilibrada. Perfecto para a\u00f1adir a ensaladas, sopas, platos principales o como guarnici\u00f3n, este br\u00f3coli es una opci\u00f3n sabrosa y nutritiva para toda la familia.<\/p>\n<p>Este superalimento tiene un alto contenido en fibra (27,64 g por 100 g). Contiene una importante fuente de prote\u00ednas, concretamente el 43% del valor energ\u00e9tico, lo que convierte al br\u00f3coli en una fant\u00e1stica opci\u00f3n para un saludable batido de prote\u00ednas.<\/p>\n<p><strong>Principales beneficios:<\/strong><\/p>\n<ul>\n<li><strong>Rico en vitaminas y minerales:<\/strong> Aportan una alta concentraci\u00f3n de vitaminas C, K y A, adem\u00e1s de minerales como el calcio, el hierro y el potasio, esenciales para el buen funcionamiento del organismo.<\/li>\n<li><strong>Potentes antioxidantes:<\/strong> Contienen sulforafano y otros antioxidantes que ayudan a combatir los radicales libres, protegiendo las c\u00e9lulas del cuerpo contra el estr\u00e9s oxidativo.<br \/>\n<strong>Apoyo al sistema inmunitario:<\/strong> Las vitaminas y antioxidantes del br\u00f3coli fortalecen el sistema inmunitario, ayudando a prevenir enfermedades.<\/li>\n<\/ul>\n<p>Tambi\u00e9n contiene vitamina C, que ayuda al buen funcionamiento del sistema inmunitario y protege las c\u00e9lulas contra el da\u00f1o oxidativo.<\/p>\n<p><strong>PRESENTACI\u00d3N<\/strong><\/p>\n<p>150g<\/p>\n<p>&nbsp;<\/p>\n","protected":false},"excerpt":{"rendered":"<p>El Br\u00f3coli Ecol\u00f3gico Drasanvi es la elecci\u00f3n perfecta para todo aquel que quiera a\u00f1adir un superalimento ecol\u00f3gico y nutritivo a su dieta. [&#8230;]<\/p>\n<p><a class=\"btn btn-secondary understrap-read-more-link\" href=\"https:\/\/www.lifenatura.com\/es\/produto\/brocoli-bio-150-g-superalimentos-drasanvi\/\">Leer m\u00e1s&#8230;<span class=\"screen-reader-text\"> from Br\u00f3coli Bio 150 g &#8211; SuperAlimentos Drasanvi<\/span><\/a><\/p>\n","protected":false},"featured_media":19066,"template":"","meta":{"_acf_changed":false},"product_brand":[8498],"product_cat":[7064,7100],"product_tag":[],"class_list":{"0":"post-37460","1":"product","2":"type-product","3":"status-publish","4":"has-post-thumbnail","6":"product_brand-drasanvi","7":"product_cat-alimentacion-sana","8":"product_cat-superalimentos-bio","9":"pa_caracteristicas-biologico","11":"first","12":"outofstock","13":"shipping-taxable","14":"purchasable","15":"product-type-simple","16":"add-to-wishlist-before_image"},"acf":[],"yoast_head":"<!-- This site is optimized with the Yoast SEO Premium plugin v27.1 (Yoast SEO v27.5) - https:\/\/yoast.com\/product\/yoast-seo-premium-wordpress\/ -->\n<title>Br\u00f3coli Bio SuperAlimentos Drasanvi - Lifenatura<\/title>\n<meta name=\"description\" content=\"El Br\u00f3coli Ecol\u00f3gico Drasanvi es la elecci\u00f3n perfecta para todo aquel que quiera a\u00f1adir un superalimento ecol\u00f3gico y nutritivo a su dieta.\" \/>\n<meta name=\"robots\" content=\"index, follow, max-snippet:-1, max-image-preview:large, max-video-preview:-1\" \/>\n<link rel=\"canonical\" href=\"https:\/\/www.lifenatura.com\/es\/produto\/brocoli-bio-150-g-superalimentos-drasanvi\/\" \/>\n<meta property=\"og:locale\" content=\"es_ES\" \/>\n<meta property=\"og:type\" content=\"article\" \/>\n<meta property=\"og:title\" content=\"Br\u00f3coli Bio 150 g - SuperAlimentos Drasanvi - Na Lifenatura ao Melhor Pre\u00e7o | Envio 48h\" \/>\n<meta property=\"og:description\" content=\"Compre Br\u00f3coli Bio 150 g - SuperAlimentos Drasanvi com envio r\u00e1pido. Entrega em 48h e portes gr\u00e1tis em compras &gt;35\u20ac. Aproveite j\u00e1 na Lifenatura\" \/>\n<meta property=\"og:url\" content=\"https:\/\/www.lifenatura.com\/es\/produto\/brocoli-bio-150-g-superalimentos-drasanvi\/\" \/>\n<meta property=\"og:site_name\" content=\"Lifenatura\" \/>\n<meta property=\"article:publisher\" content=\"https:\/\/www.facebook.com\/lifenatura\" \/>\n<meta property=\"article:modified_time\" content=\"2024-06-13T07:21:41+00:00\" \/>\n<meta property=\"og:image\" content=\"https:\/\/www.lifenatura.com\/wp-content\/uploads\/2021\/09\/gd_brocolos_superalimentos_drasanvi.jpg\" \/>\n\t<meta property=\"og:image:width\" content=\"1000\" \/>\n\t<meta property=\"og:image:height\" content=\"1000\" \/>\n\t<meta property=\"og:image:type\" content=\"image\/jpeg\" \/>\n<meta name=\"twitter:card\" content=\"summary_large_image\" \/>\n<meta name=\"twitter:label1\" content=\"Precio\" \/>\n\t<meta name=\"twitter:data1\" content=\"11,49&nbsp;&euro;\" \/>\n\t<meta name=\"twitter:label2\" content=\"Disponibilidad\" \/>\n\t<meta name=\"twitter:data2\" content=\"Sin existencias\" \/>\n<script type=\"application\/ld+json\" class=\"yoast-schema-graph\">{\"@context\":\"https:\\\/\\\/schema.org\",\"@graph\":[{\"@type\":\"WebPage\",\"@id\":\"https:\\\/\\\/www.lifenatura.com\\\/es\\\/produto\\\/brocoli-bio-150-g-superalimentos-drasanvi\\\/\",\"url\":\"https:\\\/\\\/www.lifenatura.com\\\/es\\\/produto\\\/brocoli-bio-150-g-superalimentos-drasanvi\\\/\",\"name\":\"Br\u00f3coli Bio SuperAlimentos Drasanvi - Lifenatura\",\"isPartOf\":{\"@id\":\"https:\\\/\\\/www.lifenatura.com\\\/es\\\/#website\"},\"primaryImageOfPage\":{\"@id\":\"https:\\\/\\\/www.lifenatura.com\\\/es\\\/produto\\\/brocoli-bio-150-g-superalimentos-drasanvi\\\/#primaryimage\"},\"image\":{\"@id\":\"https:\\\/\\\/www.lifenatura.com\\\/es\\\/produto\\\/brocoli-bio-150-g-superalimentos-drasanvi\\\/#primaryimage\"},\"thumbnailUrl\":\"https:\\\/\\\/www.lifenatura.com\\\/wp-content\\\/uploads\\\/2021\\\/09\\\/gd_brocolos_superalimentos_drasanvi.jpg\",\"datePublished\":\"2021-09-30T09:49:02+00:00\",\"dateModified\":\"2024-06-13T07:21:41+00:00\",\"description\":\"El Br\u00f3coli Ecol\u00f3gico Drasanvi es la elecci\u00f3n perfecta para todo aquel que quiera a\u00f1adir un superalimento ecol\u00f3gico y nutritivo a su dieta.\",\"breadcrumb\":{\"@id\":\"https:\\\/\\\/www.lifenatura.com\\\/es\\\/produto\\\/brocoli-bio-150-g-superalimentos-drasanvi\\\/#breadcrumb\"},\"inLanguage\":\"es\",\"potentialAction\":[{\"@type\":\"ReadAction\",\"target\":[\"https:\\\/\\\/www.lifenatura.com\\\/es\\\/produto\\\/brocoli-bio-150-g-superalimentos-drasanvi\\\/\"]}]},{\"@type\":\"ImageObject\",\"inLanguage\":\"es\",\"@id\":\"https:\\\/\\\/www.lifenatura.com\\\/es\\\/produto\\\/brocoli-bio-150-g-superalimentos-drasanvi\\\/#primaryimage\",\"url\":\"https:\\\/\\\/www.lifenatura.com\\\/wp-content\\\/uploads\\\/2021\\\/09\\\/gd_brocolos_superalimentos_drasanvi.jpg\",\"contentUrl\":\"https:\\\/\\\/www.lifenatura.com\\\/wp-content\\\/uploads\\\/2021\\\/09\\\/gd_brocolos_superalimentos_drasanvi.jpg\",\"width\":1000,\"height\":1000,\"caption\":\"Br\u00f3coli Bio 150 g - SuperAlimentos Drasanvi\"},{\"@type\":\"BreadcrumbList\",\"@id\":\"https:\\\/\\\/www.lifenatura.com\\\/es\\\/produto\\\/brocoli-bio-150-g-superalimentos-drasanvi\\\/#breadcrumb\",\"itemListElement\":[{\"@type\":\"ListItem\",\"position\":1,\"name\":\"In\u00edcio\",\"item\":\"https:\\\/\\\/www.lifenatura.com\\\/es\\\/\"},{\"@type\":\"ListItem\",\"position\":2,\"name\":\"Todos los Productos\",\"item\":\"https:\\\/\\\/www.lifenatura.com\\\/es\\\/tienda\\\/\"},{\"@type\":\"ListItem\",\"position\":3,\"name\":\"Br\u00f3coli Bio 150 g &#8211; SuperAlimentos Drasanvi\"}]},{\"@type\":\"WebSite\",\"@id\":\"https:\\\/\\\/www.lifenatura.com\\\/es\\\/#website\",\"url\":\"https:\\\/\\\/www.lifenatura.com\\\/es\\\/\",\"name\":\"Lifenatura\",\"description\":\"A Lifenatura \u00e9 uma loja de produtos naturais, cosm\u00e9tica natural e alimenta\u00e7\u00e3o Biol\u00f3gica.\",\"publisher\":{\"@id\":\"https:\\\/\\\/www.lifenatura.com\\\/es\\\/#organization\"},\"potentialAction\":[{\"@type\":\"SearchAction\",\"target\":{\"@type\":\"EntryPoint\",\"urlTemplate\":\"https:\\\/\\\/www.lifenatura.com\\\/es\\\/?s={search_term_string}\"},\"query-input\":{\"@type\":\"PropertyValueSpecification\",\"valueRequired\":true,\"valueName\":\"search_term_string\"}}],\"inLanguage\":\"es\"},{\"@type\":\"Organization\",\"@id\":\"https:\\\/\\\/www.lifenatura.com\\\/es\\\/#organization\",\"name\":\"Lifenatura\",\"url\":\"https:\\\/\\\/www.lifenatura.com\\\/es\\\/\",\"logo\":{\"@type\":\"ImageObject\",\"inLanguage\":\"es\",\"@id\":\"https:\\\/\\\/www.lifenatura.com\\\/es\\\/#\\\/schema\\\/logo\\\/image\\\/\",\"url\":\"https:\\\/\\\/www.lifenatura.com\\\/wp-content\\\/uploads\\\/2021\\\/07\\\/logo.png\",\"contentUrl\":\"https:\\\/\\\/www.lifenatura.com\\\/wp-content\\\/uploads\\\/2021\\\/07\\\/logo.png\",\"width\":175,\"height\":55,\"caption\":\"Lifenatura\"},\"image\":{\"@id\":\"https:\\\/\\\/www.lifenatura.com\\\/es\\\/#\\\/schema\\\/logo\\\/image\\\/\"},\"sameAs\":[\"https:\\\/\\\/www.facebook.com\\\/lifenatura\",\"https:\\\/\\\/www.instagram.com\\\/lifenaturapt\\\/\"],\"hasMerchantReturnPolicy\":{\"@type\":\"MerchantReturnPolicy\",\"merchantReturnLink\":\"https:\\\/\\\/www.lifenatura.com\\\/termos-condicoes-lifenatura\\\/\"}}]}<\/script>\n<meta property=\"product:price:amount\" content=\"11.49\" \/>\n<meta property=\"product:price:currency\" content=\"EUR\" \/>\n<meta property=\"og:availability\" content=\"out of stock\" \/>\n<meta property=\"product:availability\" content=\"out of stock\" \/>\n<meta property=\"product:retailer_item_id\" content=\"8436044516221\" \/>\n<meta property=\"product:condition\" content=\"new\" \/>\n<!-- \/ Yoast SEO Premium plugin. -->","yoast_head_json":{"title":"Br\u00f3coli Bio SuperAlimentos Drasanvi - Lifenatura","description":"El Br\u00f3coli Ecol\u00f3gico Drasanvi es la elecci\u00f3n perfecta para todo aquel que quiera a\u00f1adir un superalimento ecol\u00f3gico y nutritivo a su dieta.","robots":{"index":"index","follow":"follow","max-snippet":"max-snippet:-1","max-image-preview":"max-image-preview:large","max-video-preview":"max-video-preview:-1"},"canonical":"https:\/\/www.lifenatura.com\/es\/produto\/brocoli-bio-150-g-superalimentos-drasanvi\/","og_locale":"es_ES","og_type":"article","og_title":"Br\u00f3coli Bio 150 g - SuperAlimentos Drasanvi - Na Lifenatura ao Melhor Pre\u00e7o | Envio 48h","og_description":"Compre Br\u00f3coli Bio 150 g - SuperAlimentos Drasanvi com envio r\u00e1pido. Entrega em 48h e portes gr\u00e1tis em compras >35\u20ac. Aproveite j\u00e1 na Lifenatura","og_url":"https:\/\/www.lifenatura.com\/es\/produto\/brocoli-bio-150-g-superalimentos-drasanvi\/","og_site_name":"Lifenatura","article_publisher":"https:\/\/www.facebook.com\/lifenatura","article_modified_time":"2024-06-13T07:21:41+00:00","og_image":[{"width":1000,"height":1000,"url":"https:\/\/www.lifenatura.com\/wp-content\/uploads\/2021\/09\/gd_brocolos_superalimentos_drasanvi.jpg","type":"image\/jpeg"}],"twitter_card":"summary_large_image","twitter_misc":{"Precio":"11,49&nbsp;&euro;","Disponibilidad":"Sin existencias"},"schema":{"@context":"https:\/\/schema.org","@graph":[{"@type":"WebPage","@id":"https:\/\/www.lifenatura.com\/es\/produto\/brocoli-bio-150-g-superalimentos-drasanvi\/","url":"https:\/\/www.lifenatura.com\/es\/produto\/brocoli-bio-150-g-superalimentos-drasanvi\/","name":"Br\u00f3coli Bio SuperAlimentos Drasanvi - Lifenatura","isPartOf":{"@id":"https:\/\/www.lifenatura.com\/es\/#website"},"primaryImageOfPage":{"@id":"https:\/\/www.lifenatura.com\/es\/produto\/brocoli-bio-150-g-superalimentos-drasanvi\/#primaryimage"},"image":{"@id":"https:\/\/www.lifenatura.com\/es\/produto\/brocoli-bio-150-g-superalimentos-drasanvi\/#primaryimage"},"thumbnailUrl":"https:\/\/www.lifenatura.com\/wp-content\/uploads\/2021\/09\/gd_brocolos_superalimentos_drasanvi.jpg","datePublished":"2021-09-30T09:49:02+00:00","dateModified":"2024-06-13T07:21:41+00:00","description":"El Br\u00f3coli Ecol\u00f3gico Drasanvi es la elecci\u00f3n perfecta para todo aquel que quiera a\u00f1adir un superalimento ecol\u00f3gico y nutritivo a su dieta.","breadcrumb":{"@id":"https:\/\/www.lifenatura.com\/es\/produto\/brocoli-bio-150-g-superalimentos-drasanvi\/#breadcrumb"},"inLanguage":"es","potentialAction":[{"@type":"ReadAction","target":["https:\/\/www.lifenatura.com\/es\/produto\/brocoli-bio-150-g-superalimentos-drasanvi\/"]}]},{"@type":"ImageObject","inLanguage":"es","@id":"https:\/\/www.lifenatura.com\/es\/produto\/brocoli-bio-150-g-superalimentos-drasanvi\/#primaryimage","url":"https:\/\/www.lifenatura.com\/wp-content\/uploads\/2021\/09\/gd_brocolos_superalimentos_drasanvi.jpg","contentUrl":"https:\/\/www.lifenatura.com\/wp-content\/uploads\/2021\/09\/gd_brocolos_superalimentos_drasanvi.jpg","width":1000,"height":1000,"caption":"Br\u00f3coli Bio 150 g - SuperAlimentos Drasanvi"},{"@type":"BreadcrumbList","@id":"https:\/\/www.lifenatura.com\/es\/produto\/brocoli-bio-150-g-superalimentos-drasanvi\/#breadcrumb","itemListElement":[{"@type":"ListItem","position":1,"name":"In\u00edcio","item":"https:\/\/www.lifenatura.com\/es\/"},{"@type":"ListItem","position":2,"name":"Todos los Productos","item":"https:\/\/www.lifenatura.com\/es\/tienda\/"},{"@type":"ListItem","position":3,"name":"Br\u00f3coli Bio 150 g &#8211; SuperAlimentos Drasanvi"}]},{"@type":"WebSite","@id":"https:\/\/www.lifenatura.com\/es\/#website","url":"https:\/\/www.lifenatura.com\/es\/","name":"Lifenatura","description":"A Lifenatura \u00e9 uma loja de produtos naturais, cosm\u00e9tica natural e alimenta\u00e7\u00e3o Biol\u00f3gica.","publisher":{"@id":"https:\/\/www.lifenatura.com\/es\/#organization"},"potentialAction":[{"@type":"SearchAction","target":{"@type":"EntryPoint","urlTemplate":"https:\/\/www.lifenatura.com\/es\/?s={search_term_string}"},"query-input":{"@type":"PropertyValueSpecification","valueRequired":true,"valueName":"search_term_string"}}],"inLanguage":"es"},{"@type":"Organization","@id":"https:\/\/www.lifenatura.com\/es\/#organization","name":"Lifenatura","url":"https:\/\/www.lifenatura.com\/es\/","logo":{"@type":"ImageObject","inLanguage":"es","@id":"https:\/\/www.lifenatura.com\/es\/#\/schema\/logo\/image\/","url":"https:\/\/www.lifenatura.com\/wp-content\/uploads\/2021\/07\/logo.png","contentUrl":"https:\/\/www.lifenatura.com\/wp-content\/uploads\/2021\/07\/logo.png","width":175,"height":55,"caption":"Lifenatura"},"image":{"@id":"https:\/\/www.lifenatura.com\/es\/#\/schema\/logo\/image\/"},"sameAs":["https:\/\/www.facebook.com\/lifenatura","https:\/\/www.instagram.com\/lifenaturapt\/"],"hasMerchantReturnPolicy":{"@type":"MerchantReturnPolicy","merchantReturnLink":"https:\/\/www.lifenatura.com\/termos-condicoes-lifenatura\/"}}]},"product_price_amount":"11.49","product_price_currency":"EUR","og_availability":"out of stock","product_availability":"out of stock","product_retailer_item_id":"8436044516221","product_condition":"new"},"df_price":11.49,"df_sale_price":"","df_regular_price":11.49,"df_image_link":"https:\/\/www.lifenatura.com\/wp-content\/uploads\/2021\/09\/gd_brocolos_superalimentos_drasanvi-300x300.jpg","_links":{"self":[{"href":"https:\/\/www.lifenatura.com\/es\/wp-json\/wp\/v2\/product\/37460","targetHints":{"allow":["GET"]}}],"collection":[{"href":"https:\/\/www.lifenatura.com\/es\/wp-json\/wp\/v2\/product"}],"about":[{"href":"https:\/\/www.lifenatura.com\/es\/wp-json\/wp\/v2\/types\/product"}],"wp:featuredmedia":[{"embeddable":true,"href":"https:\/\/www.lifenatura.com\/es\/wp-json\/wp\/v2\/media\/19066"}],"wp:attachment":[{"href":"https:\/\/www.lifenatura.com\/es\/wp-json\/wp\/v2\/media?parent=37460"}],"wp:term":[{"taxonomy":"product_brand","embeddable":true,"href":"https:\/\/www.lifenatura.com\/es\/wp-json\/wp\/v2\/product_brand?post=37460"},{"taxonomy":"product_cat","embeddable":true,"href":"https:\/\/www.lifenatura.com\/es\/wp-json\/wp\/v2\/product_cat?post=37460"},{"taxonomy":"product_tag","embeddable":true,"href":"https:\/\/www.lifenatura.com\/es\/wp-json\/wp\/v2\/product_tag?post=37460"}],"curies":[{"name":"wp","href":"https:\/\/api.w.org\/{rel}","templated":true}]}}